{"id":37097,"date":"2023-01-06T10:53:58","date_gmt":"2023-01-06T09:53:58","guid":{"rendered":"https:\/\/product-guide.org\/produkt\/cle-de-peau-beaute-intensifying-liquid-eyeliner-1\/"},"modified":"2023-01-06T10:54:19","modified_gmt":"2023-01-06T09:54:19","slug":"cle-de-peau-beaute-intensifying-liquid-eyeliner-1","status":"publish","type":"product","link":"https:\/\/product-guide.org\/en\/produkt\/cle-de-peau-beaute-intensifying-liquid-eyeliner-1\/","title":{"rendered":"Cl\u00e9 de Peau Beaut\u00e9 Intensifying Liquid Eyeliner &#8211; 1"},"content":{"rendered":"<p>Emboldening the eyes with definition, the Cl\u00e9 de Peau Beaut\u00e9 Intensifying Liquid Eyeliner offers an eye look for every occasion. The black liner is equipped with two unique tip applicators that adhere closely to the lash line, offering a bold or more subtle, everyday finish.  Enriched with hyaluronic acid to help resist drying and cracking, the smudge-proof formula sets quickly on the skin. The intensely saturated pigments delivering a daring colour pay-off that lasts throughout the day.  Dermatologist tested.<\/p>\n","protected":false},"excerpt":{"rendered":"<p>Emboldening the eyes with definition, the Cl\u00e9 de Peau Beaut\u00e9 Intensifying Liquid Eyeliner offers an eye look for every occasion. The black liner is equipped with two unique tip applicators that adhere closely to the lash line, offering a bold or more subtle, everyday finish. Enriched with hyaluronic acid to help resist drying and cracking, [&hellip;]<\/p>\n","protected":false},"featured_media":37098,"template":"","meta":{"_gspb_post_css":""},"store":[1088],"product_brand":[],"product_cat":[733],"product_tag":[],"class_list":{"0":"post-37097","1":"product","2":"type-product","3":"status-publish","4":"has-post-thumbnail","6":"store-cle-de-peau-beaute","7":"product_cat-cosmetics","8":"pa_merchant-lookfantastic-international","10":"first","11":"instock","12":"product-type-external"},"yoast_head":"<!-- This site is optimized with the Yoast SEO plugin v24.6 - https:\/\/yoast.com\/wordpress\/plugins\/seo\/ -->\n<title>Cl\u00e9 de Peau Beaut\u00e9 Intensifying Liquid Eyeliner - 1 | Product-Guide.org<\/title>\n<meta name=\"description\" content=\"Cl\u00e9 de Peau Beaut\u00e9 Intensifying Liquid Eyeliner - 1 gefunden von Product-Guide.org\" \/>\n<meta name=\"robots\" content=\"index, follow, max-snippet:-1, max-image-preview:large, max-video-preview:-1\" \/>\n<link rel=\"canonical\" href=\"https:\/\/product-guide.org\/en\/produkt\/cle-de-peau-beaute-intensifying-liquid-eyeliner-1\/\" \/>\n<meta property=\"og:locale\" content=\"en_GB\" \/>\n<meta property=\"og:type\" content=\"article\" \/>\n<meta property=\"og:title\" content=\"Cl\u00e9 de Peau Beaut\u00e9 Intensifying Liquid Eyeliner - 1 | Product-Guide.org\" \/>\n<meta property=\"og:description\" content=\"Cl\u00e9 de Peau Beaut\u00e9 Intensifying Liquid Eyeliner - 1 gefunden von Product-Guide.org\" \/>\n<meta property=\"og:url\" content=\"https:\/\/product-guide.org\/en\/produkt\/cle-de-peau-beaute-intensifying-liquid-eyeliner-1\/\" \/>\n<meta property=\"og:site_name\" content=\"Product-Guide.org\" \/>\n<meta property=\"article:modified_time\" content=\"2023-01-06T09:54:19+00:00\" \/>\n<meta property=\"og:image\" content=\"https:\/\/product-guide.org\/wp-content\/uploads\/2023\/01\/unnamed-file-4544.jpeg\" \/>\n\t<meta property=\"og:image:width\" content=\"200\" \/>\n\t<meta property=\"og:image:height\" content=\"200\" \/>\n\t<meta property=\"og:image:type\" content=\"image\/jpeg\" \/>\n<meta name=\"twitter:card\" content=\"summary_large_image\" \/>\n<script type=\"application\/ld+json\" class=\"yoast-schema-graph\">{\"@context\":\"https:\/\/schema.org\",\"@graph\":[{\"@type\":\"WebPage\",\"@id\":\"https:\/\/product-guide.org\/en\/produkt\/cle-de-peau-beaute-intensifying-liquid-eyeliner-1\/\",\"url\":\"https:\/\/product-guide.org\/en\/produkt\/cle-de-peau-beaute-intensifying-liquid-eyeliner-1\/\",\"name\":\"Cl\u00e9 de Peau Beaut\u00e9 Intensifying Liquid Eyeliner - 1 | Product-Guide.org\",\"isPartOf\":{\"@id\":\"https:\/\/product-guide.org\/#website\"},\"primaryImageOfPage\":{\"@id\":\"https:\/\/product-guide.org\/en\/produkt\/cle-de-peau-beaute-intensifying-liquid-eyeliner-1\/#primaryimage\"},\"image\":{\"@id\":\"https:\/\/product-guide.org\/en\/produkt\/cle-de-peau-beaute-intensifying-liquid-eyeliner-1\/#primaryimage\"},\"thumbnailUrl\":\"\",\"datePublished\":\"2023-01-06T09:53:58+00:00\",\"dateModified\":\"2023-01-06T09:54:19+00:00\",\"description\":\"Cl\u00e9 de Peau Beaut\u00e9 Intensifying Liquid Eyeliner - 1 gefunden von Product-Guide.org\",\"breadcrumb\":{\"@id\":\"https:\/\/product-guide.org\/en\/produkt\/cle-de-peau-beaute-intensifying-liquid-eyeliner-1\/#breadcrumb\"},\"inLanguage\":\"en-GB\",\"potentialAction\":[{\"@type\":\"ReadAction\",\"target\":[\"https:\/\/product-guide.org\/en\/produkt\/cle-de-peau-beaute-intensifying-liquid-eyeliner-1\/\"]}]},{\"@type\":\"ImageObject\",\"inLanguage\":\"en-GB\",\"@id\":\"https:\/\/product-guide.org\/en\/produkt\/cle-de-peau-beaute-intensifying-liquid-eyeliner-1\/#primaryimage\",\"url\":\"\",\"contentUrl\":\"\",\"width\":200,\"height\":200},{\"@type\":\"BreadcrumbList\",\"@id\":\"https:\/\/product-guide.org\/en\/produkt\/cle-de-peau-beaute-intensifying-liquid-eyeliner-1\/#breadcrumb\",\"itemListElement\":[{\"@type\":\"ListItem\",\"position\":1,\"name\":\"Home\",\"item\":\"https:\/\/product-guide.org\/\"},{\"@type\":\"ListItem\",\"position\":2,\"name\":\"Ergebnisse\",\"item\":\"https:\/\/product-guide.org\/de\/ergebnisse\/\"},{\"@type\":\"ListItem\",\"position\":3,\"name\":\"Cl\u00e9 de Peau Beaut\u00e9 Intensifying Liquid Eyeliner &#8211; 1\"}]},{\"@type\":\"WebSite\",\"@id\":\"https:\/\/product-guide.org\/#website\",\"url\":\"https:\/\/product-guide.org\/\",\"name\":\"Product-Guide.org\",\"description\":\"What Product are you looking for?\",\"publisher\":{\"@id\":\"https:\/\/product-guide.org\/#organization\"},\"potentialAction\":[{\"@type\":\"SearchAction\",\"target\":{\"@type\":\"EntryPoint\",\"urlTemplate\":\"https:\/\/product-guide.org\/?s={search_term_string}\"},\"query-input\":{\"@type\":\"PropertyValueSpecification\",\"valueRequired\":true,\"valueName\":\"search_term_string\"}}],\"inLanguage\":\"en-GB\"},{\"@type\":\"Organization\",\"@id\":\"https:\/\/product-guide.org\/#organization\",\"name\":\"Product-Guide.org\",\"url\":\"https:\/\/product-guide.org\/\",\"logo\":{\"@type\":\"ImageObject\",\"inLanguage\":\"en-GB\",\"@id\":\"https:\/\/product-guide.org\/#\/schema\/logo\/image\/\",\"url\":\"https:\/\/product-guide.org\/wp-content\/uploads\/2022\/07\/logo_transparent_background.png\",\"contentUrl\":\"https:\/\/product-guide.org\/wp-content\/uploads\/2022\/07\/logo_transparent_background.png\",\"width\":3400,\"height\":1132,\"caption\":\"Product-Guide.org\"},\"image\":{\"@id\":\"https:\/\/product-guide.org\/#\/schema\/logo\/image\/\"}}]}<\/script>\n<!-- \/ Yoast SEO plugin. -->","yoast_head_json":{"title":"Cl\u00e9 de Peau Beaut\u00e9 Intensifying Liquid Eyeliner - 1 | Product-Guide.org","description":"Cl\u00e9 de Peau Beaut\u00e9 Intensifying Liquid Eyeliner - 1 gefunden von Product-Guide.org","robots":{"index":"index","follow":"follow","max-snippet":"max-snippet:-1","max-image-preview":"max-image-preview:large","max-video-preview":"max-video-preview:-1"},"canonical":"https:\/\/product-guide.org\/en\/produkt\/cle-de-peau-beaute-intensifying-liquid-eyeliner-1\/","og_locale":"en_GB","og_type":"article","og_title":"Cl\u00e9 de Peau Beaut\u00e9 Intensifying Liquid Eyeliner - 1 | Product-Guide.org","og_description":"Cl\u00e9 de Peau Beaut\u00e9 Intensifying Liquid Eyeliner - 1 gefunden von Product-Guide.org","og_url":"https:\/\/product-guide.org\/en\/produkt\/cle-de-peau-beaute-intensifying-liquid-eyeliner-1\/","og_site_name":"Product-Guide.org","article_modified_time":"2023-01-06T09:54:19+00:00","og_image":[{"width":200,"height":200,"url":"https:\/\/product-guide.org\/wp-content\/uploads\/2023\/01\/unnamed-file-4544.jpeg","type":"image\/jpeg"}],"twitter_card":"summary_large_image","schema":{"@context":"https:\/\/schema.org","@graph":[{"@type":"WebPage","@id":"https:\/\/product-guide.org\/en\/produkt\/cle-de-peau-beaute-intensifying-liquid-eyeliner-1\/","url":"https:\/\/product-guide.org\/en\/produkt\/cle-de-peau-beaute-intensifying-liquid-eyeliner-1\/","name":"Cl\u00e9 de Peau Beaut\u00e9 Intensifying Liquid Eyeliner - 1 | Product-Guide.org","isPartOf":{"@id":"https:\/\/product-guide.org\/#website"},"primaryImageOfPage":{"@id":"https:\/\/product-guide.org\/en\/produkt\/cle-de-peau-beaute-intensifying-liquid-eyeliner-1\/#primaryimage"},"image":{"@id":"https:\/\/product-guide.org\/en\/produkt\/cle-de-peau-beaute-intensifying-liquid-eyeliner-1\/#primaryimage"},"thumbnailUrl":"","datePublished":"2023-01-06T09:53:58+00:00","dateModified":"2023-01-06T09:54:19+00:00","description":"Cl\u00e9 de Peau Beaut\u00e9 Intensifying Liquid Eyeliner - 1 gefunden von Product-Guide.org","breadcrumb":{"@id":"https:\/\/product-guide.org\/en\/produkt\/cle-de-peau-beaute-intensifying-liquid-eyeliner-1\/#breadcrumb"},"inLanguage":"en-GB","potentialAction":[{"@type":"ReadAction","target":["https:\/\/product-guide.org\/en\/produkt\/cle-de-peau-beaute-intensifying-liquid-eyeliner-1\/"]}]},{"@type":"ImageObject","inLanguage":"en-GB","@id":"https:\/\/product-guide.org\/en\/produkt\/cle-de-peau-beaute-intensifying-liquid-eyeliner-1\/#primaryimage","url":"","contentUrl":"","width":200,"height":200},{"@type":"BreadcrumbList","@id":"https:\/\/product-guide.org\/en\/produkt\/cle-de-peau-beaute-intensifying-liquid-eyeliner-1\/#breadcrumb","itemListElement":[{"@type":"ListItem","position":1,"name":"Home","item":"https:\/\/product-guide.org\/"},{"@type":"ListItem","position":2,"name":"Ergebnisse","item":"https:\/\/product-guide.org\/de\/ergebnisse\/"},{"@type":"ListItem","position":3,"name":"Cl\u00e9 de Peau Beaut\u00e9 Intensifying Liquid Eyeliner &#8211; 1"}]},{"@type":"WebSite","@id":"https:\/\/product-guide.org\/#website","url":"https:\/\/product-guide.org\/","name":"Product-Guide.org","description":"What Product are you looking for?","publisher":{"@id":"https:\/\/product-guide.org\/#organization"},"potentialAction":[{"@type":"SearchAction","target":{"@type":"EntryPoint","urlTemplate":"https:\/\/product-guide.org\/?s={search_term_string}"},"query-input":{"@type":"PropertyValueSpecification","valueRequired":true,"valueName":"search_term_string"}}],"inLanguage":"en-GB"},{"@type":"Organization","@id":"https:\/\/product-guide.org\/#organization","name":"Product-Guide.org","url":"https:\/\/product-guide.org\/","logo":{"@type":"ImageObject","inLanguage":"en-GB","@id":"https:\/\/product-guide.org\/#\/schema\/logo\/image\/","url":"https:\/\/product-guide.org\/wp-content\/uploads\/2022\/07\/logo_transparent_background.png","contentUrl":"https:\/\/product-guide.org\/wp-content\/uploads\/2022\/07\/logo_transparent_background.png","width":3400,"height":1132,"caption":"Product-Guide.org"},"image":{"@id":"https:\/\/product-guide.org\/#\/schema\/logo\/image\/"}}]}},"_links":{"self":[{"href":"https:\/\/product-guide.org\/en\/wp-json\/wp\/v2\/product\/37097","targetHints":{"allow":["GET"]}}],"collection":[{"href":"https:\/\/product-guide.org\/en\/wp-json\/wp\/v2\/product"}],"about":[{"href":"https:\/\/product-guide.org\/en\/wp-json\/wp\/v2\/types\/product"}],"wp:featuredmedia":[{"embeddable":true,"href":"https:\/\/product-guide.org\/en\/wp-json\/"}],"wp:attachment":[{"href":"https:\/\/product-guide.org\/en\/wp-json\/wp\/v2\/media?parent=37097"}],"wp:term":[{"taxonomy":"store","embeddable":true,"href":"https:\/\/product-guide.org\/en\/wp-json\/wp\/v2\/store?post=37097"},{"taxonomy":"product_brand","embeddable":true,"href":"https:\/\/product-guide.org\/en\/wp-json\/wp\/v2\/product_brand?post=37097"},{"taxonomy":"product_cat","embeddable":true,"href":"https:\/\/product-guide.org\/en\/wp-json\/wp\/v2\/product_cat?post=37097"},{"taxonomy":"product_tag","embeddable":true,"href":"https:\/\/product-guide.org\/en\/wp-json\/wp\/v2\/product_tag?post=37097"}],"curies":[{"name":"wp","href":"https:\/\/api.w.org\/{rel}","templated":true}]}}