{"id":44358,"date":"2025-03-17T09:33:34","date_gmt":"2025-03-17T08:33:34","guid":{"rendered":"https:\/\/product-guide.org\/produkt\/3d-weltkarte-metall-auf-die-wand-windrose-pimavo\/"},"modified":"2025-03-17T09:33:35","modified_gmt":"2025-03-17T08:33:35","slug":"3d-weltkarte-metall-auf-die-wand-windrose-pimavo","status":"publish","type":"product","link":"https:\/\/product-guide.org\/en\/produkt\/3d-weltkarte-metall-auf-die-wand-windrose-pimavo\/","title":{"rendered":"3D Weltkarte Metall auf die Wand Windrose | Pimavo"},"content":{"rendered":"<p>Die Weltkarte aus Metall auf die Wand 3d WINDROSE zum Markieren von Reisezielen Die Weltkarte WINDROSE ist ein modernes Designelement f\u00fcr anspruchsvolle Innenr\u00e4ume. Sie k\u00f6nnen Ihre Reisen und Pl\u00e4ne anbringen, l\u00f6schen und laufend kennzeichnen. Die Weltkarte eignet sich optimal als ein Geschenk f\u00fcr Ihre Eltern oder ein Geburtstagsgeschenk. Weltkarte aus Metall auf die Wand in einem modernen und minimalistischen Design in Gr\u00f6\u00dfe 120x80cm 20 Fotos im Format Mini-Polaroid (5x5cm) (oder ein Geschenkgutschein, wobei die beschenkte Person die Fotos selbst w\u00e4hlen kann) 20 Ferrit-Magnete zum Anbringen der Fotos auf die Weltkarte (Durchmesser: 10 mm, H\u00f6he: 5 mm) Schwarzer Pentel-Stift f\u00fcr Fotopapier \u2013 Beschreiben Sie die Fotos mit Ort und Datum D\u00fcbel mit Distanz, um die Landkarte einfach und effektvoll im Abstand von 2 cm von der Wand zu montieren. 3D Weltkarte Metall auf die Wand Windrose Landkarte aus Stahl als Dekoration f\u00fcr Ihre Wohnung Ihr Wohnraum bekommt einen einzigartigen, eleganten Charakter. Die Landkarte WINDROSE aus Metall ist eine moderne und elegante Komposition aus Stahl und Schwarz, die alle Reisefans und alle Anh\u00e4nger von stillvollen R\u00e4umen begeistern wird. Markieren Sie Ihre Erinnerungen Au\u00dfer Landkarte bekommen Sie 20 Fotos im Format 5 x 5 cm und 20 Magneten, mit denen Sie die besuchten Orte markieren k\u00f6nnen. Die Reiseroute ist stets aktuell, da Sie jederzeit zus\u00e4tzliche Fotos bestellen oder selbst ausdrucken k\u00f6nnen. Pentel-Stift zur Beschreibung von Fotos Jedes Foto hat unten einen wei\u00dfen Streifen von 1 cm f\u00fcr die Beschreibung. Im Set bekommen Sie auch einen Stift zur Beschreibung der Fotos, damit Ihre Landkarte einen pers\u00f6nlichen Charakter bekommt! Mapa R\u00d3\u017bA WIATR\u00d3W na \u015bcian\u0119 to znacznie wi\u0119cej ni\u017c ozdoba<\/p>\n","protected":false},"excerpt":{"rendered":"<p>Die Weltkarte aus Metall auf die Wand 3d WINDROSE zum Markieren von Reisezielen Die Weltkarte WINDROSE ist ein modernes Designelement f\u00fcr anspruchsvolle Innenr\u00e4ume. Sie k\u00f6nnen Ihre Reisen und Pl\u00e4ne anbringen, l\u00f6schen und laufend kennzeichnen. Die Weltkarte eignet sich optimal als ein Geschenk f\u00fcr Ihre Eltern oder ein Geburtstagsgeschenk. Weltkarte aus Metall auf die Wand in [&hellip;]<\/p>\n","protected":false},"featured_media":44357,"template":"","meta":{"_gspb_post_css":""},"store":[],"product_brand":[1292],"product_cat":[1290],"product_tag":[],"class_list":{"0":"post-44358","1":"product","2":"type-product","3":"status-publish","4":"has-post-thumbnail","6":"product_brand-pimavo","7":"product_cat-uncategorized","9":"first","10":"instock","11":"shipping-taxable","12":"purchasable","13":"product-type-simple"},"yoast_head":"<!-- This site is optimized with the Yoast SEO plugin v24.6 - https:\/\/yoast.com\/wordpress\/plugins\/seo\/ -->\n<title>3D Weltkarte Metall auf die Wand Windrose | Pimavo | Product-Guide.org<\/title>\n<meta name=\"description\" content=\"3D Weltkarte Metall auf die Wand Windrose | Pimavo gefunden von Product-Guide.org\" \/>\n<meta name=\"robots\" content=\"index, follow, max-snippet:-1, max-image-preview:large, max-video-preview:-1\" \/>\n<link rel=\"canonical\" href=\"https:\/\/product-guide.org\/en\/produkt\/3d-weltkarte-metall-auf-die-wand-windrose-pimavo\/\" \/>\n<meta property=\"og:locale\" content=\"en_GB\" \/>\n<meta property=\"og:type\" content=\"article\" \/>\n<meta property=\"og:title\" content=\"3D Weltkarte Metall auf die Wand Windrose | Pimavo | Product-Guide.org\" \/>\n<meta property=\"og:description\" content=\"3D Weltkarte Metall auf die Wand Windrose | Pimavo gefunden von Product-Guide.org\" \/>\n<meta property=\"og:url\" content=\"https:\/\/product-guide.org\/en\/produkt\/3d-weltkarte-metall-auf-die-wand-windrose-pimavo\/\" \/>\n<meta property=\"og:site_name\" content=\"Product-Guide.org\" \/>\n<meta property=\"article:modified_time\" content=\"2025-03-17T08:33:35+00:00\" \/>\n<meta name=\"twitter:card\" content=\"summary_large_image\" \/>\n<script type=\"application\/ld+json\" class=\"yoast-schema-graph\">{\"@context\":\"https:\/\/schema.org\",\"@graph\":[{\"@type\":\"WebPage\",\"@id\":\"https:\/\/product-guide.org\/produkt\/3d-weltkarte-metall-auf-die-wand-windrose-pimavo\/\",\"url\":\"https:\/\/product-guide.org\/produkt\/3d-weltkarte-metall-auf-die-wand-windrose-pimavo\/\",\"name\":\"3D Weltkarte Metall auf die Wand Windrose | Pimavo | Product-Guide.org\",\"isPartOf\":{\"@id\":\"https:\/\/product-guide.org\/#website\"},\"primaryImageOfPage\":{\"@id\":\"https:\/\/product-guide.org\/produkt\/3d-weltkarte-metall-auf-die-wand-windrose-pimavo\/#primaryimage\"},\"image\":{\"@id\":\"https:\/\/product-guide.org\/produkt\/3d-weltkarte-metall-auf-die-wand-windrose-pimavo\/#primaryimage\"},\"thumbnailUrl\":\"https:\/\/product-guide.org\/wp-content\/uploads\/2025\/03\/Weltkarte-Metall-3d-Windrose.jpg\",\"datePublished\":\"2025-03-17T08:33:34+00:00\",\"dateModified\":\"2025-03-17T08:33:35+00:00\",\"description\":\"3D Weltkarte Metall auf die Wand Windrose | Pimavo gefunden von Product-Guide.org\",\"breadcrumb\":{\"@id\":\"https:\/\/product-guide.org\/produkt\/3d-weltkarte-metall-auf-die-wand-windrose-pimavo\/#breadcrumb\"},\"inLanguage\":\"en-GB\",\"potentialAction\":[{\"@type\":\"ReadAction\",\"target\":[\"https:\/\/product-guide.org\/produkt\/3d-weltkarte-metall-auf-die-wand-windrose-pimavo\/\"]}]},{\"@type\":\"ImageObject\",\"inLanguage\":\"en-GB\",\"@id\":\"https:\/\/product-guide.org\/produkt\/3d-weltkarte-metall-auf-die-wand-windrose-pimavo\/#primaryimage\",\"url\":\"https:\/\/product-guide.org\/wp-content\/uploads\/2025\/03\/Weltkarte-Metall-3d-Windrose.jpg\",\"contentUrl\":\"https:\/\/product-guide.org\/wp-content\/uploads\/2025\/03\/Weltkarte-Metall-3d-Windrose.jpg\",\"width\":1080,\"height\":1080},{\"@type\":\"BreadcrumbList\",\"@id\":\"https:\/\/product-guide.org\/produkt\/3d-weltkarte-metall-auf-die-wand-windrose-pimavo\/#breadcrumb\",\"itemListElement\":[{\"@type\":\"ListItem\",\"position\":1,\"name\":\"Home\",\"item\":\"https:\/\/product-guide.org\/\"},{\"@type\":\"ListItem\",\"position\":2,\"name\":\"Ergebnisse\",\"item\":\"https:\/\/product-guide.org\/de\/ergebnisse\/\"},{\"@type\":\"ListItem\",\"position\":3,\"name\":\"3D Weltkarte Metall auf die Wand Windrose | Pimavo\"}]},{\"@type\":\"WebSite\",\"@id\":\"https:\/\/product-guide.org\/#website\",\"url\":\"https:\/\/product-guide.org\/\",\"name\":\"Product-Guide.org\",\"description\":\"What Product are you looking for?\",\"publisher\":{\"@id\":\"https:\/\/product-guide.org\/#organization\"},\"potentialAction\":[{\"@type\":\"SearchAction\",\"target\":{\"@type\":\"EntryPoint\",\"urlTemplate\":\"https:\/\/product-guide.org\/?s={search_term_string}\"},\"query-input\":{\"@type\":\"PropertyValueSpecification\",\"valueRequired\":true,\"valueName\":\"search_term_string\"}}],\"inLanguage\":\"en-GB\"},{\"@type\":\"Organization\",\"@id\":\"https:\/\/product-guide.org\/#organization\",\"name\":\"Product-Guide.org\",\"url\":\"https:\/\/product-guide.org\/\",\"logo\":{\"@type\":\"ImageObject\",\"inLanguage\":\"en-GB\",\"@id\":\"https:\/\/product-guide.org\/#\/schema\/logo\/image\/\",\"url\":\"https:\/\/product-guide.org\/wp-content\/uploads\/2022\/07\/logo_transparent_background.png\",\"contentUrl\":\"https:\/\/product-guide.org\/wp-content\/uploads\/2022\/07\/logo_transparent_background.png\",\"width\":3400,\"height\":1132,\"caption\":\"Product-Guide.org\"},\"image\":{\"@id\":\"https:\/\/product-guide.org\/#\/schema\/logo\/image\/\"}}]}<\/script>\n<!-- \/ Yoast SEO plugin. -->","yoast_head_json":{"title":"3D Weltkarte Metall auf die Wand Windrose | Pimavo | Product-Guide.org","description":"3D Weltkarte Metall auf die Wand Windrose | Pimavo gefunden von Product-Guide.org","robots":{"index":"index","follow":"follow","max-snippet":"max-snippet:-1","max-image-preview":"max-image-preview:large","max-video-preview":"max-video-preview:-1"},"canonical":"https:\/\/product-guide.org\/en\/produkt\/3d-weltkarte-metall-auf-die-wand-windrose-pimavo\/","og_locale":"en_GB","og_type":"article","og_title":"3D Weltkarte Metall auf die Wand Windrose | Pimavo | Product-Guide.org","og_description":"3D Weltkarte Metall auf die Wand Windrose | Pimavo gefunden von Product-Guide.org","og_url":"https:\/\/product-guide.org\/en\/produkt\/3d-weltkarte-metall-auf-die-wand-windrose-pimavo\/","og_site_name":"Product-Guide.org","article_modified_time":"2025-03-17T08:33:35+00:00","twitter_card":"summary_large_image","schema":{"@context":"https:\/\/schema.org","@graph":[{"@type":"WebPage","@id":"https:\/\/product-guide.org\/produkt\/3d-weltkarte-metall-auf-die-wand-windrose-pimavo\/","url":"https:\/\/product-guide.org\/produkt\/3d-weltkarte-metall-auf-die-wand-windrose-pimavo\/","name":"3D Weltkarte Metall auf die Wand Windrose | Pimavo | Product-Guide.org","isPartOf":{"@id":"https:\/\/product-guide.org\/#website"},"primaryImageOfPage":{"@id":"https:\/\/product-guide.org\/produkt\/3d-weltkarte-metall-auf-die-wand-windrose-pimavo\/#primaryimage"},"image":{"@id":"https:\/\/product-guide.org\/produkt\/3d-weltkarte-metall-auf-die-wand-windrose-pimavo\/#primaryimage"},"thumbnailUrl":"https:\/\/product-guide.org\/wp-content\/uploads\/2025\/03\/Weltkarte-Metall-3d-Windrose.jpg","datePublished":"2025-03-17T08:33:34+00:00","dateModified":"2025-03-17T08:33:35+00:00","description":"3D Weltkarte Metall auf die Wand Windrose | Pimavo gefunden von Product-Guide.org","breadcrumb":{"@id":"https:\/\/product-guide.org\/produkt\/3d-weltkarte-metall-auf-die-wand-windrose-pimavo\/#breadcrumb"},"inLanguage":"en-GB","potentialAction":[{"@type":"ReadAction","target":["https:\/\/product-guide.org\/produkt\/3d-weltkarte-metall-auf-die-wand-windrose-pimavo\/"]}]},{"@type":"ImageObject","inLanguage":"en-GB","@id":"https:\/\/product-guide.org\/produkt\/3d-weltkarte-metall-auf-die-wand-windrose-pimavo\/#primaryimage","url":"https:\/\/product-guide.org\/wp-content\/uploads\/2025\/03\/Weltkarte-Metall-3d-Windrose.jpg","contentUrl":"https:\/\/product-guide.org\/wp-content\/uploads\/2025\/03\/Weltkarte-Metall-3d-Windrose.jpg","width":1080,"height":1080},{"@type":"BreadcrumbList","@id":"https:\/\/product-guide.org\/produkt\/3d-weltkarte-metall-auf-die-wand-windrose-pimavo\/#breadcrumb","itemListElement":[{"@type":"ListItem","position":1,"name":"Home","item":"https:\/\/product-guide.org\/"},{"@type":"ListItem","position":2,"name":"Ergebnisse","item":"https:\/\/product-guide.org\/de\/ergebnisse\/"},{"@type":"ListItem","position":3,"name":"3D Weltkarte Metall auf die Wand Windrose | Pimavo"}]},{"@type":"WebSite","@id":"https:\/\/product-guide.org\/#website","url":"https:\/\/product-guide.org\/","name":"Product-Guide.org","description":"What Product are you looking for?","publisher":{"@id":"https:\/\/product-guide.org\/#organization"},"potentialAction":[{"@type":"SearchAction","target":{"@type":"EntryPoint","urlTemplate":"https:\/\/product-guide.org\/?s={search_term_string}"},"query-input":{"@type":"PropertyValueSpecification","valueRequired":true,"valueName":"search_term_string"}}],"inLanguage":"en-GB"},{"@type":"Organization","@id":"https:\/\/product-guide.org\/#organization","name":"Product-Guide.org","url":"https:\/\/product-guide.org\/","logo":{"@type":"ImageObject","inLanguage":"en-GB","@id":"https:\/\/product-guide.org\/#\/schema\/logo\/image\/","url":"https:\/\/product-guide.org\/wp-content\/uploads\/2022\/07\/logo_transparent_background.png","contentUrl":"https:\/\/product-guide.org\/wp-content\/uploads\/2022\/07\/logo_transparent_background.png","width":3400,"height":1132,"caption":"Product-Guide.org"},"image":{"@id":"https:\/\/product-guide.org\/#\/schema\/logo\/image\/"}}]}},"_links":{"self":[{"href":"https:\/\/product-guide.org\/en\/wp-json\/wp\/v2\/product\/44358","targetHints":{"allow":["GET"]}}],"collection":[{"href":"https:\/\/product-guide.org\/en\/wp-json\/wp\/v2\/product"}],"about":[{"href":"https:\/\/product-guide.org\/en\/wp-json\/wp\/v2\/types\/product"}],"wp:featuredmedia":[{"embeddable":true,"href":"https:\/\/product-guide.org\/en\/wp-json\/wp\/v2\/media\/44357"}],"wp:attachment":[{"href":"https:\/\/product-guide.org\/en\/wp-json\/wp\/v2\/media?parent=44358"}],"wp:term":[{"taxonomy":"store","embeddable":true,"href":"https:\/\/product-guide.org\/en\/wp-json\/wp\/v2\/store?post=44358"},{"taxonomy":"product_brand","embeddable":true,"href":"https:\/\/product-guide.org\/en\/wp-json\/wp\/v2\/product_brand?post=44358"},{"taxonomy":"product_cat","embeddable":true,"href":"https:\/\/product-guide.org\/en\/wp-json\/wp\/v2\/product_cat?post=44358"},{"taxonomy":"product_tag","embeddable":true,"href":"https:\/\/product-guide.org\/en\/wp-json\/wp\/v2\/product_tag?post=44358"}],"curies":[{"name":"wp","href":"https:\/\/api.w.org\/{rel}","templated":true}]}}