{"id":44360,"date":"2025-03-17T09:33:36","date_gmt":"2025-03-17T08:33:36","guid":{"rendered":"https:\/\/product-guide.org\/produkt\/europakarte-vintage-a1-pinnwand-kork-aluminiumrahmen-aluminiumrahmen-schwarz-pimavo\/"},"modified":"2025-03-17T09:33:36","modified_gmt":"2025-03-17T08:33:36","slug":"europakarte-vintage-a1-pinnwand-kork-aluminiumrahmen-aluminiumrahmen-schwarz-pimavo","status":"publish","type":"product","link":"https:\/\/product-guide.org\/en\/produkt\/europakarte-vintage-a1-pinnwand-kork-aluminiumrahmen-aluminiumrahmen-schwarz-pimavo\/","title":{"rendered":"Europakarte Vintage A1 Pinnwand Kork Aluminiumrahmen &#8211; Aluminiumrahmen Schwarz | Pimavo"},"content":{"rendered":"<p>Vintage Europakarte zum Markieren von Reisen Die Reisekarte Europa ist ein hochwertiger Druck mit Unterlage aus Naturkork und einem eleganten Rahmen aus Aluminium. Sie k\u00f6nnen Ihre Reisen und Pl\u00e4ne anbringen, l\u00f6schen und laufend kennzeichnen. Die Reiseroute eignet sich optimal f\u00fcr ein Hochzeitsgeschenk oder Geschenk zu einem anderen einmaligen Anlass! Reiseroute als Wanddekoration zum Markieren im Format 60x85cm mit Unterlage aus Naturkork Schwarzer oder wei\u00dfer Rahmen aus Aluminium 100 runde Markierungsnadeln in 5 Farben 20 Fotos im Format Mini-Polaroid 5x5cm (oder Gutschein zur kostenlosen Abholung durch die beschenkte Person zu einem sp\u00e4teren Zeitpunkt) Pentel-Stift zur Beschreibung der Fotos Pinnwand Europakarte auf Kork Markieren Sie die besuchten, geplanten und ertr\u00e4umten Reiseziele Die Legende zur Reiseroute durch Europa enth\u00e4lt 4 Kategorien und sie k\u00f6nnen mit den 100 Markierungsnadeln die bereits besuchten, ertr\u00e4umten und geplanten sowie eigene Reiseziele, je nach Ihren Interessen markieren (z.B. Hochzeitsreise, kulinarische Routen, Top-10 von Katharina usw.) Heften Sie Ihre Erinnerungen an Mit der Landkarte bekommen Sie auch 20 Fotos im Format 5\u00d75 cm, mit denen Sie die besuchten Orte markieren k\u00f6nnen. Die Landkarte Europas zum Markieren ist stets aktuell, weil Sie jederzeit zus\u00e4tzliche Fotos bestellen oder selbst drucken k\u00f6nnen. Pentel-Stift und Polaroidfotos Jedes Foto hat unten einen wei\u00dfen Streifen von 1 cm zur Beschreibung. Im Set finden Sie auch einen Gelschreiber zur Beschreibung von Fotos, um die Landkarte noch pers\u00f6nlicher gestalten zu k\u00f6nnen! Pr\u00fcfen Sie, was die anderen \u00fcber die Landkarte von Europa zum Markieren von Reisen meinen! &#8220;Die Landkarte ist solide und die beigef\u00fcgten Fotos haben sehr gute Qualit\u00e4t. Alles sieht \u00e4sthetisch aus und nach dem Auspacken ist man sofort begeistert. Ich glaube, dass die Landkarte bei uns lange Jahre h\u00e4ngen und viele Erinnerungen an Reisen enthalten wird. Und die Anheftung der Fotos an bestimmte Orte war richtig geil! Und die \u201eIndividualisierung\u201d unserer Landkarte machte sehr viele Erinnerungen wieder so aktuell&#8230; Man muss sich echt M\u00fche geben, um sich daran zu erinnern, wo und wann ein Foto gemacht wurde!\u201c Karina und Sebastian &#8220;Wir sind sehr zufrieden mit der Weltkarte, die sehr sorgf\u00e4ltig ausgef\u00fchrt ist. Die Idee mit kleinen Fotos, die beschrieben werden k\u00f6nnen, ist echt klasse. Diese Weltkarte ist ganz pers\u00f6nlich und einzigartig, sie ist einfach von mir Im Rahmen aus Aluminium sieht stillvoll aus und passt sowohl zu modernen, als auch klassischen R\u00e4umen. Nach weiteren Reisen kann man zus\u00e4tzliche Fotos kaufen und sie bleibt immer aktuell. Die Landkarte im Rahmen eignet sich optimal f\u00fcr das Arbeitszimmer oder das Schlafzimmer, als auch als Geschenk f\u00fcr die Liebsten.\u201c Ann &#8220;Auf dem Markt gibt es in der letzten Zeit viele Geschenkideen mit Landkarten aller Art f\u00fcr die Reiseliebhaber. Wir haben etwa drei Landkarten zum Rubbeln, ein Fotoalbum mit Erdglobus-Motiv und verschiedene Atlanten. Keins dieser Geschenke hat uns so viel Spa\u00df bereitet, wie die pers\u00f6nliche Reiseroute von pimavo.de Eine pers\u00f6nliche Landkarte ist ein tolles Geschenk f\u00fcr jeden Reiseliebhaber. Der Zauber der Landkarte liegt an ihrer Gr\u00f6\u00dfe (Format A1) und Reisebildern, die als Polaroid-Fotos gedruckt werden. Dazu haben wir einen Gelschreiber bekommen und verschmierte Buchstaben sind f\u00fcr uns kein Problem mehr\u201c. &#8220;Auf der Reiseroute von Pimavo werden die besuchten Orte nicht gerubbelt, sondern unsere Reisefotos werden angeheftet. Im Set erh\u00e4lt man eine Landkarte (von Europa oder Welt), Fotos, Markierungsnadeln und ein Stift zur Beschreibung von Fotos. Wir haben bereits so eine Landkarte und wir k\u00f6nnen sie ruhig weiterempfehlen!\u201c &#8220;Erster Eindruck? Wow, wie gro\u00df!\u201d Aber letztendlich muss man diese 20 Fotos irgendwie anbringen. Die Landkarte von Europa hat eine Unterlage aus Naturkork uns ist im Format A1 (59,6 x 84,1 cm). Sie hat einen Aluminiurahmen in Schwarz oder Wei\u00df und kann sofort aufgeh\u00e4ngt werden. Wir haben uns f\u00fcr die schwarze Variante entschieden und der Rahmen harmonisiert perfekt mit den warmen Farbt\u00f6nen der Landkarte. Neben den europ\u00e4ischen L\u00e4ndern haben wir auch ein Fragment von Afrika (Marokko, Algerien, Tunesien, Libyen und \u00c4gypten) und vom Nahen Osten (T\u00fcrkei, Jordanien, Israel, Libanon, Irak, Syrien). Es gibt auch ein Fragment von Georgien, Armenien, Gr\u00f6nland, Kanarische Insel, Azoren und Madeira)\u201c. Carolina<\/p>\n","protected":false},"excerpt":{"rendered":"<p>Vintage Europakarte zum Markieren von Reisen Die Reisekarte Europa ist ein hochwertiger Druck mit Unterlage aus Naturkork und einem eleganten Rahmen aus Aluminium. Sie k\u00f6nnen Ihre Reisen und Pl\u00e4ne anbringen, l\u00f6schen und laufend kennzeichnen. Die Reiseroute eignet sich optimal f\u00fcr ein Hochzeitsgeschenk oder Geschenk zu einem anderen einmaligen Anlass! Reiseroute als Wanddekoration zum Markieren im [&hellip;]<\/p>\n","protected":false},"featured_media":44359,"template":"","meta":{"_gspb_post_css":""},"store":[],"product_brand":[1292],"product_cat":[1290],"product_tag":[],"class_list":{"0":"post-44360","1":"product","2":"type-product","3":"status-publish","4":"has-post-thumbnail","6":"product_brand-pimavo","7":"product_cat-uncategorized","9":"first","10":"instock","11":"shipping-taxable","12":"purchasable","13":"product-type-simple"},"yoast_head":"<!-- This site is optimized with the Yoast SEO plugin v24.6 - https:\/\/yoast.com\/wordpress\/plugins\/seo\/ -->\n<title>Europakarte Vintage A1 Pinnwand Kork Aluminiumrahmen - Aluminiumrahmen Schwarz | Pimavo | Product-Guide.org<\/title>\n<meta name=\"description\" content=\"Europakarte Vintage A1 Pinnwand Kork Aluminiumrahmen - Aluminiumrahmen Schwarz | Pimavo gefunden von Product-Guide.org\" \/>\n<meta name=\"robots\" content=\"index, follow, max-snippet:-1, max-image-preview:large, max-video-preview:-1\" \/>\n<link rel=\"canonical\" href=\"https:\/\/product-guide.org\/en\/produkt\/europakarte-vintage-a1-pinnwand-kork-aluminiumrahmen-aluminiumrahmen-schwarz-pimavo\/\" \/>\n<meta property=\"og:locale\" content=\"en_GB\" \/>\n<meta property=\"og:type\" content=\"article\" \/>\n<meta property=\"og:title\" content=\"Europakarte Vintage A1 Pinnwand Kork Aluminiumrahmen - Aluminiumrahmen Schwarz | Pimavo | Product-Guide.org\" \/>\n<meta property=\"og:description\" content=\"Europakarte Vintage A1 Pinnwand Kork Aluminiumrahmen - Aluminiumrahmen Schwarz | Pimavo gefunden von Product-Guide.org\" \/>\n<meta property=\"og:url\" content=\"https:\/\/product-guide.org\/en\/produkt\/europakarte-vintage-a1-pinnwand-kork-aluminiumrahmen-aluminiumrahmen-schwarz-pimavo\/\" \/>\n<meta property=\"og:site_name\" content=\"Product-Guide.org\" \/>\n<meta name=\"twitter:card\" content=\"summary_large_image\" \/>\n<script type=\"application\/ld+json\" class=\"yoast-schema-graph\">{\"@context\":\"https:\/\/schema.org\",\"@graph\":[{\"@type\":\"WebPage\",\"@id\":\"https:\/\/product-guide.org\/produkt\/europakarte-vintage-a1-pinnwand-kork-aluminiumrahmen-aluminiumrahmen-schwarz-pimavo\/\",\"url\":\"https:\/\/product-guide.org\/produkt\/europakarte-vintage-a1-pinnwand-kork-aluminiumrahmen-aluminiumrahmen-schwarz-pimavo\/\",\"name\":\"Europakarte Vintage A1 Pinnwand Kork Aluminiumrahmen - Aluminiumrahmen Schwarz | Pimavo | Product-Guide.org\",\"isPartOf\":{\"@id\":\"https:\/\/product-guide.org\/#website\"},\"primaryImageOfPage\":{\"@id\":\"https:\/\/product-guide.org\/produkt\/europakarte-vintage-a1-pinnwand-kork-aluminiumrahmen-aluminiumrahmen-schwarz-pimavo\/#primaryimage\"},\"image\":{\"@id\":\"https:\/\/product-guide.org\/produkt\/europakarte-vintage-a1-pinnwand-kork-aluminiumrahmen-aluminiumrahmen-schwarz-pimavo\/#primaryimage\"},\"thumbnailUrl\":\"https:\/\/product-guide.org\/wp-content\/uploads\/2025\/03\/Vintage-Europakarte-A1-Pinnwand-Kork-Aluminiumrahmen-Schwarz.jpg\",\"datePublished\":\"2025-03-17T08:33:36+00:00\",\"description\":\"Europakarte Vintage A1 Pinnwand Kork Aluminiumrahmen - Aluminiumrahmen Schwarz | Pimavo gefunden von Product-Guide.org\",\"breadcrumb\":{\"@id\":\"https:\/\/product-guide.org\/produkt\/europakarte-vintage-a1-pinnwand-kork-aluminiumrahmen-aluminiumrahmen-schwarz-pimavo\/#breadcrumb\"},\"inLanguage\":\"en-GB\",\"potentialAction\":[{\"@type\":\"ReadAction\",\"target\":[\"https:\/\/product-guide.org\/produkt\/europakarte-vintage-a1-pinnwand-kork-aluminiumrahmen-aluminiumrahmen-schwarz-pimavo\/\"]}]},{\"@type\":\"ImageObject\",\"inLanguage\":\"en-GB\",\"@id\":\"https:\/\/product-guide.org\/produkt\/europakarte-vintage-a1-pinnwand-kork-aluminiumrahmen-aluminiumrahmen-schwarz-pimavo\/#primaryimage\",\"url\":\"https:\/\/product-guide.org\/wp-content\/uploads\/2025\/03\/Vintage-Europakarte-A1-Pinnwand-Kork-Aluminiumrahmen-Schwarz.jpg\",\"contentUrl\":\"https:\/\/product-guide.org\/wp-content\/uploads\/2025\/03\/Vintage-Europakarte-A1-Pinnwand-Kork-Aluminiumrahmen-Schwarz.jpg\",\"width\":1080,\"height\":1080},{\"@type\":\"BreadcrumbList\",\"@id\":\"https:\/\/product-guide.org\/produkt\/europakarte-vintage-a1-pinnwand-kork-aluminiumrahmen-aluminiumrahmen-schwarz-pimavo\/#breadcrumb\",\"itemListElement\":[{\"@type\":\"ListItem\",\"position\":1,\"name\":\"Home\",\"item\":\"https:\/\/product-guide.org\/\"},{\"@type\":\"ListItem\",\"position\":2,\"name\":\"Ergebnisse\",\"item\":\"https:\/\/product-guide.org\/de\/ergebnisse\/\"},{\"@type\":\"ListItem\",\"position\":3,\"name\":\"Europakarte Vintage A1 Pinnwand Kork Aluminiumrahmen &#8211; Aluminiumrahmen Schwarz | Pimavo\"}]},{\"@type\":\"WebSite\",\"@id\":\"https:\/\/product-guide.org\/#website\",\"url\":\"https:\/\/product-guide.org\/\",\"name\":\"Product-Guide.org\",\"description\":\"What Product are you looking for?\",\"publisher\":{\"@id\":\"https:\/\/product-guide.org\/#organization\"},\"potentialAction\":[{\"@type\":\"SearchAction\",\"target\":{\"@type\":\"EntryPoint\",\"urlTemplate\":\"https:\/\/product-guide.org\/?s={search_term_string}\"},\"query-input\":{\"@type\":\"PropertyValueSpecification\",\"valueRequired\":true,\"valueName\":\"search_term_string\"}}],\"inLanguage\":\"en-GB\"},{\"@type\":\"Organization\",\"@id\":\"https:\/\/product-guide.org\/#organization\",\"name\":\"Product-Guide.org\",\"url\":\"https:\/\/product-guide.org\/\",\"logo\":{\"@type\":\"ImageObject\",\"inLanguage\":\"en-GB\",\"@id\":\"https:\/\/product-guide.org\/#\/schema\/logo\/image\/\",\"url\":\"https:\/\/product-guide.org\/wp-content\/uploads\/2022\/07\/logo_transparent_background.png\",\"contentUrl\":\"https:\/\/product-guide.org\/wp-content\/uploads\/2022\/07\/logo_transparent_background.png\",\"width\":3400,\"height\":1132,\"caption\":\"Product-Guide.org\"},\"image\":{\"@id\":\"https:\/\/product-guide.org\/#\/schema\/logo\/image\/\"}}]}<\/script>\n<!-- \/ Yoast SEO plugin. -->","yoast_head_json":{"title":"Europakarte Vintage A1 Pinnwand Kork Aluminiumrahmen - Aluminiumrahmen Schwarz | Pimavo | Product-Guide.org","description":"Europakarte Vintage A1 Pinnwand Kork Aluminiumrahmen - Aluminiumrahmen Schwarz | Pimavo gefunden von Product-Guide.org","robots":{"index":"index","follow":"follow","max-snippet":"max-snippet:-1","max-image-preview":"max-image-preview:large","max-video-preview":"max-video-preview:-1"},"canonical":"https:\/\/product-guide.org\/en\/produkt\/europakarte-vintage-a1-pinnwand-kork-aluminiumrahmen-aluminiumrahmen-schwarz-pimavo\/","og_locale":"en_GB","og_type":"article","og_title":"Europakarte Vintage A1 Pinnwand Kork Aluminiumrahmen - Aluminiumrahmen Schwarz | Pimavo | Product-Guide.org","og_description":"Europakarte Vintage A1 Pinnwand Kork Aluminiumrahmen - Aluminiumrahmen Schwarz | Pimavo gefunden von Product-Guide.org","og_url":"https:\/\/product-guide.org\/en\/produkt\/europakarte-vintage-a1-pinnwand-kork-aluminiumrahmen-aluminiumrahmen-schwarz-pimavo\/","og_site_name":"Product-Guide.org","twitter_card":"summary_large_image","schema":{"@context":"https:\/\/schema.org","@graph":[{"@type":"WebPage","@id":"https:\/\/product-guide.org\/produkt\/europakarte-vintage-a1-pinnwand-kork-aluminiumrahmen-aluminiumrahmen-schwarz-pimavo\/","url":"https:\/\/product-guide.org\/produkt\/europakarte-vintage-a1-pinnwand-kork-aluminiumrahmen-aluminiumrahmen-schwarz-pimavo\/","name":"Europakarte Vintage A1 Pinnwand Kork Aluminiumrahmen - Aluminiumrahmen Schwarz | Pimavo | Product-Guide.org","isPartOf":{"@id":"https:\/\/product-guide.org\/#website"},"primaryImageOfPage":{"@id":"https:\/\/product-guide.org\/produkt\/europakarte-vintage-a1-pinnwand-kork-aluminiumrahmen-aluminiumrahmen-schwarz-pimavo\/#primaryimage"},"image":{"@id":"https:\/\/product-guide.org\/produkt\/europakarte-vintage-a1-pinnwand-kork-aluminiumrahmen-aluminiumrahmen-schwarz-pimavo\/#primaryimage"},"thumbnailUrl":"https:\/\/product-guide.org\/wp-content\/uploads\/2025\/03\/Vintage-Europakarte-A1-Pinnwand-Kork-Aluminiumrahmen-Schwarz.jpg","datePublished":"2025-03-17T08:33:36+00:00","description":"Europakarte Vintage A1 Pinnwand Kork Aluminiumrahmen - Aluminiumrahmen Schwarz | Pimavo gefunden von Product-Guide.org","breadcrumb":{"@id":"https:\/\/product-guide.org\/produkt\/europakarte-vintage-a1-pinnwand-kork-aluminiumrahmen-aluminiumrahmen-schwarz-pimavo\/#breadcrumb"},"inLanguage":"en-GB","potentialAction":[{"@type":"ReadAction","target":["https:\/\/product-guide.org\/produkt\/europakarte-vintage-a1-pinnwand-kork-aluminiumrahmen-aluminiumrahmen-schwarz-pimavo\/"]}]},{"@type":"ImageObject","inLanguage":"en-GB","@id":"https:\/\/product-guide.org\/produkt\/europakarte-vintage-a1-pinnwand-kork-aluminiumrahmen-aluminiumrahmen-schwarz-pimavo\/#primaryimage","url":"https:\/\/product-guide.org\/wp-content\/uploads\/2025\/03\/Vintage-Europakarte-A1-Pinnwand-Kork-Aluminiumrahmen-Schwarz.jpg","contentUrl":"https:\/\/product-guide.org\/wp-content\/uploads\/2025\/03\/Vintage-Europakarte-A1-Pinnwand-Kork-Aluminiumrahmen-Schwarz.jpg","width":1080,"height":1080},{"@type":"BreadcrumbList","@id":"https:\/\/product-guide.org\/produkt\/europakarte-vintage-a1-pinnwand-kork-aluminiumrahmen-aluminiumrahmen-schwarz-pimavo\/#breadcrumb","itemListElement":[{"@type":"ListItem","position":1,"name":"Home","item":"https:\/\/product-guide.org\/"},{"@type":"ListItem","position":2,"name":"Ergebnisse","item":"https:\/\/product-guide.org\/de\/ergebnisse\/"},{"@type":"ListItem","position":3,"name":"Europakarte Vintage A1 Pinnwand Kork Aluminiumrahmen &#8211; Aluminiumrahmen Schwarz | Pimavo"}]},{"@type":"WebSite","@id":"https:\/\/product-guide.org\/#website","url":"https:\/\/product-guide.org\/","name":"Product-Guide.org","description":"What Product are you looking for?","publisher":{"@id":"https:\/\/product-guide.org\/#organization"},"potentialAction":[{"@type":"SearchAction","target":{"@type":"EntryPoint","urlTemplate":"https:\/\/product-guide.org\/?s={search_term_string}"},"query-input":{"@type":"PropertyValueSpecification","valueRequired":true,"valueName":"search_term_string"}}],"inLanguage":"en-GB"},{"@type":"Organization","@id":"https:\/\/product-guide.org\/#organization","name":"Product-Guide.org","url":"https:\/\/product-guide.org\/","logo":{"@type":"ImageObject","inLanguage":"en-GB","@id":"https:\/\/product-guide.org\/#\/schema\/logo\/image\/","url":"https:\/\/product-guide.org\/wp-content\/uploads\/2022\/07\/logo_transparent_background.png","contentUrl":"https:\/\/product-guide.org\/wp-content\/uploads\/2022\/07\/logo_transparent_background.png","width":3400,"height":1132,"caption":"Product-Guide.org"},"image":{"@id":"https:\/\/product-guide.org\/#\/schema\/logo\/image\/"}}]}},"_links":{"self":[{"href":"https:\/\/product-guide.org\/en\/wp-json\/wp\/v2\/product\/44360","targetHints":{"allow":["GET"]}}],"collection":[{"href":"https:\/\/product-guide.org\/en\/wp-json\/wp\/v2\/product"}],"about":[{"href":"https:\/\/product-guide.org\/en\/wp-json\/wp\/v2\/types\/product"}],"wp:featuredmedia":[{"embeddable":true,"href":"https:\/\/product-guide.org\/en\/wp-json\/wp\/v2\/media\/44359"}],"wp:attachment":[{"href":"https:\/\/product-guide.org\/en\/wp-json\/wp\/v2\/media?parent=44360"}],"wp:term":[{"taxonomy":"store","embeddable":true,"href":"https:\/\/product-guide.org\/en\/wp-json\/wp\/v2\/store?post=44360"},{"taxonomy":"product_brand","embeddable":true,"href":"https:\/\/product-guide.org\/en\/wp-json\/wp\/v2\/product_brand?post=44360"},{"taxonomy":"product_cat","embeddable":true,"href":"https:\/\/product-guide.org\/en\/wp-json\/wp\/v2\/product_cat?post=44360"},{"taxonomy":"product_tag","embeddable":true,"href":"https:\/\/product-guide.org\/en\/wp-json\/wp\/v2\/product_tag?post=44360"}],"curies":[{"name":"wp","href":"https:\/\/api.w.org\/{rel}","templated":true}]}}