{"id":44364,"date":"2025-03-17T09:33:38","date_gmt":"2025-03-17T08:33:38","guid":{"rendered":"https:\/\/product-guide.org\/produkt\/familienstammbaum-mit-fotos-pinnwand-kork-pimavo\/"},"modified":"2025-03-17T09:33:38","modified_gmt":"2025-03-17T08:33:38","slug":"familienstammbaum-mit-fotos-pinnwand-kork-pimavo","status":"publish","type":"product","link":"https:\/\/product-guide.org\/en\/produkt\/familienstammbaum-mit-fotos-pinnwand-kork-pimavo\/","title":{"rendered":"Familienstammbaum mit Fotos Pinnwand Kork &#8211; | Pimavo"},"content":{"rendered":"<p>Stammbaum Familie mit Fotos Die Familie ist extrem wichtig. Jede Familie unterliegt Ver\u00e4nderungen, es kommen neue Familienmitglieder zur Welt. Unser Stammbaum mit Fotos als Geschenk erm\u00f6glicht Ihnen, nicht nur Ihre Familie einmalig widerzuspiegeln, sondern auch sie durch Hinzuf\u00fcgen neuer Familienmitglieder flexibler zu modifizieren. Der Stammbaum eignet sich ideal als Geburtstagsgeschenk f\u00fcr Ihre Eltern oder Gro\u00dfeltern. Designerbild mit Stammbaum im Format A1 (59,6 x 84,1 cm) auf einer Unterlage aus Naturkork Schwarzer oder wei\u00dfer Aluminiumrahmen 100 runde Markierungsnadeln zum Markieren der Generationen in Ihrer Familie. Um die Familiengenerationen einfach markieren zu k\u00f6nnen, werden am h\u00e4ufigsten 4 Generationen genutzt: Gro\u00dfeltern, Eltern, Kinder, Enkelkinder 20 Portr\u00e4tfotos der Familienmitglieder im Format Mini-Polaroid 4,5\u00d76,5cm mit einer individuellen Beschreibung: Vorname, Name und Geburtsdatum (wenn Sie noch nicht alle Fotos abgeholt haben, bieten wir einen Gutschein zur kostenlosen Abholung der Fotos zu einem sp\u00e4teren Zeitpunkt an) Familienstammbaum F\u00fcgen Sie weitere Familienmitglieder bequem hinzu! Der Familienstammbaum ist wie jeder andere Baum \u2013 er lebt und ver\u00e4ndert sich jeden Tag. Auf unserem Stammbaum k\u00f6nnen Sie bis 6 Generationen markieren. Die Fotos werden mit Markierungsnadeln in 5 Farben angeheftet und das Hinzuf\u00fcgen neuer Familienmitglieder macht echt viel Spa\u00df. Vornamen, Namen und Geburtsdatum hinzuf\u00fcgen Jedes der 20 Fotos kann mit einem Vornamen, Namen und dem Geburtsdatum versehen werden \u2013 wir drucken diese Daten unter dem Foto. Wenn Ihre Familie gr\u00f6\u00dfer wird oder Sie die Fotos aktualisieren wollen, k\u00f6nnen Sie jederzeit zus\u00e4tzliche Fotos der Familienmitglieder bestellen. Schenken Sie den Stammbaum jetzt und die Fotos holen Sie sp\u00e4ter ab Wenn Sie Ihren Liebsten den Familienstammbaum schenken m\u00f6chten, aber noch nicht alle Fotos haben, warten Sie nicht. Dem Stammbaum wird ein Gutschein zum kostenlosen Ausdruck und Lieferung von 20 Familienfotos zu einem sp\u00e4teren Zeitpunkt beigef\u00fcgt.<\/p>\n","protected":false},"excerpt":{"rendered":"<p>Stammbaum Familie mit Fotos Die Familie ist extrem wichtig. Jede Familie unterliegt Ver\u00e4nderungen, es kommen neue Familienmitglieder zur Welt. Unser Stammbaum mit Fotos als Geschenk erm\u00f6glicht Ihnen, nicht nur Ihre Familie einmalig widerzuspiegeln, sondern auch sie durch Hinzuf\u00fcgen neuer Familienmitglieder flexibler zu modifizieren. Der Stammbaum eignet sich ideal als Geburtstagsgeschenk f\u00fcr Ihre Eltern oder Gro\u00dfeltern. [&hellip;]<\/p>\n","protected":false},"featured_media":44363,"template":"","meta":{"_gspb_post_css":""},"store":[],"product_brand":[1292],"product_cat":[1290],"product_tag":[],"class_list":{"0":"post-44364","1":"product","2":"type-product","3":"status-publish","4":"has-post-thumbnail","6":"product_brand-pimavo","7":"product_cat-uncategorized","9":"first","10":"instock","11":"shipping-taxable","12":"purchasable","13":"product-type-simple"},"yoast_head":"<!-- This site is optimized with the Yoast SEO plugin v24.6 - https:\/\/yoast.com\/wordpress\/plugins\/seo\/ -->\n<title>Familienstammbaum mit Fotos Pinnwand Kork - | Pimavo | Product-Guide.org<\/title>\n<meta name=\"description\" content=\"Familienstammbaum mit Fotos Pinnwand Kork - | Pimavo gefunden von Product-Guide.org\" \/>\n<meta name=\"robots\" content=\"index, follow, max-snippet:-1, max-image-preview:large, max-video-preview:-1\" \/>\n<link rel=\"canonical\" href=\"https:\/\/product-guide.org\/en\/produkt\/familienstammbaum-mit-fotos-pinnwand-kork-pimavo\/\" \/>\n<meta property=\"og:locale\" content=\"en_GB\" \/>\n<meta property=\"og:type\" content=\"article\" \/>\n<meta property=\"og:title\" content=\"Familienstammbaum mit Fotos Pinnwand Kork - | Pimavo | Product-Guide.org\" \/>\n<meta property=\"og:description\" content=\"Familienstammbaum mit Fotos Pinnwand Kork - | Pimavo gefunden von Product-Guide.org\" \/>\n<meta property=\"og:url\" content=\"https:\/\/product-guide.org\/en\/produkt\/familienstammbaum-mit-fotos-pinnwand-kork-pimavo\/\" \/>\n<meta property=\"og:site_name\" content=\"Product-Guide.org\" \/>\n<meta name=\"twitter:card\" content=\"summary_large_image\" \/>\n<script type=\"application\/ld+json\" class=\"yoast-schema-graph\">{\"@context\":\"https:\/\/schema.org\",\"@graph\":[{\"@type\":\"WebPage\",\"@id\":\"https:\/\/product-guide.org\/produkt\/familienstammbaum-mit-fotos-pinnwand-kork-pimavo\/\",\"url\":\"https:\/\/product-guide.org\/produkt\/familienstammbaum-mit-fotos-pinnwand-kork-pimavo\/\",\"name\":\"Familienstammbaum mit Fotos Pinnwand Kork - | Pimavo | Product-Guide.org\",\"isPartOf\":{\"@id\":\"https:\/\/product-guide.org\/#website\"},\"primaryImageOfPage\":{\"@id\":\"https:\/\/product-guide.org\/produkt\/familienstammbaum-mit-fotos-pinnwand-kork-pimavo\/#primaryimage\"},\"image\":{\"@id\":\"https:\/\/product-guide.org\/produkt\/familienstammbaum-mit-fotos-pinnwand-kork-pimavo\/#primaryimage\"},\"thumbnailUrl\":\"https:\/\/product-guide.org\/wp-content\/uploads\/2025\/03\/drzewo-genealogiczne-ze-zdjeciami-prezent-mozaikowo.jpg\",\"datePublished\":\"2025-03-17T08:33:38+00:00\",\"description\":\"Familienstammbaum mit Fotos Pinnwand Kork - | Pimavo gefunden von Product-Guide.org\",\"breadcrumb\":{\"@id\":\"https:\/\/product-guide.org\/produkt\/familienstammbaum-mit-fotos-pinnwand-kork-pimavo\/#breadcrumb\"},\"inLanguage\":\"en-GB\",\"potentialAction\":[{\"@type\":\"ReadAction\",\"target\":[\"https:\/\/product-guide.org\/produkt\/familienstammbaum-mit-fotos-pinnwand-kork-pimavo\/\"]}]},{\"@type\":\"ImageObject\",\"inLanguage\":\"en-GB\",\"@id\":\"https:\/\/product-guide.org\/produkt\/familienstammbaum-mit-fotos-pinnwand-kork-pimavo\/#primaryimage\",\"url\":\"https:\/\/product-guide.org\/wp-content\/uploads\/2025\/03\/drzewo-genealogiczne-ze-zdjeciami-prezent-mozaikowo.jpg\",\"contentUrl\":\"https:\/\/product-guide.org\/wp-content\/uploads\/2025\/03\/drzewo-genealogiczne-ze-zdjeciami-prezent-mozaikowo.jpg\",\"width\":1024,\"height\":1024},{\"@type\":\"BreadcrumbList\",\"@id\":\"https:\/\/product-guide.org\/produkt\/familienstammbaum-mit-fotos-pinnwand-kork-pimavo\/#breadcrumb\",\"itemListElement\":[{\"@type\":\"ListItem\",\"position\":1,\"name\":\"Home\",\"item\":\"https:\/\/product-guide.org\/\"},{\"@type\":\"ListItem\",\"position\":2,\"name\":\"Ergebnisse\",\"item\":\"https:\/\/product-guide.org\/de\/ergebnisse\/\"},{\"@type\":\"ListItem\",\"position\":3,\"name\":\"Familienstammbaum mit Fotos Pinnwand Kork &#8211; | Pimavo\"}]},{\"@type\":\"WebSite\",\"@id\":\"https:\/\/product-guide.org\/#website\",\"url\":\"https:\/\/product-guide.org\/\",\"name\":\"Product-Guide.org\",\"description\":\"What Product are you looking for?\",\"publisher\":{\"@id\":\"https:\/\/product-guide.org\/#organization\"},\"potentialAction\":[{\"@type\":\"SearchAction\",\"target\":{\"@type\":\"EntryPoint\",\"urlTemplate\":\"https:\/\/product-guide.org\/?s={search_term_string}\"},\"query-input\":{\"@type\":\"PropertyValueSpecification\",\"valueRequired\":true,\"valueName\":\"search_term_string\"}}],\"inLanguage\":\"en-GB\"},{\"@type\":\"Organization\",\"@id\":\"https:\/\/product-guide.org\/#organization\",\"name\":\"Product-Guide.org\",\"url\":\"https:\/\/product-guide.org\/\",\"logo\":{\"@type\":\"ImageObject\",\"inLanguage\":\"en-GB\",\"@id\":\"https:\/\/product-guide.org\/#\/schema\/logo\/image\/\",\"url\":\"https:\/\/product-guide.org\/wp-content\/uploads\/2022\/07\/logo_transparent_background.png\",\"contentUrl\":\"https:\/\/product-guide.org\/wp-content\/uploads\/2022\/07\/logo_transparent_background.png\",\"width\":3400,\"height\":1132,\"caption\":\"Product-Guide.org\"},\"image\":{\"@id\":\"https:\/\/product-guide.org\/#\/schema\/logo\/image\/\"}}]}<\/script>\n<!-- \/ Yoast SEO plugin. -->","yoast_head_json":{"title":"Familienstammbaum mit Fotos Pinnwand Kork - | Pimavo | Product-Guide.org","description":"Familienstammbaum mit Fotos Pinnwand Kork - | Pimavo gefunden von Product-Guide.org","robots":{"index":"index","follow":"follow","max-snippet":"max-snippet:-1","max-image-preview":"max-image-preview:large","max-video-preview":"max-video-preview:-1"},"canonical":"https:\/\/product-guide.org\/en\/produkt\/familienstammbaum-mit-fotos-pinnwand-kork-pimavo\/","og_locale":"en_GB","og_type":"article","og_title":"Familienstammbaum mit Fotos Pinnwand Kork - | Pimavo | Product-Guide.org","og_description":"Familienstammbaum mit Fotos Pinnwand Kork - | Pimavo gefunden von Product-Guide.org","og_url":"https:\/\/product-guide.org\/en\/produkt\/familienstammbaum-mit-fotos-pinnwand-kork-pimavo\/","og_site_name":"Product-Guide.org","twitter_card":"summary_large_image","schema":{"@context":"https:\/\/schema.org","@graph":[{"@type":"WebPage","@id":"https:\/\/product-guide.org\/produkt\/familienstammbaum-mit-fotos-pinnwand-kork-pimavo\/","url":"https:\/\/product-guide.org\/produkt\/familienstammbaum-mit-fotos-pinnwand-kork-pimavo\/","name":"Familienstammbaum mit Fotos Pinnwand Kork - | Pimavo | Product-Guide.org","isPartOf":{"@id":"https:\/\/product-guide.org\/#website"},"primaryImageOfPage":{"@id":"https:\/\/product-guide.org\/produkt\/familienstammbaum-mit-fotos-pinnwand-kork-pimavo\/#primaryimage"},"image":{"@id":"https:\/\/product-guide.org\/produkt\/familienstammbaum-mit-fotos-pinnwand-kork-pimavo\/#primaryimage"},"thumbnailUrl":"https:\/\/product-guide.org\/wp-content\/uploads\/2025\/03\/drzewo-genealogiczne-ze-zdjeciami-prezent-mozaikowo.jpg","datePublished":"2025-03-17T08:33:38+00:00","description":"Familienstammbaum mit Fotos Pinnwand Kork - | Pimavo gefunden von Product-Guide.org","breadcrumb":{"@id":"https:\/\/product-guide.org\/produkt\/familienstammbaum-mit-fotos-pinnwand-kork-pimavo\/#breadcrumb"},"inLanguage":"en-GB","potentialAction":[{"@type":"ReadAction","target":["https:\/\/product-guide.org\/produkt\/familienstammbaum-mit-fotos-pinnwand-kork-pimavo\/"]}]},{"@type":"ImageObject","inLanguage":"en-GB","@id":"https:\/\/product-guide.org\/produkt\/familienstammbaum-mit-fotos-pinnwand-kork-pimavo\/#primaryimage","url":"https:\/\/product-guide.org\/wp-content\/uploads\/2025\/03\/drzewo-genealogiczne-ze-zdjeciami-prezent-mozaikowo.jpg","contentUrl":"https:\/\/product-guide.org\/wp-content\/uploads\/2025\/03\/drzewo-genealogiczne-ze-zdjeciami-prezent-mozaikowo.jpg","width":1024,"height":1024},{"@type":"BreadcrumbList","@id":"https:\/\/product-guide.org\/produkt\/familienstammbaum-mit-fotos-pinnwand-kork-pimavo\/#breadcrumb","itemListElement":[{"@type":"ListItem","position":1,"name":"Home","item":"https:\/\/product-guide.org\/"},{"@type":"ListItem","position":2,"name":"Ergebnisse","item":"https:\/\/product-guide.org\/de\/ergebnisse\/"},{"@type":"ListItem","position":3,"name":"Familienstammbaum mit Fotos Pinnwand Kork &#8211; | Pimavo"}]},{"@type":"WebSite","@id":"https:\/\/product-guide.org\/#website","url":"https:\/\/product-guide.org\/","name":"Product-Guide.org","description":"What Product are you looking for?","publisher":{"@id":"https:\/\/product-guide.org\/#organization"},"potentialAction":[{"@type":"SearchAction","target":{"@type":"EntryPoint","urlTemplate":"https:\/\/product-guide.org\/?s={search_term_string}"},"query-input":{"@type":"PropertyValueSpecification","valueRequired":true,"valueName":"search_term_string"}}],"inLanguage":"en-GB"},{"@type":"Organization","@id":"https:\/\/product-guide.org\/#organization","name":"Product-Guide.org","url":"https:\/\/product-guide.org\/","logo":{"@type":"ImageObject","inLanguage":"en-GB","@id":"https:\/\/product-guide.org\/#\/schema\/logo\/image\/","url":"https:\/\/product-guide.org\/wp-content\/uploads\/2022\/07\/logo_transparent_background.png","contentUrl":"https:\/\/product-guide.org\/wp-content\/uploads\/2022\/07\/logo_transparent_background.png","width":3400,"height":1132,"caption":"Product-Guide.org"},"image":{"@id":"https:\/\/product-guide.org\/#\/schema\/logo\/image\/"}}]}},"_links":{"self":[{"href":"https:\/\/product-guide.org\/en\/wp-json\/wp\/v2\/product\/44364","targetHints":{"allow":["GET"]}}],"collection":[{"href":"https:\/\/product-guide.org\/en\/wp-json\/wp\/v2\/product"}],"about":[{"href":"https:\/\/product-guide.org\/en\/wp-json\/wp\/v2\/types\/product"}],"wp:featuredmedia":[{"embeddable":true,"href":"https:\/\/product-guide.org\/en\/wp-json\/wp\/v2\/media\/44363"}],"wp:attachment":[{"href":"https:\/\/product-guide.org\/en\/wp-json\/wp\/v2\/media?parent=44364"}],"wp:term":[{"taxonomy":"store","embeddable":true,"href":"https:\/\/product-guide.org\/en\/wp-json\/wp\/v2\/store?post=44364"},{"taxonomy":"product_brand","embeddable":true,"href":"https:\/\/product-guide.org\/en\/wp-json\/wp\/v2\/product_brand?post=44364"},{"taxonomy":"product_cat","embeddable":true,"href":"https:\/\/product-guide.org\/en\/wp-json\/wp\/v2\/product_cat?post=44364"},{"taxonomy":"product_tag","embeddable":true,"href":"https:\/\/product-guide.org\/en\/wp-json\/wp\/v2\/product_tag?post=44364"}],"curies":[{"name":"wp","href":"https:\/\/api.w.org\/{rel}","templated":true}]}}