{"id":44369,"date":"2025-03-17T09:33:40","date_gmt":"2025-03-17T08:33:40","guid":{"rendered":"https:\/\/product-guide.org\/produkt\/fotocollage-leinwand-herz-collage-mit-eigenen-fotos-80x80cm-pimavo\/"},"modified":"2025-03-17T09:33:40","modified_gmt":"2025-03-17T08:33:40","slug":"fotocollage-leinwand-herz-collage-mit-eigenen-fotos-80x80cm-pimavo","status":"publish","type":"product","link":"https:\/\/product-guide.org\/en\/produkt\/fotocollage-leinwand-herz-collage-mit-eigenen-fotos-80x80cm-pimavo\/","title":{"rendered":"Fotocollage Leinwand Herz Collage mit eigenen Fotos &#8211; 80x80cm | Pimavo"},"content":{"rendered":"<p>Fotocollagen in Herzform Ihre Erinnerungen in einem Bild, die eine bestimmte Form annehmen, sind das Wesen unserer Collagen. Jede Collage wird individuell aus Ihren Fotos designet. Die Herz-Collage ist eine einzigartige Idee f\u00fcr ein Geschenk zum Hochzeitstag oder zum Geburtstag. Herz Collage online Gr\u00f6\u00dfe der Collagen: 40x40cm, 60&#215;60 oder 80x80cm Hohe Druckqualit\u00e4t Leinwand aus 100% Baumwolle Spannrahmen aus Kiefernholz Senden Sie von 30 bis 1000 Fotos. Gedruckte Fotocollage Fotos f\u00fcr die Collage Senden Sie uns von 30 bis 1000 Fotos zu \u2013 bei der \u00dcbertragung werden die Fotos automatisch verkleinert \u2013 kleine Fotos sind nach dem Ausdruck sehr gut sichtbar, da wir hochwertige Tinten verwenden. Die Breite eines Fotos von 1 bis 3 cm Unendliche Auswahlm\u00f6glichkeit von Formen In unserem Angebot finden Sie fertige Motive, die bei unseren Kunden am beliebtesten sind, aber die M\u00f6glichkeiten sind uneingeschr\u00e4nkt \u2013 die Collage kann aus einer beliebigen Ziffer, einem Schriftzug oder Bild kreiert werden! Brauchen Sie Beratung? Melden Sie sich bei uns! Wir setzen auf hochwertige Stoffe und &#8230; setzen keine halbherzigen Ma\u00dfnahmen ein, damit das hochwertige Bild mit Ihnen f\u00fcr lange Jahre bleibt. Die Leinwand aus 100% Baumwolle und der Spannrahmen aus Kiefernholz mit einer Dicke von 2 cm verleihen Eleganz \u2013 das Bild k\u00f6nnen Sie sofort aufh\u00e4ngen \u2013 ein D\u00fcbel und ein Aufh\u00e4nger werden mitgeliefert. Etappen der Bestellungsabwicklung 1. Sie geben die Bestellung auf W\u00e4hlen Sie die Collage Laden Sie die Fotos hoch und bezahlen Sie f\u00fcr die Bestellung 2. Wir bereiten den Collage-Entwurf vor Wir bereiten f\u00fcr Sie die Visualisierung des Collage-Entwurfs binnen 24h nach Erhalt aller Fotos vor. 3. Sie genehmigen den Collage-Entwurf und wir senden ihn Ihnen zu Nachdem Sie den Collage-Entwurf genehmigt haben, wird die Collage an die von Ihnen genannte Adresse geliefert. 4. Wir garantieren 100% Zufriedenheit Von der hohen Qualit\u00e4t unserer Produkte sind wir fest \u00fcberzeugt. Wenn aber der Collage-Entwurf Ihnen nicht gef\u00e4llt, bekommen Sie 100% Preises zur\u00fcck! Erstellen Sie eine Fotocollage online W\u00e4hlen Sie eins der erh\u00e4ltlichen Motive aus Beachten Sie, dass die Fotocollage aus einem beliebigen Schriftzug oder einer beliebigen Form erstellt werden kann. Die Fotocollage ist eine universelle Geschenkidee 100% Zufriedenheit wird garantiert<\/p>\n","protected":false},"excerpt":{"rendered":"<p>Fotocollagen in Herzform Ihre Erinnerungen in einem Bild, die eine bestimmte Form annehmen, sind das Wesen unserer Collagen. Jede Collage wird individuell aus Ihren Fotos designet. Die Herz-Collage ist eine einzigartige Idee f\u00fcr ein Geschenk zum Hochzeitstag oder zum Geburtstag. Herz Collage online Gr\u00f6\u00dfe der Collagen: 40x40cm, 60&#215;60 oder 80x80cm Hohe Druckqualit\u00e4t Leinwand aus 100% [&hellip;]<\/p>\n","protected":false},"featured_media":44366,"template":"","meta":{"_gspb_post_css":""},"store":[],"product_brand":[1292],"product_cat":[1290],"product_tag":[],"class_list":{"0":"post-44369","1":"product","2":"type-product","3":"status-publish","4":"has-post-thumbnail","6":"product_brand-pimavo","7":"product_cat-uncategorized","9":"first","10":"instock","11":"shipping-taxable","12":"purchasable","13":"product-type-simple"},"yoast_head":"<!-- This site is optimized with the Yoast SEO plugin v24.6 - https:\/\/yoast.com\/wordpress\/plugins\/seo\/ -->\n<title>Fotocollage Leinwand Herz Collage mit eigenen Fotos - 80x80cm | Pimavo | Product-Guide.org<\/title>\n<meta name=\"description\" content=\"Fotocollage Leinwand Herz Collage mit eigenen Fotos - 80x80cm | Pimavo gefunden von Product-Guide.org\" \/>\n<meta name=\"robots\" content=\"index, follow, max-snippet:-1, max-image-preview:large, max-video-preview:-1\" \/>\n<link rel=\"canonical\" href=\"https:\/\/product-guide.org\/en\/produkt\/fotocollage-leinwand-herz-collage-mit-eigenen-fotos-80x80cm-pimavo\/\" \/>\n<meta property=\"og:locale\" content=\"en_GB\" \/>\n<meta property=\"og:type\" content=\"article\" \/>\n<meta property=\"og:title\" content=\"Fotocollage Leinwand Herz Collage mit eigenen Fotos - 80x80cm | Pimavo | Product-Guide.org\" \/>\n<meta property=\"og:description\" content=\"Fotocollage Leinwand Herz Collage mit eigenen Fotos - 80x80cm | Pimavo gefunden von Product-Guide.org\" \/>\n<meta property=\"og:url\" content=\"https:\/\/product-guide.org\/en\/produkt\/fotocollage-leinwand-herz-collage-mit-eigenen-fotos-80x80cm-pimavo\/\" \/>\n<meta property=\"og:site_name\" content=\"Product-Guide.org\" \/>\n<meta name=\"twitter:card\" content=\"summary_large_image\" \/>\n<script type=\"application\/ld+json\" class=\"yoast-schema-graph\">{\"@context\":\"https:\/\/schema.org\",\"@graph\":[{\"@type\":\"WebPage\",\"@id\":\"https:\/\/product-guide.org\/produkt\/fotocollage-leinwand-herz-collage-mit-eigenen-fotos-80x80cm-pimavo\/\",\"url\":\"https:\/\/product-guide.org\/produkt\/fotocollage-leinwand-herz-collage-mit-eigenen-fotos-80x80cm-pimavo\/\",\"name\":\"Fotocollage Leinwand Herz Collage mit eigenen Fotos - 80x80cm | Pimavo | Product-Guide.org\",\"isPartOf\":{\"@id\":\"https:\/\/product-guide.org\/#website\"},\"primaryImageOfPage\":{\"@id\":\"https:\/\/product-guide.org\/produkt\/fotocollage-leinwand-herz-collage-mit-eigenen-fotos-80x80cm-pimavo\/#primaryimage\"},\"image\":{\"@id\":\"https:\/\/product-guide.org\/produkt\/fotocollage-leinwand-herz-collage-mit-eigenen-fotos-80x80cm-pimavo\/#primaryimage\"},\"thumbnailUrl\":\"https:\/\/product-guide.org\/wp-content\/uploads\/2025\/03\/Fotocollage-Herz-Collage-aus-Bildern.jpg\",\"datePublished\":\"2025-03-17T08:33:40+00:00\",\"description\":\"Fotocollage Leinwand Herz Collage mit eigenen Fotos - 80x80cm | Pimavo gefunden von Product-Guide.org\",\"breadcrumb\":{\"@id\":\"https:\/\/product-guide.org\/produkt\/fotocollage-leinwand-herz-collage-mit-eigenen-fotos-80x80cm-pimavo\/#breadcrumb\"},\"inLanguage\":\"en-GB\",\"potentialAction\":[{\"@type\":\"ReadAction\",\"target\":[\"https:\/\/product-guide.org\/produkt\/fotocollage-leinwand-herz-collage-mit-eigenen-fotos-80x80cm-pimavo\/\"]}]},{\"@type\":\"ImageObject\",\"inLanguage\":\"en-GB\",\"@id\":\"https:\/\/product-guide.org\/produkt\/fotocollage-leinwand-herz-collage-mit-eigenen-fotos-80x80cm-pimavo\/#primaryimage\",\"url\":\"https:\/\/product-guide.org\/wp-content\/uploads\/2025\/03\/Fotocollage-Herz-Collage-aus-Bildern.jpg\",\"contentUrl\":\"https:\/\/product-guide.org\/wp-content\/uploads\/2025\/03\/Fotocollage-Herz-Collage-aus-Bildern.jpg\",\"width\":1024,\"height\":1024},{\"@type\":\"BreadcrumbList\",\"@id\":\"https:\/\/product-guide.org\/produkt\/fotocollage-leinwand-herz-collage-mit-eigenen-fotos-80x80cm-pimavo\/#breadcrumb\",\"itemListElement\":[{\"@type\":\"ListItem\",\"position\":1,\"name\":\"Home\",\"item\":\"https:\/\/product-guide.org\/\"},{\"@type\":\"ListItem\",\"position\":2,\"name\":\"Ergebnisse\",\"item\":\"https:\/\/product-guide.org\/de\/ergebnisse\/\"},{\"@type\":\"ListItem\",\"position\":3,\"name\":\"Fotocollage Leinwand Herz Collage mit eigenen Fotos &#8211; 80x80cm | Pimavo\"}]},{\"@type\":\"WebSite\",\"@id\":\"https:\/\/product-guide.org\/#website\",\"url\":\"https:\/\/product-guide.org\/\",\"name\":\"Product-Guide.org\",\"description\":\"What Product are you looking for?\",\"publisher\":{\"@id\":\"https:\/\/product-guide.org\/#organization\"},\"potentialAction\":[{\"@type\":\"SearchAction\",\"target\":{\"@type\":\"EntryPoint\",\"urlTemplate\":\"https:\/\/product-guide.org\/?s={search_term_string}\"},\"query-input\":{\"@type\":\"PropertyValueSpecification\",\"valueRequired\":true,\"valueName\":\"search_term_string\"}}],\"inLanguage\":\"en-GB\"},{\"@type\":\"Organization\",\"@id\":\"https:\/\/product-guide.org\/#organization\",\"name\":\"Product-Guide.org\",\"url\":\"https:\/\/product-guide.org\/\",\"logo\":{\"@type\":\"ImageObject\",\"inLanguage\":\"en-GB\",\"@id\":\"https:\/\/product-guide.org\/#\/schema\/logo\/image\/\",\"url\":\"https:\/\/product-guide.org\/wp-content\/uploads\/2022\/07\/logo_transparent_background.png\",\"contentUrl\":\"https:\/\/product-guide.org\/wp-content\/uploads\/2022\/07\/logo_transparent_background.png\",\"width\":3400,\"height\":1132,\"caption\":\"Product-Guide.org\"},\"image\":{\"@id\":\"https:\/\/product-guide.org\/#\/schema\/logo\/image\/\"}}]}<\/script>\n<!-- \/ Yoast SEO plugin. -->","yoast_head_json":{"title":"Fotocollage Leinwand Herz Collage mit eigenen Fotos - 80x80cm | Pimavo | Product-Guide.org","description":"Fotocollage Leinwand Herz Collage mit eigenen Fotos - 80x80cm | Pimavo gefunden von Product-Guide.org","robots":{"index":"index","follow":"follow","max-snippet":"max-snippet:-1","max-image-preview":"max-image-preview:large","max-video-preview":"max-video-preview:-1"},"canonical":"https:\/\/product-guide.org\/en\/produkt\/fotocollage-leinwand-herz-collage-mit-eigenen-fotos-80x80cm-pimavo\/","og_locale":"en_GB","og_type":"article","og_title":"Fotocollage Leinwand Herz Collage mit eigenen Fotos - 80x80cm | Pimavo | Product-Guide.org","og_description":"Fotocollage Leinwand Herz Collage mit eigenen Fotos - 80x80cm | Pimavo gefunden von Product-Guide.org","og_url":"https:\/\/product-guide.org\/en\/produkt\/fotocollage-leinwand-herz-collage-mit-eigenen-fotos-80x80cm-pimavo\/","og_site_name":"Product-Guide.org","twitter_card":"summary_large_image","schema":{"@context":"https:\/\/schema.org","@graph":[{"@type":"WebPage","@id":"https:\/\/product-guide.org\/produkt\/fotocollage-leinwand-herz-collage-mit-eigenen-fotos-80x80cm-pimavo\/","url":"https:\/\/product-guide.org\/produkt\/fotocollage-leinwand-herz-collage-mit-eigenen-fotos-80x80cm-pimavo\/","name":"Fotocollage Leinwand Herz Collage mit eigenen Fotos - 80x80cm | Pimavo | Product-Guide.org","isPartOf":{"@id":"https:\/\/product-guide.org\/#website"},"primaryImageOfPage":{"@id":"https:\/\/product-guide.org\/produkt\/fotocollage-leinwand-herz-collage-mit-eigenen-fotos-80x80cm-pimavo\/#primaryimage"},"image":{"@id":"https:\/\/product-guide.org\/produkt\/fotocollage-leinwand-herz-collage-mit-eigenen-fotos-80x80cm-pimavo\/#primaryimage"},"thumbnailUrl":"https:\/\/product-guide.org\/wp-content\/uploads\/2025\/03\/Fotocollage-Herz-Collage-aus-Bildern.jpg","datePublished":"2025-03-17T08:33:40+00:00","description":"Fotocollage Leinwand Herz Collage mit eigenen Fotos - 80x80cm | Pimavo gefunden von Product-Guide.org","breadcrumb":{"@id":"https:\/\/product-guide.org\/produkt\/fotocollage-leinwand-herz-collage-mit-eigenen-fotos-80x80cm-pimavo\/#breadcrumb"},"inLanguage":"en-GB","potentialAction":[{"@type":"ReadAction","target":["https:\/\/product-guide.org\/produkt\/fotocollage-leinwand-herz-collage-mit-eigenen-fotos-80x80cm-pimavo\/"]}]},{"@type":"ImageObject","inLanguage":"en-GB","@id":"https:\/\/product-guide.org\/produkt\/fotocollage-leinwand-herz-collage-mit-eigenen-fotos-80x80cm-pimavo\/#primaryimage","url":"https:\/\/product-guide.org\/wp-content\/uploads\/2025\/03\/Fotocollage-Herz-Collage-aus-Bildern.jpg","contentUrl":"https:\/\/product-guide.org\/wp-content\/uploads\/2025\/03\/Fotocollage-Herz-Collage-aus-Bildern.jpg","width":1024,"height":1024},{"@type":"BreadcrumbList","@id":"https:\/\/product-guide.org\/produkt\/fotocollage-leinwand-herz-collage-mit-eigenen-fotos-80x80cm-pimavo\/#breadcrumb","itemListElement":[{"@type":"ListItem","position":1,"name":"Home","item":"https:\/\/product-guide.org\/"},{"@type":"ListItem","position":2,"name":"Ergebnisse","item":"https:\/\/product-guide.org\/de\/ergebnisse\/"},{"@type":"ListItem","position":3,"name":"Fotocollage Leinwand Herz Collage mit eigenen Fotos &#8211; 80x80cm | Pimavo"}]},{"@type":"WebSite","@id":"https:\/\/product-guide.org\/#website","url":"https:\/\/product-guide.org\/","name":"Product-Guide.org","description":"What Product are you looking for?","publisher":{"@id":"https:\/\/product-guide.org\/#organization"},"potentialAction":[{"@type":"SearchAction","target":{"@type":"EntryPoint","urlTemplate":"https:\/\/product-guide.org\/?s={search_term_string}"},"query-input":{"@type":"PropertyValueSpecification","valueRequired":true,"valueName":"search_term_string"}}],"inLanguage":"en-GB"},{"@type":"Organization","@id":"https:\/\/product-guide.org\/#organization","name":"Product-Guide.org","url":"https:\/\/product-guide.org\/","logo":{"@type":"ImageObject","inLanguage":"en-GB","@id":"https:\/\/product-guide.org\/#\/schema\/logo\/image\/","url":"https:\/\/product-guide.org\/wp-content\/uploads\/2022\/07\/logo_transparent_background.png","contentUrl":"https:\/\/product-guide.org\/wp-content\/uploads\/2022\/07\/logo_transparent_background.png","width":3400,"height":1132,"caption":"Product-Guide.org"},"image":{"@id":"https:\/\/product-guide.org\/#\/schema\/logo\/image\/"}}]}},"_links":{"self":[{"href":"https:\/\/product-guide.org\/en\/wp-json\/wp\/v2\/product\/44369","targetHints":{"allow":["GET"]}}],"collection":[{"href":"https:\/\/product-guide.org\/en\/wp-json\/wp\/v2\/product"}],"about":[{"href":"https:\/\/product-guide.org\/en\/wp-json\/wp\/v2\/types\/product"}],"wp:featuredmedia":[{"embeddable":true,"href":"https:\/\/product-guide.org\/en\/wp-json\/wp\/v2\/media\/44366"}],"wp:attachment":[{"href":"https:\/\/product-guide.org\/en\/wp-json\/wp\/v2\/media?parent=44369"}],"wp:term":[{"taxonomy":"store","embeddable":true,"href":"https:\/\/product-guide.org\/en\/wp-json\/wp\/v2\/store?post=44369"},{"taxonomy":"product_brand","embeddable":true,"href":"https:\/\/product-guide.org\/en\/wp-json\/wp\/v2\/product_brand?post=44369"},{"taxonomy":"product_cat","embeddable":true,"href":"https:\/\/product-guide.org\/en\/wp-json\/wp\/v2\/product_cat?post=44369"},{"taxonomy":"product_tag","embeddable":true,"href":"https:\/\/product-guide.org\/en\/wp-json\/wp\/v2\/product_tag?post=44369"}],"curies":[{"name":"wp","href":"https:\/\/api.w.org\/{rel}","templated":true}]}}