{"id":44378,"date":"2025-03-17T09:33:43","date_gmt":"2025-03-17T08:33:43","guid":{"rendered":"https:\/\/product-guide.org\/produkt\/fotomosaik-auf-leinwand-mosaikbilder-50x70cm-pimavo\/"},"modified":"2025-03-17T09:33:43","modified_gmt":"2025-03-17T08:33:43","slug":"fotomosaik-auf-leinwand-mosaikbilder-50x70cm-pimavo","status":"publish","type":"product","link":"https:\/\/product-guide.org\/en\/produkt\/fotomosaik-auf-leinwand-mosaikbilder-50x70cm-pimavo\/","title":{"rendered":"Fotomosaik auf Leinwand &#8211; Mosaikbilder &#8211; 50x70cm | Pimavo"},"content":{"rendered":"<p>Fotomosaik auf Leinwand \u2013 viele Erinnerungen an einem OrtFotomosaik auf Leinwand das sind Hunderte Erinnerungen in einem Bild. Wenn man nahe steht, sieht man einzelne kleine Fotos. Wenn man aber das Bild von 2-3 m betrachtet, sieht man das Hauptfoto.Fotomosaik ist ein Geschenk f\u00fcr Ihre Liebsten, deren Spa\u00df Ihnen am Herzen liegt. Man muss zwar viel Zeit in Anspruch nehmen, um m\u00f6glichst viele Fotos zu sammeln, aber das Ergebnis und die Freude der beschenkten Person sind die beste Belohnung Die wichtigsten Merkmale des Fotomosaiks auf Leinwand Von 50 bis zu 1000 Ihrer Fotos \u2013 je mehr, desto besser Die perfekte Sch\u00e4rfe der kleinen Fotos dank Anwendung von entsprechenden grafischen Algorithmen Kostenloser Entwurf des Fotomosaiks auf Leinwand binnen 24h Wenn das Fotomosaik \u201esofort\u201d gebraucht wird, kann die elektronische Version bestellt werden Hochwertiger Druck des Fotomosaiks auf Leinwand aus 100% Baumwolle Der Druck auf dem Premium Fotopapier und Aluminiumrahmen ist auch m\u00f6glich. Foto Mosaik auf Leinwand &#8211; Bild aus Bildern Die richtige Auswahl des HauptfotosDie richtige Auswahl des Hauptfotos liegt dem idealen Mosaik zugrunde. Das Foto muss vor allem gut ausgeleuchtet und scharf sein. Im Zweifelsfall senden Sie uns die Fotos \u00fcber das Kontaktformular zu. Kleine Fotos\u2013 die kleinen Fotos sind nach dem Ausdruck sehr gut sichtbar (je nach dem Projekt sind sie von 1,5 bis 3 cm breit)\u2013 Wir empfehlen Ihnen mindestens 50 Fotos, aber je mehr, desto besser &#8211; die gesamte Komposition ist dann vielf\u00e4ltiger und kleine Fotos werden nicht so oft wiederholt. Hohe Qualit\u00e4t der StoffeWir setzten nur Markenstoffe ein, 100% Baumwolle, 100% Kiefernholz-Rahmen und der Rahmen wird manuell aufgespannt, damit Sie das Mosaik jahrelang genie\u00dfen k\u00f6nnen. Etappen der Bestellungsabwicklung 1. Sie geben die Bestellung auf1. W\u00e4hlen Sie die Parameter des Fotomosaiks2. Laden Sie das Hauptfoto und kleine Fotos f\u00fcr die Mosaik hoch und bezahlen Sie f\u00fcr die Bestellung 2. Wir bereiten den Mosaik-Entwurf vorWir bereiten f\u00fcr Sie die Visualisierung des Mosaik-Entwurfs binnen 24h nach Erhalt aller Fotos vor. 3. Sie genehmigen den Mosaik-Entwurf und wir senden ihn Ihnen zuNachdem Sie den Mosaik-Entwurf genehmigt haben, wird das Fotomosaik an die von Ihnen genannte Adresse geliefert. 4. Wir garantieren die ZufriedenheitVon der hohen Qualit\u00e4t unserer Produkte sind wir fest \u00fcberzeugt. Wenn aber der Mosaik-Entwurf Ihnen nicht gef\u00e4llt, bekommen Sie 100% Preises zur\u00fcck! Schenken Sie das Fotomosaik jemand Besonderen Das Fotomosaik auf Leinwand ist ein hervorragendes Geschenk zu einem Jubil\u00e4um oder zum GeburtstagSenden sie uns Ihre Fotos zu \u2013 wir sorgen f\u00fcr den Rest (richtige Bearbeitung, Retuschieren, Entwurf)Beachten sie, das je mehr Fotos, desto besser \u2013 so fragen Sie Ihre Familie oder Bekannten nach gemeinsamen Fotos \u2013 die Komposition ist dann interessanter (ein Mosaik hat durchschnittlich ca. 1500-2000 Fliesen).Aus schwarz-wei\u00dfen Fotos lassen sich auch wundersch\u00f6ne Fotomosaiken gestalten Wie die Fotos zugeschickt werden sollen? Da gibt\u2019s 2 M\u00f6glichkeiten:\u00fcber die sichere Website wetransfer.comwenn Sie ein anders Werkzeug zum Speichern und Bereitstellen von Dateien nutzen \u2013 z.B. Dropbox, Onedrive, Google Drive, Fotos Google, senden Sie uns mit der Bestellung den Link zum Herunterladen der Bilder.<\/p>\n","protected":false},"excerpt":{"rendered":"<p>Fotomosaik auf Leinwand \u2013 viele Erinnerungen an einem OrtFotomosaik auf Leinwand das sind Hunderte Erinnerungen in einem Bild. Wenn man nahe steht, sieht man einzelne kleine Fotos. Wenn man aber das Bild von 2-3 m betrachtet, sieht man das Hauptfoto.Fotomosaik ist ein Geschenk f\u00fcr Ihre Liebsten, deren Spa\u00df Ihnen am Herzen liegt. Man muss zwar [&hellip;]<\/p>\n","protected":false},"featured_media":44375,"template":"","meta":{"_gspb_post_css":""},"store":[],"product_brand":[1292],"product_cat":[1290],"product_tag":[],"class_list":{"0":"post-44378","1":"product","2":"type-product","3":"status-publish","4":"has-post-thumbnail","6":"product_brand-pimavo","7":"product_cat-uncategorized","9":"first","10":"instock","11":"shipping-taxable","12":"purchasable","13":"product-type-simple"},"yoast_head":"<!-- This site is optimized with the Yoast SEO plugin v24.6 - https:\/\/yoast.com\/wordpress\/plugins\/seo\/ -->\n<title>Fotomosaik auf Leinwand - Mosaikbilder - 50x70cm | Pimavo | Product-Guide.org<\/title>\n<meta name=\"description\" content=\"Fotomosaik auf Leinwand - Mosaikbilder - 50x70cm | Pimavo gefunden von Product-Guide.org\" \/>\n<meta name=\"robots\" content=\"index, follow, max-snippet:-1, max-image-preview:large, max-video-preview:-1\" \/>\n<link rel=\"canonical\" href=\"https:\/\/product-guide.org\/en\/produkt\/fotomosaik-auf-leinwand-mosaikbilder-50x70cm-pimavo\/\" \/>\n<meta property=\"og:locale\" content=\"en_GB\" \/>\n<meta property=\"og:type\" content=\"article\" \/>\n<meta property=\"og:title\" content=\"Fotomosaik auf Leinwand - Mosaikbilder - 50x70cm | Pimavo | Product-Guide.org\" \/>\n<meta property=\"og:description\" content=\"Fotomosaik auf Leinwand - Mosaikbilder - 50x70cm | Pimavo gefunden von Product-Guide.org\" \/>\n<meta property=\"og:url\" content=\"https:\/\/product-guide.org\/en\/produkt\/fotomosaik-auf-leinwand-mosaikbilder-50x70cm-pimavo\/\" \/>\n<meta property=\"og:site_name\" content=\"Product-Guide.org\" \/>\n<meta name=\"twitter:card\" content=\"summary_large_image\" \/>\n<script type=\"application\/ld+json\" class=\"yoast-schema-graph\">{\"@context\":\"https:\/\/schema.org\",\"@graph\":[{\"@type\":\"WebPage\",\"@id\":\"https:\/\/product-guide.org\/produkt\/fotomosaik-auf-leinwand-mosaikbilder-50x70cm-pimavo\/\",\"url\":\"https:\/\/product-guide.org\/produkt\/fotomosaik-auf-leinwand-mosaikbilder-50x70cm-pimavo\/\",\"name\":\"Fotomosaik auf Leinwand - Mosaikbilder - 50x70cm | Pimavo | Product-Guide.org\",\"isPartOf\":{\"@id\":\"https:\/\/product-guide.org\/#website\"},\"primaryImageOfPage\":{\"@id\":\"https:\/\/product-guide.org\/produkt\/fotomosaik-auf-leinwand-mosaikbilder-50x70cm-pimavo\/#primaryimage\"},\"image\":{\"@id\":\"https:\/\/product-guide.org\/produkt\/fotomosaik-auf-leinwand-mosaikbilder-50x70cm-pimavo\/#primaryimage\"},\"thumbnailUrl\":\"https:\/\/product-guide.org\/wp-content\/uploads\/2025\/03\/Fotomosaik-auf-Leinwand-Mosaikbilder.jpg\",\"datePublished\":\"2025-03-17T08:33:43+00:00\",\"description\":\"Fotomosaik auf Leinwand - Mosaikbilder - 50x70cm | Pimavo gefunden von Product-Guide.org\",\"breadcrumb\":{\"@id\":\"https:\/\/product-guide.org\/produkt\/fotomosaik-auf-leinwand-mosaikbilder-50x70cm-pimavo\/#breadcrumb\"},\"inLanguage\":\"en-GB\",\"potentialAction\":[{\"@type\":\"ReadAction\",\"target\":[\"https:\/\/product-guide.org\/produkt\/fotomosaik-auf-leinwand-mosaikbilder-50x70cm-pimavo\/\"]}]},{\"@type\":\"ImageObject\",\"inLanguage\":\"en-GB\",\"@id\":\"https:\/\/product-guide.org\/produkt\/fotomosaik-auf-leinwand-mosaikbilder-50x70cm-pimavo\/#primaryimage\",\"url\":\"https:\/\/product-guide.org\/wp-content\/uploads\/2025\/03\/Fotomosaik-auf-Leinwand-Mosaikbilder.jpg\",\"contentUrl\":\"https:\/\/product-guide.org\/wp-content\/uploads\/2025\/03\/Fotomosaik-auf-Leinwand-Mosaikbilder.jpg\",\"width\":850,\"height\":850},{\"@type\":\"BreadcrumbList\",\"@id\":\"https:\/\/product-guide.org\/produkt\/fotomosaik-auf-leinwand-mosaikbilder-50x70cm-pimavo\/#breadcrumb\",\"itemListElement\":[{\"@type\":\"ListItem\",\"position\":1,\"name\":\"Home\",\"item\":\"https:\/\/product-guide.org\/\"},{\"@type\":\"ListItem\",\"position\":2,\"name\":\"Ergebnisse\",\"item\":\"https:\/\/product-guide.org\/de\/ergebnisse\/\"},{\"@type\":\"ListItem\",\"position\":3,\"name\":\"Fotomosaik auf Leinwand &#8211; Mosaikbilder &#8211; 50x70cm | Pimavo\"}]},{\"@type\":\"WebSite\",\"@id\":\"https:\/\/product-guide.org\/#website\",\"url\":\"https:\/\/product-guide.org\/\",\"name\":\"Product-Guide.org\",\"description\":\"What Product are you looking for?\",\"publisher\":{\"@id\":\"https:\/\/product-guide.org\/#organization\"},\"potentialAction\":[{\"@type\":\"SearchAction\",\"target\":{\"@type\":\"EntryPoint\",\"urlTemplate\":\"https:\/\/product-guide.org\/?s={search_term_string}\"},\"query-input\":{\"@type\":\"PropertyValueSpecification\",\"valueRequired\":true,\"valueName\":\"search_term_string\"}}],\"inLanguage\":\"en-GB\"},{\"@type\":\"Organization\",\"@id\":\"https:\/\/product-guide.org\/#organization\",\"name\":\"Product-Guide.org\",\"url\":\"https:\/\/product-guide.org\/\",\"logo\":{\"@type\":\"ImageObject\",\"inLanguage\":\"en-GB\",\"@id\":\"https:\/\/product-guide.org\/#\/schema\/logo\/image\/\",\"url\":\"https:\/\/product-guide.org\/wp-content\/uploads\/2022\/07\/logo_transparent_background.png\",\"contentUrl\":\"https:\/\/product-guide.org\/wp-content\/uploads\/2022\/07\/logo_transparent_background.png\",\"width\":3400,\"height\":1132,\"caption\":\"Product-Guide.org\"},\"image\":{\"@id\":\"https:\/\/product-guide.org\/#\/schema\/logo\/image\/\"}}]}<\/script>\n<!-- \/ Yoast SEO plugin. -->","yoast_head_json":{"title":"Fotomosaik auf Leinwand - Mosaikbilder - 50x70cm | Pimavo | Product-Guide.org","description":"Fotomosaik auf Leinwand - Mosaikbilder - 50x70cm | Pimavo gefunden von Product-Guide.org","robots":{"index":"index","follow":"follow","max-snippet":"max-snippet:-1","max-image-preview":"max-image-preview:large","max-video-preview":"max-video-preview:-1"},"canonical":"https:\/\/product-guide.org\/en\/produkt\/fotomosaik-auf-leinwand-mosaikbilder-50x70cm-pimavo\/","og_locale":"en_GB","og_type":"article","og_title":"Fotomosaik auf Leinwand - Mosaikbilder - 50x70cm | Pimavo | Product-Guide.org","og_description":"Fotomosaik auf Leinwand - Mosaikbilder - 50x70cm | Pimavo gefunden von Product-Guide.org","og_url":"https:\/\/product-guide.org\/en\/produkt\/fotomosaik-auf-leinwand-mosaikbilder-50x70cm-pimavo\/","og_site_name":"Product-Guide.org","twitter_card":"summary_large_image","schema":{"@context":"https:\/\/schema.org","@graph":[{"@type":"WebPage","@id":"https:\/\/product-guide.org\/produkt\/fotomosaik-auf-leinwand-mosaikbilder-50x70cm-pimavo\/","url":"https:\/\/product-guide.org\/produkt\/fotomosaik-auf-leinwand-mosaikbilder-50x70cm-pimavo\/","name":"Fotomosaik auf Leinwand - Mosaikbilder - 50x70cm | Pimavo | Product-Guide.org","isPartOf":{"@id":"https:\/\/product-guide.org\/#website"},"primaryImageOfPage":{"@id":"https:\/\/product-guide.org\/produkt\/fotomosaik-auf-leinwand-mosaikbilder-50x70cm-pimavo\/#primaryimage"},"image":{"@id":"https:\/\/product-guide.org\/produkt\/fotomosaik-auf-leinwand-mosaikbilder-50x70cm-pimavo\/#primaryimage"},"thumbnailUrl":"https:\/\/product-guide.org\/wp-content\/uploads\/2025\/03\/Fotomosaik-auf-Leinwand-Mosaikbilder.jpg","datePublished":"2025-03-17T08:33:43+00:00","description":"Fotomosaik auf Leinwand - Mosaikbilder - 50x70cm | Pimavo gefunden von Product-Guide.org","breadcrumb":{"@id":"https:\/\/product-guide.org\/produkt\/fotomosaik-auf-leinwand-mosaikbilder-50x70cm-pimavo\/#breadcrumb"},"inLanguage":"en-GB","potentialAction":[{"@type":"ReadAction","target":["https:\/\/product-guide.org\/produkt\/fotomosaik-auf-leinwand-mosaikbilder-50x70cm-pimavo\/"]}]},{"@type":"ImageObject","inLanguage":"en-GB","@id":"https:\/\/product-guide.org\/produkt\/fotomosaik-auf-leinwand-mosaikbilder-50x70cm-pimavo\/#primaryimage","url":"https:\/\/product-guide.org\/wp-content\/uploads\/2025\/03\/Fotomosaik-auf-Leinwand-Mosaikbilder.jpg","contentUrl":"https:\/\/product-guide.org\/wp-content\/uploads\/2025\/03\/Fotomosaik-auf-Leinwand-Mosaikbilder.jpg","width":850,"height":850},{"@type":"BreadcrumbList","@id":"https:\/\/product-guide.org\/produkt\/fotomosaik-auf-leinwand-mosaikbilder-50x70cm-pimavo\/#breadcrumb","itemListElement":[{"@type":"ListItem","position":1,"name":"Home","item":"https:\/\/product-guide.org\/"},{"@type":"ListItem","position":2,"name":"Ergebnisse","item":"https:\/\/product-guide.org\/de\/ergebnisse\/"},{"@type":"ListItem","position":3,"name":"Fotomosaik auf Leinwand &#8211; Mosaikbilder &#8211; 50x70cm | Pimavo"}]},{"@type":"WebSite","@id":"https:\/\/product-guide.org\/#website","url":"https:\/\/product-guide.org\/","name":"Product-Guide.org","description":"What Product are you looking for?","publisher":{"@id":"https:\/\/product-guide.org\/#organization"},"potentialAction":[{"@type":"SearchAction","target":{"@type":"EntryPoint","urlTemplate":"https:\/\/product-guide.org\/?s={search_term_string}"},"query-input":{"@type":"PropertyValueSpecification","valueRequired":true,"valueName":"search_term_string"}}],"inLanguage":"en-GB"},{"@type":"Organization","@id":"https:\/\/product-guide.org\/#organization","name":"Product-Guide.org","url":"https:\/\/product-guide.org\/","logo":{"@type":"ImageObject","inLanguage":"en-GB","@id":"https:\/\/product-guide.org\/#\/schema\/logo\/image\/","url":"https:\/\/product-guide.org\/wp-content\/uploads\/2022\/07\/logo_transparent_background.png","contentUrl":"https:\/\/product-guide.org\/wp-content\/uploads\/2022\/07\/logo_transparent_background.png","width":3400,"height":1132,"caption":"Product-Guide.org"},"image":{"@id":"https:\/\/product-guide.org\/#\/schema\/logo\/image\/"}}]}},"_links":{"self":[{"href":"https:\/\/product-guide.org\/en\/wp-json\/wp\/v2\/product\/44378","targetHints":{"allow":["GET"]}}],"collection":[{"href":"https:\/\/product-guide.org\/en\/wp-json\/wp\/v2\/product"}],"about":[{"href":"https:\/\/product-guide.org\/en\/wp-json\/wp\/v2\/types\/product"}],"wp:featuredmedia":[{"embeddable":true,"href":"https:\/\/product-guide.org\/en\/wp-json\/wp\/v2\/media\/44375"}],"wp:attachment":[{"href":"https:\/\/product-guide.org\/en\/wp-json\/wp\/v2\/media?parent=44378"}],"wp:term":[{"taxonomy":"store","embeddable":true,"href":"https:\/\/product-guide.org\/en\/wp-json\/wp\/v2\/store?post=44378"},{"taxonomy":"product_brand","embeddable":true,"href":"https:\/\/product-guide.org\/en\/wp-json\/wp\/v2\/product_brand?post=44378"},{"taxonomy":"product_cat","embeddable":true,"href":"https:\/\/product-guide.org\/en\/wp-json\/wp\/v2\/product_cat?post=44378"},{"taxonomy":"product_tag","embeddable":true,"href":"https:\/\/product-guide.org\/en\/wp-json\/wp\/v2\/product_tag?post=44378"}],"curies":[{"name":"wp","href":"https:\/\/api.w.org\/{rel}","templated":true}]}}