{"id":44387,"date":"2025-03-17T09:33:45","date_gmt":"2025-03-17T08:33:45","guid":{"rendered":"https:\/\/product-guide.org\/produkt\/fotos-auf-leinwand-fotoleinwand-drucken-pimavo-5\/"},"modified":"2025-03-17T09:33:46","modified_gmt":"2025-03-17T08:33:46","slug":"fotos-auf-leinwand-fotoleinwand-drucken-pimavo-5","status":"publish","type":"product","link":"https:\/\/product-guide.org\/en\/produkt\/fotos-auf-leinwand-fotoleinwand-drucken-pimavo-5\/","title":{"rendered":"Fotos auf Leinwand: Fotoleinwand drucken &#8211; | Pimavo"},"content":{"rendered":"<p>Eigene Foto auf Leinwand Fotoleinwand -verewigen Sie Ihre Erinnerungen in einer klassischen Form. Die Fotoleinwand eignet sich optimal f\u00fcr ein Geschenk, als auch als Dekoration f\u00fcr Ihren eigenen Innenraum. Der Zeitaufwand bei der Suche des perfekten Fotos wird durch den Endeffekt und die Freude der Familie belohnt. Die wichtigsten Merkmale der Fotoleinwand W\u00e4hlen Sie Ihr eigenes Foto \u2013 wenn Sie sich nicht entscheiden k\u00f6nnen, senden Sie uns einige Fotos zu, wir werden Sie gerne beraten! Vorz\u00fcgliche Drucksch\u00e4rfe dank Anwendung von hochwertigen Pigmenten und Stoffen. Auf dem Markt seit 2010 \u2013 Sie k\u00f6nnen sich sicher sein, dass wir unseren Job gut kennen Sofortige Abwicklung der Bestellung \u2013 Versand erfolgt 2 mal pro Woche Hohe Druckqualit\u00e4t des Fotos auf Leinwand aus 100% Baumwolle Erh\u00e4ltlich auch auf dem Fotopapier Fotoleinwand von Pimavo: Richtige Wahl des Hauptfotos Die richtige Wahl des Hauptfotos ist von grundlegender Bedeutung f\u00fcr ein perfektes Bild auf Leinwand. Das Foto muss vor allem gut ausgeleuchtet und scharf sein. Haben Sie Zweifeln? Senden Sie uns die Fotos \u00fcber das Kontaktformular zu. Kleine Fotos \u2013 die kleinen Fotos sind nach dem Ausdruck sehr gut sichtbar (je nach dem Projekt sind sie von 1,5 bis 3 cm breit) \u2013 Wir empfehlen Ihnen mindestens 50 Fotos, aber je mehr, desto besser &#8211; die gesamte Komposition ist dann vielf\u00e4ltiger und kleine Fotos werden nicht so oft wiederholt. Hochwertige Stoffe Wir setzten nur Markenstoffe ein, 100% Baumwolle, Rahmen 100% aus Kiefernholz und der Rahmen wird manuell aufgespannt, damit Sie Fotoleinwand jahrelang genie\u00dfen k\u00f6nnen. Bestellschritte 1. Sie geben eine Bestellung auf W\u00e4hlen Sie eine Bildgr\u00f6\u00dfe und ein Foto aus 2. Wir bereiten das Projekt vor Sollte das Foto \u00c4nderungen erfordern (bitte in den Kommentaren mitteilen), erstellen wir innerhalb von 24 Stunden nach Auftragserteilung eine Visualisierung des Projekts f\u00fcr Sie. 3. Projektabnahme und Versand Nachdem Sie das Design akzeptiert haben, wird das Gem\u00e4lde an die angegebene Adresse gesendet 4. Zufriedenheitsgarantie! Wir sind von der Qualit\u00e4t unserer Projekte \u00fcberzeugt, wenn Ihnen das Projekt also nicht gef\u00e4llt &#8211; erstatten wir Ihnen 100% der Mittel zur\u00fcck! Machen Sie die Fotoleinwand zum Geschenk. Die Fotoleinwand ist ein tolles Geschenk zu einem Jubil\u00e4um oder zum Geburtstag. Senden sie uns ihre Fotos zu \u2013 wir sorgen f\u00fcr den Rest (richtige Bearbeitung, Retuschieren, Entwurf). Auch mit schwarz-wei\u00dfen Fotos oder Fotos mit Sepia-Effekt kann ein interessanter Endeffekt erschaffen werden.<\/p>\n","protected":false},"excerpt":{"rendered":"<p>Eigene Foto auf Leinwand Fotoleinwand -verewigen Sie Ihre Erinnerungen in einer klassischen Form. Die Fotoleinwand eignet sich optimal f\u00fcr ein Geschenk, als auch als Dekoration f\u00fcr Ihren eigenen Innenraum. Der Zeitaufwand bei der Suche des perfekten Fotos wird durch den Endeffekt und die Freude der Familie belohnt. Die wichtigsten Merkmale der Fotoleinwand W\u00e4hlen Sie Ihr [&hellip;]<\/p>\n","protected":false},"featured_media":44382,"template":"","meta":{"_gspb_post_css":""},"store":[],"product_brand":[1292],"product_cat":[1290],"product_tag":[],"class_list":{"0":"post-44387","1":"product","2":"type-product","3":"status-publish","4":"has-post-thumbnail","6":"product_brand-pimavo","7":"product_cat-uncategorized","9":"first","10":"instock","11":"shipping-taxable","12":"purchasable","13":"product-type-simple"},"yoast_head":"<!-- This site is optimized with the Yoast SEO plugin v24.6 - https:\/\/yoast.com\/wordpress\/plugins\/seo\/ -->\n<title>Fotos auf Leinwand: Fotoleinwand drucken - | Pimavo | Product-Guide.org<\/title>\n<meta name=\"description\" content=\"Fotos auf Leinwand: Fotoleinwand drucken - | Pimavo gefunden von Product-Guide.org\" \/>\n<meta name=\"robots\" content=\"index, follow, max-snippet:-1, max-image-preview:large, max-video-preview:-1\" \/>\n<link rel=\"canonical\" href=\"https:\/\/product-guide.org\/en\/produkt\/fotos-auf-leinwand-fotoleinwand-drucken-pimavo-5\/\" \/>\n<meta property=\"og:locale\" content=\"en_GB\" \/>\n<meta property=\"og:type\" content=\"article\" \/>\n<meta property=\"og:title\" content=\"Fotos auf Leinwand: Fotoleinwand drucken - | Pimavo | Product-Guide.org\" \/>\n<meta property=\"og:description\" content=\"Fotos auf Leinwand: Fotoleinwand drucken - | Pimavo gefunden von Product-Guide.org\" \/>\n<meta property=\"og:url\" content=\"https:\/\/product-guide.org\/en\/produkt\/fotos-auf-leinwand-fotoleinwand-drucken-pimavo-5\/\" \/>\n<meta property=\"og:site_name\" content=\"Product-Guide.org\" \/>\n<meta property=\"article:modified_time\" content=\"2025-03-17T08:33:46+00:00\" \/>\n<meta name=\"twitter:card\" content=\"summary_large_image\" \/>\n<script type=\"application\/ld+json\" class=\"yoast-schema-graph\">{\"@context\":\"https:\/\/schema.org\",\"@graph\":[{\"@type\":\"WebPage\",\"@id\":\"https:\/\/product-guide.org\/produkt\/fotos-auf-leinwand-fotoleinwand-drucken-pimavo-5\/\",\"url\":\"https:\/\/product-guide.org\/produkt\/fotos-auf-leinwand-fotoleinwand-drucken-pimavo-5\/\",\"name\":\"Fotos auf Leinwand: Fotoleinwand drucken - | Pimavo | Product-Guide.org\",\"isPartOf\":{\"@id\":\"https:\/\/product-guide.org\/#website\"},\"primaryImageOfPage\":{\"@id\":\"https:\/\/product-guide.org\/produkt\/fotos-auf-leinwand-fotoleinwand-drucken-pimavo-5\/#primaryimage\"},\"image\":{\"@id\":\"https:\/\/product-guide.org\/produkt\/fotos-auf-leinwand-fotoleinwand-drucken-pimavo-5\/#primaryimage\"},\"thumbnailUrl\":\"https:\/\/product-guide.org\/wp-content\/uploads\/2025\/03\/fotoobraz-z-wlasnego-zdjecia-picarta.jpg\",\"datePublished\":\"2025-03-17T08:33:45+00:00\",\"dateModified\":\"2025-03-17T08:33:46+00:00\",\"description\":\"Fotos auf Leinwand: Fotoleinwand drucken - | Pimavo gefunden von Product-Guide.org\",\"breadcrumb\":{\"@id\":\"https:\/\/product-guide.org\/produkt\/fotos-auf-leinwand-fotoleinwand-drucken-pimavo-5\/#breadcrumb\"},\"inLanguage\":\"en-GB\",\"potentialAction\":[{\"@type\":\"ReadAction\",\"target\":[\"https:\/\/product-guide.org\/produkt\/fotos-auf-leinwand-fotoleinwand-drucken-pimavo-5\/\"]}]},{\"@type\":\"ImageObject\",\"inLanguage\":\"en-GB\",\"@id\":\"https:\/\/product-guide.org\/produkt\/fotos-auf-leinwand-fotoleinwand-drucken-pimavo-5\/#primaryimage\",\"url\":\"https:\/\/product-guide.org\/wp-content\/uploads\/2025\/03\/fotoobraz-z-wlasnego-zdjecia-picarta.jpg\",\"contentUrl\":\"https:\/\/product-guide.org\/wp-content\/uploads\/2025\/03\/fotoobraz-z-wlasnego-zdjecia-picarta.jpg\",\"width\":1024,\"height\":632},{\"@type\":\"BreadcrumbList\",\"@id\":\"https:\/\/product-guide.org\/produkt\/fotos-auf-leinwand-fotoleinwand-drucken-pimavo-5\/#breadcrumb\",\"itemListElement\":[{\"@type\":\"ListItem\",\"position\":1,\"name\":\"Home\",\"item\":\"https:\/\/product-guide.org\/\"},{\"@type\":\"ListItem\",\"position\":2,\"name\":\"Ergebnisse\",\"item\":\"https:\/\/product-guide.org\/de\/ergebnisse\/\"},{\"@type\":\"ListItem\",\"position\":3,\"name\":\"Fotos auf Leinwand: Fotoleinwand drucken &#8211; | Pimavo\"}]},{\"@type\":\"WebSite\",\"@id\":\"https:\/\/product-guide.org\/#website\",\"url\":\"https:\/\/product-guide.org\/\",\"name\":\"Product-Guide.org\",\"description\":\"What Product are you looking for?\",\"publisher\":{\"@id\":\"https:\/\/product-guide.org\/#organization\"},\"potentialAction\":[{\"@type\":\"SearchAction\",\"target\":{\"@type\":\"EntryPoint\",\"urlTemplate\":\"https:\/\/product-guide.org\/?s={search_term_string}\"},\"query-input\":{\"@type\":\"PropertyValueSpecification\",\"valueRequired\":true,\"valueName\":\"search_term_string\"}}],\"inLanguage\":\"en-GB\"},{\"@type\":\"Organization\",\"@id\":\"https:\/\/product-guide.org\/#organization\",\"name\":\"Product-Guide.org\",\"url\":\"https:\/\/product-guide.org\/\",\"logo\":{\"@type\":\"ImageObject\",\"inLanguage\":\"en-GB\",\"@id\":\"https:\/\/product-guide.org\/#\/schema\/logo\/image\/\",\"url\":\"https:\/\/product-guide.org\/wp-content\/uploads\/2022\/07\/logo_transparent_background.png\",\"contentUrl\":\"https:\/\/product-guide.org\/wp-content\/uploads\/2022\/07\/logo_transparent_background.png\",\"width\":3400,\"height\":1132,\"caption\":\"Product-Guide.org\"},\"image\":{\"@id\":\"https:\/\/product-guide.org\/#\/schema\/logo\/image\/\"}}]}<\/script>\n<!-- \/ Yoast SEO plugin. -->","yoast_head_json":{"title":"Fotos auf Leinwand: Fotoleinwand drucken - | Pimavo | Product-Guide.org","description":"Fotos auf Leinwand: Fotoleinwand drucken - | Pimavo gefunden von Product-Guide.org","robots":{"index":"index","follow":"follow","max-snippet":"max-snippet:-1","max-image-preview":"max-image-preview:large","max-video-preview":"max-video-preview:-1"},"canonical":"https:\/\/product-guide.org\/en\/produkt\/fotos-auf-leinwand-fotoleinwand-drucken-pimavo-5\/","og_locale":"en_GB","og_type":"article","og_title":"Fotos auf Leinwand: Fotoleinwand drucken - | Pimavo | Product-Guide.org","og_description":"Fotos auf Leinwand: Fotoleinwand drucken - | Pimavo gefunden von Product-Guide.org","og_url":"https:\/\/product-guide.org\/en\/produkt\/fotos-auf-leinwand-fotoleinwand-drucken-pimavo-5\/","og_site_name":"Product-Guide.org","article_modified_time":"2025-03-17T08:33:46+00:00","twitter_card":"summary_large_image","schema":{"@context":"https:\/\/schema.org","@graph":[{"@type":"WebPage","@id":"https:\/\/product-guide.org\/produkt\/fotos-auf-leinwand-fotoleinwand-drucken-pimavo-5\/","url":"https:\/\/product-guide.org\/produkt\/fotos-auf-leinwand-fotoleinwand-drucken-pimavo-5\/","name":"Fotos auf Leinwand: Fotoleinwand drucken - | Pimavo | Product-Guide.org","isPartOf":{"@id":"https:\/\/product-guide.org\/#website"},"primaryImageOfPage":{"@id":"https:\/\/product-guide.org\/produkt\/fotos-auf-leinwand-fotoleinwand-drucken-pimavo-5\/#primaryimage"},"image":{"@id":"https:\/\/product-guide.org\/produkt\/fotos-auf-leinwand-fotoleinwand-drucken-pimavo-5\/#primaryimage"},"thumbnailUrl":"https:\/\/product-guide.org\/wp-content\/uploads\/2025\/03\/fotoobraz-z-wlasnego-zdjecia-picarta.jpg","datePublished":"2025-03-17T08:33:45+00:00","dateModified":"2025-03-17T08:33:46+00:00","description":"Fotos auf Leinwand: Fotoleinwand drucken - | Pimavo gefunden von Product-Guide.org","breadcrumb":{"@id":"https:\/\/product-guide.org\/produkt\/fotos-auf-leinwand-fotoleinwand-drucken-pimavo-5\/#breadcrumb"},"inLanguage":"en-GB","potentialAction":[{"@type":"ReadAction","target":["https:\/\/product-guide.org\/produkt\/fotos-auf-leinwand-fotoleinwand-drucken-pimavo-5\/"]}]},{"@type":"ImageObject","inLanguage":"en-GB","@id":"https:\/\/product-guide.org\/produkt\/fotos-auf-leinwand-fotoleinwand-drucken-pimavo-5\/#primaryimage","url":"https:\/\/product-guide.org\/wp-content\/uploads\/2025\/03\/fotoobraz-z-wlasnego-zdjecia-picarta.jpg","contentUrl":"https:\/\/product-guide.org\/wp-content\/uploads\/2025\/03\/fotoobraz-z-wlasnego-zdjecia-picarta.jpg","width":1024,"height":632},{"@type":"BreadcrumbList","@id":"https:\/\/product-guide.org\/produkt\/fotos-auf-leinwand-fotoleinwand-drucken-pimavo-5\/#breadcrumb","itemListElement":[{"@type":"ListItem","position":1,"name":"Home","item":"https:\/\/product-guide.org\/"},{"@type":"ListItem","position":2,"name":"Ergebnisse","item":"https:\/\/product-guide.org\/de\/ergebnisse\/"},{"@type":"ListItem","position":3,"name":"Fotos auf Leinwand: Fotoleinwand drucken &#8211; | Pimavo"}]},{"@type":"WebSite","@id":"https:\/\/product-guide.org\/#website","url":"https:\/\/product-guide.org\/","name":"Product-Guide.org","description":"What Product are you looking for?","publisher":{"@id":"https:\/\/product-guide.org\/#organization"},"potentialAction":[{"@type":"SearchAction","target":{"@type":"EntryPoint","urlTemplate":"https:\/\/product-guide.org\/?s={search_term_string}"},"query-input":{"@type":"PropertyValueSpecification","valueRequired":true,"valueName":"search_term_string"}}],"inLanguage":"en-GB"},{"@type":"Organization","@id":"https:\/\/product-guide.org\/#organization","name":"Product-Guide.org","url":"https:\/\/product-guide.org\/","logo":{"@type":"ImageObject","inLanguage":"en-GB","@id":"https:\/\/product-guide.org\/#\/schema\/logo\/image\/","url":"https:\/\/product-guide.org\/wp-content\/uploads\/2022\/07\/logo_transparent_background.png","contentUrl":"https:\/\/product-guide.org\/wp-content\/uploads\/2022\/07\/logo_transparent_background.png","width":3400,"height":1132,"caption":"Product-Guide.org"},"image":{"@id":"https:\/\/product-guide.org\/#\/schema\/logo\/image\/"}}]}},"_links":{"self":[{"href":"https:\/\/product-guide.org\/en\/wp-json\/wp\/v2\/product\/44387","targetHints":{"allow":["GET"]}}],"collection":[{"href":"https:\/\/product-guide.org\/en\/wp-json\/wp\/v2\/product"}],"about":[{"href":"https:\/\/product-guide.org\/en\/wp-json\/wp\/v2\/types\/product"}],"wp:featuredmedia":[{"embeddable":true,"href":"https:\/\/product-guide.org\/en\/wp-json\/wp\/v2\/media\/44382"}],"wp:attachment":[{"href":"https:\/\/product-guide.org\/en\/wp-json\/wp\/v2\/media?parent=44387"}],"wp:term":[{"taxonomy":"store","embeddable":true,"href":"https:\/\/product-guide.org\/en\/wp-json\/wp\/v2\/store?post=44387"},{"taxonomy":"product_brand","embeddable":true,"href":"https:\/\/product-guide.org\/en\/wp-json\/wp\/v2\/product_brand?post=44387"},{"taxonomy":"product_cat","embeddable":true,"href":"https:\/\/product-guide.org\/en\/wp-json\/wp\/v2\/product_cat?post=44387"},{"taxonomy":"product_tag","embeddable":true,"href":"https:\/\/product-guide.org\/en\/wp-json\/wp\/v2\/product_tag?post=44387"}],"curies":[{"name":"wp","href":"https:\/\/api.w.org\/{rel}","templated":true}]}}