{"id":44416,"date":"2025-03-17T09:33:56","date_gmt":"2025-03-17T08:33:56","guid":{"rendered":"https:\/\/product-guide.org\/produkt\/sternenhimmel-poster-personliche-sternenkarte-weis-schwarz-aluminiumrahmen-schwarz-60x80cm-pimavo\/"},"modified":"2025-03-17T09:33:56","modified_gmt":"2025-03-17T08:33:56","slug":"sternenhimmel-poster-personliche-sternenkarte-weis-schwarz-aluminiumrahmen-schwarz-60x80cm-pimavo","status":"publish","type":"product","link":"https:\/\/product-guide.org\/en\/produkt\/sternenhimmel-poster-personliche-sternenkarte-weis-schwarz-aluminiumrahmen-schwarz-60x80cm-pimavo\/","title":{"rendered":"Sternenhimmel Poster &#8211; Pers\u00f6nliche Sternenkarte &#8211; Wei\u00df-Schwarz &#8211; Aluminiumrahmen Schwarz, 60x80cm | Pimavo"},"content":{"rendered":"<p>Himmelskarte perfekt als ein Geschenk! Pers\u00f6nliche Sternenkarte spiegelt pr\u00e4zise die Sternenkonstellation an dem von Ihnen genannten Ort, Tag und Zeit, an denen ein f\u00fcr Sie unvergessliches Ereignis geschah, wider. Die Sternenkarte eignet sich optimal als ein Geschenk zum Hochzeit, zum Hochzeitstag, zum Geburt eines neuen Familienmitglieds, zum ersten Kuss, zum Geburtstag usw. Das ist immer ein unvergesslicher Moment, der verewigt werden muss, uns so viel Freude bereitet und in der t\u00e4glichen Hektik nicht vergessen werden soll. Die Sternenkarte ist eine originelle, symbolhafte Wanddekoration, die allen Familienmitgliedern viel Spa\u00df machen wird. Das ist mehr als nur ein Foto \u2013 die Konstellationen am Himmel ver\u00e4ndern sich jede Minute und sind anders an jedem Ort auf der Erde, was in Verbindung mit Ihren Erinnerungen ein einmaliges Design bildet! Sternenkarte, die einmalige Momente verewigt \u2013 warum ist sie empfehlenswert? Hochwertiger wei\u00dfer oder schwarzer Aluminiumrahmen, mit Abmessungen 40&#215;60, 50&#215;70 oder 60x80cm Sternenkarte in Schwarz-Wei\u00df auf hochwertigem Fotopapier mit Perlglanz-Effekt Einfache Bestellung \u2013 schicken Sie uns den gew\u00fcnschten Text, Ihr einmaliges Datum und Ihren speziellen Ort zu und wir sorgen f\u00fcr den Rest! Sternkarte Widerspiegelung des Himmels vom beliebigen Ort auf der Erde aus gesehen Wir bereiten f\u00fcr Sie eine mit Details widergespiegelte Sternenkarte vor, die vom von Ihnen gew\u00e4hlten Ort auf der Erde aus und zum bestimmten Zeitpunkt am Himmel zu sehen war. W\u00e4hlen Sie das Datum, die Stunde und die Minute aus Die genaue Uhrzeit hat neben der Lokalisation einen Einfluss auf das Erscheinungsbild des Himmels. Geben Sie uns das Datum und die Uhrzeit des gew\u00fcnschten Ereignisses an und Sie bekommen die genau zu dem genannten Zeitpunkt widergespiegelte Sternenkarte, z.B. Geburt Ihres Kindes um 21:34. Dazu noch Sterne, Planeten, Konstellationen Neben Sternen bekommen Sie auch die Beschreibungen von Planeten und gr\u00f6\u00dften Sternen, die wir mit einer feinen Linie zu Konstellationen verbinden \u2013 das Ergebnis ist atemberaubend!<\/p>\n","protected":false},"excerpt":{"rendered":"<p>Himmelskarte perfekt als ein Geschenk! Pers\u00f6nliche Sternenkarte spiegelt pr\u00e4zise die Sternenkonstellation an dem von Ihnen genannten Ort, Tag und Zeit, an denen ein f\u00fcr Sie unvergessliches Ereignis geschah, wider. Die Sternenkarte eignet sich optimal als ein Geschenk zum Hochzeit, zum Hochzeitstag, zum Geburt eines neuen Familienmitglieds, zum ersten Kuss, zum Geburtstag usw. Das ist immer [&hellip;]<\/p>\n","protected":false},"featured_media":44413,"template":"","meta":{"_gspb_post_css":""},"store":[],"product_brand":[1292],"product_cat":[1290],"product_tag":[],"class_list":{"0":"post-44416","1":"product","2":"type-product","3":"status-publish","4":"has-post-thumbnail","6":"product_brand-pimavo","7":"product_cat-uncategorized","9":"first","10":"instock","11":"shipping-taxable","12":"purchasable","13":"product-type-simple"},"yoast_head":"<!-- This site is optimized with the Yoast SEO plugin v24.6 - https:\/\/yoast.com\/wordpress\/plugins\/seo\/ -->\n<title>Sternenhimmel Poster - Pers\u00f6nliche Sternenkarte - Wei\u00df-Schwarz - Aluminiumrahmen Schwarz, 60x80cm | Pimavo | Product-Guide.org<\/title>\n<meta name=\"description\" content=\"Sternenhimmel Poster - Pers\u00f6nliche Sternenkarte - Wei\u00df-Schwarz - Aluminiumrahmen Schwarz, 60x80cm | Pimavo gefunden von Product-Guide.org\" \/>\n<meta name=\"robots\" content=\"index, follow, max-snippet:-1, max-image-preview:large, max-video-preview:-1\" \/>\n<link rel=\"canonical\" href=\"https:\/\/product-guide.org\/en\/produkt\/sternenhimmel-poster-personliche-sternenkarte-weis-schwarz-aluminiumrahmen-schwarz-60x80cm-pimavo\/\" \/>\n<meta property=\"og:locale\" content=\"en_GB\" \/>\n<meta property=\"og:type\" content=\"article\" \/>\n<meta property=\"og:title\" content=\"Sternenhimmel Poster - Pers\u00f6nliche Sternenkarte - Wei\u00df-Schwarz - Aluminiumrahmen Schwarz, 60x80cm | Pimavo | Product-Guide.org\" \/>\n<meta property=\"og:description\" content=\"Sternenhimmel Poster - Pers\u00f6nliche Sternenkarte - Wei\u00df-Schwarz - Aluminiumrahmen Schwarz, 60x80cm | Pimavo gefunden von Product-Guide.org\" \/>\n<meta property=\"og:url\" content=\"https:\/\/product-guide.org\/en\/produkt\/sternenhimmel-poster-personliche-sternenkarte-weis-schwarz-aluminiumrahmen-schwarz-60x80cm-pimavo\/\" \/>\n<meta property=\"og:site_name\" content=\"Product-Guide.org\" \/>\n<meta name=\"twitter:card\" content=\"summary_large_image\" \/>\n<script type=\"application\/ld+json\" class=\"yoast-schema-graph\">{\"@context\":\"https:\/\/schema.org\",\"@graph\":[{\"@type\":\"WebPage\",\"@id\":\"https:\/\/product-guide.org\/produkt\/sternenhimmel-poster-personliche-sternenkarte-weis-schwarz-aluminiumrahmen-schwarz-60x80cm-pimavo\/\",\"url\":\"https:\/\/product-guide.org\/produkt\/sternenhimmel-poster-personliche-sternenkarte-weis-schwarz-aluminiumrahmen-schwarz-60x80cm-pimavo\/\",\"name\":\"Sternenhimmel Poster - Pers\u00f6nliche Sternenkarte - Wei\u00df-Schwarz - Aluminiumrahmen Schwarz, 60x80cm | Pimavo | Product-Guide.org\",\"isPartOf\":{\"@id\":\"https:\/\/product-guide.org\/#website\"},\"primaryImageOfPage\":{\"@id\":\"https:\/\/product-guide.org\/produkt\/sternenhimmel-poster-personliche-sternenkarte-weis-schwarz-aluminiumrahmen-schwarz-60x80cm-pimavo\/#primaryimage\"},\"image\":{\"@id\":\"https:\/\/product-guide.org\/produkt\/sternenhimmel-poster-personliche-sternenkarte-weis-schwarz-aluminiumrahmen-schwarz-60x80cm-pimavo\/#primaryimage\"},\"thumbnailUrl\":\"https:\/\/product-guide.org\/wp-content\/uploads\/2025\/03\/Sternenhimmel-Poster-Persoenliche-Sternenkarte-Weiss-Schwarz.jpg\",\"datePublished\":\"2025-03-17T08:33:56+00:00\",\"description\":\"Sternenhimmel Poster - Pers\u00f6nliche Sternenkarte - Wei\u00df-Schwarz - Aluminiumrahmen Schwarz, 60x80cm | Pimavo gefunden von Product-Guide.org\",\"breadcrumb\":{\"@id\":\"https:\/\/product-guide.org\/produkt\/sternenhimmel-poster-personliche-sternenkarte-weis-schwarz-aluminiumrahmen-schwarz-60x80cm-pimavo\/#breadcrumb\"},\"inLanguage\":\"en-GB\",\"potentialAction\":[{\"@type\":\"ReadAction\",\"target\":[\"https:\/\/product-guide.org\/produkt\/sternenhimmel-poster-personliche-sternenkarte-weis-schwarz-aluminiumrahmen-schwarz-60x80cm-pimavo\/\"]}]},{\"@type\":\"ImageObject\",\"inLanguage\":\"en-GB\",\"@id\":\"https:\/\/product-guide.org\/produkt\/sternenhimmel-poster-personliche-sternenkarte-weis-schwarz-aluminiumrahmen-schwarz-60x80cm-pimavo\/#primaryimage\",\"url\":\"https:\/\/product-guide.org\/wp-content\/uploads\/2025\/03\/Sternenhimmel-Poster-Persoenliche-Sternenkarte-Weiss-Schwarz.jpg\",\"contentUrl\":\"https:\/\/product-guide.org\/wp-content\/uploads\/2025\/03\/Sternenhimmel-Poster-Persoenliche-Sternenkarte-Weiss-Schwarz.jpg\",\"width\":1024,\"height\":1024},{\"@type\":\"BreadcrumbList\",\"@id\":\"https:\/\/product-guide.org\/produkt\/sternenhimmel-poster-personliche-sternenkarte-weis-schwarz-aluminiumrahmen-schwarz-60x80cm-pimavo\/#breadcrumb\",\"itemListElement\":[{\"@type\":\"ListItem\",\"position\":1,\"name\":\"Home\",\"item\":\"https:\/\/product-guide.org\/\"},{\"@type\":\"ListItem\",\"position\":2,\"name\":\"Ergebnisse\",\"item\":\"https:\/\/product-guide.org\/de\/ergebnisse\/\"},{\"@type\":\"ListItem\",\"position\":3,\"name\":\"Sternenhimmel Poster &#8211; Pers\u00f6nliche Sternenkarte &#8211; Wei\u00df-Schwarz &#8211; Aluminiumrahmen Schwarz, 60x80cm | Pimavo\"}]},{\"@type\":\"WebSite\",\"@id\":\"https:\/\/product-guide.org\/#website\",\"url\":\"https:\/\/product-guide.org\/\",\"name\":\"Product-Guide.org\",\"description\":\"What Product are you looking for?\",\"publisher\":{\"@id\":\"https:\/\/product-guide.org\/#organization\"},\"potentialAction\":[{\"@type\":\"SearchAction\",\"target\":{\"@type\":\"EntryPoint\",\"urlTemplate\":\"https:\/\/product-guide.org\/?s={search_term_string}\"},\"query-input\":{\"@type\":\"PropertyValueSpecification\",\"valueRequired\":true,\"valueName\":\"search_term_string\"}}],\"inLanguage\":\"en-GB\"},{\"@type\":\"Organization\",\"@id\":\"https:\/\/product-guide.org\/#organization\",\"name\":\"Product-Guide.org\",\"url\":\"https:\/\/product-guide.org\/\",\"logo\":{\"@type\":\"ImageObject\",\"inLanguage\":\"en-GB\",\"@id\":\"https:\/\/product-guide.org\/#\/schema\/logo\/image\/\",\"url\":\"https:\/\/product-guide.org\/wp-content\/uploads\/2022\/07\/logo_transparent_background.png\",\"contentUrl\":\"https:\/\/product-guide.org\/wp-content\/uploads\/2022\/07\/logo_transparent_background.png\",\"width\":3400,\"height\":1132,\"caption\":\"Product-Guide.org\"},\"image\":{\"@id\":\"https:\/\/product-guide.org\/#\/schema\/logo\/image\/\"}}]}<\/script>\n<!-- \/ Yoast SEO plugin. -->","yoast_head_json":{"title":"Sternenhimmel Poster - Pers\u00f6nliche Sternenkarte - Wei\u00df-Schwarz - Aluminiumrahmen Schwarz, 60x80cm | Pimavo | Product-Guide.org","description":"Sternenhimmel Poster - Pers\u00f6nliche Sternenkarte - Wei\u00df-Schwarz - Aluminiumrahmen Schwarz, 60x80cm | Pimavo gefunden von Product-Guide.org","robots":{"index":"index","follow":"follow","max-snippet":"max-snippet:-1","max-image-preview":"max-image-preview:large","max-video-preview":"max-video-preview:-1"},"canonical":"https:\/\/product-guide.org\/en\/produkt\/sternenhimmel-poster-personliche-sternenkarte-weis-schwarz-aluminiumrahmen-schwarz-60x80cm-pimavo\/","og_locale":"en_GB","og_type":"article","og_title":"Sternenhimmel Poster - Pers\u00f6nliche Sternenkarte - Wei\u00df-Schwarz - Aluminiumrahmen Schwarz, 60x80cm | Pimavo | Product-Guide.org","og_description":"Sternenhimmel Poster - Pers\u00f6nliche Sternenkarte - Wei\u00df-Schwarz - Aluminiumrahmen Schwarz, 60x80cm | Pimavo gefunden von Product-Guide.org","og_url":"https:\/\/product-guide.org\/en\/produkt\/sternenhimmel-poster-personliche-sternenkarte-weis-schwarz-aluminiumrahmen-schwarz-60x80cm-pimavo\/","og_site_name":"Product-Guide.org","twitter_card":"summary_large_image","schema":{"@context":"https:\/\/schema.org","@graph":[{"@type":"WebPage","@id":"https:\/\/product-guide.org\/produkt\/sternenhimmel-poster-personliche-sternenkarte-weis-schwarz-aluminiumrahmen-schwarz-60x80cm-pimavo\/","url":"https:\/\/product-guide.org\/produkt\/sternenhimmel-poster-personliche-sternenkarte-weis-schwarz-aluminiumrahmen-schwarz-60x80cm-pimavo\/","name":"Sternenhimmel Poster - Pers\u00f6nliche Sternenkarte - Wei\u00df-Schwarz - Aluminiumrahmen Schwarz, 60x80cm | Pimavo | Product-Guide.org","isPartOf":{"@id":"https:\/\/product-guide.org\/#website"},"primaryImageOfPage":{"@id":"https:\/\/product-guide.org\/produkt\/sternenhimmel-poster-personliche-sternenkarte-weis-schwarz-aluminiumrahmen-schwarz-60x80cm-pimavo\/#primaryimage"},"image":{"@id":"https:\/\/product-guide.org\/produkt\/sternenhimmel-poster-personliche-sternenkarte-weis-schwarz-aluminiumrahmen-schwarz-60x80cm-pimavo\/#primaryimage"},"thumbnailUrl":"https:\/\/product-guide.org\/wp-content\/uploads\/2025\/03\/Sternenhimmel-Poster-Persoenliche-Sternenkarte-Weiss-Schwarz.jpg","datePublished":"2025-03-17T08:33:56+00:00","description":"Sternenhimmel Poster - Pers\u00f6nliche Sternenkarte - Wei\u00df-Schwarz - Aluminiumrahmen Schwarz, 60x80cm | Pimavo gefunden von Product-Guide.org","breadcrumb":{"@id":"https:\/\/product-guide.org\/produkt\/sternenhimmel-poster-personliche-sternenkarte-weis-schwarz-aluminiumrahmen-schwarz-60x80cm-pimavo\/#breadcrumb"},"inLanguage":"en-GB","potentialAction":[{"@type":"ReadAction","target":["https:\/\/product-guide.org\/produkt\/sternenhimmel-poster-personliche-sternenkarte-weis-schwarz-aluminiumrahmen-schwarz-60x80cm-pimavo\/"]}]},{"@type":"ImageObject","inLanguage":"en-GB","@id":"https:\/\/product-guide.org\/produkt\/sternenhimmel-poster-personliche-sternenkarte-weis-schwarz-aluminiumrahmen-schwarz-60x80cm-pimavo\/#primaryimage","url":"https:\/\/product-guide.org\/wp-content\/uploads\/2025\/03\/Sternenhimmel-Poster-Persoenliche-Sternenkarte-Weiss-Schwarz.jpg","contentUrl":"https:\/\/product-guide.org\/wp-content\/uploads\/2025\/03\/Sternenhimmel-Poster-Persoenliche-Sternenkarte-Weiss-Schwarz.jpg","width":1024,"height":1024},{"@type":"BreadcrumbList","@id":"https:\/\/product-guide.org\/produkt\/sternenhimmel-poster-personliche-sternenkarte-weis-schwarz-aluminiumrahmen-schwarz-60x80cm-pimavo\/#breadcrumb","itemListElement":[{"@type":"ListItem","position":1,"name":"Home","item":"https:\/\/product-guide.org\/"},{"@type":"ListItem","position":2,"name":"Ergebnisse","item":"https:\/\/product-guide.org\/de\/ergebnisse\/"},{"@type":"ListItem","position":3,"name":"Sternenhimmel Poster &#8211; Pers\u00f6nliche Sternenkarte &#8211; Wei\u00df-Schwarz &#8211; Aluminiumrahmen Schwarz, 60x80cm | Pimavo"}]},{"@type":"WebSite","@id":"https:\/\/product-guide.org\/#website","url":"https:\/\/product-guide.org\/","name":"Product-Guide.org","description":"What Product are you looking for?","publisher":{"@id":"https:\/\/product-guide.org\/#organization"},"potentialAction":[{"@type":"SearchAction","target":{"@type":"EntryPoint","urlTemplate":"https:\/\/product-guide.org\/?s={search_term_string}"},"query-input":{"@type":"PropertyValueSpecification","valueRequired":true,"valueName":"search_term_string"}}],"inLanguage":"en-GB"},{"@type":"Organization","@id":"https:\/\/product-guide.org\/#organization","name":"Product-Guide.org","url":"https:\/\/product-guide.org\/","logo":{"@type":"ImageObject","inLanguage":"en-GB","@id":"https:\/\/product-guide.org\/#\/schema\/logo\/image\/","url":"https:\/\/product-guide.org\/wp-content\/uploads\/2022\/07\/logo_transparent_background.png","contentUrl":"https:\/\/product-guide.org\/wp-content\/uploads\/2022\/07\/logo_transparent_background.png","width":3400,"height":1132,"caption":"Product-Guide.org"},"image":{"@id":"https:\/\/product-guide.org\/#\/schema\/logo\/image\/"}}]}},"_links":{"self":[{"href":"https:\/\/product-guide.org\/en\/wp-json\/wp\/v2\/product\/44416","targetHints":{"allow":["GET"]}}],"collection":[{"href":"https:\/\/product-guide.org\/en\/wp-json\/wp\/v2\/product"}],"about":[{"href":"https:\/\/product-guide.org\/en\/wp-json\/wp\/v2\/types\/product"}],"wp:featuredmedia":[{"embeddable":true,"href":"https:\/\/product-guide.org\/en\/wp-json\/wp\/v2\/media\/44413"}],"wp:attachment":[{"href":"https:\/\/product-guide.org\/en\/wp-json\/wp\/v2\/media?parent=44416"}],"wp:term":[{"taxonomy":"store","embeddable":true,"href":"https:\/\/product-guide.org\/en\/wp-json\/wp\/v2\/store?post=44416"},{"taxonomy":"product_brand","embeddable":true,"href":"https:\/\/product-guide.org\/en\/wp-json\/wp\/v2\/product_brand?post=44416"},{"taxonomy":"product_cat","embeddable":true,"href":"https:\/\/product-guide.org\/en\/wp-json\/wp\/v2\/product_cat?post=44416"},{"taxonomy":"product_tag","embeddable":true,"href":"https:\/\/product-guide.org\/en\/wp-json\/wp\/v2\/product_tag?post=44416"}],"curies":[{"name":"wp","href":"https:\/\/api.w.org\/{rel}","templated":true}]}}