{"id":44521,"date":"2025-03-17T09:35:42","date_gmt":"2025-03-17T08:35:42","guid":{"rendered":"https:\/\/product-guide.org\/produkt\/mauser-geradezugrepetierbuchse-m25-max-1moa-onlineshop-fur-jager-und-schutzen-2\/"},"modified":"2025-03-17T09:35:42","modified_gmt":"2025-03-17T08:35:42","slug":"mauser-geradezugrepetierbuchse-m25-max-1moa-onlineshop-fur-jager-und-schutzen-2","status":"publish","type":"product","link":"https:\/\/product-guide.org\/en\/produkt\/mauser-geradezugrepetierbuchse-m25-max-1moa-onlineshop-fur-jager-und-schutzen-2\/","title":{"rendered":"MAUSER &#8211; Geradezugrepetierb\u00fcchse M25 MAX | 1MOA &#8211; Onlineshop f\u00fcr J\u00e4ger und Sch\u00fctzen"},"content":{"rendered":"<p>Die Mauser M25 markiert die R\u00fcckkehr der Firma Mauser in das Segment der Geradezugrepetierer \u2013 ein Schritt, der in der Branche mit Spannung erwartet wurde. Vorgestellt auf der renommierten Messe Ja&#8230;<\/p>\n","protected":false},"excerpt":{"rendered":"<p>Die Mauser M25 markiert die R\u00fcckkehr der Firma Mauser in das Segment der Geradezugrepetierer \u2013 ein Schritt, der in der Branche mit Spannung erwartet wurde. Vorgestellt auf der renommierten Messe Ja&#8230;<\/p>\n","protected":false},"featured_media":44519,"template":"","meta":{"_gspb_post_css":""},"store":[],"product_brand":[1293],"product_cat":[1290],"product_tag":[],"class_list":{"0":"post-44521","1":"product","2":"type-product","3":"status-publish","4":"has-post-thumbnail","6":"product_brand-1moa-onlineshop-fur-jager-und-schutzen","7":"product_cat-uncategorized","9":"first","10":"instock","11":"shipping-taxable","12":"purchasable","13":"product-type-simple"},"yoast_head":"<!-- This site is optimized with the Yoast SEO plugin v24.6 - https:\/\/yoast.com\/wordpress\/plugins\/seo\/ -->\n<title>MAUSER - Geradezugrepetierb\u00fcchse M25 MAX | 1MOA - Onlineshop f\u00fcr J\u00e4ger und Sch\u00fctzen | Product-Guide.org<\/title>\n<meta name=\"description\" content=\"MAUSER - Geradezugrepetierb\u00fcchse M25 MAX | 1MOA - Onlineshop f\u00fcr J\u00e4ger und Sch\u00fctzen gefunden von Product-Guide.org\" \/>\n<meta name=\"robots\" content=\"index, follow, max-snippet:-1, max-image-preview:large, max-video-preview:-1\" \/>\n<link rel=\"canonical\" href=\"https:\/\/product-guide.org\/en\/produkt\/mauser-geradezugrepetierbuchse-m25-max-1moa-onlineshop-fur-jager-und-schutzen-2\/\" \/>\n<meta property=\"og:locale\" content=\"en_GB\" \/>\n<meta property=\"og:type\" content=\"article\" \/>\n<meta property=\"og:title\" content=\"MAUSER - Geradezugrepetierb\u00fcchse M25 MAX | 1MOA - Onlineshop f\u00fcr J\u00e4ger und Sch\u00fctzen | Product-Guide.org\" \/>\n<meta property=\"og:description\" content=\"MAUSER - Geradezugrepetierb\u00fcchse M25 MAX | 1MOA - Onlineshop f\u00fcr J\u00e4ger und Sch\u00fctzen gefunden von Product-Guide.org\" \/>\n<meta property=\"og:url\" content=\"https:\/\/product-guide.org\/en\/produkt\/mauser-geradezugrepetierbuchse-m25-max-1moa-onlineshop-fur-jager-und-schutzen-2\/\" \/>\n<meta property=\"og:site_name\" content=\"Product-Guide.org\" \/>\n<meta name=\"twitter:card\" content=\"summary_large_image\" \/>\n<script type=\"application\/ld+json\" class=\"yoast-schema-graph\">{\"@context\":\"https:\/\/schema.org\",\"@graph\":[{\"@type\":\"WebPage\",\"@id\":\"https:\/\/product-guide.org\/produkt\/mauser-geradezugrepetierbuchse-m25-max-1moa-onlineshop-fur-jager-und-schutzen-2\/\",\"url\":\"https:\/\/product-guide.org\/produkt\/mauser-geradezugrepetierbuchse-m25-max-1moa-onlineshop-fur-jager-und-schutzen-2\/\",\"name\":\"MAUSER - Geradezugrepetierb\u00fcchse M25 MAX | 1MOA - Onlineshop f\u00fcr J\u00e4ger und Sch\u00fctzen | Product-Guide.org\",\"isPartOf\":{\"@id\":\"https:\/\/product-guide.org\/#website\"},\"primaryImageOfPage\":{\"@id\":\"https:\/\/product-guide.org\/produkt\/mauser-geradezugrepetierbuchse-m25-max-1moa-onlineshop-fur-jager-und-schutzen-2\/#primaryimage\"},\"image\":{\"@id\":\"https:\/\/product-guide.org\/produkt\/mauser-geradezugrepetierbuchse-m25-max-1moa-onlineshop-fur-jager-und-schutzen-2\/#primaryimage\"},\"thumbnailUrl\":\"https:\/\/product-guide.org\/wp-content\/uploads\/2025\/03\/IMG-20250124-WA0009_1280x1280.jpg\",\"datePublished\":\"2025-03-17T08:35:42+00:00\",\"description\":\"MAUSER - Geradezugrepetierb\u00fcchse M25 MAX | 1MOA - Onlineshop f\u00fcr J\u00e4ger und Sch\u00fctzen gefunden von Product-Guide.org\",\"breadcrumb\":{\"@id\":\"https:\/\/product-guide.org\/produkt\/mauser-geradezugrepetierbuchse-m25-max-1moa-onlineshop-fur-jager-und-schutzen-2\/#breadcrumb\"},\"inLanguage\":\"en-GB\",\"potentialAction\":[{\"@type\":\"ReadAction\",\"target\":[\"https:\/\/product-guide.org\/produkt\/mauser-geradezugrepetierbuchse-m25-max-1moa-onlineshop-fur-jager-und-schutzen-2\/\"]}]},{\"@type\":\"ImageObject\",\"inLanguage\":\"en-GB\",\"@id\":\"https:\/\/product-guide.org\/produkt\/mauser-geradezugrepetierbuchse-m25-max-1moa-onlineshop-fur-jager-und-schutzen-2\/#primaryimage\",\"url\":\"https:\/\/product-guide.org\/wp-content\/uploads\/2025\/03\/IMG-20250124-WA0009_1280x1280.jpg\",\"contentUrl\":\"https:\/\/product-guide.org\/wp-content\/uploads\/2025\/03\/IMG-20250124-WA0009_1280x1280.jpg\",\"width\":1280,\"height\":960},{\"@type\":\"BreadcrumbList\",\"@id\":\"https:\/\/product-guide.org\/produkt\/mauser-geradezugrepetierbuchse-m25-max-1moa-onlineshop-fur-jager-und-schutzen-2\/#breadcrumb\",\"itemListElement\":[{\"@type\":\"ListItem\",\"position\":1,\"name\":\"Home\",\"item\":\"https:\/\/product-guide.org\/\"},{\"@type\":\"ListItem\",\"position\":2,\"name\":\"Ergebnisse\",\"item\":\"https:\/\/product-guide.org\/de\/ergebnisse\/\"},{\"@type\":\"ListItem\",\"position\":3,\"name\":\"MAUSER &#8211; Geradezugrepetierb\u00fcchse M25 MAX | 1MOA &#8211; Onlineshop f\u00fcr J\u00e4ger und Sch\u00fctzen\"}]},{\"@type\":\"WebSite\",\"@id\":\"https:\/\/product-guide.org\/#website\",\"url\":\"https:\/\/product-guide.org\/\",\"name\":\"Product-Guide.org\",\"description\":\"What Product are you looking for?\",\"publisher\":{\"@id\":\"https:\/\/product-guide.org\/#organization\"},\"potentialAction\":[{\"@type\":\"SearchAction\",\"target\":{\"@type\":\"EntryPoint\",\"urlTemplate\":\"https:\/\/product-guide.org\/?s={search_term_string}\"},\"query-input\":{\"@type\":\"PropertyValueSpecification\",\"valueRequired\":true,\"valueName\":\"search_term_string\"}}],\"inLanguage\":\"en-GB\"},{\"@type\":\"Organization\",\"@id\":\"https:\/\/product-guide.org\/#organization\",\"name\":\"Product-Guide.org\",\"url\":\"https:\/\/product-guide.org\/\",\"logo\":{\"@type\":\"ImageObject\",\"inLanguage\":\"en-GB\",\"@id\":\"https:\/\/product-guide.org\/#\/schema\/logo\/image\/\",\"url\":\"https:\/\/product-guide.org\/wp-content\/uploads\/2022\/07\/logo_transparent_background.png\",\"contentUrl\":\"https:\/\/product-guide.org\/wp-content\/uploads\/2022\/07\/logo_transparent_background.png\",\"width\":3400,\"height\":1132,\"caption\":\"Product-Guide.org\"},\"image\":{\"@id\":\"https:\/\/product-guide.org\/#\/schema\/logo\/image\/\"}}]}<\/script>\n<!-- \/ Yoast SEO plugin. -->","yoast_head_json":{"title":"MAUSER - Geradezugrepetierb\u00fcchse M25 MAX | 1MOA - Onlineshop f\u00fcr J\u00e4ger und Sch\u00fctzen | Product-Guide.org","description":"MAUSER - Geradezugrepetierb\u00fcchse M25 MAX | 1MOA - Onlineshop f\u00fcr J\u00e4ger und Sch\u00fctzen gefunden von Product-Guide.org","robots":{"index":"index","follow":"follow","max-snippet":"max-snippet:-1","max-image-preview":"max-image-preview:large","max-video-preview":"max-video-preview:-1"},"canonical":"https:\/\/product-guide.org\/en\/produkt\/mauser-geradezugrepetierbuchse-m25-max-1moa-onlineshop-fur-jager-und-schutzen-2\/","og_locale":"en_GB","og_type":"article","og_title":"MAUSER - Geradezugrepetierb\u00fcchse M25 MAX | 1MOA - Onlineshop f\u00fcr J\u00e4ger und Sch\u00fctzen | Product-Guide.org","og_description":"MAUSER - Geradezugrepetierb\u00fcchse M25 MAX | 1MOA - Onlineshop f\u00fcr J\u00e4ger und Sch\u00fctzen gefunden von Product-Guide.org","og_url":"https:\/\/product-guide.org\/en\/produkt\/mauser-geradezugrepetierbuchse-m25-max-1moa-onlineshop-fur-jager-und-schutzen-2\/","og_site_name":"Product-Guide.org","twitter_card":"summary_large_image","schema":{"@context":"https:\/\/schema.org","@graph":[{"@type":"WebPage","@id":"https:\/\/product-guide.org\/produkt\/mauser-geradezugrepetierbuchse-m25-max-1moa-onlineshop-fur-jager-und-schutzen-2\/","url":"https:\/\/product-guide.org\/produkt\/mauser-geradezugrepetierbuchse-m25-max-1moa-onlineshop-fur-jager-und-schutzen-2\/","name":"MAUSER - Geradezugrepetierb\u00fcchse M25 MAX | 1MOA - Onlineshop f\u00fcr J\u00e4ger und Sch\u00fctzen | Product-Guide.org","isPartOf":{"@id":"https:\/\/product-guide.org\/#website"},"primaryImageOfPage":{"@id":"https:\/\/product-guide.org\/produkt\/mauser-geradezugrepetierbuchse-m25-max-1moa-onlineshop-fur-jager-und-schutzen-2\/#primaryimage"},"image":{"@id":"https:\/\/product-guide.org\/produkt\/mauser-geradezugrepetierbuchse-m25-max-1moa-onlineshop-fur-jager-und-schutzen-2\/#primaryimage"},"thumbnailUrl":"https:\/\/product-guide.org\/wp-content\/uploads\/2025\/03\/IMG-20250124-WA0009_1280x1280.jpg","datePublished":"2025-03-17T08:35:42+00:00","description":"MAUSER - Geradezugrepetierb\u00fcchse M25 MAX | 1MOA - Onlineshop f\u00fcr J\u00e4ger und Sch\u00fctzen gefunden von Product-Guide.org","breadcrumb":{"@id":"https:\/\/product-guide.org\/produkt\/mauser-geradezugrepetierbuchse-m25-max-1moa-onlineshop-fur-jager-und-schutzen-2\/#breadcrumb"},"inLanguage":"en-GB","potentialAction":[{"@type":"ReadAction","target":["https:\/\/product-guide.org\/produkt\/mauser-geradezugrepetierbuchse-m25-max-1moa-onlineshop-fur-jager-und-schutzen-2\/"]}]},{"@type":"ImageObject","inLanguage":"en-GB","@id":"https:\/\/product-guide.org\/produkt\/mauser-geradezugrepetierbuchse-m25-max-1moa-onlineshop-fur-jager-und-schutzen-2\/#primaryimage","url":"https:\/\/product-guide.org\/wp-content\/uploads\/2025\/03\/IMG-20250124-WA0009_1280x1280.jpg","contentUrl":"https:\/\/product-guide.org\/wp-content\/uploads\/2025\/03\/IMG-20250124-WA0009_1280x1280.jpg","width":1280,"height":960},{"@type":"BreadcrumbList","@id":"https:\/\/product-guide.org\/produkt\/mauser-geradezugrepetierbuchse-m25-max-1moa-onlineshop-fur-jager-und-schutzen-2\/#breadcrumb","itemListElement":[{"@type":"ListItem","position":1,"name":"Home","item":"https:\/\/product-guide.org\/"},{"@type":"ListItem","position":2,"name":"Ergebnisse","item":"https:\/\/product-guide.org\/de\/ergebnisse\/"},{"@type":"ListItem","position":3,"name":"MAUSER &#8211; Geradezugrepetierb\u00fcchse M25 MAX | 1MOA &#8211; Onlineshop f\u00fcr J\u00e4ger und Sch\u00fctzen"}]},{"@type":"WebSite","@id":"https:\/\/product-guide.org\/#website","url":"https:\/\/product-guide.org\/","name":"Product-Guide.org","description":"What Product are you looking for?","publisher":{"@id":"https:\/\/product-guide.org\/#organization"},"potentialAction":[{"@type":"SearchAction","target":{"@type":"EntryPoint","urlTemplate":"https:\/\/product-guide.org\/?s={search_term_string}"},"query-input":{"@type":"PropertyValueSpecification","valueRequired":true,"valueName":"search_term_string"}}],"inLanguage":"en-GB"},{"@type":"Organization","@id":"https:\/\/product-guide.org\/#organization","name":"Product-Guide.org","url":"https:\/\/product-guide.org\/","logo":{"@type":"ImageObject","inLanguage":"en-GB","@id":"https:\/\/product-guide.org\/#\/schema\/logo\/image\/","url":"https:\/\/product-guide.org\/wp-content\/uploads\/2022\/07\/logo_transparent_background.png","contentUrl":"https:\/\/product-guide.org\/wp-content\/uploads\/2022\/07\/logo_transparent_background.png","width":3400,"height":1132,"caption":"Product-Guide.org"},"image":{"@id":"https:\/\/product-guide.org\/#\/schema\/logo\/image\/"}}]}},"_links":{"self":[{"href":"https:\/\/product-guide.org\/en\/wp-json\/wp\/v2\/product\/44521","targetHints":{"allow":["GET"]}}],"collection":[{"href":"https:\/\/product-guide.org\/en\/wp-json\/wp\/v2\/product"}],"about":[{"href":"https:\/\/product-guide.org\/en\/wp-json\/wp\/v2\/types\/product"}],"wp:featuredmedia":[{"embeddable":true,"href":"https:\/\/product-guide.org\/en\/wp-json\/wp\/v2\/media\/44519"}],"wp:attachment":[{"href":"https:\/\/product-guide.org\/en\/wp-json\/wp\/v2\/media?parent=44521"}],"wp:term":[{"taxonomy":"store","embeddable":true,"href":"https:\/\/product-guide.org\/en\/wp-json\/wp\/v2\/store?post=44521"},{"taxonomy":"product_brand","embeddable":true,"href":"https:\/\/product-guide.org\/en\/wp-json\/wp\/v2\/product_brand?post=44521"},{"taxonomy":"product_cat","embeddable":true,"href":"https:\/\/product-guide.org\/en\/wp-json\/wp\/v2\/product_cat?post=44521"},{"taxonomy":"product_tag","embeddable":true,"href":"https:\/\/product-guide.org\/en\/wp-json\/wp\/v2\/product_tag?post=44521"}],"curies":[{"name":"wp","href":"https:\/\/api.w.org\/{rel}","templated":true}]}}