{"id":44551,"date":"2025-03-17T09:36:04","date_gmt":"2025-03-17T08:36:04","guid":{"rendered":"https:\/\/product-guide.org\/produkt\/borkott-eickhorn-bajonett-b2k-1moa-onlineshop-fur-jager-und-schutzen\/"},"modified":"2025-03-17T09:36:04","modified_gmt":"2025-03-17T08:36:04","slug":"borkott-eickhorn-bajonett-b2k-1moa-onlineshop-fur-jager-und-schutzen","status":"publish","type":"product","link":"https:\/\/product-guide.org\/en\/produkt\/borkott-eickhorn-bajonett-b2k-1moa-onlineshop-fur-jager-und-schutzen\/","title":{"rendered":"BORKOTT &#038; EICKHORN &#8211; Bajonett B2K | 1MOA &#8211; Onlineshop f\u00fcr J\u00e4ger und Sch\u00fctzen"},"content":{"rendered":"<p>Das Bajonett B2K von Waffentechnik Borkott &#038; Eickhorn ist ein vielseitiges und ultraleichtes Bajonett, das f\u00fcr den Einsatz mit einer Vielzahl von NATO-Sturmgewehren konzipiert wurde. Es zeichne&#8230;<\/p>\n","protected":false},"excerpt":{"rendered":"<p>Das Bajonett B2K von Waffentechnik Borkott &#038; Eickhorn ist ein vielseitiges und ultraleichtes Bajonett, das f\u00fcr den Einsatz mit einer Vielzahl von NATO-Sturmgewehren konzipiert wurde. Es zeichne&#8230;<\/p>\n","protected":false},"featured_media":44550,"template":"","meta":{"_gspb_post_css":""},"store":[],"product_brand":[1293],"product_cat":[1290],"product_tag":[],"class_list":{"0":"post-44551","1":"product","2":"type-product","3":"status-publish","4":"has-post-thumbnail","6":"product_brand-1moa-onlineshop-fur-jager-und-schutzen","7":"product_cat-uncategorized","9":"first","10":"instock","11":"shipping-taxable","12":"purchasable","13":"product-type-simple"},"yoast_head":"<!-- This site is optimized with the Yoast SEO plugin v24.6 - https:\/\/yoast.com\/wordpress\/plugins\/seo\/ -->\n<title>BORKOTT &amp; EICKHORN - Bajonett B2K | 1MOA - Onlineshop f\u00fcr J\u00e4ger und Sch\u00fctzen | Product-Guide.org<\/title>\n<meta name=\"description\" content=\"BORKOTT &amp; EICKHORN - Bajonett B2K | 1MOA - Onlineshop f\u00fcr J\u00e4ger und Sch\u00fctzen gefunden von Product-Guide.org\" \/>\n<meta name=\"robots\" content=\"index, follow, max-snippet:-1, max-image-preview:large, max-video-preview:-1\" \/>\n<link rel=\"canonical\" href=\"https:\/\/product-guide.org\/en\/produkt\/borkott-eickhorn-bajonett-b2k-1moa-onlineshop-fur-jager-und-schutzen\/\" \/>\n<meta property=\"og:locale\" content=\"en_GB\" \/>\n<meta property=\"og:type\" content=\"article\" \/>\n<meta property=\"og:title\" content=\"BORKOTT &amp; EICKHORN - Bajonett B2K | 1MOA - Onlineshop f\u00fcr J\u00e4ger und Sch\u00fctzen | Product-Guide.org\" \/>\n<meta property=\"og:description\" content=\"BORKOTT &amp; EICKHORN - Bajonett B2K | 1MOA - Onlineshop f\u00fcr J\u00e4ger und Sch\u00fctzen gefunden von Product-Guide.org\" \/>\n<meta property=\"og:url\" content=\"https:\/\/product-guide.org\/en\/produkt\/borkott-eickhorn-bajonett-b2k-1moa-onlineshop-fur-jager-und-schutzen\/\" \/>\n<meta property=\"og:site_name\" content=\"Product-Guide.org\" \/>\n<meta name=\"twitter:card\" content=\"summary_large_image\" \/>\n<script type=\"application\/ld+json\" class=\"yoast-schema-graph\">{\"@context\":\"https:\/\/schema.org\",\"@graph\":[{\"@type\":\"WebPage\",\"@id\":\"https:\/\/product-guide.org\/produkt\/borkott-eickhorn-bajonett-b2k-1moa-onlineshop-fur-jager-und-schutzen\/\",\"url\":\"https:\/\/product-guide.org\/produkt\/borkott-eickhorn-bajonett-b2k-1moa-onlineshop-fur-jager-und-schutzen\/\",\"name\":\"BORKOTT & EICKHORN - Bajonett B2K | 1MOA - Onlineshop f\u00fcr J\u00e4ger und Sch\u00fctzen | Product-Guide.org\",\"isPartOf\":{\"@id\":\"https:\/\/product-guide.org\/#website\"},\"primaryImageOfPage\":{\"@id\":\"https:\/\/product-guide.org\/produkt\/borkott-eickhorn-bajonett-b2k-1moa-onlineshop-fur-jager-und-schutzen\/#primaryimage\"},\"image\":{\"@id\":\"https:\/\/product-guide.org\/produkt\/borkott-eickhorn-bajonett-b2k-1moa-onlineshop-fur-jager-und-schutzen\/#primaryimage\"},\"thumbnailUrl\":\"https:\/\/product-guide.org\/wp-content\/uploads\/2025\/03\/Bajonett-B2K-I_1280x1280.png\",\"datePublished\":\"2025-03-17T08:36:04+00:00\",\"description\":\"BORKOTT & EICKHORN - Bajonett B2K | 1MOA - Onlineshop f\u00fcr J\u00e4ger und Sch\u00fctzen gefunden von Product-Guide.org\",\"breadcrumb\":{\"@id\":\"https:\/\/product-guide.org\/produkt\/borkott-eickhorn-bajonett-b2k-1moa-onlineshop-fur-jager-und-schutzen\/#breadcrumb\"},\"inLanguage\":\"en-GB\",\"potentialAction\":[{\"@type\":\"ReadAction\",\"target\":[\"https:\/\/product-guide.org\/produkt\/borkott-eickhorn-bajonett-b2k-1moa-onlineshop-fur-jager-und-schutzen\/\"]}]},{\"@type\":\"ImageObject\",\"inLanguage\":\"en-GB\",\"@id\":\"https:\/\/product-guide.org\/produkt\/borkott-eickhorn-bajonett-b2k-1moa-onlineshop-fur-jager-und-schutzen\/#primaryimage\",\"url\":\"https:\/\/product-guide.org\/wp-content\/uploads\/2025\/03\/Bajonett-B2K-I_1280x1280.png\",\"contentUrl\":\"https:\/\/product-guide.org\/wp-content\/uploads\/2025\/03\/Bajonett-B2K-I_1280x1280.png\",\"width\":840,\"height\":444},{\"@type\":\"BreadcrumbList\",\"@id\":\"https:\/\/product-guide.org\/produkt\/borkott-eickhorn-bajonett-b2k-1moa-onlineshop-fur-jager-und-schutzen\/#breadcrumb\",\"itemListElement\":[{\"@type\":\"ListItem\",\"position\":1,\"name\":\"Home\",\"item\":\"https:\/\/product-guide.org\/\"},{\"@type\":\"ListItem\",\"position\":2,\"name\":\"Ergebnisse\",\"item\":\"https:\/\/product-guide.org\/de\/ergebnisse\/\"},{\"@type\":\"ListItem\",\"position\":3,\"name\":\"BORKOTT &#038; EICKHORN &#8211; Bajonett B2K | 1MOA &#8211; Onlineshop f\u00fcr J\u00e4ger und Sch\u00fctzen\"}]},{\"@type\":\"WebSite\",\"@id\":\"https:\/\/product-guide.org\/#website\",\"url\":\"https:\/\/product-guide.org\/\",\"name\":\"Product-Guide.org\",\"description\":\"What Product are you looking for?\",\"publisher\":{\"@id\":\"https:\/\/product-guide.org\/#organization\"},\"potentialAction\":[{\"@type\":\"SearchAction\",\"target\":{\"@type\":\"EntryPoint\",\"urlTemplate\":\"https:\/\/product-guide.org\/?s={search_term_string}\"},\"query-input\":{\"@type\":\"PropertyValueSpecification\",\"valueRequired\":true,\"valueName\":\"search_term_string\"}}],\"inLanguage\":\"en-GB\"},{\"@type\":\"Organization\",\"@id\":\"https:\/\/product-guide.org\/#organization\",\"name\":\"Product-Guide.org\",\"url\":\"https:\/\/product-guide.org\/\",\"logo\":{\"@type\":\"ImageObject\",\"inLanguage\":\"en-GB\",\"@id\":\"https:\/\/product-guide.org\/#\/schema\/logo\/image\/\",\"url\":\"https:\/\/product-guide.org\/wp-content\/uploads\/2022\/07\/logo_transparent_background.png\",\"contentUrl\":\"https:\/\/product-guide.org\/wp-content\/uploads\/2022\/07\/logo_transparent_background.png\",\"width\":3400,\"height\":1132,\"caption\":\"Product-Guide.org\"},\"image\":{\"@id\":\"https:\/\/product-guide.org\/#\/schema\/logo\/image\/\"}}]}<\/script>\n<!-- \/ Yoast SEO plugin. -->","yoast_head_json":{"title":"BORKOTT & EICKHORN - Bajonett B2K | 1MOA - Onlineshop f\u00fcr J\u00e4ger und Sch\u00fctzen | Product-Guide.org","description":"BORKOTT & EICKHORN - Bajonett B2K | 1MOA - Onlineshop f\u00fcr J\u00e4ger und Sch\u00fctzen gefunden von Product-Guide.org","robots":{"index":"index","follow":"follow","max-snippet":"max-snippet:-1","max-image-preview":"max-image-preview:large","max-video-preview":"max-video-preview:-1"},"canonical":"https:\/\/product-guide.org\/en\/produkt\/borkott-eickhorn-bajonett-b2k-1moa-onlineshop-fur-jager-und-schutzen\/","og_locale":"en_GB","og_type":"article","og_title":"BORKOTT & EICKHORN - Bajonett B2K | 1MOA - Onlineshop f\u00fcr J\u00e4ger und Sch\u00fctzen | Product-Guide.org","og_description":"BORKOTT & EICKHORN - Bajonett B2K | 1MOA - Onlineshop f\u00fcr J\u00e4ger und Sch\u00fctzen gefunden von Product-Guide.org","og_url":"https:\/\/product-guide.org\/en\/produkt\/borkott-eickhorn-bajonett-b2k-1moa-onlineshop-fur-jager-und-schutzen\/","og_site_name":"Product-Guide.org","twitter_card":"summary_large_image","schema":{"@context":"https:\/\/schema.org","@graph":[{"@type":"WebPage","@id":"https:\/\/product-guide.org\/produkt\/borkott-eickhorn-bajonett-b2k-1moa-onlineshop-fur-jager-und-schutzen\/","url":"https:\/\/product-guide.org\/produkt\/borkott-eickhorn-bajonett-b2k-1moa-onlineshop-fur-jager-und-schutzen\/","name":"BORKOTT & EICKHORN - Bajonett B2K | 1MOA - Onlineshop f\u00fcr J\u00e4ger und Sch\u00fctzen | Product-Guide.org","isPartOf":{"@id":"https:\/\/product-guide.org\/#website"},"primaryImageOfPage":{"@id":"https:\/\/product-guide.org\/produkt\/borkott-eickhorn-bajonett-b2k-1moa-onlineshop-fur-jager-und-schutzen\/#primaryimage"},"image":{"@id":"https:\/\/product-guide.org\/produkt\/borkott-eickhorn-bajonett-b2k-1moa-onlineshop-fur-jager-und-schutzen\/#primaryimage"},"thumbnailUrl":"https:\/\/product-guide.org\/wp-content\/uploads\/2025\/03\/Bajonett-B2K-I_1280x1280.png","datePublished":"2025-03-17T08:36:04+00:00","description":"BORKOTT & EICKHORN - Bajonett B2K | 1MOA - Onlineshop f\u00fcr J\u00e4ger und Sch\u00fctzen gefunden von Product-Guide.org","breadcrumb":{"@id":"https:\/\/product-guide.org\/produkt\/borkott-eickhorn-bajonett-b2k-1moa-onlineshop-fur-jager-und-schutzen\/#breadcrumb"},"inLanguage":"en-GB","potentialAction":[{"@type":"ReadAction","target":["https:\/\/product-guide.org\/produkt\/borkott-eickhorn-bajonett-b2k-1moa-onlineshop-fur-jager-und-schutzen\/"]}]},{"@type":"ImageObject","inLanguage":"en-GB","@id":"https:\/\/product-guide.org\/produkt\/borkott-eickhorn-bajonett-b2k-1moa-onlineshop-fur-jager-und-schutzen\/#primaryimage","url":"https:\/\/product-guide.org\/wp-content\/uploads\/2025\/03\/Bajonett-B2K-I_1280x1280.png","contentUrl":"https:\/\/product-guide.org\/wp-content\/uploads\/2025\/03\/Bajonett-B2K-I_1280x1280.png","width":840,"height":444},{"@type":"BreadcrumbList","@id":"https:\/\/product-guide.org\/produkt\/borkott-eickhorn-bajonett-b2k-1moa-onlineshop-fur-jager-und-schutzen\/#breadcrumb","itemListElement":[{"@type":"ListItem","position":1,"name":"Home","item":"https:\/\/product-guide.org\/"},{"@type":"ListItem","position":2,"name":"Ergebnisse","item":"https:\/\/product-guide.org\/de\/ergebnisse\/"},{"@type":"ListItem","position":3,"name":"BORKOTT &#038; EICKHORN &#8211; Bajonett B2K | 1MOA &#8211; Onlineshop f\u00fcr J\u00e4ger und Sch\u00fctzen"}]},{"@type":"WebSite","@id":"https:\/\/product-guide.org\/#website","url":"https:\/\/product-guide.org\/","name":"Product-Guide.org","description":"What Product are you looking for?","publisher":{"@id":"https:\/\/product-guide.org\/#organization"},"potentialAction":[{"@type":"SearchAction","target":{"@type":"EntryPoint","urlTemplate":"https:\/\/product-guide.org\/?s={search_term_string}"},"query-input":{"@type":"PropertyValueSpecification","valueRequired":true,"valueName":"search_term_string"}}],"inLanguage":"en-GB"},{"@type":"Organization","@id":"https:\/\/product-guide.org\/#organization","name":"Product-Guide.org","url":"https:\/\/product-guide.org\/","logo":{"@type":"ImageObject","inLanguage":"en-GB","@id":"https:\/\/product-guide.org\/#\/schema\/logo\/image\/","url":"https:\/\/product-guide.org\/wp-content\/uploads\/2022\/07\/logo_transparent_background.png","contentUrl":"https:\/\/product-guide.org\/wp-content\/uploads\/2022\/07\/logo_transparent_background.png","width":3400,"height":1132,"caption":"Product-Guide.org"},"image":{"@id":"https:\/\/product-guide.org\/#\/schema\/logo\/image\/"}}]}},"_links":{"self":[{"href":"https:\/\/product-guide.org\/en\/wp-json\/wp\/v2\/product\/44551","targetHints":{"allow":["GET"]}}],"collection":[{"href":"https:\/\/product-guide.org\/en\/wp-json\/wp\/v2\/product"}],"about":[{"href":"https:\/\/product-guide.org\/en\/wp-json\/wp\/v2\/types\/product"}],"wp:featuredmedia":[{"embeddable":true,"href":"https:\/\/product-guide.org\/en\/wp-json\/wp\/v2\/media\/44550"}],"wp:attachment":[{"href":"https:\/\/product-guide.org\/en\/wp-json\/wp\/v2\/media?parent=44551"}],"wp:term":[{"taxonomy":"store","embeddable":true,"href":"https:\/\/product-guide.org\/en\/wp-json\/wp\/v2\/store?post=44551"},{"taxonomy":"product_brand","embeddable":true,"href":"https:\/\/product-guide.org\/en\/wp-json\/wp\/v2\/product_brand?post=44551"},{"taxonomy":"product_cat","embeddable":true,"href":"https:\/\/product-guide.org\/en\/wp-json\/wp\/v2\/product_cat?post=44551"},{"taxonomy":"product_tag","embeddable":true,"href":"https:\/\/product-guide.org\/en\/wp-json\/wp\/v2\/product_tag?post=44551"}],"curies":[{"name":"wp","href":"https:\/\/api.w.org\/{rel}","templated":true}]}}