{"id":44566,"date":"2025-03-17T09:36:15","date_gmt":"2025-03-17T08:36:15","guid":{"rendered":"https:\/\/product-guide.org\/produkt\/glock-chronograph-global-1moa-onlineshop-fur-jager-und-schutzen\/"},"modified":"2025-03-17T09:36:16","modified_gmt":"2025-03-17T08:36:16","slug":"glock-chronograph-global-1moa-onlineshop-fur-jager-und-schutzen","status":"publish","type":"product","link":"https:\/\/product-guide.org\/en\/produkt\/glock-chronograph-global-1moa-onlineshop-fur-jager-und-schutzen\/","title":{"rendered":"GLOCK &#8211; Chronograph GLOBAL | 1MOA &#8211; Onlineshop f\u00fcr J\u00e4ger und Sch\u00fctzen"},"content":{"rendered":"<p>GLOCK Chronograph GLOBAL \u2013 Pr\u00e4zision trifft auf ikonisches Design Die GLOCK Chronograph GLOBAL ist mehr als nur eine Uhr \u2013 sie ist eine Hommage an das legend\u00e4re Design der GLOCK Pistolen. Mit ihrer&#8230;<\/p>\n","protected":false},"excerpt":{"rendered":"<p>GLOCK Chronograph GLOBAL \u2013 Pr\u00e4zision trifft auf ikonisches Design Die GLOCK Chronograph GLOBAL ist mehr als nur eine Uhr \u2013 sie ist eine Hommage an das legend\u00e4re Design der GLOCK Pistolen. Mit ihrer&#8230;<\/p>\n","protected":false},"featured_media":44565,"template":"","meta":{"_gspb_post_css":""},"store":[],"product_brand":[1293],"product_cat":[1290],"product_tag":[],"class_list":{"0":"post-44566","1":"product","2":"type-product","3":"status-publish","4":"has-post-thumbnail","6":"product_brand-1moa-onlineshop-fur-jager-und-schutzen","7":"product_cat-uncategorized","9":"first","10":"instock","11":"shipping-taxable","12":"purchasable","13":"product-type-simple"},"yoast_head":"<!-- This site is optimized with the Yoast SEO plugin v24.6 - https:\/\/yoast.com\/wordpress\/plugins\/seo\/ -->\n<title>GLOCK - Chronograph GLOBAL | 1MOA - Onlineshop f\u00fcr J\u00e4ger und Sch\u00fctzen | Product-Guide.org<\/title>\n<meta name=\"description\" content=\"GLOCK - Chronograph GLOBAL | 1MOA - Onlineshop f\u00fcr J\u00e4ger und Sch\u00fctzen gefunden von Product-Guide.org\" \/>\n<meta name=\"robots\" content=\"index, follow, max-snippet:-1, max-image-preview:large, max-video-preview:-1\" \/>\n<link rel=\"canonical\" href=\"https:\/\/product-guide.org\/en\/produkt\/glock-chronograph-global-1moa-onlineshop-fur-jager-und-schutzen\/\" \/>\n<meta property=\"og:locale\" content=\"en_GB\" \/>\n<meta property=\"og:type\" content=\"article\" \/>\n<meta property=\"og:title\" content=\"GLOCK - Chronograph GLOBAL | 1MOA - Onlineshop f\u00fcr J\u00e4ger und Sch\u00fctzen | Product-Guide.org\" \/>\n<meta property=\"og:description\" content=\"GLOCK - Chronograph GLOBAL | 1MOA - Onlineshop f\u00fcr J\u00e4ger und Sch\u00fctzen gefunden von Product-Guide.org\" \/>\n<meta property=\"og:url\" content=\"https:\/\/product-guide.org\/en\/produkt\/glock-chronograph-global-1moa-onlineshop-fur-jager-und-schutzen\/\" \/>\n<meta property=\"og:site_name\" content=\"Product-Guide.org\" \/>\n<meta property=\"article:modified_time\" content=\"2025-03-17T08:36:16+00:00\" \/>\n<meta name=\"twitter:card\" content=\"summary_large_image\" \/>\n<script type=\"application\/ld+json\" class=\"yoast-schema-graph\">{\"@context\":\"https:\/\/schema.org\",\"@graph\":[{\"@type\":\"WebPage\",\"@id\":\"https:\/\/product-guide.org\/produkt\/glock-chronograph-global-1moa-onlineshop-fur-jager-und-schutzen\/\",\"url\":\"https:\/\/product-guide.org\/produkt\/glock-chronograph-global-1moa-onlineshop-fur-jager-und-schutzen\/\",\"name\":\"GLOCK - Chronograph GLOBAL | 1MOA - Onlineshop f\u00fcr J\u00e4ger und Sch\u00fctzen | Product-Guide.org\",\"isPartOf\":{\"@id\":\"https:\/\/product-guide.org\/#website\"},\"primaryImageOfPage\":{\"@id\":\"https:\/\/product-guide.org\/produkt\/glock-chronograph-global-1moa-onlineshop-fur-jager-und-schutzen\/#primaryimage\"},\"image\":{\"@id\":\"https:\/\/product-guide.org\/produkt\/glock-chronograph-global-1moa-onlineshop-fur-jager-und-schutzen\/#primaryimage\"},\"thumbnailUrl\":\"https:\/\/product-guide.org\/wp-content\/uploads\/2025\/03\/Glock-Chronograph-II_1280x1280.png\",\"datePublished\":\"2025-03-17T08:36:15+00:00\",\"dateModified\":\"2025-03-17T08:36:16+00:00\",\"description\":\"GLOCK - Chronograph GLOBAL | 1MOA - Onlineshop f\u00fcr J\u00e4ger und Sch\u00fctzen gefunden von Product-Guide.org\",\"breadcrumb\":{\"@id\":\"https:\/\/product-guide.org\/produkt\/glock-chronograph-global-1moa-onlineshop-fur-jager-und-schutzen\/#breadcrumb\"},\"inLanguage\":\"en-GB\",\"potentialAction\":[{\"@type\":\"ReadAction\",\"target\":[\"https:\/\/product-guide.org\/produkt\/glock-chronograph-global-1moa-onlineshop-fur-jager-und-schutzen\/\"]}]},{\"@type\":\"ImageObject\",\"inLanguage\":\"en-GB\",\"@id\":\"https:\/\/product-guide.org\/produkt\/glock-chronograph-global-1moa-onlineshop-fur-jager-und-schutzen\/#primaryimage\",\"url\":\"https:\/\/product-guide.org\/wp-content\/uploads\/2025\/03\/Glock-Chronograph-II_1280x1280.png\",\"contentUrl\":\"https:\/\/product-guide.org\/wp-content\/uploads\/2025\/03\/Glock-Chronograph-II_1280x1280.png\",\"width\":840,\"height\":520},{\"@type\":\"BreadcrumbList\",\"@id\":\"https:\/\/product-guide.org\/produkt\/glock-chronograph-global-1moa-onlineshop-fur-jager-und-schutzen\/#breadcrumb\",\"itemListElement\":[{\"@type\":\"ListItem\",\"position\":1,\"name\":\"Home\",\"item\":\"https:\/\/product-guide.org\/\"},{\"@type\":\"ListItem\",\"position\":2,\"name\":\"Ergebnisse\",\"item\":\"https:\/\/product-guide.org\/de\/ergebnisse\/\"},{\"@type\":\"ListItem\",\"position\":3,\"name\":\"GLOCK &#8211; Chronograph GLOBAL | 1MOA &#8211; Onlineshop f\u00fcr J\u00e4ger und Sch\u00fctzen\"}]},{\"@type\":\"WebSite\",\"@id\":\"https:\/\/product-guide.org\/#website\",\"url\":\"https:\/\/product-guide.org\/\",\"name\":\"Product-Guide.org\",\"description\":\"What Product are you looking for?\",\"publisher\":{\"@id\":\"https:\/\/product-guide.org\/#organization\"},\"potentialAction\":[{\"@type\":\"SearchAction\",\"target\":{\"@type\":\"EntryPoint\",\"urlTemplate\":\"https:\/\/product-guide.org\/?s={search_term_string}\"},\"query-input\":{\"@type\":\"PropertyValueSpecification\",\"valueRequired\":true,\"valueName\":\"search_term_string\"}}],\"inLanguage\":\"en-GB\"},{\"@type\":\"Organization\",\"@id\":\"https:\/\/product-guide.org\/#organization\",\"name\":\"Product-Guide.org\",\"url\":\"https:\/\/product-guide.org\/\",\"logo\":{\"@type\":\"ImageObject\",\"inLanguage\":\"en-GB\",\"@id\":\"https:\/\/product-guide.org\/#\/schema\/logo\/image\/\",\"url\":\"https:\/\/product-guide.org\/wp-content\/uploads\/2022\/07\/logo_transparent_background.png\",\"contentUrl\":\"https:\/\/product-guide.org\/wp-content\/uploads\/2022\/07\/logo_transparent_background.png\",\"width\":3400,\"height\":1132,\"caption\":\"Product-Guide.org\"},\"image\":{\"@id\":\"https:\/\/product-guide.org\/#\/schema\/logo\/image\/\"}}]}<\/script>\n<!-- \/ Yoast SEO plugin. -->","yoast_head_json":{"title":"GLOCK - Chronograph GLOBAL | 1MOA - Onlineshop f\u00fcr J\u00e4ger und Sch\u00fctzen | Product-Guide.org","description":"GLOCK - Chronograph GLOBAL | 1MOA - Onlineshop f\u00fcr J\u00e4ger und Sch\u00fctzen gefunden von Product-Guide.org","robots":{"index":"index","follow":"follow","max-snippet":"max-snippet:-1","max-image-preview":"max-image-preview:large","max-video-preview":"max-video-preview:-1"},"canonical":"https:\/\/product-guide.org\/en\/produkt\/glock-chronograph-global-1moa-onlineshop-fur-jager-und-schutzen\/","og_locale":"en_GB","og_type":"article","og_title":"GLOCK - Chronograph GLOBAL | 1MOA - Onlineshop f\u00fcr J\u00e4ger und Sch\u00fctzen | Product-Guide.org","og_description":"GLOCK - Chronograph GLOBAL | 1MOA - Onlineshop f\u00fcr J\u00e4ger und Sch\u00fctzen gefunden von Product-Guide.org","og_url":"https:\/\/product-guide.org\/en\/produkt\/glock-chronograph-global-1moa-onlineshop-fur-jager-und-schutzen\/","og_site_name":"Product-Guide.org","article_modified_time":"2025-03-17T08:36:16+00:00","twitter_card":"summary_large_image","schema":{"@context":"https:\/\/schema.org","@graph":[{"@type":"WebPage","@id":"https:\/\/product-guide.org\/produkt\/glock-chronograph-global-1moa-onlineshop-fur-jager-und-schutzen\/","url":"https:\/\/product-guide.org\/produkt\/glock-chronograph-global-1moa-onlineshop-fur-jager-und-schutzen\/","name":"GLOCK - Chronograph GLOBAL | 1MOA - Onlineshop f\u00fcr J\u00e4ger und Sch\u00fctzen | Product-Guide.org","isPartOf":{"@id":"https:\/\/product-guide.org\/#website"},"primaryImageOfPage":{"@id":"https:\/\/product-guide.org\/produkt\/glock-chronograph-global-1moa-onlineshop-fur-jager-und-schutzen\/#primaryimage"},"image":{"@id":"https:\/\/product-guide.org\/produkt\/glock-chronograph-global-1moa-onlineshop-fur-jager-und-schutzen\/#primaryimage"},"thumbnailUrl":"https:\/\/product-guide.org\/wp-content\/uploads\/2025\/03\/Glock-Chronograph-II_1280x1280.png","datePublished":"2025-03-17T08:36:15+00:00","dateModified":"2025-03-17T08:36:16+00:00","description":"GLOCK - Chronograph GLOBAL | 1MOA - Onlineshop f\u00fcr J\u00e4ger und Sch\u00fctzen gefunden von Product-Guide.org","breadcrumb":{"@id":"https:\/\/product-guide.org\/produkt\/glock-chronograph-global-1moa-onlineshop-fur-jager-und-schutzen\/#breadcrumb"},"inLanguage":"en-GB","potentialAction":[{"@type":"ReadAction","target":["https:\/\/product-guide.org\/produkt\/glock-chronograph-global-1moa-onlineshop-fur-jager-und-schutzen\/"]}]},{"@type":"ImageObject","inLanguage":"en-GB","@id":"https:\/\/product-guide.org\/produkt\/glock-chronograph-global-1moa-onlineshop-fur-jager-und-schutzen\/#primaryimage","url":"https:\/\/product-guide.org\/wp-content\/uploads\/2025\/03\/Glock-Chronograph-II_1280x1280.png","contentUrl":"https:\/\/product-guide.org\/wp-content\/uploads\/2025\/03\/Glock-Chronograph-II_1280x1280.png","width":840,"height":520},{"@type":"BreadcrumbList","@id":"https:\/\/product-guide.org\/produkt\/glock-chronograph-global-1moa-onlineshop-fur-jager-und-schutzen\/#breadcrumb","itemListElement":[{"@type":"ListItem","position":1,"name":"Home","item":"https:\/\/product-guide.org\/"},{"@type":"ListItem","position":2,"name":"Ergebnisse","item":"https:\/\/product-guide.org\/de\/ergebnisse\/"},{"@type":"ListItem","position":3,"name":"GLOCK &#8211; Chronograph GLOBAL | 1MOA &#8211; Onlineshop f\u00fcr J\u00e4ger und Sch\u00fctzen"}]},{"@type":"WebSite","@id":"https:\/\/product-guide.org\/#website","url":"https:\/\/product-guide.org\/","name":"Product-Guide.org","description":"What Product are you looking for?","publisher":{"@id":"https:\/\/product-guide.org\/#organization"},"potentialAction":[{"@type":"SearchAction","target":{"@type":"EntryPoint","urlTemplate":"https:\/\/product-guide.org\/?s={search_term_string}"},"query-input":{"@type":"PropertyValueSpecification","valueRequired":true,"valueName":"search_term_string"}}],"inLanguage":"en-GB"},{"@type":"Organization","@id":"https:\/\/product-guide.org\/#organization","name":"Product-Guide.org","url":"https:\/\/product-guide.org\/","logo":{"@type":"ImageObject","inLanguage":"en-GB","@id":"https:\/\/product-guide.org\/#\/schema\/logo\/image\/","url":"https:\/\/product-guide.org\/wp-content\/uploads\/2022\/07\/logo_transparent_background.png","contentUrl":"https:\/\/product-guide.org\/wp-content\/uploads\/2022\/07\/logo_transparent_background.png","width":3400,"height":1132,"caption":"Product-Guide.org"},"image":{"@id":"https:\/\/product-guide.org\/#\/schema\/logo\/image\/"}}]}},"_links":{"self":[{"href":"https:\/\/product-guide.org\/en\/wp-json\/wp\/v2\/product\/44566","targetHints":{"allow":["GET"]}}],"collection":[{"href":"https:\/\/product-guide.org\/en\/wp-json\/wp\/v2\/product"}],"about":[{"href":"https:\/\/product-guide.org\/en\/wp-json\/wp\/v2\/types\/product"}],"wp:featuredmedia":[{"embeddable":true,"href":"https:\/\/product-guide.org\/en\/wp-json\/wp\/v2\/media\/44565"}],"wp:attachment":[{"href":"https:\/\/product-guide.org\/en\/wp-json\/wp\/v2\/media?parent=44566"}],"wp:term":[{"taxonomy":"store","embeddable":true,"href":"https:\/\/product-guide.org\/en\/wp-json\/wp\/v2\/store?post=44566"},{"taxonomy":"product_brand","embeddable":true,"href":"https:\/\/product-guide.org\/en\/wp-json\/wp\/v2\/product_brand?post=44566"},{"taxonomy":"product_cat","embeddable":true,"href":"https:\/\/product-guide.org\/en\/wp-json\/wp\/v2\/product_cat?post=44566"},{"taxonomy":"product_tag","embeddable":true,"href":"https:\/\/product-guide.org\/en\/wp-json\/wp\/v2\/product_tag?post=44566"}],"curies":[{"name":"wp","href":"https:\/\/api.w.org\/{rel}","templated":true}]}}