{"id":44867,"date":"2025-03-17T09:39:12","date_gmt":"2025-03-17T08:39:12","guid":{"rendered":"https:\/\/product-guide.org\/produkt\/chakra-duftkerze-made-in-germany-chakrana-world\/"},"modified":"2025-03-17T09:39:13","modified_gmt":"2025-03-17T08:39:13","slug":"chakra-duftkerze-made-in-germany-chakrana-world","status":"publish","type":"product","link":"https:\/\/product-guide.org\/en\/produkt\/chakra-duftkerze-made-in-germany-chakrana-world\/","title":{"rendered":"Chakra \u2013 Duftkerze &#8220;Made in Germany&#8221; | chakrana.world"},"content":{"rendered":"<p>Diese \u00e4sthetische Chakra Duftkerze ist aus 100% pflanzlichen Stearin aus kontrolliertem biologischen Anbau. Veredelt wurde sie mit naturreinen \u00e4therischen \u00d6len, echten Halbedelsteinen und Bio-Pflanzenmischungen. F\u00fcr jede Chakra Kerze werden unterschiedliche \u00d6le, Halbedelsteine und Pflanzen verwendet, um das dazugeh\u00f6rige Chakra auszubalancieren und Dich beim Yoga und Meditationen o.\u00e4. zu unterst\u00fctzen. Diese Duftkerze ist au\u00dferdem mit einem Holzdocht versehen, der wohlig knistert und Gem\u00fctlichkeit verspr\u00fcht.100% pflanzliches Stearin100% naturreine \u00e4therische \u00d6le und nat\u00fcrliche Holzdochte100% handgegossen in Deutschland<\/p>\n","protected":false},"excerpt":{"rendered":"<p>Diese \u00e4sthetische Chakra Duftkerze ist aus 100% pflanzlichen Stearin aus kontrolliertem biologischen Anbau. Veredelt wurde sie mit naturreinen \u00e4therischen \u00d6len, echten Halbedelsteinen und Bio-Pflanzenmischungen. F\u00fcr jede Chakra Kerze werden unterschiedliche \u00d6le, Halbedelsteine und Pflanzen verwendet, um das dazugeh\u00f6rige Chakra auszubalancieren und Dich beim Yoga und Meditationen o.\u00e4. zu unterst\u00fctzen. Diese Duftkerze ist au\u00dferdem mit einem [&hellip;]<\/p>\n","protected":false},"featured_media":44866,"template":"","meta":{"_gspb_post_css":""},"store":[],"product_brand":[1298],"product_cat":[1290],"product_tag":[],"class_list":{"0":"post-44867","1":"product","2":"type-product","3":"status-publish","4":"has-post-thumbnail","6":"product_brand-chakrana-world","7":"product_cat-uncategorized","9":"first","10":"instock","11":"shipping-taxable","12":"purchasable","13":"product-type-simple"},"yoast_head":"<!-- This site is optimized with the Yoast SEO plugin v24.6 - https:\/\/yoast.com\/wordpress\/plugins\/seo\/ -->\n<title>Chakra \u2013 Duftkerze &quot;Made in Germany&quot; | chakrana.world | Product-Guide.org<\/title>\n<meta name=\"description\" content=\"Chakra \u2013 Duftkerze &quot;Made in Germany&quot; | chakrana.world gefunden von Product-Guide.org\" \/>\n<meta name=\"robots\" content=\"index, follow, max-snippet:-1, max-image-preview:large, max-video-preview:-1\" \/>\n<link rel=\"canonical\" href=\"https:\/\/product-guide.org\/en\/produkt\/chakra-duftkerze-made-in-germany-chakrana-world\/\" \/>\n<meta property=\"og:locale\" content=\"en_GB\" \/>\n<meta property=\"og:type\" content=\"article\" \/>\n<meta property=\"og:title\" content=\"Chakra \u2013 Duftkerze &quot;Made in Germany&quot; | chakrana.world | Product-Guide.org\" \/>\n<meta property=\"og:description\" content=\"Chakra \u2013 Duftkerze &quot;Made in Germany&quot; | chakrana.world gefunden von Product-Guide.org\" \/>\n<meta property=\"og:url\" content=\"https:\/\/product-guide.org\/en\/produkt\/chakra-duftkerze-made-in-germany-chakrana-world\/\" \/>\n<meta property=\"og:site_name\" content=\"Product-Guide.org\" \/>\n<meta property=\"article:modified_time\" content=\"2025-03-17T08:39:13+00:00\" \/>\n<meta name=\"twitter:card\" content=\"summary_large_image\" \/>\n<script type=\"application\/ld+json\" class=\"yoast-schema-graph\">{\"@context\":\"https:\/\/schema.org\",\"@graph\":[{\"@type\":\"WebPage\",\"@id\":\"https:\/\/product-guide.org\/produkt\/chakra-duftkerze-made-in-germany-chakrana-world\/\",\"url\":\"https:\/\/product-guide.org\/produkt\/chakra-duftkerze-made-in-germany-chakrana-world\/\",\"name\":\"Chakra \u2013 Duftkerze \\\"Made in Germany\\\" | chakrana.world | Product-Guide.org\",\"isPartOf\":{\"@id\":\"https:\/\/product-guide.org\/#website\"},\"primaryImageOfPage\":{\"@id\":\"https:\/\/product-guide.org\/produkt\/chakra-duftkerze-made-in-germany-chakrana-world\/#primaryimage\"},\"image\":{\"@id\":\"https:\/\/product-guide.org\/produkt\/chakra-duftkerze-made-in-germany-chakrana-world\/#primaryimage\"},\"thumbnailUrl\":\"https:\/\/product-guide.org\/wp-content\/uploads\/2025\/03\/4.jpg\",\"datePublished\":\"2025-03-17T08:39:12+00:00\",\"dateModified\":\"2025-03-17T08:39:13+00:00\",\"description\":\"Chakra \u2013 Duftkerze \\\"Made in Germany\\\" | chakrana.world gefunden von Product-Guide.org\",\"breadcrumb\":{\"@id\":\"https:\/\/product-guide.org\/produkt\/chakra-duftkerze-made-in-germany-chakrana-world\/#breadcrumb\"},\"inLanguage\":\"en-GB\",\"potentialAction\":[{\"@type\":\"ReadAction\",\"target\":[\"https:\/\/product-guide.org\/produkt\/chakra-duftkerze-made-in-germany-chakrana-world\/\"]}]},{\"@type\":\"ImageObject\",\"inLanguage\":\"en-GB\",\"@id\":\"https:\/\/product-guide.org\/produkt\/chakra-duftkerze-made-in-germany-chakrana-world\/#primaryimage\",\"url\":\"https:\/\/product-guide.org\/wp-content\/uploads\/2025\/03\/4.jpg\",\"contentUrl\":\"https:\/\/product-guide.org\/wp-content\/uploads\/2025\/03\/4.jpg\",\"width\":1200,\"height\":1600},{\"@type\":\"BreadcrumbList\",\"@id\":\"https:\/\/product-guide.org\/produkt\/chakra-duftkerze-made-in-germany-chakrana-world\/#breadcrumb\",\"itemListElement\":[{\"@type\":\"ListItem\",\"position\":1,\"name\":\"Home\",\"item\":\"https:\/\/product-guide.org\/\"},{\"@type\":\"ListItem\",\"position\":2,\"name\":\"Ergebnisse\",\"item\":\"https:\/\/product-guide.org\/de\/ergebnisse\/\"},{\"@type\":\"ListItem\",\"position\":3,\"name\":\"Chakra \u2013 Duftkerze &#8220;Made in Germany&#8221; | chakrana.world\"}]},{\"@type\":\"WebSite\",\"@id\":\"https:\/\/product-guide.org\/#website\",\"url\":\"https:\/\/product-guide.org\/\",\"name\":\"Product-Guide.org\",\"description\":\"What Product are you looking for?\",\"publisher\":{\"@id\":\"https:\/\/product-guide.org\/#organization\"},\"potentialAction\":[{\"@type\":\"SearchAction\",\"target\":{\"@type\":\"EntryPoint\",\"urlTemplate\":\"https:\/\/product-guide.org\/?s={search_term_string}\"},\"query-input\":{\"@type\":\"PropertyValueSpecification\",\"valueRequired\":true,\"valueName\":\"search_term_string\"}}],\"inLanguage\":\"en-GB\"},{\"@type\":\"Organization\",\"@id\":\"https:\/\/product-guide.org\/#organization\",\"name\":\"Product-Guide.org\",\"url\":\"https:\/\/product-guide.org\/\",\"logo\":{\"@type\":\"ImageObject\",\"inLanguage\":\"en-GB\",\"@id\":\"https:\/\/product-guide.org\/#\/schema\/logo\/image\/\",\"url\":\"https:\/\/product-guide.org\/wp-content\/uploads\/2022\/07\/logo_transparent_background.png\",\"contentUrl\":\"https:\/\/product-guide.org\/wp-content\/uploads\/2022\/07\/logo_transparent_background.png\",\"width\":3400,\"height\":1132,\"caption\":\"Product-Guide.org\"},\"image\":{\"@id\":\"https:\/\/product-guide.org\/#\/schema\/logo\/image\/\"}}]}<\/script>\n<!-- \/ Yoast SEO plugin. -->","yoast_head_json":{"title":"Chakra \u2013 Duftkerze \"Made in Germany\" | chakrana.world | Product-Guide.org","description":"Chakra \u2013 Duftkerze \"Made in Germany\" | chakrana.world gefunden von Product-Guide.org","robots":{"index":"index","follow":"follow","max-snippet":"max-snippet:-1","max-image-preview":"max-image-preview:large","max-video-preview":"max-video-preview:-1"},"canonical":"https:\/\/product-guide.org\/en\/produkt\/chakra-duftkerze-made-in-germany-chakrana-world\/","og_locale":"en_GB","og_type":"article","og_title":"Chakra \u2013 Duftkerze \"Made in Germany\" | chakrana.world | Product-Guide.org","og_description":"Chakra \u2013 Duftkerze \"Made in Germany\" | chakrana.world gefunden von Product-Guide.org","og_url":"https:\/\/product-guide.org\/en\/produkt\/chakra-duftkerze-made-in-germany-chakrana-world\/","og_site_name":"Product-Guide.org","article_modified_time":"2025-03-17T08:39:13+00:00","twitter_card":"summary_large_image","schema":{"@context":"https:\/\/schema.org","@graph":[{"@type":"WebPage","@id":"https:\/\/product-guide.org\/produkt\/chakra-duftkerze-made-in-germany-chakrana-world\/","url":"https:\/\/product-guide.org\/produkt\/chakra-duftkerze-made-in-germany-chakrana-world\/","name":"Chakra \u2013 Duftkerze \"Made in Germany\" | chakrana.world | Product-Guide.org","isPartOf":{"@id":"https:\/\/product-guide.org\/#website"},"primaryImageOfPage":{"@id":"https:\/\/product-guide.org\/produkt\/chakra-duftkerze-made-in-germany-chakrana-world\/#primaryimage"},"image":{"@id":"https:\/\/product-guide.org\/produkt\/chakra-duftkerze-made-in-germany-chakrana-world\/#primaryimage"},"thumbnailUrl":"https:\/\/product-guide.org\/wp-content\/uploads\/2025\/03\/4.jpg","datePublished":"2025-03-17T08:39:12+00:00","dateModified":"2025-03-17T08:39:13+00:00","description":"Chakra \u2013 Duftkerze \"Made in Germany\" | chakrana.world gefunden von Product-Guide.org","breadcrumb":{"@id":"https:\/\/product-guide.org\/produkt\/chakra-duftkerze-made-in-germany-chakrana-world\/#breadcrumb"},"inLanguage":"en-GB","potentialAction":[{"@type":"ReadAction","target":["https:\/\/product-guide.org\/produkt\/chakra-duftkerze-made-in-germany-chakrana-world\/"]}]},{"@type":"ImageObject","inLanguage":"en-GB","@id":"https:\/\/product-guide.org\/produkt\/chakra-duftkerze-made-in-germany-chakrana-world\/#primaryimage","url":"https:\/\/product-guide.org\/wp-content\/uploads\/2025\/03\/4.jpg","contentUrl":"https:\/\/product-guide.org\/wp-content\/uploads\/2025\/03\/4.jpg","width":1200,"height":1600},{"@type":"BreadcrumbList","@id":"https:\/\/product-guide.org\/produkt\/chakra-duftkerze-made-in-germany-chakrana-world\/#breadcrumb","itemListElement":[{"@type":"ListItem","position":1,"name":"Home","item":"https:\/\/product-guide.org\/"},{"@type":"ListItem","position":2,"name":"Ergebnisse","item":"https:\/\/product-guide.org\/de\/ergebnisse\/"},{"@type":"ListItem","position":3,"name":"Chakra \u2013 Duftkerze &#8220;Made in Germany&#8221; | chakrana.world"}]},{"@type":"WebSite","@id":"https:\/\/product-guide.org\/#website","url":"https:\/\/product-guide.org\/","name":"Product-Guide.org","description":"What Product are you looking for?","publisher":{"@id":"https:\/\/product-guide.org\/#organization"},"potentialAction":[{"@type":"SearchAction","target":{"@type":"EntryPoint","urlTemplate":"https:\/\/product-guide.org\/?s={search_term_string}"},"query-input":{"@type":"PropertyValueSpecification","valueRequired":true,"valueName":"search_term_string"}}],"inLanguage":"en-GB"},{"@type":"Organization","@id":"https:\/\/product-guide.org\/#organization","name":"Product-Guide.org","url":"https:\/\/product-guide.org\/","logo":{"@type":"ImageObject","inLanguage":"en-GB","@id":"https:\/\/product-guide.org\/#\/schema\/logo\/image\/","url":"https:\/\/product-guide.org\/wp-content\/uploads\/2022\/07\/logo_transparent_background.png","contentUrl":"https:\/\/product-guide.org\/wp-content\/uploads\/2022\/07\/logo_transparent_background.png","width":3400,"height":1132,"caption":"Product-Guide.org"},"image":{"@id":"https:\/\/product-guide.org\/#\/schema\/logo\/image\/"}}]}},"_links":{"self":[{"href":"https:\/\/product-guide.org\/en\/wp-json\/wp\/v2\/product\/44867","targetHints":{"allow":["GET"]}}],"collection":[{"href":"https:\/\/product-guide.org\/en\/wp-json\/wp\/v2\/product"}],"about":[{"href":"https:\/\/product-guide.org\/en\/wp-json\/wp\/v2\/types\/product"}],"wp:featuredmedia":[{"embeddable":true,"href":"https:\/\/product-guide.org\/en\/wp-json\/wp\/v2\/media\/44866"}],"wp:attachment":[{"href":"https:\/\/product-guide.org\/en\/wp-json\/wp\/v2\/media?parent=44867"}],"wp:term":[{"taxonomy":"store","embeddable":true,"href":"https:\/\/product-guide.org\/en\/wp-json\/wp\/v2\/store?post=44867"},{"taxonomy":"product_brand","embeddable":true,"href":"https:\/\/product-guide.org\/en\/wp-json\/wp\/v2\/product_brand?post=44867"},{"taxonomy":"product_cat","embeddable":true,"href":"https:\/\/product-guide.org\/en\/wp-json\/wp\/v2\/product_cat?post=44867"},{"taxonomy":"product_tag","embeddable":true,"href":"https:\/\/product-guide.org\/en\/wp-json\/wp\/v2\/product_tag?post=44867"}],"curies":[{"name":"wp","href":"https:\/\/api.w.org\/{rel}","templated":true}]}}