{"id":45137,"date":"2025-03-17T09:42:15","date_gmt":"2025-03-17T08:42:15","guid":{"rendered":"https:\/\/product-guide.org\/produkt\/klebebandspender-luxury-line-schwar-matt-kornet-und-hahn\/"},"modified":"2025-03-17T09:42:15","modified_gmt":"2025-03-17T08:42:15","slug":"klebebandspender-luxury-line-schwar-matt-kornet-und-hahn","status":"publish","type":"product","link":"https:\/\/product-guide.org\/en\/produkt\/klebebandspender-luxury-line-schwar-matt-kornet-und-hahn\/","title":{"rendered":"Klebebandspender &#8211; Luxury Line, Schwar matt | Kornet und Hahn"},"content":{"rendered":"<p>Der Design Klebebandspender Luxury Line in Schwarz matt von Kornet &#038; Hahn besteht aus Metall und hat durch seine extra schwere Verarbeitung einen sicheren Stand. Die scharfe Klinge erm\u00f6glicht Ihnen ein pr\u00e4zises Abrei\u00dfen der Klebestreifen, ohne dass der Klebebandabroller verrutscht.Es k\u00f6nnen alle g\u00e4ngigen Klebebandrollen verwendet werden. Ma\u00dfe ds Spenders: 11 x 4,2 x 6,2 cm; Gewicht: 800 g.<\/p>\n","protected":false},"excerpt":{"rendered":"<p>Der Design Klebebandspender Luxury Line in Schwarz matt von Kornet &#038; Hahn besteht aus Metall und hat durch seine extra schwere Verarbeitung einen sicheren Stand. Die scharfe Klinge erm\u00f6glicht Ihnen ein pr\u00e4zises Abrei\u00dfen der Klebestreifen, ohne dass der Klebebandabroller verrutscht.Es k\u00f6nnen alle g\u00e4ngigen Klebebandrollen verwendet werden. Ma\u00dfe ds Spenders: 11 x 4,2 x 6,2 cm; [&hellip;]<\/p>\n","protected":false},"featured_media":45136,"template":"","meta":{"_gspb_post_css":""},"store":[],"product_brand":[1302],"product_cat":[1290],"product_tag":[],"class_list":{"0":"post-45137","1":"product","2":"type-product","3":"status-publish","4":"has-post-thumbnail","6":"product_brand-kornet-und-hahn","7":"product_cat-uncategorized","9":"first","10":"instock","11":"shipping-taxable","12":"purchasable","13":"product-type-simple"},"yoast_head":"<!-- This site is optimized with the Yoast SEO plugin v24.6 - https:\/\/yoast.com\/wordpress\/plugins\/seo\/ -->\n<title>Klebebandspender - Luxury Line, Schwar matt | Kornet und Hahn | Product-Guide.org<\/title>\n<meta name=\"description\" content=\"Klebebandspender - Luxury Line, Schwar matt | Kornet und Hahn gefunden von Product-Guide.org\" \/>\n<meta name=\"robots\" content=\"index, follow, max-snippet:-1, max-image-preview:large, max-video-preview:-1\" \/>\n<link rel=\"canonical\" href=\"https:\/\/product-guide.org\/en\/produkt\/klebebandspender-luxury-line-schwar-matt-kornet-und-hahn\/\" \/>\n<meta property=\"og:locale\" content=\"en_GB\" \/>\n<meta property=\"og:type\" content=\"article\" \/>\n<meta property=\"og:title\" content=\"Klebebandspender - Luxury Line, Schwar matt | Kornet und Hahn | Product-Guide.org\" \/>\n<meta property=\"og:description\" content=\"Klebebandspender - Luxury Line, Schwar matt | Kornet und Hahn gefunden von Product-Guide.org\" \/>\n<meta property=\"og:url\" content=\"https:\/\/product-guide.org\/en\/produkt\/klebebandspender-luxury-line-schwar-matt-kornet-und-hahn\/\" \/>\n<meta property=\"og:site_name\" content=\"Product-Guide.org\" \/>\n<meta name=\"twitter:card\" content=\"summary_large_image\" \/>\n<script type=\"application\/ld+json\" class=\"yoast-schema-graph\">{\"@context\":\"https:\/\/schema.org\",\"@graph\":[{\"@type\":\"WebPage\",\"@id\":\"https:\/\/product-guide.org\/produkt\/klebebandspender-luxury-line-schwar-matt-kornet-und-hahn\/\",\"url\":\"https:\/\/product-guide.org\/produkt\/klebebandspender-luxury-line-schwar-matt-kornet-und-hahn\/\",\"name\":\"Klebebandspender - Luxury Line, Schwar matt | Kornet und Hahn | Product-Guide.org\",\"isPartOf\":{\"@id\":\"https:\/\/product-guide.org\/#website\"},\"primaryImageOfPage\":{\"@id\":\"https:\/\/product-guide.org\/produkt\/klebebandspender-luxury-line-schwar-matt-kornet-und-hahn\/#primaryimage\"},\"image\":{\"@id\":\"https:\/\/product-guide.org\/produkt\/klebebandspender-luxury-line-schwar-matt-kornet-und-hahn\/#primaryimage\"},\"thumbnailUrl\":\"https:\/\/product-guide.org\/wp-content\/uploads\/2025\/03\/154507599-17.png\",\"datePublished\":\"2025-03-17T08:42:15+00:00\",\"description\":\"Klebebandspender - Luxury Line, Schwar matt | Kornet und Hahn gefunden von Product-Guide.org\",\"breadcrumb\":{\"@id\":\"https:\/\/product-guide.org\/produkt\/klebebandspender-luxury-line-schwar-matt-kornet-und-hahn\/#breadcrumb\"},\"inLanguage\":\"en-GB\",\"potentialAction\":[{\"@type\":\"ReadAction\",\"target\":[\"https:\/\/product-guide.org\/produkt\/klebebandspender-luxury-line-schwar-matt-kornet-und-hahn\/\"]}]},{\"@type\":\"ImageObject\",\"inLanguage\":\"en-GB\",\"@id\":\"https:\/\/product-guide.org\/produkt\/klebebandspender-luxury-line-schwar-matt-kornet-und-hahn\/#primaryimage\",\"url\":\"https:\/\/product-guide.org\/wp-content\/uploads\/2025\/03\/154507599-17.png\",\"contentUrl\":\"https:\/\/product-guide.org\/wp-content\/uploads\/2025\/03\/154507599-17.png\",\"width\":2048,\"height\":2048},{\"@type\":\"BreadcrumbList\",\"@id\":\"https:\/\/product-guide.org\/produkt\/klebebandspender-luxury-line-schwar-matt-kornet-und-hahn\/#breadcrumb\",\"itemListElement\":[{\"@type\":\"ListItem\",\"position\":1,\"name\":\"Home\",\"item\":\"https:\/\/product-guide.org\/\"},{\"@type\":\"ListItem\",\"position\":2,\"name\":\"Ergebnisse\",\"item\":\"https:\/\/product-guide.org\/de\/ergebnisse\/\"},{\"@type\":\"ListItem\",\"position\":3,\"name\":\"Klebebandspender &#8211; Luxury Line, Schwar matt | Kornet und Hahn\"}]},{\"@type\":\"WebSite\",\"@id\":\"https:\/\/product-guide.org\/#website\",\"url\":\"https:\/\/product-guide.org\/\",\"name\":\"Product-Guide.org\",\"description\":\"What Product are you looking for?\",\"publisher\":{\"@id\":\"https:\/\/product-guide.org\/#organization\"},\"potentialAction\":[{\"@type\":\"SearchAction\",\"target\":{\"@type\":\"EntryPoint\",\"urlTemplate\":\"https:\/\/product-guide.org\/?s={search_term_string}\"},\"query-input\":{\"@type\":\"PropertyValueSpecification\",\"valueRequired\":true,\"valueName\":\"search_term_string\"}}],\"inLanguage\":\"en-GB\"},{\"@type\":\"Organization\",\"@id\":\"https:\/\/product-guide.org\/#organization\",\"name\":\"Product-Guide.org\",\"url\":\"https:\/\/product-guide.org\/\",\"logo\":{\"@type\":\"ImageObject\",\"inLanguage\":\"en-GB\",\"@id\":\"https:\/\/product-guide.org\/#\/schema\/logo\/image\/\",\"url\":\"https:\/\/product-guide.org\/wp-content\/uploads\/2022\/07\/logo_transparent_background.png\",\"contentUrl\":\"https:\/\/product-guide.org\/wp-content\/uploads\/2022\/07\/logo_transparent_background.png\",\"width\":3400,\"height\":1132,\"caption\":\"Product-Guide.org\"},\"image\":{\"@id\":\"https:\/\/product-guide.org\/#\/schema\/logo\/image\/\"}}]}<\/script>\n<!-- \/ Yoast SEO plugin. -->","yoast_head_json":{"title":"Klebebandspender - Luxury Line, Schwar matt | Kornet und Hahn | Product-Guide.org","description":"Klebebandspender - Luxury Line, Schwar matt | Kornet und Hahn gefunden von Product-Guide.org","robots":{"index":"index","follow":"follow","max-snippet":"max-snippet:-1","max-image-preview":"max-image-preview:large","max-video-preview":"max-video-preview:-1"},"canonical":"https:\/\/product-guide.org\/en\/produkt\/klebebandspender-luxury-line-schwar-matt-kornet-und-hahn\/","og_locale":"en_GB","og_type":"article","og_title":"Klebebandspender - Luxury Line, Schwar matt | Kornet und Hahn | Product-Guide.org","og_description":"Klebebandspender - Luxury Line, Schwar matt | Kornet und Hahn gefunden von Product-Guide.org","og_url":"https:\/\/product-guide.org\/en\/produkt\/klebebandspender-luxury-line-schwar-matt-kornet-und-hahn\/","og_site_name":"Product-Guide.org","twitter_card":"summary_large_image","schema":{"@context":"https:\/\/schema.org","@graph":[{"@type":"WebPage","@id":"https:\/\/product-guide.org\/produkt\/klebebandspender-luxury-line-schwar-matt-kornet-und-hahn\/","url":"https:\/\/product-guide.org\/produkt\/klebebandspender-luxury-line-schwar-matt-kornet-und-hahn\/","name":"Klebebandspender - Luxury Line, Schwar matt | Kornet und Hahn | Product-Guide.org","isPartOf":{"@id":"https:\/\/product-guide.org\/#website"},"primaryImageOfPage":{"@id":"https:\/\/product-guide.org\/produkt\/klebebandspender-luxury-line-schwar-matt-kornet-und-hahn\/#primaryimage"},"image":{"@id":"https:\/\/product-guide.org\/produkt\/klebebandspender-luxury-line-schwar-matt-kornet-und-hahn\/#primaryimage"},"thumbnailUrl":"https:\/\/product-guide.org\/wp-content\/uploads\/2025\/03\/154507599-17.png","datePublished":"2025-03-17T08:42:15+00:00","description":"Klebebandspender - Luxury Line, Schwar matt | Kornet und Hahn gefunden von Product-Guide.org","breadcrumb":{"@id":"https:\/\/product-guide.org\/produkt\/klebebandspender-luxury-line-schwar-matt-kornet-und-hahn\/#breadcrumb"},"inLanguage":"en-GB","potentialAction":[{"@type":"ReadAction","target":["https:\/\/product-guide.org\/produkt\/klebebandspender-luxury-line-schwar-matt-kornet-und-hahn\/"]}]},{"@type":"ImageObject","inLanguage":"en-GB","@id":"https:\/\/product-guide.org\/produkt\/klebebandspender-luxury-line-schwar-matt-kornet-und-hahn\/#primaryimage","url":"https:\/\/product-guide.org\/wp-content\/uploads\/2025\/03\/154507599-17.png","contentUrl":"https:\/\/product-guide.org\/wp-content\/uploads\/2025\/03\/154507599-17.png","width":2048,"height":2048},{"@type":"BreadcrumbList","@id":"https:\/\/product-guide.org\/produkt\/klebebandspender-luxury-line-schwar-matt-kornet-und-hahn\/#breadcrumb","itemListElement":[{"@type":"ListItem","position":1,"name":"Home","item":"https:\/\/product-guide.org\/"},{"@type":"ListItem","position":2,"name":"Ergebnisse","item":"https:\/\/product-guide.org\/de\/ergebnisse\/"},{"@type":"ListItem","position":3,"name":"Klebebandspender &#8211; Luxury Line, Schwar matt | Kornet und Hahn"}]},{"@type":"WebSite","@id":"https:\/\/product-guide.org\/#website","url":"https:\/\/product-guide.org\/","name":"Product-Guide.org","description":"What Product are you looking for?","publisher":{"@id":"https:\/\/product-guide.org\/#organization"},"potentialAction":[{"@type":"SearchAction","target":{"@type":"EntryPoint","urlTemplate":"https:\/\/product-guide.org\/?s={search_term_string}"},"query-input":{"@type":"PropertyValueSpecification","valueRequired":true,"valueName":"search_term_string"}}],"inLanguage":"en-GB"},{"@type":"Organization","@id":"https:\/\/product-guide.org\/#organization","name":"Product-Guide.org","url":"https:\/\/product-guide.org\/","logo":{"@type":"ImageObject","inLanguage":"en-GB","@id":"https:\/\/product-guide.org\/#\/schema\/logo\/image\/","url":"https:\/\/product-guide.org\/wp-content\/uploads\/2022\/07\/logo_transparent_background.png","contentUrl":"https:\/\/product-guide.org\/wp-content\/uploads\/2022\/07\/logo_transparent_background.png","width":3400,"height":1132,"caption":"Product-Guide.org"},"image":{"@id":"https:\/\/product-guide.org\/#\/schema\/logo\/image\/"}}]}},"_links":{"self":[{"href":"https:\/\/product-guide.org\/en\/wp-json\/wp\/v2\/product\/45137","targetHints":{"allow":["GET"]}}],"collection":[{"href":"https:\/\/product-guide.org\/en\/wp-json\/wp\/v2\/product"}],"about":[{"href":"https:\/\/product-guide.org\/en\/wp-json\/wp\/v2\/types\/product"}],"wp:featuredmedia":[{"embeddable":true,"href":"https:\/\/product-guide.org\/en\/wp-json\/wp\/v2\/media\/45136"}],"wp:attachment":[{"href":"https:\/\/product-guide.org\/en\/wp-json\/wp\/v2\/media?parent=45137"}],"wp:term":[{"taxonomy":"store","embeddable":true,"href":"https:\/\/product-guide.org\/en\/wp-json\/wp\/v2\/store?post=45137"},{"taxonomy":"product_brand","embeddable":true,"href":"https:\/\/product-guide.org\/en\/wp-json\/wp\/v2\/product_brand?post=45137"},{"taxonomy":"product_cat","embeddable":true,"href":"https:\/\/product-guide.org\/en\/wp-json\/wp\/v2\/product_cat?post=45137"},{"taxonomy":"product_tag","embeddable":true,"href":"https:\/\/product-guide.org\/en\/wp-json\/wp\/v2\/product_tag?post=45137"}],"curies":[{"name":"wp","href":"https:\/\/api.w.org\/{rel}","templated":true}]}}