{"id":45151,"date":"2025-03-17T09:42:48","date_gmt":"2025-03-17T08:42:48","guid":{"rendered":"https:\/\/product-guide.org\/produkt\/schreibtisch-acryl-set-8-teilig-rosegold-kornet-und-hahn\/"},"modified":"2025-03-17T09:42:48","modified_gmt":"2025-03-17T08:42:48","slug":"schreibtisch-acryl-set-8-teilig-rosegold-kornet-und-hahn","status":"publish","type":"product","link":"https:\/\/product-guide.org\/en\/produkt\/schreibtisch-acryl-set-8-teilig-rosegold-kornet-und-hahn\/","title":{"rendered":"Schreibtisch Acryl Set, 8-teilig &#8211; Ros\u00e9gold | Kornet und Hahn"},"content":{"rendered":"<p>Das Kornet &#038; Hahn Acryl Design Schreibtisch-Set ist ideal f\u00fcr Sch\u00fcler, Studenten und alle, die im B\u00fcro arbeiten. Durch das transparente Acryl und die metallic Elemente sind die B\u00fcroartikel das Highlight auf jedem Schreibtisch. Trotz des leichten Looks sind die Produkte dabei stabil und langlebig verarbeitet.Geliefert in einer hochwertigen Geschenkbox eignet sich das Set auch ideal als Geschenk. Das 8-teilige Set enth\u00e4lt:1x Tacker1x Klebebandspender1x Tackerklammerentferner1x Stiftehalter1x Notizzettelhalter1x B\u00fcroklammerhalter1x Tackerklammern1x Architektenklammern Das Set ist auch in der Farbe Gold erh\u00e4ltlich!<\/p>\n","protected":false},"excerpt":{"rendered":"<p>Das Kornet &#038; Hahn Acryl Design Schreibtisch-Set ist ideal f\u00fcr Sch\u00fcler, Studenten und alle, die im B\u00fcro arbeiten. Durch das transparente Acryl und die metallic Elemente sind die B\u00fcroartikel das Highlight auf jedem Schreibtisch. Trotz des leichten Looks sind die Produkte dabei stabil und langlebig verarbeitet.Geliefert in einer hochwertigen Geschenkbox eignet sich das Set auch [&hellip;]<\/p>\n","protected":false},"featured_media":45150,"template":"","meta":{"_gspb_post_css":""},"store":[],"product_brand":[1303],"product_cat":[1290],"product_tag":[],"class_list":{"0":"post-45151","1":"product","2":"type-product","3":"status-publish","4":"has-post-thumbnail","6":"product_brand-gumik-hu","7":"product_cat-uncategorized","9":"first","10":"instock","11":"sale","12":"shipping-taxable","13":"purchasable","14":"product-type-simple"},"yoast_head":"<!-- This site is optimized with the Yoast SEO plugin v24.6 - https:\/\/yoast.com\/wordpress\/plugins\/seo\/ -->\n<title>Schreibtisch Acryl Set, 8-teilig - Ros\u00e9gold | Kornet und Hahn | Product-Guide.org<\/title>\n<meta name=\"description\" content=\"Schreibtisch Acryl Set, 8-teilig - Ros\u00e9gold | Kornet und Hahn gefunden von Product-Guide.org\" \/>\n<meta name=\"robots\" content=\"index, follow, max-snippet:-1, max-image-preview:large, max-video-preview:-1\" \/>\n<link rel=\"canonical\" href=\"https:\/\/product-guide.org\/en\/produkt\/schreibtisch-acryl-set-8-teilig-rosegold-kornet-und-hahn\/\" \/>\n<meta property=\"og:locale\" content=\"en_GB\" \/>\n<meta property=\"og:type\" content=\"article\" \/>\n<meta property=\"og:title\" content=\"Schreibtisch Acryl Set, 8-teilig - Ros\u00e9gold | Kornet und Hahn | Product-Guide.org\" \/>\n<meta property=\"og:description\" content=\"Schreibtisch Acryl Set, 8-teilig - Ros\u00e9gold | Kornet und Hahn gefunden von Product-Guide.org\" \/>\n<meta property=\"og:url\" content=\"https:\/\/product-guide.org\/en\/produkt\/schreibtisch-acryl-set-8-teilig-rosegold-kornet-und-hahn\/\" \/>\n<meta property=\"og:site_name\" content=\"Product-Guide.org\" \/>\n<meta name=\"twitter:card\" content=\"summary_large_image\" \/>\n<script type=\"application\/ld+json\" class=\"yoast-schema-graph\">{\"@context\":\"https:\/\/schema.org\",\"@graph\":[{\"@type\":\"WebPage\",\"@id\":\"https:\/\/product-guide.org\/produkt\/schreibtisch-acryl-set-8-teilig-rosegold-kornet-und-hahn\/\",\"url\":\"https:\/\/product-guide.org\/produkt\/schreibtisch-acryl-set-8-teilig-rosegold-kornet-und-hahn\/\",\"name\":\"Schreibtisch Acryl Set, 8-teilig - Ros\u00e9gold | Kornet und Hahn | Product-Guide.org\",\"isPartOf\":{\"@id\":\"https:\/\/product-guide.org\/#website\"},\"primaryImageOfPage\":{\"@id\":\"https:\/\/product-guide.org\/produkt\/schreibtisch-acryl-set-8-teilig-rosegold-kornet-und-hahn\/#primaryimage\"},\"image\":{\"@id\":\"https:\/\/product-guide.org\/produkt\/schreibtisch-acryl-set-8-teilig-rosegold-kornet-und-hahn\/#primaryimage\"},\"thumbnailUrl\":\"https:\/\/product-guide.org\/wp-content\/uploads\/2025\/03\/H44bc42c1a2cb4dc9812a9ba76632482fU.jpg\",\"datePublished\":\"2025-03-17T08:42:48+00:00\",\"description\":\"Schreibtisch Acryl Set, 8-teilig - Ros\u00e9gold | Kornet und Hahn gefunden von Product-Guide.org\",\"breadcrumb\":{\"@id\":\"https:\/\/product-guide.org\/produkt\/schreibtisch-acryl-set-8-teilig-rosegold-kornet-und-hahn\/#breadcrumb\"},\"inLanguage\":\"en-GB\",\"potentialAction\":[{\"@type\":\"ReadAction\",\"target\":[\"https:\/\/product-guide.org\/produkt\/schreibtisch-acryl-set-8-teilig-rosegold-kornet-und-hahn\/\"]}]},{\"@type\":\"ImageObject\",\"inLanguage\":\"en-GB\",\"@id\":\"https:\/\/product-guide.org\/produkt\/schreibtisch-acryl-set-8-teilig-rosegold-kornet-und-hahn\/#primaryimage\",\"url\":\"https:\/\/product-guide.org\/wp-content\/uploads\/2025\/03\/H44bc42c1a2cb4dc9812a9ba76632482fU.jpg\",\"contentUrl\":\"https:\/\/product-guide.org\/wp-content\/uploads\/2025\/03\/H44bc42c1a2cb4dc9812a9ba76632482fU.jpg\",\"width\":1000,\"height\":1000},{\"@type\":\"BreadcrumbList\",\"@id\":\"https:\/\/product-guide.org\/produkt\/schreibtisch-acryl-set-8-teilig-rosegold-kornet-und-hahn\/#breadcrumb\",\"itemListElement\":[{\"@type\":\"ListItem\",\"position\":1,\"name\":\"Home\",\"item\":\"https:\/\/product-guide.org\/\"},{\"@type\":\"ListItem\",\"position\":2,\"name\":\"Ergebnisse\",\"item\":\"https:\/\/product-guide.org\/de\/ergebnisse\/\"},{\"@type\":\"ListItem\",\"position\":3,\"name\":\"Schreibtisch Acryl Set, 8-teilig &#8211; Ros\u00e9gold | Kornet und Hahn\"}]},{\"@type\":\"WebSite\",\"@id\":\"https:\/\/product-guide.org\/#website\",\"url\":\"https:\/\/product-guide.org\/\",\"name\":\"Product-Guide.org\",\"description\":\"What Product are you looking for?\",\"publisher\":{\"@id\":\"https:\/\/product-guide.org\/#organization\"},\"potentialAction\":[{\"@type\":\"SearchAction\",\"target\":{\"@type\":\"EntryPoint\",\"urlTemplate\":\"https:\/\/product-guide.org\/?s={search_term_string}\"},\"query-input\":{\"@type\":\"PropertyValueSpecification\",\"valueRequired\":true,\"valueName\":\"search_term_string\"}}],\"inLanguage\":\"en-GB\"},{\"@type\":\"Organization\",\"@id\":\"https:\/\/product-guide.org\/#organization\",\"name\":\"Product-Guide.org\",\"url\":\"https:\/\/product-guide.org\/\",\"logo\":{\"@type\":\"ImageObject\",\"inLanguage\":\"en-GB\",\"@id\":\"https:\/\/product-guide.org\/#\/schema\/logo\/image\/\",\"url\":\"https:\/\/product-guide.org\/wp-content\/uploads\/2022\/07\/logo_transparent_background.png\",\"contentUrl\":\"https:\/\/product-guide.org\/wp-content\/uploads\/2022\/07\/logo_transparent_background.png\",\"width\":3400,\"height\":1132,\"caption\":\"Product-Guide.org\"},\"image\":{\"@id\":\"https:\/\/product-guide.org\/#\/schema\/logo\/image\/\"}}]}<\/script>\n<!-- \/ Yoast SEO plugin. -->","yoast_head_json":{"title":"Schreibtisch Acryl Set, 8-teilig - Ros\u00e9gold | Kornet und Hahn | Product-Guide.org","description":"Schreibtisch Acryl Set, 8-teilig - Ros\u00e9gold | Kornet und Hahn gefunden von Product-Guide.org","robots":{"index":"index","follow":"follow","max-snippet":"max-snippet:-1","max-image-preview":"max-image-preview:large","max-video-preview":"max-video-preview:-1"},"canonical":"https:\/\/product-guide.org\/en\/produkt\/schreibtisch-acryl-set-8-teilig-rosegold-kornet-und-hahn\/","og_locale":"en_GB","og_type":"article","og_title":"Schreibtisch Acryl Set, 8-teilig - Ros\u00e9gold | Kornet und Hahn | Product-Guide.org","og_description":"Schreibtisch Acryl Set, 8-teilig - Ros\u00e9gold | Kornet und Hahn gefunden von Product-Guide.org","og_url":"https:\/\/product-guide.org\/en\/produkt\/schreibtisch-acryl-set-8-teilig-rosegold-kornet-und-hahn\/","og_site_name":"Product-Guide.org","twitter_card":"summary_large_image","schema":{"@context":"https:\/\/schema.org","@graph":[{"@type":"WebPage","@id":"https:\/\/product-guide.org\/produkt\/schreibtisch-acryl-set-8-teilig-rosegold-kornet-und-hahn\/","url":"https:\/\/product-guide.org\/produkt\/schreibtisch-acryl-set-8-teilig-rosegold-kornet-und-hahn\/","name":"Schreibtisch Acryl Set, 8-teilig - Ros\u00e9gold | Kornet und Hahn | Product-Guide.org","isPartOf":{"@id":"https:\/\/product-guide.org\/#website"},"primaryImageOfPage":{"@id":"https:\/\/product-guide.org\/produkt\/schreibtisch-acryl-set-8-teilig-rosegold-kornet-und-hahn\/#primaryimage"},"image":{"@id":"https:\/\/product-guide.org\/produkt\/schreibtisch-acryl-set-8-teilig-rosegold-kornet-und-hahn\/#primaryimage"},"thumbnailUrl":"https:\/\/product-guide.org\/wp-content\/uploads\/2025\/03\/H44bc42c1a2cb4dc9812a9ba76632482fU.jpg","datePublished":"2025-03-17T08:42:48+00:00","description":"Schreibtisch Acryl Set, 8-teilig - Ros\u00e9gold | Kornet und Hahn gefunden von Product-Guide.org","breadcrumb":{"@id":"https:\/\/product-guide.org\/produkt\/schreibtisch-acryl-set-8-teilig-rosegold-kornet-und-hahn\/#breadcrumb"},"inLanguage":"en-GB","potentialAction":[{"@type":"ReadAction","target":["https:\/\/product-guide.org\/produkt\/schreibtisch-acryl-set-8-teilig-rosegold-kornet-und-hahn\/"]}]},{"@type":"ImageObject","inLanguage":"en-GB","@id":"https:\/\/product-guide.org\/produkt\/schreibtisch-acryl-set-8-teilig-rosegold-kornet-und-hahn\/#primaryimage","url":"https:\/\/product-guide.org\/wp-content\/uploads\/2025\/03\/H44bc42c1a2cb4dc9812a9ba76632482fU.jpg","contentUrl":"https:\/\/product-guide.org\/wp-content\/uploads\/2025\/03\/H44bc42c1a2cb4dc9812a9ba76632482fU.jpg","width":1000,"height":1000},{"@type":"BreadcrumbList","@id":"https:\/\/product-guide.org\/produkt\/schreibtisch-acryl-set-8-teilig-rosegold-kornet-und-hahn\/#breadcrumb","itemListElement":[{"@type":"ListItem","position":1,"name":"Home","item":"https:\/\/product-guide.org\/"},{"@type":"ListItem","position":2,"name":"Ergebnisse","item":"https:\/\/product-guide.org\/de\/ergebnisse\/"},{"@type":"ListItem","position":3,"name":"Schreibtisch Acryl Set, 8-teilig &#8211; Ros\u00e9gold | Kornet und Hahn"}]},{"@type":"WebSite","@id":"https:\/\/product-guide.org\/#website","url":"https:\/\/product-guide.org\/","name":"Product-Guide.org","description":"What Product are you looking for?","publisher":{"@id":"https:\/\/product-guide.org\/#organization"},"potentialAction":[{"@type":"SearchAction","target":{"@type":"EntryPoint","urlTemplate":"https:\/\/product-guide.org\/?s={search_term_string}"},"query-input":{"@type":"PropertyValueSpecification","valueRequired":true,"valueName":"search_term_string"}}],"inLanguage":"en-GB"},{"@type":"Organization","@id":"https:\/\/product-guide.org\/#organization","name":"Product-Guide.org","url":"https:\/\/product-guide.org\/","logo":{"@type":"ImageObject","inLanguage":"en-GB","@id":"https:\/\/product-guide.org\/#\/schema\/logo\/image\/","url":"https:\/\/product-guide.org\/wp-content\/uploads\/2022\/07\/logo_transparent_background.png","contentUrl":"https:\/\/product-guide.org\/wp-content\/uploads\/2022\/07\/logo_transparent_background.png","width":3400,"height":1132,"caption":"Product-Guide.org"},"image":{"@id":"https:\/\/product-guide.org\/#\/schema\/logo\/image\/"}}]}},"_links":{"self":[{"href":"https:\/\/product-guide.org\/en\/wp-json\/wp\/v2\/product\/45151","targetHints":{"allow":["GET"]}}],"collection":[{"href":"https:\/\/product-guide.org\/en\/wp-json\/wp\/v2\/product"}],"about":[{"href":"https:\/\/product-guide.org\/en\/wp-json\/wp\/v2\/types\/product"}],"wp:featuredmedia":[{"embeddable":true,"href":"https:\/\/product-guide.org\/en\/wp-json\/wp\/v2\/media\/45150"}],"wp:attachment":[{"href":"https:\/\/product-guide.org\/en\/wp-json\/wp\/v2\/media?parent=45151"}],"wp:term":[{"taxonomy":"store","embeddable":true,"href":"https:\/\/product-guide.org\/en\/wp-json\/wp\/v2\/store?post=45151"},{"taxonomy":"product_brand","embeddable":true,"href":"https:\/\/product-guide.org\/en\/wp-json\/wp\/v2\/product_brand?post=45151"},{"taxonomy":"product_cat","embeddable":true,"href":"https:\/\/product-guide.org\/en\/wp-json\/wp\/v2\/product_cat?post=45151"},{"taxonomy":"product_tag","embeddable":true,"href":"https:\/\/product-guide.org\/en\/wp-json\/wp\/v2\/product_tag?post=45151"}],"curies":[{"name":"wp","href":"https:\/\/api.w.org\/{rel}","templated":true}]}}