{"id":45157,"date":"2025-03-17T09:42:57","date_gmt":"2025-03-17T08:42:57","guid":{"rendered":"https:\/\/product-guide.org\/produkt\/donari-baumwolltasche-beutel-donari\/"},"modified":"2025-03-17T09:42:57","modified_gmt":"2025-03-17T08:42:57","slug":"donari-baumwolltasche-beutel-donari","status":"publish","type":"product","link":"https:\/\/product-guide.org\/en\/produkt\/donari-baumwolltasche-beutel-donari\/","title":{"rendered":"Donari Baumwolltasche &#8211; Beute(l) | Donari"},"content":{"rendered":"<p>Praktische Einkaufstasche aus Baumwolle Mit dieser praktischen Donari Tragetasche mit dem lustigen Spruch \u201cBeute(l)\u201c bist du f\u00fcr den n\u00e4chsten Einkauf perfekt gewappnet.Der nachhaltige Jutebeutel ist hochwertig verarbeitet und l\u00e4sst sich unkompliziert reinigen. Die Baumwolltragetasche kann aufgrund der hochwertigen Verarbeitung \u00fcber Jahre genutzt werden. Durch die praktische Gr\u00f6\u00dfe von 38 x 42 cm ist die Baumwolltasche auch f\u00fcr gr\u00f6\u00dfere Artikel geeignet. Mithilfe der langen Henkel kannst du die Tasche auch bequem \u00fcber der Schulter tragen. Das perfekte Alltagsgeschenk Besonders f\u00fcr spontane Geschenkanl\u00e4sse ist die schwarze Tragetasche eine ideale Wahl. Weiterhin ist die Baumwolltasche eine perfekte Erg\u00e4nzung f\u00fcr Geschenke zum Geburtstag, zu Weihnachten oder zu Ostern. Lieferumfang: Baumwolltasche \u201cBeute(l)\u201c in Schwarz<\/p>\n","protected":false},"excerpt":{"rendered":"<p>Praktische Einkaufstasche aus Baumwolle Mit dieser praktischen Donari Tragetasche mit dem lustigen Spruch \u201cBeute(l)\u201c bist du f\u00fcr den n\u00e4chsten Einkauf perfekt gewappnet.Der nachhaltige Jutebeutel ist hochwertig verarbeitet und l\u00e4sst sich unkompliziert reinigen. Die Baumwolltragetasche kann aufgrund der hochwertigen Verarbeitung \u00fcber Jahre genutzt werden. Durch die praktische Gr\u00f6\u00dfe von 38 x 42 cm ist die Baumwolltasche [&hellip;]<\/p>\n","protected":false},"featured_media":45156,"template":"","meta":{"_gspb_post_css":""},"store":[],"product_brand":[1304],"product_cat":[1290],"product_tag":[],"class_list":{"0":"post-45157","1":"product","2":"type-product","3":"status-publish","4":"has-post-thumbnail","6":"product_brand-donari","7":"product_cat-uncategorized","9":"first","10":"instock","11":"shipping-taxable","12":"purchasable","13":"product-type-simple"},"yoast_head":"<!-- This site is optimized with the Yoast SEO plugin v24.6 - https:\/\/yoast.com\/wordpress\/plugins\/seo\/ -->\n<title>Donari Baumwolltasche - Beute(l) | Donari | Product-Guide.org<\/title>\n<meta name=\"description\" content=\"Donari Baumwolltasche - Beute(l) | Donari gefunden von Product-Guide.org\" \/>\n<meta name=\"robots\" content=\"index, follow, max-snippet:-1, max-image-preview:large, max-video-preview:-1\" \/>\n<link rel=\"canonical\" href=\"https:\/\/product-guide.org\/en\/produkt\/donari-baumwolltasche-beutel-donari\/\" \/>\n<meta property=\"og:locale\" content=\"en_GB\" \/>\n<meta property=\"og:type\" content=\"article\" \/>\n<meta property=\"og:title\" content=\"Donari Baumwolltasche - Beute(l) | Donari | Product-Guide.org\" \/>\n<meta property=\"og:description\" content=\"Donari Baumwolltasche - Beute(l) | Donari gefunden von Product-Guide.org\" \/>\n<meta property=\"og:url\" content=\"https:\/\/product-guide.org\/en\/produkt\/donari-baumwolltasche-beutel-donari\/\" \/>\n<meta property=\"og:site_name\" content=\"Product-Guide.org\" \/>\n<meta name=\"twitter:card\" content=\"summary_large_image\" \/>\n<script type=\"application\/ld+json\" class=\"yoast-schema-graph\">{\"@context\":\"https:\/\/schema.org\",\"@graph\":[{\"@type\":\"WebPage\",\"@id\":\"https:\/\/product-guide.org\/produkt\/donari-baumwolltasche-beutel-donari\/\",\"url\":\"https:\/\/product-guide.org\/produkt\/donari-baumwolltasche-beutel-donari\/\",\"name\":\"Donari Baumwolltasche - Beute(l) | Donari | Product-Guide.org\",\"isPartOf\":{\"@id\":\"https:\/\/product-guide.org\/#website\"},\"primaryImageOfPage\":{\"@id\":\"https:\/\/product-guide.org\/produkt\/donari-baumwolltasche-beutel-donari\/#primaryimage\"},\"image\":{\"@id\":\"https:\/\/product-guide.org\/produkt\/donari-baumwolltasche-beutel-donari\/#primaryimage\"},\"thumbnailUrl\":\"https:\/\/product-guide.org\/wp-content\/uploads\/2025\/03\/1118_5-jpg_1708340319.jpg\",\"datePublished\":\"2025-03-17T08:42:57+00:00\",\"description\":\"Donari Baumwolltasche - Beute(l) | Donari gefunden von Product-Guide.org\",\"breadcrumb\":{\"@id\":\"https:\/\/product-guide.org\/produkt\/donari-baumwolltasche-beutel-donari\/#breadcrumb\"},\"inLanguage\":\"en-GB\",\"potentialAction\":[{\"@type\":\"ReadAction\",\"target\":[\"https:\/\/product-guide.org\/produkt\/donari-baumwolltasche-beutel-donari\/\"]}]},{\"@type\":\"ImageObject\",\"inLanguage\":\"en-GB\",\"@id\":\"https:\/\/product-guide.org\/produkt\/donari-baumwolltasche-beutel-donari\/#primaryimage\",\"url\":\"https:\/\/product-guide.org\/wp-content\/uploads\/2025\/03\/1118_5-jpg_1708340319.jpg\",\"contentUrl\":\"https:\/\/product-guide.org\/wp-content\/uploads\/2025\/03\/1118_5-jpg_1708340319.jpg\",\"width\":790,\"height\":1100},{\"@type\":\"BreadcrumbList\",\"@id\":\"https:\/\/product-guide.org\/produkt\/donari-baumwolltasche-beutel-donari\/#breadcrumb\",\"itemListElement\":[{\"@type\":\"ListItem\",\"position\":1,\"name\":\"Home\",\"item\":\"https:\/\/product-guide.org\/\"},{\"@type\":\"ListItem\",\"position\":2,\"name\":\"Ergebnisse\",\"item\":\"https:\/\/product-guide.org\/de\/ergebnisse\/\"},{\"@type\":\"ListItem\",\"position\":3,\"name\":\"Donari Baumwolltasche &#8211; Beute(l) | Donari\"}]},{\"@type\":\"WebSite\",\"@id\":\"https:\/\/product-guide.org\/#website\",\"url\":\"https:\/\/product-guide.org\/\",\"name\":\"Product-Guide.org\",\"description\":\"What Product are you looking for?\",\"publisher\":{\"@id\":\"https:\/\/product-guide.org\/#organization\"},\"potentialAction\":[{\"@type\":\"SearchAction\",\"target\":{\"@type\":\"EntryPoint\",\"urlTemplate\":\"https:\/\/product-guide.org\/?s={search_term_string}\"},\"query-input\":{\"@type\":\"PropertyValueSpecification\",\"valueRequired\":true,\"valueName\":\"search_term_string\"}}],\"inLanguage\":\"en-GB\"},{\"@type\":\"Organization\",\"@id\":\"https:\/\/product-guide.org\/#organization\",\"name\":\"Product-Guide.org\",\"url\":\"https:\/\/product-guide.org\/\",\"logo\":{\"@type\":\"ImageObject\",\"inLanguage\":\"en-GB\",\"@id\":\"https:\/\/product-guide.org\/#\/schema\/logo\/image\/\",\"url\":\"https:\/\/product-guide.org\/wp-content\/uploads\/2022\/07\/logo_transparent_background.png\",\"contentUrl\":\"https:\/\/product-guide.org\/wp-content\/uploads\/2022\/07\/logo_transparent_background.png\",\"width\":3400,\"height\":1132,\"caption\":\"Product-Guide.org\"},\"image\":{\"@id\":\"https:\/\/product-guide.org\/#\/schema\/logo\/image\/\"}}]}<\/script>\n<!-- \/ Yoast SEO plugin. -->","yoast_head_json":{"title":"Donari Baumwolltasche - Beute(l) | Donari | Product-Guide.org","description":"Donari Baumwolltasche - Beute(l) | Donari gefunden von Product-Guide.org","robots":{"index":"index","follow":"follow","max-snippet":"max-snippet:-1","max-image-preview":"max-image-preview:large","max-video-preview":"max-video-preview:-1"},"canonical":"https:\/\/product-guide.org\/en\/produkt\/donari-baumwolltasche-beutel-donari\/","og_locale":"en_GB","og_type":"article","og_title":"Donari Baumwolltasche - Beute(l) | Donari | Product-Guide.org","og_description":"Donari Baumwolltasche - Beute(l) | Donari gefunden von Product-Guide.org","og_url":"https:\/\/product-guide.org\/en\/produkt\/donari-baumwolltasche-beutel-donari\/","og_site_name":"Product-Guide.org","twitter_card":"summary_large_image","schema":{"@context":"https:\/\/schema.org","@graph":[{"@type":"WebPage","@id":"https:\/\/product-guide.org\/produkt\/donari-baumwolltasche-beutel-donari\/","url":"https:\/\/product-guide.org\/produkt\/donari-baumwolltasche-beutel-donari\/","name":"Donari Baumwolltasche - Beute(l) | Donari | Product-Guide.org","isPartOf":{"@id":"https:\/\/product-guide.org\/#website"},"primaryImageOfPage":{"@id":"https:\/\/product-guide.org\/produkt\/donari-baumwolltasche-beutel-donari\/#primaryimage"},"image":{"@id":"https:\/\/product-guide.org\/produkt\/donari-baumwolltasche-beutel-donari\/#primaryimage"},"thumbnailUrl":"https:\/\/product-guide.org\/wp-content\/uploads\/2025\/03\/1118_5-jpg_1708340319.jpg","datePublished":"2025-03-17T08:42:57+00:00","description":"Donari Baumwolltasche - Beute(l) | Donari gefunden von Product-Guide.org","breadcrumb":{"@id":"https:\/\/product-guide.org\/produkt\/donari-baumwolltasche-beutel-donari\/#breadcrumb"},"inLanguage":"en-GB","potentialAction":[{"@type":"ReadAction","target":["https:\/\/product-guide.org\/produkt\/donari-baumwolltasche-beutel-donari\/"]}]},{"@type":"ImageObject","inLanguage":"en-GB","@id":"https:\/\/product-guide.org\/produkt\/donari-baumwolltasche-beutel-donari\/#primaryimage","url":"https:\/\/product-guide.org\/wp-content\/uploads\/2025\/03\/1118_5-jpg_1708340319.jpg","contentUrl":"https:\/\/product-guide.org\/wp-content\/uploads\/2025\/03\/1118_5-jpg_1708340319.jpg","width":790,"height":1100},{"@type":"BreadcrumbList","@id":"https:\/\/product-guide.org\/produkt\/donari-baumwolltasche-beutel-donari\/#breadcrumb","itemListElement":[{"@type":"ListItem","position":1,"name":"Home","item":"https:\/\/product-guide.org\/"},{"@type":"ListItem","position":2,"name":"Ergebnisse","item":"https:\/\/product-guide.org\/de\/ergebnisse\/"},{"@type":"ListItem","position":3,"name":"Donari Baumwolltasche &#8211; Beute(l) | Donari"}]},{"@type":"WebSite","@id":"https:\/\/product-guide.org\/#website","url":"https:\/\/product-guide.org\/","name":"Product-Guide.org","description":"What Product are you looking for?","publisher":{"@id":"https:\/\/product-guide.org\/#organization"},"potentialAction":[{"@type":"SearchAction","target":{"@type":"EntryPoint","urlTemplate":"https:\/\/product-guide.org\/?s={search_term_string}"},"query-input":{"@type":"PropertyValueSpecification","valueRequired":true,"valueName":"search_term_string"}}],"inLanguage":"en-GB"},{"@type":"Organization","@id":"https:\/\/product-guide.org\/#organization","name":"Product-Guide.org","url":"https:\/\/product-guide.org\/","logo":{"@type":"ImageObject","inLanguage":"en-GB","@id":"https:\/\/product-guide.org\/#\/schema\/logo\/image\/","url":"https:\/\/product-guide.org\/wp-content\/uploads\/2022\/07\/logo_transparent_background.png","contentUrl":"https:\/\/product-guide.org\/wp-content\/uploads\/2022\/07\/logo_transparent_background.png","width":3400,"height":1132,"caption":"Product-Guide.org"},"image":{"@id":"https:\/\/product-guide.org\/#\/schema\/logo\/image\/"}}]}},"_links":{"self":[{"href":"https:\/\/product-guide.org\/en\/wp-json\/wp\/v2\/product\/45157","targetHints":{"allow":["GET"]}}],"collection":[{"href":"https:\/\/product-guide.org\/en\/wp-json\/wp\/v2\/product"}],"about":[{"href":"https:\/\/product-guide.org\/en\/wp-json\/wp\/v2\/types\/product"}],"wp:featuredmedia":[{"embeddable":true,"href":"https:\/\/product-guide.org\/en\/wp-json\/wp\/v2\/media\/45156"}],"wp:attachment":[{"href":"https:\/\/product-guide.org\/en\/wp-json\/wp\/v2\/media?parent=45157"}],"wp:term":[{"taxonomy":"store","embeddable":true,"href":"https:\/\/product-guide.org\/en\/wp-json\/wp\/v2\/store?post=45157"},{"taxonomy":"product_brand","embeddable":true,"href":"https:\/\/product-guide.org\/en\/wp-json\/wp\/v2\/product_brand?post=45157"},{"taxonomy":"product_cat","embeddable":true,"href":"https:\/\/product-guide.org\/en\/wp-json\/wp\/v2\/product_cat?post=45157"},{"taxonomy":"product_tag","embeddable":true,"href":"https:\/\/product-guide.org\/en\/wp-json\/wp\/v2\/product_tag?post=45157"}],"curies":[{"name":"wp","href":"https:\/\/api.w.org\/{rel}","templated":true}]}}