{"id":45159,"date":"2025-03-17T09:42:58","date_gmt":"2025-03-17T08:42:58","guid":{"rendered":"https:\/\/product-guide.org\/produkt\/donari-baumwolltasche-bin-kurz-weinkaufen-donari\/"},"modified":"2025-03-17T09:42:58","modified_gmt":"2025-03-17T08:42:58","slug":"donari-baumwolltasche-bin-kurz-weinkaufen-donari","status":"publish","type":"product","link":"https:\/\/product-guide.org\/en\/produkt\/donari-baumwolltasche-bin-kurz-weinkaufen-donari\/","title":{"rendered":"Donari Baumwolltasche &#8211; Bin kurz (W)einkaufen | Donari"},"content":{"rendered":"<p>\u201cBin kurz (W)einkaufen\u201cDie original Donari Baumwolltasche in der Farbe Schwarz mit dem Spruch \u201cBin kurz (W)einkaufen\u201c ist ein mit Liebe gestalteter Jutebeutel und perfekt f\u00fcr deinen n\u00e4chsten Einkauf.Durch ihre praktische Gr\u00f6\u00dfe von 38 x 42 cm ist die Baumwolltasche auch sehr gut f\u00fcr sperrige Artikel geeignet. Somit ist die Tasche der perfekte Begleiter f\u00fcr den n\u00e4chsten Einkauf, f\u00fcr die Arbeit oder f\u00fcr s\u00e4mtliche Freizeitaktivit\u00e4ten.Lieferumfang: Baumwolltasche \u201cBin kurz (W)einkaufen\u201c in Schwarz<\/p>\n","protected":false},"excerpt":{"rendered":"<p>\u201cBin kurz (W)einkaufen\u201cDie original Donari Baumwolltasche in der Farbe Schwarz mit dem Spruch \u201cBin kurz (W)einkaufen\u201c ist ein mit Liebe gestalteter Jutebeutel und perfekt f\u00fcr deinen n\u00e4chsten Einkauf.Durch ihre praktische Gr\u00f6\u00dfe von 38 x 42 cm ist die Baumwolltasche auch sehr gut f\u00fcr sperrige Artikel geeignet. Somit ist die Tasche der perfekte Begleiter f\u00fcr den [&hellip;]<\/p>\n","protected":false},"featured_media":45158,"template":"","meta":{"_gspb_post_css":""},"store":[],"product_brand":[1304],"product_cat":[1290],"product_tag":[],"class_list":{"0":"post-45159","1":"product","2":"type-product","3":"status-publish","4":"has-post-thumbnail","6":"product_brand-donari","7":"product_cat-uncategorized","9":"first","10":"instock","11":"shipping-taxable","12":"purchasable","13":"product-type-simple"},"yoast_head":"<!-- This site is optimized with the Yoast SEO plugin v24.6 - https:\/\/yoast.com\/wordpress\/plugins\/seo\/ -->\n<title>Donari Baumwolltasche - Bin kurz (W)einkaufen | Donari | Product-Guide.org<\/title>\n<meta name=\"description\" content=\"Donari Baumwolltasche - Bin kurz (W)einkaufen | Donari gefunden von Product-Guide.org\" \/>\n<meta name=\"robots\" content=\"index, follow, max-snippet:-1, max-image-preview:large, max-video-preview:-1\" \/>\n<link rel=\"canonical\" href=\"https:\/\/product-guide.org\/en\/produkt\/donari-baumwolltasche-bin-kurz-weinkaufen-donari\/\" \/>\n<meta property=\"og:locale\" content=\"en_GB\" \/>\n<meta property=\"og:type\" content=\"article\" \/>\n<meta property=\"og:title\" content=\"Donari Baumwolltasche - Bin kurz (W)einkaufen | Donari | Product-Guide.org\" \/>\n<meta property=\"og:description\" content=\"Donari Baumwolltasche - Bin kurz (W)einkaufen | Donari gefunden von Product-Guide.org\" \/>\n<meta property=\"og:url\" content=\"https:\/\/product-guide.org\/en\/produkt\/donari-baumwolltasche-bin-kurz-weinkaufen-donari\/\" \/>\n<meta property=\"og:site_name\" content=\"Product-Guide.org\" \/>\n<meta name=\"twitter:card\" content=\"summary_large_image\" \/>\n<script type=\"application\/ld+json\" class=\"yoast-schema-graph\">{\"@context\":\"https:\/\/schema.org\",\"@graph\":[{\"@type\":\"WebPage\",\"@id\":\"https:\/\/product-guide.org\/produkt\/donari-baumwolltasche-bin-kurz-weinkaufen-donari\/\",\"url\":\"https:\/\/product-guide.org\/produkt\/donari-baumwolltasche-bin-kurz-weinkaufen-donari\/\",\"name\":\"Donari Baumwolltasche - Bin kurz (W)einkaufen | Donari | Product-Guide.org\",\"isPartOf\":{\"@id\":\"https:\/\/product-guide.org\/#website\"},\"primaryImageOfPage\":{\"@id\":\"https:\/\/product-guide.org\/produkt\/donari-baumwolltasche-bin-kurz-weinkaufen-donari\/#primaryimage\"},\"image\":{\"@id\":\"https:\/\/product-guide.org\/produkt\/donari-baumwolltasche-bin-kurz-weinkaufen-donari\/#primaryimage\"},\"thumbnailUrl\":\"https:\/\/product-guide.org\/wp-content\/uploads\/2025\/03\/1107_2-jpg_1708340244.jpg\",\"datePublished\":\"2025-03-17T08:42:58+00:00\",\"description\":\"Donari Baumwolltasche - Bin kurz (W)einkaufen | Donari gefunden von Product-Guide.org\",\"breadcrumb\":{\"@id\":\"https:\/\/product-guide.org\/produkt\/donari-baumwolltasche-bin-kurz-weinkaufen-donari\/#breadcrumb\"},\"inLanguage\":\"en-GB\",\"potentialAction\":[{\"@type\":\"ReadAction\",\"target\":[\"https:\/\/product-guide.org\/produkt\/donari-baumwolltasche-bin-kurz-weinkaufen-donari\/\"]}]},{\"@type\":\"ImageObject\",\"inLanguage\":\"en-GB\",\"@id\":\"https:\/\/product-guide.org\/produkt\/donari-baumwolltasche-bin-kurz-weinkaufen-donari\/#primaryimage\",\"url\":\"https:\/\/product-guide.org\/wp-content\/uploads\/2025\/03\/1107_2-jpg_1708340244.jpg\",\"contentUrl\":\"https:\/\/product-guide.org\/wp-content\/uploads\/2025\/03\/1107_2-jpg_1708340244.jpg\",\"width\":790,\"height\":1100},{\"@type\":\"BreadcrumbList\",\"@id\":\"https:\/\/product-guide.org\/produkt\/donari-baumwolltasche-bin-kurz-weinkaufen-donari\/#breadcrumb\",\"itemListElement\":[{\"@type\":\"ListItem\",\"position\":1,\"name\":\"Home\",\"item\":\"https:\/\/product-guide.org\/\"},{\"@type\":\"ListItem\",\"position\":2,\"name\":\"Ergebnisse\",\"item\":\"https:\/\/product-guide.org\/de\/ergebnisse\/\"},{\"@type\":\"ListItem\",\"position\":3,\"name\":\"Donari Baumwolltasche &#8211; Bin kurz (W)einkaufen | Donari\"}]},{\"@type\":\"WebSite\",\"@id\":\"https:\/\/product-guide.org\/#website\",\"url\":\"https:\/\/product-guide.org\/\",\"name\":\"Product-Guide.org\",\"description\":\"What Product are you looking for?\",\"publisher\":{\"@id\":\"https:\/\/product-guide.org\/#organization\"},\"potentialAction\":[{\"@type\":\"SearchAction\",\"target\":{\"@type\":\"EntryPoint\",\"urlTemplate\":\"https:\/\/product-guide.org\/?s={search_term_string}\"},\"query-input\":{\"@type\":\"PropertyValueSpecification\",\"valueRequired\":true,\"valueName\":\"search_term_string\"}}],\"inLanguage\":\"en-GB\"},{\"@type\":\"Organization\",\"@id\":\"https:\/\/product-guide.org\/#organization\",\"name\":\"Product-Guide.org\",\"url\":\"https:\/\/product-guide.org\/\",\"logo\":{\"@type\":\"ImageObject\",\"inLanguage\":\"en-GB\",\"@id\":\"https:\/\/product-guide.org\/#\/schema\/logo\/image\/\",\"url\":\"https:\/\/product-guide.org\/wp-content\/uploads\/2022\/07\/logo_transparent_background.png\",\"contentUrl\":\"https:\/\/product-guide.org\/wp-content\/uploads\/2022\/07\/logo_transparent_background.png\",\"width\":3400,\"height\":1132,\"caption\":\"Product-Guide.org\"},\"image\":{\"@id\":\"https:\/\/product-guide.org\/#\/schema\/logo\/image\/\"}}]}<\/script>\n<!-- \/ Yoast SEO plugin. -->","yoast_head_json":{"title":"Donari Baumwolltasche - Bin kurz (W)einkaufen | Donari | Product-Guide.org","description":"Donari Baumwolltasche - Bin kurz (W)einkaufen | Donari gefunden von Product-Guide.org","robots":{"index":"index","follow":"follow","max-snippet":"max-snippet:-1","max-image-preview":"max-image-preview:large","max-video-preview":"max-video-preview:-1"},"canonical":"https:\/\/product-guide.org\/en\/produkt\/donari-baumwolltasche-bin-kurz-weinkaufen-donari\/","og_locale":"en_GB","og_type":"article","og_title":"Donari Baumwolltasche - Bin kurz (W)einkaufen | Donari | Product-Guide.org","og_description":"Donari Baumwolltasche - Bin kurz (W)einkaufen | Donari gefunden von Product-Guide.org","og_url":"https:\/\/product-guide.org\/en\/produkt\/donari-baumwolltasche-bin-kurz-weinkaufen-donari\/","og_site_name":"Product-Guide.org","twitter_card":"summary_large_image","schema":{"@context":"https:\/\/schema.org","@graph":[{"@type":"WebPage","@id":"https:\/\/product-guide.org\/produkt\/donari-baumwolltasche-bin-kurz-weinkaufen-donari\/","url":"https:\/\/product-guide.org\/produkt\/donari-baumwolltasche-bin-kurz-weinkaufen-donari\/","name":"Donari Baumwolltasche - Bin kurz (W)einkaufen | Donari | Product-Guide.org","isPartOf":{"@id":"https:\/\/product-guide.org\/#website"},"primaryImageOfPage":{"@id":"https:\/\/product-guide.org\/produkt\/donari-baumwolltasche-bin-kurz-weinkaufen-donari\/#primaryimage"},"image":{"@id":"https:\/\/product-guide.org\/produkt\/donari-baumwolltasche-bin-kurz-weinkaufen-donari\/#primaryimage"},"thumbnailUrl":"https:\/\/product-guide.org\/wp-content\/uploads\/2025\/03\/1107_2-jpg_1708340244.jpg","datePublished":"2025-03-17T08:42:58+00:00","description":"Donari Baumwolltasche - Bin kurz (W)einkaufen | Donari gefunden von Product-Guide.org","breadcrumb":{"@id":"https:\/\/product-guide.org\/produkt\/donari-baumwolltasche-bin-kurz-weinkaufen-donari\/#breadcrumb"},"inLanguage":"en-GB","potentialAction":[{"@type":"ReadAction","target":["https:\/\/product-guide.org\/produkt\/donari-baumwolltasche-bin-kurz-weinkaufen-donari\/"]}]},{"@type":"ImageObject","inLanguage":"en-GB","@id":"https:\/\/product-guide.org\/produkt\/donari-baumwolltasche-bin-kurz-weinkaufen-donari\/#primaryimage","url":"https:\/\/product-guide.org\/wp-content\/uploads\/2025\/03\/1107_2-jpg_1708340244.jpg","contentUrl":"https:\/\/product-guide.org\/wp-content\/uploads\/2025\/03\/1107_2-jpg_1708340244.jpg","width":790,"height":1100},{"@type":"BreadcrumbList","@id":"https:\/\/product-guide.org\/produkt\/donari-baumwolltasche-bin-kurz-weinkaufen-donari\/#breadcrumb","itemListElement":[{"@type":"ListItem","position":1,"name":"Home","item":"https:\/\/product-guide.org\/"},{"@type":"ListItem","position":2,"name":"Ergebnisse","item":"https:\/\/product-guide.org\/de\/ergebnisse\/"},{"@type":"ListItem","position":3,"name":"Donari Baumwolltasche &#8211; Bin kurz (W)einkaufen | Donari"}]},{"@type":"WebSite","@id":"https:\/\/product-guide.org\/#website","url":"https:\/\/product-guide.org\/","name":"Product-Guide.org","description":"What Product are you looking for?","publisher":{"@id":"https:\/\/product-guide.org\/#organization"},"potentialAction":[{"@type":"SearchAction","target":{"@type":"EntryPoint","urlTemplate":"https:\/\/product-guide.org\/?s={search_term_string}"},"query-input":{"@type":"PropertyValueSpecification","valueRequired":true,"valueName":"search_term_string"}}],"inLanguage":"en-GB"},{"@type":"Organization","@id":"https:\/\/product-guide.org\/#organization","name":"Product-Guide.org","url":"https:\/\/product-guide.org\/","logo":{"@type":"ImageObject","inLanguage":"en-GB","@id":"https:\/\/product-guide.org\/#\/schema\/logo\/image\/","url":"https:\/\/product-guide.org\/wp-content\/uploads\/2022\/07\/logo_transparent_background.png","contentUrl":"https:\/\/product-guide.org\/wp-content\/uploads\/2022\/07\/logo_transparent_background.png","width":3400,"height":1132,"caption":"Product-Guide.org"},"image":{"@id":"https:\/\/product-guide.org\/#\/schema\/logo\/image\/"}}]}},"_links":{"self":[{"href":"https:\/\/product-guide.org\/en\/wp-json\/wp\/v2\/product\/45159","targetHints":{"allow":["GET"]}}],"collection":[{"href":"https:\/\/product-guide.org\/en\/wp-json\/wp\/v2\/product"}],"about":[{"href":"https:\/\/product-guide.org\/en\/wp-json\/wp\/v2\/types\/product"}],"wp:featuredmedia":[{"embeddable":true,"href":"https:\/\/product-guide.org\/en\/wp-json\/wp\/v2\/media\/45158"}],"wp:attachment":[{"href":"https:\/\/product-guide.org\/en\/wp-json\/wp\/v2\/media?parent=45159"}],"wp:term":[{"taxonomy":"store","embeddable":true,"href":"https:\/\/product-guide.org\/en\/wp-json\/wp\/v2\/store?post=45159"},{"taxonomy":"product_brand","embeddable":true,"href":"https:\/\/product-guide.org\/en\/wp-json\/wp\/v2\/product_brand?post=45159"},{"taxonomy":"product_cat","embeddable":true,"href":"https:\/\/product-guide.org\/en\/wp-json\/wp\/v2\/product_cat?post=45159"},{"taxonomy":"product_tag","embeddable":true,"href":"https:\/\/product-guide.org\/en\/wp-json\/wp\/v2\/product_tag?post=45159"}],"curies":[{"name":"wp","href":"https:\/\/api.w.org\/{rel}","templated":true}]}}