{"id":45171,"date":"2025-03-17T09:43:06","date_gmt":"2025-03-17T08:43:06","guid":{"rendered":"https:\/\/product-guide.org\/produkt\/metalldrehstander-fur-24-motive-schwarz-donari\/"},"modified":"2025-03-17T09:43:07","modified_gmt":"2025-03-17T08:43:07","slug":"metalldrehstander-fur-24-motive-schwarz-donari","status":"publish","type":"product","link":"https:\/\/product-guide.org\/en\/produkt\/metalldrehstander-fur-24-motive-schwarz-donari\/","title":{"rendered":"Metalldrehst\u00e4nder f\u00fcr 24 Motive &#8211; Schwarz | Donari"},"content":{"rendered":"<p>Dieser schwarze Metalldrehst\u00e4nder ist ideal geeignet um die Donari Postkarten perfekt zu pr\u00e4sentieren. Der Drehst\u00e4nder l\u00e4sst sich perfekt auf der Verkaufstheke platzieren und regt zu Spontank\u00e4ufen an.Auf der Oberseite befindet sich ein Plakathalter, womit bei Bedarf ein Topper eingesteckt werden kann.Bei Nichtbenutztung kann der Plakathalter auch einfach entfernt werden.<\/p>\n","protected":false},"excerpt":{"rendered":"<p>Dieser schwarze Metalldrehst\u00e4nder ist ideal geeignet um die Donari Postkarten perfekt zu pr\u00e4sentieren. Der Drehst\u00e4nder l\u00e4sst sich perfekt auf der Verkaufstheke platzieren und regt zu Spontank\u00e4ufen an.Auf der Oberseite befindet sich ein Plakathalter, womit bei Bedarf ein Topper eingesteckt werden kann.Bei Nichtbenutztung kann der Plakathalter auch einfach entfernt werden.<\/p>\n","protected":false},"featured_media":45170,"template":"","meta":{"_gspb_post_css":""},"store":[],"product_brand":[1304],"product_cat":[1290],"product_tag":[],"class_list":{"0":"post-45171","1":"product","2":"type-product","3":"status-publish","4":"has-post-thumbnail","6":"product_brand-donari","7":"product_cat-uncategorized","9":"first","10":"instock","11":"shipping-taxable","12":"purchasable","13":"product-type-simple"},"yoast_head":"<!-- This site is optimized with the Yoast SEO plugin v24.6 - https:\/\/yoast.com\/wordpress\/plugins\/seo\/ -->\n<title>Metalldrehst\u00e4nder f\u00fcr 24 Motive - Schwarz | Donari | Product-Guide.org<\/title>\n<meta name=\"description\" content=\"Metalldrehst\u00e4nder f\u00fcr 24 Motive - Schwarz | Donari gefunden von Product-Guide.org\" \/>\n<meta name=\"robots\" content=\"index, follow, max-snippet:-1, max-image-preview:large, max-video-preview:-1\" \/>\n<link rel=\"canonical\" href=\"https:\/\/product-guide.org\/en\/produkt\/metalldrehstander-fur-24-motive-schwarz-donari\/\" \/>\n<meta property=\"og:locale\" content=\"en_GB\" \/>\n<meta property=\"og:type\" content=\"article\" \/>\n<meta property=\"og:title\" content=\"Metalldrehst\u00e4nder f\u00fcr 24 Motive - Schwarz | Donari | Product-Guide.org\" \/>\n<meta property=\"og:description\" content=\"Metalldrehst\u00e4nder f\u00fcr 24 Motive - Schwarz | Donari gefunden von Product-Guide.org\" \/>\n<meta property=\"og:url\" content=\"https:\/\/product-guide.org\/en\/produkt\/metalldrehstander-fur-24-motive-schwarz-donari\/\" \/>\n<meta property=\"og:site_name\" content=\"Product-Guide.org\" \/>\n<meta property=\"article:modified_time\" content=\"2025-03-17T08:43:07+00:00\" \/>\n<meta name=\"twitter:card\" content=\"summary_large_image\" \/>\n<script type=\"application\/ld+json\" class=\"yoast-schema-graph\">{\"@context\":\"https:\/\/schema.org\",\"@graph\":[{\"@type\":\"WebPage\",\"@id\":\"https:\/\/product-guide.org\/produkt\/metalldrehstander-fur-24-motive-schwarz-donari\/\",\"url\":\"https:\/\/product-guide.org\/produkt\/metalldrehstander-fur-24-motive-schwarz-donari\/\",\"name\":\"Metalldrehst\u00e4nder f\u00fcr 24 Motive - Schwarz | Donari | Product-Guide.org\",\"isPartOf\":{\"@id\":\"https:\/\/product-guide.org\/#website\"},\"primaryImageOfPage\":{\"@id\":\"https:\/\/product-guide.org\/produkt\/metalldrehstander-fur-24-motive-schwarz-donari\/#primaryimage\"},\"image\":{\"@id\":\"https:\/\/product-guide.org\/produkt\/metalldrehstander-fur-24-motive-schwarz-donari\/#primaryimage\"},\"thumbnailUrl\":\"https:\/\/product-guide.org\/wp-content\/uploads\/2025\/03\/1077_2-jpg_1708340457.jpg\",\"datePublished\":\"2025-03-17T08:43:06+00:00\",\"dateModified\":\"2025-03-17T08:43:07+00:00\",\"description\":\"Metalldrehst\u00e4nder f\u00fcr 24 Motive - Schwarz | Donari gefunden von Product-Guide.org\",\"breadcrumb\":{\"@id\":\"https:\/\/product-guide.org\/produkt\/metalldrehstander-fur-24-motive-schwarz-donari\/#breadcrumb\"},\"inLanguage\":\"en-GB\",\"potentialAction\":[{\"@type\":\"ReadAction\",\"target\":[\"https:\/\/product-guide.org\/produkt\/metalldrehstander-fur-24-motive-schwarz-donari\/\"]}]},{\"@type\":\"ImageObject\",\"inLanguage\":\"en-GB\",\"@id\":\"https:\/\/product-guide.org\/produkt\/metalldrehstander-fur-24-motive-schwarz-donari\/#primaryimage\",\"url\":\"https:\/\/product-guide.org\/wp-content\/uploads\/2025\/03\/1077_2-jpg_1708340457.jpg\",\"contentUrl\":\"https:\/\/product-guide.org\/wp-content\/uploads\/2025\/03\/1077_2-jpg_1708340457.jpg\",\"width\":1600,\"height\":1600},{\"@type\":\"BreadcrumbList\",\"@id\":\"https:\/\/product-guide.org\/produkt\/metalldrehstander-fur-24-motive-schwarz-donari\/#breadcrumb\",\"itemListElement\":[{\"@type\":\"ListItem\",\"position\":1,\"name\":\"Home\",\"item\":\"https:\/\/product-guide.org\/\"},{\"@type\":\"ListItem\",\"position\":2,\"name\":\"Ergebnisse\",\"item\":\"https:\/\/product-guide.org\/de\/ergebnisse\/\"},{\"@type\":\"ListItem\",\"position\":3,\"name\":\"Metalldrehst\u00e4nder f\u00fcr 24 Motive &#8211; Schwarz | Donari\"}]},{\"@type\":\"WebSite\",\"@id\":\"https:\/\/product-guide.org\/#website\",\"url\":\"https:\/\/product-guide.org\/\",\"name\":\"Product-Guide.org\",\"description\":\"What Product are you looking for?\",\"publisher\":{\"@id\":\"https:\/\/product-guide.org\/#organization\"},\"potentialAction\":[{\"@type\":\"SearchAction\",\"target\":{\"@type\":\"EntryPoint\",\"urlTemplate\":\"https:\/\/product-guide.org\/?s={search_term_string}\"},\"query-input\":{\"@type\":\"PropertyValueSpecification\",\"valueRequired\":true,\"valueName\":\"search_term_string\"}}],\"inLanguage\":\"en-GB\"},{\"@type\":\"Organization\",\"@id\":\"https:\/\/product-guide.org\/#organization\",\"name\":\"Product-Guide.org\",\"url\":\"https:\/\/product-guide.org\/\",\"logo\":{\"@type\":\"ImageObject\",\"inLanguage\":\"en-GB\",\"@id\":\"https:\/\/product-guide.org\/#\/schema\/logo\/image\/\",\"url\":\"https:\/\/product-guide.org\/wp-content\/uploads\/2022\/07\/logo_transparent_background.png\",\"contentUrl\":\"https:\/\/product-guide.org\/wp-content\/uploads\/2022\/07\/logo_transparent_background.png\",\"width\":3400,\"height\":1132,\"caption\":\"Product-Guide.org\"},\"image\":{\"@id\":\"https:\/\/product-guide.org\/#\/schema\/logo\/image\/\"}}]}<\/script>\n<!-- \/ Yoast SEO plugin. -->","yoast_head_json":{"title":"Metalldrehst\u00e4nder f\u00fcr 24 Motive - Schwarz | Donari | Product-Guide.org","description":"Metalldrehst\u00e4nder f\u00fcr 24 Motive - Schwarz | Donari gefunden von Product-Guide.org","robots":{"index":"index","follow":"follow","max-snippet":"max-snippet:-1","max-image-preview":"max-image-preview:large","max-video-preview":"max-video-preview:-1"},"canonical":"https:\/\/product-guide.org\/en\/produkt\/metalldrehstander-fur-24-motive-schwarz-donari\/","og_locale":"en_GB","og_type":"article","og_title":"Metalldrehst\u00e4nder f\u00fcr 24 Motive - Schwarz | Donari | Product-Guide.org","og_description":"Metalldrehst\u00e4nder f\u00fcr 24 Motive - Schwarz | Donari gefunden von Product-Guide.org","og_url":"https:\/\/product-guide.org\/en\/produkt\/metalldrehstander-fur-24-motive-schwarz-donari\/","og_site_name":"Product-Guide.org","article_modified_time":"2025-03-17T08:43:07+00:00","twitter_card":"summary_large_image","schema":{"@context":"https:\/\/schema.org","@graph":[{"@type":"WebPage","@id":"https:\/\/product-guide.org\/produkt\/metalldrehstander-fur-24-motive-schwarz-donari\/","url":"https:\/\/product-guide.org\/produkt\/metalldrehstander-fur-24-motive-schwarz-donari\/","name":"Metalldrehst\u00e4nder f\u00fcr 24 Motive - Schwarz | Donari | Product-Guide.org","isPartOf":{"@id":"https:\/\/product-guide.org\/#website"},"primaryImageOfPage":{"@id":"https:\/\/product-guide.org\/produkt\/metalldrehstander-fur-24-motive-schwarz-donari\/#primaryimage"},"image":{"@id":"https:\/\/product-guide.org\/produkt\/metalldrehstander-fur-24-motive-schwarz-donari\/#primaryimage"},"thumbnailUrl":"https:\/\/product-guide.org\/wp-content\/uploads\/2025\/03\/1077_2-jpg_1708340457.jpg","datePublished":"2025-03-17T08:43:06+00:00","dateModified":"2025-03-17T08:43:07+00:00","description":"Metalldrehst\u00e4nder f\u00fcr 24 Motive - Schwarz | Donari gefunden von Product-Guide.org","breadcrumb":{"@id":"https:\/\/product-guide.org\/produkt\/metalldrehstander-fur-24-motive-schwarz-donari\/#breadcrumb"},"inLanguage":"en-GB","potentialAction":[{"@type":"ReadAction","target":["https:\/\/product-guide.org\/produkt\/metalldrehstander-fur-24-motive-schwarz-donari\/"]}]},{"@type":"ImageObject","inLanguage":"en-GB","@id":"https:\/\/product-guide.org\/produkt\/metalldrehstander-fur-24-motive-schwarz-donari\/#primaryimage","url":"https:\/\/product-guide.org\/wp-content\/uploads\/2025\/03\/1077_2-jpg_1708340457.jpg","contentUrl":"https:\/\/product-guide.org\/wp-content\/uploads\/2025\/03\/1077_2-jpg_1708340457.jpg","width":1600,"height":1600},{"@type":"BreadcrumbList","@id":"https:\/\/product-guide.org\/produkt\/metalldrehstander-fur-24-motive-schwarz-donari\/#breadcrumb","itemListElement":[{"@type":"ListItem","position":1,"name":"Home","item":"https:\/\/product-guide.org\/"},{"@type":"ListItem","position":2,"name":"Ergebnisse","item":"https:\/\/product-guide.org\/de\/ergebnisse\/"},{"@type":"ListItem","position":3,"name":"Metalldrehst\u00e4nder f\u00fcr 24 Motive &#8211; Schwarz | Donari"}]},{"@type":"WebSite","@id":"https:\/\/product-guide.org\/#website","url":"https:\/\/product-guide.org\/","name":"Product-Guide.org","description":"What Product are you looking for?","publisher":{"@id":"https:\/\/product-guide.org\/#organization"},"potentialAction":[{"@type":"SearchAction","target":{"@type":"EntryPoint","urlTemplate":"https:\/\/product-guide.org\/?s={search_term_string}"},"query-input":{"@type":"PropertyValueSpecification","valueRequired":true,"valueName":"search_term_string"}}],"inLanguage":"en-GB"},{"@type":"Organization","@id":"https:\/\/product-guide.org\/#organization","name":"Product-Guide.org","url":"https:\/\/product-guide.org\/","logo":{"@type":"ImageObject","inLanguage":"en-GB","@id":"https:\/\/product-guide.org\/#\/schema\/logo\/image\/","url":"https:\/\/product-guide.org\/wp-content\/uploads\/2022\/07\/logo_transparent_background.png","contentUrl":"https:\/\/product-guide.org\/wp-content\/uploads\/2022\/07\/logo_transparent_background.png","width":3400,"height":1132,"caption":"Product-Guide.org"},"image":{"@id":"https:\/\/product-guide.org\/#\/schema\/logo\/image\/"}}]}},"_links":{"self":[{"href":"https:\/\/product-guide.org\/en\/wp-json\/wp\/v2\/product\/45171","targetHints":{"allow":["GET"]}}],"collection":[{"href":"https:\/\/product-guide.org\/en\/wp-json\/wp\/v2\/product"}],"about":[{"href":"https:\/\/product-guide.org\/en\/wp-json\/wp\/v2\/types\/product"}],"wp:featuredmedia":[{"embeddable":true,"href":"https:\/\/product-guide.org\/en\/wp-json\/wp\/v2\/media\/45170"}],"wp:attachment":[{"href":"https:\/\/product-guide.org\/en\/wp-json\/wp\/v2\/media?parent=45171"}],"wp:term":[{"taxonomy":"store","embeddable":true,"href":"https:\/\/product-guide.org\/en\/wp-json\/wp\/v2\/store?post=45171"},{"taxonomy":"product_brand","embeddable":true,"href":"https:\/\/product-guide.org\/en\/wp-json\/wp\/v2\/product_brand?post=45171"},{"taxonomy":"product_cat","embeddable":true,"href":"https:\/\/product-guide.org\/en\/wp-json\/wp\/v2\/product_cat?post=45171"},{"taxonomy":"product_tag","embeddable":true,"href":"https:\/\/product-guide.org\/en\/wp-json\/wp\/v2\/product_tag?post=45171"}],"curies":[{"name":"wp","href":"https:\/\/api.w.org\/{rel}","templated":true}]}}