{"id":45263,"date":"2025-03-17T09:44:02","date_gmt":"2025-03-17T08:44:02","guid":{"rendered":"https:\/\/product-guide.org\/produkt\/postkarte-your-only-limit-is-your-mind-donari\/"},"modified":"2025-03-17T09:44:02","modified_gmt":"2025-03-17T08:44:02","slug":"postkarte-your-only-limit-is-your-mind-donari","status":"publish","type":"product","link":"https:\/\/product-guide.org\/en\/produkt\/postkarte-your-only-limit-is-your-mind-donari\/","title":{"rendered":"Postkarte | Your only limit is your mind. | Donari"},"content":{"rendered":"<p>Postkarte | \u201cYour only limit is your mind.\u201dDie Donari Postkarte mit dem Zitat \u201cYour only limit is your mind.\u201d, ist ein tolle Inspiration und Motivation \u00fcber Grenzen hinaus zu gehen. Durch die kompakte Gr\u00f6\u00dfe, kann die Karte an jedes Geschenk angebracht und verschenkt werden.Wir haben mit dem inspirierenden Spruch auf unserer minimalistischen Karte den perfekten Begleiter f\u00fcr jede Art von Geschenk kreiert. Die stylische Postkarte wird jedes Geschenk aufwerten und lange in Erinnerung bleiben.Alle Postkarten von Donari werden auf einem 0,46 mm starken Postkarten-Chromokarton gedruckt. Dieser ist nicht nur besonders stabil, sondern sch\u00fctzt auch vor UV-Strahlung. Zudem werden die Karten mit einem matten Finish veredelt, das f\u00fcr eine besondere Haptik sorgt.\u201cYour only limit is your mind.\u201dDie Postkarte mit dem Zitat: \u201cYour only limit is your mind.\u201d ist mit in einem wundersch\u00f6nen Schriftzug versehen und strahlt einen modernen und zeitlosen schwarz wei\u00df Look aus. Durch die zwei harmonierenden Schriftarten wird der Karte ein unvergessliches Design verliehen.Lieferumfang: Postkarte \u201cYour only limit is your mind.\u201d<\/p>\n","protected":false},"excerpt":{"rendered":"<p>Postkarte | \u201cYour only limit is your mind.\u201dDie Donari Postkarte mit dem Zitat \u201cYour only limit is your mind.\u201d, ist ein tolle Inspiration und Motivation \u00fcber Grenzen hinaus zu gehen. Durch die kompakte Gr\u00f6\u00dfe, kann die Karte an jedes Geschenk angebracht und verschenkt werden.Wir haben mit dem inspirierenden Spruch auf unserer minimalistischen Karte den perfekten [&hellip;]<\/p>\n","protected":false},"featured_media":45262,"template":"","meta":{"_gspb_post_css":""},"store":[],"product_brand":[1304],"product_cat":[1290],"product_tag":[],"class_list":{"0":"post-45263","1":"product","2":"type-product","3":"status-publish","4":"has-post-thumbnail","6":"product_brand-donari","7":"product_cat-uncategorized","9":"first","10":"instock","11":"shipping-taxable","12":"purchasable","13":"product-type-simple"},"yoast_head":"<!-- This site is optimized with the Yoast SEO plugin v24.6 - https:\/\/yoast.com\/wordpress\/plugins\/seo\/ -->\n<title>Postkarte | Your only limit is your mind. | Donari | Product-Guide.org<\/title>\n<meta name=\"description\" content=\"Postkarte | Your only limit is your mind. | Donari gefunden von Product-Guide.org\" \/>\n<meta name=\"robots\" content=\"index, follow, max-snippet:-1, max-image-preview:large, max-video-preview:-1\" \/>\n<link rel=\"canonical\" href=\"https:\/\/product-guide.org\/en\/produkt\/postkarte-your-only-limit-is-your-mind-donari\/\" \/>\n<meta property=\"og:locale\" content=\"en_GB\" \/>\n<meta property=\"og:type\" content=\"article\" \/>\n<meta property=\"og:title\" content=\"Postkarte | Your only limit is your mind. | Donari | Product-Guide.org\" \/>\n<meta property=\"og:description\" content=\"Postkarte | Your only limit is your mind. | Donari gefunden von Product-Guide.org\" \/>\n<meta property=\"og:url\" content=\"https:\/\/product-guide.org\/en\/produkt\/postkarte-your-only-limit-is-your-mind-donari\/\" \/>\n<meta property=\"og:site_name\" content=\"Product-Guide.org\" \/>\n<meta name=\"twitter:card\" content=\"summary_large_image\" \/>\n<script type=\"application\/ld+json\" class=\"yoast-schema-graph\">{\"@context\":\"https:\/\/schema.org\",\"@graph\":[{\"@type\":\"WebPage\",\"@id\":\"https:\/\/product-guide.org\/produkt\/postkarte-your-only-limit-is-your-mind-donari\/\",\"url\":\"https:\/\/product-guide.org\/produkt\/postkarte-your-only-limit-is-your-mind-donari\/\",\"name\":\"Postkarte | Your only limit is your mind. | Donari | Product-Guide.org\",\"isPartOf\":{\"@id\":\"https:\/\/product-guide.org\/#website\"},\"primaryImageOfPage\":{\"@id\":\"https:\/\/product-guide.org\/produkt\/postkarte-your-only-limit-is-your-mind-donari\/#primaryimage\"},\"image\":{\"@id\":\"https:\/\/product-guide.org\/produkt\/postkarte-your-only-limit-is-your-mind-donari\/#primaryimage\"},\"thumbnailUrl\":\"https:\/\/product-guide.org\/wp-content\/uploads\/2025\/03\/1212_4-jpg_1708340187.jpg\",\"datePublished\":\"2025-03-17T08:44:02+00:00\",\"description\":\"Postkarte | Your only limit is your mind. | Donari gefunden von Product-Guide.org\",\"breadcrumb\":{\"@id\":\"https:\/\/product-guide.org\/produkt\/postkarte-your-only-limit-is-your-mind-donari\/#breadcrumb\"},\"inLanguage\":\"en-GB\",\"potentialAction\":[{\"@type\":\"ReadAction\",\"target\":[\"https:\/\/product-guide.org\/produkt\/postkarte-your-only-limit-is-your-mind-donari\/\"]}]},{\"@type\":\"ImageObject\",\"inLanguage\":\"en-GB\",\"@id\":\"https:\/\/product-guide.org\/produkt\/postkarte-your-only-limit-is-your-mind-donari\/#primaryimage\",\"url\":\"https:\/\/product-guide.org\/wp-content\/uploads\/2025\/03\/1212_4-jpg_1708340187.jpg\",\"contentUrl\":\"https:\/\/product-guide.org\/wp-content\/uploads\/2025\/03\/1212_4-jpg_1708340187.jpg\",\"width\":790,\"height\":1100},{\"@type\":\"BreadcrumbList\",\"@id\":\"https:\/\/product-guide.org\/produkt\/postkarte-your-only-limit-is-your-mind-donari\/#breadcrumb\",\"itemListElement\":[{\"@type\":\"ListItem\",\"position\":1,\"name\":\"Home\",\"item\":\"https:\/\/product-guide.org\/\"},{\"@type\":\"ListItem\",\"position\":2,\"name\":\"Ergebnisse\",\"item\":\"https:\/\/product-guide.org\/de\/ergebnisse\/\"},{\"@type\":\"ListItem\",\"position\":3,\"name\":\"Postkarte | Your only limit is your mind. | Donari\"}]},{\"@type\":\"WebSite\",\"@id\":\"https:\/\/product-guide.org\/#website\",\"url\":\"https:\/\/product-guide.org\/\",\"name\":\"Product-Guide.org\",\"description\":\"What Product are you looking for?\",\"publisher\":{\"@id\":\"https:\/\/product-guide.org\/#organization\"},\"potentialAction\":[{\"@type\":\"SearchAction\",\"target\":{\"@type\":\"EntryPoint\",\"urlTemplate\":\"https:\/\/product-guide.org\/?s={search_term_string}\"},\"query-input\":{\"@type\":\"PropertyValueSpecification\",\"valueRequired\":true,\"valueName\":\"search_term_string\"}}],\"inLanguage\":\"en-GB\"},{\"@type\":\"Organization\",\"@id\":\"https:\/\/product-guide.org\/#organization\",\"name\":\"Product-Guide.org\",\"url\":\"https:\/\/product-guide.org\/\",\"logo\":{\"@type\":\"ImageObject\",\"inLanguage\":\"en-GB\",\"@id\":\"https:\/\/product-guide.org\/#\/schema\/logo\/image\/\",\"url\":\"https:\/\/product-guide.org\/wp-content\/uploads\/2022\/07\/logo_transparent_background.png\",\"contentUrl\":\"https:\/\/product-guide.org\/wp-content\/uploads\/2022\/07\/logo_transparent_background.png\",\"width\":3400,\"height\":1132,\"caption\":\"Product-Guide.org\"},\"image\":{\"@id\":\"https:\/\/product-guide.org\/#\/schema\/logo\/image\/\"}}]}<\/script>\n<!-- \/ Yoast SEO plugin. -->","yoast_head_json":{"title":"Postkarte | Your only limit is your mind. | Donari | Product-Guide.org","description":"Postkarte | Your only limit is your mind. | Donari gefunden von Product-Guide.org","robots":{"index":"index","follow":"follow","max-snippet":"max-snippet:-1","max-image-preview":"max-image-preview:large","max-video-preview":"max-video-preview:-1"},"canonical":"https:\/\/product-guide.org\/en\/produkt\/postkarte-your-only-limit-is-your-mind-donari\/","og_locale":"en_GB","og_type":"article","og_title":"Postkarte | Your only limit is your mind. | Donari | Product-Guide.org","og_description":"Postkarte | Your only limit is your mind. | Donari gefunden von Product-Guide.org","og_url":"https:\/\/product-guide.org\/en\/produkt\/postkarte-your-only-limit-is-your-mind-donari\/","og_site_name":"Product-Guide.org","twitter_card":"summary_large_image","schema":{"@context":"https:\/\/schema.org","@graph":[{"@type":"WebPage","@id":"https:\/\/product-guide.org\/produkt\/postkarte-your-only-limit-is-your-mind-donari\/","url":"https:\/\/product-guide.org\/produkt\/postkarte-your-only-limit-is-your-mind-donari\/","name":"Postkarte | Your only limit is your mind. | Donari | Product-Guide.org","isPartOf":{"@id":"https:\/\/product-guide.org\/#website"},"primaryImageOfPage":{"@id":"https:\/\/product-guide.org\/produkt\/postkarte-your-only-limit-is-your-mind-donari\/#primaryimage"},"image":{"@id":"https:\/\/product-guide.org\/produkt\/postkarte-your-only-limit-is-your-mind-donari\/#primaryimage"},"thumbnailUrl":"https:\/\/product-guide.org\/wp-content\/uploads\/2025\/03\/1212_4-jpg_1708340187.jpg","datePublished":"2025-03-17T08:44:02+00:00","description":"Postkarte | Your only limit is your mind. | Donari gefunden von Product-Guide.org","breadcrumb":{"@id":"https:\/\/product-guide.org\/produkt\/postkarte-your-only-limit-is-your-mind-donari\/#breadcrumb"},"inLanguage":"en-GB","potentialAction":[{"@type":"ReadAction","target":["https:\/\/product-guide.org\/produkt\/postkarte-your-only-limit-is-your-mind-donari\/"]}]},{"@type":"ImageObject","inLanguage":"en-GB","@id":"https:\/\/product-guide.org\/produkt\/postkarte-your-only-limit-is-your-mind-donari\/#primaryimage","url":"https:\/\/product-guide.org\/wp-content\/uploads\/2025\/03\/1212_4-jpg_1708340187.jpg","contentUrl":"https:\/\/product-guide.org\/wp-content\/uploads\/2025\/03\/1212_4-jpg_1708340187.jpg","width":790,"height":1100},{"@type":"BreadcrumbList","@id":"https:\/\/product-guide.org\/produkt\/postkarte-your-only-limit-is-your-mind-donari\/#breadcrumb","itemListElement":[{"@type":"ListItem","position":1,"name":"Home","item":"https:\/\/product-guide.org\/"},{"@type":"ListItem","position":2,"name":"Ergebnisse","item":"https:\/\/product-guide.org\/de\/ergebnisse\/"},{"@type":"ListItem","position":3,"name":"Postkarte | Your only limit is your mind. | Donari"}]},{"@type":"WebSite","@id":"https:\/\/product-guide.org\/#website","url":"https:\/\/product-guide.org\/","name":"Product-Guide.org","description":"What Product are you looking for?","publisher":{"@id":"https:\/\/product-guide.org\/#organization"},"potentialAction":[{"@type":"SearchAction","target":{"@type":"EntryPoint","urlTemplate":"https:\/\/product-guide.org\/?s={search_term_string}"},"query-input":{"@type":"PropertyValueSpecification","valueRequired":true,"valueName":"search_term_string"}}],"inLanguage":"en-GB"},{"@type":"Organization","@id":"https:\/\/product-guide.org\/#organization","name":"Product-Guide.org","url":"https:\/\/product-guide.org\/","logo":{"@type":"ImageObject","inLanguage":"en-GB","@id":"https:\/\/product-guide.org\/#\/schema\/logo\/image\/","url":"https:\/\/product-guide.org\/wp-content\/uploads\/2022\/07\/logo_transparent_background.png","contentUrl":"https:\/\/product-guide.org\/wp-content\/uploads\/2022\/07\/logo_transparent_background.png","width":3400,"height":1132,"caption":"Product-Guide.org"},"image":{"@id":"https:\/\/product-guide.org\/#\/schema\/logo\/image\/"}}]}},"_links":{"self":[{"href":"https:\/\/product-guide.org\/en\/wp-json\/wp\/v2\/product\/45263","targetHints":{"allow":["GET"]}}],"collection":[{"href":"https:\/\/product-guide.org\/en\/wp-json\/wp\/v2\/product"}],"about":[{"href":"https:\/\/product-guide.org\/en\/wp-json\/wp\/v2\/types\/product"}],"wp:featuredmedia":[{"embeddable":true,"href":"https:\/\/product-guide.org\/en\/wp-json\/wp\/v2\/media\/45262"}],"wp:attachment":[{"href":"https:\/\/product-guide.org\/en\/wp-json\/wp\/v2\/media?parent=45263"}],"wp:term":[{"taxonomy":"store","embeddable":true,"href":"https:\/\/product-guide.org\/en\/wp-json\/wp\/v2\/store?post=45263"},{"taxonomy":"product_brand","embeddable":true,"href":"https:\/\/product-guide.org\/en\/wp-json\/wp\/v2\/product_brand?post=45263"},{"taxonomy":"product_cat","embeddable":true,"href":"https:\/\/product-guide.org\/en\/wp-json\/wp\/v2\/product_cat?post=45263"},{"taxonomy":"product_tag","embeddable":true,"href":"https:\/\/product-guide.org\/en\/wp-json\/wp\/v2\/product_tag?post=45263"}],"curies":[{"name":"wp","href":"https:\/\/api.w.org\/{rel}","templated":true}]}}