{"id":45265,"date":"2025-03-17T09:44:03","date_gmt":"2025-03-17T08:44:03","guid":{"rendered":"https:\/\/product-guide.org\/produkt\/postkarte-zuhause-ist-kein-ort-das-bist-du-donari\/"},"modified":"2025-03-17T09:44:03","modified_gmt":"2025-03-17T08:44:03","slug":"postkarte-zuhause-ist-kein-ort-das-bist-du-donari","status":"publish","type":"product","link":"https:\/\/product-guide.org\/en\/produkt\/postkarte-zuhause-ist-kein-ort-das-bist-du-donari\/","title":{"rendered":"Postkarte | \u201cZuhause ist kein Ort, das bist Du.\u201c | Donari"},"content":{"rendered":"<p>Diese einzigartige Postkarte mit dem englischen Spruch \u201cZuhause ist kein Ort, das bist Du\u201cist zu 100% Made in Germany. Die Postkarte im A6 Format besticht durch ihr schlichtes Design und besteht aus 300g schwerem Chromokarton. Aufgrund der hohen Steifigkeit wird diese sch\u00f6ne Karte nicht so einfach verknickt und bleibt Dir lange erhalten. Alle Donari Karten sind zus\u00e4tzlich UV-Licht-Best\u00e4ndig und hochqualitativ bedruckt.<\/p>\n","protected":false},"excerpt":{"rendered":"<p>Diese einzigartige Postkarte mit dem englischen Spruch \u201cZuhause ist kein Ort, das bist Du\u201cist zu 100% Made in Germany. Die Postkarte im A6 Format besticht durch ihr schlichtes Design und besteht aus 300g schwerem Chromokarton. Aufgrund der hohen Steifigkeit wird diese sch\u00f6ne Karte nicht so einfach verknickt und bleibt Dir lange erhalten. Alle Donari Karten [&hellip;]<\/p>\n","protected":false},"featured_media":45264,"template":"","meta":{"_gspb_post_css":""},"store":[],"product_brand":[1304],"product_cat":[1290],"product_tag":[],"class_list":{"0":"post-45265","1":"product","2":"type-product","3":"status-publish","4":"has-post-thumbnail","6":"product_brand-donari","7":"product_cat-uncategorized","9":"first","10":"instock","11":"shipping-taxable","12":"purchasable","13":"product-type-simple"},"yoast_head":"<!-- This site is optimized with the Yoast SEO plugin v24.6 - https:\/\/yoast.com\/wordpress\/plugins\/seo\/ -->\n<title>Postkarte | \u201cZuhause ist kein Ort, das bist Du.\u201c | Donari | Product-Guide.org<\/title>\n<meta name=\"description\" content=\"Postkarte | \u201cZuhause ist kein Ort, das bist Du.\u201c | Donari gefunden von Product-Guide.org\" \/>\n<meta name=\"robots\" content=\"index, follow, max-snippet:-1, max-image-preview:large, max-video-preview:-1\" \/>\n<link rel=\"canonical\" href=\"https:\/\/product-guide.org\/en\/produkt\/postkarte-zuhause-ist-kein-ort-das-bist-du-donari\/\" \/>\n<meta property=\"og:locale\" content=\"en_GB\" \/>\n<meta property=\"og:type\" content=\"article\" \/>\n<meta property=\"og:title\" content=\"Postkarte | \u201cZuhause ist kein Ort, das bist Du.\u201c | Donari | Product-Guide.org\" \/>\n<meta property=\"og:description\" content=\"Postkarte | \u201cZuhause ist kein Ort, das bist Du.\u201c | Donari gefunden von Product-Guide.org\" \/>\n<meta property=\"og:url\" content=\"https:\/\/product-guide.org\/en\/produkt\/postkarte-zuhause-ist-kein-ort-das-bist-du-donari\/\" \/>\n<meta property=\"og:site_name\" content=\"Product-Guide.org\" \/>\n<meta name=\"twitter:card\" content=\"summary_large_image\" \/>\n<script type=\"application\/ld+json\" class=\"yoast-schema-graph\">{\"@context\":\"https:\/\/schema.org\",\"@graph\":[{\"@type\":\"WebPage\",\"@id\":\"https:\/\/product-guide.org\/produkt\/postkarte-zuhause-ist-kein-ort-das-bist-du-donari\/\",\"url\":\"https:\/\/product-guide.org\/produkt\/postkarte-zuhause-ist-kein-ort-das-bist-du-donari\/\",\"name\":\"Postkarte | \u201cZuhause ist kein Ort, das bist Du.\u201c | Donari | Product-Guide.org\",\"isPartOf\":{\"@id\":\"https:\/\/product-guide.org\/#website\"},\"primaryImageOfPage\":{\"@id\":\"https:\/\/product-guide.org\/produkt\/postkarte-zuhause-ist-kein-ort-das-bist-du-donari\/#primaryimage\"},\"image\":{\"@id\":\"https:\/\/product-guide.org\/produkt\/postkarte-zuhause-ist-kein-ort-das-bist-du-donari\/#primaryimage\"},\"thumbnailUrl\":\"https:\/\/product-guide.org\/wp-content\/uploads\/2025\/03\/1075-jpg_1708340444.jpg\",\"datePublished\":\"2025-03-17T08:44:03+00:00\",\"description\":\"Postkarte | \u201cZuhause ist kein Ort, das bist Du.\u201c | Donari gefunden von Product-Guide.org\",\"breadcrumb\":{\"@id\":\"https:\/\/product-guide.org\/produkt\/postkarte-zuhause-ist-kein-ort-das-bist-du-donari\/#breadcrumb\"},\"inLanguage\":\"en-GB\",\"potentialAction\":[{\"@type\":\"ReadAction\",\"target\":[\"https:\/\/product-guide.org\/produkt\/postkarte-zuhause-ist-kein-ort-das-bist-du-donari\/\"]}]},{\"@type\":\"ImageObject\",\"inLanguage\":\"en-GB\",\"@id\":\"https:\/\/product-guide.org\/produkt\/postkarte-zuhause-ist-kein-ort-das-bist-du-donari\/#primaryimage\",\"url\":\"https:\/\/product-guide.org\/wp-content\/uploads\/2025\/03\/1075-jpg_1708340444.jpg\",\"contentUrl\":\"https:\/\/product-guide.org\/wp-content\/uploads\/2025\/03\/1075-jpg_1708340444.jpg\",\"width\":790,\"height\":1100},{\"@type\":\"BreadcrumbList\",\"@id\":\"https:\/\/product-guide.org\/produkt\/postkarte-zuhause-ist-kein-ort-das-bist-du-donari\/#breadcrumb\",\"itemListElement\":[{\"@type\":\"ListItem\",\"position\":1,\"name\":\"Home\",\"item\":\"https:\/\/product-guide.org\/\"},{\"@type\":\"ListItem\",\"position\":2,\"name\":\"Ergebnisse\",\"item\":\"https:\/\/product-guide.org\/de\/ergebnisse\/\"},{\"@type\":\"ListItem\",\"position\":3,\"name\":\"Postkarte | \u201cZuhause ist kein Ort, das bist Du.\u201c | Donari\"}]},{\"@type\":\"WebSite\",\"@id\":\"https:\/\/product-guide.org\/#website\",\"url\":\"https:\/\/product-guide.org\/\",\"name\":\"Product-Guide.org\",\"description\":\"What Product are you looking for?\",\"publisher\":{\"@id\":\"https:\/\/product-guide.org\/#organization\"},\"potentialAction\":[{\"@type\":\"SearchAction\",\"target\":{\"@type\":\"EntryPoint\",\"urlTemplate\":\"https:\/\/product-guide.org\/?s={search_term_string}\"},\"query-input\":{\"@type\":\"PropertyValueSpecification\",\"valueRequired\":true,\"valueName\":\"search_term_string\"}}],\"inLanguage\":\"en-GB\"},{\"@type\":\"Organization\",\"@id\":\"https:\/\/product-guide.org\/#organization\",\"name\":\"Product-Guide.org\",\"url\":\"https:\/\/product-guide.org\/\",\"logo\":{\"@type\":\"ImageObject\",\"inLanguage\":\"en-GB\",\"@id\":\"https:\/\/product-guide.org\/#\/schema\/logo\/image\/\",\"url\":\"https:\/\/product-guide.org\/wp-content\/uploads\/2022\/07\/logo_transparent_background.png\",\"contentUrl\":\"https:\/\/product-guide.org\/wp-content\/uploads\/2022\/07\/logo_transparent_background.png\",\"width\":3400,\"height\":1132,\"caption\":\"Product-Guide.org\"},\"image\":{\"@id\":\"https:\/\/product-guide.org\/#\/schema\/logo\/image\/\"}}]}<\/script>\n<!-- \/ Yoast SEO plugin. -->","yoast_head_json":{"title":"Postkarte | \u201cZuhause ist kein Ort, das bist Du.\u201c | Donari | Product-Guide.org","description":"Postkarte | \u201cZuhause ist kein Ort, das bist Du.\u201c | Donari gefunden von Product-Guide.org","robots":{"index":"index","follow":"follow","max-snippet":"max-snippet:-1","max-image-preview":"max-image-preview:large","max-video-preview":"max-video-preview:-1"},"canonical":"https:\/\/product-guide.org\/en\/produkt\/postkarte-zuhause-ist-kein-ort-das-bist-du-donari\/","og_locale":"en_GB","og_type":"article","og_title":"Postkarte | \u201cZuhause ist kein Ort, das bist Du.\u201c | Donari | Product-Guide.org","og_description":"Postkarte | \u201cZuhause ist kein Ort, das bist Du.\u201c | Donari gefunden von Product-Guide.org","og_url":"https:\/\/product-guide.org\/en\/produkt\/postkarte-zuhause-ist-kein-ort-das-bist-du-donari\/","og_site_name":"Product-Guide.org","twitter_card":"summary_large_image","schema":{"@context":"https:\/\/schema.org","@graph":[{"@type":"WebPage","@id":"https:\/\/product-guide.org\/produkt\/postkarte-zuhause-ist-kein-ort-das-bist-du-donari\/","url":"https:\/\/product-guide.org\/produkt\/postkarte-zuhause-ist-kein-ort-das-bist-du-donari\/","name":"Postkarte | \u201cZuhause ist kein Ort, das bist Du.\u201c | Donari | Product-Guide.org","isPartOf":{"@id":"https:\/\/product-guide.org\/#website"},"primaryImageOfPage":{"@id":"https:\/\/product-guide.org\/produkt\/postkarte-zuhause-ist-kein-ort-das-bist-du-donari\/#primaryimage"},"image":{"@id":"https:\/\/product-guide.org\/produkt\/postkarte-zuhause-ist-kein-ort-das-bist-du-donari\/#primaryimage"},"thumbnailUrl":"https:\/\/product-guide.org\/wp-content\/uploads\/2025\/03\/1075-jpg_1708340444.jpg","datePublished":"2025-03-17T08:44:03+00:00","description":"Postkarte | \u201cZuhause ist kein Ort, das bist Du.\u201c | Donari gefunden von Product-Guide.org","breadcrumb":{"@id":"https:\/\/product-guide.org\/produkt\/postkarte-zuhause-ist-kein-ort-das-bist-du-donari\/#breadcrumb"},"inLanguage":"en-GB","potentialAction":[{"@type":"ReadAction","target":["https:\/\/product-guide.org\/produkt\/postkarte-zuhause-ist-kein-ort-das-bist-du-donari\/"]}]},{"@type":"ImageObject","inLanguage":"en-GB","@id":"https:\/\/product-guide.org\/produkt\/postkarte-zuhause-ist-kein-ort-das-bist-du-donari\/#primaryimage","url":"https:\/\/product-guide.org\/wp-content\/uploads\/2025\/03\/1075-jpg_1708340444.jpg","contentUrl":"https:\/\/product-guide.org\/wp-content\/uploads\/2025\/03\/1075-jpg_1708340444.jpg","width":790,"height":1100},{"@type":"BreadcrumbList","@id":"https:\/\/product-guide.org\/produkt\/postkarte-zuhause-ist-kein-ort-das-bist-du-donari\/#breadcrumb","itemListElement":[{"@type":"ListItem","position":1,"name":"Home","item":"https:\/\/product-guide.org\/"},{"@type":"ListItem","position":2,"name":"Ergebnisse","item":"https:\/\/product-guide.org\/de\/ergebnisse\/"},{"@type":"ListItem","position":3,"name":"Postkarte | \u201cZuhause ist kein Ort, das bist Du.\u201c | Donari"}]},{"@type":"WebSite","@id":"https:\/\/product-guide.org\/#website","url":"https:\/\/product-guide.org\/","name":"Product-Guide.org","description":"What Product are you looking for?","publisher":{"@id":"https:\/\/product-guide.org\/#organization"},"potentialAction":[{"@type":"SearchAction","target":{"@type":"EntryPoint","urlTemplate":"https:\/\/product-guide.org\/?s={search_term_string}"},"query-input":{"@type":"PropertyValueSpecification","valueRequired":true,"valueName":"search_term_string"}}],"inLanguage":"en-GB"},{"@type":"Organization","@id":"https:\/\/product-guide.org\/#organization","name":"Product-Guide.org","url":"https:\/\/product-guide.org\/","logo":{"@type":"ImageObject","inLanguage":"en-GB","@id":"https:\/\/product-guide.org\/#\/schema\/logo\/image\/","url":"https:\/\/product-guide.org\/wp-content\/uploads\/2022\/07\/logo_transparent_background.png","contentUrl":"https:\/\/product-guide.org\/wp-content\/uploads\/2022\/07\/logo_transparent_background.png","width":3400,"height":1132,"caption":"Product-Guide.org"},"image":{"@id":"https:\/\/product-guide.org\/#\/schema\/logo\/image\/"}}]}},"_links":{"self":[{"href":"https:\/\/product-guide.org\/en\/wp-json\/wp\/v2\/product\/45265","targetHints":{"allow":["GET"]}}],"collection":[{"href":"https:\/\/product-guide.org\/en\/wp-json\/wp\/v2\/product"}],"about":[{"href":"https:\/\/product-guide.org\/en\/wp-json\/wp\/v2\/types\/product"}],"wp:featuredmedia":[{"embeddable":true,"href":"https:\/\/product-guide.org\/en\/wp-json\/wp\/v2\/media\/45264"}],"wp:attachment":[{"href":"https:\/\/product-guide.org\/en\/wp-json\/wp\/v2\/media?parent=45265"}],"wp:term":[{"taxonomy":"store","embeddable":true,"href":"https:\/\/product-guide.org\/en\/wp-json\/wp\/v2\/store?post=45265"},{"taxonomy":"product_brand","embeddable":true,"href":"https:\/\/product-guide.org\/en\/wp-json\/wp\/v2\/product_brand?post=45265"},{"taxonomy":"product_cat","embeddable":true,"href":"https:\/\/product-guide.org\/en\/wp-json\/wp\/v2\/product_cat?post=45265"},{"taxonomy":"product_tag","embeddable":true,"href":"https:\/\/product-guide.org\/en\/wp-json\/wp\/v2\/product_tag?post=45265"}],"curies":[{"name":"wp","href":"https:\/\/api.w.org\/{rel}","templated":true}]}}