{"id":45414,"date":"2025-03-17T09:45:33","date_gmt":"2025-03-17T08:45:33","guid":{"rendered":"https:\/\/product-guide.org\/produkt\/neemol-kaltgepresst-wesentlich-drogeriemarkt\/"},"modified":"2025-03-17T09:45:33","modified_gmt":"2025-03-17T08:45:33","slug":"neemol-kaltgepresst-wesentlich-drogeriemarkt","status":"publish","type":"product","link":"https:\/\/product-guide.org\/en\/produkt\/neemol-kaltgepresst-wesentlich-drogeriemarkt\/","title":{"rendered":"Neem\u00f6l, kaltgepresst | wesentlich Drogeriemarkt"},"content":{"rendered":"<p>Neem\u00f6l ist ein besonders vielseitiges \u00d6l mit besonderer Bedeutung in der ayurvedischen Medizin. Neben seiner Anwendungsm\u00f6glichkeiten in Pflege von Haut und Haar, kann es gemischt mit einem Emulgator und Wasser auch sehr gut zur Pflanzenpflege genutzt werden.<\/p>\n","protected":false},"excerpt":{"rendered":"<p>Neem\u00f6l ist ein besonders vielseitiges \u00d6l mit besonderer Bedeutung in der ayurvedischen Medizin. Neben seiner Anwendungsm\u00f6glichkeiten in Pflege von Haut und Haar, kann es gemischt mit einem Emulgator und Wasser auch sehr gut zur Pflanzenpflege genutzt werden.<\/p>\n","protected":false},"featured_media":45413,"template":"","meta":{"_gspb_post_css":""},"store":[],"product_brand":[1306],"product_cat":[1290],"product_tag":[],"class_list":{"0":"post-45414","1":"product","2":"type-product","3":"status-publish","4":"has-post-thumbnail","6":"product_brand-wesentlich-drogeriemarkt","7":"product_cat-uncategorized","9":"first","10":"instock","11":"shipping-taxable","12":"purchasable","13":"product-type-simple"},"yoast_head":"<!-- This site is optimized with the Yoast SEO plugin v24.6 - https:\/\/yoast.com\/wordpress\/plugins\/seo\/ -->\n<title>Neem\u00f6l, kaltgepresst | wesentlich Drogeriemarkt | Product-Guide.org<\/title>\n<meta name=\"description\" content=\"Neem\u00f6l, kaltgepresst | wesentlich Drogeriemarkt gefunden von Product-Guide.org\" \/>\n<meta name=\"robots\" content=\"index, follow, max-snippet:-1, max-image-preview:large, max-video-preview:-1\" \/>\n<link rel=\"canonical\" href=\"https:\/\/product-guide.org\/en\/produkt\/neemol-kaltgepresst-wesentlich-drogeriemarkt\/\" \/>\n<meta property=\"og:locale\" content=\"en_GB\" \/>\n<meta property=\"og:type\" content=\"article\" \/>\n<meta property=\"og:title\" content=\"Neem\u00f6l, kaltgepresst | wesentlich Drogeriemarkt | Product-Guide.org\" \/>\n<meta property=\"og:description\" content=\"Neem\u00f6l, kaltgepresst | wesentlich Drogeriemarkt gefunden von Product-Guide.org\" \/>\n<meta property=\"og:url\" content=\"https:\/\/product-guide.org\/en\/produkt\/neemol-kaltgepresst-wesentlich-drogeriemarkt\/\" \/>\n<meta property=\"og:site_name\" content=\"Product-Guide.org\" \/>\n<meta name=\"twitter:card\" content=\"summary_large_image\" \/>\n<script type=\"application\/ld+json\" class=\"yoast-schema-graph\">{\"@context\":\"https:\/\/schema.org\",\"@graph\":[{\"@type\":\"WebPage\",\"@id\":\"https:\/\/product-guide.org\/produkt\/neemol-kaltgepresst-wesentlich-drogeriemarkt\/\",\"url\":\"https:\/\/product-guide.org\/produkt\/neemol-kaltgepresst-wesentlich-drogeriemarkt\/\",\"name\":\"Neem\u00f6l, kaltgepresst | wesentlich Drogeriemarkt | Product-Guide.org\",\"isPartOf\":{\"@id\":\"https:\/\/product-guide.org\/#website\"},\"primaryImageOfPage\":{\"@id\":\"https:\/\/product-guide.org\/produkt\/neemol-kaltgepresst-wesentlich-drogeriemarkt\/#primaryimage\"},\"image\":{\"@id\":\"https:\/\/product-guide.org\/produkt\/neemol-kaltgepresst-wesentlich-drogeriemarkt\/#primaryimage\"},\"thumbnailUrl\":\"https:\/\/product-guide.org\/wp-content\/uploads\/2025\/03\/neem-klat-250-wes-MAXi_600x600.jpg\",\"datePublished\":\"2025-03-17T08:45:33+00:00\",\"description\":\"Neem\u00f6l, kaltgepresst | wesentlich Drogeriemarkt gefunden von Product-Guide.org\",\"breadcrumb\":{\"@id\":\"https:\/\/product-guide.org\/produkt\/neemol-kaltgepresst-wesentlich-drogeriemarkt\/#breadcrumb\"},\"inLanguage\":\"en-GB\",\"potentialAction\":[{\"@type\":\"ReadAction\",\"target\":[\"https:\/\/product-guide.org\/produkt\/neemol-kaltgepresst-wesentlich-drogeriemarkt\/\"]}]},{\"@type\":\"ImageObject\",\"inLanguage\":\"en-GB\",\"@id\":\"https:\/\/product-guide.org\/produkt\/neemol-kaltgepresst-wesentlich-drogeriemarkt\/#primaryimage\",\"url\":\"https:\/\/product-guide.org\/wp-content\/uploads\/2025\/03\/neem-klat-250-wes-MAXi_600x600.jpg\",\"contentUrl\":\"https:\/\/product-guide.org\/wp-content\/uploads\/2025\/03\/neem-klat-250-wes-MAXi_600x600.jpg\",\"width\":600,\"height\":600},{\"@type\":\"BreadcrumbList\",\"@id\":\"https:\/\/product-guide.org\/produkt\/neemol-kaltgepresst-wesentlich-drogeriemarkt\/#breadcrumb\",\"itemListElement\":[{\"@type\":\"ListItem\",\"position\":1,\"name\":\"Home\",\"item\":\"https:\/\/product-guide.org\/\"},{\"@type\":\"ListItem\",\"position\":2,\"name\":\"Ergebnisse\",\"item\":\"https:\/\/product-guide.org\/de\/ergebnisse\/\"},{\"@type\":\"ListItem\",\"position\":3,\"name\":\"Neem\u00f6l, kaltgepresst | wesentlich Drogeriemarkt\"}]},{\"@type\":\"WebSite\",\"@id\":\"https:\/\/product-guide.org\/#website\",\"url\":\"https:\/\/product-guide.org\/\",\"name\":\"Product-Guide.org\",\"description\":\"What Product are you looking for?\",\"publisher\":{\"@id\":\"https:\/\/product-guide.org\/#organization\"},\"potentialAction\":[{\"@type\":\"SearchAction\",\"target\":{\"@type\":\"EntryPoint\",\"urlTemplate\":\"https:\/\/product-guide.org\/?s={search_term_string}\"},\"query-input\":{\"@type\":\"PropertyValueSpecification\",\"valueRequired\":true,\"valueName\":\"search_term_string\"}}],\"inLanguage\":\"en-GB\"},{\"@type\":\"Organization\",\"@id\":\"https:\/\/product-guide.org\/#organization\",\"name\":\"Product-Guide.org\",\"url\":\"https:\/\/product-guide.org\/\",\"logo\":{\"@type\":\"ImageObject\",\"inLanguage\":\"en-GB\",\"@id\":\"https:\/\/product-guide.org\/#\/schema\/logo\/image\/\",\"url\":\"https:\/\/product-guide.org\/wp-content\/uploads\/2022\/07\/logo_transparent_background.png\",\"contentUrl\":\"https:\/\/product-guide.org\/wp-content\/uploads\/2022\/07\/logo_transparent_background.png\",\"width\":3400,\"height\":1132,\"caption\":\"Product-Guide.org\"},\"image\":{\"@id\":\"https:\/\/product-guide.org\/#\/schema\/logo\/image\/\"}}]}<\/script>\n<!-- \/ Yoast SEO plugin. -->","yoast_head_json":{"title":"Neem\u00f6l, kaltgepresst | wesentlich Drogeriemarkt | Product-Guide.org","description":"Neem\u00f6l, kaltgepresst | wesentlich Drogeriemarkt gefunden von Product-Guide.org","robots":{"index":"index","follow":"follow","max-snippet":"max-snippet:-1","max-image-preview":"max-image-preview:large","max-video-preview":"max-video-preview:-1"},"canonical":"https:\/\/product-guide.org\/en\/produkt\/neemol-kaltgepresst-wesentlich-drogeriemarkt\/","og_locale":"en_GB","og_type":"article","og_title":"Neem\u00f6l, kaltgepresst | wesentlich Drogeriemarkt | Product-Guide.org","og_description":"Neem\u00f6l, kaltgepresst | wesentlich Drogeriemarkt gefunden von Product-Guide.org","og_url":"https:\/\/product-guide.org\/en\/produkt\/neemol-kaltgepresst-wesentlich-drogeriemarkt\/","og_site_name":"Product-Guide.org","twitter_card":"summary_large_image","schema":{"@context":"https:\/\/schema.org","@graph":[{"@type":"WebPage","@id":"https:\/\/product-guide.org\/produkt\/neemol-kaltgepresst-wesentlich-drogeriemarkt\/","url":"https:\/\/product-guide.org\/produkt\/neemol-kaltgepresst-wesentlich-drogeriemarkt\/","name":"Neem\u00f6l, kaltgepresst | wesentlich Drogeriemarkt | Product-Guide.org","isPartOf":{"@id":"https:\/\/product-guide.org\/#website"},"primaryImageOfPage":{"@id":"https:\/\/product-guide.org\/produkt\/neemol-kaltgepresst-wesentlich-drogeriemarkt\/#primaryimage"},"image":{"@id":"https:\/\/product-guide.org\/produkt\/neemol-kaltgepresst-wesentlich-drogeriemarkt\/#primaryimage"},"thumbnailUrl":"https:\/\/product-guide.org\/wp-content\/uploads\/2025\/03\/neem-klat-250-wes-MAXi_600x600.jpg","datePublished":"2025-03-17T08:45:33+00:00","description":"Neem\u00f6l, kaltgepresst | wesentlich Drogeriemarkt gefunden von Product-Guide.org","breadcrumb":{"@id":"https:\/\/product-guide.org\/produkt\/neemol-kaltgepresst-wesentlich-drogeriemarkt\/#breadcrumb"},"inLanguage":"en-GB","potentialAction":[{"@type":"ReadAction","target":["https:\/\/product-guide.org\/produkt\/neemol-kaltgepresst-wesentlich-drogeriemarkt\/"]}]},{"@type":"ImageObject","inLanguage":"en-GB","@id":"https:\/\/product-guide.org\/produkt\/neemol-kaltgepresst-wesentlich-drogeriemarkt\/#primaryimage","url":"https:\/\/product-guide.org\/wp-content\/uploads\/2025\/03\/neem-klat-250-wes-MAXi_600x600.jpg","contentUrl":"https:\/\/product-guide.org\/wp-content\/uploads\/2025\/03\/neem-klat-250-wes-MAXi_600x600.jpg","width":600,"height":600},{"@type":"BreadcrumbList","@id":"https:\/\/product-guide.org\/produkt\/neemol-kaltgepresst-wesentlich-drogeriemarkt\/#breadcrumb","itemListElement":[{"@type":"ListItem","position":1,"name":"Home","item":"https:\/\/product-guide.org\/"},{"@type":"ListItem","position":2,"name":"Ergebnisse","item":"https:\/\/product-guide.org\/de\/ergebnisse\/"},{"@type":"ListItem","position":3,"name":"Neem\u00f6l, kaltgepresst | wesentlich Drogeriemarkt"}]},{"@type":"WebSite","@id":"https:\/\/product-guide.org\/#website","url":"https:\/\/product-guide.org\/","name":"Product-Guide.org","description":"What Product are you looking for?","publisher":{"@id":"https:\/\/product-guide.org\/#organization"},"potentialAction":[{"@type":"SearchAction","target":{"@type":"EntryPoint","urlTemplate":"https:\/\/product-guide.org\/?s={search_term_string}"},"query-input":{"@type":"PropertyValueSpecification","valueRequired":true,"valueName":"search_term_string"}}],"inLanguage":"en-GB"},{"@type":"Organization","@id":"https:\/\/product-guide.org\/#organization","name":"Product-Guide.org","url":"https:\/\/product-guide.org\/","logo":{"@type":"ImageObject","inLanguage":"en-GB","@id":"https:\/\/product-guide.org\/#\/schema\/logo\/image\/","url":"https:\/\/product-guide.org\/wp-content\/uploads\/2022\/07\/logo_transparent_background.png","contentUrl":"https:\/\/product-guide.org\/wp-content\/uploads\/2022\/07\/logo_transparent_background.png","width":3400,"height":1132,"caption":"Product-Guide.org"},"image":{"@id":"https:\/\/product-guide.org\/#\/schema\/logo\/image\/"}}]}},"_links":{"self":[{"href":"https:\/\/product-guide.org\/en\/wp-json\/wp\/v2\/product\/45414","targetHints":{"allow":["GET"]}}],"collection":[{"href":"https:\/\/product-guide.org\/en\/wp-json\/wp\/v2\/product"}],"about":[{"href":"https:\/\/product-guide.org\/en\/wp-json\/wp\/v2\/types\/product"}],"wp:featuredmedia":[{"embeddable":true,"href":"https:\/\/product-guide.org\/en\/wp-json\/wp\/v2\/media\/45413"}],"wp:attachment":[{"href":"https:\/\/product-guide.org\/en\/wp-json\/wp\/v2\/media?parent=45414"}],"wp:term":[{"taxonomy":"store","embeddable":true,"href":"https:\/\/product-guide.org\/en\/wp-json\/wp\/v2\/store?post=45414"},{"taxonomy":"product_brand","embeddable":true,"href":"https:\/\/product-guide.org\/en\/wp-json\/wp\/v2\/product_brand?post=45414"},{"taxonomy":"product_cat","embeddable":true,"href":"https:\/\/product-guide.org\/en\/wp-json\/wp\/v2\/product_cat?post=45414"},{"taxonomy":"product_tag","embeddable":true,"href":"https:\/\/product-guide.org\/en\/wp-json\/wp\/v2\/product_tag?post=45414"}],"curies":[{"name":"wp","href":"https:\/\/api.w.org\/{rel}","templated":true}]}}