{"id":45599,"date":"2025-03-17T09:48:18","date_gmt":"2025-03-17T08:48:18","guid":{"rendered":"https:\/\/product-guide.org\/produkt\/beeteinfassung-rollboarder-aus-holz-hohe-40-cm-gartentorschliesser\/"},"modified":"2025-03-17T09:48:18","modified_gmt":"2025-03-17T08:48:18","slug":"beeteinfassung-rollboarder-aus-holz-hohe-40-cm-gartentorschliesser","status":"publish","type":"product","link":"https:\/\/product-guide.org\/en\/produkt\/beeteinfassung-rollboarder-aus-holz-hohe-40-cm-gartentorschliesser\/","title":{"rendered":"Beeteinfassung rollboarder aus Holz &#8211; H\u00f6he 40 cm | Gartentorschliesser"},"content":{"rendered":"<p>&#8211; FLEXIBLE FORM : die Elemente des Zauns sind mit verzinktem, flexiblem Draht miteinander verbunden. Dadurch k\u00f6nnen Sie eine individuelle, ma\u00dfgeschneiderte Form des Zauns in gerader oder geschlossener Kreis- oder Quadratform erstellen. Die Beeteinfassung besteht aus 43 abgerundeten Latten, ca. 4,5 cm breit und 1,6 cm stark &#8211; MULTIFUNKTIONAL : der Zaun ist ideal f\u00fcr die Umz\u00e4unung eines Gartens, Grundst\u00fccks, Gem\u00fcsebeetes oder Blumenbeetes geeingnet. Die Z\u00e4une k\u00f6nnen individuell nach Ihren Vorstellungen und W\u00fcnschen aufgebaut werden. Die Zaunelemente lassen sich problemlos kombinieren und k\u00fcrzen. &#8211; 100% NATURPRODUKT : die Z\u00e4une werden aus impr\u00e4gniertem Kiefernholz hergestellt. Die Impr\u00e4gnierung enth\u00e4lt kein Chrom, dank dem die Z\u00e4une eine erh\u00f6hte Haltbarkeit haben und gegen Pilze und Sch\u00e4dlinge gesch\u00fctzt sind.Die im Tauchverfahren aufgetragene Impr\u00e4gnierung verursacht keine Fleckenbildung, und die Farbe bleibt dauerhaft und abwaschbar. Das Holz beh\u00e4lt sein nat\u00fcrliches Aussehen. Bei der unbehandelten Variante ist es notwendig, diese mit einer Impr\u00e4gnierung zu sch\u00fctzen. Die unbehandelte Variante ist nicht impr\u00e4gniert. EINFACH ZU INSTALLIEREN : dank der angespitzten Pfosten kann der Zaun einfach mit einem Gummihammer in den Boden gesteckt werden. Sie k\u00f6nnen die L\u00e4nge des Zauns leicht an Ihre Bed\u00fcrfnisse anpassen, indem Sie den Verbindungsdraht mit einer Metallzange abschneiden. &#8211; HERGESTELLT IN EU<\/p>\n","protected":false},"excerpt":{"rendered":"<p>&#8211; FLEXIBLE FORM : die Elemente des Zauns sind mit verzinktem, flexiblem Draht miteinander verbunden. Dadurch k\u00f6nnen Sie eine individuelle, ma\u00dfgeschneiderte Form des Zauns in gerader oder geschlossener Kreis- oder Quadratform erstellen. Die Beeteinfassung besteht aus 43 abgerundeten Latten, ca. 4,5 cm breit und 1,6 cm stark &#8211; MULTIFUNKTIONAL : der Zaun ist ideal f\u00fcr [&hellip;]<\/p>\n","protected":false},"featured_media":45598,"template":"","meta":{"_gspb_post_css":""},"store":[],"product_brand":[1309],"product_cat":[1290],"product_tag":[],"class_list":{"0":"post-45599","1":"product","2":"type-product","3":"status-publish","4":"has-post-thumbnail","6":"product_brand-gartentorschliesser","7":"product_cat-uncategorized","9":"first","10":"instock","11":"shipping-taxable","12":"purchasable","13":"product-type-simple"},"yoast_head":"<!-- This site is optimized with the Yoast SEO plugin v24.6 - https:\/\/yoast.com\/wordpress\/plugins\/seo\/ -->\n<title>Beeteinfassung rollboarder aus Holz - H\u00f6he 40 cm | Gartentorschliesser | Product-Guide.org<\/title>\n<meta name=\"description\" content=\"Beeteinfassung rollboarder aus Holz - H\u00f6he 40 cm | Gartentorschliesser gefunden von Product-Guide.org\" \/>\n<meta name=\"robots\" content=\"index, follow, max-snippet:-1, max-image-preview:large, max-video-preview:-1\" \/>\n<link rel=\"canonical\" href=\"https:\/\/product-guide.org\/en\/produkt\/beeteinfassung-rollboarder-aus-holz-hohe-40-cm-gartentorschliesser\/\" \/>\n<meta property=\"og:locale\" content=\"en_GB\" \/>\n<meta property=\"og:type\" content=\"article\" \/>\n<meta property=\"og:title\" content=\"Beeteinfassung rollboarder aus Holz - H\u00f6he 40 cm | Gartentorschliesser | Product-Guide.org\" \/>\n<meta property=\"og:description\" content=\"Beeteinfassung rollboarder aus Holz - H\u00f6he 40 cm | Gartentorschliesser gefunden von Product-Guide.org\" \/>\n<meta property=\"og:url\" content=\"https:\/\/product-guide.org\/en\/produkt\/beeteinfassung-rollboarder-aus-holz-hohe-40-cm-gartentorschliesser\/\" \/>\n<meta property=\"og:site_name\" content=\"Product-Guide.org\" \/>\n<meta name=\"twitter:card\" content=\"summary_large_image\" \/>\n<script type=\"application\/ld+json\" class=\"yoast-schema-graph\">{\"@context\":\"https:\/\/schema.org\",\"@graph\":[{\"@type\":\"WebPage\",\"@id\":\"https:\/\/product-guide.org\/produkt\/beeteinfassung-rollboarder-aus-holz-hohe-40-cm-gartentorschliesser\/\",\"url\":\"https:\/\/product-guide.org\/produkt\/beeteinfassung-rollboarder-aus-holz-hohe-40-cm-gartentorschliesser\/\",\"name\":\"Beeteinfassung rollboarder aus Holz - H\u00f6he 40 cm | Gartentorschliesser | Product-Guide.org\",\"isPartOf\":{\"@id\":\"https:\/\/product-guide.org\/#website\"},\"primaryImageOfPage\":{\"@id\":\"https:\/\/product-guide.org\/produkt\/beeteinfassung-rollboarder-aus-holz-hohe-40-cm-gartentorschliesser\/#primaryimage\"},\"image\":{\"@id\":\"https:\/\/product-guide.org\/produkt\/beeteinfassung-rollboarder-aus-holz-hohe-40-cm-gartentorschliesser\/#primaryimage\"},\"thumbnailUrl\":\"https:\/\/product-guide.org\/wp-content\/uploads\/2025\/03\/69e21783ac5f8a5de0847a75a09516f6.jpg\",\"datePublished\":\"2025-03-17T08:48:18+00:00\",\"description\":\"Beeteinfassung rollboarder aus Holz - H\u00f6he 40 cm | Gartentorschliesser gefunden von Product-Guide.org\",\"breadcrumb\":{\"@id\":\"https:\/\/product-guide.org\/produkt\/beeteinfassung-rollboarder-aus-holz-hohe-40-cm-gartentorschliesser\/#breadcrumb\"},\"inLanguage\":\"en-GB\",\"potentialAction\":[{\"@type\":\"ReadAction\",\"target\":[\"https:\/\/product-guide.org\/produkt\/beeteinfassung-rollboarder-aus-holz-hohe-40-cm-gartentorschliesser\/\"]}]},{\"@type\":\"ImageObject\",\"inLanguage\":\"en-GB\",\"@id\":\"https:\/\/product-guide.org\/produkt\/beeteinfassung-rollboarder-aus-holz-hohe-40-cm-gartentorschliesser\/#primaryimage\",\"url\":\"https:\/\/product-guide.org\/wp-content\/uploads\/2025\/03\/69e21783ac5f8a5de0847a75a09516f6.jpg\",\"contentUrl\":\"https:\/\/product-guide.org\/wp-content\/uploads\/2025\/03\/69e21783ac5f8a5de0847a75a09516f6.jpg\",\"width\":1600,\"height\":1600},{\"@type\":\"BreadcrumbList\",\"@id\":\"https:\/\/product-guide.org\/produkt\/beeteinfassung-rollboarder-aus-holz-hohe-40-cm-gartentorschliesser\/#breadcrumb\",\"itemListElement\":[{\"@type\":\"ListItem\",\"position\":1,\"name\":\"Home\",\"item\":\"https:\/\/product-guide.org\/\"},{\"@type\":\"ListItem\",\"position\":2,\"name\":\"Ergebnisse\",\"item\":\"https:\/\/product-guide.org\/de\/ergebnisse\/\"},{\"@type\":\"ListItem\",\"position\":3,\"name\":\"Beeteinfassung rollboarder aus Holz &#8211; H\u00f6he 40 cm | Gartentorschliesser\"}]},{\"@type\":\"WebSite\",\"@id\":\"https:\/\/product-guide.org\/#website\",\"url\":\"https:\/\/product-guide.org\/\",\"name\":\"Product-Guide.org\",\"description\":\"What Product are you looking for?\",\"publisher\":{\"@id\":\"https:\/\/product-guide.org\/#organization\"},\"potentialAction\":[{\"@type\":\"SearchAction\",\"target\":{\"@type\":\"EntryPoint\",\"urlTemplate\":\"https:\/\/product-guide.org\/?s={search_term_string}\"},\"query-input\":{\"@type\":\"PropertyValueSpecification\",\"valueRequired\":true,\"valueName\":\"search_term_string\"}}],\"inLanguage\":\"en-GB\"},{\"@type\":\"Organization\",\"@id\":\"https:\/\/product-guide.org\/#organization\",\"name\":\"Product-Guide.org\",\"url\":\"https:\/\/product-guide.org\/\",\"logo\":{\"@type\":\"ImageObject\",\"inLanguage\":\"en-GB\",\"@id\":\"https:\/\/product-guide.org\/#\/schema\/logo\/image\/\",\"url\":\"https:\/\/product-guide.org\/wp-content\/uploads\/2022\/07\/logo_transparent_background.png\",\"contentUrl\":\"https:\/\/product-guide.org\/wp-content\/uploads\/2022\/07\/logo_transparent_background.png\",\"width\":3400,\"height\":1132,\"caption\":\"Product-Guide.org\"},\"image\":{\"@id\":\"https:\/\/product-guide.org\/#\/schema\/logo\/image\/\"}}]}<\/script>\n<!-- \/ Yoast SEO plugin. -->","yoast_head_json":{"title":"Beeteinfassung rollboarder aus Holz - H\u00f6he 40 cm | Gartentorschliesser | Product-Guide.org","description":"Beeteinfassung rollboarder aus Holz - H\u00f6he 40 cm | Gartentorschliesser gefunden von Product-Guide.org","robots":{"index":"index","follow":"follow","max-snippet":"max-snippet:-1","max-image-preview":"max-image-preview:large","max-video-preview":"max-video-preview:-1"},"canonical":"https:\/\/product-guide.org\/en\/produkt\/beeteinfassung-rollboarder-aus-holz-hohe-40-cm-gartentorschliesser\/","og_locale":"en_GB","og_type":"article","og_title":"Beeteinfassung rollboarder aus Holz - H\u00f6he 40 cm | Gartentorschliesser | Product-Guide.org","og_description":"Beeteinfassung rollboarder aus Holz - H\u00f6he 40 cm | Gartentorschliesser gefunden von Product-Guide.org","og_url":"https:\/\/product-guide.org\/en\/produkt\/beeteinfassung-rollboarder-aus-holz-hohe-40-cm-gartentorschliesser\/","og_site_name":"Product-Guide.org","twitter_card":"summary_large_image","schema":{"@context":"https:\/\/schema.org","@graph":[{"@type":"WebPage","@id":"https:\/\/product-guide.org\/produkt\/beeteinfassung-rollboarder-aus-holz-hohe-40-cm-gartentorschliesser\/","url":"https:\/\/product-guide.org\/produkt\/beeteinfassung-rollboarder-aus-holz-hohe-40-cm-gartentorschliesser\/","name":"Beeteinfassung rollboarder aus Holz - H\u00f6he 40 cm | Gartentorschliesser | Product-Guide.org","isPartOf":{"@id":"https:\/\/product-guide.org\/#website"},"primaryImageOfPage":{"@id":"https:\/\/product-guide.org\/produkt\/beeteinfassung-rollboarder-aus-holz-hohe-40-cm-gartentorschliesser\/#primaryimage"},"image":{"@id":"https:\/\/product-guide.org\/produkt\/beeteinfassung-rollboarder-aus-holz-hohe-40-cm-gartentorschliesser\/#primaryimage"},"thumbnailUrl":"https:\/\/product-guide.org\/wp-content\/uploads\/2025\/03\/69e21783ac5f8a5de0847a75a09516f6.jpg","datePublished":"2025-03-17T08:48:18+00:00","description":"Beeteinfassung rollboarder aus Holz - H\u00f6he 40 cm | Gartentorschliesser gefunden von Product-Guide.org","breadcrumb":{"@id":"https:\/\/product-guide.org\/produkt\/beeteinfassung-rollboarder-aus-holz-hohe-40-cm-gartentorschliesser\/#breadcrumb"},"inLanguage":"en-GB","potentialAction":[{"@type":"ReadAction","target":["https:\/\/product-guide.org\/produkt\/beeteinfassung-rollboarder-aus-holz-hohe-40-cm-gartentorschliesser\/"]}]},{"@type":"ImageObject","inLanguage":"en-GB","@id":"https:\/\/product-guide.org\/produkt\/beeteinfassung-rollboarder-aus-holz-hohe-40-cm-gartentorschliesser\/#primaryimage","url":"https:\/\/product-guide.org\/wp-content\/uploads\/2025\/03\/69e21783ac5f8a5de0847a75a09516f6.jpg","contentUrl":"https:\/\/product-guide.org\/wp-content\/uploads\/2025\/03\/69e21783ac5f8a5de0847a75a09516f6.jpg","width":1600,"height":1600},{"@type":"BreadcrumbList","@id":"https:\/\/product-guide.org\/produkt\/beeteinfassung-rollboarder-aus-holz-hohe-40-cm-gartentorschliesser\/#breadcrumb","itemListElement":[{"@type":"ListItem","position":1,"name":"Home","item":"https:\/\/product-guide.org\/"},{"@type":"ListItem","position":2,"name":"Ergebnisse","item":"https:\/\/product-guide.org\/de\/ergebnisse\/"},{"@type":"ListItem","position":3,"name":"Beeteinfassung rollboarder aus Holz &#8211; H\u00f6he 40 cm | Gartentorschliesser"}]},{"@type":"WebSite","@id":"https:\/\/product-guide.org\/#website","url":"https:\/\/product-guide.org\/","name":"Product-Guide.org","description":"What Product are you looking for?","publisher":{"@id":"https:\/\/product-guide.org\/#organization"},"potentialAction":[{"@type":"SearchAction","target":{"@type":"EntryPoint","urlTemplate":"https:\/\/product-guide.org\/?s={search_term_string}"},"query-input":{"@type":"PropertyValueSpecification","valueRequired":true,"valueName":"search_term_string"}}],"inLanguage":"en-GB"},{"@type":"Organization","@id":"https:\/\/product-guide.org\/#organization","name":"Product-Guide.org","url":"https:\/\/product-guide.org\/","logo":{"@type":"ImageObject","inLanguage":"en-GB","@id":"https:\/\/product-guide.org\/#\/schema\/logo\/image\/","url":"https:\/\/product-guide.org\/wp-content\/uploads\/2022\/07\/logo_transparent_background.png","contentUrl":"https:\/\/product-guide.org\/wp-content\/uploads\/2022\/07\/logo_transparent_background.png","width":3400,"height":1132,"caption":"Product-Guide.org"},"image":{"@id":"https:\/\/product-guide.org\/#\/schema\/logo\/image\/"}}]}},"_links":{"self":[{"href":"https:\/\/product-guide.org\/en\/wp-json\/wp\/v2\/product\/45599","targetHints":{"allow":["GET"]}}],"collection":[{"href":"https:\/\/product-guide.org\/en\/wp-json\/wp\/v2\/product"}],"about":[{"href":"https:\/\/product-guide.org\/en\/wp-json\/wp\/v2\/types\/product"}],"wp:featuredmedia":[{"embeddable":true,"href":"https:\/\/product-guide.org\/en\/wp-json\/wp\/v2\/media\/45598"}],"wp:attachment":[{"href":"https:\/\/product-guide.org\/en\/wp-json\/wp\/v2\/media?parent=45599"}],"wp:term":[{"taxonomy":"store","embeddable":true,"href":"https:\/\/product-guide.org\/en\/wp-json\/wp\/v2\/store?post=45599"},{"taxonomy":"product_brand","embeddable":true,"href":"https:\/\/product-guide.org\/en\/wp-json\/wp\/v2\/product_brand?post=45599"},{"taxonomy":"product_cat","embeddable":true,"href":"https:\/\/product-guide.org\/en\/wp-json\/wp\/v2\/product_cat?post=45599"},{"taxonomy":"product_tag","embeddable":true,"href":"https:\/\/product-guide.org\/en\/wp-json\/wp\/v2\/product_tag?post=45599"}],"curies":[{"name":"wp","href":"https:\/\/api.w.org\/{rel}","templated":true}]}}