{"id":45607,"date":"2025-03-17T09:48:30","date_gmt":"2025-03-17T08:48:30","guid":{"rendered":"https:\/\/product-guide.org\/produkt\/4x-blechdubel-m6-filipp-dubel-gartentorschliesser\/"},"modified":"2025-03-17T09:48:30","modified_gmt":"2025-03-17T08:48:30","slug":"4x-blechdubel-m6-filipp-dubel-gartentorschliesser","status":"publish","type":"product","link":"https:\/\/product-guide.org\/en\/produkt\/4x-blechdubel-m6-filipp-dubel-gartentorschliesser\/","title":{"rendered":"4x Blechd\u00fcbel M6 (Filipp-D\u00fcbel) | Gartentorschliesser"},"content":{"rendered":"<p>Dieser Blechd\u00fcbel ist das ideale Befestigungselement, wenn stark belastbare Schraubverbindungen an verschiedensten d\u00fcnnwandigen Bauteilen wie etwa Hohlkammerprofile, Rohre und Bleche erstellt werden m\u00fcssen. Es ist besonders f\u00fcr die Montage eines Gartentorschlie\u00dfers an bestehenden Garten-Toren und Pfosten geeignet. Der D\u00fcbel ist universell einsetzbar und h\u00e4lt dabei gro\u00dfen Belastungen stand. (bis 1000 kg bei einem M6 D\u00fcbel in Vierkantstahlrohr mit einer Wandst\u00e4rke von 2,2 mm) Montage: Zur Montage wird entweder eine Montagehilfe oder eine passende M6 Schraube und um eine Nummer gr\u00f6\u00dfere Mutter (M8) ben\u00f6tigt. Eigenschaften: Bohrlochdurchmesser: 10 mm Max. Drehmoment: 10 Nm Besonderheit: Der D\u00fcbel schlie\u00dft eben mit dem Werkst\u00fcck ab. Achtung: Das Bohrloch darf nicht zu gro\u00df ausfallen, da der D\u00fcbel sonst durch das Werkst\u00fcck rutscht.<\/p>\n","protected":false},"excerpt":{"rendered":"<p>Dieser Blechd\u00fcbel ist das ideale Befestigungselement, wenn stark belastbare Schraubverbindungen an verschiedensten d\u00fcnnwandigen Bauteilen wie etwa Hohlkammerprofile, Rohre und Bleche erstellt werden m\u00fcssen. Es ist besonders f\u00fcr die Montage eines Gartentorschlie\u00dfers an bestehenden Garten-Toren und Pfosten geeignet. Der D\u00fcbel ist universell einsetzbar und h\u00e4lt dabei gro\u00dfen Belastungen stand. (bis 1000 kg bei einem M6 D\u00fcbel [&hellip;]<\/p>\n","protected":false},"featured_media":45606,"template":"","meta":{"_gspb_post_css":""},"store":[],"product_brand":[1309],"product_cat":[1290],"product_tag":[],"class_list":{"0":"post-45607","1":"product","2":"type-product","3":"status-publish","4":"has-post-thumbnail","6":"product_brand-gartentorschliesser","7":"product_cat-uncategorized","9":"first","10":"instock","11":"shipping-taxable","12":"purchasable","13":"product-type-simple"},"yoast_head":"<!-- This site is optimized with the Yoast SEO plugin v24.6 - https:\/\/yoast.com\/wordpress\/plugins\/seo\/ -->\n<title>4x Blechd\u00fcbel M6 (Filipp-D\u00fcbel) | Gartentorschliesser | Product-Guide.org<\/title>\n<meta name=\"description\" content=\"4x Blechd\u00fcbel M6 (Filipp-D\u00fcbel) | Gartentorschliesser gefunden von Product-Guide.org\" \/>\n<meta name=\"robots\" content=\"index, follow, max-snippet:-1, max-image-preview:large, max-video-preview:-1\" \/>\n<link rel=\"canonical\" href=\"https:\/\/product-guide.org\/en\/produkt\/4x-blechdubel-m6-filipp-dubel-gartentorschliesser\/\" \/>\n<meta property=\"og:locale\" content=\"en_GB\" \/>\n<meta property=\"og:type\" content=\"article\" \/>\n<meta property=\"og:title\" content=\"4x Blechd\u00fcbel M6 (Filipp-D\u00fcbel) | Gartentorschliesser | Product-Guide.org\" \/>\n<meta property=\"og:description\" content=\"4x Blechd\u00fcbel M6 (Filipp-D\u00fcbel) | Gartentorschliesser gefunden von Product-Guide.org\" \/>\n<meta property=\"og:url\" content=\"https:\/\/product-guide.org\/en\/produkt\/4x-blechdubel-m6-filipp-dubel-gartentorschliesser\/\" \/>\n<meta property=\"og:site_name\" content=\"Product-Guide.org\" \/>\n<meta name=\"twitter:card\" content=\"summary_large_image\" \/>\n<script type=\"application\/ld+json\" class=\"yoast-schema-graph\">{\"@context\":\"https:\/\/schema.org\",\"@graph\":[{\"@type\":\"WebPage\",\"@id\":\"https:\/\/product-guide.org\/produkt\/4x-blechdubel-m6-filipp-dubel-gartentorschliesser\/\",\"url\":\"https:\/\/product-guide.org\/produkt\/4x-blechdubel-m6-filipp-dubel-gartentorschliesser\/\",\"name\":\"4x Blechd\u00fcbel M6 (Filipp-D\u00fcbel) | Gartentorschliesser | Product-Guide.org\",\"isPartOf\":{\"@id\":\"https:\/\/product-guide.org\/#website\"},\"primaryImageOfPage\":{\"@id\":\"https:\/\/product-guide.org\/produkt\/4x-blechdubel-m6-filipp-dubel-gartentorschliesser\/#primaryimage\"},\"image\":{\"@id\":\"https:\/\/product-guide.org\/produkt\/4x-blechdubel-m6-filipp-dubel-gartentorschliesser\/#primaryimage\"},\"thumbnailUrl\":\"https:\/\/product-guide.org\/wp-content\/uploads\/2025\/03\/8c0fa3856cb580cd484545285c49b96a.jpg\",\"datePublished\":\"2025-03-17T08:48:30+00:00\",\"description\":\"4x Blechd\u00fcbel M6 (Filipp-D\u00fcbel) | Gartentorschliesser gefunden von Product-Guide.org\",\"breadcrumb\":{\"@id\":\"https:\/\/product-guide.org\/produkt\/4x-blechdubel-m6-filipp-dubel-gartentorschliesser\/#breadcrumb\"},\"inLanguage\":\"en-GB\",\"potentialAction\":[{\"@type\":\"ReadAction\",\"target\":[\"https:\/\/product-guide.org\/produkt\/4x-blechdubel-m6-filipp-dubel-gartentorschliesser\/\"]}]},{\"@type\":\"ImageObject\",\"inLanguage\":\"en-GB\",\"@id\":\"https:\/\/product-guide.org\/produkt\/4x-blechdubel-m6-filipp-dubel-gartentorschliesser\/#primaryimage\",\"url\":\"https:\/\/product-guide.org\/wp-content\/uploads\/2025\/03\/8c0fa3856cb580cd484545285c49b96a.jpg\",\"contentUrl\":\"https:\/\/product-guide.org\/wp-content\/uploads\/2025\/03\/8c0fa3856cb580cd484545285c49b96a.jpg\",\"width\":1280,\"height\":1280},{\"@type\":\"BreadcrumbList\",\"@id\":\"https:\/\/product-guide.org\/produkt\/4x-blechdubel-m6-filipp-dubel-gartentorschliesser\/#breadcrumb\",\"itemListElement\":[{\"@type\":\"ListItem\",\"position\":1,\"name\":\"Home\",\"item\":\"https:\/\/product-guide.org\/\"},{\"@type\":\"ListItem\",\"position\":2,\"name\":\"Ergebnisse\",\"item\":\"https:\/\/product-guide.org\/de\/ergebnisse\/\"},{\"@type\":\"ListItem\",\"position\":3,\"name\":\"4x Blechd\u00fcbel M6 (Filipp-D\u00fcbel) | Gartentorschliesser\"}]},{\"@type\":\"WebSite\",\"@id\":\"https:\/\/product-guide.org\/#website\",\"url\":\"https:\/\/product-guide.org\/\",\"name\":\"Product-Guide.org\",\"description\":\"What Product are you looking for?\",\"publisher\":{\"@id\":\"https:\/\/product-guide.org\/#organization\"},\"potentialAction\":[{\"@type\":\"SearchAction\",\"target\":{\"@type\":\"EntryPoint\",\"urlTemplate\":\"https:\/\/product-guide.org\/?s={search_term_string}\"},\"query-input\":{\"@type\":\"PropertyValueSpecification\",\"valueRequired\":true,\"valueName\":\"search_term_string\"}}],\"inLanguage\":\"en-GB\"},{\"@type\":\"Organization\",\"@id\":\"https:\/\/product-guide.org\/#organization\",\"name\":\"Product-Guide.org\",\"url\":\"https:\/\/product-guide.org\/\",\"logo\":{\"@type\":\"ImageObject\",\"inLanguage\":\"en-GB\",\"@id\":\"https:\/\/product-guide.org\/#\/schema\/logo\/image\/\",\"url\":\"https:\/\/product-guide.org\/wp-content\/uploads\/2022\/07\/logo_transparent_background.png\",\"contentUrl\":\"https:\/\/product-guide.org\/wp-content\/uploads\/2022\/07\/logo_transparent_background.png\",\"width\":3400,\"height\":1132,\"caption\":\"Product-Guide.org\"},\"image\":{\"@id\":\"https:\/\/product-guide.org\/#\/schema\/logo\/image\/\"}}]}<\/script>\n<!-- \/ Yoast SEO plugin. -->","yoast_head_json":{"title":"4x Blechd\u00fcbel M6 (Filipp-D\u00fcbel) | Gartentorschliesser | Product-Guide.org","description":"4x Blechd\u00fcbel M6 (Filipp-D\u00fcbel) | Gartentorschliesser gefunden von Product-Guide.org","robots":{"index":"index","follow":"follow","max-snippet":"max-snippet:-1","max-image-preview":"max-image-preview:large","max-video-preview":"max-video-preview:-1"},"canonical":"https:\/\/product-guide.org\/en\/produkt\/4x-blechdubel-m6-filipp-dubel-gartentorschliesser\/","og_locale":"en_GB","og_type":"article","og_title":"4x Blechd\u00fcbel M6 (Filipp-D\u00fcbel) | Gartentorschliesser | Product-Guide.org","og_description":"4x Blechd\u00fcbel M6 (Filipp-D\u00fcbel) | Gartentorschliesser gefunden von Product-Guide.org","og_url":"https:\/\/product-guide.org\/en\/produkt\/4x-blechdubel-m6-filipp-dubel-gartentorschliesser\/","og_site_name":"Product-Guide.org","twitter_card":"summary_large_image","schema":{"@context":"https:\/\/schema.org","@graph":[{"@type":"WebPage","@id":"https:\/\/product-guide.org\/produkt\/4x-blechdubel-m6-filipp-dubel-gartentorschliesser\/","url":"https:\/\/product-guide.org\/produkt\/4x-blechdubel-m6-filipp-dubel-gartentorschliesser\/","name":"4x Blechd\u00fcbel M6 (Filipp-D\u00fcbel) | Gartentorschliesser | Product-Guide.org","isPartOf":{"@id":"https:\/\/product-guide.org\/#website"},"primaryImageOfPage":{"@id":"https:\/\/product-guide.org\/produkt\/4x-blechdubel-m6-filipp-dubel-gartentorschliesser\/#primaryimage"},"image":{"@id":"https:\/\/product-guide.org\/produkt\/4x-blechdubel-m6-filipp-dubel-gartentorschliesser\/#primaryimage"},"thumbnailUrl":"https:\/\/product-guide.org\/wp-content\/uploads\/2025\/03\/8c0fa3856cb580cd484545285c49b96a.jpg","datePublished":"2025-03-17T08:48:30+00:00","description":"4x Blechd\u00fcbel M6 (Filipp-D\u00fcbel) | Gartentorschliesser gefunden von Product-Guide.org","breadcrumb":{"@id":"https:\/\/product-guide.org\/produkt\/4x-blechdubel-m6-filipp-dubel-gartentorschliesser\/#breadcrumb"},"inLanguage":"en-GB","potentialAction":[{"@type":"ReadAction","target":["https:\/\/product-guide.org\/produkt\/4x-blechdubel-m6-filipp-dubel-gartentorschliesser\/"]}]},{"@type":"ImageObject","inLanguage":"en-GB","@id":"https:\/\/product-guide.org\/produkt\/4x-blechdubel-m6-filipp-dubel-gartentorschliesser\/#primaryimage","url":"https:\/\/product-guide.org\/wp-content\/uploads\/2025\/03\/8c0fa3856cb580cd484545285c49b96a.jpg","contentUrl":"https:\/\/product-guide.org\/wp-content\/uploads\/2025\/03\/8c0fa3856cb580cd484545285c49b96a.jpg","width":1280,"height":1280},{"@type":"BreadcrumbList","@id":"https:\/\/product-guide.org\/produkt\/4x-blechdubel-m6-filipp-dubel-gartentorschliesser\/#breadcrumb","itemListElement":[{"@type":"ListItem","position":1,"name":"Home","item":"https:\/\/product-guide.org\/"},{"@type":"ListItem","position":2,"name":"Ergebnisse","item":"https:\/\/product-guide.org\/de\/ergebnisse\/"},{"@type":"ListItem","position":3,"name":"4x Blechd\u00fcbel M6 (Filipp-D\u00fcbel) | Gartentorschliesser"}]},{"@type":"WebSite","@id":"https:\/\/product-guide.org\/#website","url":"https:\/\/product-guide.org\/","name":"Product-Guide.org","description":"What Product are you looking for?","publisher":{"@id":"https:\/\/product-guide.org\/#organization"},"potentialAction":[{"@type":"SearchAction","target":{"@type":"EntryPoint","urlTemplate":"https:\/\/product-guide.org\/?s={search_term_string}"},"query-input":{"@type":"PropertyValueSpecification","valueRequired":true,"valueName":"search_term_string"}}],"inLanguage":"en-GB"},{"@type":"Organization","@id":"https:\/\/product-guide.org\/#organization","name":"Product-Guide.org","url":"https:\/\/product-guide.org\/","logo":{"@type":"ImageObject","inLanguage":"en-GB","@id":"https:\/\/product-guide.org\/#\/schema\/logo\/image\/","url":"https:\/\/product-guide.org\/wp-content\/uploads\/2022\/07\/logo_transparent_background.png","contentUrl":"https:\/\/product-guide.org\/wp-content\/uploads\/2022\/07\/logo_transparent_background.png","width":3400,"height":1132,"caption":"Product-Guide.org"},"image":{"@id":"https:\/\/product-guide.org\/#\/schema\/logo\/image\/"}}]}},"_links":{"self":[{"href":"https:\/\/product-guide.org\/en\/wp-json\/wp\/v2\/product\/45607","targetHints":{"allow":["GET"]}}],"collection":[{"href":"https:\/\/product-guide.org\/en\/wp-json\/wp\/v2\/product"}],"about":[{"href":"https:\/\/product-guide.org\/en\/wp-json\/wp\/v2\/types\/product"}],"wp:featuredmedia":[{"embeddable":true,"href":"https:\/\/product-guide.org\/en\/wp-json\/wp\/v2\/media\/45606"}],"wp:attachment":[{"href":"https:\/\/product-guide.org\/en\/wp-json\/wp\/v2\/media?parent=45607"}],"wp:term":[{"taxonomy":"store","embeddable":true,"href":"https:\/\/product-guide.org\/en\/wp-json\/wp\/v2\/store?post=45607"},{"taxonomy":"product_brand","embeddable":true,"href":"https:\/\/product-guide.org\/en\/wp-json\/wp\/v2\/product_brand?post=45607"},{"taxonomy":"product_cat","embeddable":true,"href":"https:\/\/product-guide.org\/en\/wp-json\/wp\/v2\/product_cat?post=45607"},{"taxonomy":"product_tag","embeddable":true,"href":"https:\/\/product-guide.org\/en\/wp-json\/wp\/v2\/product_tag?post=45607"}],"curies":[{"name":"wp","href":"https:\/\/api.w.org\/{rel}","templated":true}]}}