{"id":45647,"date":"2025-03-17T09:49:07","date_gmt":"2025-03-17T08:49:07","guid":{"rendered":"https:\/\/product-guide.org\/produkt\/locinox-torschlieser-verticlose-2-gartentorschliesser\/"},"modified":"2025-03-17T09:49:07","modified_gmt":"2025-03-17T08:49:07","slug":"locinox-torschlieser-verticlose-2-gartentorschliesser","status":"publish","type":"product","link":"https:\/\/product-guide.org\/en\/produkt\/locinox-torschlieser-verticlose-2-gartentorschliesser\/","title":{"rendered":"Locinox Torschlie\u00dfer Verticlose-2 | Gartentorschliesser"},"content":{"rendered":"<p>Kraftvoller hydraulischer Torshchlie\u00dfer f\u00fcr schwere Tore bis 150 kg. Der Verticlose-2 Torschlie\u00dfer ist extrem vielseitig und hat einige ausgezeichnete Eigenschaften f\u00fcr 90\u00b0 und 180\u00b0 Torb\u00e4nder. Die integrierte Vorspannung, die stufenlose Einstellbarkeit von Geschwindigkeit und Endschlag, zusammen mit dem Quick-fix Montagesystem garantieren eine schnelle und effiziente Montage. Das \u00e4sthetische und pulverbeschichtete Aluminiumgeh\u00e4use in Kombination mit dem High-Tech-Mechanismus sorgt f\u00fcr eine sehr lange Lebensdauer. Feineinstellung der Geschwindigkeit und des Endschlags Railset inkl. f\u00fcr 90\u00b0 und 180\u00b0 \u00c4sthetisches und kompaktes Design Pulverbeschichtetes Aluminiumgeh\u00e4use, perfekt f\u00fcr den Au\u00dfenbereich geeignet Integrierte Vorspannung f\u00fcr extrem einfache Installation Schlie\u00dfkraft \u00fcber den vollen \u00d6ffnungswinkel von 180\u00b0 Gut befestigt mit dem patentierten Quick-Fix<\/p>\n","protected":false},"excerpt":{"rendered":"<p>Kraftvoller hydraulischer Torshchlie\u00dfer f\u00fcr schwere Tore bis 150 kg. Der Verticlose-2 Torschlie\u00dfer ist extrem vielseitig und hat einige ausgezeichnete Eigenschaften f\u00fcr 90\u00b0 und 180\u00b0 Torb\u00e4nder. Die integrierte Vorspannung, die stufenlose Einstellbarkeit von Geschwindigkeit und Endschlag, zusammen mit dem Quick-fix Montagesystem garantieren eine schnelle und effiziente Montage. Das \u00e4sthetische und pulverbeschichtete Aluminiumgeh\u00e4use in Kombination mit dem [&hellip;]<\/p>\n","protected":false},"featured_media":45646,"template":"","meta":{"_gspb_post_css":""},"store":[],"product_brand":[1309],"product_cat":[1290],"product_tag":[],"class_list":{"0":"post-45647","1":"product","2":"type-product","3":"status-publish","4":"has-post-thumbnail","6":"product_brand-gartentorschliesser","7":"product_cat-uncategorized","9":"first","10":"instock","11":"shipping-taxable","12":"purchasable","13":"product-type-simple"},"yoast_head":"<!-- This site is optimized with the Yoast SEO plugin v24.6 - https:\/\/yoast.com\/wordpress\/plugins\/seo\/ -->\n<title>Locinox Torschlie\u00dfer Verticlose-2 | Gartentorschliesser | Product-Guide.org<\/title>\n<meta name=\"description\" content=\"Locinox Torschlie\u00dfer Verticlose-2 | Gartentorschliesser gefunden von Product-Guide.org\" \/>\n<meta name=\"robots\" content=\"index, follow, max-snippet:-1, max-image-preview:large, max-video-preview:-1\" \/>\n<link rel=\"canonical\" href=\"https:\/\/product-guide.org\/en\/produkt\/locinox-torschlieser-verticlose-2-gartentorschliesser\/\" \/>\n<meta property=\"og:locale\" content=\"en_GB\" \/>\n<meta property=\"og:type\" content=\"article\" \/>\n<meta property=\"og:title\" content=\"Locinox Torschlie\u00dfer Verticlose-2 | Gartentorschliesser | Product-Guide.org\" \/>\n<meta property=\"og:description\" content=\"Locinox Torschlie\u00dfer Verticlose-2 | Gartentorschliesser gefunden von Product-Guide.org\" \/>\n<meta property=\"og:url\" content=\"https:\/\/product-guide.org\/en\/produkt\/locinox-torschlieser-verticlose-2-gartentorschliesser\/\" \/>\n<meta property=\"og:site_name\" content=\"Product-Guide.org\" \/>\n<meta name=\"twitter:card\" content=\"summary_large_image\" \/>\n<script type=\"application\/ld+json\" class=\"yoast-schema-graph\">{\"@context\":\"https:\/\/schema.org\",\"@graph\":[{\"@type\":\"WebPage\",\"@id\":\"https:\/\/product-guide.org\/produkt\/locinox-torschlieser-verticlose-2-gartentorschliesser\/\",\"url\":\"https:\/\/product-guide.org\/produkt\/locinox-torschlieser-verticlose-2-gartentorschliesser\/\",\"name\":\"Locinox Torschlie\u00dfer Verticlose-2 | Gartentorschliesser | Product-Guide.org\",\"isPartOf\":{\"@id\":\"https:\/\/product-guide.org\/#website\"},\"primaryImageOfPage\":{\"@id\":\"https:\/\/product-guide.org\/produkt\/locinox-torschlieser-verticlose-2-gartentorschliesser\/#primaryimage\"},\"image\":{\"@id\":\"https:\/\/product-guide.org\/produkt\/locinox-torschlieser-verticlose-2-gartentorschliesser\/#primaryimage\"},\"thumbnailUrl\":\"https:\/\/product-guide.org\/wp-content\/uploads\/2025\/03\/2c26df46e8e3850945e1aca525e2294b_1.jpg\",\"datePublished\":\"2025-03-17T08:49:07+00:00\",\"description\":\"Locinox Torschlie\u00dfer Verticlose-2 | Gartentorschliesser gefunden von Product-Guide.org\",\"breadcrumb\":{\"@id\":\"https:\/\/product-guide.org\/produkt\/locinox-torschlieser-verticlose-2-gartentorschliesser\/#breadcrumb\"},\"inLanguage\":\"en-GB\",\"potentialAction\":[{\"@type\":\"ReadAction\",\"target\":[\"https:\/\/product-guide.org\/produkt\/locinox-torschlieser-verticlose-2-gartentorschliesser\/\"]}]},{\"@type\":\"ImageObject\",\"inLanguage\":\"en-GB\",\"@id\":\"https:\/\/product-guide.org\/produkt\/locinox-torschlieser-verticlose-2-gartentorschliesser\/#primaryimage\",\"url\":\"https:\/\/product-guide.org\/wp-content\/uploads\/2025\/03\/2c26df46e8e3850945e1aca525e2294b_1.jpg\",\"contentUrl\":\"https:\/\/product-guide.org\/wp-content\/uploads\/2025\/03\/2c26df46e8e3850945e1aca525e2294b_1.jpg\",\"width\":1920,\"height\":1080},{\"@type\":\"BreadcrumbList\",\"@id\":\"https:\/\/product-guide.org\/produkt\/locinox-torschlieser-verticlose-2-gartentorschliesser\/#breadcrumb\",\"itemListElement\":[{\"@type\":\"ListItem\",\"position\":1,\"name\":\"Home\",\"item\":\"https:\/\/product-guide.org\/\"},{\"@type\":\"ListItem\",\"position\":2,\"name\":\"Ergebnisse\",\"item\":\"https:\/\/product-guide.org\/de\/ergebnisse\/\"},{\"@type\":\"ListItem\",\"position\":3,\"name\":\"Locinox Torschlie\u00dfer Verticlose-2 | Gartentorschliesser\"}]},{\"@type\":\"WebSite\",\"@id\":\"https:\/\/product-guide.org\/#website\",\"url\":\"https:\/\/product-guide.org\/\",\"name\":\"Product-Guide.org\",\"description\":\"What Product are you looking for?\",\"publisher\":{\"@id\":\"https:\/\/product-guide.org\/#organization\"},\"potentialAction\":[{\"@type\":\"SearchAction\",\"target\":{\"@type\":\"EntryPoint\",\"urlTemplate\":\"https:\/\/product-guide.org\/?s={search_term_string}\"},\"query-input\":{\"@type\":\"PropertyValueSpecification\",\"valueRequired\":true,\"valueName\":\"search_term_string\"}}],\"inLanguage\":\"en-GB\"},{\"@type\":\"Organization\",\"@id\":\"https:\/\/product-guide.org\/#organization\",\"name\":\"Product-Guide.org\",\"url\":\"https:\/\/product-guide.org\/\",\"logo\":{\"@type\":\"ImageObject\",\"inLanguage\":\"en-GB\",\"@id\":\"https:\/\/product-guide.org\/#\/schema\/logo\/image\/\",\"url\":\"https:\/\/product-guide.org\/wp-content\/uploads\/2022\/07\/logo_transparent_background.png\",\"contentUrl\":\"https:\/\/product-guide.org\/wp-content\/uploads\/2022\/07\/logo_transparent_background.png\",\"width\":3400,\"height\":1132,\"caption\":\"Product-Guide.org\"},\"image\":{\"@id\":\"https:\/\/product-guide.org\/#\/schema\/logo\/image\/\"}}]}<\/script>\n<!-- \/ Yoast SEO plugin. -->","yoast_head_json":{"title":"Locinox Torschlie\u00dfer Verticlose-2 | Gartentorschliesser | Product-Guide.org","description":"Locinox Torschlie\u00dfer Verticlose-2 | Gartentorschliesser gefunden von Product-Guide.org","robots":{"index":"index","follow":"follow","max-snippet":"max-snippet:-1","max-image-preview":"max-image-preview:large","max-video-preview":"max-video-preview:-1"},"canonical":"https:\/\/product-guide.org\/en\/produkt\/locinox-torschlieser-verticlose-2-gartentorschliesser\/","og_locale":"en_GB","og_type":"article","og_title":"Locinox Torschlie\u00dfer Verticlose-2 | Gartentorschliesser | Product-Guide.org","og_description":"Locinox Torschlie\u00dfer Verticlose-2 | Gartentorschliesser gefunden von Product-Guide.org","og_url":"https:\/\/product-guide.org\/en\/produkt\/locinox-torschlieser-verticlose-2-gartentorschliesser\/","og_site_name":"Product-Guide.org","twitter_card":"summary_large_image","schema":{"@context":"https:\/\/schema.org","@graph":[{"@type":"WebPage","@id":"https:\/\/product-guide.org\/produkt\/locinox-torschlieser-verticlose-2-gartentorschliesser\/","url":"https:\/\/product-guide.org\/produkt\/locinox-torschlieser-verticlose-2-gartentorschliesser\/","name":"Locinox Torschlie\u00dfer Verticlose-2 | Gartentorschliesser | Product-Guide.org","isPartOf":{"@id":"https:\/\/product-guide.org\/#website"},"primaryImageOfPage":{"@id":"https:\/\/product-guide.org\/produkt\/locinox-torschlieser-verticlose-2-gartentorschliesser\/#primaryimage"},"image":{"@id":"https:\/\/product-guide.org\/produkt\/locinox-torschlieser-verticlose-2-gartentorschliesser\/#primaryimage"},"thumbnailUrl":"https:\/\/product-guide.org\/wp-content\/uploads\/2025\/03\/2c26df46e8e3850945e1aca525e2294b_1.jpg","datePublished":"2025-03-17T08:49:07+00:00","description":"Locinox Torschlie\u00dfer Verticlose-2 | Gartentorschliesser gefunden von Product-Guide.org","breadcrumb":{"@id":"https:\/\/product-guide.org\/produkt\/locinox-torschlieser-verticlose-2-gartentorschliesser\/#breadcrumb"},"inLanguage":"en-GB","potentialAction":[{"@type":"ReadAction","target":["https:\/\/product-guide.org\/produkt\/locinox-torschlieser-verticlose-2-gartentorschliesser\/"]}]},{"@type":"ImageObject","inLanguage":"en-GB","@id":"https:\/\/product-guide.org\/produkt\/locinox-torschlieser-verticlose-2-gartentorschliesser\/#primaryimage","url":"https:\/\/product-guide.org\/wp-content\/uploads\/2025\/03\/2c26df46e8e3850945e1aca525e2294b_1.jpg","contentUrl":"https:\/\/product-guide.org\/wp-content\/uploads\/2025\/03\/2c26df46e8e3850945e1aca525e2294b_1.jpg","width":1920,"height":1080},{"@type":"BreadcrumbList","@id":"https:\/\/product-guide.org\/produkt\/locinox-torschlieser-verticlose-2-gartentorschliesser\/#breadcrumb","itemListElement":[{"@type":"ListItem","position":1,"name":"Home","item":"https:\/\/product-guide.org\/"},{"@type":"ListItem","position":2,"name":"Ergebnisse","item":"https:\/\/product-guide.org\/de\/ergebnisse\/"},{"@type":"ListItem","position":3,"name":"Locinox Torschlie\u00dfer Verticlose-2 | Gartentorschliesser"}]},{"@type":"WebSite","@id":"https:\/\/product-guide.org\/#website","url":"https:\/\/product-guide.org\/","name":"Product-Guide.org","description":"What Product are you looking for?","publisher":{"@id":"https:\/\/product-guide.org\/#organization"},"potentialAction":[{"@type":"SearchAction","target":{"@type":"EntryPoint","urlTemplate":"https:\/\/product-guide.org\/?s={search_term_string}"},"query-input":{"@type":"PropertyValueSpecification","valueRequired":true,"valueName":"search_term_string"}}],"inLanguage":"en-GB"},{"@type":"Organization","@id":"https:\/\/product-guide.org\/#organization","name":"Product-Guide.org","url":"https:\/\/product-guide.org\/","logo":{"@type":"ImageObject","inLanguage":"en-GB","@id":"https:\/\/product-guide.org\/#\/schema\/logo\/image\/","url":"https:\/\/product-guide.org\/wp-content\/uploads\/2022\/07\/logo_transparent_background.png","contentUrl":"https:\/\/product-guide.org\/wp-content\/uploads\/2022\/07\/logo_transparent_background.png","width":3400,"height":1132,"caption":"Product-Guide.org"},"image":{"@id":"https:\/\/product-guide.org\/#\/schema\/logo\/image\/"}}]}},"_links":{"self":[{"href":"https:\/\/product-guide.org\/en\/wp-json\/wp\/v2\/product\/45647","targetHints":{"allow":["GET"]}}],"collection":[{"href":"https:\/\/product-guide.org\/en\/wp-json\/wp\/v2\/product"}],"about":[{"href":"https:\/\/product-guide.org\/en\/wp-json\/wp\/v2\/types\/product"}],"wp:featuredmedia":[{"embeddable":true,"href":"https:\/\/product-guide.org\/en\/wp-json\/wp\/v2\/media\/45646"}],"wp:attachment":[{"href":"https:\/\/product-guide.org\/en\/wp-json\/wp\/v2\/media?parent=45647"}],"wp:term":[{"taxonomy":"store","embeddable":true,"href":"https:\/\/product-guide.org\/en\/wp-json\/wp\/v2\/store?post=45647"},{"taxonomy":"product_brand","embeddable":true,"href":"https:\/\/product-guide.org\/en\/wp-json\/wp\/v2\/product_brand?post=45647"},{"taxonomy":"product_cat","embeddable":true,"href":"https:\/\/product-guide.org\/en\/wp-json\/wp\/v2\/product_cat?post=45647"},{"taxonomy":"product_tag","embeddable":true,"href":"https:\/\/product-guide.org\/en\/wp-json\/wp\/v2\/product_tag?post=45647"}],"curies":[{"name":"wp","href":"https:\/\/api.w.org\/{rel}","templated":true}]}}