{"id":45655,"date":"2025-03-17T09:49:11","date_gmt":"2025-03-17T08:49:11","guid":{"rendered":"https:\/\/product-guide.org\/produkt\/turstopper-ausen-aus-aluminium-hohenverstellbar-gartentorschliesser\/"},"modified":"2025-03-17T09:49:11","modified_gmt":"2025-03-17T08:49:11","slug":"turstopper-ausen-aus-aluminium-hohenverstellbar-gartentorschliesser","status":"publish","type":"product","link":"https:\/\/product-guide.org\/en\/produkt\/turstopper-ausen-aus-aluminium-hohenverstellbar-gartentorschliesser\/","title":{"rendered":"T\u00fcrstopper au\u00dfen aus Aluminium (h\u00f6henverstellbar) | Gartentorschliesser"},"content":{"rendered":"<p>H\u00f6henverstellbarer Aluminium T\u00fcrstopper f\u00fcr au\u00dfen. Die H\u00f6he kann von 100 mm bis 140 mm eingestellt werden. Der Gummi des T\u00fcrstoppers verhindert Besch\u00e4digungen am Torrahmen. Der T\u00fcrstopper wird inklusive Bolzenanker ausgeliefert. Einfache &#038; schnelle Montage H\u00f6henverstellbar: min 100 mm bis max 140 mm Schutzh\u00fclle aus Aluminium ausgestattet mit Sto\u00dfgummi Inklusive Bolzenanker M12 f\u00fcr Betonverankerung<\/p>\n","protected":false},"excerpt":{"rendered":"<p>H\u00f6henverstellbarer Aluminium T\u00fcrstopper f\u00fcr au\u00dfen. Die H\u00f6he kann von 100 mm bis 140 mm eingestellt werden. Der Gummi des T\u00fcrstoppers verhindert Besch\u00e4digungen am Torrahmen. Der T\u00fcrstopper wird inklusive Bolzenanker ausgeliefert. Einfache &#038; schnelle Montage H\u00f6henverstellbar: min 100 mm bis max 140 mm Schutzh\u00fclle aus Aluminium ausgestattet mit Sto\u00dfgummi Inklusive Bolzenanker M12 f\u00fcr Betonverankerung<\/p>\n","protected":false},"featured_media":45654,"template":"","meta":{"_gspb_post_css":""},"store":[],"product_brand":[1309],"product_cat":[1290],"product_tag":[],"class_list":{"0":"post-45655","1":"product","2":"type-product","3":"status-publish","4":"has-post-thumbnail","6":"product_brand-gartentorschliesser","7":"product_cat-uncategorized","9":"first","10":"instock","11":"shipping-taxable","12":"purchasable","13":"product-type-simple"},"yoast_head":"<!-- This site is optimized with the Yoast SEO plugin v24.6 - https:\/\/yoast.com\/wordpress\/plugins\/seo\/ -->\n<title>T\u00fcrstopper au\u00dfen aus Aluminium (h\u00f6henverstellbar) | Gartentorschliesser | Product-Guide.org<\/title>\n<meta name=\"description\" content=\"T\u00fcrstopper au\u00dfen aus Aluminium (h\u00f6henverstellbar) | Gartentorschliesser gefunden von Product-Guide.org\" \/>\n<meta name=\"robots\" content=\"index, follow, max-snippet:-1, max-image-preview:large, max-video-preview:-1\" \/>\n<link rel=\"canonical\" href=\"https:\/\/product-guide.org\/en\/produkt\/turstopper-ausen-aus-aluminium-hohenverstellbar-gartentorschliesser\/\" \/>\n<meta property=\"og:locale\" content=\"en_GB\" \/>\n<meta property=\"og:type\" content=\"article\" \/>\n<meta property=\"og:title\" content=\"T\u00fcrstopper au\u00dfen aus Aluminium (h\u00f6henverstellbar) | Gartentorschliesser | Product-Guide.org\" \/>\n<meta property=\"og:description\" content=\"T\u00fcrstopper au\u00dfen aus Aluminium (h\u00f6henverstellbar) | Gartentorschliesser gefunden von Product-Guide.org\" \/>\n<meta property=\"og:url\" content=\"https:\/\/product-guide.org\/en\/produkt\/turstopper-ausen-aus-aluminium-hohenverstellbar-gartentorschliesser\/\" \/>\n<meta property=\"og:site_name\" content=\"Product-Guide.org\" \/>\n<meta name=\"twitter:card\" content=\"summary_large_image\" \/>\n<script type=\"application\/ld+json\" class=\"yoast-schema-graph\">{\"@context\":\"https:\/\/schema.org\",\"@graph\":[{\"@type\":\"WebPage\",\"@id\":\"https:\/\/product-guide.org\/produkt\/turstopper-ausen-aus-aluminium-hohenverstellbar-gartentorschliesser\/\",\"url\":\"https:\/\/product-guide.org\/produkt\/turstopper-ausen-aus-aluminium-hohenverstellbar-gartentorschliesser\/\",\"name\":\"T\u00fcrstopper au\u00dfen aus Aluminium (h\u00f6henverstellbar) | Gartentorschliesser | Product-Guide.org\",\"isPartOf\":{\"@id\":\"https:\/\/product-guide.org\/#website\"},\"primaryImageOfPage\":{\"@id\":\"https:\/\/product-guide.org\/produkt\/turstopper-ausen-aus-aluminium-hohenverstellbar-gartentorschliesser\/#primaryimage\"},\"image\":{\"@id\":\"https:\/\/product-guide.org\/produkt\/turstopper-ausen-aus-aluminium-hohenverstellbar-gartentorschliesser\/#primaryimage\"},\"thumbnailUrl\":\"https:\/\/product-guide.org\/wp-content\/uploads\/2025\/03\/e9824e01d95e6f3048ee51cfb982cabc.jpg\",\"datePublished\":\"2025-03-17T08:49:11+00:00\",\"description\":\"T\u00fcrstopper au\u00dfen aus Aluminium (h\u00f6henverstellbar) | Gartentorschliesser gefunden von Product-Guide.org\",\"breadcrumb\":{\"@id\":\"https:\/\/product-guide.org\/produkt\/turstopper-ausen-aus-aluminium-hohenverstellbar-gartentorschliesser\/#breadcrumb\"},\"inLanguage\":\"en-GB\",\"potentialAction\":[{\"@type\":\"ReadAction\",\"target\":[\"https:\/\/product-guide.org\/produkt\/turstopper-ausen-aus-aluminium-hohenverstellbar-gartentorschliesser\/\"]}]},{\"@type\":\"ImageObject\",\"inLanguage\":\"en-GB\",\"@id\":\"https:\/\/product-guide.org\/produkt\/turstopper-ausen-aus-aluminium-hohenverstellbar-gartentorschliesser\/#primaryimage\",\"url\":\"https:\/\/product-guide.org\/wp-content\/uploads\/2025\/03\/e9824e01d95e6f3048ee51cfb982cabc.jpg\",\"contentUrl\":\"https:\/\/product-guide.org\/wp-content\/uploads\/2025\/03\/e9824e01d95e6f3048ee51cfb982cabc.jpg\",\"width\":1920,\"height\":1080},{\"@type\":\"BreadcrumbList\",\"@id\":\"https:\/\/product-guide.org\/produkt\/turstopper-ausen-aus-aluminium-hohenverstellbar-gartentorschliesser\/#breadcrumb\",\"itemListElement\":[{\"@type\":\"ListItem\",\"position\":1,\"name\":\"Home\",\"item\":\"https:\/\/product-guide.org\/\"},{\"@type\":\"ListItem\",\"position\":2,\"name\":\"Ergebnisse\",\"item\":\"https:\/\/product-guide.org\/de\/ergebnisse\/\"},{\"@type\":\"ListItem\",\"position\":3,\"name\":\"T\u00fcrstopper au\u00dfen aus Aluminium (h\u00f6henverstellbar) | Gartentorschliesser\"}]},{\"@type\":\"WebSite\",\"@id\":\"https:\/\/product-guide.org\/#website\",\"url\":\"https:\/\/product-guide.org\/\",\"name\":\"Product-Guide.org\",\"description\":\"What Product are you looking for?\",\"publisher\":{\"@id\":\"https:\/\/product-guide.org\/#organization\"},\"potentialAction\":[{\"@type\":\"SearchAction\",\"target\":{\"@type\":\"EntryPoint\",\"urlTemplate\":\"https:\/\/product-guide.org\/?s={search_term_string}\"},\"query-input\":{\"@type\":\"PropertyValueSpecification\",\"valueRequired\":true,\"valueName\":\"search_term_string\"}}],\"inLanguage\":\"en-GB\"},{\"@type\":\"Organization\",\"@id\":\"https:\/\/product-guide.org\/#organization\",\"name\":\"Product-Guide.org\",\"url\":\"https:\/\/product-guide.org\/\",\"logo\":{\"@type\":\"ImageObject\",\"inLanguage\":\"en-GB\",\"@id\":\"https:\/\/product-guide.org\/#\/schema\/logo\/image\/\",\"url\":\"https:\/\/product-guide.org\/wp-content\/uploads\/2022\/07\/logo_transparent_background.png\",\"contentUrl\":\"https:\/\/product-guide.org\/wp-content\/uploads\/2022\/07\/logo_transparent_background.png\",\"width\":3400,\"height\":1132,\"caption\":\"Product-Guide.org\"},\"image\":{\"@id\":\"https:\/\/product-guide.org\/#\/schema\/logo\/image\/\"}}]}<\/script>\n<!-- \/ Yoast SEO plugin. -->","yoast_head_json":{"title":"T\u00fcrstopper au\u00dfen aus Aluminium (h\u00f6henverstellbar) | Gartentorschliesser | Product-Guide.org","description":"T\u00fcrstopper au\u00dfen aus Aluminium (h\u00f6henverstellbar) | Gartentorschliesser gefunden von Product-Guide.org","robots":{"index":"index","follow":"follow","max-snippet":"max-snippet:-1","max-image-preview":"max-image-preview:large","max-video-preview":"max-video-preview:-1"},"canonical":"https:\/\/product-guide.org\/en\/produkt\/turstopper-ausen-aus-aluminium-hohenverstellbar-gartentorschliesser\/","og_locale":"en_GB","og_type":"article","og_title":"T\u00fcrstopper au\u00dfen aus Aluminium (h\u00f6henverstellbar) | Gartentorschliesser | Product-Guide.org","og_description":"T\u00fcrstopper au\u00dfen aus Aluminium (h\u00f6henverstellbar) | Gartentorschliesser gefunden von Product-Guide.org","og_url":"https:\/\/product-guide.org\/en\/produkt\/turstopper-ausen-aus-aluminium-hohenverstellbar-gartentorschliesser\/","og_site_name":"Product-Guide.org","twitter_card":"summary_large_image","schema":{"@context":"https:\/\/schema.org","@graph":[{"@type":"WebPage","@id":"https:\/\/product-guide.org\/produkt\/turstopper-ausen-aus-aluminium-hohenverstellbar-gartentorschliesser\/","url":"https:\/\/product-guide.org\/produkt\/turstopper-ausen-aus-aluminium-hohenverstellbar-gartentorschliesser\/","name":"T\u00fcrstopper au\u00dfen aus Aluminium (h\u00f6henverstellbar) | Gartentorschliesser | Product-Guide.org","isPartOf":{"@id":"https:\/\/product-guide.org\/#website"},"primaryImageOfPage":{"@id":"https:\/\/product-guide.org\/produkt\/turstopper-ausen-aus-aluminium-hohenverstellbar-gartentorschliesser\/#primaryimage"},"image":{"@id":"https:\/\/product-guide.org\/produkt\/turstopper-ausen-aus-aluminium-hohenverstellbar-gartentorschliesser\/#primaryimage"},"thumbnailUrl":"https:\/\/product-guide.org\/wp-content\/uploads\/2025\/03\/e9824e01d95e6f3048ee51cfb982cabc.jpg","datePublished":"2025-03-17T08:49:11+00:00","description":"T\u00fcrstopper au\u00dfen aus Aluminium (h\u00f6henverstellbar) | Gartentorschliesser gefunden von Product-Guide.org","breadcrumb":{"@id":"https:\/\/product-guide.org\/produkt\/turstopper-ausen-aus-aluminium-hohenverstellbar-gartentorschliesser\/#breadcrumb"},"inLanguage":"en-GB","potentialAction":[{"@type":"ReadAction","target":["https:\/\/product-guide.org\/produkt\/turstopper-ausen-aus-aluminium-hohenverstellbar-gartentorschliesser\/"]}]},{"@type":"ImageObject","inLanguage":"en-GB","@id":"https:\/\/product-guide.org\/produkt\/turstopper-ausen-aus-aluminium-hohenverstellbar-gartentorschliesser\/#primaryimage","url":"https:\/\/product-guide.org\/wp-content\/uploads\/2025\/03\/e9824e01d95e6f3048ee51cfb982cabc.jpg","contentUrl":"https:\/\/product-guide.org\/wp-content\/uploads\/2025\/03\/e9824e01d95e6f3048ee51cfb982cabc.jpg","width":1920,"height":1080},{"@type":"BreadcrumbList","@id":"https:\/\/product-guide.org\/produkt\/turstopper-ausen-aus-aluminium-hohenverstellbar-gartentorschliesser\/#breadcrumb","itemListElement":[{"@type":"ListItem","position":1,"name":"Home","item":"https:\/\/product-guide.org\/"},{"@type":"ListItem","position":2,"name":"Ergebnisse","item":"https:\/\/product-guide.org\/de\/ergebnisse\/"},{"@type":"ListItem","position":3,"name":"T\u00fcrstopper au\u00dfen aus Aluminium (h\u00f6henverstellbar) | Gartentorschliesser"}]},{"@type":"WebSite","@id":"https:\/\/product-guide.org\/#website","url":"https:\/\/product-guide.org\/","name":"Product-Guide.org","description":"What Product are you looking for?","publisher":{"@id":"https:\/\/product-guide.org\/#organization"},"potentialAction":[{"@type":"SearchAction","target":{"@type":"EntryPoint","urlTemplate":"https:\/\/product-guide.org\/?s={search_term_string}"},"query-input":{"@type":"PropertyValueSpecification","valueRequired":true,"valueName":"search_term_string"}}],"inLanguage":"en-GB"},{"@type":"Organization","@id":"https:\/\/product-guide.org\/#organization","name":"Product-Guide.org","url":"https:\/\/product-guide.org\/","logo":{"@type":"ImageObject","inLanguage":"en-GB","@id":"https:\/\/product-guide.org\/#\/schema\/logo\/image\/","url":"https:\/\/product-guide.org\/wp-content\/uploads\/2022\/07\/logo_transparent_background.png","contentUrl":"https:\/\/product-guide.org\/wp-content\/uploads\/2022\/07\/logo_transparent_background.png","width":3400,"height":1132,"caption":"Product-Guide.org"},"image":{"@id":"https:\/\/product-guide.org\/#\/schema\/logo\/image\/"}}]}},"_links":{"self":[{"href":"https:\/\/product-guide.org\/en\/wp-json\/wp\/v2\/product\/45655","targetHints":{"allow":["GET"]}}],"collection":[{"href":"https:\/\/product-guide.org\/en\/wp-json\/wp\/v2\/product"}],"about":[{"href":"https:\/\/product-guide.org\/en\/wp-json\/wp\/v2\/types\/product"}],"wp:featuredmedia":[{"embeddable":true,"href":"https:\/\/product-guide.org\/en\/wp-json\/wp\/v2\/media\/45654"}],"wp:attachment":[{"href":"https:\/\/product-guide.org\/en\/wp-json\/wp\/v2\/media?parent=45655"}],"wp:term":[{"taxonomy":"store","embeddable":true,"href":"https:\/\/product-guide.org\/en\/wp-json\/wp\/v2\/store?post=45655"},{"taxonomy":"product_brand","embeddable":true,"href":"https:\/\/product-guide.org\/en\/wp-json\/wp\/v2\/product_brand?post=45655"},{"taxonomy":"product_cat","embeddable":true,"href":"https:\/\/product-guide.org\/en\/wp-json\/wp\/v2\/product_cat?post=45655"},{"taxonomy":"product_tag","embeddable":true,"href":"https:\/\/product-guide.org\/en\/wp-json\/wp\/v2\/product_tag?post=45655"}],"curies":[{"name":"wp","href":"https:\/\/api.w.org\/{rel}","templated":true}]}}