{"id":45657,"date":"2025-03-17T09:49:13","date_gmt":"2025-03-17T08:49:13","guid":{"rendered":"https:\/\/product-guide.org\/produkt\/locinox-aluminium-torfeststeller-gartentorschliesser\/"},"modified":"2025-03-17T09:49:13","modified_gmt":"2025-03-17T08:49:13","slug":"locinox-aluminium-torfeststeller-gartentorschliesser","status":"publish","type":"product","link":"https:\/\/product-guide.org\/en\/produkt\/locinox-aluminium-torfeststeller-gartentorschliesser\/","title":{"rendered":"Locinox Aluminium Torfeststeller | Gartentorschliesser"},"content":{"rendered":"<p>Aluminium Torfeststeller zum Einbetonieren f\u00fcr alle Torprofile mit einer Dicke von 40 bis 60 mm. Der h\u00f6henverstellbare (40 mm) Fanghaken kann auch umgedreht werden, wenn das Tor von oben eingefangen werden soll. Der Sto\u00dfgummi und der Kunststoffablauf des Hakens verhindern Besch\u00e4digungen am Tor. Pulverbeschichtetes Geh\u00e4use in Silber Verankerungsloch f\u00fcr das Betonieren H\u00f6henverstellbarkeit des Hakens: 40 mm Sto\u00dfgummi und Fanghaken aus Kunststoff vermeiden Kratzer am Tor Sto\u00dfgummi verstellbar f\u00fcr Profile von 40 bis 60 mm Der Haken ist umkehrbar &#8211; Vormontage mit Haken nach oben F\u00e4ngt die Unterseite des Tores<\/p>\n","protected":false},"excerpt":{"rendered":"<p>Aluminium Torfeststeller zum Einbetonieren f\u00fcr alle Torprofile mit einer Dicke von 40 bis 60 mm. Der h\u00f6henverstellbare (40 mm) Fanghaken kann auch umgedreht werden, wenn das Tor von oben eingefangen werden soll. Der Sto\u00dfgummi und der Kunststoffablauf des Hakens verhindern Besch\u00e4digungen am Tor. Pulverbeschichtetes Geh\u00e4use in Silber Verankerungsloch f\u00fcr das Betonieren H\u00f6henverstellbarkeit des Hakens: 40 [&hellip;]<\/p>\n","protected":false},"featured_media":45656,"template":"","meta":{"_gspb_post_css":""},"store":[],"product_brand":[1309],"product_cat":[1290],"product_tag":[],"class_list":{"0":"post-45657","1":"product","2":"type-product","3":"status-publish","4":"has-post-thumbnail","6":"product_brand-gartentorschliesser","7":"product_cat-uncategorized","9":"first","10":"instock","11":"shipping-taxable","12":"purchasable","13":"product-type-simple"},"yoast_head":"<!-- This site is optimized with the Yoast SEO plugin v24.6 - https:\/\/yoast.com\/wordpress\/plugins\/seo\/ -->\n<title>Locinox Aluminium Torfeststeller | Gartentorschliesser | Product-Guide.org<\/title>\n<meta name=\"description\" content=\"Locinox Aluminium Torfeststeller | Gartentorschliesser gefunden von Product-Guide.org\" \/>\n<meta name=\"robots\" content=\"index, follow, max-snippet:-1, max-image-preview:large, max-video-preview:-1\" \/>\n<link rel=\"canonical\" href=\"https:\/\/product-guide.org\/en\/produkt\/locinox-aluminium-torfeststeller-gartentorschliesser\/\" \/>\n<meta property=\"og:locale\" content=\"en_GB\" \/>\n<meta property=\"og:type\" content=\"article\" \/>\n<meta property=\"og:title\" content=\"Locinox Aluminium Torfeststeller | Gartentorschliesser | Product-Guide.org\" \/>\n<meta property=\"og:description\" content=\"Locinox Aluminium Torfeststeller | Gartentorschliesser gefunden von Product-Guide.org\" \/>\n<meta property=\"og:url\" content=\"https:\/\/product-guide.org\/en\/produkt\/locinox-aluminium-torfeststeller-gartentorschliesser\/\" \/>\n<meta property=\"og:site_name\" content=\"Product-Guide.org\" \/>\n<meta name=\"twitter:card\" content=\"summary_large_image\" \/>\n<script type=\"application\/ld+json\" class=\"yoast-schema-graph\">{\"@context\":\"https:\/\/schema.org\",\"@graph\":[{\"@type\":\"WebPage\",\"@id\":\"https:\/\/product-guide.org\/produkt\/locinox-aluminium-torfeststeller-gartentorschliesser\/\",\"url\":\"https:\/\/product-guide.org\/produkt\/locinox-aluminium-torfeststeller-gartentorschliesser\/\",\"name\":\"Locinox Aluminium Torfeststeller | Gartentorschliesser | Product-Guide.org\",\"isPartOf\":{\"@id\":\"https:\/\/product-guide.org\/#website\"},\"primaryImageOfPage\":{\"@id\":\"https:\/\/product-guide.org\/produkt\/locinox-aluminium-torfeststeller-gartentorschliesser\/#primaryimage\"},\"image\":{\"@id\":\"https:\/\/product-guide.org\/produkt\/locinox-aluminium-torfeststeller-gartentorschliesser\/#primaryimage\"},\"thumbnailUrl\":\"https:\/\/product-guide.org\/wp-content\/uploads\/2025\/03\/59ffa4875447b8f52e4f3ad545b60734.jpg\",\"datePublished\":\"2025-03-17T08:49:13+00:00\",\"description\":\"Locinox Aluminium Torfeststeller | Gartentorschliesser gefunden von Product-Guide.org\",\"breadcrumb\":{\"@id\":\"https:\/\/product-guide.org\/produkt\/locinox-aluminium-torfeststeller-gartentorschliesser\/#breadcrumb\"},\"inLanguage\":\"en-GB\",\"potentialAction\":[{\"@type\":\"ReadAction\",\"target\":[\"https:\/\/product-guide.org\/produkt\/locinox-aluminium-torfeststeller-gartentorschliesser\/\"]}]},{\"@type\":\"ImageObject\",\"inLanguage\":\"en-GB\",\"@id\":\"https:\/\/product-guide.org\/produkt\/locinox-aluminium-torfeststeller-gartentorschliesser\/#primaryimage\",\"url\":\"https:\/\/product-guide.org\/wp-content\/uploads\/2025\/03\/59ffa4875447b8f52e4f3ad545b60734.jpg\",\"contentUrl\":\"https:\/\/product-guide.org\/wp-content\/uploads\/2025\/03\/59ffa4875447b8f52e4f3ad545b60734.jpg\",\"width\":1920,\"height\":1080},{\"@type\":\"BreadcrumbList\",\"@id\":\"https:\/\/product-guide.org\/produkt\/locinox-aluminium-torfeststeller-gartentorschliesser\/#breadcrumb\",\"itemListElement\":[{\"@type\":\"ListItem\",\"position\":1,\"name\":\"Home\",\"item\":\"https:\/\/product-guide.org\/\"},{\"@type\":\"ListItem\",\"position\":2,\"name\":\"Ergebnisse\",\"item\":\"https:\/\/product-guide.org\/de\/ergebnisse\/\"},{\"@type\":\"ListItem\",\"position\":3,\"name\":\"Locinox Aluminium Torfeststeller | Gartentorschliesser\"}]},{\"@type\":\"WebSite\",\"@id\":\"https:\/\/product-guide.org\/#website\",\"url\":\"https:\/\/product-guide.org\/\",\"name\":\"Product-Guide.org\",\"description\":\"What Product are you looking for?\",\"publisher\":{\"@id\":\"https:\/\/product-guide.org\/#organization\"},\"potentialAction\":[{\"@type\":\"SearchAction\",\"target\":{\"@type\":\"EntryPoint\",\"urlTemplate\":\"https:\/\/product-guide.org\/?s={search_term_string}\"},\"query-input\":{\"@type\":\"PropertyValueSpecification\",\"valueRequired\":true,\"valueName\":\"search_term_string\"}}],\"inLanguage\":\"en-GB\"},{\"@type\":\"Organization\",\"@id\":\"https:\/\/product-guide.org\/#organization\",\"name\":\"Product-Guide.org\",\"url\":\"https:\/\/product-guide.org\/\",\"logo\":{\"@type\":\"ImageObject\",\"inLanguage\":\"en-GB\",\"@id\":\"https:\/\/product-guide.org\/#\/schema\/logo\/image\/\",\"url\":\"https:\/\/product-guide.org\/wp-content\/uploads\/2022\/07\/logo_transparent_background.png\",\"contentUrl\":\"https:\/\/product-guide.org\/wp-content\/uploads\/2022\/07\/logo_transparent_background.png\",\"width\":3400,\"height\":1132,\"caption\":\"Product-Guide.org\"},\"image\":{\"@id\":\"https:\/\/product-guide.org\/#\/schema\/logo\/image\/\"}}]}<\/script>\n<!-- \/ Yoast SEO plugin. -->","yoast_head_json":{"title":"Locinox Aluminium Torfeststeller | Gartentorschliesser | Product-Guide.org","description":"Locinox Aluminium Torfeststeller | Gartentorschliesser gefunden von Product-Guide.org","robots":{"index":"index","follow":"follow","max-snippet":"max-snippet:-1","max-image-preview":"max-image-preview:large","max-video-preview":"max-video-preview:-1"},"canonical":"https:\/\/product-guide.org\/en\/produkt\/locinox-aluminium-torfeststeller-gartentorschliesser\/","og_locale":"en_GB","og_type":"article","og_title":"Locinox Aluminium Torfeststeller | Gartentorschliesser | Product-Guide.org","og_description":"Locinox Aluminium Torfeststeller | Gartentorschliesser gefunden von Product-Guide.org","og_url":"https:\/\/product-guide.org\/en\/produkt\/locinox-aluminium-torfeststeller-gartentorschliesser\/","og_site_name":"Product-Guide.org","twitter_card":"summary_large_image","schema":{"@context":"https:\/\/schema.org","@graph":[{"@type":"WebPage","@id":"https:\/\/product-guide.org\/produkt\/locinox-aluminium-torfeststeller-gartentorschliesser\/","url":"https:\/\/product-guide.org\/produkt\/locinox-aluminium-torfeststeller-gartentorschliesser\/","name":"Locinox Aluminium Torfeststeller | Gartentorschliesser | Product-Guide.org","isPartOf":{"@id":"https:\/\/product-guide.org\/#website"},"primaryImageOfPage":{"@id":"https:\/\/product-guide.org\/produkt\/locinox-aluminium-torfeststeller-gartentorschliesser\/#primaryimage"},"image":{"@id":"https:\/\/product-guide.org\/produkt\/locinox-aluminium-torfeststeller-gartentorschliesser\/#primaryimage"},"thumbnailUrl":"https:\/\/product-guide.org\/wp-content\/uploads\/2025\/03\/59ffa4875447b8f52e4f3ad545b60734.jpg","datePublished":"2025-03-17T08:49:13+00:00","description":"Locinox Aluminium Torfeststeller | Gartentorschliesser gefunden von Product-Guide.org","breadcrumb":{"@id":"https:\/\/product-guide.org\/produkt\/locinox-aluminium-torfeststeller-gartentorschliesser\/#breadcrumb"},"inLanguage":"en-GB","potentialAction":[{"@type":"ReadAction","target":["https:\/\/product-guide.org\/produkt\/locinox-aluminium-torfeststeller-gartentorschliesser\/"]}]},{"@type":"ImageObject","inLanguage":"en-GB","@id":"https:\/\/product-guide.org\/produkt\/locinox-aluminium-torfeststeller-gartentorschliesser\/#primaryimage","url":"https:\/\/product-guide.org\/wp-content\/uploads\/2025\/03\/59ffa4875447b8f52e4f3ad545b60734.jpg","contentUrl":"https:\/\/product-guide.org\/wp-content\/uploads\/2025\/03\/59ffa4875447b8f52e4f3ad545b60734.jpg","width":1920,"height":1080},{"@type":"BreadcrumbList","@id":"https:\/\/product-guide.org\/produkt\/locinox-aluminium-torfeststeller-gartentorschliesser\/#breadcrumb","itemListElement":[{"@type":"ListItem","position":1,"name":"Home","item":"https:\/\/product-guide.org\/"},{"@type":"ListItem","position":2,"name":"Ergebnisse","item":"https:\/\/product-guide.org\/de\/ergebnisse\/"},{"@type":"ListItem","position":3,"name":"Locinox Aluminium Torfeststeller | Gartentorschliesser"}]},{"@type":"WebSite","@id":"https:\/\/product-guide.org\/#website","url":"https:\/\/product-guide.org\/","name":"Product-Guide.org","description":"What Product are you looking for?","publisher":{"@id":"https:\/\/product-guide.org\/#organization"},"potentialAction":[{"@type":"SearchAction","target":{"@type":"EntryPoint","urlTemplate":"https:\/\/product-guide.org\/?s={search_term_string}"},"query-input":{"@type":"PropertyValueSpecification","valueRequired":true,"valueName":"search_term_string"}}],"inLanguage":"en-GB"},{"@type":"Organization","@id":"https:\/\/product-guide.org\/#organization","name":"Product-Guide.org","url":"https:\/\/product-guide.org\/","logo":{"@type":"ImageObject","inLanguage":"en-GB","@id":"https:\/\/product-guide.org\/#\/schema\/logo\/image\/","url":"https:\/\/product-guide.org\/wp-content\/uploads\/2022\/07\/logo_transparent_background.png","contentUrl":"https:\/\/product-guide.org\/wp-content\/uploads\/2022\/07\/logo_transparent_background.png","width":3400,"height":1132,"caption":"Product-Guide.org"},"image":{"@id":"https:\/\/product-guide.org\/#\/schema\/logo\/image\/"}}]}},"_links":{"self":[{"href":"https:\/\/product-guide.org\/en\/wp-json\/wp\/v2\/product\/45657","targetHints":{"allow":["GET"]}}],"collection":[{"href":"https:\/\/product-guide.org\/en\/wp-json\/wp\/v2\/product"}],"about":[{"href":"https:\/\/product-guide.org\/en\/wp-json\/wp\/v2\/types\/product"}],"wp:featuredmedia":[{"embeddable":true,"href":"https:\/\/product-guide.org\/en\/wp-json\/wp\/v2\/media\/45656"}],"wp:attachment":[{"href":"https:\/\/product-guide.org\/en\/wp-json\/wp\/v2\/media?parent=45657"}],"wp:term":[{"taxonomy":"store","embeddable":true,"href":"https:\/\/product-guide.org\/en\/wp-json\/wp\/v2\/store?post=45657"},{"taxonomy":"product_brand","embeddable":true,"href":"https:\/\/product-guide.org\/en\/wp-json\/wp\/v2\/product_brand?post=45657"},{"taxonomy":"product_cat","embeddable":true,"href":"https:\/\/product-guide.org\/en\/wp-json\/wp\/v2\/product_cat?post=45657"},{"taxonomy":"product_tag","embeddable":true,"href":"https:\/\/product-guide.org\/en\/wp-json\/wp\/v2\/product_tag?post=45657"}],"curies":[{"name":"wp","href":"https:\/\/api.w.org\/{rel}","templated":true}]}}