{"id":45672,"date":"2025-03-17T09:49:21","date_gmt":"2025-03-17T08:49:21","guid":{"rendered":"https:\/\/product-guide.org\/produkt\/krahe-multifunktionstuch-schwarz-s-m-krahe-workwear\/"},"modified":"2025-03-17T09:49:22","modified_gmt":"2025-03-17T08:49:22","slug":"krahe-multifunktionstuch-schwarz-s-m-krahe-workwear","status":"publish","type":"product","link":"https:\/\/product-guide.org\/en\/produkt\/krahe-multifunktionstuch-schwarz-s-m-krahe-workwear\/","title":{"rendered":"KR\u00c4HE Multifunktionstuch , schwarz, S\/M | Kr\u00e4he Workwear"},"content":{"rendered":"<p>Unser KR\u00e4HE Multifunktionstuch ist ein Muss an kalten Tagen .Federleicht und angenehm zu tragen sch\u00fctzt es wirksam vor K\u00e4lte.Dehnbar und wendbar. Verschiedene Tragem\u00f6glichkeiten.Hochwertiger Stick des Kr\u00e4he Logos an der unteren Spitze.<\/p>\n","protected":false},"excerpt":{"rendered":"<p>Unser KR\u00e4HE Multifunktionstuch ist ein Muss an kalten Tagen .Federleicht und angenehm zu tragen sch\u00fctzt es wirksam vor K\u00e4lte.Dehnbar und wendbar. Verschiedene Tragem\u00f6glichkeiten.Hochwertiger Stick des Kr\u00e4he Logos an der unteren Spitze.<\/p>\n","protected":false},"featured_media":45670,"template":"","meta":{"_gspb_post_css":""},"store":[],"product_brand":[1310],"product_cat":[1290],"product_tag":[],"class_list":{"0":"post-45672","1":"product","2":"type-product","3":"status-publish","4":"has-post-thumbnail","6":"product_brand-krahe-workwear","7":"product_cat-uncategorized","9":"first","10":"instock","11":"shipping-taxable","12":"purchasable","13":"product-type-simple"},"yoast_head":"<!-- This site is optimized with the Yoast SEO plugin v24.6 - https:\/\/yoast.com\/wordpress\/plugins\/seo\/ -->\n<title>KR\u00c4HE Multifunktionstuch , schwarz, S\/M | Kr\u00e4he Workwear | Product-Guide.org<\/title>\n<meta name=\"description\" content=\"KR\u00c4HE Multifunktionstuch , schwarz, S\/M | Kr\u00e4he Workwear gefunden von Product-Guide.org\" \/>\n<meta name=\"robots\" content=\"index, follow, max-snippet:-1, max-image-preview:large, max-video-preview:-1\" \/>\n<link rel=\"canonical\" href=\"https:\/\/product-guide.org\/en\/produkt\/krahe-multifunktionstuch-schwarz-s-m-krahe-workwear\/\" \/>\n<meta property=\"og:locale\" content=\"en_GB\" \/>\n<meta property=\"og:type\" content=\"article\" \/>\n<meta property=\"og:title\" content=\"KR\u00c4HE Multifunktionstuch , schwarz, S\/M | Kr\u00e4he Workwear | Product-Guide.org\" \/>\n<meta property=\"og:description\" content=\"KR\u00c4HE Multifunktionstuch , schwarz, S\/M | Kr\u00e4he Workwear gefunden von Product-Guide.org\" \/>\n<meta property=\"og:url\" content=\"https:\/\/product-guide.org\/en\/produkt\/krahe-multifunktionstuch-schwarz-s-m-krahe-workwear\/\" \/>\n<meta property=\"og:site_name\" content=\"Product-Guide.org\" \/>\n<meta property=\"article:modified_time\" content=\"2025-03-17T08:49:22+00:00\" \/>\n<meta name=\"twitter:card\" content=\"summary_large_image\" \/>\n<script type=\"application\/ld+json\" class=\"yoast-schema-graph\">{\"@context\":\"https:\/\/schema.org\",\"@graph\":[{\"@type\":\"WebPage\",\"@id\":\"https:\/\/product-guide.org\/produkt\/krahe-multifunktionstuch-schwarz-s-m-krahe-workwear\/\",\"url\":\"https:\/\/product-guide.org\/produkt\/krahe-multifunktionstuch-schwarz-s-m-krahe-workwear\/\",\"name\":\"KR\u00c4HE Multifunktionstuch , schwarz, S\/M | Kr\u00e4he Workwear | Product-Guide.org\",\"isPartOf\":{\"@id\":\"https:\/\/product-guide.org\/#website\"},\"primaryImageOfPage\":{\"@id\":\"https:\/\/product-guide.org\/produkt\/krahe-multifunktionstuch-schwarz-s-m-krahe-workwear\/#primaryimage\"},\"image\":{\"@id\":\"https:\/\/product-guide.org\/produkt\/krahe-multifunktionstuch-schwarz-s-m-krahe-workwear\/#primaryimage\"},\"thumbnailUrl\":\"https:\/\/product-guide.org\/wp-content\/uploads\/2025\/03\/Multisfunktionstuch_Stick_16022023.jpg\",\"datePublished\":\"2025-03-17T08:49:21+00:00\",\"dateModified\":\"2025-03-17T08:49:22+00:00\",\"description\":\"KR\u00c4HE Multifunktionstuch , schwarz, S\/M | Kr\u00e4he Workwear gefunden von Product-Guide.org\",\"breadcrumb\":{\"@id\":\"https:\/\/product-guide.org\/produkt\/krahe-multifunktionstuch-schwarz-s-m-krahe-workwear\/#breadcrumb\"},\"inLanguage\":\"en-GB\",\"potentialAction\":[{\"@type\":\"ReadAction\",\"target\":[\"https:\/\/product-guide.org\/produkt\/krahe-multifunktionstuch-schwarz-s-m-krahe-workwear\/\"]}]},{\"@type\":\"ImageObject\",\"inLanguage\":\"en-GB\",\"@id\":\"https:\/\/product-guide.org\/produkt\/krahe-multifunktionstuch-schwarz-s-m-krahe-workwear\/#primaryimage\",\"url\":\"https:\/\/product-guide.org\/wp-content\/uploads\/2025\/03\/Multisfunktionstuch_Stick_16022023.jpg\",\"contentUrl\":\"https:\/\/product-guide.org\/wp-content\/uploads\/2025\/03\/Multisfunktionstuch_Stick_16022023.jpg\",\"width\":1024,\"height\":1024},{\"@type\":\"BreadcrumbList\",\"@id\":\"https:\/\/product-guide.org\/produkt\/krahe-multifunktionstuch-schwarz-s-m-krahe-workwear\/#breadcrumb\",\"itemListElement\":[{\"@type\":\"ListItem\",\"position\":1,\"name\":\"Home\",\"item\":\"https:\/\/product-guide.org\/\"},{\"@type\":\"ListItem\",\"position\":2,\"name\":\"Ergebnisse\",\"item\":\"https:\/\/product-guide.org\/de\/ergebnisse\/\"},{\"@type\":\"ListItem\",\"position\":3,\"name\":\"KR\u00c4HE Multifunktionstuch , schwarz, S\/M | Kr\u00e4he Workwear\"}]},{\"@type\":\"WebSite\",\"@id\":\"https:\/\/product-guide.org\/#website\",\"url\":\"https:\/\/product-guide.org\/\",\"name\":\"Product-Guide.org\",\"description\":\"What Product are you looking for?\",\"publisher\":{\"@id\":\"https:\/\/product-guide.org\/#organization\"},\"potentialAction\":[{\"@type\":\"SearchAction\",\"target\":{\"@type\":\"EntryPoint\",\"urlTemplate\":\"https:\/\/product-guide.org\/?s={search_term_string}\"},\"query-input\":{\"@type\":\"PropertyValueSpecification\",\"valueRequired\":true,\"valueName\":\"search_term_string\"}}],\"inLanguage\":\"en-GB\"},{\"@type\":\"Organization\",\"@id\":\"https:\/\/product-guide.org\/#organization\",\"name\":\"Product-Guide.org\",\"url\":\"https:\/\/product-guide.org\/\",\"logo\":{\"@type\":\"ImageObject\",\"inLanguage\":\"en-GB\",\"@id\":\"https:\/\/product-guide.org\/#\/schema\/logo\/image\/\",\"url\":\"https:\/\/product-guide.org\/wp-content\/uploads\/2022\/07\/logo_transparent_background.png\",\"contentUrl\":\"https:\/\/product-guide.org\/wp-content\/uploads\/2022\/07\/logo_transparent_background.png\",\"width\":3400,\"height\":1132,\"caption\":\"Product-Guide.org\"},\"image\":{\"@id\":\"https:\/\/product-guide.org\/#\/schema\/logo\/image\/\"}}]}<\/script>\n<!-- \/ Yoast SEO plugin. -->","yoast_head_json":{"title":"KR\u00c4HE Multifunktionstuch , schwarz, S\/M | Kr\u00e4he Workwear | Product-Guide.org","description":"KR\u00c4HE Multifunktionstuch , schwarz, S\/M | Kr\u00e4he Workwear gefunden von Product-Guide.org","robots":{"index":"index","follow":"follow","max-snippet":"max-snippet:-1","max-image-preview":"max-image-preview:large","max-video-preview":"max-video-preview:-1"},"canonical":"https:\/\/product-guide.org\/en\/produkt\/krahe-multifunktionstuch-schwarz-s-m-krahe-workwear\/","og_locale":"en_GB","og_type":"article","og_title":"KR\u00c4HE Multifunktionstuch , schwarz, S\/M | Kr\u00e4he Workwear | Product-Guide.org","og_description":"KR\u00c4HE Multifunktionstuch , schwarz, S\/M | Kr\u00e4he Workwear gefunden von Product-Guide.org","og_url":"https:\/\/product-guide.org\/en\/produkt\/krahe-multifunktionstuch-schwarz-s-m-krahe-workwear\/","og_site_name":"Product-Guide.org","article_modified_time":"2025-03-17T08:49:22+00:00","twitter_card":"summary_large_image","schema":{"@context":"https:\/\/schema.org","@graph":[{"@type":"WebPage","@id":"https:\/\/product-guide.org\/produkt\/krahe-multifunktionstuch-schwarz-s-m-krahe-workwear\/","url":"https:\/\/product-guide.org\/produkt\/krahe-multifunktionstuch-schwarz-s-m-krahe-workwear\/","name":"KR\u00c4HE Multifunktionstuch , schwarz, S\/M | Kr\u00e4he Workwear | Product-Guide.org","isPartOf":{"@id":"https:\/\/product-guide.org\/#website"},"primaryImageOfPage":{"@id":"https:\/\/product-guide.org\/produkt\/krahe-multifunktionstuch-schwarz-s-m-krahe-workwear\/#primaryimage"},"image":{"@id":"https:\/\/product-guide.org\/produkt\/krahe-multifunktionstuch-schwarz-s-m-krahe-workwear\/#primaryimage"},"thumbnailUrl":"https:\/\/product-guide.org\/wp-content\/uploads\/2025\/03\/Multisfunktionstuch_Stick_16022023.jpg","datePublished":"2025-03-17T08:49:21+00:00","dateModified":"2025-03-17T08:49:22+00:00","description":"KR\u00c4HE Multifunktionstuch , schwarz, S\/M | Kr\u00e4he Workwear gefunden von Product-Guide.org","breadcrumb":{"@id":"https:\/\/product-guide.org\/produkt\/krahe-multifunktionstuch-schwarz-s-m-krahe-workwear\/#breadcrumb"},"inLanguage":"en-GB","potentialAction":[{"@type":"ReadAction","target":["https:\/\/product-guide.org\/produkt\/krahe-multifunktionstuch-schwarz-s-m-krahe-workwear\/"]}]},{"@type":"ImageObject","inLanguage":"en-GB","@id":"https:\/\/product-guide.org\/produkt\/krahe-multifunktionstuch-schwarz-s-m-krahe-workwear\/#primaryimage","url":"https:\/\/product-guide.org\/wp-content\/uploads\/2025\/03\/Multisfunktionstuch_Stick_16022023.jpg","contentUrl":"https:\/\/product-guide.org\/wp-content\/uploads\/2025\/03\/Multisfunktionstuch_Stick_16022023.jpg","width":1024,"height":1024},{"@type":"BreadcrumbList","@id":"https:\/\/product-guide.org\/produkt\/krahe-multifunktionstuch-schwarz-s-m-krahe-workwear\/#breadcrumb","itemListElement":[{"@type":"ListItem","position":1,"name":"Home","item":"https:\/\/product-guide.org\/"},{"@type":"ListItem","position":2,"name":"Ergebnisse","item":"https:\/\/product-guide.org\/de\/ergebnisse\/"},{"@type":"ListItem","position":3,"name":"KR\u00c4HE Multifunktionstuch , schwarz, S\/M | Kr\u00e4he Workwear"}]},{"@type":"WebSite","@id":"https:\/\/product-guide.org\/#website","url":"https:\/\/product-guide.org\/","name":"Product-Guide.org","description":"What Product are you looking for?","publisher":{"@id":"https:\/\/product-guide.org\/#organization"},"potentialAction":[{"@type":"SearchAction","target":{"@type":"EntryPoint","urlTemplate":"https:\/\/product-guide.org\/?s={search_term_string}"},"query-input":{"@type":"PropertyValueSpecification","valueRequired":true,"valueName":"search_term_string"}}],"inLanguage":"en-GB"},{"@type":"Organization","@id":"https:\/\/product-guide.org\/#organization","name":"Product-Guide.org","url":"https:\/\/product-guide.org\/","logo":{"@type":"ImageObject","inLanguage":"en-GB","@id":"https:\/\/product-guide.org\/#\/schema\/logo\/image\/","url":"https:\/\/product-guide.org\/wp-content\/uploads\/2022\/07\/logo_transparent_background.png","contentUrl":"https:\/\/product-guide.org\/wp-content\/uploads\/2022\/07\/logo_transparent_background.png","width":3400,"height":1132,"caption":"Product-Guide.org"},"image":{"@id":"https:\/\/product-guide.org\/#\/schema\/logo\/image\/"}}]}},"_links":{"self":[{"href":"https:\/\/product-guide.org\/en\/wp-json\/wp\/v2\/product\/45672","targetHints":{"allow":["GET"]}}],"collection":[{"href":"https:\/\/product-guide.org\/en\/wp-json\/wp\/v2\/product"}],"about":[{"href":"https:\/\/product-guide.org\/en\/wp-json\/wp\/v2\/types\/product"}],"wp:featuredmedia":[{"embeddable":true,"href":"https:\/\/product-guide.org\/en\/wp-json\/wp\/v2\/media\/45670"}],"wp:attachment":[{"href":"https:\/\/product-guide.org\/en\/wp-json\/wp\/v2\/media?parent=45672"}],"wp:term":[{"taxonomy":"store","embeddable":true,"href":"https:\/\/product-guide.org\/en\/wp-json\/wp\/v2\/store?post=45672"},{"taxonomy":"product_brand","embeddable":true,"href":"https:\/\/product-guide.org\/en\/wp-json\/wp\/v2\/product_brand?post=45672"},{"taxonomy":"product_cat","embeddable":true,"href":"https:\/\/product-guide.org\/en\/wp-json\/wp\/v2\/product_cat?post=45672"},{"taxonomy":"product_tag","embeddable":true,"href":"https:\/\/product-guide.org\/en\/wp-json\/wp\/v2\/product_tag?post=45672"}],"curies":[{"name":"wp","href":"https:\/\/api.w.org\/{rel}","templated":true}]}}