{"id":45696,"date":"2025-03-17T09:49:31","date_gmt":"2025-03-17T08:49:31","guid":{"rendered":"https:\/\/product-guide.org\/produkt\/portwest-madrid-hi-vis-contrast-bomber-jacket-orange-marine-xxl-krahe-workwear\/"},"modified":"2025-03-17T09:49:31","modified_gmt":"2025-03-17T08:49:31","slug":"portwest-madrid-hi-vis-contrast-bomber-jacket-orange-marine-xxl-krahe-workwear","status":"publish","type":"product","link":"https:\/\/product-guide.org\/en\/produkt\/portwest-madrid-hi-vis-contrast-bomber-jacket-orange-marine-xxl-krahe-workwear\/","title":{"rendered":"Portwest Madrid Hi-Vis Contrast Bomber Jacket , orange marine, XXL | Kr\u00e4he Workwear"},"content":{"rendered":"<p>Warnschutzjacke Madrid Die Portwest Madrid Hi-Vis Jacke hat eine moderne Passform. Das strapazierf\u00e4hige Gewebe bietet eine hervorragende Abriebfestigkeit und Haltbarkeit. Mehrere praktische Taschen bieten eine sichere Aufbewahrung und die obere Tasche bietet Platz f\u00fcr moderne Smartphone-Abmessungen.Strapazierf\u00e4higes Polycotton-Gewebe mit schmutzabweisender Texpel-Ausr\u00fcstungReflexstreifen f\u00fcr gute Sichtbarkeit4 Taschen f\u00fcr ausreichend StauraumKlettverschluss am \u00c4rmelb\u00fcndchen f\u00fcr einen sicheren SitzSeitlicher elastischer Bund f\u00fcr h\u00f6chsten TragekomfortTX70 + TX72 zertifiziert nach EN ISO 20471 Klasse 3Telefon-und StifttascheKontrastfarbenDoppeln\u00e4hte f\u00fcr besondere Strapazierf\u00e4higkeitHochwertige Oberfl\u00e4che, die \u00d6l, Wasser und Schmutz abweistEntspricht der Norm EN ISO 20471Zertifiziert nach EN ISO 20471 nach 50x W\u00e4schenEntspricht RIS 3279-TOM f\u00fcr die Bahnindustrie (nur orange)40+ UPF klassifiziertes Gewebe, das 98% der UV-Strahlen blockiertCE zertifiziertUKCA gekennzeichnet<\/p>\n","protected":false},"excerpt":{"rendered":"<p>Warnschutzjacke Madrid Die Portwest Madrid Hi-Vis Jacke hat eine moderne Passform. Das strapazierf\u00e4hige Gewebe bietet eine hervorragende Abriebfestigkeit und Haltbarkeit. Mehrere praktische Taschen bieten eine sichere Aufbewahrung und die obere Tasche bietet Platz f\u00fcr moderne Smartphone-Abmessungen.Strapazierf\u00e4higes Polycotton-Gewebe mit schmutzabweisender Texpel-Ausr\u00fcstungReflexstreifen f\u00fcr gute Sichtbarkeit4 Taschen f\u00fcr ausreichend StauraumKlettverschluss am \u00c4rmelb\u00fcndchen f\u00fcr einen sicheren SitzSeitlicher elastischer Bund [&hellip;]<\/p>\n","protected":false},"featured_media":45690,"template":"","meta":{"_gspb_post_css":""},"store":[],"product_brand":[1310],"product_cat":[1290],"product_tag":[],"class_list":{"0":"post-45696","1":"product","2":"type-product","3":"status-publish","4":"has-post-thumbnail","6":"product_brand-krahe-workwear","7":"product_cat-uncategorized","9":"first","10":"instock","11":"shipping-taxable","12":"purchasable","13":"product-type-simple"},"yoast_head":"<!-- This site is optimized with the Yoast SEO plugin v24.6 - https:\/\/yoast.com\/wordpress\/plugins\/seo\/ -->\n<title>Portwest Madrid Hi-Vis Contrast Bomber Jacket , orange marine, XXL | Kr\u00e4he Workwear | Product-Guide.org<\/title>\n<meta name=\"description\" content=\"Portwest Madrid Hi-Vis Contrast Bomber Jacket , orange marine, XXL | Kr\u00e4he Workwear gefunden von Product-Guide.org\" \/>\n<meta name=\"robots\" content=\"index, follow, max-snippet:-1, max-image-preview:large, max-video-preview:-1\" \/>\n<link rel=\"canonical\" href=\"https:\/\/product-guide.org\/en\/produkt\/portwest-madrid-hi-vis-contrast-bomber-jacket-orange-marine-xxl-krahe-workwear\/\" \/>\n<meta property=\"og:locale\" content=\"en_GB\" \/>\n<meta property=\"og:type\" content=\"article\" \/>\n<meta property=\"og:title\" content=\"Portwest Madrid Hi-Vis Contrast Bomber Jacket , orange marine, XXL | Kr\u00e4he Workwear | Product-Guide.org\" \/>\n<meta property=\"og:description\" content=\"Portwest Madrid Hi-Vis Contrast Bomber Jacket , orange marine, XXL | Kr\u00e4he Workwear gefunden von Product-Guide.org\" \/>\n<meta property=\"og:url\" content=\"https:\/\/product-guide.org\/en\/produkt\/portwest-madrid-hi-vis-contrast-bomber-jacket-orange-marine-xxl-krahe-workwear\/\" \/>\n<meta property=\"og:site_name\" content=\"Product-Guide.org\" \/>\n<meta name=\"twitter:card\" content=\"summary_large_image\" \/>\n<script type=\"application\/ld+json\" class=\"yoast-schema-graph\">{\"@context\":\"https:\/\/schema.org\",\"@graph\":[{\"@type\":\"WebPage\",\"@id\":\"https:\/\/product-guide.org\/produkt\/portwest-madrid-hi-vis-contrast-bomber-jacket-orange-marine-xxl-krahe-workwear\/\",\"url\":\"https:\/\/product-guide.org\/produkt\/portwest-madrid-hi-vis-contrast-bomber-jacket-orange-marine-xxl-krahe-workwear\/\",\"name\":\"Portwest Madrid Hi-Vis Contrast Bomber Jacket , orange marine, XXL | Kr\u00e4he Workwear | Product-Guide.org\",\"isPartOf\":{\"@id\":\"https:\/\/product-guide.org\/#website\"},\"primaryImageOfPage\":{\"@id\":\"https:\/\/product-guide.org\/produkt\/portwest-madrid-hi-vis-contrast-bomber-jacket-orange-marine-xxl-krahe-workwear\/#primaryimage\"},\"image\":{\"@id\":\"https:\/\/product-guide.org\/produkt\/portwest-madrid-hi-vis-contrast-bomber-jacket-orange-marine-xxl-krahe-workwear\/#primaryimage\"},\"thumbnailUrl\":\"https:\/\/product-guide.org\/wp-content\/uploads\/2025\/03\/portwest_2023_TX70ONR.jpg\",\"datePublished\":\"2025-03-17T08:49:31+00:00\",\"description\":\"Portwest Madrid Hi-Vis Contrast Bomber Jacket , orange marine, XXL | Kr\u00e4he Workwear gefunden von Product-Guide.org\",\"breadcrumb\":{\"@id\":\"https:\/\/product-guide.org\/produkt\/portwest-madrid-hi-vis-contrast-bomber-jacket-orange-marine-xxl-krahe-workwear\/#breadcrumb\"},\"inLanguage\":\"en-GB\",\"potentialAction\":[{\"@type\":\"ReadAction\",\"target\":[\"https:\/\/product-guide.org\/produkt\/portwest-madrid-hi-vis-contrast-bomber-jacket-orange-marine-xxl-krahe-workwear\/\"]}]},{\"@type\":\"ImageObject\",\"inLanguage\":\"en-GB\",\"@id\":\"https:\/\/product-guide.org\/produkt\/portwest-madrid-hi-vis-contrast-bomber-jacket-orange-marine-xxl-krahe-workwear\/#primaryimage\",\"url\":\"https:\/\/product-guide.org\/wp-content\/uploads\/2025\/03\/portwest_2023_TX70ONR.jpg\",\"contentUrl\":\"https:\/\/product-guide.org\/wp-content\/uploads\/2025\/03\/portwest_2023_TX70ONR.jpg\",\"width\":1024,\"height\":1024},{\"@type\":\"BreadcrumbList\",\"@id\":\"https:\/\/product-guide.org\/produkt\/portwest-madrid-hi-vis-contrast-bomber-jacket-orange-marine-xxl-krahe-workwear\/#breadcrumb\",\"itemListElement\":[{\"@type\":\"ListItem\",\"position\":1,\"name\":\"Home\",\"item\":\"https:\/\/product-guide.org\/\"},{\"@type\":\"ListItem\",\"position\":2,\"name\":\"Ergebnisse\",\"item\":\"https:\/\/product-guide.org\/de\/ergebnisse\/\"},{\"@type\":\"ListItem\",\"position\":3,\"name\":\"Portwest Madrid Hi-Vis Contrast Bomber Jacket , orange marine, XXL | Kr\u00e4he Workwear\"}]},{\"@type\":\"WebSite\",\"@id\":\"https:\/\/product-guide.org\/#website\",\"url\":\"https:\/\/product-guide.org\/\",\"name\":\"Product-Guide.org\",\"description\":\"What Product are you looking for?\",\"publisher\":{\"@id\":\"https:\/\/product-guide.org\/#organization\"},\"potentialAction\":[{\"@type\":\"SearchAction\",\"target\":{\"@type\":\"EntryPoint\",\"urlTemplate\":\"https:\/\/product-guide.org\/?s={search_term_string}\"},\"query-input\":{\"@type\":\"PropertyValueSpecification\",\"valueRequired\":true,\"valueName\":\"search_term_string\"}}],\"inLanguage\":\"en-GB\"},{\"@type\":\"Organization\",\"@id\":\"https:\/\/product-guide.org\/#organization\",\"name\":\"Product-Guide.org\",\"url\":\"https:\/\/product-guide.org\/\",\"logo\":{\"@type\":\"ImageObject\",\"inLanguage\":\"en-GB\",\"@id\":\"https:\/\/product-guide.org\/#\/schema\/logo\/image\/\",\"url\":\"https:\/\/product-guide.org\/wp-content\/uploads\/2022\/07\/logo_transparent_background.png\",\"contentUrl\":\"https:\/\/product-guide.org\/wp-content\/uploads\/2022\/07\/logo_transparent_background.png\",\"width\":3400,\"height\":1132,\"caption\":\"Product-Guide.org\"},\"image\":{\"@id\":\"https:\/\/product-guide.org\/#\/schema\/logo\/image\/\"}}]}<\/script>\n<!-- \/ Yoast SEO plugin. -->","yoast_head_json":{"title":"Portwest Madrid Hi-Vis Contrast Bomber Jacket , orange marine, XXL | Kr\u00e4he Workwear | Product-Guide.org","description":"Portwest Madrid Hi-Vis Contrast Bomber Jacket , orange marine, XXL | Kr\u00e4he Workwear gefunden von Product-Guide.org","robots":{"index":"index","follow":"follow","max-snippet":"max-snippet:-1","max-image-preview":"max-image-preview:large","max-video-preview":"max-video-preview:-1"},"canonical":"https:\/\/product-guide.org\/en\/produkt\/portwest-madrid-hi-vis-contrast-bomber-jacket-orange-marine-xxl-krahe-workwear\/","og_locale":"en_GB","og_type":"article","og_title":"Portwest Madrid Hi-Vis Contrast Bomber Jacket , orange marine, XXL | Kr\u00e4he Workwear | Product-Guide.org","og_description":"Portwest Madrid Hi-Vis Contrast Bomber Jacket , orange marine, XXL | Kr\u00e4he Workwear gefunden von Product-Guide.org","og_url":"https:\/\/product-guide.org\/en\/produkt\/portwest-madrid-hi-vis-contrast-bomber-jacket-orange-marine-xxl-krahe-workwear\/","og_site_name":"Product-Guide.org","twitter_card":"summary_large_image","schema":{"@context":"https:\/\/schema.org","@graph":[{"@type":"WebPage","@id":"https:\/\/product-guide.org\/produkt\/portwest-madrid-hi-vis-contrast-bomber-jacket-orange-marine-xxl-krahe-workwear\/","url":"https:\/\/product-guide.org\/produkt\/portwest-madrid-hi-vis-contrast-bomber-jacket-orange-marine-xxl-krahe-workwear\/","name":"Portwest Madrid Hi-Vis Contrast Bomber Jacket , orange marine, XXL | Kr\u00e4he Workwear | Product-Guide.org","isPartOf":{"@id":"https:\/\/product-guide.org\/#website"},"primaryImageOfPage":{"@id":"https:\/\/product-guide.org\/produkt\/portwest-madrid-hi-vis-contrast-bomber-jacket-orange-marine-xxl-krahe-workwear\/#primaryimage"},"image":{"@id":"https:\/\/product-guide.org\/produkt\/portwest-madrid-hi-vis-contrast-bomber-jacket-orange-marine-xxl-krahe-workwear\/#primaryimage"},"thumbnailUrl":"https:\/\/product-guide.org\/wp-content\/uploads\/2025\/03\/portwest_2023_TX70ONR.jpg","datePublished":"2025-03-17T08:49:31+00:00","description":"Portwest Madrid Hi-Vis Contrast Bomber Jacket , orange marine, XXL | Kr\u00e4he Workwear gefunden von Product-Guide.org","breadcrumb":{"@id":"https:\/\/product-guide.org\/produkt\/portwest-madrid-hi-vis-contrast-bomber-jacket-orange-marine-xxl-krahe-workwear\/#breadcrumb"},"inLanguage":"en-GB","potentialAction":[{"@type":"ReadAction","target":["https:\/\/product-guide.org\/produkt\/portwest-madrid-hi-vis-contrast-bomber-jacket-orange-marine-xxl-krahe-workwear\/"]}]},{"@type":"ImageObject","inLanguage":"en-GB","@id":"https:\/\/product-guide.org\/produkt\/portwest-madrid-hi-vis-contrast-bomber-jacket-orange-marine-xxl-krahe-workwear\/#primaryimage","url":"https:\/\/product-guide.org\/wp-content\/uploads\/2025\/03\/portwest_2023_TX70ONR.jpg","contentUrl":"https:\/\/product-guide.org\/wp-content\/uploads\/2025\/03\/portwest_2023_TX70ONR.jpg","width":1024,"height":1024},{"@type":"BreadcrumbList","@id":"https:\/\/product-guide.org\/produkt\/portwest-madrid-hi-vis-contrast-bomber-jacket-orange-marine-xxl-krahe-workwear\/#breadcrumb","itemListElement":[{"@type":"ListItem","position":1,"name":"Home","item":"https:\/\/product-guide.org\/"},{"@type":"ListItem","position":2,"name":"Ergebnisse","item":"https:\/\/product-guide.org\/de\/ergebnisse\/"},{"@type":"ListItem","position":3,"name":"Portwest Madrid Hi-Vis Contrast Bomber Jacket , orange marine, XXL | Kr\u00e4he Workwear"}]},{"@type":"WebSite","@id":"https:\/\/product-guide.org\/#website","url":"https:\/\/product-guide.org\/","name":"Product-Guide.org","description":"What Product are you looking for?","publisher":{"@id":"https:\/\/product-guide.org\/#organization"},"potentialAction":[{"@type":"SearchAction","target":{"@type":"EntryPoint","urlTemplate":"https:\/\/product-guide.org\/?s={search_term_string}"},"query-input":{"@type":"PropertyValueSpecification","valueRequired":true,"valueName":"search_term_string"}}],"inLanguage":"en-GB"},{"@type":"Organization","@id":"https:\/\/product-guide.org\/#organization","name":"Product-Guide.org","url":"https:\/\/product-guide.org\/","logo":{"@type":"ImageObject","inLanguage":"en-GB","@id":"https:\/\/product-guide.org\/#\/schema\/logo\/image\/","url":"https:\/\/product-guide.org\/wp-content\/uploads\/2022\/07\/logo_transparent_background.png","contentUrl":"https:\/\/product-guide.org\/wp-content\/uploads\/2022\/07\/logo_transparent_background.png","width":3400,"height":1132,"caption":"Product-Guide.org"},"image":{"@id":"https:\/\/product-guide.org\/#\/schema\/logo\/image\/"}}]}},"_links":{"self":[{"href":"https:\/\/product-guide.org\/en\/wp-json\/wp\/v2\/product\/45696","targetHints":{"allow":["GET"]}}],"collection":[{"href":"https:\/\/product-guide.org\/en\/wp-json\/wp\/v2\/product"}],"about":[{"href":"https:\/\/product-guide.org\/en\/wp-json\/wp\/v2\/types\/product"}],"wp:featuredmedia":[{"embeddable":true,"href":"https:\/\/product-guide.org\/en\/wp-json\/wp\/v2\/media\/45690"}],"wp:attachment":[{"href":"https:\/\/product-guide.org\/en\/wp-json\/wp\/v2\/media?parent=45696"}],"wp:term":[{"taxonomy":"store","embeddable":true,"href":"https:\/\/product-guide.org\/en\/wp-json\/wp\/v2\/store?post=45696"},{"taxonomy":"product_brand","embeddable":true,"href":"https:\/\/product-guide.org\/en\/wp-json\/wp\/v2\/product_brand?post=45696"},{"taxonomy":"product_cat","embeddable":true,"href":"https:\/\/product-guide.org\/en\/wp-json\/wp\/v2\/product_cat?post=45696"},{"taxonomy":"product_tag","embeddable":true,"href":"https:\/\/product-guide.org\/en\/wp-json\/wp\/v2\/product_tag?post=45696"}],"curies":[{"name":"wp","href":"https:\/\/api.w.org\/{rel}","templated":true}]}}