{"id":45731,"date":"2025-03-17T09:49:46","date_gmt":"2025-03-17T08:49:46","guid":{"rendered":"https:\/\/product-guide.org\/produkt\/portwest-vending-pu-palm-glove-grau-m-krahe-workwear\/"},"modified":"2025-03-17T09:49:46","modified_gmt":"2025-03-17T08:49:46","slug":"portwest-vending-pu-palm-glove-grau-m-krahe-workwear","status":"publish","type":"product","link":"https:\/\/product-guide.org\/en\/produkt\/portwest-vending-pu-palm-glove-grau-m-krahe-workwear\/","title":{"rendered":"Portwest Vending PU Palm Glove, grau, M | Kr\u00e4he Workwear"},"content":{"rendered":"<p>PU Handschuh f\u00fcr VerkaufsautomatenDer Vending PU Palm Glove wurde speziell f\u00fcr Verkaufsautomaten verpackt. Diese Handschuhe sind perfekt f\u00fcr komplizierte Arbeiten. Sie haben eine glatte PU-Beschichtung f\u00fcr erh\u00f6hte Abriebfestigkeit und sind in der Handfl\u00e4che getaucht, um die Fingerfertigkeit und die Bel\u00fcftung zu verbessern. Die Verpackung selbst wurde komprimiert, um die Maschinenkapazit\u00e4t zu maximieren.Individuelle Verpackung f\u00fcr VerkaufsautomatenKompakte Verpackung zur Erh\u00f6hung der Kapazit\u00e4t von AusgabeautomatenGlatte PU-Beschichtung f\u00fcr erh\u00f6hte Abriebfestigkeitgetauchte Handinnenfl\u00e4che um Feinf\u00fchligkeit und Atmungsaktivit\u00e4t zu erh\u00f6henGauge 13 f\u00fcr eine perfekte PassformPerfekt f\u00fcr komplizierte AufgabenCE zertifiziertDieses Produkt wird in Innenschachteln verkauft<\/p>\n","protected":false},"excerpt":{"rendered":"<p>PU Handschuh f\u00fcr VerkaufsautomatenDer Vending PU Palm Glove wurde speziell f\u00fcr Verkaufsautomaten verpackt. Diese Handschuhe sind perfekt f\u00fcr komplizierte Arbeiten. Sie haben eine glatte PU-Beschichtung f\u00fcr erh\u00f6hte Abriebfestigkeit und sind in der Handfl\u00e4che getaucht, um die Fingerfertigkeit und die Bel\u00fcftung zu verbessern. Die Verpackung selbst wurde komprimiert, um die Maschinenkapazit\u00e4t zu maximieren.Individuelle Verpackung f\u00fcr VerkaufsautomatenKompakte [&hellip;]<\/p>\n","protected":false},"featured_media":45730,"template":"","meta":{"_gspb_post_css":""},"store":[],"product_brand":[1310],"product_cat":[1290],"product_tag":[],"class_list":{"0":"post-45731","1":"product","2":"type-product","3":"status-publish","4":"has-post-thumbnail","6":"product_brand-krahe-workwear","7":"product_cat-uncategorized","9":"first","10":"instock","11":"shipping-taxable","12":"purchasable","13":"product-type-simple"},"yoast_head":"<!-- This site is optimized with the Yoast SEO plugin v24.6 - https:\/\/yoast.com\/wordpress\/plugins\/seo\/ -->\n<title>Portwest Vending PU Palm Glove, grau, M | Kr\u00e4he Workwear | Product-Guide.org<\/title>\n<meta name=\"description\" content=\"Portwest Vending PU Palm Glove, grau, M | Kr\u00e4he Workwear gefunden von Product-Guide.org\" \/>\n<meta name=\"robots\" content=\"index, follow, max-snippet:-1, max-image-preview:large, max-video-preview:-1\" \/>\n<link rel=\"canonical\" href=\"https:\/\/product-guide.org\/en\/produkt\/portwest-vending-pu-palm-glove-grau-m-krahe-workwear\/\" \/>\n<meta property=\"og:locale\" content=\"en_GB\" \/>\n<meta property=\"og:type\" content=\"article\" \/>\n<meta property=\"og:title\" content=\"Portwest Vending PU Palm Glove, grau, M | Kr\u00e4he Workwear | Product-Guide.org\" \/>\n<meta property=\"og:description\" content=\"Portwest Vending PU Palm Glove, grau, M | Kr\u00e4he Workwear gefunden von Product-Guide.org\" \/>\n<meta property=\"og:url\" content=\"https:\/\/product-guide.org\/en\/produkt\/portwest-vending-pu-palm-glove-grau-m-krahe-workwear\/\" \/>\n<meta property=\"og:site_name\" content=\"Product-Guide.org\" \/>\n<meta name=\"twitter:card\" content=\"summary_large_image\" \/>\n<script type=\"application\/ld+json\" class=\"yoast-schema-graph\">{\"@context\":\"https:\/\/schema.org\",\"@graph\":[{\"@type\":\"WebPage\",\"@id\":\"https:\/\/product-guide.org\/produkt\/portwest-vending-pu-palm-glove-grau-m-krahe-workwear\/\",\"url\":\"https:\/\/product-guide.org\/produkt\/portwest-vending-pu-palm-glove-grau-m-krahe-workwear\/\",\"name\":\"Portwest Vending PU Palm Glove, grau, M | Kr\u00e4he Workwear | Product-Guide.org\",\"isPartOf\":{\"@id\":\"https:\/\/product-guide.org\/#website\"},\"primaryImageOfPage\":{\"@id\":\"https:\/\/product-guide.org\/produkt\/portwest-vending-pu-palm-glove-grau-m-krahe-workwear\/#primaryimage\"},\"image\":{\"@id\":\"https:\/\/product-guide.org\/produkt\/portwest-vending-pu-palm-glove-grau-m-krahe-workwear\/#primaryimage\"},\"thumbnailUrl\":\"https:\/\/product-guide.org\/wp-content\/uploads\/2025\/03\/portwest_2023_VA120G7R.jpg\",\"datePublished\":\"2025-03-17T08:49:46+00:00\",\"description\":\"Portwest Vending PU Palm Glove, grau, M | Kr\u00e4he Workwear gefunden von Product-Guide.org\",\"breadcrumb\":{\"@id\":\"https:\/\/product-guide.org\/produkt\/portwest-vending-pu-palm-glove-grau-m-krahe-workwear\/#breadcrumb\"},\"inLanguage\":\"en-GB\",\"potentialAction\":[{\"@type\":\"ReadAction\",\"target\":[\"https:\/\/product-guide.org\/produkt\/portwest-vending-pu-palm-glove-grau-m-krahe-workwear\/\"]}]},{\"@type\":\"ImageObject\",\"inLanguage\":\"en-GB\",\"@id\":\"https:\/\/product-guide.org\/produkt\/portwest-vending-pu-palm-glove-grau-m-krahe-workwear\/#primaryimage\",\"url\":\"https:\/\/product-guide.org\/wp-content\/uploads\/2025\/03\/portwest_2023_VA120G7R.jpg\",\"contentUrl\":\"https:\/\/product-guide.org\/wp-content\/uploads\/2025\/03\/portwest_2023_VA120G7R.jpg\",\"width\":1024,\"height\":1024},{\"@type\":\"BreadcrumbList\",\"@id\":\"https:\/\/product-guide.org\/produkt\/portwest-vending-pu-palm-glove-grau-m-krahe-workwear\/#breadcrumb\",\"itemListElement\":[{\"@type\":\"ListItem\",\"position\":1,\"name\":\"Home\",\"item\":\"https:\/\/product-guide.org\/\"},{\"@type\":\"ListItem\",\"position\":2,\"name\":\"Ergebnisse\",\"item\":\"https:\/\/product-guide.org\/de\/ergebnisse\/\"},{\"@type\":\"ListItem\",\"position\":3,\"name\":\"Portwest Vending PU Palm Glove, grau, M | Kr\u00e4he Workwear\"}]},{\"@type\":\"WebSite\",\"@id\":\"https:\/\/product-guide.org\/#website\",\"url\":\"https:\/\/product-guide.org\/\",\"name\":\"Product-Guide.org\",\"description\":\"What Product are you looking for?\",\"publisher\":{\"@id\":\"https:\/\/product-guide.org\/#organization\"},\"potentialAction\":[{\"@type\":\"SearchAction\",\"target\":{\"@type\":\"EntryPoint\",\"urlTemplate\":\"https:\/\/product-guide.org\/?s={search_term_string}\"},\"query-input\":{\"@type\":\"PropertyValueSpecification\",\"valueRequired\":true,\"valueName\":\"search_term_string\"}}],\"inLanguage\":\"en-GB\"},{\"@type\":\"Organization\",\"@id\":\"https:\/\/product-guide.org\/#organization\",\"name\":\"Product-Guide.org\",\"url\":\"https:\/\/product-guide.org\/\",\"logo\":{\"@type\":\"ImageObject\",\"inLanguage\":\"en-GB\",\"@id\":\"https:\/\/product-guide.org\/#\/schema\/logo\/image\/\",\"url\":\"https:\/\/product-guide.org\/wp-content\/uploads\/2022\/07\/logo_transparent_background.png\",\"contentUrl\":\"https:\/\/product-guide.org\/wp-content\/uploads\/2022\/07\/logo_transparent_background.png\",\"width\":3400,\"height\":1132,\"caption\":\"Product-Guide.org\"},\"image\":{\"@id\":\"https:\/\/product-guide.org\/#\/schema\/logo\/image\/\"}}]}<\/script>\n<!-- \/ Yoast SEO plugin. -->","yoast_head_json":{"title":"Portwest Vending PU Palm Glove, grau, M | Kr\u00e4he Workwear | Product-Guide.org","description":"Portwest Vending PU Palm Glove, grau, M | Kr\u00e4he Workwear gefunden von Product-Guide.org","robots":{"index":"index","follow":"follow","max-snippet":"max-snippet:-1","max-image-preview":"max-image-preview:large","max-video-preview":"max-video-preview:-1"},"canonical":"https:\/\/product-guide.org\/en\/produkt\/portwest-vending-pu-palm-glove-grau-m-krahe-workwear\/","og_locale":"en_GB","og_type":"article","og_title":"Portwest Vending PU Palm Glove, grau, M | Kr\u00e4he Workwear | Product-Guide.org","og_description":"Portwest Vending PU Palm Glove, grau, M | Kr\u00e4he Workwear gefunden von Product-Guide.org","og_url":"https:\/\/product-guide.org\/en\/produkt\/portwest-vending-pu-palm-glove-grau-m-krahe-workwear\/","og_site_name":"Product-Guide.org","twitter_card":"summary_large_image","schema":{"@context":"https:\/\/schema.org","@graph":[{"@type":"WebPage","@id":"https:\/\/product-guide.org\/produkt\/portwest-vending-pu-palm-glove-grau-m-krahe-workwear\/","url":"https:\/\/product-guide.org\/produkt\/portwest-vending-pu-palm-glove-grau-m-krahe-workwear\/","name":"Portwest Vending PU Palm Glove, grau, M | Kr\u00e4he Workwear | Product-Guide.org","isPartOf":{"@id":"https:\/\/product-guide.org\/#website"},"primaryImageOfPage":{"@id":"https:\/\/product-guide.org\/produkt\/portwest-vending-pu-palm-glove-grau-m-krahe-workwear\/#primaryimage"},"image":{"@id":"https:\/\/product-guide.org\/produkt\/portwest-vending-pu-palm-glove-grau-m-krahe-workwear\/#primaryimage"},"thumbnailUrl":"https:\/\/product-guide.org\/wp-content\/uploads\/2025\/03\/portwest_2023_VA120G7R.jpg","datePublished":"2025-03-17T08:49:46+00:00","description":"Portwest Vending PU Palm Glove, grau, M | Kr\u00e4he Workwear gefunden von Product-Guide.org","breadcrumb":{"@id":"https:\/\/product-guide.org\/produkt\/portwest-vending-pu-palm-glove-grau-m-krahe-workwear\/#breadcrumb"},"inLanguage":"en-GB","potentialAction":[{"@type":"ReadAction","target":["https:\/\/product-guide.org\/produkt\/portwest-vending-pu-palm-glove-grau-m-krahe-workwear\/"]}]},{"@type":"ImageObject","inLanguage":"en-GB","@id":"https:\/\/product-guide.org\/produkt\/portwest-vending-pu-palm-glove-grau-m-krahe-workwear\/#primaryimage","url":"https:\/\/product-guide.org\/wp-content\/uploads\/2025\/03\/portwest_2023_VA120G7R.jpg","contentUrl":"https:\/\/product-guide.org\/wp-content\/uploads\/2025\/03\/portwest_2023_VA120G7R.jpg","width":1024,"height":1024},{"@type":"BreadcrumbList","@id":"https:\/\/product-guide.org\/produkt\/portwest-vending-pu-palm-glove-grau-m-krahe-workwear\/#breadcrumb","itemListElement":[{"@type":"ListItem","position":1,"name":"Home","item":"https:\/\/product-guide.org\/"},{"@type":"ListItem","position":2,"name":"Ergebnisse","item":"https:\/\/product-guide.org\/de\/ergebnisse\/"},{"@type":"ListItem","position":3,"name":"Portwest Vending PU Palm Glove, grau, M | Kr\u00e4he Workwear"}]},{"@type":"WebSite","@id":"https:\/\/product-guide.org\/#website","url":"https:\/\/product-guide.org\/","name":"Product-Guide.org","description":"What Product are you looking for?","publisher":{"@id":"https:\/\/product-guide.org\/#organization"},"potentialAction":[{"@type":"SearchAction","target":{"@type":"EntryPoint","urlTemplate":"https:\/\/product-guide.org\/?s={search_term_string}"},"query-input":{"@type":"PropertyValueSpecification","valueRequired":true,"valueName":"search_term_string"}}],"inLanguage":"en-GB"},{"@type":"Organization","@id":"https:\/\/product-guide.org\/#organization","name":"Product-Guide.org","url":"https:\/\/product-guide.org\/","logo":{"@type":"ImageObject","inLanguage":"en-GB","@id":"https:\/\/product-guide.org\/#\/schema\/logo\/image\/","url":"https:\/\/product-guide.org\/wp-content\/uploads\/2022\/07\/logo_transparent_background.png","contentUrl":"https:\/\/product-guide.org\/wp-content\/uploads\/2022\/07\/logo_transparent_background.png","width":3400,"height":1132,"caption":"Product-Guide.org"},"image":{"@id":"https:\/\/product-guide.org\/#\/schema\/logo\/image\/"}}]}},"_links":{"self":[{"href":"https:\/\/product-guide.org\/en\/wp-json\/wp\/v2\/product\/45731","targetHints":{"allow":["GET"]}}],"collection":[{"href":"https:\/\/product-guide.org\/en\/wp-json\/wp\/v2\/product"}],"about":[{"href":"https:\/\/product-guide.org\/en\/wp-json\/wp\/v2\/types\/product"}],"wp:featuredmedia":[{"embeddable":true,"href":"https:\/\/product-guide.org\/en\/wp-json\/wp\/v2\/media\/45730"}],"wp:attachment":[{"href":"https:\/\/product-guide.org\/en\/wp-json\/wp\/v2\/media?parent=45731"}],"wp:term":[{"taxonomy":"store","embeddable":true,"href":"https:\/\/product-guide.org\/en\/wp-json\/wp\/v2\/store?post=45731"},{"taxonomy":"product_brand","embeddable":true,"href":"https:\/\/product-guide.org\/en\/wp-json\/wp\/v2\/product_brand?post=45731"},{"taxonomy":"product_cat","embeddable":true,"href":"https:\/\/product-guide.org\/en\/wp-json\/wp\/v2\/product_cat?post=45731"},{"taxonomy":"product_tag","embeddable":true,"href":"https:\/\/product-guide.org\/en\/wp-json\/wp\/v2\/product_tag?post=45731"}],"curies":[{"name":"wp","href":"https:\/\/api.w.org\/{rel}","templated":true}]}}