{"id":45761,"date":"2025-03-17T09:50:52","date_gmt":"2025-03-17T08:50:52","guid":{"rendered":"https:\/\/product-guide.org\/produkt\/bester-kassierer-owlbook\/"},"modified":"2025-03-17T09:50:52","modified_gmt":"2025-03-17T08:50:52","slug":"bester-kassierer-owlbook","status":"publish","type":"product","link":"https:\/\/product-guide.org\/en\/produkt\/bester-kassierer-owlbook\/","title":{"rendered":"Bester Kassierer | owlbook"},"content":{"rendered":"<p>Bester Kassierer Gro\u00dfe Kaffee-Tasse mit Spruch im Geschenkkarton Personalisiert mit Namen Geschenke Geschenkideen f\u00fcr alle Kassierer als Dankesch\u00f6n Geschenk Weihnachten Sichere Dir jetzt dieses pers\u00f6nliche Geschenk f\u00fcr den Kassierer Deines Vertrauens, dem Du einfach mal Danke sagen m\u00f6chtest. Du wirst ihn damit garantiert zu Freudentr\u00e4nen r\u00fchren. VersprochenHOHE FARBBRILLANZ: Die liebevoll gestaltete Kaffeetasse besticht mit einer hohen Farbbrillanz und Langlebigkeit durch den hochwertigen Thermo-Transfer-Druck. Der Kaffee-Becher wird in einem h\u00fcbschen Geschenkkarton geliefert.SEHR PFLEGELEICHT &#038;, HOCHWERTIG: Die gro\u00dfe Tee-Tasse fasst 300 ml und ist durch die spezielle Beschichtung sp\u00fclmaschinengeeignet (bis zu 3500 Sp\u00fclg\u00e4nge), sehr pflegeleicht, kratzfest, Mikrowellen geeignet und sehr hochwertig verarbeitet.SCH\u00d6NE GESCHENKIDEE F\u00dcR ALLE ALLTAGSHELDEN: Du m\u00f6chtest Dich beim immer freundlichen Kassierer, der trotz Stress und Ausnahmesituationen noch ein L\u00e4cheln im Gesicht hat, bedanken? Dann \u00fcberrasche ihn doch mal mit einem pers\u00f6nlichen Geschenk, das von Herzen kommt.100% ZUFRIEDENHEIT: Das Produkt wird mit viel Liebe in unserer Manufaktur in Deutschland in Handarbeit hergestellt. Die Qualit\u00e4t unserer Produkte liegt uns dabei sehr am Herzen. Solltest Du dennoch unzufrieden sein, erh\u00e4ltst Du Dein Geld zur\u00fcck!<\/p>\n","protected":false},"excerpt":{"rendered":"<p>Bester Kassierer Gro\u00dfe Kaffee-Tasse mit Spruch im Geschenkkarton Personalisiert mit Namen Geschenke Geschenkideen f\u00fcr alle Kassierer als Dankesch\u00f6n Geschenk Weihnachten Sichere Dir jetzt dieses pers\u00f6nliche Geschenk f\u00fcr den Kassierer Deines Vertrauens, dem Du einfach mal Danke sagen m\u00f6chtest. Du wirst ihn damit garantiert zu Freudentr\u00e4nen r\u00fchren. VersprochenHOHE FARBBRILLANZ: Die liebevoll gestaltete Kaffeetasse besticht mit einer [&hellip;]<\/p>\n","protected":false},"featured_media":45760,"template":"","meta":{"_gspb_post_css":""},"store":[],"product_brand":[1311],"product_cat":[1290],"product_tag":[],"class_list":{"0":"post-45761","1":"product","2":"type-product","3":"status-publish","4":"has-post-thumbnail","6":"product_brand-owlbook","7":"product_cat-uncategorized","9":"first","10":"instock","11":"sale","12":"shipping-taxable","13":"purchasable","14":"product-type-simple"},"yoast_head":"<!-- This site is optimized with the Yoast SEO plugin v24.6 - https:\/\/yoast.com\/wordpress\/plugins\/seo\/ -->\n<title>Bester Kassierer | owlbook | Product-Guide.org<\/title>\n<meta name=\"description\" content=\"Bester Kassierer | owlbook gefunden von Product-Guide.org\" \/>\n<meta name=\"robots\" content=\"index, follow, max-snippet:-1, max-image-preview:large, max-video-preview:-1\" \/>\n<link rel=\"canonical\" href=\"https:\/\/product-guide.org\/en\/produkt\/bester-kassierer-owlbook\/\" \/>\n<meta property=\"og:locale\" content=\"en_GB\" \/>\n<meta property=\"og:type\" content=\"article\" \/>\n<meta property=\"og:title\" content=\"Bester Kassierer | owlbook | Product-Guide.org\" \/>\n<meta property=\"og:description\" content=\"Bester Kassierer | owlbook gefunden von Product-Guide.org\" \/>\n<meta property=\"og:url\" content=\"https:\/\/product-guide.org\/en\/produkt\/bester-kassierer-owlbook\/\" \/>\n<meta property=\"og:site_name\" content=\"Product-Guide.org\" \/>\n<meta name=\"twitter:card\" content=\"summary_large_image\" \/>\n<script type=\"application\/ld+json\" class=\"yoast-schema-graph\">{\"@context\":\"https:\/\/schema.org\",\"@graph\":[{\"@type\":\"WebPage\",\"@id\":\"https:\/\/product-guide.org\/produkt\/bester-kassierer-owlbook\/\",\"url\":\"https:\/\/product-guide.org\/produkt\/bester-kassierer-owlbook\/\",\"name\":\"Bester Kassierer | owlbook | Product-Guide.org\",\"isPartOf\":{\"@id\":\"https:\/\/product-guide.org\/#website\"},\"primaryImageOfPage\":{\"@id\":\"https:\/\/product-guide.org\/produkt\/bester-kassierer-owlbook\/#primaryimage\"},\"image\":{\"@id\":\"https:\/\/product-guide.org\/produkt\/bester-kassierer-owlbook\/#primaryimage\"},\"thumbnailUrl\":\"https:\/\/product-guide.org\/wp-content\/uploads\/2025\/03\/TA_76C1_Bester_Kassierer_B1_94e94ce9-aab6-4ca5-82c4-3a3b7d0805aa_4472x4472-scaled.jpg\",\"datePublished\":\"2025-03-17T08:50:52+00:00\",\"description\":\"Bester Kassierer | owlbook gefunden von Product-Guide.org\",\"breadcrumb\":{\"@id\":\"https:\/\/product-guide.org\/produkt\/bester-kassierer-owlbook\/#breadcrumb\"},\"inLanguage\":\"en-GB\",\"potentialAction\":[{\"@type\":\"ReadAction\",\"target\":[\"https:\/\/product-guide.org\/produkt\/bester-kassierer-owlbook\/\"]}]},{\"@type\":\"ImageObject\",\"inLanguage\":\"en-GB\",\"@id\":\"https:\/\/product-guide.org\/produkt\/bester-kassierer-owlbook\/#primaryimage\",\"url\":\"https:\/\/product-guide.org\/wp-content\/uploads\/2025\/03\/TA_76C1_Bester_Kassierer_B1_94e94ce9-aab6-4ca5-82c4-3a3b7d0805aa_4472x4472-scaled.jpg\",\"contentUrl\":\"https:\/\/product-guide.org\/wp-content\/uploads\/2025\/03\/TA_76C1_Bester_Kassierer_B1_94e94ce9-aab6-4ca5-82c4-3a3b7d0805aa_4472x4472-scaled.jpg\",\"width\":2560,\"height\":2560},{\"@type\":\"BreadcrumbList\",\"@id\":\"https:\/\/product-guide.org\/produkt\/bester-kassierer-owlbook\/#breadcrumb\",\"itemListElement\":[{\"@type\":\"ListItem\",\"position\":1,\"name\":\"Home\",\"item\":\"https:\/\/product-guide.org\/\"},{\"@type\":\"ListItem\",\"position\":2,\"name\":\"Ergebnisse\",\"item\":\"https:\/\/product-guide.org\/de\/ergebnisse\/\"},{\"@type\":\"ListItem\",\"position\":3,\"name\":\"Bester Kassierer | owlbook\"}]},{\"@type\":\"WebSite\",\"@id\":\"https:\/\/product-guide.org\/#website\",\"url\":\"https:\/\/product-guide.org\/\",\"name\":\"Product-Guide.org\",\"description\":\"What Product are you looking for?\",\"publisher\":{\"@id\":\"https:\/\/product-guide.org\/#organization\"},\"potentialAction\":[{\"@type\":\"SearchAction\",\"target\":{\"@type\":\"EntryPoint\",\"urlTemplate\":\"https:\/\/product-guide.org\/?s={search_term_string}\"},\"query-input\":{\"@type\":\"PropertyValueSpecification\",\"valueRequired\":true,\"valueName\":\"search_term_string\"}}],\"inLanguage\":\"en-GB\"},{\"@type\":\"Organization\",\"@id\":\"https:\/\/product-guide.org\/#organization\",\"name\":\"Product-Guide.org\",\"url\":\"https:\/\/product-guide.org\/\",\"logo\":{\"@type\":\"ImageObject\",\"inLanguage\":\"en-GB\",\"@id\":\"https:\/\/product-guide.org\/#\/schema\/logo\/image\/\",\"url\":\"https:\/\/product-guide.org\/wp-content\/uploads\/2022\/07\/logo_transparent_background.png\",\"contentUrl\":\"https:\/\/product-guide.org\/wp-content\/uploads\/2022\/07\/logo_transparent_background.png\",\"width\":3400,\"height\":1132,\"caption\":\"Product-Guide.org\"},\"image\":{\"@id\":\"https:\/\/product-guide.org\/#\/schema\/logo\/image\/\"}}]}<\/script>\n<!-- \/ Yoast SEO plugin. -->","yoast_head_json":{"title":"Bester Kassierer | owlbook | Product-Guide.org","description":"Bester Kassierer | owlbook gefunden von Product-Guide.org","robots":{"index":"index","follow":"follow","max-snippet":"max-snippet:-1","max-image-preview":"max-image-preview:large","max-video-preview":"max-video-preview:-1"},"canonical":"https:\/\/product-guide.org\/en\/produkt\/bester-kassierer-owlbook\/","og_locale":"en_GB","og_type":"article","og_title":"Bester Kassierer | owlbook | Product-Guide.org","og_description":"Bester Kassierer | owlbook gefunden von Product-Guide.org","og_url":"https:\/\/product-guide.org\/en\/produkt\/bester-kassierer-owlbook\/","og_site_name":"Product-Guide.org","twitter_card":"summary_large_image","schema":{"@context":"https:\/\/schema.org","@graph":[{"@type":"WebPage","@id":"https:\/\/product-guide.org\/produkt\/bester-kassierer-owlbook\/","url":"https:\/\/product-guide.org\/produkt\/bester-kassierer-owlbook\/","name":"Bester Kassierer | owlbook | Product-Guide.org","isPartOf":{"@id":"https:\/\/product-guide.org\/#website"},"primaryImageOfPage":{"@id":"https:\/\/product-guide.org\/produkt\/bester-kassierer-owlbook\/#primaryimage"},"image":{"@id":"https:\/\/product-guide.org\/produkt\/bester-kassierer-owlbook\/#primaryimage"},"thumbnailUrl":"https:\/\/product-guide.org\/wp-content\/uploads\/2025\/03\/TA_76C1_Bester_Kassierer_B1_94e94ce9-aab6-4ca5-82c4-3a3b7d0805aa_4472x4472-scaled.jpg","datePublished":"2025-03-17T08:50:52+00:00","description":"Bester Kassierer | owlbook gefunden von Product-Guide.org","breadcrumb":{"@id":"https:\/\/product-guide.org\/produkt\/bester-kassierer-owlbook\/#breadcrumb"},"inLanguage":"en-GB","potentialAction":[{"@type":"ReadAction","target":["https:\/\/product-guide.org\/produkt\/bester-kassierer-owlbook\/"]}]},{"@type":"ImageObject","inLanguage":"en-GB","@id":"https:\/\/product-guide.org\/produkt\/bester-kassierer-owlbook\/#primaryimage","url":"https:\/\/product-guide.org\/wp-content\/uploads\/2025\/03\/TA_76C1_Bester_Kassierer_B1_94e94ce9-aab6-4ca5-82c4-3a3b7d0805aa_4472x4472-scaled.jpg","contentUrl":"https:\/\/product-guide.org\/wp-content\/uploads\/2025\/03\/TA_76C1_Bester_Kassierer_B1_94e94ce9-aab6-4ca5-82c4-3a3b7d0805aa_4472x4472-scaled.jpg","width":2560,"height":2560},{"@type":"BreadcrumbList","@id":"https:\/\/product-guide.org\/produkt\/bester-kassierer-owlbook\/#breadcrumb","itemListElement":[{"@type":"ListItem","position":1,"name":"Home","item":"https:\/\/product-guide.org\/"},{"@type":"ListItem","position":2,"name":"Ergebnisse","item":"https:\/\/product-guide.org\/de\/ergebnisse\/"},{"@type":"ListItem","position":3,"name":"Bester Kassierer | owlbook"}]},{"@type":"WebSite","@id":"https:\/\/product-guide.org\/#website","url":"https:\/\/product-guide.org\/","name":"Product-Guide.org","description":"What Product are you looking for?","publisher":{"@id":"https:\/\/product-guide.org\/#organization"},"potentialAction":[{"@type":"SearchAction","target":{"@type":"EntryPoint","urlTemplate":"https:\/\/product-guide.org\/?s={search_term_string}"},"query-input":{"@type":"PropertyValueSpecification","valueRequired":true,"valueName":"search_term_string"}}],"inLanguage":"en-GB"},{"@type":"Organization","@id":"https:\/\/product-guide.org\/#organization","name":"Product-Guide.org","url":"https:\/\/product-guide.org\/","logo":{"@type":"ImageObject","inLanguage":"en-GB","@id":"https:\/\/product-guide.org\/#\/schema\/logo\/image\/","url":"https:\/\/product-guide.org\/wp-content\/uploads\/2022\/07\/logo_transparent_background.png","contentUrl":"https:\/\/product-guide.org\/wp-content\/uploads\/2022\/07\/logo_transparent_background.png","width":3400,"height":1132,"caption":"Product-Guide.org"},"image":{"@id":"https:\/\/product-guide.org\/#\/schema\/logo\/image\/"}}]}},"_links":{"self":[{"href":"https:\/\/product-guide.org\/en\/wp-json\/wp\/v2\/product\/45761","targetHints":{"allow":["GET"]}}],"collection":[{"href":"https:\/\/product-guide.org\/en\/wp-json\/wp\/v2\/product"}],"about":[{"href":"https:\/\/product-guide.org\/en\/wp-json\/wp\/v2\/types\/product"}],"wp:featuredmedia":[{"embeddable":true,"href":"https:\/\/product-guide.org\/en\/wp-json\/wp\/v2\/media\/45760"}],"wp:attachment":[{"href":"https:\/\/product-guide.org\/en\/wp-json\/wp\/v2\/media?parent=45761"}],"wp:term":[{"taxonomy":"store","embeddable":true,"href":"https:\/\/product-guide.org\/en\/wp-json\/wp\/v2\/store?post=45761"},{"taxonomy":"product_brand","embeddable":true,"href":"https:\/\/product-guide.org\/en\/wp-json\/wp\/v2\/product_brand?post=45761"},{"taxonomy":"product_cat","embeddable":true,"href":"https:\/\/product-guide.org\/en\/wp-json\/wp\/v2\/product_cat?post=45761"},{"taxonomy":"product_tag","embeddable":true,"href":"https:\/\/product-guide.org\/en\/wp-json\/wp\/v2\/product_tag?post=45761"}],"curies":[{"name":"wp","href":"https:\/\/api.w.org\/{rel}","templated":true}]}}