{"id":45771,"date":"2025-03-17T09:51:13","date_gmt":"2025-03-17T08:51:13","guid":{"rendered":"https:\/\/product-guide.org\/produkt\/bester-arzt-owlbook-2\/"},"modified":"2025-03-17T09:51:13","modified_gmt":"2025-03-17T08:51:13","slug":"bester-arzt-owlbook-2","status":"publish","type":"product","link":"https:\/\/product-guide.org\/en\/produkt\/bester-arzt-owlbook-2\/","title":{"rendered":"Bester Arzt | owlbook"},"content":{"rendered":"<p>Bester Arzt Gro\u00dfe Kaffee-Tasse mit Spruch im Geschenkkarton Geschenke Geschenkideen f\u00fcr alle \u00c4rzte als Dankesch\u00f6n Du lagst l\u00e4nger im Krankenhaus oder bist oft beim Arzt Deines Vertrauens? Er hat immer ein offenes Ohr f\u00fcr Dich, hat Dich f\u00fchrsorglich behandelt und Dir immer ein L\u00e4cheln geschenkt. Dann sage doch einfach mal Danke!HOHE FARBBRILLANZ: Die liebevoll gestaltete Kaffeetasse besticht mit einer hohen Farbbrillanz und Langlebigkeit durch den hochwertigen Thermo-Transfer-Druck. Der Kaffee-Becher wird in einem h\u00fcbschen Geschenkkarton geliefert.SEHR PFLEGELEICHT &#038;, HOCHWERTIG: Die gro\u00dfe Tee-Tasse fasst 300 ml und ist durch die spezielle Beschichtung sp\u00fclmaschinengeeignet (bis zu 3500 Sp\u00fclg\u00e4nge), sehr pflegeleicht, kratzfest, Mikrowellen geeignet und sehr hochwertig verarbeitet.SCH\u00d6NE GESCHENKIDEE F\u00dcR ALLE LIEBEVOLLEN \u00c4RZTE: Das liebevoll gestaltete Produkt ist eine pers\u00f6nliche Geschenkidee f\u00fcr \u00c4rzte, um ihnen einfach mal Danke zu sagen. \u00dcberrasche einen lieben Menschen mit einem pers\u00f6nlichen Geschenk, das von Herzen kommt.100% ZUFRIEDENHEIT: Das Produkt wird mit viel Liebe in unserer Manufaktur in Deutschland in Handarbeit hergestellt. Die Qualit\u00e4t unserer Produkte liegt uns dabei sehr am Herzen. Solltest Du dennoch unzufrieden sein, erh\u00e4ltst Du Dein Geld zur\u00fcck!<\/p>\n","protected":false},"excerpt":{"rendered":"<p>Bester Arzt Gro\u00dfe Kaffee-Tasse mit Spruch im Geschenkkarton Geschenke Geschenkideen f\u00fcr alle \u00c4rzte als Dankesch\u00f6n Du lagst l\u00e4nger im Krankenhaus oder bist oft beim Arzt Deines Vertrauens? Er hat immer ein offenes Ohr f\u00fcr Dich, hat Dich f\u00fchrsorglich behandelt und Dir immer ein L\u00e4cheln geschenkt. Dann sage doch einfach mal Danke!HOHE FARBBRILLANZ: Die liebevoll gestaltete [&hellip;]<\/p>\n","protected":false},"featured_media":45770,"template":"","meta":{"_gspb_post_css":""},"store":[],"product_brand":[1311],"product_cat":[1290],"product_tag":[],"class_list":{"0":"post-45771","1":"product","2":"type-product","3":"status-publish","4":"has-post-thumbnail","6":"product_brand-owlbook","7":"product_cat-uncategorized","9":"first","10":"instock","11":"shipping-taxable","12":"purchasable","13":"product-type-simple"},"yoast_head":"<!-- This site is optimized with the Yoast SEO plugin v24.6 - https:\/\/yoast.com\/wordpress\/plugins\/seo\/ -->\n<title>Bester Arzt | owlbook | Product-Guide.org<\/title>\n<meta name=\"description\" content=\"Bester Arzt | owlbook gefunden von Product-Guide.org\" \/>\n<meta name=\"robots\" content=\"index, follow, max-snippet:-1, max-image-preview:large, max-video-preview:-1\" \/>\n<link rel=\"canonical\" href=\"https:\/\/product-guide.org\/en\/produkt\/bester-arzt-owlbook-2\/\" \/>\n<meta property=\"og:locale\" content=\"en_GB\" \/>\n<meta property=\"og:type\" content=\"article\" \/>\n<meta property=\"og:title\" content=\"Bester Arzt | owlbook | Product-Guide.org\" \/>\n<meta property=\"og:description\" content=\"Bester Arzt | owlbook gefunden von Product-Guide.org\" \/>\n<meta property=\"og:url\" content=\"https:\/\/product-guide.org\/en\/produkt\/bester-arzt-owlbook-2\/\" \/>\n<meta property=\"og:site_name\" content=\"Product-Guide.org\" \/>\n<meta name=\"twitter:card\" content=\"summary_large_image\" \/>\n<script type=\"application\/ld+json\" class=\"yoast-schema-graph\">{\"@context\":\"https:\/\/schema.org\",\"@graph\":[{\"@type\":\"WebPage\",\"@id\":\"https:\/\/product-guide.org\/produkt\/bester-arzt-owlbook-2\/\",\"url\":\"https:\/\/product-guide.org\/produkt\/bester-arzt-owlbook-2\/\",\"name\":\"Bester Arzt | owlbook | Product-Guide.org\",\"isPartOf\":{\"@id\":\"https:\/\/product-guide.org\/#website\"},\"primaryImageOfPage\":{\"@id\":\"https:\/\/product-guide.org\/produkt\/bester-arzt-owlbook-2\/#primaryimage\"},\"image\":{\"@id\":\"https:\/\/product-guide.org\/produkt\/bester-arzt-owlbook-2\/#primaryimage\"},\"thumbnailUrl\":\"https:\/\/product-guide.org\/wp-content\/uploads\/2025\/03\/TA_78C2_Bester_Arzt_B1_4472x4472-scaled.jpg\",\"datePublished\":\"2025-03-17T08:51:13+00:00\",\"description\":\"Bester Arzt | owlbook gefunden von Product-Guide.org\",\"breadcrumb\":{\"@id\":\"https:\/\/product-guide.org\/produkt\/bester-arzt-owlbook-2\/#breadcrumb\"},\"inLanguage\":\"en-GB\",\"potentialAction\":[{\"@type\":\"ReadAction\",\"target\":[\"https:\/\/product-guide.org\/produkt\/bester-arzt-owlbook-2\/\"]}]},{\"@type\":\"ImageObject\",\"inLanguage\":\"en-GB\",\"@id\":\"https:\/\/product-guide.org\/produkt\/bester-arzt-owlbook-2\/#primaryimage\",\"url\":\"https:\/\/product-guide.org\/wp-content\/uploads\/2025\/03\/TA_78C2_Bester_Arzt_B1_4472x4472-scaled.jpg\",\"contentUrl\":\"https:\/\/product-guide.org\/wp-content\/uploads\/2025\/03\/TA_78C2_Bester_Arzt_B1_4472x4472-scaled.jpg\",\"width\":2560,\"height\":2560},{\"@type\":\"BreadcrumbList\",\"@id\":\"https:\/\/product-guide.org\/produkt\/bester-arzt-owlbook-2\/#breadcrumb\",\"itemListElement\":[{\"@type\":\"ListItem\",\"position\":1,\"name\":\"Home\",\"item\":\"https:\/\/product-guide.org\/\"},{\"@type\":\"ListItem\",\"position\":2,\"name\":\"Ergebnisse\",\"item\":\"https:\/\/product-guide.org\/de\/ergebnisse\/\"},{\"@type\":\"ListItem\",\"position\":3,\"name\":\"Bester Arzt | owlbook\"}]},{\"@type\":\"WebSite\",\"@id\":\"https:\/\/product-guide.org\/#website\",\"url\":\"https:\/\/product-guide.org\/\",\"name\":\"Product-Guide.org\",\"description\":\"What Product are you looking for?\",\"publisher\":{\"@id\":\"https:\/\/product-guide.org\/#organization\"},\"potentialAction\":[{\"@type\":\"SearchAction\",\"target\":{\"@type\":\"EntryPoint\",\"urlTemplate\":\"https:\/\/product-guide.org\/?s={search_term_string}\"},\"query-input\":{\"@type\":\"PropertyValueSpecification\",\"valueRequired\":true,\"valueName\":\"search_term_string\"}}],\"inLanguage\":\"en-GB\"},{\"@type\":\"Organization\",\"@id\":\"https:\/\/product-guide.org\/#organization\",\"name\":\"Product-Guide.org\",\"url\":\"https:\/\/product-guide.org\/\",\"logo\":{\"@type\":\"ImageObject\",\"inLanguage\":\"en-GB\",\"@id\":\"https:\/\/product-guide.org\/#\/schema\/logo\/image\/\",\"url\":\"https:\/\/product-guide.org\/wp-content\/uploads\/2022\/07\/logo_transparent_background.png\",\"contentUrl\":\"https:\/\/product-guide.org\/wp-content\/uploads\/2022\/07\/logo_transparent_background.png\",\"width\":3400,\"height\":1132,\"caption\":\"Product-Guide.org\"},\"image\":{\"@id\":\"https:\/\/product-guide.org\/#\/schema\/logo\/image\/\"}}]}<\/script>\n<!-- \/ Yoast SEO plugin. -->","yoast_head_json":{"title":"Bester Arzt | owlbook | Product-Guide.org","description":"Bester Arzt | owlbook gefunden von Product-Guide.org","robots":{"index":"index","follow":"follow","max-snippet":"max-snippet:-1","max-image-preview":"max-image-preview:large","max-video-preview":"max-video-preview:-1"},"canonical":"https:\/\/product-guide.org\/en\/produkt\/bester-arzt-owlbook-2\/","og_locale":"en_GB","og_type":"article","og_title":"Bester Arzt | owlbook | Product-Guide.org","og_description":"Bester Arzt | owlbook gefunden von Product-Guide.org","og_url":"https:\/\/product-guide.org\/en\/produkt\/bester-arzt-owlbook-2\/","og_site_name":"Product-Guide.org","twitter_card":"summary_large_image","schema":{"@context":"https:\/\/schema.org","@graph":[{"@type":"WebPage","@id":"https:\/\/product-guide.org\/produkt\/bester-arzt-owlbook-2\/","url":"https:\/\/product-guide.org\/produkt\/bester-arzt-owlbook-2\/","name":"Bester Arzt | owlbook | Product-Guide.org","isPartOf":{"@id":"https:\/\/product-guide.org\/#website"},"primaryImageOfPage":{"@id":"https:\/\/product-guide.org\/produkt\/bester-arzt-owlbook-2\/#primaryimage"},"image":{"@id":"https:\/\/product-guide.org\/produkt\/bester-arzt-owlbook-2\/#primaryimage"},"thumbnailUrl":"https:\/\/product-guide.org\/wp-content\/uploads\/2025\/03\/TA_78C2_Bester_Arzt_B1_4472x4472-scaled.jpg","datePublished":"2025-03-17T08:51:13+00:00","description":"Bester Arzt | owlbook gefunden von Product-Guide.org","breadcrumb":{"@id":"https:\/\/product-guide.org\/produkt\/bester-arzt-owlbook-2\/#breadcrumb"},"inLanguage":"en-GB","potentialAction":[{"@type":"ReadAction","target":["https:\/\/product-guide.org\/produkt\/bester-arzt-owlbook-2\/"]}]},{"@type":"ImageObject","inLanguage":"en-GB","@id":"https:\/\/product-guide.org\/produkt\/bester-arzt-owlbook-2\/#primaryimage","url":"https:\/\/product-guide.org\/wp-content\/uploads\/2025\/03\/TA_78C2_Bester_Arzt_B1_4472x4472-scaled.jpg","contentUrl":"https:\/\/product-guide.org\/wp-content\/uploads\/2025\/03\/TA_78C2_Bester_Arzt_B1_4472x4472-scaled.jpg","width":2560,"height":2560},{"@type":"BreadcrumbList","@id":"https:\/\/product-guide.org\/produkt\/bester-arzt-owlbook-2\/#breadcrumb","itemListElement":[{"@type":"ListItem","position":1,"name":"Home","item":"https:\/\/product-guide.org\/"},{"@type":"ListItem","position":2,"name":"Ergebnisse","item":"https:\/\/product-guide.org\/de\/ergebnisse\/"},{"@type":"ListItem","position":3,"name":"Bester Arzt | owlbook"}]},{"@type":"WebSite","@id":"https:\/\/product-guide.org\/#website","url":"https:\/\/product-guide.org\/","name":"Product-Guide.org","description":"What Product are you looking for?","publisher":{"@id":"https:\/\/product-guide.org\/#organization"},"potentialAction":[{"@type":"SearchAction","target":{"@type":"EntryPoint","urlTemplate":"https:\/\/product-guide.org\/?s={search_term_string}"},"query-input":{"@type":"PropertyValueSpecification","valueRequired":true,"valueName":"search_term_string"}}],"inLanguage":"en-GB"},{"@type":"Organization","@id":"https:\/\/product-guide.org\/#organization","name":"Product-Guide.org","url":"https:\/\/product-guide.org\/","logo":{"@type":"ImageObject","inLanguage":"en-GB","@id":"https:\/\/product-guide.org\/#\/schema\/logo\/image\/","url":"https:\/\/product-guide.org\/wp-content\/uploads\/2022\/07\/logo_transparent_background.png","contentUrl":"https:\/\/product-guide.org\/wp-content\/uploads\/2022\/07\/logo_transparent_background.png","width":3400,"height":1132,"caption":"Product-Guide.org"},"image":{"@id":"https:\/\/product-guide.org\/#\/schema\/logo\/image\/"}}]}},"_links":{"self":[{"href":"https:\/\/product-guide.org\/en\/wp-json\/wp\/v2\/product\/45771","targetHints":{"allow":["GET"]}}],"collection":[{"href":"https:\/\/product-guide.org\/en\/wp-json\/wp\/v2\/product"}],"about":[{"href":"https:\/\/product-guide.org\/en\/wp-json\/wp\/v2\/types\/product"}],"wp:featuredmedia":[{"embeddable":true,"href":"https:\/\/product-guide.org\/en\/wp-json\/wp\/v2\/media\/45770"}],"wp:attachment":[{"href":"https:\/\/product-guide.org\/en\/wp-json\/wp\/v2\/media?parent=45771"}],"wp:term":[{"taxonomy":"store","embeddable":true,"href":"https:\/\/product-guide.org\/en\/wp-json\/wp\/v2\/store?post=45771"},{"taxonomy":"product_brand","embeddable":true,"href":"https:\/\/product-guide.org\/en\/wp-json\/wp\/v2\/product_brand?post=45771"},{"taxonomy":"product_cat","embeddable":true,"href":"https:\/\/product-guide.org\/en\/wp-json\/wp\/v2\/product_cat?post=45771"},{"taxonomy":"product_tag","embeddable":true,"href":"https:\/\/product-guide.org\/en\/wp-json\/wp\/v2\/product_tag?post=45771"}],"curies":[{"name":"wp","href":"https:\/\/api.w.org\/{rel}","templated":true}]}}