{"id":45837,"date":"2025-03-17T09:53:37","date_gmt":"2025-03-17T08:53:37","guid":{"rendered":"https:\/\/product-guide.org\/produkt\/beste-schwester-owlbook\/"},"modified":"2025-03-17T09:53:37","modified_gmt":"2025-03-17T08:53:37","slug":"beste-schwester-owlbook","status":"publish","type":"product","link":"https:\/\/product-guide.org\/en\/produkt\/beste-schwester-owlbook\/","title":{"rendered":"Beste Schwester | owlbook"},"content":{"rendered":"<p>Beste Schwester Gro\u00dfe Kaffee-Tasse mit Spruch im Geschenkkarton Personalisiert mit Namen Geschenke Geschenkideen f\u00fcr die Schwester zum Geburtstag Danksagung Sichere Dir jetzt dieses pers\u00f6nliche Geschenk f\u00fcr Deine Schwester! Du wirst sie damit garantiert zu Freudentr\u00e4nen r\u00fchren. VersprochenHOHE FARBBRILLANZ: Die liebevoll gestaltete Kaffeetasse besticht mit einer hohen Farbbrillanz und Langlebigkeit durch den hochwertigen Thermo-Transfer-Druck. Der Kaffee-Becher wird in einem h\u00fcbschen Geschenkkarton geliefert.SEHR PFLEGELEICHT &#038;, HOCHWERTIG: Die gro\u00dfe Tee-Tasse fasst 300 ml und ist durch die spezielle Beschichtung sp\u00fclmaschinengeeignet (bis zu 3500 Sp\u00fclg\u00e4nge), sehr pflegeleicht, kratzfest, Mikrowellen geeignet und sehr hochwertig verarbeitet.SCH\u00d6NE GESCHENKIDEE: Das liebevoll gestaltete Produkt ist eine sch\u00f6ne Geschenkidee zu Weihnachten oder zum Geburtstag. \u00dcberrasche Deine Schwester mit einem pers\u00f6nlichen Geschenk, das von Herzen kommt.100% ZUFRIEDENHEIT: Das Produkt wird mit viel Liebe in unserer Manufaktur in Deutschland in Handarbeit hergestellt. Die Qualit\u00e4t unserer Produkte liegt uns dabei sehr am Herzen. Solltest Du dennoch unzufrieden sein, erh\u00e4ltst Du Dein Geld zur\u00fcck!<\/p>\n","protected":false},"excerpt":{"rendered":"<p>Beste Schwester Gro\u00dfe Kaffee-Tasse mit Spruch im Geschenkkarton Personalisiert mit Namen Geschenke Geschenkideen f\u00fcr die Schwester zum Geburtstag Danksagung Sichere Dir jetzt dieses pers\u00f6nliche Geschenk f\u00fcr Deine Schwester! Du wirst sie damit garantiert zu Freudentr\u00e4nen r\u00fchren. VersprochenHOHE FARBBRILLANZ: Die liebevoll gestaltete Kaffeetasse besticht mit einer hohen Farbbrillanz und Langlebigkeit durch den hochwertigen Thermo-Transfer-Druck. Der Kaffee-Becher [&hellip;]<\/p>\n","protected":false},"featured_media":45836,"template":"","meta":{"_gspb_post_css":""},"store":[],"product_brand":[1311],"product_cat":[1290],"product_tag":[],"class_list":{"0":"post-45837","1":"product","2":"type-product","3":"status-publish","4":"has-post-thumbnail","6":"product_brand-owlbook","7":"product_cat-uncategorized","9":"first","10":"instock","11":"sale","12":"shipping-taxable","13":"purchasable","14":"product-type-simple"},"yoast_head":"<!-- This site is optimized with the Yoast SEO plugin v24.6 - https:\/\/yoast.com\/wordpress\/plugins\/seo\/ -->\n<title>Beste Schwester | owlbook | Product-Guide.org<\/title>\n<meta name=\"description\" content=\"Beste Schwester | owlbook gefunden von Product-Guide.org\" \/>\n<meta name=\"robots\" content=\"index, follow, max-snippet:-1, max-image-preview:large, max-video-preview:-1\" \/>\n<link rel=\"canonical\" href=\"https:\/\/product-guide.org\/en\/produkt\/beste-schwester-owlbook\/\" \/>\n<meta property=\"og:locale\" content=\"en_GB\" \/>\n<meta property=\"og:type\" content=\"article\" \/>\n<meta property=\"og:title\" content=\"Beste Schwester | owlbook | Product-Guide.org\" \/>\n<meta property=\"og:description\" content=\"Beste Schwester | owlbook gefunden von Product-Guide.org\" \/>\n<meta property=\"og:url\" content=\"https:\/\/product-guide.org\/en\/produkt\/beste-schwester-owlbook\/\" \/>\n<meta property=\"og:site_name\" content=\"Product-Guide.org\" \/>\n<meta name=\"twitter:card\" content=\"summary_large_image\" \/>\n<script type=\"application\/ld+json\" class=\"yoast-schema-graph\">{\"@context\":\"https:\/\/schema.org\",\"@graph\":[{\"@type\":\"WebPage\",\"@id\":\"https:\/\/product-guide.org\/produkt\/beste-schwester-owlbook\/\",\"url\":\"https:\/\/product-guide.org\/produkt\/beste-schwester-owlbook\/\",\"name\":\"Beste Schwester | owlbook | Product-Guide.org\",\"isPartOf\":{\"@id\":\"https:\/\/product-guide.org\/#website\"},\"primaryImageOfPage\":{\"@id\":\"https:\/\/product-guide.org\/produkt\/beste-schwester-owlbook\/#primaryimage\"},\"image\":{\"@id\":\"https:\/\/product-guide.org\/produkt\/beste-schwester-owlbook\/#primaryimage\"},\"thumbnailUrl\":\"https:\/\/product-guide.org\/wp-content\/uploads\/2025\/03\/TA_69C1_Beste_Schwester_B1_11e9973b-c2fe-463b-a3a4-026471b0b38c_4472x4472-scaled.jpg\",\"datePublished\":\"2025-03-17T08:53:37+00:00\",\"description\":\"Beste Schwester | owlbook gefunden von Product-Guide.org\",\"breadcrumb\":{\"@id\":\"https:\/\/product-guide.org\/produkt\/beste-schwester-owlbook\/#breadcrumb\"},\"inLanguage\":\"en-GB\",\"potentialAction\":[{\"@type\":\"ReadAction\",\"target\":[\"https:\/\/product-guide.org\/produkt\/beste-schwester-owlbook\/\"]}]},{\"@type\":\"ImageObject\",\"inLanguage\":\"en-GB\",\"@id\":\"https:\/\/product-guide.org\/produkt\/beste-schwester-owlbook\/#primaryimage\",\"url\":\"https:\/\/product-guide.org\/wp-content\/uploads\/2025\/03\/TA_69C1_Beste_Schwester_B1_11e9973b-c2fe-463b-a3a4-026471b0b38c_4472x4472-scaled.jpg\",\"contentUrl\":\"https:\/\/product-guide.org\/wp-content\/uploads\/2025\/03\/TA_69C1_Beste_Schwester_B1_11e9973b-c2fe-463b-a3a4-026471b0b38c_4472x4472-scaled.jpg\",\"width\":2560,\"height\":2560},{\"@type\":\"BreadcrumbList\",\"@id\":\"https:\/\/product-guide.org\/produkt\/beste-schwester-owlbook\/#breadcrumb\",\"itemListElement\":[{\"@type\":\"ListItem\",\"position\":1,\"name\":\"Home\",\"item\":\"https:\/\/product-guide.org\/\"},{\"@type\":\"ListItem\",\"position\":2,\"name\":\"Ergebnisse\",\"item\":\"https:\/\/product-guide.org\/de\/ergebnisse\/\"},{\"@type\":\"ListItem\",\"position\":3,\"name\":\"Beste Schwester | owlbook\"}]},{\"@type\":\"WebSite\",\"@id\":\"https:\/\/product-guide.org\/#website\",\"url\":\"https:\/\/product-guide.org\/\",\"name\":\"Product-Guide.org\",\"description\":\"What Product are you looking for?\",\"publisher\":{\"@id\":\"https:\/\/product-guide.org\/#organization\"},\"potentialAction\":[{\"@type\":\"SearchAction\",\"target\":{\"@type\":\"EntryPoint\",\"urlTemplate\":\"https:\/\/product-guide.org\/?s={search_term_string}\"},\"query-input\":{\"@type\":\"PropertyValueSpecification\",\"valueRequired\":true,\"valueName\":\"search_term_string\"}}],\"inLanguage\":\"en-GB\"},{\"@type\":\"Organization\",\"@id\":\"https:\/\/product-guide.org\/#organization\",\"name\":\"Product-Guide.org\",\"url\":\"https:\/\/product-guide.org\/\",\"logo\":{\"@type\":\"ImageObject\",\"inLanguage\":\"en-GB\",\"@id\":\"https:\/\/product-guide.org\/#\/schema\/logo\/image\/\",\"url\":\"https:\/\/product-guide.org\/wp-content\/uploads\/2022\/07\/logo_transparent_background.png\",\"contentUrl\":\"https:\/\/product-guide.org\/wp-content\/uploads\/2022\/07\/logo_transparent_background.png\",\"width\":3400,\"height\":1132,\"caption\":\"Product-Guide.org\"},\"image\":{\"@id\":\"https:\/\/product-guide.org\/#\/schema\/logo\/image\/\"}}]}<\/script>\n<!-- \/ Yoast SEO plugin. -->","yoast_head_json":{"title":"Beste Schwester | owlbook | Product-Guide.org","description":"Beste Schwester | owlbook gefunden von Product-Guide.org","robots":{"index":"index","follow":"follow","max-snippet":"max-snippet:-1","max-image-preview":"max-image-preview:large","max-video-preview":"max-video-preview:-1"},"canonical":"https:\/\/product-guide.org\/en\/produkt\/beste-schwester-owlbook\/","og_locale":"en_GB","og_type":"article","og_title":"Beste Schwester | owlbook | Product-Guide.org","og_description":"Beste Schwester | owlbook gefunden von Product-Guide.org","og_url":"https:\/\/product-guide.org\/en\/produkt\/beste-schwester-owlbook\/","og_site_name":"Product-Guide.org","twitter_card":"summary_large_image","schema":{"@context":"https:\/\/schema.org","@graph":[{"@type":"WebPage","@id":"https:\/\/product-guide.org\/produkt\/beste-schwester-owlbook\/","url":"https:\/\/product-guide.org\/produkt\/beste-schwester-owlbook\/","name":"Beste Schwester | owlbook | Product-Guide.org","isPartOf":{"@id":"https:\/\/product-guide.org\/#website"},"primaryImageOfPage":{"@id":"https:\/\/product-guide.org\/produkt\/beste-schwester-owlbook\/#primaryimage"},"image":{"@id":"https:\/\/product-guide.org\/produkt\/beste-schwester-owlbook\/#primaryimage"},"thumbnailUrl":"https:\/\/product-guide.org\/wp-content\/uploads\/2025\/03\/TA_69C1_Beste_Schwester_B1_11e9973b-c2fe-463b-a3a4-026471b0b38c_4472x4472-scaled.jpg","datePublished":"2025-03-17T08:53:37+00:00","description":"Beste Schwester | owlbook gefunden von Product-Guide.org","breadcrumb":{"@id":"https:\/\/product-guide.org\/produkt\/beste-schwester-owlbook\/#breadcrumb"},"inLanguage":"en-GB","potentialAction":[{"@type":"ReadAction","target":["https:\/\/product-guide.org\/produkt\/beste-schwester-owlbook\/"]}]},{"@type":"ImageObject","inLanguage":"en-GB","@id":"https:\/\/product-guide.org\/produkt\/beste-schwester-owlbook\/#primaryimage","url":"https:\/\/product-guide.org\/wp-content\/uploads\/2025\/03\/TA_69C1_Beste_Schwester_B1_11e9973b-c2fe-463b-a3a4-026471b0b38c_4472x4472-scaled.jpg","contentUrl":"https:\/\/product-guide.org\/wp-content\/uploads\/2025\/03\/TA_69C1_Beste_Schwester_B1_11e9973b-c2fe-463b-a3a4-026471b0b38c_4472x4472-scaled.jpg","width":2560,"height":2560},{"@type":"BreadcrumbList","@id":"https:\/\/product-guide.org\/produkt\/beste-schwester-owlbook\/#breadcrumb","itemListElement":[{"@type":"ListItem","position":1,"name":"Home","item":"https:\/\/product-guide.org\/"},{"@type":"ListItem","position":2,"name":"Ergebnisse","item":"https:\/\/product-guide.org\/de\/ergebnisse\/"},{"@type":"ListItem","position":3,"name":"Beste Schwester | owlbook"}]},{"@type":"WebSite","@id":"https:\/\/product-guide.org\/#website","url":"https:\/\/product-guide.org\/","name":"Product-Guide.org","description":"What Product are you looking for?","publisher":{"@id":"https:\/\/product-guide.org\/#organization"},"potentialAction":[{"@type":"SearchAction","target":{"@type":"EntryPoint","urlTemplate":"https:\/\/product-guide.org\/?s={search_term_string}"},"query-input":{"@type":"PropertyValueSpecification","valueRequired":true,"valueName":"search_term_string"}}],"inLanguage":"en-GB"},{"@type":"Organization","@id":"https:\/\/product-guide.org\/#organization","name":"Product-Guide.org","url":"https:\/\/product-guide.org\/","logo":{"@type":"ImageObject","inLanguage":"en-GB","@id":"https:\/\/product-guide.org\/#\/schema\/logo\/image\/","url":"https:\/\/product-guide.org\/wp-content\/uploads\/2022\/07\/logo_transparent_background.png","contentUrl":"https:\/\/product-guide.org\/wp-content\/uploads\/2022\/07\/logo_transparent_background.png","width":3400,"height":1132,"caption":"Product-Guide.org"},"image":{"@id":"https:\/\/product-guide.org\/#\/schema\/logo\/image\/"}}]}},"_links":{"self":[{"href":"https:\/\/product-guide.org\/en\/wp-json\/wp\/v2\/product\/45837","targetHints":{"allow":["GET"]}}],"collection":[{"href":"https:\/\/product-guide.org\/en\/wp-json\/wp\/v2\/product"}],"about":[{"href":"https:\/\/product-guide.org\/en\/wp-json\/wp\/v2\/types\/product"}],"wp:featuredmedia":[{"embeddable":true,"href":"https:\/\/product-guide.org\/en\/wp-json\/wp\/v2\/media\/45836"}],"wp:attachment":[{"href":"https:\/\/product-guide.org\/en\/wp-json\/wp\/v2\/media?parent=45837"}],"wp:term":[{"taxonomy":"store","embeddable":true,"href":"https:\/\/product-guide.org\/en\/wp-json\/wp\/v2\/store?post=45837"},{"taxonomy":"product_brand","embeddable":true,"href":"https:\/\/product-guide.org\/en\/wp-json\/wp\/v2\/product_brand?post=45837"},{"taxonomy":"product_cat","embeddable":true,"href":"https:\/\/product-guide.org\/en\/wp-json\/wp\/v2\/product_cat?post=45837"},{"taxonomy":"product_tag","embeddable":true,"href":"https:\/\/product-guide.org\/en\/wp-json\/wp\/v2\/product_tag?post=45837"}],"curies":[{"name":"wp","href":"https:\/\/api.w.org\/{rel}","templated":true}]}}