{"id":45846,"date":"2025-03-17T09:54:48","date_gmt":"2025-03-17T08:54:48","guid":{"rendered":"https:\/\/product-guide.org\/produkt\/2k-shield-diesel-lifetime-technologies\/"},"modified":"2025-03-17T09:54:48","modified_gmt":"2025-03-17T08:54:48","slug":"2k-shield-diesel-lifetime-technologies","status":"publish","type":"product","link":"https:\/\/product-guide.org\/en\/produkt\/2k-shield-diesel-lifetime-technologies\/","title":{"rendered":"2K SHIELD Diesel | Lifetime Technologies"},"content":{"rendered":"<p>Beschichten und gl\u00e4tten Sie die Reibfl\u00e4chen im Motor nachhaltig (Haltbarkeit ca. 60.000 km) und erreichen Sie zus\u00e4tzlich eine deutliche Reibungsverminderung mit den \u00d6l Additiven PRIMER und PERFORMER D. Diese zwei Motor\u00f6l-Zus\u00e4tze sind Komponenten der Lifetime 2K SHIELD Motorenbehandlung f\u00fcr Diesel Motoren. Wegen dem teuren und aufw\u00e4ndigen Produktionsverfahren ist die Produkt St\u00fcckzahl limitiert.<\/p>\n","protected":false},"excerpt":{"rendered":"<p>Beschichten und gl\u00e4tten Sie die Reibfl\u00e4chen im Motor nachhaltig (Haltbarkeit ca. 60.000 km) und erreichen Sie zus\u00e4tzlich eine deutliche Reibungsverminderung mit den \u00d6l Additiven PRIMER und PERFORMER D. Diese zwei Motor\u00f6l-Zus\u00e4tze sind Komponenten der Lifetime 2K SHIELD Motorenbehandlung f\u00fcr Diesel Motoren. Wegen dem teuren und aufw\u00e4ndigen Produktionsverfahren ist die Produkt St\u00fcckzahl limitiert.<\/p>\n","protected":false},"featured_media":45845,"template":"","meta":{"_gspb_post_css":""},"store":[],"product_brand":[1313],"product_cat":[1290],"product_tag":[],"class_list":{"0":"post-45846","1":"product","2":"type-product","3":"status-publish","4":"has-post-thumbnail","6":"product_brand-lifetime-technologies","7":"product_cat-uncategorized","9":"first","10":"instock","11":"shipping-taxable","12":"purchasable","13":"product-type-simple"},"yoast_head":"<!-- This site is optimized with the Yoast SEO plugin v24.6 - https:\/\/yoast.com\/wordpress\/plugins\/seo\/ -->\n<title>2K SHIELD Diesel | Lifetime Technologies | Product-Guide.org<\/title>\n<meta name=\"description\" content=\"2K SHIELD Diesel | Lifetime Technologies gefunden von Product-Guide.org\" \/>\n<meta name=\"robots\" content=\"index, follow, max-snippet:-1, max-image-preview:large, max-video-preview:-1\" \/>\n<link rel=\"canonical\" href=\"https:\/\/product-guide.org\/en\/produkt\/2k-shield-diesel-lifetime-technologies\/\" \/>\n<meta property=\"og:locale\" content=\"en_GB\" \/>\n<meta property=\"og:type\" content=\"article\" \/>\n<meta property=\"og:title\" content=\"2K SHIELD Diesel | Lifetime Technologies | Product-Guide.org\" \/>\n<meta property=\"og:description\" content=\"2K SHIELD Diesel | Lifetime Technologies gefunden von Product-Guide.org\" \/>\n<meta property=\"og:url\" content=\"https:\/\/product-guide.org\/en\/produkt\/2k-shield-diesel-lifetime-technologies\/\" \/>\n<meta property=\"og:site_name\" content=\"Product-Guide.org\" \/>\n<meta name=\"twitter:card\" content=\"summary_large_image\" \/>\n<script type=\"application\/ld+json\" class=\"yoast-schema-graph\">{\"@context\":\"https:\/\/schema.org\",\"@graph\":[{\"@type\":\"WebPage\",\"@id\":\"https:\/\/product-guide.org\/produkt\/2k-shield-diesel-lifetime-technologies\/\",\"url\":\"https:\/\/product-guide.org\/produkt\/2k-shield-diesel-lifetime-technologies\/\",\"name\":\"2K SHIELD Diesel | Lifetime Technologies | Product-Guide.org\",\"isPartOf\":{\"@id\":\"https:\/\/product-guide.org\/#website\"},\"primaryImageOfPage\":{\"@id\":\"https:\/\/product-guide.org\/produkt\/2k-shield-diesel-lifetime-technologies\/#primaryimage\"},\"image\":{\"@id\":\"https:\/\/product-guide.org\/produkt\/2k-shield-diesel-lifetime-technologies\/#primaryimage\"},\"thumbnailUrl\":\"https:\/\/product-guide.org\/wp-content\/uploads\/2025\/03\/2K_Shield_Diesel_1_700x.jpg\",\"datePublished\":\"2025-03-17T08:54:48+00:00\",\"description\":\"2K SHIELD Diesel | Lifetime Technologies gefunden von Product-Guide.org\",\"breadcrumb\":{\"@id\":\"https:\/\/product-guide.org\/produkt\/2k-shield-diesel-lifetime-technologies\/#breadcrumb\"},\"inLanguage\":\"en-GB\",\"potentialAction\":[{\"@type\":\"ReadAction\",\"target\":[\"https:\/\/product-guide.org\/produkt\/2k-shield-diesel-lifetime-technologies\/\"]}]},{\"@type\":\"ImageObject\",\"inLanguage\":\"en-GB\",\"@id\":\"https:\/\/product-guide.org\/produkt\/2k-shield-diesel-lifetime-technologies\/#primaryimage\",\"url\":\"https:\/\/product-guide.org\/wp-content\/uploads\/2025\/03\/2K_Shield_Diesel_1_700x.jpg\",\"contentUrl\":\"https:\/\/product-guide.org\/wp-content\/uploads\/2025\/03\/2K_Shield_Diesel_1_700x.jpg\",\"width\":700,\"height\":700},{\"@type\":\"BreadcrumbList\",\"@id\":\"https:\/\/product-guide.org\/produkt\/2k-shield-diesel-lifetime-technologies\/#breadcrumb\",\"itemListElement\":[{\"@type\":\"ListItem\",\"position\":1,\"name\":\"Home\",\"item\":\"https:\/\/product-guide.org\/\"},{\"@type\":\"ListItem\",\"position\":2,\"name\":\"Ergebnisse\",\"item\":\"https:\/\/product-guide.org\/de\/ergebnisse\/\"},{\"@type\":\"ListItem\",\"position\":3,\"name\":\"2K SHIELD Diesel | Lifetime Technologies\"}]},{\"@type\":\"WebSite\",\"@id\":\"https:\/\/product-guide.org\/#website\",\"url\":\"https:\/\/product-guide.org\/\",\"name\":\"Product-Guide.org\",\"description\":\"What Product are you looking for?\",\"publisher\":{\"@id\":\"https:\/\/product-guide.org\/#organization\"},\"potentialAction\":[{\"@type\":\"SearchAction\",\"target\":{\"@type\":\"EntryPoint\",\"urlTemplate\":\"https:\/\/product-guide.org\/?s={search_term_string}\"},\"query-input\":{\"@type\":\"PropertyValueSpecification\",\"valueRequired\":true,\"valueName\":\"search_term_string\"}}],\"inLanguage\":\"en-GB\"},{\"@type\":\"Organization\",\"@id\":\"https:\/\/product-guide.org\/#organization\",\"name\":\"Product-Guide.org\",\"url\":\"https:\/\/product-guide.org\/\",\"logo\":{\"@type\":\"ImageObject\",\"inLanguage\":\"en-GB\",\"@id\":\"https:\/\/product-guide.org\/#\/schema\/logo\/image\/\",\"url\":\"https:\/\/product-guide.org\/wp-content\/uploads\/2022\/07\/logo_transparent_background.png\",\"contentUrl\":\"https:\/\/product-guide.org\/wp-content\/uploads\/2022\/07\/logo_transparent_background.png\",\"width\":3400,\"height\":1132,\"caption\":\"Product-Guide.org\"},\"image\":{\"@id\":\"https:\/\/product-guide.org\/#\/schema\/logo\/image\/\"}}]}<\/script>\n<!-- \/ Yoast SEO plugin. -->","yoast_head_json":{"title":"2K SHIELD Diesel | Lifetime Technologies | Product-Guide.org","description":"2K SHIELD Diesel | Lifetime Technologies gefunden von Product-Guide.org","robots":{"index":"index","follow":"follow","max-snippet":"max-snippet:-1","max-image-preview":"max-image-preview:large","max-video-preview":"max-video-preview:-1"},"canonical":"https:\/\/product-guide.org\/en\/produkt\/2k-shield-diesel-lifetime-technologies\/","og_locale":"en_GB","og_type":"article","og_title":"2K SHIELD Diesel | Lifetime Technologies | Product-Guide.org","og_description":"2K SHIELD Diesel | Lifetime Technologies gefunden von Product-Guide.org","og_url":"https:\/\/product-guide.org\/en\/produkt\/2k-shield-diesel-lifetime-technologies\/","og_site_name":"Product-Guide.org","twitter_card":"summary_large_image","schema":{"@context":"https:\/\/schema.org","@graph":[{"@type":"WebPage","@id":"https:\/\/product-guide.org\/produkt\/2k-shield-diesel-lifetime-technologies\/","url":"https:\/\/product-guide.org\/produkt\/2k-shield-diesel-lifetime-technologies\/","name":"2K SHIELD Diesel | Lifetime Technologies | Product-Guide.org","isPartOf":{"@id":"https:\/\/product-guide.org\/#website"},"primaryImageOfPage":{"@id":"https:\/\/product-guide.org\/produkt\/2k-shield-diesel-lifetime-technologies\/#primaryimage"},"image":{"@id":"https:\/\/product-guide.org\/produkt\/2k-shield-diesel-lifetime-technologies\/#primaryimage"},"thumbnailUrl":"https:\/\/product-guide.org\/wp-content\/uploads\/2025\/03\/2K_Shield_Diesel_1_700x.jpg","datePublished":"2025-03-17T08:54:48+00:00","description":"2K SHIELD Diesel | Lifetime Technologies gefunden von Product-Guide.org","breadcrumb":{"@id":"https:\/\/product-guide.org\/produkt\/2k-shield-diesel-lifetime-technologies\/#breadcrumb"},"inLanguage":"en-GB","potentialAction":[{"@type":"ReadAction","target":["https:\/\/product-guide.org\/produkt\/2k-shield-diesel-lifetime-technologies\/"]}]},{"@type":"ImageObject","inLanguage":"en-GB","@id":"https:\/\/product-guide.org\/produkt\/2k-shield-diesel-lifetime-technologies\/#primaryimage","url":"https:\/\/product-guide.org\/wp-content\/uploads\/2025\/03\/2K_Shield_Diesel_1_700x.jpg","contentUrl":"https:\/\/product-guide.org\/wp-content\/uploads\/2025\/03\/2K_Shield_Diesel_1_700x.jpg","width":700,"height":700},{"@type":"BreadcrumbList","@id":"https:\/\/product-guide.org\/produkt\/2k-shield-diesel-lifetime-technologies\/#breadcrumb","itemListElement":[{"@type":"ListItem","position":1,"name":"Home","item":"https:\/\/product-guide.org\/"},{"@type":"ListItem","position":2,"name":"Ergebnisse","item":"https:\/\/product-guide.org\/de\/ergebnisse\/"},{"@type":"ListItem","position":3,"name":"2K SHIELD Diesel | Lifetime Technologies"}]},{"@type":"WebSite","@id":"https:\/\/product-guide.org\/#website","url":"https:\/\/product-guide.org\/","name":"Product-Guide.org","description":"What Product are you looking for?","publisher":{"@id":"https:\/\/product-guide.org\/#organization"},"potentialAction":[{"@type":"SearchAction","target":{"@type":"EntryPoint","urlTemplate":"https:\/\/product-guide.org\/?s={search_term_string}"},"query-input":{"@type":"PropertyValueSpecification","valueRequired":true,"valueName":"search_term_string"}}],"inLanguage":"en-GB"},{"@type":"Organization","@id":"https:\/\/product-guide.org\/#organization","name":"Product-Guide.org","url":"https:\/\/product-guide.org\/","logo":{"@type":"ImageObject","inLanguage":"en-GB","@id":"https:\/\/product-guide.org\/#\/schema\/logo\/image\/","url":"https:\/\/product-guide.org\/wp-content\/uploads\/2022\/07\/logo_transparent_background.png","contentUrl":"https:\/\/product-guide.org\/wp-content\/uploads\/2022\/07\/logo_transparent_background.png","width":3400,"height":1132,"caption":"Product-Guide.org"},"image":{"@id":"https:\/\/product-guide.org\/#\/schema\/logo\/image\/"}}]}},"_links":{"self":[{"href":"https:\/\/product-guide.org\/en\/wp-json\/wp\/v2\/product\/45846","targetHints":{"allow":["GET"]}}],"collection":[{"href":"https:\/\/product-guide.org\/en\/wp-json\/wp\/v2\/product"}],"about":[{"href":"https:\/\/product-guide.org\/en\/wp-json\/wp\/v2\/types\/product"}],"wp:featuredmedia":[{"embeddable":true,"href":"https:\/\/product-guide.org\/en\/wp-json\/wp\/v2\/media\/45845"}],"wp:attachment":[{"href":"https:\/\/product-guide.org\/en\/wp-json\/wp\/v2\/media?parent=45846"}],"wp:term":[{"taxonomy":"store","embeddable":true,"href":"https:\/\/product-guide.org\/en\/wp-json\/wp\/v2\/store?post=45846"},{"taxonomy":"product_brand","embeddable":true,"href":"https:\/\/product-guide.org\/en\/wp-json\/wp\/v2\/product_brand?post=45846"},{"taxonomy":"product_cat","embeddable":true,"href":"https:\/\/product-guide.org\/en\/wp-json\/wp\/v2\/product_cat?post=45846"},{"taxonomy":"product_tag","embeddable":true,"href":"https:\/\/product-guide.org\/en\/wp-json\/wp\/v2\/product_tag?post=45846"}],"curies":[{"name":"wp","href":"https:\/\/api.w.org\/{rel}","templated":true}]}}