{"id":45850,"date":"2025-03-17T09:54:53","date_gmt":"2025-03-17T08:54:53","guid":{"rendered":"https:\/\/product-guide.org\/produkt\/lifetime-diesel-system-reinigungs-kit-lifetime-technologies\/"},"modified":"2025-03-17T09:54:53","modified_gmt":"2025-03-17T08:54:53","slug":"lifetime-diesel-system-reinigungs-kit-lifetime-technologies","status":"publish","type":"product","link":"https:\/\/product-guide.org\/en\/produkt\/lifetime-diesel-system-reinigungs-kit-lifetime-technologies\/","title":{"rendered":"Lifetime Diesel-System Reinigungs-Kit | Lifetime Technologies"},"content":{"rendered":"<p>Lifetime SYSTEM CLEAN DIESEL reinigt das gesamte Dieselsystem und befreit den Motor von sch\u00e4dlichen Ablagerungen. Auf diese Weise kann der Motor wieder seine volle Leistungsf\u00e4higkeit entfalten. Zus\u00e4tzlich steigert Lifetime SYSTEM CLEAN DIESEL die Lagerstabilit\u00e4t des Kraftstoffs und beugt der Dieselpest vor. So verhindern Sie teure Folgesch\u00e4den und gew\u00e4hrleisten eine konsequent hohe Kraftstoffqualit\u00e4t f\u00fcr Ihren Motor. Lifetime Longlife DIESEL hingegen h\u00e4lt sowohl den Motor als auch den Abgasstrang sauber und vermindert dadurch verschmutzungsbedingten Verschlei\u00df. Zudem senkt Longlife DIESEL den Verbrauch um bis zu 3%. Zusammen bieten diese Produkte eine optimale L\u00f6sung, um Ihren Dieselpartikelfilter sauber und effizient zu halten. Enth\u00e4lt: 1x Longlife DIESEL &#8211; 250ml 1x SYSTEM CLEAN DIESEL &#8211; 400ml<\/p>\n","protected":false},"excerpt":{"rendered":"<p>Lifetime SYSTEM CLEAN DIESEL reinigt das gesamte Dieselsystem und befreit den Motor von sch\u00e4dlichen Ablagerungen. Auf diese Weise kann der Motor wieder seine volle Leistungsf\u00e4higkeit entfalten. Zus\u00e4tzlich steigert Lifetime SYSTEM CLEAN DIESEL die Lagerstabilit\u00e4t des Kraftstoffs und beugt der Dieselpest vor. So verhindern Sie teure Folgesch\u00e4den und gew\u00e4hrleisten eine konsequent hohe Kraftstoffqualit\u00e4t f\u00fcr Ihren Motor. [&hellip;]<\/p>\n","protected":false},"featured_media":45849,"template":"","meta":{"_gspb_post_css":""},"store":[],"product_brand":[1313],"product_cat":[1290],"product_tag":[],"class_list":{"0":"post-45850","1":"product","2":"type-product","3":"status-publish","4":"has-post-thumbnail","6":"product_brand-lifetime-technologies","7":"product_cat-uncategorized","9":"first","10":"instock","11":"sale","12":"shipping-taxable","13":"purchasable","14":"product-type-simple"},"yoast_head":"<!-- This site is optimized with the Yoast SEO plugin v24.6 - https:\/\/yoast.com\/wordpress\/plugins\/seo\/ -->\n<title>Lifetime Diesel-System Reinigungs-Kit | Lifetime Technologies | Product-Guide.org<\/title>\n<meta name=\"description\" content=\"Lifetime Diesel-System Reinigungs-Kit | Lifetime Technologies gefunden von Product-Guide.org\" \/>\n<meta name=\"robots\" content=\"index, follow, max-snippet:-1, max-image-preview:large, max-video-preview:-1\" \/>\n<link rel=\"canonical\" href=\"https:\/\/product-guide.org\/en\/produkt\/lifetime-diesel-system-reinigungs-kit-lifetime-technologies\/\" \/>\n<meta property=\"og:locale\" content=\"en_GB\" \/>\n<meta property=\"og:type\" content=\"article\" \/>\n<meta property=\"og:title\" content=\"Lifetime Diesel-System Reinigungs-Kit | Lifetime Technologies | Product-Guide.org\" \/>\n<meta property=\"og:description\" content=\"Lifetime Diesel-System Reinigungs-Kit | Lifetime Technologies gefunden von Product-Guide.org\" \/>\n<meta property=\"og:url\" content=\"https:\/\/product-guide.org\/en\/produkt\/lifetime-diesel-system-reinigungs-kit-lifetime-technologies\/\" \/>\n<meta property=\"og:site_name\" content=\"Product-Guide.org\" \/>\n<meta name=\"twitter:card\" content=\"summary_large_image\" \/>\n<script type=\"application\/ld+json\" class=\"yoast-schema-graph\">{\"@context\":\"https:\/\/schema.org\",\"@graph\":[{\"@type\":\"WebPage\",\"@id\":\"https:\/\/product-guide.org\/produkt\/lifetime-diesel-system-reinigungs-kit-lifetime-technologies\/\",\"url\":\"https:\/\/product-guide.org\/produkt\/lifetime-diesel-system-reinigungs-kit-lifetime-technologies\/\",\"name\":\"Lifetime Diesel-System Reinigungs-Kit | Lifetime Technologies | Product-Guide.org\",\"isPartOf\":{\"@id\":\"https:\/\/product-guide.org\/#website\"},\"primaryImageOfPage\":{\"@id\":\"https:\/\/product-guide.org\/produkt\/lifetime-diesel-system-reinigungs-kit-lifetime-technologies\/#primaryimage\"},\"image\":{\"@id\":\"https:\/\/product-guide.org\/produkt\/lifetime-diesel-system-reinigungs-kit-lifetime-technologies\/#primaryimage\"},\"thumbnailUrl\":\"https:\/\/product-guide.org\/wp-content\/uploads\/2025\/03\/1-9504-SCDK.jpg\",\"datePublished\":\"2025-03-17T08:54:53+00:00\",\"description\":\"Lifetime Diesel-System Reinigungs-Kit | Lifetime Technologies gefunden von Product-Guide.org\",\"breadcrumb\":{\"@id\":\"https:\/\/product-guide.org\/produkt\/lifetime-diesel-system-reinigungs-kit-lifetime-technologies\/#breadcrumb\"},\"inLanguage\":\"en-GB\",\"potentialAction\":[{\"@type\":\"ReadAction\",\"target\":[\"https:\/\/product-guide.org\/produkt\/lifetime-diesel-system-reinigungs-kit-lifetime-technologies\/\"]}]},{\"@type\":\"ImageObject\",\"inLanguage\":\"en-GB\",\"@id\":\"https:\/\/product-guide.org\/produkt\/lifetime-diesel-system-reinigungs-kit-lifetime-technologies\/#primaryimage\",\"url\":\"https:\/\/product-guide.org\/wp-content\/uploads\/2025\/03\/1-9504-SCDK.jpg\",\"contentUrl\":\"https:\/\/product-guide.org\/wp-content\/uploads\/2025\/03\/1-9504-SCDK.jpg\",\"width\":700,\"height\":700},{\"@type\":\"BreadcrumbList\",\"@id\":\"https:\/\/product-guide.org\/produkt\/lifetime-diesel-system-reinigungs-kit-lifetime-technologies\/#breadcrumb\",\"itemListElement\":[{\"@type\":\"ListItem\",\"position\":1,\"name\":\"Home\",\"item\":\"https:\/\/product-guide.org\/\"},{\"@type\":\"ListItem\",\"position\":2,\"name\":\"Ergebnisse\",\"item\":\"https:\/\/product-guide.org\/de\/ergebnisse\/\"},{\"@type\":\"ListItem\",\"position\":3,\"name\":\"Lifetime Diesel-System Reinigungs-Kit | Lifetime Technologies\"}]},{\"@type\":\"WebSite\",\"@id\":\"https:\/\/product-guide.org\/#website\",\"url\":\"https:\/\/product-guide.org\/\",\"name\":\"Product-Guide.org\",\"description\":\"What Product are you looking for?\",\"publisher\":{\"@id\":\"https:\/\/product-guide.org\/#organization\"},\"potentialAction\":[{\"@type\":\"SearchAction\",\"target\":{\"@type\":\"EntryPoint\",\"urlTemplate\":\"https:\/\/product-guide.org\/?s={search_term_string}\"},\"query-input\":{\"@type\":\"PropertyValueSpecification\",\"valueRequired\":true,\"valueName\":\"search_term_string\"}}],\"inLanguage\":\"en-GB\"},{\"@type\":\"Organization\",\"@id\":\"https:\/\/product-guide.org\/#organization\",\"name\":\"Product-Guide.org\",\"url\":\"https:\/\/product-guide.org\/\",\"logo\":{\"@type\":\"ImageObject\",\"inLanguage\":\"en-GB\",\"@id\":\"https:\/\/product-guide.org\/#\/schema\/logo\/image\/\",\"url\":\"https:\/\/product-guide.org\/wp-content\/uploads\/2022\/07\/logo_transparent_background.png\",\"contentUrl\":\"https:\/\/product-guide.org\/wp-content\/uploads\/2022\/07\/logo_transparent_background.png\",\"width\":3400,\"height\":1132,\"caption\":\"Product-Guide.org\"},\"image\":{\"@id\":\"https:\/\/product-guide.org\/#\/schema\/logo\/image\/\"}}]}<\/script>\n<!-- \/ Yoast SEO plugin. -->","yoast_head_json":{"title":"Lifetime Diesel-System Reinigungs-Kit | Lifetime Technologies | Product-Guide.org","description":"Lifetime Diesel-System Reinigungs-Kit | Lifetime Technologies gefunden von Product-Guide.org","robots":{"index":"index","follow":"follow","max-snippet":"max-snippet:-1","max-image-preview":"max-image-preview:large","max-video-preview":"max-video-preview:-1"},"canonical":"https:\/\/product-guide.org\/en\/produkt\/lifetime-diesel-system-reinigungs-kit-lifetime-technologies\/","og_locale":"en_GB","og_type":"article","og_title":"Lifetime Diesel-System Reinigungs-Kit | Lifetime Technologies | Product-Guide.org","og_description":"Lifetime Diesel-System Reinigungs-Kit | Lifetime Technologies gefunden von Product-Guide.org","og_url":"https:\/\/product-guide.org\/en\/produkt\/lifetime-diesel-system-reinigungs-kit-lifetime-technologies\/","og_site_name":"Product-Guide.org","twitter_card":"summary_large_image","schema":{"@context":"https:\/\/schema.org","@graph":[{"@type":"WebPage","@id":"https:\/\/product-guide.org\/produkt\/lifetime-diesel-system-reinigungs-kit-lifetime-technologies\/","url":"https:\/\/product-guide.org\/produkt\/lifetime-diesel-system-reinigungs-kit-lifetime-technologies\/","name":"Lifetime Diesel-System Reinigungs-Kit | Lifetime Technologies | Product-Guide.org","isPartOf":{"@id":"https:\/\/product-guide.org\/#website"},"primaryImageOfPage":{"@id":"https:\/\/product-guide.org\/produkt\/lifetime-diesel-system-reinigungs-kit-lifetime-technologies\/#primaryimage"},"image":{"@id":"https:\/\/product-guide.org\/produkt\/lifetime-diesel-system-reinigungs-kit-lifetime-technologies\/#primaryimage"},"thumbnailUrl":"https:\/\/product-guide.org\/wp-content\/uploads\/2025\/03\/1-9504-SCDK.jpg","datePublished":"2025-03-17T08:54:53+00:00","description":"Lifetime Diesel-System Reinigungs-Kit | Lifetime Technologies gefunden von Product-Guide.org","breadcrumb":{"@id":"https:\/\/product-guide.org\/produkt\/lifetime-diesel-system-reinigungs-kit-lifetime-technologies\/#breadcrumb"},"inLanguage":"en-GB","potentialAction":[{"@type":"ReadAction","target":["https:\/\/product-guide.org\/produkt\/lifetime-diesel-system-reinigungs-kit-lifetime-technologies\/"]}]},{"@type":"ImageObject","inLanguage":"en-GB","@id":"https:\/\/product-guide.org\/produkt\/lifetime-diesel-system-reinigungs-kit-lifetime-technologies\/#primaryimage","url":"https:\/\/product-guide.org\/wp-content\/uploads\/2025\/03\/1-9504-SCDK.jpg","contentUrl":"https:\/\/product-guide.org\/wp-content\/uploads\/2025\/03\/1-9504-SCDK.jpg","width":700,"height":700},{"@type":"BreadcrumbList","@id":"https:\/\/product-guide.org\/produkt\/lifetime-diesel-system-reinigungs-kit-lifetime-technologies\/#breadcrumb","itemListElement":[{"@type":"ListItem","position":1,"name":"Home","item":"https:\/\/product-guide.org\/"},{"@type":"ListItem","position":2,"name":"Ergebnisse","item":"https:\/\/product-guide.org\/de\/ergebnisse\/"},{"@type":"ListItem","position":3,"name":"Lifetime Diesel-System Reinigungs-Kit | Lifetime Technologies"}]},{"@type":"WebSite","@id":"https:\/\/product-guide.org\/#website","url":"https:\/\/product-guide.org\/","name":"Product-Guide.org","description":"What Product are you looking for?","publisher":{"@id":"https:\/\/product-guide.org\/#organization"},"potentialAction":[{"@type":"SearchAction","target":{"@type":"EntryPoint","urlTemplate":"https:\/\/product-guide.org\/?s={search_term_string}"},"query-input":{"@type":"PropertyValueSpecification","valueRequired":true,"valueName":"search_term_string"}}],"inLanguage":"en-GB"},{"@type":"Organization","@id":"https:\/\/product-guide.org\/#organization","name":"Product-Guide.org","url":"https:\/\/product-guide.org\/","logo":{"@type":"ImageObject","inLanguage":"en-GB","@id":"https:\/\/product-guide.org\/#\/schema\/logo\/image\/","url":"https:\/\/product-guide.org\/wp-content\/uploads\/2022\/07\/logo_transparent_background.png","contentUrl":"https:\/\/product-guide.org\/wp-content\/uploads\/2022\/07\/logo_transparent_background.png","width":3400,"height":1132,"caption":"Product-Guide.org"},"image":{"@id":"https:\/\/product-guide.org\/#\/schema\/logo\/image\/"}}]}},"_links":{"self":[{"href":"https:\/\/product-guide.org\/en\/wp-json\/wp\/v2\/product\/45850","targetHints":{"allow":["GET"]}}],"collection":[{"href":"https:\/\/product-guide.org\/en\/wp-json\/wp\/v2\/product"}],"about":[{"href":"https:\/\/product-guide.org\/en\/wp-json\/wp\/v2\/types\/product"}],"wp:featuredmedia":[{"embeddable":true,"href":"https:\/\/product-guide.org\/en\/wp-json\/wp\/v2\/media\/45849"}],"wp:attachment":[{"href":"https:\/\/product-guide.org\/en\/wp-json\/wp\/v2\/media?parent=45850"}],"wp:term":[{"taxonomy":"store","embeddable":true,"href":"https:\/\/product-guide.org\/en\/wp-json\/wp\/v2\/store?post=45850"},{"taxonomy":"product_brand","embeddable":true,"href":"https:\/\/product-guide.org\/en\/wp-json\/wp\/v2\/product_brand?post=45850"},{"taxonomy":"product_cat","embeddable":true,"href":"https:\/\/product-guide.org\/en\/wp-json\/wp\/v2\/product_cat?post=45850"},{"taxonomy":"product_tag","embeddable":true,"href":"https:\/\/product-guide.org\/en\/wp-json\/wp\/v2\/product_tag?post=45850"}],"curies":[{"name":"wp","href":"https:\/\/api.w.org\/{rel}","templated":true}]}}