{"id":45858,"date":"2025-03-17T09:55:02","date_gmt":"2025-03-17T08:55:02","guid":{"rendered":"https:\/\/product-guide.org\/produkt\/lifetime-benzin-einspritzdusen-reinigungs-kit-lifetime-technologies\/"},"modified":"2025-03-17T09:55:03","modified_gmt":"2025-03-17T08:55:03","slug":"lifetime-benzin-einspritzdusen-reinigungs-kit-lifetime-technologies","status":"publish","type":"product","link":"https:\/\/product-guide.org\/en\/produkt\/lifetime-benzin-einspritzdusen-reinigungs-kit-lifetime-technologies\/","title":{"rendered":"Lifetime Benzin-Einspritzd\u00fcsen Reinigungs-Kit | Lifetime Technologies"},"content":{"rendered":"<p>FUEL CLEAN ist ein Spezialreiniger, der die Einspritzd\u00fcsen sowie Vergaser von Benzinmotoren effektiv von Ablagerungen und Verschmutzungen befreit. Zudem sorgt Lifetime FUEL CLEAN f\u00fcr eine optimale Einspritzung des Kraftstoffes und verbessert somit die Leistung des Motors. Im Gegensatz zu anderen Produkten ist Lifetime FUEL CLEAN auch f\u00fcr die effektive Reinigung von Benzin-Direkteinspritzern (GDi) konzipiert. Longlife FUEL h\u00e4lt sowohl den Motor als auch den Abgasstrang sauber und vermindert dadurch verschmutzungsbedingten Verschlei\u00df. Zudem senkt Longlife FUEL den Verbrauch um bis zu 3%. Hochkonzentriert &#8211; 250 ml Longlife FUEL reicht f\u00fcr 250 Liter Sprit, sparen Sie so bis zu 50% im Vergleich zum Premiumkraftstoff von der Tankstelle. Ablagerungen und eine unsaubere Verbrennung kosten Leistung. Mit Longlife FUEL erhalten Sie die volle Leistung Ihres Benzinmotors und beugen effektiv Problemen vor. Enth\u00e4lt: 1x Longlife FUEL &#8211; 250ml 1x FUEL CLEAN &#8211; 400ml<\/p>\n","protected":false},"excerpt":{"rendered":"<p>FUEL CLEAN ist ein Spezialreiniger, der die Einspritzd\u00fcsen sowie Vergaser von Benzinmotoren effektiv von Ablagerungen und Verschmutzungen befreit. Zudem sorgt Lifetime FUEL CLEAN f\u00fcr eine optimale Einspritzung des Kraftstoffes und verbessert somit die Leistung des Motors. Im Gegensatz zu anderen Produkten ist Lifetime FUEL CLEAN auch f\u00fcr die effektive Reinigung von Benzin-Direkteinspritzern (GDi) konzipiert. Longlife [&hellip;]<\/p>\n","protected":false},"featured_media":45857,"template":"","meta":{"_gspb_post_css":""},"store":[],"product_brand":[1313],"product_cat":[1290],"product_tag":[],"class_list":{"0":"post-45858","1":"product","2":"type-product","3":"status-publish","4":"has-post-thumbnail","6":"product_brand-lifetime-technologies","7":"product_cat-uncategorized","9":"first","10":"instock","11":"sale","12":"shipping-taxable","13":"purchasable","14":"product-type-simple"},"yoast_head":"<!-- This site is optimized with the Yoast SEO plugin v24.6 - https:\/\/yoast.com\/wordpress\/plugins\/seo\/ -->\n<title>Lifetime Benzin-Einspritzd\u00fcsen Reinigungs-Kit | Lifetime Technologies | Product-Guide.org<\/title>\n<meta name=\"description\" content=\"Lifetime Benzin-Einspritzd\u00fcsen Reinigungs-Kit | Lifetime Technologies gefunden von Product-Guide.org\" \/>\n<meta name=\"robots\" content=\"index, follow, max-snippet:-1, max-image-preview:large, max-video-preview:-1\" \/>\n<link rel=\"canonical\" href=\"https:\/\/product-guide.org\/en\/produkt\/lifetime-benzin-einspritzdusen-reinigungs-kit-lifetime-technologies\/\" \/>\n<meta property=\"og:locale\" content=\"en_GB\" \/>\n<meta property=\"og:type\" content=\"article\" \/>\n<meta property=\"og:title\" content=\"Lifetime Benzin-Einspritzd\u00fcsen Reinigungs-Kit | Lifetime Technologies | Product-Guide.org\" \/>\n<meta property=\"og:description\" content=\"Lifetime Benzin-Einspritzd\u00fcsen Reinigungs-Kit | Lifetime Technologies gefunden von Product-Guide.org\" \/>\n<meta property=\"og:url\" content=\"https:\/\/product-guide.org\/en\/produkt\/lifetime-benzin-einspritzdusen-reinigungs-kit-lifetime-technologies\/\" \/>\n<meta property=\"og:site_name\" content=\"Product-Guide.org\" \/>\n<meta property=\"article:modified_time\" content=\"2025-03-17T08:55:03+00:00\" \/>\n<meta name=\"twitter:card\" content=\"summary_large_image\" \/>\n<script type=\"application\/ld+json\" class=\"yoast-schema-graph\">{\"@context\":\"https:\/\/schema.org\",\"@graph\":[{\"@type\":\"WebPage\",\"@id\":\"https:\/\/product-guide.org\/produkt\/lifetime-benzin-einspritzdusen-reinigungs-kit-lifetime-technologies\/\",\"url\":\"https:\/\/product-guide.org\/produkt\/lifetime-benzin-einspritzdusen-reinigungs-kit-lifetime-technologies\/\",\"name\":\"Lifetime Benzin-Einspritzd\u00fcsen Reinigungs-Kit | Lifetime Technologies | Product-Guide.org\",\"isPartOf\":{\"@id\":\"https:\/\/product-guide.org\/#website\"},\"primaryImageOfPage\":{\"@id\":\"https:\/\/product-guide.org\/produkt\/lifetime-benzin-einspritzdusen-reinigungs-kit-lifetime-technologies\/#primaryimage\"},\"image\":{\"@id\":\"https:\/\/product-guide.org\/produkt\/lifetime-benzin-einspritzdusen-reinigungs-kit-lifetime-technologies\/#primaryimage\"},\"thumbnailUrl\":\"https:\/\/product-guide.org\/wp-content\/uploads\/2025\/03\/1-9401_LFCK.jpg\",\"datePublished\":\"2025-03-17T08:55:02+00:00\",\"dateModified\":\"2025-03-17T08:55:03+00:00\",\"description\":\"Lifetime Benzin-Einspritzd\u00fcsen Reinigungs-Kit | Lifetime Technologies gefunden von Product-Guide.org\",\"breadcrumb\":{\"@id\":\"https:\/\/product-guide.org\/produkt\/lifetime-benzin-einspritzdusen-reinigungs-kit-lifetime-technologies\/#breadcrumb\"},\"inLanguage\":\"en-GB\",\"potentialAction\":[{\"@type\":\"ReadAction\",\"target\":[\"https:\/\/product-guide.org\/produkt\/lifetime-benzin-einspritzdusen-reinigungs-kit-lifetime-technologies\/\"]}]},{\"@type\":\"ImageObject\",\"inLanguage\":\"en-GB\",\"@id\":\"https:\/\/product-guide.org\/produkt\/lifetime-benzin-einspritzdusen-reinigungs-kit-lifetime-technologies\/#primaryimage\",\"url\":\"https:\/\/product-guide.org\/wp-content\/uploads\/2025\/03\/1-9401_LFCK.jpg\",\"contentUrl\":\"https:\/\/product-guide.org\/wp-content\/uploads\/2025\/03\/1-9401_LFCK.jpg\",\"width\":700,\"height\":700},{\"@type\":\"BreadcrumbList\",\"@id\":\"https:\/\/product-guide.org\/produkt\/lifetime-benzin-einspritzdusen-reinigungs-kit-lifetime-technologies\/#breadcrumb\",\"itemListElement\":[{\"@type\":\"ListItem\",\"position\":1,\"name\":\"Home\",\"item\":\"https:\/\/product-guide.org\/\"},{\"@type\":\"ListItem\",\"position\":2,\"name\":\"Ergebnisse\",\"item\":\"https:\/\/product-guide.org\/de\/ergebnisse\/\"},{\"@type\":\"ListItem\",\"position\":3,\"name\":\"Lifetime Benzin-Einspritzd\u00fcsen Reinigungs-Kit | Lifetime Technologies\"}]},{\"@type\":\"WebSite\",\"@id\":\"https:\/\/product-guide.org\/#website\",\"url\":\"https:\/\/product-guide.org\/\",\"name\":\"Product-Guide.org\",\"description\":\"What Product are you looking for?\",\"publisher\":{\"@id\":\"https:\/\/product-guide.org\/#organization\"},\"potentialAction\":[{\"@type\":\"SearchAction\",\"target\":{\"@type\":\"EntryPoint\",\"urlTemplate\":\"https:\/\/product-guide.org\/?s={search_term_string}\"},\"query-input\":{\"@type\":\"PropertyValueSpecification\",\"valueRequired\":true,\"valueName\":\"search_term_string\"}}],\"inLanguage\":\"en-GB\"},{\"@type\":\"Organization\",\"@id\":\"https:\/\/product-guide.org\/#organization\",\"name\":\"Product-Guide.org\",\"url\":\"https:\/\/product-guide.org\/\",\"logo\":{\"@type\":\"ImageObject\",\"inLanguage\":\"en-GB\",\"@id\":\"https:\/\/product-guide.org\/#\/schema\/logo\/image\/\",\"url\":\"https:\/\/product-guide.org\/wp-content\/uploads\/2022\/07\/logo_transparent_background.png\",\"contentUrl\":\"https:\/\/product-guide.org\/wp-content\/uploads\/2022\/07\/logo_transparent_background.png\",\"width\":3400,\"height\":1132,\"caption\":\"Product-Guide.org\"},\"image\":{\"@id\":\"https:\/\/product-guide.org\/#\/schema\/logo\/image\/\"}}]}<\/script>\n<!-- \/ Yoast SEO plugin. -->","yoast_head_json":{"title":"Lifetime Benzin-Einspritzd\u00fcsen Reinigungs-Kit | Lifetime Technologies | Product-Guide.org","description":"Lifetime Benzin-Einspritzd\u00fcsen Reinigungs-Kit | Lifetime Technologies gefunden von Product-Guide.org","robots":{"index":"index","follow":"follow","max-snippet":"max-snippet:-1","max-image-preview":"max-image-preview:large","max-video-preview":"max-video-preview:-1"},"canonical":"https:\/\/product-guide.org\/en\/produkt\/lifetime-benzin-einspritzdusen-reinigungs-kit-lifetime-technologies\/","og_locale":"en_GB","og_type":"article","og_title":"Lifetime Benzin-Einspritzd\u00fcsen Reinigungs-Kit | Lifetime Technologies | Product-Guide.org","og_description":"Lifetime Benzin-Einspritzd\u00fcsen Reinigungs-Kit | Lifetime Technologies gefunden von Product-Guide.org","og_url":"https:\/\/product-guide.org\/en\/produkt\/lifetime-benzin-einspritzdusen-reinigungs-kit-lifetime-technologies\/","og_site_name":"Product-Guide.org","article_modified_time":"2025-03-17T08:55:03+00:00","twitter_card":"summary_large_image","schema":{"@context":"https:\/\/schema.org","@graph":[{"@type":"WebPage","@id":"https:\/\/product-guide.org\/produkt\/lifetime-benzin-einspritzdusen-reinigungs-kit-lifetime-technologies\/","url":"https:\/\/product-guide.org\/produkt\/lifetime-benzin-einspritzdusen-reinigungs-kit-lifetime-technologies\/","name":"Lifetime Benzin-Einspritzd\u00fcsen Reinigungs-Kit | Lifetime Technologies | Product-Guide.org","isPartOf":{"@id":"https:\/\/product-guide.org\/#website"},"primaryImageOfPage":{"@id":"https:\/\/product-guide.org\/produkt\/lifetime-benzin-einspritzdusen-reinigungs-kit-lifetime-technologies\/#primaryimage"},"image":{"@id":"https:\/\/product-guide.org\/produkt\/lifetime-benzin-einspritzdusen-reinigungs-kit-lifetime-technologies\/#primaryimage"},"thumbnailUrl":"https:\/\/product-guide.org\/wp-content\/uploads\/2025\/03\/1-9401_LFCK.jpg","datePublished":"2025-03-17T08:55:02+00:00","dateModified":"2025-03-17T08:55:03+00:00","description":"Lifetime Benzin-Einspritzd\u00fcsen Reinigungs-Kit | Lifetime Technologies gefunden von Product-Guide.org","breadcrumb":{"@id":"https:\/\/product-guide.org\/produkt\/lifetime-benzin-einspritzdusen-reinigungs-kit-lifetime-technologies\/#breadcrumb"},"inLanguage":"en-GB","potentialAction":[{"@type":"ReadAction","target":["https:\/\/product-guide.org\/produkt\/lifetime-benzin-einspritzdusen-reinigungs-kit-lifetime-technologies\/"]}]},{"@type":"ImageObject","inLanguage":"en-GB","@id":"https:\/\/product-guide.org\/produkt\/lifetime-benzin-einspritzdusen-reinigungs-kit-lifetime-technologies\/#primaryimage","url":"https:\/\/product-guide.org\/wp-content\/uploads\/2025\/03\/1-9401_LFCK.jpg","contentUrl":"https:\/\/product-guide.org\/wp-content\/uploads\/2025\/03\/1-9401_LFCK.jpg","width":700,"height":700},{"@type":"BreadcrumbList","@id":"https:\/\/product-guide.org\/produkt\/lifetime-benzin-einspritzdusen-reinigungs-kit-lifetime-technologies\/#breadcrumb","itemListElement":[{"@type":"ListItem","position":1,"name":"Home","item":"https:\/\/product-guide.org\/"},{"@type":"ListItem","position":2,"name":"Ergebnisse","item":"https:\/\/product-guide.org\/de\/ergebnisse\/"},{"@type":"ListItem","position":3,"name":"Lifetime Benzin-Einspritzd\u00fcsen Reinigungs-Kit | Lifetime Technologies"}]},{"@type":"WebSite","@id":"https:\/\/product-guide.org\/#website","url":"https:\/\/product-guide.org\/","name":"Product-Guide.org","description":"What Product are you looking for?","publisher":{"@id":"https:\/\/product-guide.org\/#organization"},"potentialAction":[{"@type":"SearchAction","target":{"@type":"EntryPoint","urlTemplate":"https:\/\/product-guide.org\/?s={search_term_string}"},"query-input":{"@type":"PropertyValueSpecification","valueRequired":true,"valueName":"search_term_string"}}],"inLanguage":"en-GB"},{"@type":"Organization","@id":"https:\/\/product-guide.org\/#organization","name":"Product-Guide.org","url":"https:\/\/product-guide.org\/","logo":{"@type":"ImageObject","inLanguage":"en-GB","@id":"https:\/\/product-guide.org\/#\/schema\/logo\/image\/","url":"https:\/\/product-guide.org\/wp-content\/uploads\/2022\/07\/logo_transparent_background.png","contentUrl":"https:\/\/product-guide.org\/wp-content\/uploads\/2022\/07\/logo_transparent_background.png","width":3400,"height":1132,"caption":"Product-Guide.org"},"image":{"@id":"https:\/\/product-guide.org\/#\/schema\/logo\/image\/"}}]}},"_links":{"self":[{"href":"https:\/\/product-guide.org\/en\/wp-json\/wp\/v2\/product\/45858","targetHints":{"allow":["GET"]}}],"collection":[{"href":"https:\/\/product-guide.org\/en\/wp-json\/wp\/v2\/product"}],"about":[{"href":"https:\/\/product-guide.org\/en\/wp-json\/wp\/v2\/types\/product"}],"wp:featuredmedia":[{"embeddable":true,"href":"https:\/\/product-guide.org\/en\/wp-json\/wp\/v2\/media\/45857"}],"wp:attachment":[{"href":"https:\/\/product-guide.org\/en\/wp-json\/wp\/v2\/media?parent=45858"}],"wp:term":[{"taxonomy":"store","embeddable":true,"href":"https:\/\/product-guide.org\/en\/wp-json\/wp\/v2\/store?post=45858"},{"taxonomy":"product_brand","embeddable":true,"href":"https:\/\/product-guide.org\/en\/wp-json\/wp\/v2\/product_brand?post=45858"},{"taxonomy":"product_cat","embeddable":true,"href":"https:\/\/product-guide.org\/en\/wp-json\/wp\/v2\/product_cat?post=45858"},{"taxonomy":"product_tag","embeddable":true,"href":"https:\/\/product-guide.org\/en\/wp-json\/wp\/v2\/product_tag?post=45858"}],"curies":[{"name":"wp","href":"https:\/\/api.w.org\/{rel}","templated":true}]}}