{"id":45862,"date":"2025-03-17T09:55:08","date_gmt":"2025-03-17T08:55:08","guid":{"rendered":"https:\/\/product-guide.org\/produkt\/diesel-additiv-longlife-diesel-500ml-lifetime-technologies\/"},"modified":"2025-03-17T09:55:08","modified_gmt":"2025-03-17T08:55:08","slug":"diesel-additiv-longlife-diesel-500ml-lifetime-technologies","status":"publish","type":"product","link":"https:\/\/product-guide.org\/en\/produkt\/diesel-additiv-longlife-diesel-500ml-lifetime-technologies\/","title":{"rendered":"Diesel Additiv Longlife DIESEL &#8211; 500ml | Lifetime Technologies"},"content":{"rendered":"<p>Ein mit Longlife DIESEL optimierter Kraftstoff verbrennt vollst\u00e4ndiger und sauberer. Damit vermindern wir die Verschmutzung des Motors und des Motor\u00f6ls. Durch die saubere Verbrennung mit unserem Diesel Additiv (bis zu 30% weniger Ru\u00df) k\u00f6nnen Sie verhindern, dass sich Ru\u00df und Verbrennungsr\u00fcckst\u00e4nde in der Ansaugung des Motors und dem Abgasr\u00fcckf\u00fchrungsventil ablagern.<\/p>\n","protected":false},"excerpt":{"rendered":"<p>Ein mit Longlife DIESEL optimierter Kraftstoff verbrennt vollst\u00e4ndiger und sauberer. Damit vermindern wir die Verschmutzung des Motors und des Motor\u00f6ls. Durch die saubere Verbrennung mit unserem Diesel Additiv (bis zu 30% weniger Ru\u00df) k\u00f6nnen Sie verhindern, dass sich Ru\u00df und Verbrennungsr\u00fcckst\u00e4nde in der Ansaugung des Motors und dem Abgasr\u00fcckf\u00fchrungsventil ablagern.<\/p>\n","protected":false},"featured_media":45861,"template":"","meta":{"_gspb_post_css":""},"store":[],"product_brand":[1313],"product_cat":[1290],"product_tag":[],"class_list":{"0":"post-45862","1":"product","2":"type-product","3":"status-publish","4":"has-post-thumbnail","6":"product_brand-lifetime-technologies","7":"product_cat-uncategorized","9":"first","10":"instock","11":"shipping-taxable","12":"purchasable","13":"product-type-simple"},"yoast_head":"<!-- This site is optimized with the Yoast SEO plugin v24.6 - https:\/\/yoast.com\/wordpress\/plugins\/seo\/ -->\n<title>Diesel Additiv Longlife DIESEL - 500ml | Lifetime Technologies | Product-Guide.org<\/title>\n<meta name=\"description\" content=\"Diesel Additiv Longlife DIESEL - 500ml | Lifetime Technologies gefunden von Product-Guide.org\" \/>\n<meta name=\"robots\" content=\"index, follow, max-snippet:-1, max-image-preview:large, max-video-preview:-1\" \/>\n<link rel=\"canonical\" href=\"https:\/\/product-guide.org\/en\/produkt\/diesel-additiv-longlife-diesel-500ml-lifetime-technologies\/\" \/>\n<meta property=\"og:locale\" content=\"en_GB\" \/>\n<meta property=\"og:type\" content=\"article\" \/>\n<meta property=\"og:title\" content=\"Diesel Additiv Longlife DIESEL - 500ml | Lifetime Technologies | Product-Guide.org\" \/>\n<meta property=\"og:description\" content=\"Diesel Additiv Longlife DIESEL - 500ml | Lifetime Technologies gefunden von Product-Guide.org\" \/>\n<meta property=\"og:url\" content=\"https:\/\/product-guide.org\/en\/produkt\/diesel-additiv-longlife-diesel-500ml-lifetime-technologies\/\" \/>\n<meta property=\"og:site_name\" content=\"Product-Guide.org\" \/>\n<meta name=\"twitter:card\" content=\"summary_large_image\" \/>\n<script type=\"application\/ld+json\" class=\"yoast-schema-graph\">{\"@context\":\"https:\/\/schema.org\",\"@graph\":[{\"@type\":\"WebPage\",\"@id\":\"https:\/\/product-guide.org\/produkt\/diesel-additiv-longlife-diesel-500ml-lifetime-technologies\/\",\"url\":\"https:\/\/product-guide.org\/produkt\/diesel-additiv-longlife-diesel-500ml-lifetime-technologies\/\",\"name\":\"Diesel Additiv Longlife DIESEL - 500ml | Lifetime Technologies | Product-Guide.org\",\"isPartOf\":{\"@id\":\"https:\/\/product-guide.org\/#website\"},\"primaryImageOfPage\":{\"@id\":\"https:\/\/product-guide.org\/produkt\/diesel-additiv-longlife-diesel-500ml-lifetime-technologies\/#primaryimage\"},\"image\":{\"@id\":\"https:\/\/product-guide.org\/produkt\/diesel-additiv-longlife-diesel-500ml-lifetime-technologies\/#primaryimage\"},\"thumbnailUrl\":\"https:\/\/product-guide.org\/wp-content\/uploads\/2025\/03\/1_1Lifetime_Longlife_DIESEL_500ml.png\",\"datePublished\":\"2025-03-17T08:55:08+00:00\",\"description\":\"Diesel Additiv Longlife DIESEL - 500ml | Lifetime Technologies gefunden von Product-Guide.org\",\"breadcrumb\":{\"@id\":\"https:\/\/product-guide.org\/produkt\/diesel-additiv-longlife-diesel-500ml-lifetime-technologies\/#breadcrumb\"},\"inLanguage\":\"en-GB\",\"potentialAction\":[{\"@type\":\"ReadAction\",\"target\":[\"https:\/\/product-guide.org\/produkt\/diesel-additiv-longlife-diesel-500ml-lifetime-technologies\/\"]}]},{\"@type\":\"ImageObject\",\"inLanguage\":\"en-GB\",\"@id\":\"https:\/\/product-guide.org\/produkt\/diesel-additiv-longlife-diesel-500ml-lifetime-technologies\/#primaryimage\",\"url\":\"https:\/\/product-guide.org\/wp-content\/uploads\/2025\/03\/1_1Lifetime_Longlife_DIESEL_500ml.png\",\"contentUrl\":\"https:\/\/product-guide.org\/wp-content\/uploads\/2025\/03\/1_1Lifetime_Longlife_DIESEL_500ml.png\",\"width\":700,\"height\":700},{\"@type\":\"BreadcrumbList\",\"@id\":\"https:\/\/product-guide.org\/produkt\/diesel-additiv-longlife-diesel-500ml-lifetime-technologies\/#breadcrumb\",\"itemListElement\":[{\"@type\":\"ListItem\",\"position\":1,\"name\":\"Home\",\"item\":\"https:\/\/product-guide.org\/\"},{\"@type\":\"ListItem\",\"position\":2,\"name\":\"Ergebnisse\",\"item\":\"https:\/\/product-guide.org\/de\/ergebnisse\/\"},{\"@type\":\"ListItem\",\"position\":3,\"name\":\"Diesel Additiv Longlife DIESEL &#8211; 500ml | Lifetime Technologies\"}]},{\"@type\":\"WebSite\",\"@id\":\"https:\/\/product-guide.org\/#website\",\"url\":\"https:\/\/product-guide.org\/\",\"name\":\"Product-Guide.org\",\"description\":\"What Product are you looking for?\",\"publisher\":{\"@id\":\"https:\/\/product-guide.org\/#organization\"},\"potentialAction\":[{\"@type\":\"SearchAction\",\"target\":{\"@type\":\"EntryPoint\",\"urlTemplate\":\"https:\/\/product-guide.org\/?s={search_term_string}\"},\"query-input\":{\"@type\":\"PropertyValueSpecification\",\"valueRequired\":true,\"valueName\":\"search_term_string\"}}],\"inLanguage\":\"en-GB\"},{\"@type\":\"Organization\",\"@id\":\"https:\/\/product-guide.org\/#organization\",\"name\":\"Product-Guide.org\",\"url\":\"https:\/\/product-guide.org\/\",\"logo\":{\"@type\":\"ImageObject\",\"inLanguage\":\"en-GB\",\"@id\":\"https:\/\/product-guide.org\/#\/schema\/logo\/image\/\",\"url\":\"https:\/\/product-guide.org\/wp-content\/uploads\/2022\/07\/logo_transparent_background.png\",\"contentUrl\":\"https:\/\/product-guide.org\/wp-content\/uploads\/2022\/07\/logo_transparent_background.png\",\"width\":3400,\"height\":1132,\"caption\":\"Product-Guide.org\"},\"image\":{\"@id\":\"https:\/\/product-guide.org\/#\/schema\/logo\/image\/\"}}]}<\/script>\n<!-- \/ Yoast SEO plugin. -->","yoast_head_json":{"title":"Diesel Additiv Longlife DIESEL - 500ml | Lifetime Technologies | Product-Guide.org","description":"Diesel Additiv Longlife DIESEL - 500ml | Lifetime Technologies gefunden von Product-Guide.org","robots":{"index":"index","follow":"follow","max-snippet":"max-snippet:-1","max-image-preview":"max-image-preview:large","max-video-preview":"max-video-preview:-1"},"canonical":"https:\/\/product-guide.org\/en\/produkt\/diesel-additiv-longlife-diesel-500ml-lifetime-technologies\/","og_locale":"en_GB","og_type":"article","og_title":"Diesel Additiv Longlife DIESEL - 500ml | Lifetime Technologies | Product-Guide.org","og_description":"Diesel Additiv Longlife DIESEL - 500ml | Lifetime Technologies gefunden von Product-Guide.org","og_url":"https:\/\/product-guide.org\/en\/produkt\/diesel-additiv-longlife-diesel-500ml-lifetime-technologies\/","og_site_name":"Product-Guide.org","twitter_card":"summary_large_image","schema":{"@context":"https:\/\/schema.org","@graph":[{"@type":"WebPage","@id":"https:\/\/product-guide.org\/produkt\/diesel-additiv-longlife-diesel-500ml-lifetime-technologies\/","url":"https:\/\/product-guide.org\/produkt\/diesel-additiv-longlife-diesel-500ml-lifetime-technologies\/","name":"Diesel Additiv Longlife DIESEL - 500ml | Lifetime Technologies | Product-Guide.org","isPartOf":{"@id":"https:\/\/product-guide.org\/#website"},"primaryImageOfPage":{"@id":"https:\/\/product-guide.org\/produkt\/diesel-additiv-longlife-diesel-500ml-lifetime-technologies\/#primaryimage"},"image":{"@id":"https:\/\/product-guide.org\/produkt\/diesel-additiv-longlife-diesel-500ml-lifetime-technologies\/#primaryimage"},"thumbnailUrl":"https:\/\/product-guide.org\/wp-content\/uploads\/2025\/03\/1_1Lifetime_Longlife_DIESEL_500ml.png","datePublished":"2025-03-17T08:55:08+00:00","description":"Diesel Additiv Longlife DIESEL - 500ml | Lifetime Technologies gefunden von Product-Guide.org","breadcrumb":{"@id":"https:\/\/product-guide.org\/produkt\/diesel-additiv-longlife-diesel-500ml-lifetime-technologies\/#breadcrumb"},"inLanguage":"en-GB","potentialAction":[{"@type":"ReadAction","target":["https:\/\/product-guide.org\/produkt\/diesel-additiv-longlife-diesel-500ml-lifetime-technologies\/"]}]},{"@type":"ImageObject","inLanguage":"en-GB","@id":"https:\/\/product-guide.org\/produkt\/diesel-additiv-longlife-diesel-500ml-lifetime-technologies\/#primaryimage","url":"https:\/\/product-guide.org\/wp-content\/uploads\/2025\/03\/1_1Lifetime_Longlife_DIESEL_500ml.png","contentUrl":"https:\/\/product-guide.org\/wp-content\/uploads\/2025\/03\/1_1Lifetime_Longlife_DIESEL_500ml.png","width":700,"height":700},{"@type":"BreadcrumbList","@id":"https:\/\/product-guide.org\/produkt\/diesel-additiv-longlife-diesel-500ml-lifetime-technologies\/#breadcrumb","itemListElement":[{"@type":"ListItem","position":1,"name":"Home","item":"https:\/\/product-guide.org\/"},{"@type":"ListItem","position":2,"name":"Ergebnisse","item":"https:\/\/product-guide.org\/de\/ergebnisse\/"},{"@type":"ListItem","position":3,"name":"Diesel Additiv Longlife DIESEL &#8211; 500ml | Lifetime Technologies"}]},{"@type":"WebSite","@id":"https:\/\/product-guide.org\/#website","url":"https:\/\/product-guide.org\/","name":"Product-Guide.org","description":"What Product are you looking for?","publisher":{"@id":"https:\/\/product-guide.org\/#organization"},"potentialAction":[{"@type":"SearchAction","target":{"@type":"EntryPoint","urlTemplate":"https:\/\/product-guide.org\/?s={search_term_string}"},"query-input":{"@type":"PropertyValueSpecification","valueRequired":true,"valueName":"search_term_string"}}],"inLanguage":"en-GB"},{"@type":"Organization","@id":"https:\/\/product-guide.org\/#organization","name":"Product-Guide.org","url":"https:\/\/product-guide.org\/","logo":{"@type":"ImageObject","inLanguage":"en-GB","@id":"https:\/\/product-guide.org\/#\/schema\/logo\/image\/","url":"https:\/\/product-guide.org\/wp-content\/uploads\/2022\/07\/logo_transparent_background.png","contentUrl":"https:\/\/product-guide.org\/wp-content\/uploads\/2022\/07\/logo_transparent_background.png","width":3400,"height":1132,"caption":"Product-Guide.org"},"image":{"@id":"https:\/\/product-guide.org\/#\/schema\/logo\/image\/"}}]}},"_links":{"self":[{"href":"https:\/\/product-guide.org\/en\/wp-json\/wp\/v2\/product\/45862","targetHints":{"allow":["GET"]}}],"collection":[{"href":"https:\/\/product-guide.org\/en\/wp-json\/wp\/v2\/product"}],"about":[{"href":"https:\/\/product-guide.org\/en\/wp-json\/wp\/v2\/types\/product"}],"wp:featuredmedia":[{"embeddable":true,"href":"https:\/\/product-guide.org\/en\/wp-json\/wp\/v2\/media\/45861"}],"wp:attachment":[{"href":"https:\/\/product-guide.org\/en\/wp-json\/wp\/v2\/media?parent=45862"}],"wp:term":[{"taxonomy":"store","embeddable":true,"href":"https:\/\/product-guide.org\/en\/wp-json\/wp\/v2\/store?post=45862"},{"taxonomy":"product_brand","embeddable":true,"href":"https:\/\/product-guide.org\/en\/wp-json\/wp\/v2\/product_brand?post=45862"},{"taxonomy":"product_cat","embeddable":true,"href":"https:\/\/product-guide.org\/en\/wp-json\/wp\/v2\/product_cat?post=45862"},{"taxonomy":"product_tag","embeddable":true,"href":"https:\/\/product-guide.org\/en\/wp-json\/wp\/v2\/product_tag?post=45862"}],"curies":[{"name":"wp","href":"https:\/\/api.w.org\/{rel}","templated":true}]}}