{"id":45870,"date":"2025-03-17T09:55:16","date_gmt":"2025-03-17T08:55:16","guid":{"rendered":"https:\/\/product-guide.org\/produkt\/marine-fuel-stabilizer-plus-benzinstabilisator-systemreiniger-1-000ml-lifetime-technologies\/"},"modified":"2025-03-17T09:55:16","modified_gmt":"2025-03-17T08:55:16","slug":"marine-fuel-stabilizer-plus-benzinstabilisator-systemreiniger-1-000ml-lifetime-technologies","status":"publish","type":"product","link":"https:\/\/product-guide.org\/en\/produkt\/marine-fuel-stabilizer-plus-benzinstabilisator-systemreiniger-1-000ml-lifetime-technologies\/","title":{"rendered":"MARINE FUEL STABILIZER Plus &#8211; Benzinstabilisator &#038; Systemreiniger &#8211; 1.000ml | Lifetime Technologies"},"content":{"rendered":"<p>Lifetime MARINE FUEL STABILIZER Plus ist ein hocheffektiver Benzin-Stabilisator und Systemreiniger, passend f\u00fcr alle Marine-Ottomotoren &#038; Einspritzsysteme. Er sorgt f\u00fcr eine zuverl\u00e4ssige Feuchtigkeitsabsorption, wodurch Rost und Korrosion vorgebeugt wird und die Lagerstabilit\u00e4t des Benzins auf bis zu 2 Jahre verl\u00e4ngert werden kann. Zusammengefasst: Sch\u00fctzt den Motor vor Feuchtigkeit und erh\u00f6ht die Lagerstabilit\u00e4t des Benzins Entfernt selbst kleinste Verschmutzungen und verbessert die Kraftstoffzerst\u00e4ubung Verringert die Wartungskosten durch weniger verschmutzungsbedingte Ausf\u00e4lle Sorgt f\u00fcr eine optimale Leistung und erh\u00f6ht die Lebensdauer des Motors<\/p>\n","protected":false},"excerpt":{"rendered":"<p>Lifetime MARINE FUEL STABILIZER Plus ist ein hocheffektiver Benzin-Stabilisator und Systemreiniger, passend f\u00fcr alle Marine-Ottomotoren &#038; Einspritzsysteme. Er sorgt f\u00fcr eine zuverl\u00e4ssige Feuchtigkeitsabsorption, wodurch Rost und Korrosion vorgebeugt wird und die Lagerstabilit\u00e4t des Benzins auf bis zu 2 Jahre verl\u00e4ngert werden kann. Zusammengefasst: Sch\u00fctzt den Motor vor Feuchtigkeit und erh\u00f6ht die Lagerstabilit\u00e4t des Benzins Entfernt [&hellip;]<\/p>\n","protected":false},"featured_media":45869,"template":"","meta":{"_gspb_post_css":""},"store":[],"product_brand":[1313],"product_cat":[1290],"product_tag":[],"class_list":{"0":"post-45870","1":"product","2":"type-product","3":"status-publish","4":"has-post-thumbnail","6":"product_brand-lifetime-technologies","7":"product_cat-uncategorized","9":"first","10":"instock","11":"shipping-taxable","12":"purchasable","13":"product-type-simple"},"yoast_head":"<!-- This site is optimized with the Yoast SEO plugin v24.6 - https:\/\/yoast.com\/wordpress\/plugins\/seo\/ -->\n<title>MARINE FUEL STABILIZER Plus - Benzinstabilisator &amp; Systemreiniger - 1.000ml | Lifetime Technologies | Product-Guide.org<\/title>\n<meta name=\"description\" content=\"MARINE FUEL STABILIZER Plus - Benzinstabilisator &amp; Systemreiniger - 1.000ml | Lifetime Technologies gefunden von Product-Guide.org\" \/>\n<meta name=\"robots\" content=\"index, follow, max-snippet:-1, max-image-preview:large, max-video-preview:-1\" \/>\n<link rel=\"canonical\" href=\"https:\/\/product-guide.org\/en\/produkt\/marine-fuel-stabilizer-plus-benzinstabilisator-systemreiniger-1-000ml-lifetime-technologies\/\" \/>\n<meta property=\"og:locale\" content=\"en_GB\" \/>\n<meta property=\"og:type\" content=\"article\" \/>\n<meta property=\"og:title\" content=\"MARINE FUEL STABILIZER Plus - Benzinstabilisator &amp; Systemreiniger - 1.000ml | Lifetime Technologies | Product-Guide.org\" \/>\n<meta property=\"og:description\" content=\"MARINE FUEL STABILIZER Plus - Benzinstabilisator &amp; Systemreiniger - 1.000ml | Lifetime Technologies gefunden von Product-Guide.org\" \/>\n<meta property=\"og:url\" content=\"https:\/\/product-guide.org\/en\/produkt\/marine-fuel-stabilizer-plus-benzinstabilisator-systemreiniger-1-000ml-lifetime-technologies\/\" \/>\n<meta property=\"og:site_name\" content=\"Product-Guide.org\" \/>\n<meta name=\"twitter:card\" content=\"summary_large_image\" \/>\n<script type=\"application\/ld+json\" class=\"yoast-schema-graph\">{\"@context\":\"https:\/\/schema.org\",\"@graph\":[{\"@type\":\"WebPage\",\"@id\":\"https:\/\/product-guide.org\/produkt\/marine-fuel-stabilizer-plus-benzinstabilisator-systemreiniger-1-000ml-lifetime-technologies\/\",\"url\":\"https:\/\/product-guide.org\/produkt\/marine-fuel-stabilizer-plus-benzinstabilisator-systemreiniger-1-000ml-lifetime-technologies\/\",\"name\":\"MARINE FUEL STABILIZER Plus - Benzinstabilisator & Systemreiniger - 1.000ml | Lifetime Technologies | Product-Guide.org\",\"isPartOf\":{\"@id\":\"https:\/\/product-guide.org\/#website\"},\"primaryImageOfPage\":{\"@id\":\"https:\/\/product-guide.org\/produkt\/marine-fuel-stabilizer-plus-benzinstabilisator-systemreiniger-1-000ml-lifetime-technologies\/#primaryimage\"},\"image\":{\"@id\":\"https:\/\/product-guide.org\/produkt\/marine-fuel-stabilizer-plus-benzinstabilisator-systemreiniger-1-000ml-lifetime-technologies\/#primaryimage\"},\"thumbnailUrl\":\"https:\/\/product-guide.org\/wp-content\/uploads\/2025\/03\/1-Lifetime_Marine_Fuel_Stabilizer_Plus.jpg\",\"datePublished\":\"2025-03-17T08:55:16+00:00\",\"description\":\"MARINE FUEL STABILIZER Plus - Benzinstabilisator & Systemreiniger - 1.000ml | Lifetime Technologies gefunden von Product-Guide.org\",\"breadcrumb\":{\"@id\":\"https:\/\/product-guide.org\/produkt\/marine-fuel-stabilizer-plus-benzinstabilisator-systemreiniger-1-000ml-lifetime-technologies\/#breadcrumb\"},\"inLanguage\":\"en-GB\",\"potentialAction\":[{\"@type\":\"ReadAction\",\"target\":[\"https:\/\/product-guide.org\/produkt\/marine-fuel-stabilizer-plus-benzinstabilisator-systemreiniger-1-000ml-lifetime-technologies\/\"]}]},{\"@type\":\"ImageObject\",\"inLanguage\":\"en-GB\",\"@id\":\"https:\/\/product-guide.org\/produkt\/marine-fuel-stabilizer-plus-benzinstabilisator-systemreiniger-1-000ml-lifetime-technologies\/#primaryimage\",\"url\":\"https:\/\/product-guide.org\/wp-content\/uploads\/2025\/03\/1-Lifetime_Marine_Fuel_Stabilizer_Plus.jpg\",\"contentUrl\":\"https:\/\/product-guide.org\/wp-content\/uploads\/2025\/03\/1-Lifetime_Marine_Fuel_Stabilizer_Plus.jpg\",\"width\":700,\"height\":700},{\"@type\":\"BreadcrumbList\",\"@id\":\"https:\/\/product-guide.org\/produkt\/marine-fuel-stabilizer-plus-benzinstabilisator-systemreiniger-1-000ml-lifetime-technologies\/#breadcrumb\",\"itemListElement\":[{\"@type\":\"ListItem\",\"position\":1,\"name\":\"Home\",\"item\":\"https:\/\/product-guide.org\/\"},{\"@type\":\"ListItem\",\"position\":2,\"name\":\"Ergebnisse\",\"item\":\"https:\/\/product-guide.org\/de\/ergebnisse\/\"},{\"@type\":\"ListItem\",\"position\":3,\"name\":\"MARINE FUEL STABILIZER Plus &#8211; Benzinstabilisator &#038; Systemreiniger &#8211; 1.000ml | Lifetime Technologies\"}]},{\"@type\":\"WebSite\",\"@id\":\"https:\/\/product-guide.org\/#website\",\"url\":\"https:\/\/product-guide.org\/\",\"name\":\"Product-Guide.org\",\"description\":\"What Product are you looking for?\",\"publisher\":{\"@id\":\"https:\/\/product-guide.org\/#organization\"},\"potentialAction\":[{\"@type\":\"SearchAction\",\"target\":{\"@type\":\"EntryPoint\",\"urlTemplate\":\"https:\/\/product-guide.org\/?s={search_term_string}\"},\"query-input\":{\"@type\":\"PropertyValueSpecification\",\"valueRequired\":true,\"valueName\":\"search_term_string\"}}],\"inLanguage\":\"en-GB\"},{\"@type\":\"Organization\",\"@id\":\"https:\/\/product-guide.org\/#organization\",\"name\":\"Product-Guide.org\",\"url\":\"https:\/\/product-guide.org\/\",\"logo\":{\"@type\":\"ImageObject\",\"inLanguage\":\"en-GB\",\"@id\":\"https:\/\/product-guide.org\/#\/schema\/logo\/image\/\",\"url\":\"https:\/\/product-guide.org\/wp-content\/uploads\/2022\/07\/logo_transparent_background.png\",\"contentUrl\":\"https:\/\/product-guide.org\/wp-content\/uploads\/2022\/07\/logo_transparent_background.png\",\"width\":3400,\"height\":1132,\"caption\":\"Product-Guide.org\"},\"image\":{\"@id\":\"https:\/\/product-guide.org\/#\/schema\/logo\/image\/\"}}]}<\/script>\n<!-- \/ Yoast SEO plugin. -->","yoast_head_json":{"title":"MARINE FUEL STABILIZER Plus - Benzinstabilisator & Systemreiniger - 1.000ml | Lifetime Technologies | Product-Guide.org","description":"MARINE FUEL STABILIZER Plus - Benzinstabilisator & Systemreiniger - 1.000ml | Lifetime Technologies gefunden von Product-Guide.org","robots":{"index":"index","follow":"follow","max-snippet":"max-snippet:-1","max-image-preview":"max-image-preview:large","max-video-preview":"max-video-preview:-1"},"canonical":"https:\/\/product-guide.org\/en\/produkt\/marine-fuel-stabilizer-plus-benzinstabilisator-systemreiniger-1-000ml-lifetime-technologies\/","og_locale":"en_GB","og_type":"article","og_title":"MARINE FUEL STABILIZER Plus - Benzinstabilisator & Systemreiniger - 1.000ml | Lifetime Technologies | Product-Guide.org","og_description":"MARINE FUEL STABILIZER Plus - Benzinstabilisator & Systemreiniger - 1.000ml | Lifetime Technologies gefunden von Product-Guide.org","og_url":"https:\/\/product-guide.org\/en\/produkt\/marine-fuel-stabilizer-plus-benzinstabilisator-systemreiniger-1-000ml-lifetime-technologies\/","og_site_name":"Product-Guide.org","twitter_card":"summary_large_image","schema":{"@context":"https:\/\/schema.org","@graph":[{"@type":"WebPage","@id":"https:\/\/product-guide.org\/produkt\/marine-fuel-stabilizer-plus-benzinstabilisator-systemreiniger-1-000ml-lifetime-technologies\/","url":"https:\/\/product-guide.org\/produkt\/marine-fuel-stabilizer-plus-benzinstabilisator-systemreiniger-1-000ml-lifetime-technologies\/","name":"MARINE FUEL STABILIZER Plus - Benzinstabilisator & Systemreiniger - 1.000ml | Lifetime Technologies | Product-Guide.org","isPartOf":{"@id":"https:\/\/product-guide.org\/#website"},"primaryImageOfPage":{"@id":"https:\/\/product-guide.org\/produkt\/marine-fuel-stabilizer-plus-benzinstabilisator-systemreiniger-1-000ml-lifetime-technologies\/#primaryimage"},"image":{"@id":"https:\/\/product-guide.org\/produkt\/marine-fuel-stabilizer-plus-benzinstabilisator-systemreiniger-1-000ml-lifetime-technologies\/#primaryimage"},"thumbnailUrl":"https:\/\/product-guide.org\/wp-content\/uploads\/2025\/03\/1-Lifetime_Marine_Fuel_Stabilizer_Plus.jpg","datePublished":"2025-03-17T08:55:16+00:00","description":"MARINE FUEL STABILIZER Plus - Benzinstabilisator & Systemreiniger - 1.000ml | Lifetime Technologies gefunden von Product-Guide.org","breadcrumb":{"@id":"https:\/\/product-guide.org\/produkt\/marine-fuel-stabilizer-plus-benzinstabilisator-systemreiniger-1-000ml-lifetime-technologies\/#breadcrumb"},"inLanguage":"en-GB","potentialAction":[{"@type":"ReadAction","target":["https:\/\/product-guide.org\/produkt\/marine-fuel-stabilizer-plus-benzinstabilisator-systemreiniger-1-000ml-lifetime-technologies\/"]}]},{"@type":"ImageObject","inLanguage":"en-GB","@id":"https:\/\/product-guide.org\/produkt\/marine-fuel-stabilizer-plus-benzinstabilisator-systemreiniger-1-000ml-lifetime-technologies\/#primaryimage","url":"https:\/\/product-guide.org\/wp-content\/uploads\/2025\/03\/1-Lifetime_Marine_Fuel_Stabilizer_Plus.jpg","contentUrl":"https:\/\/product-guide.org\/wp-content\/uploads\/2025\/03\/1-Lifetime_Marine_Fuel_Stabilizer_Plus.jpg","width":700,"height":700},{"@type":"BreadcrumbList","@id":"https:\/\/product-guide.org\/produkt\/marine-fuel-stabilizer-plus-benzinstabilisator-systemreiniger-1-000ml-lifetime-technologies\/#breadcrumb","itemListElement":[{"@type":"ListItem","position":1,"name":"Home","item":"https:\/\/product-guide.org\/"},{"@type":"ListItem","position":2,"name":"Ergebnisse","item":"https:\/\/product-guide.org\/de\/ergebnisse\/"},{"@type":"ListItem","position":3,"name":"MARINE FUEL STABILIZER Plus &#8211; Benzinstabilisator &#038; Systemreiniger &#8211; 1.000ml | Lifetime Technologies"}]},{"@type":"WebSite","@id":"https:\/\/product-guide.org\/#website","url":"https:\/\/product-guide.org\/","name":"Product-Guide.org","description":"What Product are you looking for?","publisher":{"@id":"https:\/\/product-guide.org\/#organization"},"potentialAction":[{"@type":"SearchAction","target":{"@type":"EntryPoint","urlTemplate":"https:\/\/product-guide.org\/?s={search_term_string}"},"query-input":{"@type":"PropertyValueSpecification","valueRequired":true,"valueName":"search_term_string"}}],"inLanguage":"en-GB"},{"@type":"Organization","@id":"https:\/\/product-guide.org\/#organization","name":"Product-Guide.org","url":"https:\/\/product-guide.org\/","logo":{"@type":"ImageObject","inLanguage":"en-GB","@id":"https:\/\/product-guide.org\/#\/schema\/logo\/image\/","url":"https:\/\/product-guide.org\/wp-content\/uploads\/2022\/07\/logo_transparent_background.png","contentUrl":"https:\/\/product-guide.org\/wp-content\/uploads\/2022\/07\/logo_transparent_background.png","width":3400,"height":1132,"caption":"Product-Guide.org"},"image":{"@id":"https:\/\/product-guide.org\/#\/schema\/logo\/image\/"}}]}},"_links":{"self":[{"href":"https:\/\/product-guide.org\/en\/wp-json\/wp\/v2\/product\/45870","targetHints":{"allow":["GET"]}}],"collection":[{"href":"https:\/\/product-guide.org\/en\/wp-json\/wp\/v2\/product"}],"about":[{"href":"https:\/\/product-guide.org\/en\/wp-json\/wp\/v2\/types\/product"}],"wp:featuredmedia":[{"embeddable":true,"href":"https:\/\/product-guide.org\/en\/wp-json\/wp\/v2\/media\/45869"}],"wp:attachment":[{"href":"https:\/\/product-guide.org\/en\/wp-json\/wp\/v2\/media?parent=45870"}],"wp:term":[{"taxonomy":"store","embeddable":true,"href":"https:\/\/product-guide.org\/en\/wp-json\/wp\/v2\/store?post=45870"},{"taxonomy":"product_brand","embeddable":true,"href":"https:\/\/product-guide.org\/en\/wp-json\/wp\/v2\/product_brand?post=45870"},{"taxonomy":"product_cat","embeddable":true,"href":"https:\/\/product-guide.org\/en\/wp-json\/wp\/v2\/product_cat?post=45870"},{"taxonomy":"product_tag","embeddable":true,"href":"https:\/\/product-guide.org\/en\/wp-json\/wp\/v2\/product_tag?post=45870"}],"curies":[{"name":"wp","href":"https:\/\/api.w.org\/{rel}","templated":true}]}}