{"id":46323,"date":"2025-03-17T10:01:02","date_gmt":"2025-03-17T09:01:02","guid":{"rendered":"https:\/\/product-guide.org\/produkt\/hand-seilwinde-edelstahl-fur-grillrost-mit-8-m-drahtseil-fur-grillroste-bis-o-70-cm-schwenkgrill-kurbel-schwenkgrill-shop\/"},"modified":"2025-03-17T10:01:02","modified_gmt":"2025-03-17T09:01:02","slug":"hand-seilwinde-edelstahl-fur-grillrost-mit-8-m-drahtseil-fur-grillroste-bis-o-70-cm-schwenkgrill-kurbel-schwenkgrill-shop","status":"publish","type":"product","link":"https:\/\/product-guide.org\/en\/produkt\/hand-seilwinde-edelstahl-fur-grillrost-mit-8-m-drahtseil-fur-grillroste-bis-o-70-cm-schwenkgrill-kurbel-schwenkgrill-shop\/","title":{"rendered":"Hand-Seilwinde edelstahl f\u00fcr Grillrost mit 8 m Drahtseil f\u00fcr Grillroste bis \u00f8 70 cm, Schwenkgrill Kurbel | Schwenkgrill Shop"},"content":{"rendered":"<p>Beschreibung Kurbel f\u00fcr Grillrost mit 8 m Drahtseil f\u00fcr Grillroste bis \u00f8 70 cm, verzinkt.Kurbel f\u00fcr Grillrost mit 8 m Drahtseil f\u00fcr Grillroste bis \u00f8 70 cm, EdelstahlUnsere Grillkurbel verf\u00fcgt \u00fcber ein geschlossenes Geh\u00e4use und ist zum Anschrauben ausgelegt. Die Kurbel dient zur einfachen H\u00f6henverstellung von Grillrosten bis 50 kg Gesamtgewicht. Die Seilkurbel ist in verschiedene Modellen verzinkt oder in Edelstahl erh\u00e4ltlich.<\/p>\n","protected":false},"excerpt":{"rendered":"<p>Beschreibung Kurbel f\u00fcr Grillrost mit 8 m Drahtseil f\u00fcr Grillroste bis \u00f8 70 cm, verzinkt.Kurbel f\u00fcr Grillrost mit 8 m Drahtseil f\u00fcr Grillroste bis \u00f8 70 cm, EdelstahlUnsere Grillkurbel verf\u00fcgt \u00fcber ein geschlossenes Geh\u00e4use und ist zum Anschrauben ausgelegt. Die Kurbel dient zur einfachen H\u00f6henverstellung von Grillrosten bis 50 kg Gesamtgewicht. Die Seilkurbel ist in [&hellip;]<\/p>\n","protected":false},"featured_media":46321,"template":"","meta":{"_gspb_post_css":""},"store":[],"product_brand":[1320],"product_cat":[1290],"product_tag":[],"class_list":{"0":"post-46323","1":"product","2":"type-product","3":"status-publish","4":"has-post-thumbnail","6":"product_brand-schwenkgrill-shop","7":"product_cat-uncategorized","9":"first","10":"instock","11":"shipping-taxable","12":"purchasable","13":"product-type-simple"},"yoast_head":"<!-- This site is optimized with the Yoast SEO plugin v24.6 - https:\/\/yoast.com\/wordpress\/plugins\/seo\/ -->\n<title>Hand-Seilwinde edelstahl f\u00fcr Grillrost mit 8 m Drahtseil f\u00fcr Grillroste bis \u00f8 70 cm, Schwenkgrill Kurbel | Schwenkgrill Shop | Product-Guide.org<\/title>\n<meta name=\"description\" content=\"Hand-Seilwinde edelstahl f\u00fcr Grillrost mit 8 m Drahtseil f\u00fcr Grillroste bis \u00f8 70 cm, Schwenkgrill Kurbel | Schwenkgrill Shop gefunden von Product-Guide.org\" \/>\n<meta name=\"robots\" content=\"index, follow, max-snippet:-1, max-image-preview:large, max-video-preview:-1\" \/>\n<link rel=\"canonical\" href=\"https:\/\/product-guide.org\/en\/produkt\/hand-seilwinde-edelstahl-fur-grillrost-mit-8-m-drahtseil-fur-grillroste-bis-o-70-cm-schwenkgrill-kurbel-schwenkgrill-shop\/\" \/>\n<meta property=\"og:locale\" content=\"en_GB\" \/>\n<meta property=\"og:type\" content=\"article\" \/>\n<meta property=\"og:title\" content=\"Hand-Seilwinde edelstahl f\u00fcr Grillrost mit 8 m Drahtseil f\u00fcr Grillroste bis \u00f8 70 cm, Schwenkgrill Kurbel | Schwenkgrill Shop | Product-Guide.org\" \/>\n<meta property=\"og:description\" content=\"Hand-Seilwinde edelstahl f\u00fcr Grillrost mit 8 m Drahtseil f\u00fcr Grillroste bis \u00f8 70 cm, Schwenkgrill Kurbel | Schwenkgrill Shop gefunden von Product-Guide.org\" \/>\n<meta property=\"og:url\" content=\"https:\/\/product-guide.org\/en\/produkt\/hand-seilwinde-edelstahl-fur-grillrost-mit-8-m-drahtseil-fur-grillroste-bis-o-70-cm-schwenkgrill-kurbel-schwenkgrill-shop\/\" \/>\n<meta property=\"og:site_name\" content=\"Product-Guide.org\" \/>\n<meta name=\"twitter:card\" content=\"summary_large_image\" \/>\n<script type=\"application\/ld+json\" class=\"yoast-schema-graph\">{\"@context\":\"https:\/\/schema.org\",\"@graph\":[{\"@type\":\"WebPage\",\"@id\":\"https:\/\/product-guide.org\/produkt\/hand-seilwinde-edelstahl-fur-grillrost-mit-8-m-drahtseil-fur-grillroste-bis-o-70-cm-schwenkgrill-kurbel-schwenkgrill-shop\/\",\"url\":\"https:\/\/product-guide.org\/produkt\/hand-seilwinde-edelstahl-fur-grillrost-mit-8-m-drahtseil-fur-grillroste-bis-o-70-cm-schwenkgrill-kurbel-schwenkgrill-shop\/\",\"name\":\"Hand-Seilwinde edelstahl f\u00fcr Grillrost mit 8 m Drahtseil f\u00fcr Grillroste bis \u00f8 70 cm, Schwenkgrill Kurbel | Schwenkgrill Shop | Product-Guide.org\",\"isPartOf\":{\"@id\":\"https:\/\/product-guide.org\/#website\"},\"primaryImageOfPage\":{\"@id\":\"https:\/\/product-guide.org\/produkt\/hand-seilwinde-edelstahl-fur-grillrost-mit-8-m-drahtseil-fur-grillroste-bis-o-70-cm-schwenkgrill-kurbel-schwenkgrill-shop\/#primaryimage\"},\"image\":{\"@id\":\"https:\/\/product-guide.org\/produkt\/hand-seilwinde-edelstahl-fur-grillrost-mit-8-m-drahtseil-fur-grillroste-bis-o-70-cm-schwenkgrill-kurbel-schwenkgrill-shop\/#primaryimage\"},\"thumbnailUrl\":\"https:\/\/product-guide.org\/wp-content\/uploads\/2025\/03\/Kurbel-schwenker.png\",\"datePublished\":\"2025-03-17T09:01:02+00:00\",\"description\":\"Hand-Seilwinde edelstahl f\u00fcr Grillrost mit 8 m Drahtseil f\u00fcr Grillroste bis \u00f8 70 cm, Schwenkgrill Kurbel | Schwenkgrill Shop gefunden von Product-Guide.org\",\"breadcrumb\":{\"@id\":\"https:\/\/product-guide.org\/produkt\/hand-seilwinde-edelstahl-fur-grillrost-mit-8-m-drahtseil-fur-grillroste-bis-o-70-cm-schwenkgrill-kurbel-schwenkgrill-shop\/#breadcrumb\"},\"inLanguage\":\"en-GB\",\"potentialAction\":[{\"@type\":\"ReadAction\",\"target\":[\"https:\/\/product-guide.org\/produkt\/hand-seilwinde-edelstahl-fur-grillrost-mit-8-m-drahtseil-fur-grillroste-bis-o-70-cm-schwenkgrill-kurbel-schwenkgrill-shop\/\"]}]},{\"@type\":\"ImageObject\",\"inLanguage\":\"en-GB\",\"@id\":\"https:\/\/product-guide.org\/produkt\/hand-seilwinde-edelstahl-fur-grillrost-mit-8-m-drahtseil-fur-grillroste-bis-o-70-cm-schwenkgrill-kurbel-schwenkgrill-shop\/#primaryimage\",\"url\":\"https:\/\/product-guide.org\/wp-content\/uploads\/2025\/03\/Kurbel-schwenker.png\",\"contentUrl\":\"https:\/\/product-guide.org\/wp-content\/uploads\/2025\/03\/Kurbel-schwenker.png\",\"width\":500,\"height\":500},{\"@type\":\"BreadcrumbList\",\"@id\":\"https:\/\/product-guide.org\/produkt\/hand-seilwinde-edelstahl-fur-grillrost-mit-8-m-drahtseil-fur-grillroste-bis-o-70-cm-schwenkgrill-kurbel-schwenkgrill-shop\/#breadcrumb\",\"itemListElement\":[{\"@type\":\"ListItem\",\"position\":1,\"name\":\"Home\",\"item\":\"https:\/\/product-guide.org\/\"},{\"@type\":\"ListItem\",\"position\":2,\"name\":\"Ergebnisse\",\"item\":\"https:\/\/product-guide.org\/de\/ergebnisse\/\"},{\"@type\":\"ListItem\",\"position\":3,\"name\":\"Hand-Seilwinde edelstahl f\u00fcr Grillrost mit 8 m Drahtseil f\u00fcr Grillroste bis \u00f8 70 cm, Schwenkgrill Kurbel | Schwenkgrill Shop\"}]},{\"@type\":\"WebSite\",\"@id\":\"https:\/\/product-guide.org\/#website\",\"url\":\"https:\/\/product-guide.org\/\",\"name\":\"Product-Guide.org\",\"description\":\"What Product are you looking for?\",\"publisher\":{\"@id\":\"https:\/\/product-guide.org\/#organization\"},\"potentialAction\":[{\"@type\":\"SearchAction\",\"target\":{\"@type\":\"EntryPoint\",\"urlTemplate\":\"https:\/\/product-guide.org\/?s={search_term_string}\"},\"query-input\":{\"@type\":\"PropertyValueSpecification\",\"valueRequired\":true,\"valueName\":\"search_term_string\"}}],\"inLanguage\":\"en-GB\"},{\"@type\":\"Organization\",\"@id\":\"https:\/\/product-guide.org\/#organization\",\"name\":\"Product-Guide.org\",\"url\":\"https:\/\/product-guide.org\/\",\"logo\":{\"@type\":\"ImageObject\",\"inLanguage\":\"en-GB\",\"@id\":\"https:\/\/product-guide.org\/#\/schema\/logo\/image\/\",\"url\":\"https:\/\/product-guide.org\/wp-content\/uploads\/2022\/07\/logo_transparent_background.png\",\"contentUrl\":\"https:\/\/product-guide.org\/wp-content\/uploads\/2022\/07\/logo_transparent_background.png\",\"width\":3400,\"height\":1132,\"caption\":\"Product-Guide.org\"},\"image\":{\"@id\":\"https:\/\/product-guide.org\/#\/schema\/logo\/image\/\"}}]}<\/script>\n<!-- \/ Yoast SEO plugin. -->","yoast_head_json":{"title":"Hand-Seilwinde edelstahl f\u00fcr Grillrost mit 8 m Drahtseil f\u00fcr Grillroste bis \u00f8 70 cm, Schwenkgrill Kurbel | Schwenkgrill Shop | Product-Guide.org","description":"Hand-Seilwinde edelstahl f\u00fcr Grillrost mit 8 m Drahtseil f\u00fcr Grillroste bis \u00f8 70 cm, Schwenkgrill Kurbel | Schwenkgrill Shop gefunden von Product-Guide.org","robots":{"index":"index","follow":"follow","max-snippet":"max-snippet:-1","max-image-preview":"max-image-preview:large","max-video-preview":"max-video-preview:-1"},"canonical":"https:\/\/product-guide.org\/en\/produkt\/hand-seilwinde-edelstahl-fur-grillrost-mit-8-m-drahtseil-fur-grillroste-bis-o-70-cm-schwenkgrill-kurbel-schwenkgrill-shop\/","og_locale":"en_GB","og_type":"article","og_title":"Hand-Seilwinde edelstahl f\u00fcr Grillrost mit 8 m Drahtseil f\u00fcr Grillroste bis \u00f8 70 cm, Schwenkgrill Kurbel | Schwenkgrill Shop | Product-Guide.org","og_description":"Hand-Seilwinde edelstahl f\u00fcr Grillrost mit 8 m Drahtseil f\u00fcr Grillroste bis \u00f8 70 cm, Schwenkgrill Kurbel | Schwenkgrill Shop gefunden von Product-Guide.org","og_url":"https:\/\/product-guide.org\/en\/produkt\/hand-seilwinde-edelstahl-fur-grillrost-mit-8-m-drahtseil-fur-grillroste-bis-o-70-cm-schwenkgrill-kurbel-schwenkgrill-shop\/","og_site_name":"Product-Guide.org","twitter_card":"summary_large_image","schema":{"@context":"https:\/\/schema.org","@graph":[{"@type":"WebPage","@id":"https:\/\/product-guide.org\/produkt\/hand-seilwinde-edelstahl-fur-grillrost-mit-8-m-drahtseil-fur-grillroste-bis-o-70-cm-schwenkgrill-kurbel-schwenkgrill-shop\/","url":"https:\/\/product-guide.org\/produkt\/hand-seilwinde-edelstahl-fur-grillrost-mit-8-m-drahtseil-fur-grillroste-bis-o-70-cm-schwenkgrill-kurbel-schwenkgrill-shop\/","name":"Hand-Seilwinde edelstahl f\u00fcr Grillrost mit 8 m Drahtseil f\u00fcr Grillroste bis \u00f8 70 cm, Schwenkgrill Kurbel | Schwenkgrill Shop | Product-Guide.org","isPartOf":{"@id":"https:\/\/product-guide.org\/#website"},"primaryImageOfPage":{"@id":"https:\/\/product-guide.org\/produkt\/hand-seilwinde-edelstahl-fur-grillrost-mit-8-m-drahtseil-fur-grillroste-bis-o-70-cm-schwenkgrill-kurbel-schwenkgrill-shop\/#primaryimage"},"image":{"@id":"https:\/\/product-guide.org\/produkt\/hand-seilwinde-edelstahl-fur-grillrost-mit-8-m-drahtseil-fur-grillroste-bis-o-70-cm-schwenkgrill-kurbel-schwenkgrill-shop\/#primaryimage"},"thumbnailUrl":"https:\/\/product-guide.org\/wp-content\/uploads\/2025\/03\/Kurbel-schwenker.png","datePublished":"2025-03-17T09:01:02+00:00","description":"Hand-Seilwinde edelstahl f\u00fcr Grillrost mit 8 m Drahtseil f\u00fcr Grillroste bis \u00f8 70 cm, Schwenkgrill Kurbel | Schwenkgrill Shop gefunden von Product-Guide.org","breadcrumb":{"@id":"https:\/\/product-guide.org\/produkt\/hand-seilwinde-edelstahl-fur-grillrost-mit-8-m-drahtseil-fur-grillroste-bis-o-70-cm-schwenkgrill-kurbel-schwenkgrill-shop\/#breadcrumb"},"inLanguage":"en-GB","potentialAction":[{"@type":"ReadAction","target":["https:\/\/product-guide.org\/produkt\/hand-seilwinde-edelstahl-fur-grillrost-mit-8-m-drahtseil-fur-grillroste-bis-o-70-cm-schwenkgrill-kurbel-schwenkgrill-shop\/"]}]},{"@type":"ImageObject","inLanguage":"en-GB","@id":"https:\/\/product-guide.org\/produkt\/hand-seilwinde-edelstahl-fur-grillrost-mit-8-m-drahtseil-fur-grillroste-bis-o-70-cm-schwenkgrill-kurbel-schwenkgrill-shop\/#primaryimage","url":"https:\/\/product-guide.org\/wp-content\/uploads\/2025\/03\/Kurbel-schwenker.png","contentUrl":"https:\/\/product-guide.org\/wp-content\/uploads\/2025\/03\/Kurbel-schwenker.png","width":500,"height":500},{"@type":"BreadcrumbList","@id":"https:\/\/product-guide.org\/produkt\/hand-seilwinde-edelstahl-fur-grillrost-mit-8-m-drahtseil-fur-grillroste-bis-o-70-cm-schwenkgrill-kurbel-schwenkgrill-shop\/#breadcrumb","itemListElement":[{"@type":"ListItem","position":1,"name":"Home","item":"https:\/\/product-guide.org\/"},{"@type":"ListItem","position":2,"name":"Ergebnisse","item":"https:\/\/product-guide.org\/de\/ergebnisse\/"},{"@type":"ListItem","position":3,"name":"Hand-Seilwinde edelstahl f\u00fcr Grillrost mit 8 m Drahtseil f\u00fcr Grillroste bis \u00f8 70 cm, Schwenkgrill Kurbel | Schwenkgrill Shop"}]},{"@type":"WebSite","@id":"https:\/\/product-guide.org\/#website","url":"https:\/\/product-guide.org\/","name":"Product-Guide.org","description":"What Product are you looking for?","publisher":{"@id":"https:\/\/product-guide.org\/#organization"},"potentialAction":[{"@type":"SearchAction","target":{"@type":"EntryPoint","urlTemplate":"https:\/\/product-guide.org\/?s={search_term_string}"},"query-input":{"@type":"PropertyValueSpecification","valueRequired":true,"valueName":"search_term_string"}}],"inLanguage":"en-GB"},{"@type":"Organization","@id":"https:\/\/product-guide.org\/#organization","name":"Product-Guide.org","url":"https:\/\/product-guide.org\/","logo":{"@type":"ImageObject","inLanguage":"en-GB","@id":"https:\/\/product-guide.org\/#\/schema\/logo\/image\/","url":"https:\/\/product-guide.org\/wp-content\/uploads\/2022\/07\/logo_transparent_background.png","contentUrl":"https:\/\/product-guide.org\/wp-content\/uploads\/2022\/07\/logo_transparent_background.png","width":3400,"height":1132,"caption":"Product-Guide.org"},"image":{"@id":"https:\/\/product-guide.org\/#\/schema\/logo\/image\/"}}]}},"_links":{"self":[{"href":"https:\/\/product-guide.org\/en\/wp-json\/wp\/v2\/product\/46323","targetHints":{"allow":["GET"]}}],"collection":[{"href":"https:\/\/product-guide.org\/en\/wp-json\/wp\/v2\/product"}],"about":[{"href":"https:\/\/product-guide.org\/en\/wp-json\/wp\/v2\/types\/product"}],"wp:featuredmedia":[{"embeddable":true,"href":"https:\/\/product-guide.org\/en\/wp-json\/wp\/v2\/media\/46321"}],"wp:attachment":[{"href":"https:\/\/product-guide.org\/en\/wp-json\/wp\/v2\/media?parent=46323"}],"wp:term":[{"taxonomy":"store","embeddable":true,"href":"https:\/\/product-guide.org\/en\/wp-json\/wp\/v2\/store?post=46323"},{"taxonomy":"product_brand","embeddable":true,"href":"https:\/\/product-guide.org\/en\/wp-json\/wp\/v2\/product_brand?post=46323"},{"taxonomy":"product_cat","embeddable":true,"href":"https:\/\/product-guide.org\/en\/wp-json\/wp\/v2\/product_cat?post=46323"},{"taxonomy":"product_tag","embeddable":true,"href":"https:\/\/product-guide.org\/en\/wp-json\/wp\/v2\/product_tag?post=46323"}],"curies":[{"name":"wp","href":"https:\/\/api.w.org\/{rel}","templated":true}]}}