{"id":46343,"date":"2025-03-17T10:01:18","date_gmt":"2025-03-17T09:01:18","guid":{"rendered":"https:\/\/product-guide.org\/produkt\/457-e-l-7-up-tropical-sodagetrank-usa-food\/"},"modified":"2025-03-17T10:01:18","modified_gmt":"2025-03-17T09:01:18","slug":"457-e-l-7-up-tropical-sodagetrank-usa-food","status":"publish","type":"product","link":"https:\/\/product-guide.org\/en\/produkt\/457-e-l-7-up-tropical-sodagetrank-usa-food\/","title":{"rendered":"4,57 \u20ac\/l 7 UP Tropical, Sodagetr\u00e4nk | usa-food"},"content":{"rendered":"<p>7UP Tropical \u2013 Erfrischung mit exotischem Flair Entdecken Sie den spritzigen Geschmack von 7UP Tropical, einer erfrischenden Kombination aus dem klassischen Zitronen-Limetten-Aroma und tropischen Fr\u00fcchten. Diese einzigartige Limonade bringt mit jedem Schluck ein St\u00fcck Sommer und Exotik in Ihren Alltag. Perfekt gek\u00fchlt ist sie der ideale Durstl\u00f6scher f\u00fcr hei\u00dfe Tage oder der fruchtige Begleiter f\u00fcr gesellige Momente. Inhalt:355 ml Verwendung: Genie\u00dfen Sie 7UP Tropical pur, auf Eis oder als Basis f\u00fcr kreative Cocktails und Mocktails. Erleben Sie den erfrischend tropischen Genuss von 7UP Tropical und lassen Sie sich in eine Welt voller Fruchtaromen entf\u00fchren!<\/p>\n","protected":false},"excerpt":{"rendered":"<p>7UP Tropical \u2013 Erfrischung mit exotischem Flair Entdecken Sie den spritzigen Geschmack von 7UP Tropical, einer erfrischenden Kombination aus dem klassischen Zitronen-Limetten-Aroma und tropischen Fr\u00fcchten. Diese einzigartige Limonade bringt mit jedem Schluck ein St\u00fcck Sommer und Exotik in Ihren Alltag. Perfekt gek\u00fchlt ist sie der ideale Durstl\u00f6scher f\u00fcr hei\u00dfe Tage oder der fruchtige Begleiter f\u00fcr [&hellip;]<\/p>\n","protected":false},"featured_media":46342,"template":"","meta":{"_gspb_post_css":""},"store":[],"product_brand":[1321],"product_cat":[1290],"product_tag":[],"class_list":{"0":"post-46343","1":"product","2":"type-product","3":"status-publish","4":"has-post-thumbnail","6":"product_brand-usa-food","7":"product_cat-uncategorized","9":"first","10":"instock","11":"shipping-taxable","12":"purchasable","13":"product-type-simple"},"yoast_head":"<!-- This site is optimized with the Yoast SEO plugin v24.6 - https:\/\/yoast.com\/wordpress\/plugins\/seo\/ -->\n<title>4,57 \u20ac\/l 7 UP Tropical, Sodagetr\u00e4nk | usa-food | Product-Guide.org<\/title>\n<meta name=\"description\" content=\"4,57 \u20ac\/l 7 UP Tropical, Sodagetr\u00e4nk | usa-food gefunden von Product-Guide.org\" \/>\n<meta name=\"robots\" content=\"index, follow, max-snippet:-1, max-image-preview:large, max-video-preview:-1\" \/>\n<link rel=\"canonical\" href=\"https:\/\/product-guide.org\/en\/produkt\/457-e-l-7-up-tropical-sodagetrank-usa-food\/\" \/>\n<meta property=\"og:locale\" content=\"en_GB\" \/>\n<meta property=\"og:type\" content=\"article\" \/>\n<meta property=\"og:title\" content=\"4,57 \u20ac\/l 7 UP Tropical, Sodagetr\u00e4nk | usa-food | Product-Guide.org\" \/>\n<meta property=\"og:description\" content=\"4,57 \u20ac\/l 7 UP Tropical, Sodagetr\u00e4nk | usa-food gefunden von Product-Guide.org\" \/>\n<meta property=\"og:url\" content=\"https:\/\/product-guide.org\/en\/produkt\/457-e-l-7-up-tropical-sodagetrank-usa-food\/\" \/>\n<meta property=\"og:site_name\" content=\"Product-Guide.org\" \/>\n<meta name=\"twitter:card\" content=\"summary_large_image\" \/>\n<script type=\"application\/ld+json\" class=\"yoast-schema-graph\">{\"@context\":\"https:\/\/schema.org\",\"@graph\":[{\"@type\":\"WebPage\",\"@id\":\"https:\/\/product-guide.org\/produkt\/457-e-l-7-up-tropical-sodagetrank-usa-food\/\",\"url\":\"https:\/\/product-guide.org\/produkt\/457-e-l-7-up-tropical-sodagetrank-usa-food\/\",\"name\":\"4,57 \u20ac\/l 7 UP Tropical, Sodagetr\u00e4nk | usa-food | Product-Guide.org\",\"isPartOf\":{\"@id\":\"https:\/\/product-guide.org\/#website\"},\"primaryImageOfPage\":{\"@id\":\"https:\/\/product-guide.org\/produkt\/457-e-l-7-up-tropical-sodagetrank-usa-food\/#primaryimage\"},\"image\":{\"@id\":\"https:\/\/product-guide.org\/produkt\/457-e-l-7-up-tropical-sodagetrank-usa-food\/#primaryimage\"},\"thumbnailUrl\":\"https:\/\/product-guide.org\/wp-content\/uploads\/2025\/03\/7-up-tropical-sodagetraenk.jpg\",\"datePublished\":\"2025-03-17T09:01:18+00:00\",\"description\":\"4,57 \u20ac\/l 7 UP Tropical, Sodagetr\u00e4nk | usa-food gefunden von Product-Guide.org\",\"breadcrumb\":{\"@id\":\"https:\/\/product-guide.org\/produkt\/457-e-l-7-up-tropical-sodagetrank-usa-food\/#breadcrumb\"},\"inLanguage\":\"en-GB\",\"potentialAction\":[{\"@type\":\"ReadAction\",\"target\":[\"https:\/\/product-guide.org\/produkt\/457-e-l-7-up-tropical-sodagetrank-usa-food\/\"]}]},{\"@type\":\"ImageObject\",\"inLanguage\":\"en-GB\",\"@id\":\"https:\/\/product-guide.org\/produkt\/457-e-l-7-up-tropical-sodagetrank-usa-food\/#primaryimage\",\"url\":\"https:\/\/product-guide.org\/wp-content\/uploads\/2025\/03\/7-up-tropical-sodagetraenk.jpg\",\"contentUrl\":\"https:\/\/product-guide.org\/wp-content\/uploads\/2025\/03\/7-up-tropical-sodagetraenk.jpg\",\"width\":1000,\"height\":1000},{\"@type\":\"BreadcrumbList\",\"@id\":\"https:\/\/product-guide.org\/produkt\/457-e-l-7-up-tropical-sodagetrank-usa-food\/#breadcrumb\",\"itemListElement\":[{\"@type\":\"ListItem\",\"position\":1,\"name\":\"Home\",\"item\":\"https:\/\/product-guide.org\/\"},{\"@type\":\"ListItem\",\"position\":2,\"name\":\"Ergebnisse\",\"item\":\"https:\/\/product-guide.org\/de\/ergebnisse\/\"},{\"@type\":\"ListItem\",\"position\":3,\"name\":\"4,57 \u20ac\/l 7 UP Tropical, Sodagetr\u00e4nk | usa-food\"}]},{\"@type\":\"WebSite\",\"@id\":\"https:\/\/product-guide.org\/#website\",\"url\":\"https:\/\/product-guide.org\/\",\"name\":\"Product-Guide.org\",\"description\":\"What Product are you looking for?\",\"publisher\":{\"@id\":\"https:\/\/product-guide.org\/#organization\"},\"potentialAction\":[{\"@type\":\"SearchAction\",\"target\":{\"@type\":\"EntryPoint\",\"urlTemplate\":\"https:\/\/product-guide.org\/?s={search_term_string}\"},\"query-input\":{\"@type\":\"PropertyValueSpecification\",\"valueRequired\":true,\"valueName\":\"search_term_string\"}}],\"inLanguage\":\"en-GB\"},{\"@type\":\"Organization\",\"@id\":\"https:\/\/product-guide.org\/#organization\",\"name\":\"Product-Guide.org\",\"url\":\"https:\/\/product-guide.org\/\",\"logo\":{\"@type\":\"ImageObject\",\"inLanguage\":\"en-GB\",\"@id\":\"https:\/\/product-guide.org\/#\/schema\/logo\/image\/\",\"url\":\"https:\/\/product-guide.org\/wp-content\/uploads\/2022\/07\/logo_transparent_background.png\",\"contentUrl\":\"https:\/\/product-guide.org\/wp-content\/uploads\/2022\/07\/logo_transparent_background.png\",\"width\":3400,\"height\":1132,\"caption\":\"Product-Guide.org\"},\"image\":{\"@id\":\"https:\/\/product-guide.org\/#\/schema\/logo\/image\/\"}}]}<\/script>\n<!-- \/ Yoast SEO plugin. -->","yoast_head_json":{"title":"4,57 \u20ac\/l 7 UP Tropical, Sodagetr\u00e4nk | usa-food | Product-Guide.org","description":"4,57 \u20ac\/l 7 UP Tropical, Sodagetr\u00e4nk | usa-food gefunden von Product-Guide.org","robots":{"index":"index","follow":"follow","max-snippet":"max-snippet:-1","max-image-preview":"max-image-preview:large","max-video-preview":"max-video-preview:-1"},"canonical":"https:\/\/product-guide.org\/en\/produkt\/457-e-l-7-up-tropical-sodagetrank-usa-food\/","og_locale":"en_GB","og_type":"article","og_title":"4,57 \u20ac\/l 7 UP Tropical, Sodagetr\u00e4nk | usa-food | Product-Guide.org","og_description":"4,57 \u20ac\/l 7 UP Tropical, Sodagetr\u00e4nk | usa-food gefunden von Product-Guide.org","og_url":"https:\/\/product-guide.org\/en\/produkt\/457-e-l-7-up-tropical-sodagetrank-usa-food\/","og_site_name":"Product-Guide.org","twitter_card":"summary_large_image","schema":{"@context":"https:\/\/schema.org","@graph":[{"@type":"WebPage","@id":"https:\/\/product-guide.org\/produkt\/457-e-l-7-up-tropical-sodagetrank-usa-food\/","url":"https:\/\/product-guide.org\/produkt\/457-e-l-7-up-tropical-sodagetrank-usa-food\/","name":"4,57 \u20ac\/l 7 UP Tropical, Sodagetr\u00e4nk | usa-food | Product-Guide.org","isPartOf":{"@id":"https:\/\/product-guide.org\/#website"},"primaryImageOfPage":{"@id":"https:\/\/product-guide.org\/produkt\/457-e-l-7-up-tropical-sodagetrank-usa-food\/#primaryimage"},"image":{"@id":"https:\/\/product-guide.org\/produkt\/457-e-l-7-up-tropical-sodagetrank-usa-food\/#primaryimage"},"thumbnailUrl":"https:\/\/product-guide.org\/wp-content\/uploads\/2025\/03\/7-up-tropical-sodagetraenk.jpg","datePublished":"2025-03-17T09:01:18+00:00","description":"4,57 \u20ac\/l 7 UP Tropical, Sodagetr\u00e4nk | usa-food gefunden von Product-Guide.org","breadcrumb":{"@id":"https:\/\/product-guide.org\/produkt\/457-e-l-7-up-tropical-sodagetrank-usa-food\/#breadcrumb"},"inLanguage":"en-GB","potentialAction":[{"@type":"ReadAction","target":["https:\/\/product-guide.org\/produkt\/457-e-l-7-up-tropical-sodagetrank-usa-food\/"]}]},{"@type":"ImageObject","inLanguage":"en-GB","@id":"https:\/\/product-guide.org\/produkt\/457-e-l-7-up-tropical-sodagetrank-usa-food\/#primaryimage","url":"https:\/\/product-guide.org\/wp-content\/uploads\/2025\/03\/7-up-tropical-sodagetraenk.jpg","contentUrl":"https:\/\/product-guide.org\/wp-content\/uploads\/2025\/03\/7-up-tropical-sodagetraenk.jpg","width":1000,"height":1000},{"@type":"BreadcrumbList","@id":"https:\/\/product-guide.org\/produkt\/457-e-l-7-up-tropical-sodagetrank-usa-food\/#breadcrumb","itemListElement":[{"@type":"ListItem","position":1,"name":"Home","item":"https:\/\/product-guide.org\/"},{"@type":"ListItem","position":2,"name":"Ergebnisse","item":"https:\/\/product-guide.org\/de\/ergebnisse\/"},{"@type":"ListItem","position":3,"name":"4,57 \u20ac\/l 7 UP Tropical, Sodagetr\u00e4nk | usa-food"}]},{"@type":"WebSite","@id":"https:\/\/product-guide.org\/#website","url":"https:\/\/product-guide.org\/","name":"Product-Guide.org","description":"What Product are you looking for?","publisher":{"@id":"https:\/\/product-guide.org\/#organization"},"potentialAction":[{"@type":"SearchAction","target":{"@type":"EntryPoint","urlTemplate":"https:\/\/product-guide.org\/?s={search_term_string}"},"query-input":{"@type":"PropertyValueSpecification","valueRequired":true,"valueName":"search_term_string"}}],"inLanguage":"en-GB"},{"@type":"Organization","@id":"https:\/\/product-guide.org\/#organization","name":"Product-Guide.org","url":"https:\/\/product-guide.org\/","logo":{"@type":"ImageObject","inLanguage":"en-GB","@id":"https:\/\/product-guide.org\/#\/schema\/logo\/image\/","url":"https:\/\/product-guide.org\/wp-content\/uploads\/2022\/07\/logo_transparent_background.png","contentUrl":"https:\/\/product-guide.org\/wp-content\/uploads\/2022\/07\/logo_transparent_background.png","width":3400,"height":1132,"caption":"Product-Guide.org"},"image":{"@id":"https:\/\/product-guide.org\/#\/schema\/logo\/image\/"}}]}},"_links":{"self":[{"href":"https:\/\/product-guide.org\/en\/wp-json\/wp\/v2\/product\/46343","targetHints":{"allow":["GET"]}}],"collection":[{"href":"https:\/\/product-guide.org\/en\/wp-json\/wp\/v2\/product"}],"about":[{"href":"https:\/\/product-guide.org\/en\/wp-json\/wp\/v2\/types\/product"}],"wp:featuredmedia":[{"embeddable":true,"href":"https:\/\/product-guide.org\/en\/wp-json\/wp\/v2\/media\/46342"}],"wp:attachment":[{"href":"https:\/\/product-guide.org\/en\/wp-json\/wp\/v2\/media?parent=46343"}],"wp:term":[{"taxonomy":"store","embeddable":true,"href":"https:\/\/product-guide.org\/en\/wp-json\/wp\/v2\/store?post=46343"},{"taxonomy":"product_brand","embeddable":true,"href":"https:\/\/product-guide.org\/en\/wp-json\/wp\/v2\/product_brand?post=46343"},{"taxonomy":"product_cat","embeddable":true,"href":"https:\/\/product-guide.org\/en\/wp-json\/wp\/v2\/product_cat?post=46343"},{"taxonomy":"product_tag","embeddable":true,"href":"https:\/\/product-guide.org\/en\/wp-json\/wp\/v2\/product_tag?post=46343"}],"curies":[{"name":"wp","href":"https:\/\/api.w.org\/{rel}","templated":true}]}}