{"id":46367,"date":"2025-03-17T10:01:37","date_gmt":"2025-03-17T09:01:37","guid":{"rendered":"https:\/\/product-guide.org\/produkt\/451-e-l-canada-dry-ginger-ale-355-ml-usa-food\/"},"modified":"2025-03-17T10:01:38","modified_gmt":"2025-03-17T09:01:38","slug":"451-e-l-canada-dry-ginger-ale-355-ml-usa-food","status":"publish","type":"product","link":"https:\/\/product-guide.org\/en\/produkt\/451-e-l-canada-dry-ginger-ale-355-ml-usa-food\/","title":{"rendered":"4,51 \u20ac\/l Canada Dry Ginger Ale, 355 ml | usa-food"},"content":{"rendered":"<p>Erfrischen Sie sich mit dem unverwechselbaren Geschmack von Canada Dry Ginger Ale ! Mit seinem sanft prickelnden Aroma und dem ausgewogenen Geschmack von Ingwer ist dieses klassische Erfrischungsgetr\u00e4nk perfekt f\u00fcr jede Gelegenheit. Ob pur, auf Eis oder als Mixer f\u00fcr Cocktails \u2013 Canada Dry Ginger Ale bietet eine erfrischende und belebende Note, die weltweit gesch\u00e4tzt wird. Genie\u00dfen Sie es k\u00fchl und lassen Sie sich von der perfekten Balance zwischen S\u00fc\u00dfe und w\u00fcrzigem Ingwer verzaubern. Inhalt: 355 ml Verwendung: Ideal als Erfrischungsgetr\u00e4nk oder als Mixer f\u00fcr Cocktails.<\/p>\n","protected":false},"excerpt":{"rendered":"<p>Erfrischen Sie sich mit dem unverwechselbaren Geschmack von Canada Dry Ginger Ale ! Mit seinem sanft prickelnden Aroma und dem ausgewogenen Geschmack von Ingwer ist dieses klassische Erfrischungsgetr\u00e4nk perfekt f\u00fcr jede Gelegenheit. Ob pur, auf Eis oder als Mixer f\u00fcr Cocktails \u2013 Canada Dry Ginger Ale bietet eine erfrischende und belebende Note, die weltweit gesch\u00e4tzt [&hellip;]<\/p>\n","protected":false},"featured_media":46366,"template":"","meta":{"_gspb_post_css":""},"store":[],"product_brand":[1321],"product_cat":[1290],"product_tag":[],"class_list":{"0":"post-46367","1":"product","2":"type-product","3":"status-publish","4":"has-post-thumbnail","6":"product_brand-usa-food","7":"product_cat-uncategorized","9":"first","10":"instock","11":"shipping-taxable","12":"purchasable","13":"product-type-simple"},"yoast_head":"<!-- This site is optimized with the Yoast SEO plugin v24.6 - https:\/\/yoast.com\/wordpress\/plugins\/seo\/ -->\n<title>4,51 \u20ac\/l Canada Dry Ginger Ale, 355 ml | usa-food | Product-Guide.org<\/title>\n<meta name=\"description\" content=\"4,51 \u20ac\/l Canada Dry Ginger Ale, 355 ml | usa-food gefunden von Product-Guide.org\" \/>\n<meta name=\"robots\" content=\"index, follow, max-snippet:-1, max-image-preview:large, max-video-preview:-1\" \/>\n<link rel=\"canonical\" href=\"https:\/\/product-guide.org\/en\/produkt\/451-e-l-canada-dry-ginger-ale-355-ml-usa-food\/\" \/>\n<meta property=\"og:locale\" content=\"en_GB\" \/>\n<meta property=\"og:type\" content=\"article\" \/>\n<meta property=\"og:title\" content=\"4,51 \u20ac\/l Canada Dry Ginger Ale, 355 ml | usa-food | Product-Guide.org\" \/>\n<meta property=\"og:description\" content=\"4,51 \u20ac\/l Canada Dry Ginger Ale, 355 ml | usa-food gefunden von Product-Guide.org\" \/>\n<meta property=\"og:url\" content=\"https:\/\/product-guide.org\/en\/produkt\/451-e-l-canada-dry-ginger-ale-355-ml-usa-food\/\" \/>\n<meta property=\"og:site_name\" content=\"Product-Guide.org\" \/>\n<meta property=\"article:modified_time\" content=\"2025-03-17T09:01:38+00:00\" \/>\n<meta name=\"twitter:card\" content=\"summary_large_image\" \/>\n<script type=\"application\/ld+json\" class=\"yoast-schema-graph\">{\"@context\":\"https:\/\/schema.org\",\"@graph\":[{\"@type\":\"WebPage\",\"@id\":\"https:\/\/product-guide.org\/produkt\/451-e-l-canada-dry-ginger-ale-355-ml-usa-food\/\",\"url\":\"https:\/\/product-guide.org\/produkt\/451-e-l-canada-dry-ginger-ale-355-ml-usa-food\/\",\"name\":\"4,51 \u20ac\/l Canada Dry Ginger Ale, 355 ml | usa-food | Product-Guide.org\",\"isPartOf\":{\"@id\":\"https:\/\/product-guide.org\/#website\"},\"primaryImageOfPage\":{\"@id\":\"https:\/\/product-guide.org\/produkt\/451-e-l-canada-dry-ginger-ale-355-ml-usa-food\/#primaryimage\"},\"image\":{\"@id\":\"https:\/\/product-guide.org\/produkt\/451-e-l-canada-dry-ginger-ale-355-ml-usa-food\/#primaryimage\"},\"thumbnailUrl\":\"https:\/\/product-guide.org\/wp-content\/uploads\/2025\/03\/canada-dry-ginger-ale-355-ml.jpg\",\"datePublished\":\"2025-03-17T09:01:37+00:00\",\"dateModified\":\"2025-03-17T09:01:38+00:00\",\"description\":\"4,51 \u20ac\/l Canada Dry Ginger Ale, 355 ml | usa-food gefunden von Product-Guide.org\",\"breadcrumb\":{\"@id\":\"https:\/\/product-guide.org\/produkt\/451-e-l-canada-dry-ginger-ale-355-ml-usa-food\/#breadcrumb\"},\"inLanguage\":\"en-GB\",\"potentialAction\":[{\"@type\":\"ReadAction\",\"target\":[\"https:\/\/product-guide.org\/produkt\/451-e-l-canada-dry-ginger-ale-355-ml-usa-food\/\"]}]},{\"@type\":\"ImageObject\",\"inLanguage\":\"en-GB\",\"@id\":\"https:\/\/product-guide.org\/produkt\/451-e-l-canada-dry-ginger-ale-355-ml-usa-food\/#primaryimage\",\"url\":\"https:\/\/product-guide.org\/wp-content\/uploads\/2025\/03\/canada-dry-ginger-ale-355-ml.jpg\",\"contentUrl\":\"https:\/\/product-guide.org\/wp-content\/uploads\/2025\/03\/canada-dry-ginger-ale-355-ml.jpg\",\"width\":1000,\"height\":1000},{\"@type\":\"BreadcrumbList\",\"@id\":\"https:\/\/product-guide.org\/produkt\/451-e-l-canada-dry-ginger-ale-355-ml-usa-food\/#breadcrumb\",\"itemListElement\":[{\"@type\":\"ListItem\",\"position\":1,\"name\":\"Home\",\"item\":\"https:\/\/product-guide.org\/\"},{\"@type\":\"ListItem\",\"position\":2,\"name\":\"Ergebnisse\",\"item\":\"https:\/\/product-guide.org\/de\/ergebnisse\/\"},{\"@type\":\"ListItem\",\"position\":3,\"name\":\"4,51 \u20ac\/l Canada Dry Ginger Ale, 355 ml | usa-food\"}]},{\"@type\":\"WebSite\",\"@id\":\"https:\/\/product-guide.org\/#website\",\"url\":\"https:\/\/product-guide.org\/\",\"name\":\"Product-Guide.org\",\"description\":\"What Product are you looking for?\",\"publisher\":{\"@id\":\"https:\/\/product-guide.org\/#organization\"},\"potentialAction\":[{\"@type\":\"SearchAction\",\"target\":{\"@type\":\"EntryPoint\",\"urlTemplate\":\"https:\/\/product-guide.org\/?s={search_term_string}\"},\"query-input\":{\"@type\":\"PropertyValueSpecification\",\"valueRequired\":true,\"valueName\":\"search_term_string\"}}],\"inLanguage\":\"en-GB\"},{\"@type\":\"Organization\",\"@id\":\"https:\/\/product-guide.org\/#organization\",\"name\":\"Product-Guide.org\",\"url\":\"https:\/\/product-guide.org\/\",\"logo\":{\"@type\":\"ImageObject\",\"inLanguage\":\"en-GB\",\"@id\":\"https:\/\/product-guide.org\/#\/schema\/logo\/image\/\",\"url\":\"https:\/\/product-guide.org\/wp-content\/uploads\/2022\/07\/logo_transparent_background.png\",\"contentUrl\":\"https:\/\/product-guide.org\/wp-content\/uploads\/2022\/07\/logo_transparent_background.png\",\"width\":3400,\"height\":1132,\"caption\":\"Product-Guide.org\"},\"image\":{\"@id\":\"https:\/\/product-guide.org\/#\/schema\/logo\/image\/\"}}]}<\/script>\n<!-- \/ Yoast SEO plugin. -->","yoast_head_json":{"title":"4,51 \u20ac\/l Canada Dry Ginger Ale, 355 ml | usa-food | Product-Guide.org","description":"4,51 \u20ac\/l Canada Dry Ginger Ale, 355 ml | usa-food gefunden von Product-Guide.org","robots":{"index":"index","follow":"follow","max-snippet":"max-snippet:-1","max-image-preview":"max-image-preview:large","max-video-preview":"max-video-preview:-1"},"canonical":"https:\/\/product-guide.org\/en\/produkt\/451-e-l-canada-dry-ginger-ale-355-ml-usa-food\/","og_locale":"en_GB","og_type":"article","og_title":"4,51 \u20ac\/l Canada Dry Ginger Ale, 355 ml | usa-food | Product-Guide.org","og_description":"4,51 \u20ac\/l Canada Dry Ginger Ale, 355 ml | usa-food gefunden von Product-Guide.org","og_url":"https:\/\/product-guide.org\/en\/produkt\/451-e-l-canada-dry-ginger-ale-355-ml-usa-food\/","og_site_name":"Product-Guide.org","article_modified_time":"2025-03-17T09:01:38+00:00","twitter_card":"summary_large_image","schema":{"@context":"https:\/\/schema.org","@graph":[{"@type":"WebPage","@id":"https:\/\/product-guide.org\/produkt\/451-e-l-canada-dry-ginger-ale-355-ml-usa-food\/","url":"https:\/\/product-guide.org\/produkt\/451-e-l-canada-dry-ginger-ale-355-ml-usa-food\/","name":"4,51 \u20ac\/l Canada Dry Ginger Ale, 355 ml | usa-food | Product-Guide.org","isPartOf":{"@id":"https:\/\/product-guide.org\/#website"},"primaryImageOfPage":{"@id":"https:\/\/product-guide.org\/produkt\/451-e-l-canada-dry-ginger-ale-355-ml-usa-food\/#primaryimage"},"image":{"@id":"https:\/\/product-guide.org\/produkt\/451-e-l-canada-dry-ginger-ale-355-ml-usa-food\/#primaryimage"},"thumbnailUrl":"https:\/\/product-guide.org\/wp-content\/uploads\/2025\/03\/canada-dry-ginger-ale-355-ml.jpg","datePublished":"2025-03-17T09:01:37+00:00","dateModified":"2025-03-17T09:01:38+00:00","description":"4,51 \u20ac\/l Canada Dry Ginger Ale, 355 ml | usa-food gefunden von Product-Guide.org","breadcrumb":{"@id":"https:\/\/product-guide.org\/produkt\/451-e-l-canada-dry-ginger-ale-355-ml-usa-food\/#breadcrumb"},"inLanguage":"en-GB","potentialAction":[{"@type":"ReadAction","target":["https:\/\/product-guide.org\/produkt\/451-e-l-canada-dry-ginger-ale-355-ml-usa-food\/"]}]},{"@type":"ImageObject","inLanguage":"en-GB","@id":"https:\/\/product-guide.org\/produkt\/451-e-l-canada-dry-ginger-ale-355-ml-usa-food\/#primaryimage","url":"https:\/\/product-guide.org\/wp-content\/uploads\/2025\/03\/canada-dry-ginger-ale-355-ml.jpg","contentUrl":"https:\/\/product-guide.org\/wp-content\/uploads\/2025\/03\/canada-dry-ginger-ale-355-ml.jpg","width":1000,"height":1000},{"@type":"BreadcrumbList","@id":"https:\/\/product-guide.org\/produkt\/451-e-l-canada-dry-ginger-ale-355-ml-usa-food\/#breadcrumb","itemListElement":[{"@type":"ListItem","position":1,"name":"Home","item":"https:\/\/product-guide.org\/"},{"@type":"ListItem","position":2,"name":"Ergebnisse","item":"https:\/\/product-guide.org\/de\/ergebnisse\/"},{"@type":"ListItem","position":3,"name":"4,51 \u20ac\/l Canada Dry Ginger Ale, 355 ml | usa-food"}]},{"@type":"WebSite","@id":"https:\/\/product-guide.org\/#website","url":"https:\/\/product-guide.org\/","name":"Product-Guide.org","description":"What Product are you looking for?","publisher":{"@id":"https:\/\/product-guide.org\/#organization"},"potentialAction":[{"@type":"SearchAction","target":{"@type":"EntryPoint","urlTemplate":"https:\/\/product-guide.org\/?s={search_term_string}"},"query-input":{"@type":"PropertyValueSpecification","valueRequired":true,"valueName":"search_term_string"}}],"inLanguage":"en-GB"},{"@type":"Organization","@id":"https:\/\/product-guide.org\/#organization","name":"Product-Guide.org","url":"https:\/\/product-guide.org\/","logo":{"@type":"ImageObject","inLanguage":"en-GB","@id":"https:\/\/product-guide.org\/#\/schema\/logo\/image\/","url":"https:\/\/product-guide.org\/wp-content\/uploads\/2022\/07\/logo_transparent_background.png","contentUrl":"https:\/\/product-guide.org\/wp-content\/uploads\/2022\/07\/logo_transparent_background.png","width":3400,"height":1132,"caption":"Product-Guide.org"},"image":{"@id":"https:\/\/product-guide.org\/#\/schema\/logo\/image\/"}}]}},"_links":{"self":[{"href":"https:\/\/product-guide.org\/en\/wp-json\/wp\/v2\/product\/46367","targetHints":{"allow":["GET"]}}],"collection":[{"href":"https:\/\/product-guide.org\/en\/wp-json\/wp\/v2\/product"}],"about":[{"href":"https:\/\/product-guide.org\/en\/wp-json\/wp\/v2\/types\/product"}],"wp:featuredmedia":[{"embeddable":true,"href":"https:\/\/product-guide.org\/en\/wp-json\/wp\/v2\/media\/46366"}],"wp:attachment":[{"href":"https:\/\/product-guide.org\/en\/wp-json\/wp\/v2\/media?parent=46367"}],"wp:term":[{"taxonomy":"store","embeddable":true,"href":"https:\/\/product-guide.org\/en\/wp-json\/wp\/v2\/store?post=46367"},{"taxonomy":"product_brand","embeddable":true,"href":"https:\/\/product-guide.org\/en\/wp-json\/wp\/v2\/product_brand?post=46367"},{"taxonomy":"product_cat","embeddable":true,"href":"https:\/\/product-guide.org\/en\/wp-json\/wp\/v2\/product_cat?post=46367"},{"taxonomy":"product_tag","embeddable":true,"href":"https:\/\/product-guide.org\/en\/wp-json\/wp\/v2\/product_tag?post=46367"}],"curies":[{"name":"wp","href":"https:\/\/api.w.org\/{rel}","templated":true}]}}