{"id":46381,"date":"2025-03-17T10:01:48","date_gmt":"2025-03-17T09:01:48","guid":{"rendered":"https:\/\/product-guide.org\/produkt\/ml-ferrara-pan-chewy-lemonhead-fruit-mix-candy-23g-usa-food\/"},"modified":"2025-03-17T10:01:48","modified_gmt":"2025-03-17T09:01:48","slug":"ml-ferrara-pan-chewy-lemonhead-fruit-mix-candy-23g-usa-food","status":"publish","type":"product","link":"https:\/\/product-guide.org\/en\/produkt\/ml-ferrara-pan-chewy-lemonhead-fruit-mix-candy-23g-usa-food\/","title":{"rendered":"ml Ferrara Pan, Chewy Lemonhead Fruit Mix Candy, 23g | usa-food"},"content":{"rendered":"<p>Chewy Lemonhead Fruit Mix \u2013 Fruchtig, weich und unwiderstehlich Der Chewy Lemonhead Fruit Mix bietet eine aufregende Mischung aus fruchtigen Aromen in einer perfekt weichen und kaubaren Textur. Mit einer Kombination aus s\u00fc\u00dfen und leicht s\u00e4uerlichen Geschmacksrichtungen wie Zitrone, Apfel, Traube und Orange sorgt dieser Mix f\u00fcr ein erfrischendes Geschmackserlebnis bei jedem Bissen. Ideal f\u00fcr unterwegs, zum Teilen oder als s\u00fc\u00dfer Snack zwischendurch! Inhalt:23 g Perfekt f\u00fcr: Unterwegs, kleine Genussmomente oder als bunter Hingucker bei Partys.<\/p>\n","protected":false},"excerpt":{"rendered":"<p>Chewy Lemonhead Fruit Mix \u2013 Fruchtig, weich und unwiderstehlich Der Chewy Lemonhead Fruit Mix bietet eine aufregende Mischung aus fruchtigen Aromen in einer perfekt weichen und kaubaren Textur. Mit einer Kombination aus s\u00fc\u00dfen und leicht s\u00e4uerlichen Geschmacksrichtungen wie Zitrone, Apfel, Traube und Orange sorgt dieser Mix f\u00fcr ein erfrischendes Geschmackserlebnis bei jedem Bissen. Ideal f\u00fcr [&hellip;]<\/p>\n","protected":false},"featured_media":46380,"template":"","meta":{"_gspb_post_css":""},"store":[],"product_brand":[1321],"product_cat":[1290],"product_tag":[],"class_list":{"0":"post-46381","1":"product","2":"type-product","3":"status-publish","4":"has-post-thumbnail","6":"product_brand-usa-food","7":"product_cat-uncategorized","9":"first","10":"instock","11":"shipping-taxable","12":"purchasable","13":"product-type-simple"},"yoast_head":"<!-- This site is optimized with the Yoast SEO plugin v24.6 - https:\/\/yoast.com\/wordpress\/plugins\/seo\/ -->\n<title>ml Ferrara Pan, Chewy Lemonhead Fruit Mix Candy, 23g | usa-food | Product-Guide.org<\/title>\n<meta name=\"description\" content=\"ml Ferrara Pan, Chewy Lemonhead Fruit Mix Candy, 23g | usa-food gefunden von Product-Guide.org\" \/>\n<meta name=\"robots\" content=\"index, follow, max-snippet:-1, max-image-preview:large, max-video-preview:-1\" \/>\n<link rel=\"canonical\" href=\"https:\/\/product-guide.org\/en\/produkt\/ml-ferrara-pan-chewy-lemonhead-fruit-mix-candy-23g-usa-food\/\" \/>\n<meta property=\"og:locale\" content=\"en_GB\" \/>\n<meta property=\"og:type\" content=\"article\" \/>\n<meta property=\"og:title\" content=\"ml Ferrara Pan, Chewy Lemonhead Fruit Mix Candy, 23g | usa-food | Product-Guide.org\" \/>\n<meta property=\"og:description\" content=\"ml Ferrara Pan, Chewy Lemonhead Fruit Mix Candy, 23g | usa-food gefunden von Product-Guide.org\" \/>\n<meta property=\"og:url\" content=\"https:\/\/product-guide.org\/en\/produkt\/ml-ferrara-pan-chewy-lemonhead-fruit-mix-candy-23g-usa-food\/\" \/>\n<meta property=\"og:site_name\" content=\"Product-Guide.org\" \/>\n<meta name=\"twitter:card\" content=\"summary_large_image\" \/>\n<script type=\"application\/ld+json\" class=\"yoast-schema-graph\">{\"@context\":\"https:\/\/schema.org\",\"@graph\":[{\"@type\":\"WebPage\",\"@id\":\"https:\/\/product-guide.org\/produkt\/ml-ferrara-pan-chewy-lemonhead-fruit-mix-candy-23g-usa-food\/\",\"url\":\"https:\/\/product-guide.org\/produkt\/ml-ferrara-pan-chewy-lemonhead-fruit-mix-candy-23g-usa-food\/\",\"name\":\"ml Ferrara Pan, Chewy Lemonhead Fruit Mix Candy, 23g | usa-food | Product-Guide.org\",\"isPartOf\":{\"@id\":\"https:\/\/product-guide.org\/#website\"},\"primaryImageOfPage\":{\"@id\":\"https:\/\/product-guide.org\/produkt\/ml-ferrara-pan-chewy-lemonhead-fruit-mix-candy-23g-usa-food\/#primaryimage\"},\"image\":{\"@id\":\"https:\/\/product-guide.org\/produkt\/ml-ferrara-pan-chewy-lemonhead-fruit-mix-candy-23g-usa-food\/#primaryimage\"},\"thumbnailUrl\":\"https:\/\/product-guide.org\/wp-content\/uploads\/2025\/03\/ferrara-pan-chewy-lemonhead-fruit-mix-candy-23g.jpg\",\"datePublished\":\"2025-03-17T09:01:48+00:00\",\"description\":\"ml Ferrara Pan, Chewy Lemonhead Fruit Mix Candy, 23g | usa-food gefunden von Product-Guide.org\",\"breadcrumb\":{\"@id\":\"https:\/\/product-guide.org\/produkt\/ml-ferrara-pan-chewy-lemonhead-fruit-mix-candy-23g-usa-food\/#breadcrumb\"},\"inLanguage\":\"en-GB\",\"potentialAction\":[{\"@type\":\"ReadAction\",\"target\":[\"https:\/\/product-guide.org\/produkt\/ml-ferrara-pan-chewy-lemonhead-fruit-mix-candy-23g-usa-food\/\"]}]},{\"@type\":\"ImageObject\",\"inLanguage\":\"en-GB\",\"@id\":\"https:\/\/product-guide.org\/produkt\/ml-ferrara-pan-chewy-lemonhead-fruit-mix-candy-23g-usa-food\/#primaryimage\",\"url\":\"https:\/\/product-guide.org\/wp-content\/uploads\/2025\/03\/ferrara-pan-chewy-lemonhead-fruit-mix-candy-23g.jpg\",\"contentUrl\":\"https:\/\/product-guide.org\/wp-content\/uploads\/2025\/03\/ferrara-pan-chewy-lemonhead-fruit-mix-candy-23g.jpg\",\"width\":1000,\"height\":1000},{\"@type\":\"BreadcrumbList\",\"@id\":\"https:\/\/product-guide.org\/produkt\/ml-ferrara-pan-chewy-lemonhead-fruit-mix-candy-23g-usa-food\/#breadcrumb\",\"itemListElement\":[{\"@type\":\"ListItem\",\"position\":1,\"name\":\"Home\",\"item\":\"https:\/\/product-guide.org\/\"},{\"@type\":\"ListItem\",\"position\":2,\"name\":\"Ergebnisse\",\"item\":\"https:\/\/product-guide.org\/de\/ergebnisse\/\"},{\"@type\":\"ListItem\",\"position\":3,\"name\":\"ml Ferrara Pan, Chewy Lemonhead Fruit Mix Candy, 23g | usa-food\"}]},{\"@type\":\"WebSite\",\"@id\":\"https:\/\/product-guide.org\/#website\",\"url\":\"https:\/\/product-guide.org\/\",\"name\":\"Product-Guide.org\",\"description\":\"What Product are you looking for?\",\"publisher\":{\"@id\":\"https:\/\/product-guide.org\/#organization\"},\"potentialAction\":[{\"@type\":\"SearchAction\",\"target\":{\"@type\":\"EntryPoint\",\"urlTemplate\":\"https:\/\/product-guide.org\/?s={search_term_string}\"},\"query-input\":{\"@type\":\"PropertyValueSpecification\",\"valueRequired\":true,\"valueName\":\"search_term_string\"}}],\"inLanguage\":\"en-GB\"},{\"@type\":\"Organization\",\"@id\":\"https:\/\/product-guide.org\/#organization\",\"name\":\"Product-Guide.org\",\"url\":\"https:\/\/product-guide.org\/\",\"logo\":{\"@type\":\"ImageObject\",\"inLanguage\":\"en-GB\",\"@id\":\"https:\/\/product-guide.org\/#\/schema\/logo\/image\/\",\"url\":\"https:\/\/product-guide.org\/wp-content\/uploads\/2022\/07\/logo_transparent_background.png\",\"contentUrl\":\"https:\/\/product-guide.org\/wp-content\/uploads\/2022\/07\/logo_transparent_background.png\",\"width\":3400,\"height\":1132,\"caption\":\"Product-Guide.org\"},\"image\":{\"@id\":\"https:\/\/product-guide.org\/#\/schema\/logo\/image\/\"}}]}<\/script>\n<!-- \/ Yoast SEO plugin. -->","yoast_head_json":{"title":"ml Ferrara Pan, Chewy Lemonhead Fruit Mix Candy, 23g | usa-food | Product-Guide.org","description":"ml Ferrara Pan, Chewy Lemonhead Fruit Mix Candy, 23g | usa-food gefunden von Product-Guide.org","robots":{"index":"index","follow":"follow","max-snippet":"max-snippet:-1","max-image-preview":"max-image-preview:large","max-video-preview":"max-video-preview:-1"},"canonical":"https:\/\/product-guide.org\/en\/produkt\/ml-ferrara-pan-chewy-lemonhead-fruit-mix-candy-23g-usa-food\/","og_locale":"en_GB","og_type":"article","og_title":"ml Ferrara Pan, Chewy Lemonhead Fruit Mix Candy, 23g | usa-food | Product-Guide.org","og_description":"ml Ferrara Pan, Chewy Lemonhead Fruit Mix Candy, 23g | usa-food gefunden von Product-Guide.org","og_url":"https:\/\/product-guide.org\/en\/produkt\/ml-ferrara-pan-chewy-lemonhead-fruit-mix-candy-23g-usa-food\/","og_site_name":"Product-Guide.org","twitter_card":"summary_large_image","schema":{"@context":"https:\/\/schema.org","@graph":[{"@type":"WebPage","@id":"https:\/\/product-guide.org\/produkt\/ml-ferrara-pan-chewy-lemonhead-fruit-mix-candy-23g-usa-food\/","url":"https:\/\/product-guide.org\/produkt\/ml-ferrara-pan-chewy-lemonhead-fruit-mix-candy-23g-usa-food\/","name":"ml Ferrara Pan, Chewy Lemonhead Fruit Mix Candy, 23g | usa-food | Product-Guide.org","isPartOf":{"@id":"https:\/\/product-guide.org\/#website"},"primaryImageOfPage":{"@id":"https:\/\/product-guide.org\/produkt\/ml-ferrara-pan-chewy-lemonhead-fruit-mix-candy-23g-usa-food\/#primaryimage"},"image":{"@id":"https:\/\/product-guide.org\/produkt\/ml-ferrara-pan-chewy-lemonhead-fruit-mix-candy-23g-usa-food\/#primaryimage"},"thumbnailUrl":"https:\/\/product-guide.org\/wp-content\/uploads\/2025\/03\/ferrara-pan-chewy-lemonhead-fruit-mix-candy-23g.jpg","datePublished":"2025-03-17T09:01:48+00:00","description":"ml Ferrara Pan, Chewy Lemonhead Fruit Mix Candy, 23g | usa-food gefunden von Product-Guide.org","breadcrumb":{"@id":"https:\/\/product-guide.org\/produkt\/ml-ferrara-pan-chewy-lemonhead-fruit-mix-candy-23g-usa-food\/#breadcrumb"},"inLanguage":"en-GB","potentialAction":[{"@type":"ReadAction","target":["https:\/\/product-guide.org\/produkt\/ml-ferrara-pan-chewy-lemonhead-fruit-mix-candy-23g-usa-food\/"]}]},{"@type":"ImageObject","inLanguage":"en-GB","@id":"https:\/\/product-guide.org\/produkt\/ml-ferrara-pan-chewy-lemonhead-fruit-mix-candy-23g-usa-food\/#primaryimage","url":"https:\/\/product-guide.org\/wp-content\/uploads\/2025\/03\/ferrara-pan-chewy-lemonhead-fruit-mix-candy-23g.jpg","contentUrl":"https:\/\/product-guide.org\/wp-content\/uploads\/2025\/03\/ferrara-pan-chewy-lemonhead-fruit-mix-candy-23g.jpg","width":1000,"height":1000},{"@type":"BreadcrumbList","@id":"https:\/\/product-guide.org\/produkt\/ml-ferrara-pan-chewy-lemonhead-fruit-mix-candy-23g-usa-food\/#breadcrumb","itemListElement":[{"@type":"ListItem","position":1,"name":"Home","item":"https:\/\/product-guide.org\/"},{"@type":"ListItem","position":2,"name":"Ergebnisse","item":"https:\/\/product-guide.org\/de\/ergebnisse\/"},{"@type":"ListItem","position":3,"name":"ml Ferrara Pan, Chewy Lemonhead Fruit Mix Candy, 23g | usa-food"}]},{"@type":"WebSite","@id":"https:\/\/product-guide.org\/#website","url":"https:\/\/product-guide.org\/","name":"Product-Guide.org","description":"What Product are you looking for?","publisher":{"@id":"https:\/\/product-guide.org\/#organization"},"potentialAction":[{"@type":"SearchAction","target":{"@type":"EntryPoint","urlTemplate":"https:\/\/product-guide.org\/?s={search_term_string}"},"query-input":{"@type":"PropertyValueSpecification","valueRequired":true,"valueName":"search_term_string"}}],"inLanguage":"en-GB"},{"@type":"Organization","@id":"https:\/\/product-guide.org\/#organization","name":"Product-Guide.org","url":"https:\/\/product-guide.org\/","logo":{"@type":"ImageObject","inLanguage":"en-GB","@id":"https:\/\/product-guide.org\/#\/schema\/logo\/image\/","url":"https:\/\/product-guide.org\/wp-content\/uploads\/2022\/07\/logo_transparent_background.png","contentUrl":"https:\/\/product-guide.org\/wp-content\/uploads\/2022\/07\/logo_transparent_background.png","width":3400,"height":1132,"caption":"Product-Guide.org"},"image":{"@id":"https:\/\/product-guide.org\/#\/schema\/logo\/image\/"}}]}},"_links":{"self":[{"href":"https:\/\/product-guide.org\/en\/wp-json\/wp\/v2\/product\/46381","targetHints":{"allow":["GET"]}}],"collection":[{"href":"https:\/\/product-guide.org\/en\/wp-json\/wp\/v2\/product"}],"about":[{"href":"https:\/\/product-guide.org\/en\/wp-json\/wp\/v2\/types\/product"}],"wp:featuredmedia":[{"embeddable":true,"href":"https:\/\/product-guide.org\/en\/wp-json\/wp\/v2\/media\/46380"}],"wp:attachment":[{"href":"https:\/\/product-guide.org\/en\/wp-json\/wp\/v2\/media?parent=46381"}],"wp:term":[{"taxonomy":"store","embeddable":true,"href":"https:\/\/product-guide.org\/en\/wp-json\/wp\/v2\/store?post=46381"},{"taxonomy":"product_brand","embeddable":true,"href":"https:\/\/product-guide.org\/en\/wp-json\/wp\/v2\/product_brand?post=46381"},{"taxonomy":"product_cat","embeddable":true,"href":"https:\/\/product-guide.org\/en\/wp-json\/wp\/v2\/product_cat?post=46381"},{"taxonomy":"product_tag","embeddable":true,"href":"https:\/\/product-guide.org\/en\/wp-json\/wp\/v2\/product_tag?post=46381"}],"curies":[{"name":"wp","href":"https:\/\/api.w.org\/{rel}","templated":true}]}}