{"id":46387,"date":"2025-03-17T10:01:54","date_gmt":"2025-03-17T09:01:54","guid":{"rendered":"https:\/\/product-guide.org\/produkt\/2566-e-herrs-carolina-reaper-flavoured-cheese-curls-usa-food\/"},"modified":"2025-03-17T10:01:54","modified_gmt":"2025-03-17T09:01:54","slug":"2566-e-herrs-carolina-reaper-flavoured-cheese-curls-usa-food","status":"publish","type":"product","link":"https:\/\/product-guide.org\/en\/produkt\/2566-e-herrs-carolina-reaper-flavoured-cheese-curls-usa-food\/","title":{"rendered":"25,66 \u20ac\/ Herrs Carolina Reaper Flavoured Cheese Curls | usa-food"},"content":{"rendered":"<p>Wagen Sie sich an Herrs Carolina Reaper Cheese Curls heran, wenn Sie den ultimativen scharfen Kick suchen! Diese knusprigen K\u00e4selocken sind mit der extrem scharfen Carolina Reaper Chili gew\u00fcrzt und bieten ein intensives Geschmackserlebnis f\u00fcr abenteuerlustige Snacker. Seien Sie bereit f\u00fcr eine geschmackliche Herausforderung, die Ihre Sinne in Flammen setzen wird. Inhalt: 113g<\/p>\n","protected":false},"excerpt":{"rendered":"<p>Wagen Sie sich an Herrs Carolina Reaper Cheese Curls heran, wenn Sie den ultimativen scharfen Kick suchen! Diese knusprigen K\u00e4selocken sind mit der extrem scharfen Carolina Reaper Chili gew\u00fcrzt und bieten ein intensives Geschmackserlebnis f\u00fcr abenteuerlustige Snacker. Seien Sie bereit f\u00fcr eine geschmackliche Herausforderung, die Ihre Sinne in Flammen setzen wird. Inhalt: 113g<\/p>\n","protected":false},"featured_media":46386,"template":"","meta":{"_gspb_post_css":""},"store":[],"product_brand":[1321],"product_cat":[1290],"product_tag":[],"class_list":{"0":"post-46387","1":"product","2":"type-product","3":"status-publish","4":"has-post-thumbnail","6":"product_brand-usa-food","7":"product_cat-uncategorized","9":"first","10":"instock","11":"shipping-taxable","12":"purchasable","13":"product-type-simple"},"yoast_head":"<!-- This site is optimized with the Yoast SEO plugin v24.6 - https:\/\/yoast.com\/wordpress\/plugins\/seo\/ -->\n<title>25,66 \u20ac\/ Herrs Carolina Reaper Flavoured Cheese Curls | usa-food | Product-Guide.org<\/title>\n<meta name=\"description\" content=\"25,66 \u20ac\/ Herrs Carolina Reaper Flavoured Cheese Curls | usa-food gefunden von Product-Guide.org\" \/>\n<meta name=\"robots\" content=\"index, follow, max-snippet:-1, max-image-preview:large, max-video-preview:-1\" \/>\n<link rel=\"canonical\" href=\"https:\/\/product-guide.org\/en\/produkt\/2566-e-herrs-carolina-reaper-flavoured-cheese-curls-usa-food\/\" \/>\n<meta property=\"og:locale\" content=\"en_GB\" \/>\n<meta property=\"og:type\" content=\"article\" \/>\n<meta property=\"og:title\" content=\"25,66 \u20ac\/ Herrs Carolina Reaper Flavoured Cheese Curls | usa-food | Product-Guide.org\" \/>\n<meta property=\"og:description\" content=\"25,66 \u20ac\/ Herrs Carolina Reaper Flavoured Cheese Curls | usa-food gefunden von Product-Guide.org\" \/>\n<meta property=\"og:url\" content=\"https:\/\/product-guide.org\/en\/produkt\/2566-e-herrs-carolina-reaper-flavoured-cheese-curls-usa-food\/\" \/>\n<meta property=\"og:site_name\" content=\"Product-Guide.org\" \/>\n<meta name=\"twitter:card\" content=\"summary_large_image\" \/>\n<script type=\"application\/ld+json\" class=\"yoast-schema-graph\">{\"@context\":\"https:\/\/schema.org\",\"@graph\":[{\"@type\":\"WebPage\",\"@id\":\"https:\/\/product-guide.org\/produkt\/2566-e-herrs-carolina-reaper-flavoured-cheese-curls-usa-food\/\",\"url\":\"https:\/\/product-guide.org\/produkt\/2566-e-herrs-carolina-reaper-flavoured-cheese-curls-usa-food\/\",\"name\":\"25,66 \u20ac\/ Herrs Carolina Reaper Flavoured Cheese Curls | usa-food | Product-Guide.org\",\"isPartOf\":{\"@id\":\"https:\/\/product-guide.org\/#website\"},\"primaryImageOfPage\":{\"@id\":\"https:\/\/product-guide.org\/produkt\/2566-e-herrs-carolina-reaper-flavoured-cheese-curls-usa-food\/#primaryimage\"},\"image\":{\"@id\":\"https:\/\/product-guide.org\/produkt\/2566-e-herrs-carolina-reaper-flavoured-cheese-curls-usa-food\/#primaryimage\"},\"thumbnailUrl\":\"https:\/\/product-guide.org\/wp-content\/uploads\/2025\/03\/herrs-carolina-reaper-flavoured-cheese-curls.jpg\",\"datePublished\":\"2025-03-17T09:01:54+00:00\",\"description\":\"25,66 \u20ac\/ Herrs Carolina Reaper Flavoured Cheese Curls | usa-food gefunden von Product-Guide.org\",\"breadcrumb\":{\"@id\":\"https:\/\/product-guide.org\/produkt\/2566-e-herrs-carolina-reaper-flavoured-cheese-curls-usa-food\/#breadcrumb\"},\"inLanguage\":\"en-GB\",\"potentialAction\":[{\"@type\":\"ReadAction\",\"target\":[\"https:\/\/product-guide.org\/produkt\/2566-e-herrs-carolina-reaper-flavoured-cheese-curls-usa-food\/\"]}]},{\"@type\":\"ImageObject\",\"inLanguage\":\"en-GB\",\"@id\":\"https:\/\/product-guide.org\/produkt\/2566-e-herrs-carolina-reaper-flavoured-cheese-curls-usa-food\/#primaryimage\",\"url\":\"https:\/\/product-guide.org\/wp-content\/uploads\/2025\/03\/herrs-carolina-reaper-flavoured-cheese-curls.jpg\",\"contentUrl\":\"https:\/\/product-guide.org\/wp-content\/uploads\/2025\/03\/herrs-carolina-reaper-flavoured-cheese-curls.jpg\",\"width\":1000,\"height\":1000},{\"@type\":\"BreadcrumbList\",\"@id\":\"https:\/\/product-guide.org\/produkt\/2566-e-herrs-carolina-reaper-flavoured-cheese-curls-usa-food\/#breadcrumb\",\"itemListElement\":[{\"@type\":\"ListItem\",\"position\":1,\"name\":\"Home\",\"item\":\"https:\/\/product-guide.org\/\"},{\"@type\":\"ListItem\",\"position\":2,\"name\":\"Ergebnisse\",\"item\":\"https:\/\/product-guide.org\/de\/ergebnisse\/\"},{\"@type\":\"ListItem\",\"position\":3,\"name\":\"25,66 \u20ac\/ Herrs Carolina Reaper Flavoured Cheese Curls | usa-food\"}]},{\"@type\":\"WebSite\",\"@id\":\"https:\/\/product-guide.org\/#website\",\"url\":\"https:\/\/product-guide.org\/\",\"name\":\"Product-Guide.org\",\"description\":\"What Product are you looking for?\",\"publisher\":{\"@id\":\"https:\/\/product-guide.org\/#organization\"},\"potentialAction\":[{\"@type\":\"SearchAction\",\"target\":{\"@type\":\"EntryPoint\",\"urlTemplate\":\"https:\/\/product-guide.org\/?s={search_term_string}\"},\"query-input\":{\"@type\":\"PropertyValueSpecification\",\"valueRequired\":true,\"valueName\":\"search_term_string\"}}],\"inLanguage\":\"en-GB\"},{\"@type\":\"Organization\",\"@id\":\"https:\/\/product-guide.org\/#organization\",\"name\":\"Product-Guide.org\",\"url\":\"https:\/\/product-guide.org\/\",\"logo\":{\"@type\":\"ImageObject\",\"inLanguage\":\"en-GB\",\"@id\":\"https:\/\/product-guide.org\/#\/schema\/logo\/image\/\",\"url\":\"https:\/\/product-guide.org\/wp-content\/uploads\/2022\/07\/logo_transparent_background.png\",\"contentUrl\":\"https:\/\/product-guide.org\/wp-content\/uploads\/2022\/07\/logo_transparent_background.png\",\"width\":3400,\"height\":1132,\"caption\":\"Product-Guide.org\"},\"image\":{\"@id\":\"https:\/\/product-guide.org\/#\/schema\/logo\/image\/\"}}]}<\/script>\n<!-- \/ Yoast SEO plugin. -->","yoast_head_json":{"title":"25,66 \u20ac\/ Herrs Carolina Reaper Flavoured Cheese Curls | usa-food | Product-Guide.org","description":"25,66 \u20ac\/ Herrs Carolina Reaper Flavoured Cheese Curls | usa-food gefunden von Product-Guide.org","robots":{"index":"index","follow":"follow","max-snippet":"max-snippet:-1","max-image-preview":"max-image-preview:large","max-video-preview":"max-video-preview:-1"},"canonical":"https:\/\/product-guide.org\/en\/produkt\/2566-e-herrs-carolina-reaper-flavoured-cheese-curls-usa-food\/","og_locale":"en_GB","og_type":"article","og_title":"25,66 \u20ac\/ Herrs Carolina Reaper Flavoured Cheese Curls | usa-food | Product-Guide.org","og_description":"25,66 \u20ac\/ Herrs Carolina Reaper Flavoured Cheese Curls | usa-food gefunden von Product-Guide.org","og_url":"https:\/\/product-guide.org\/en\/produkt\/2566-e-herrs-carolina-reaper-flavoured-cheese-curls-usa-food\/","og_site_name":"Product-Guide.org","twitter_card":"summary_large_image","schema":{"@context":"https:\/\/schema.org","@graph":[{"@type":"WebPage","@id":"https:\/\/product-guide.org\/produkt\/2566-e-herrs-carolina-reaper-flavoured-cheese-curls-usa-food\/","url":"https:\/\/product-guide.org\/produkt\/2566-e-herrs-carolina-reaper-flavoured-cheese-curls-usa-food\/","name":"25,66 \u20ac\/ Herrs Carolina Reaper Flavoured Cheese Curls | usa-food | Product-Guide.org","isPartOf":{"@id":"https:\/\/product-guide.org\/#website"},"primaryImageOfPage":{"@id":"https:\/\/product-guide.org\/produkt\/2566-e-herrs-carolina-reaper-flavoured-cheese-curls-usa-food\/#primaryimage"},"image":{"@id":"https:\/\/product-guide.org\/produkt\/2566-e-herrs-carolina-reaper-flavoured-cheese-curls-usa-food\/#primaryimage"},"thumbnailUrl":"https:\/\/product-guide.org\/wp-content\/uploads\/2025\/03\/herrs-carolina-reaper-flavoured-cheese-curls.jpg","datePublished":"2025-03-17T09:01:54+00:00","description":"25,66 \u20ac\/ Herrs Carolina Reaper Flavoured Cheese Curls | usa-food gefunden von Product-Guide.org","breadcrumb":{"@id":"https:\/\/product-guide.org\/produkt\/2566-e-herrs-carolina-reaper-flavoured-cheese-curls-usa-food\/#breadcrumb"},"inLanguage":"en-GB","potentialAction":[{"@type":"ReadAction","target":["https:\/\/product-guide.org\/produkt\/2566-e-herrs-carolina-reaper-flavoured-cheese-curls-usa-food\/"]}]},{"@type":"ImageObject","inLanguage":"en-GB","@id":"https:\/\/product-guide.org\/produkt\/2566-e-herrs-carolina-reaper-flavoured-cheese-curls-usa-food\/#primaryimage","url":"https:\/\/product-guide.org\/wp-content\/uploads\/2025\/03\/herrs-carolina-reaper-flavoured-cheese-curls.jpg","contentUrl":"https:\/\/product-guide.org\/wp-content\/uploads\/2025\/03\/herrs-carolina-reaper-flavoured-cheese-curls.jpg","width":1000,"height":1000},{"@type":"BreadcrumbList","@id":"https:\/\/product-guide.org\/produkt\/2566-e-herrs-carolina-reaper-flavoured-cheese-curls-usa-food\/#breadcrumb","itemListElement":[{"@type":"ListItem","position":1,"name":"Home","item":"https:\/\/product-guide.org\/"},{"@type":"ListItem","position":2,"name":"Ergebnisse","item":"https:\/\/product-guide.org\/de\/ergebnisse\/"},{"@type":"ListItem","position":3,"name":"25,66 \u20ac\/ Herrs Carolina Reaper Flavoured Cheese Curls | usa-food"}]},{"@type":"WebSite","@id":"https:\/\/product-guide.org\/#website","url":"https:\/\/product-guide.org\/","name":"Product-Guide.org","description":"What Product are you looking for?","publisher":{"@id":"https:\/\/product-guide.org\/#organization"},"potentialAction":[{"@type":"SearchAction","target":{"@type":"EntryPoint","urlTemplate":"https:\/\/product-guide.org\/?s={search_term_string}"},"query-input":{"@type":"PropertyValueSpecification","valueRequired":true,"valueName":"search_term_string"}}],"inLanguage":"en-GB"},{"@type":"Organization","@id":"https:\/\/product-guide.org\/#organization","name":"Product-Guide.org","url":"https:\/\/product-guide.org\/","logo":{"@type":"ImageObject","inLanguage":"en-GB","@id":"https:\/\/product-guide.org\/#\/schema\/logo\/image\/","url":"https:\/\/product-guide.org\/wp-content\/uploads\/2022\/07\/logo_transparent_background.png","contentUrl":"https:\/\/product-guide.org\/wp-content\/uploads\/2022\/07\/logo_transparent_background.png","width":3400,"height":1132,"caption":"Product-Guide.org"},"image":{"@id":"https:\/\/product-guide.org\/#\/schema\/logo\/image\/"}}]}},"_links":{"self":[{"href":"https:\/\/product-guide.org\/en\/wp-json\/wp\/v2\/product\/46387","targetHints":{"allow":["GET"]}}],"collection":[{"href":"https:\/\/product-guide.org\/en\/wp-json\/wp\/v2\/product"}],"about":[{"href":"https:\/\/product-guide.org\/en\/wp-json\/wp\/v2\/types\/product"}],"wp:featuredmedia":[{"embeddable":true,"href":"https:\/\/product-guide.org\/en\/wp-json\/wp\/v2\/media\/46386"}],"wp:attachment":[{"href":"https:\/\/product-guide.org\/en\/wp-json\/wp\/v2\/media?parent=46387"}],"wp:term":[{"taxonomy":"store","embeddable":true,"href":"https:\/\/product-guide.org\/en\/wp-json\/wp\/v2\/store?post=46387"},{"taxonomy":"product_brand","embeddable":true,"href":"https:\/\/product-guide.org\/en\/wp-json\/wp\/v2\/product_brand?post=46387"},{"taxonomy":"product_cat","embeddable":true,"href":"https:\/\/product-guide.org\/en\/wp-json\/wp\/v2\/product_cat?post=46387"},{"taxonomy":"product_tag","embeddable":true,"href":"https:\/\/product-guide.org\/en\/wp-json\/wp\/v2\/product_tag?post=46387"}],"curies":[{"name":"wp","href":"https:\/\/api.w.org\/{rel}","templated":true}]}}