{"id":46431,"date":"2025-03-17T10:02:26","date_gmt":"2025-03-17T09:02:26","guid":{"rendered":"https:\/\/product-guide.org\/produkt\/rindsledergurtel-westerngurtel-wg-40-38-inch-96-cm-usa-food\/"},"modified":"2025-03-17T10:02:26","modified_gmt":"2025-03-17T09:02:26","slug":"rindsledergurtel-westerngurtel-wg-40-38-inch-96-cm-usa-food","status":"publish","type":"product","link":"https:\/\/product-guide.org\/en\/produkt\/rindsledergurtel-westerngurtel-wg-40-38-inch-96-cm-usa-food\/","title":{"rendered":"Rindslederg\u00fcrtel, Westerng\u00fcrtel WG-40 38 inch = 96 cm | usa-food"},"content":{"rendered":"<p>Westerng\u00fcrtel\/Rindslederg\u00fcrtel mit austauschbarer Schnalle in schwarzen Rindsleder.Robuster G\u00fcrtel in gewohnt hoher Qualit\u00e4t der Marke Stars&#038;Stripes. Made in Mexico Material: Rindsleder Infos zum Messen Ihrer G\u00fcrtell\u00e4nge: Die G\u00fcrtell\u00e4nge k\u00f6nnen Sie anhand der Abbildung ermitteln. Gemessen wird die bn\u00f6tigte L\u00e4nge von der Schnalle bis zum mittleren Loch. Die restlichen L\u00f6cher sind der Spielraum f\u00fcr leichte Gewichtszunahme bzw. G.-abnahme. Ist Ihre G\u00fcrtell\u00e4nge nicht angegeben, kontaktieren Sie uns bitte. Wir bestellen verbindlich diverse G\u00fcrtell\u00e4ngen auf Anfrage.<\/p>\n","protected":false},"excerpt":{"rendered":"<p>Westerng\u00fcrtel\/Rindslederg\u00fcrtel mit austauschbarer Schnalle in schwarzen Rindsleder.Robuster G\u00fcrtel in gewohnt hoher Qualit\u00e4t der Marke Stars&#038;Stripes. Made in Mexico Material: Rindsleder Infos zum Messen Ihrer G\u00fcrtell\u00e4nge: Die G\u00fcrtell\u00e4nge k\u00f6nnen Sie anhand der Abbildung ermitteln. Gemessen wird die bn\u00f6tigte L\u00e4nge von der Schnalle bis zum mittleren Loch. Die restlichen L\u00f6cher sind der Spielraum f\u00fcr leichte Gewichtszunahme bzw. [&hellip;]<\/p>\n","protected":false},"featured_media":46408,"template":"","meta":{"_gspb_post_css":""},"store":[],"product_brand":[1321],"product_cat":[1290],"product_tag":[],"class_list":{"0":"post-46431","1":"product","2":"type-product","3":"status-publish","4":"has-post-thumbnail","6":"product_brand-usa-food","7":"product_cat-uncategorized","9":"first","10":"instock","11":"shipping-taxable","12":"purchasable","13":"product-type-simple"},"yoast_head":"<!-- This site is optimized with the Yoast SEO plugin v24.6 - https:\/\/yoast.com\/wordpress\/plugins\/seo\/ -->\n<title>Rindslederg\u00fcrtel, Westerng\u00fcrtel WG-40 38 inch = 96 cm | usa-food | Product-Guide.org<\/title>\n<meta name=\"description\" content=\"Rindslederg\u00fcrtel, Westerng\u00fcrtel WG-40 38 inch = 96 cm | usa-food gefunden von Product-Guide.org\" \/>\n<meta name=\"robots\" content=\"index, follow, max-snippet:-1, max-image-preview:large, max-video-preview:-1\" \/>\n<link rel=\"canonical\" href=\"https:\/\/product-guide.org\/en\/produkt\/rindsledergurtel-westerngurtel-wg-40-38-inch-96-cm-usa-food\/\" \/>\n<meta property=\"og:locale\" content=\"en_GB\" \/>\n<meta property=\"og:type\" content=\"article\" \/>\n<meta property=\"og:title\" content=\"Rindslederg\u00fcrtel, Westerng\u00fcrtel WG-40 38 inch = 96 cm | usa-food | Product-Guide.org\" \/>\n<meta property=\"og:description\" content=\"Rindslederg\u00fcrtel, Westerng\u00fcrtel WG-40 38 inch = 96 cm | usa-food gefunden von Product-Guide.org\" \/>\n<meta property=\"og:url\" content=\"https:\/\/product-guide.org\/en\/produkt\/rindsledergurtel-westerngurtel-wg-40-38-inch-96-cm-usa-food\/\" \/>\n<meta property=\"og:site_name\" content=\"Product-Guide.org\" \/>\n<meta name=\"twitter:card\" content=\"summary_large_image\" \/>\n<script type=\"application\/ld+json\" class=\"yoast-schema-graph\">{\"@context\":\"https:\/\/schema.org\",\"@graph\":[{\"@type\":\"WebPage\",\"@id\":\"https:\/\/product-guide.org\/produkt\/rindsledergurtel-westerngurtel-wg-40-38-inch-96-cm-usa-food\/\",\"url\":\"https:\/\/product-guide.org\/produkt\/rindsledergurtel-westerngurtel-wg-40-38-inch-96-cm-usa-food\/\",\"name\":\"Rindslederg\u00fcrtel, Westerng\u00fcrtel WG-40 38 inch = 96 cm | usa-food | Product-Guide.org\",\"isPartOf\":{\"@id\":\"https:\/\/product-guide.org\/#website\"},\"primaryImageOfPage\":{\"@id\":\"https:\/\/product-guide.org\/produkt\/rindsledergurtel-westerngurtel-wg-40-38-inch-96-cm-usa-food\/#primaryimage\"},\"image\":{\"@id\":\"https:\/\/product-guide.org\/produkt\/rindsledergurtel-westerngurtel-wg-40-38-inch-96-cm-usa-food\/#primaryimage\"},\"thumbnailUrl\":\"https:\/\/product-guide.org\/wp-content\/uploads\/2025\/03\/keinBild-2.gif\",\"datePublished\":\"2025-03-17T09:02:26+00:00\",\"description\":\"Rindslederg\u00fcrtel, Westerng\u00fcrtel WG-40 38 inch = 96 cm | usa-food gefunden von Product-Guide.org\",\"breadcrumb\":{\"@id\":\"https:\/\/product-guide.org\/produkt\/rindsledergurtel-westerngurtel-wg-40-38-inch-96-cm-usa-food\/#breadcrumb\"},\"inLanguage\":\"en-GB\",\"potentialAction\":[{\"@type\":\"ReadAction\",\"target\":[\"https:\/\/product-guide.org\/produkt\/rindsledergurtel-westerngurtel-wg-40-38-inch-96-cm-usa-food\/\"]}]},{\"@type\":\"ImageObject\",\"inLanguage\":\"en-GB\",\"@id\":\"https:\/\/product-guide.org\/produkt\/rindsledergurtel-westerngurtel-wg-40-38-inch-96-cm-usa-food\/#primaryimage\",\"url\":\"https:\/\/product-guide.org\/wp-content\/uploads\/2025\/03\/keinBild-2.gif\",\"contentUrl\":\"https:\/\/product-guide.org\/wp-content\/uploads\/2025\/03\/keinBild-2.gif\",\"width\":130,\"height\":130},{\"@type\":\"BreadcrumbList\",\"@id\":\"https:\/\/product-guide.org\/produkt\/rindsledergurtel-westerngurtel-wg-40-38-inch-96-cm-usa-food\/#breadcrumb\",\"itemListElement\":[{\"@type\":\"ListItem\",\"position\":1,\"name\":\"Home\",\"item\":\"https:\/\/product-guide.org\/\"},{\"@type\":\"ListItem\",\"position\":2,\"name\":\"Ergebnisse\",\"item\":\"https:\/\/product-guide.org\/de\/ergebnisse\/\"},{\"@type\":\"ListItem\",\"position\":3,\"name\":\"Rindslederg\u00fcrtel, Westerng\u00fcrtel WG-40 38 inch = 96 cm | usa-food\"}]},{\"@type\":\"WebSite\",\"@id\":\"https:\/\/product-guide.org\/#website\",\"url\":\"https:\/\/product-guide.org\/\",\"name\":\"Product-Guide.org\",\"description\":\"What Product are you looking for?\",\"publisher\":{\"@id\":\"https:\/\/product-guide.org\/#organization\"},\"potentialAction\":[{\"@type\":\"SearchAction\",\"target\":{\"@type\":\"EntryPoint\",\"urlTemplate\":\"https:\/\/product-guide.org\/?s={search_term_string}\"},\"query-input\":{\"@type\":\"PropertyValueSpecification\",\"valueRequired\":true,\"valueName\":\"search_term_string\"}}],\"inLanguage\":\"en-GB\"},{\"@type\":\"Organization\",\"@id\":\"https:\/\/product-guide.org\/#organization\",\"name\":\"Product-Guide.org\",\"url\":\"https:\/\/product-guide.org\/\",\"logo\":{\"@type\":\"ImageObject\",\"inLanguage\":\"en-GB\",\"@id\":\"https:\/\/product-guide.org\/#\/schema\/logo\/image\/\",\"url\":\"https:\/\/product-guide.org\/wp-content\/uploads\/2022\/07\/logo_transparent_background.png\",\"contentUrl\":\"https:\/\/product-guide.org\/wp-content\/uploads\/2022\/07\/logo_transparent_background.png\",\"width\":3400,\"height\":1132,\"caption\":\"Product-Guide.org\"},\"image\":{\"@id\":\"https:\/\/product-guide.org\/#\/schema\/logo\/image\/\"}}]}<\/script>\n<!-- \/ Yoast SEO plugin. -->","yoast_head_json":{"title":"Rindslederg\u00fcrtel, Westerng\u00fcrtel WG-40 38 inch = 96 cm | usa-food | Product-Guide.org","description":"Rindslederg\u00fcrtel, Westerng\u00fcrtel WG-40 38 inch = 96 cm | usa-food gefunden von Product-Guide.org","robots":{"index":"index","follow":"follow","max-snippet":"max-snippet:-1","max-image-preview":"max-image-preview:large","max-video-preview":"max-video-preview:-1"},"canonical":"https:\/\/product-guide.org\/en\/produkt\/rindsledergurtel-westerngurtel-wg-40-38-inch-96-cm-usa-food\/","og_locale":"en_GB","og_type":"article","og_title":"Rindslederg\u00fcrtel, Westerng\u00fcrtel WG-40 38 inch = 96 cm | usa-food | Product-Guide.org","og_description":"Rindslederg\u00fcrtel, Westerng\u00fcrtel WG-40 38 inch = 96 cm | usa-food gefunden von Product-Guide.org","og_url":"https:\/\/product-guide.org\/en\/produkt\/rindsledergurtel-westerngurtel-wg-40-38-inch-96-cm-usa-food\/","og_site_name":"Product-Guide.org","twitter_card":"summary_large_image","schema":{"@context":"https:\/\/schema.org","@graph":[{"@type":"WebPage","@id":"https:\/\/product-guide.org\/produkt\/rindsledergurtel-westerngurtel-wg-40-38-inch-96-cm-usa-food\/","url":"https:\/\/product-guide.org\/produkt\/rindsledergurtel-westerngurtel-wg-40-38-inch-96-cm-usa-food\/","name":"Rindslederg\u00fcrtel, Westerng\u00fcrtel WG-40 38 inch = 96 cm | usa-food | Product-Guide.org","isPartOf":{"@id":"https:\/\/product-guide.org\/#website"},"primaryImageOfPage":{"@id":"https:\/\/product-guide.org\/produkt\/rindsledergurtel-westerngurtel-wg-40-38-inch-96-cm-usa-food\/#primaryimage"},"image":{"@id":"https:\/\/product-guide.org\/produkt\/rindsledergurtel-westerngurtel-wg-40-38-inch-96-cm-usa-food\/#primaryimage"},"thumbnailUrl":"https:\/\/product-guide.org\/wp-content\/uploads\/2025\/03\/keinBild-2.gif","datePublished":"2025-03-17T09:02:26+00:00","description":"Rindslederg\u00fcrtel, Westerng\u00fcrtel WG-40 38 inch = 96 cm | usa-food gefunden von Product-Guide.org","breadcrumb":{"@id":"https:\/\/product-guide.org\/produkt\/rindsledergurtel-westerngurtel-wg-40-38-inch-96-cm-usa-food\/#breadcrumb"},"inLanguage":"en-GB","potentialAction":[{"@type":"ReadAction","target":["https:\/\/product-guide.org\/produkt\/rindsledergurtel-westerngurtel-wg-40-38-inch-96-cm-usa-food\/"]}]},{"@type":"ImageObject","inLanguage":"en-GB","@id":"https:\/\/product-guide.org\/produkt\/rindsledergurtel-westerngurtel-wg-40-38-inch-96-cm-usa-food\/#primaryimage","url":"https:\/\/product-guide.org\/wp-content\/uploads\/2025\/03\/keinBild-2.gif","contentUrl":"https:\/\/product-guide.org\/wp-content\/uploads\/2025\/03\/keinBild-2.gif","width":130,"height":130},{"@type":"BreadcrumbList","@id":"https:\/\/product-guide.org\/produkt\/rindsledergurtel-westerngurtel-wg-40-38-inch-96-cm-usa-food\/#breadcrumb","itemListElement":[{"@type":"ListItem","position":1,"name":"Home","item":"https:\/\/product-guide.org\/"},{"@type":"ListItem","position":2,"name":"Ergebnisse","item":"https:\/\/product-guide.org\/de\/ergebnisse\/"},{"@type":"ListItem","position":3,"name":"Rindslederg\u00fcrtel, Westerng\u00fcrtel WG-40 38 inch = 96 cm | usa-food"}]},{"@type":"WebSite","@id":"https:\/\/product-guide.org\/#website","url":"https:\/\/product-guide.org\/","name":"Product-Guide.org","description":"What Product are you looking for?","publisher":{"@id":"https:\/\/product-guide.org\/#organization"},"potentialAction":[{"@type":"SearchAction","target":{"@type":"EntryPoint","urlTemplate":"https:\/\/product-guide.org\/?s={search_term_string}"},"query-input":{"@type":"PropertyValueSpecification","valueRequired":true,"valueName":"search_term_string"}}],"inLanguage":"en-GB"},{"@type":"Organization","@id":"https:\/\/product-guide.org\/#organization","name":"Product-Guide.org","url":"https:\/\/product-guide.org\/","logo":{"@type":"ImageObject","inLanguage":"en-GB","@id":"https:\/\/product-guide.org\/#\/schema\/logo\/image\/","url":"https:\/\/product-guide.org\/wp-content\/uploads\/2022\/07\/logo_transparent_background.png","contentUrl":"https:\/\/product-guide.org\/wp-content\/uploads\/2022\/07\/logo_transparent_background.png","width":3400,"height":1132,"caption":"Product-Guide.org"},"image":{"@id":"https:\/\/product-guide.org\/#\/schema\/logo\/image\/"}}]}},"_links":{"self":[{"href":"https:\/\/product-guide.org\/en\/wp-json\/wp\/v2\/product\/46431","targetHints":{"allow":["GET"]}}],"collection":[{"href":"https:\/\/product-guide.org\/en\/wp-json\/wp\/v2\/product"}],"about":[{"href":"https:\/\/product-guide.org\/en\/wp-json\/wp\/v2\/types\/product"}],"wp:featuredmedia":[{"embeddable":true,"href":"https:\/\/product-guide.org\/en\/wp-json\/wp\/v2\/media\/46408"}],"wp:attachment":[{"href":"https:\/\/product-guide.org\/en\/wp-json\/wp\/v2\/media?parent=46431"}],"wp:term":[{"taxonomy":"store","embeddable":true,"href":"https:\/\/product-guide.org\/en\/wp-json\/wp\/v2\/store?post=46431"},{"taxonomy":"product_brand","embeddable":true,"href":"https:\/\/product-guide.org\/en\/wp-json\/wp\/v2\/product_brand?post=46431"},{"taxonomy":"product_cat","embeddable":true,"href":"https:\/\/product-guide.org\/en\/wp-json\/wp\/v2\/product_cat?post=46431"},{"taxonomy":"product_tag","embeddable":true,"href":"https:\/\/product-guide.org\/en\/wp-json\/wp\/v2\/product_tag?post=46431"}],"curies":[{"name":"wp","href":"https:\/\/api.w.org\/{rel}","templated":true}]}}