{"id":46438,"date":"2025-03-17T10:02:30","date_gmt":"2025-03-17T09:02:30","guid":{"rendered":"https:\/\/product-guide.org\/produkt\/2321-e-sour-punch-bite-pickle-roulette-usa-food\/"},"modified":"2025-03-17T10:02:30","modified_gmt":"2025-03-17T09:02:30","slug":"2321-e-sour-punch-bite-pickle-roulette-usa-food","status":"publish","type":"product","link":"https:\/\/product-guide.org\/en\/produkt\/2321-e-sour-punch-bite-pickle-roulette-usa-food\/","title":{"rendered":"23,21 \u20ac\/ Sour Punch Bite, Pickle Roulette | usa-food"},"content":{"rendered":"<p>Erleben Sie den aufregenden Geschmack von Sour Punch Bites, Pickle Roulette. Diese einzigartige Mischung aus sauren Leckereien kombiniert den klassischen Sour Punch-Geschmack mit einer aufregenden Wendung &#8211; einem Hauch von pikantem Gurkengeschmack. Jede Packung Sour Punch Bites, Pickle Roulette bietet eine bunte Vielfalt an sauren Leckereien in Form von Stangen, Schn\u00fcren und Bites. Der erfrischende Geschmack von Gurken verleiht jedem Biss eine \u00fcberraschende Note und sorgt f\u00fcr ein unvergessliches Geschmackserlebnis. Inhalt: 140g<\/p>\n","protected":false},"excerpt":{"rendered":"<p>Erleben Sie den aufregenden Geschmack von Sour Punch Bites, Pickle Roulette. Diese einzigartige Mischung aus sauren Leckereien kombiniert den klassischen Sour Punch-Geschmack mit einer aufregenden Wendung &#8211; einem Hauch von pikantem Gurkengeschmack. Jede Packung Sour Punch Bites, Pickle Roulette bietet eine bunte Vielfalt an sauren Leckereien in Form von Stangen, Schn\u00fcren und Bites. Der erfrischende [&hellip;]<\/p>\n","protected":false},"featured_media":46437,"template":"","meta":{"_gspb_post_css":""},"store":[],"product_brand":[1321],"product_cat":[1290],"product_tag":[],"class_list":{"0":"post-46438","1":"product","2":"type-product","3":"status-publish","4":"has-post-thumbnail","6":"product_brand-usa-food","7":"product_cat-uncategorized","9":"first","10":"instock","11":"shipping-taxable","12":"purchasable","13":"product-type-simple"},"yoast_head":"<!-- This site is optimized with the Yoast SEO plugin v24.6 - https:\/\/yoast.com\/wordpress\/plugins\/seo\/ -->\n<title>23,21 \u20ac\/ Sour Punch Bite, Pickle Roulette | usa-food | Product-Guide.org<\/title>\n<meta name=\"description\" content=\"23,21 \u20ac\/ Sour Punch Bite, Pickle Roulette | usa-food gefunden von Product-Guide.org\" \/>\n<meta name=\"robots\" content=\"index, follow, max-snippet:-1, max-image-preview:large, max-video-preview:-1\" \/>\n<link rel=\"canonical\" href=\"https:\/\/product-guide.org\/en\/produkt\/2321-e-sour-punch-bite-pickle-roulette-usa-food\/\" \/>\n<meta property=\"og:locale\" content=\"en_GB\" \/>\n<meta property=\"og:type\" content=\"article\" \/>\n<meta property=\"og:title\" content=\"23,21 \u20ac\/ Sour Punch Bite, Pickle Roulette | usa-food | Product-Guide.org\" \/>\n<meta property=\"og:description\" content=\"23,21 \u20ac\/ Sour Punch Bite, Pickle Roulette | usa-food gefunden von Product-Guide.org\" \/>\n<meta property=\"og:url\" content=\"https:\/\/product-guide.org\/en\/produkt\/2321-e-sour-punch-bite-pickle-roulette-usa-food\/\" \/>\n<meta property=\"og:site_name\" content=\"Product-Guide.org\" \/>\n<meta name=\"twitter:card\" content=\"summary_large_image\" \/>\n<script type=\"application\/ld+json\" class=\"yoast-schema-graph\">{\"@context\":\"https:\/\/schema.org\",\"@graph\":[{\"@type\":\"WebPage\",\"@id\":\"https:\/\/product-guide.org\/produkt\/2321-e-sour-punch-bite-pickle-roulette-usa-food\/\",\"url\":\"https:\/\/product-guide.org\/produkt\/2321-e-sour-punch-bite-pickle-roulette-usa-food\/\",\"name\":\"23,21 \u20ac\/ Sour Punch Bite, Pickle Roulette | usa-food | Product-Guide.org\",\"isPartOf\":{\"@id\":\"https:\/\/product-guide.org\/#website\"},\"primaryImageOfPage\":{\"@id\":\"https:\/\/product-guide.org\/produkt\/2321-e-sour-punch-bite-pickle-roulette-usa-food\/#primaryimage\"},\"image\":{\"@id\":\"https:\/\/product-guide.org\/produkt\/2321-e-sour-punch-bite-pickle-roulette-usa-food\/#primaryimage\"},\"thumbnailUrl\":\"https:\/\/product-guide.org\/wp-content\/uploads\/2025\/03\/sour-punch-bite-pickle-roulette.jpg\",\"datePublished\":\"2025-03-17T09:02:30+00:00\",\"description\":\"23,21 \u20ac\/ Sour Punch Bite, Pickle Roulette | usa-food gefunden von Product-Guide.org\",\"breadcrumb\":{\"@id\":\"https:\/\/product-guide.org\/produkt\/2321-e-sour-punch-bite-pickle-roulette-usa-food\/#breadcrumb\"},\"inLanguage\":\"en-GB\",\"potentialAction\":[{\"@type\":\"ReadAction\",\"target\":[\"https:\/\/product-guide.org\/produkt\/2321-e-sour-punch-bite-pickle-roulette-usa-food\/\"]}]},{\"@type\":\"ImageObject\",\"inLanguage\":\"en-GB\",\"@id\":\"https:\/\/product-guide.org\/produkt\/2321-e-sour-punch-bite-pickle-roulette-usa-food\/#primaryimage\",\"url\":\"https:\/\/product-guide.org\/wp-content\/uploads\/2025\/03\/sour-punch-bite-pickle-roulette.jpg\",\"contentUrl\":\"https:\/\/product-guide.org\/wp-content\/uploads\/2025\/03\/sour-punch-bite-pickle-roulette.jpg\",\"width\":1000,\"height\":1000},{\"@type\":\"BreadcrumbList\",\"@id\":\"https:\/\/product-guide.org\/produkt\/2321-e-sour-punch-bite-pickle-roulette-usa-food\/#breadcrumb\",\"itemListElement\":[{\"@type\":\"ListItem\",\"position\":1,\"name\":\"Home\",\"item\":\"https:\/\/product-guide.org\/\"},{\"@type\":\"ListItem\",\"position\":2,\"name\":\"Ergebnisse\",\"item\":\"https:\/\/product-guide.org\/de\/ergebnisse\/\"},{\"@type\":\"ListItem\",\"position\":3,\"name\":\"23,21 \u20ac\/ Sour Punch Bite, Pickle Roulette | usa-food\"}]},{\"@type\":\"WebSite\",\"@id\":\"https:\/\/product-guide.org\/#website\",\"url\":\"https:\/\/product-guide.org\/\",\"name\":\"Product-Guide.org\",\"description\":\"What Product are you looking for?\",\"publisher\":{\"@id\":\"https:\/\/product-guide.org\/#organization\"},\"potentialAction\":[{\"@type\":\"SearchAction\",\"target\":{\"@type\":\"EntryPoint\",\"urlTemplate\":\"https:\/\/product-guide.org\/?s={search_term_string}\"},\"query-input\":{\"@type\":\"PropertyValueSpecification\",\"valueRequired\":true,\"valueName\":\"search_term_string\"}}],\"inLanguage\":\"en-GB\"},{\"@type\":\"Organization\",\"@id\":\"https:\/\/product-guide.org\/#organization\",\"name\":\"Product-Guide.org\",\"url\":\"https:\/\/product-guide.org\/\",\"logo\":{\"@type\":\"ImageObject\",\"inLanguage\":\"en-GB\",\"@id\":\"https:\/\/product-guide.org\/#\/schema\/logo\/image\/\",\"url\":\"https:\/\/product-guide.org\/wp-content\/uploads\/2022\/07\/logo_transparent_background.png\",\"contentUrl\":\"https:\/\/product-guide.org\/wp-content\/uploads\/2022\/07\/logo_transparent_background.png\",\"width\":3400,\"height\":1132,\"caption\":\"Product-Guide.org\"},\"image\":{\"@id\":\"https:\/\/product-guide.org\/#\/schema\/logo\/image\/\"}}]}<\/script>\n<!-- \/ Yoast SEO plugin. -->","yoast_head_json":{"title":"23,21 \u20ac\/ Sour Punch Bite, Pickle Roulette | usa-food | Product-Guide.org","description":"23,21 \u20ac\/ Sour Punch Bite, Pickle Roulette | usa-food gefunden von Product-Guide.org","robots":{"index":"index","follow":"follow","max-snippet":"max-snippet:-1","max-image-preview":"max-image-preview:large","max-video-preview":"max-video-preview:-1"},"canonical":"https:\/\/product-guide.org\/en\/produkt\/2321-e-sour-punch-bite-pickle-roulette-usa-food\/","og_locale":"en_GB","og_type":"article","og_title":"23,21 \u20ac\/ Sour Punch Bite, Pickle Roulette | usa-food | Product-Guide.org","og_description":"23,21 \u20ac\/ Sour Punch Bite, Pickle Roulette | usa-food gefunden von Product-Guide.org","og_url":"https:\/\/product-guide.org\/en\/produkt\/2321-e-sour-punch-bite-pickle-roulette-usa-food\/","og_site_name":"Product-Guide.org","twitter_card":"summary_large_image","schema":{"@context":"https:\/\/schema.org","@graph":[{"@type":"WebPage","@id":"https:\/\/product-guide.org\/produkt\/2321-e-sour-punch-bite-pickle-roulette-usa-food\/","url":"https:\/\/product-guide.org\/produkt\/2321-e-sour-punch-bite-pickle-roulette-usa-food\/","name":"23,21 \u20ac\/ Sour Punch Bite, Pickle Roulette | usa-food | Product-Guide.org","isPartOf":{"@id":"https:\/\/product-guide.org\/#website"},"primaryImageOfPage":{"@id":"https:\/\/product-guide.org\/produkt\/2321-e-sour-punch-bite-pickle-roulette-usa-food\/#primaryimage"},"image":{"@id":"https:\/\/product-guide.org\/produkt\/2321-e-sour-punch-bite-pickle-roulette-usa-food\/#primaryimage"},"thumbnailUrl":"https:\/\/product-guide.org\/wp-content\/uploads\/2025\/03\/sour-punch-bite-pickle-roulette.jpg","datePublished":"2025-03-17T09:02:30+00:00","description":"23,21 \u20ac\/ Sour Punch Bite, Pickle Roulette | usa-food gefunden von Product-Guide.org","breadcrumb":{"@id":"https:\/\/product-guide.org\/produkt\/2321-e-sour-punch-bite-pickle-roulette-usa-food\/#breadcrumb"},"inLanguage":"en-GB","potentialAction":[{"@type":"ReadAction","target":["https:\/\/product-guide.org\/produkt\/2321-e-sour-punch-bite-pickle-roulette-usa-food\/"]}]},{"@type":"ImageObject","inLanguage":"en-GB","@id":"https:\/\/product-guide.org\/produkt\/2321-e-sour-punch-bite-pickle-roulette-usa-food\/#primaryimage","url":"https:\/\/product-guide.org\/wp-content\/uploads\/2025\/03\/sour-punch-bite-pickle-roulette.jpg","contentUrl":"https:\/\/product-guide.org\/wp-content\/uploads\/2025\/03\/sour-punch-bite-pickle-roulette.jpg","width":1000,"height":1000},{"@type":"BreadcrumbList","@id":"https:\/\/product-guide.org\/produkt\/2321-e-sour-punch-bite-pickle-roulette-usa-food\/#breadcrumb","itemListElement":[{"@type":"ListItem","position":1,"name":"Home","item":"https:\/\/product-guide.org\/"},{"@type":"ListItem","position":2,"name":"Ergebnisse","item":"https:\/\/product-guide.org\/de\/ergebnisse\/"},{"@type":"ListItem","position":3,"name":"23,21 \u20ac\/ Sour Punch Bite, Pickle Roulette | usa-food"}]},{"@type":"WebSite","@id":"https:\/\/product-guide.org\/#website","url":"https:\/\/product-guide.org\/","name":"Product-Guide.org","description":"What Product are you looking for?","publisher":{"@id":"https:\/\/product-guide.org\/#organization"},"potentialAction":[{"@type":"SearchAction","target":{"@type":"EntryPoint","urlTemplate":"https:\/\/product-guide.org\/?s={search_term_string}"},"query-input":{"@type":"PropertyValueSpecification","valueRequired":true,"valueName":"search_term_string"}}],"inLanguage":"en-GB"},{"@type":"Organization","@id":"https:\/\/product-guide.org\/#organization","name":"Product-Guide.org","url":"https:\/\/product-guide.org\/","logo":{"@type":"ImageObject","inLanguage":"en-GB","@id":"https:\/\/product-guide.org\/#\/schema\/logo\/image\/","url":"https:\/\/product-guide.org\/wp-content\/uploads\/2022\/07\/logo_transparent_background.png","contentUrl":"https:\/\/product-guide.org\/wp-content\/uploads\/2022\/07\/logo_transparent_background.png","width":3400,"height":1132,"caption":"Product-Guide.org"},"image":{"@id":"https:\/\/product-guide.org\/#\/schema\/logo\/image\/"}}]}},"_links":{"self":[{"href":"https:\/\/product-guide.org\/en\/wp-json\/wp\/v2\/product\/46438","targetHints":{"allow":["GET"]}}],"collection":[{"href":"https:\/\/product-guide.org\/en\/wp-json\/wp\/v2\/product"}],"about":[{"href":"https:\/\/product-guide.org\/en\/wp-json\/wp\/v2\/types\/product"}],"wp:featuredmedia":[{"embeddable":true,"href":"https:\/\/product-guide.org\/en\/wp-json\/wp\/v2\/media\/46437"}],"wp:attachment":[{"href":"https:\/\/product-guide.org\/en\/wp-json\/wp\/v2\/media?parent=46438"}],"wp:term":[{"taxonomy":"store","embeddable":true,"href":"https:\/\/product-guide.org\/en\/wp-json\/wp\/v2\/store?post=46438"},{"taxonomy":"product_brand","embeddable":true,"href":"https:\/\/product-guide.org\/en\/wp-json\/wp\/v2\/product_brand?post=46438"},{"taxonomy":"product_cat","embeddable":true,"href":"https:\/\/product-guide.org\/en\/wp-json\/wp\/v2\/product_cat?post=46438"},{"taxonomy":"product_tag","embeddable":true,"href":"https:\/\/product-guide.org\/en\/wp-json\/wp\/v2\/product_tag?post=46438"}],"curies":[{"name":"wp","href":"https:\/\/api.w.org\/{rel}","templated":true}]}}