{"id":46460,"date":"2025-03-17T10:02:47","date_gmt":"2025-03-17T09:02:47","guid":{"rendered":"https:\/\/product-guide.org\/produkt\/3er-set-kindergeschirr-miamio\/"},"modified":"2025-03-17T10:02:48","modified_gmt":"2025-03-17T09:02:48","slug":"3er-set-kindergeschirr-miamio","status":"publish","type":"product","link":"https:\/\/product-guide.org\/en\/produkt\/3er-set-kindergeschirr-miamio\/","title":{"rendered":"3er-Set Kindergeschirr | MIAMIO"},"content":{"rendered":"<p>Dieses ansprechende Kindergeschirr Set, bestehend aus einem Teller, einer Tasse und einer Sch\u00fcssel, die mit Kinderillustrationen verziert sind. Kinderteller sind ideal f\u00fcr alle Mahlzeiten, einschlie\u00dflich Fr\u00fchst\u00fcck, Mittagessen, Abendessen und nahrhafte Snacks. Das Geschirr-Set f\u00fcr Kleinkinder schafft eine angenehme Atmosph\u00e4re, die Kinder oder Kleinkinder zu ges\u00fcnderen Essgewohnheiten motiviert.<\/p>\n","protected":false},"excerpt":{"rendered":"<p>Dieses ansprechende Kindergeschirr Set, bestehend aus einem Teller, einer Tasse und einer Sch\u00fcssel, die mit Kinderillustrationen verziert sind. Kinderteller sind ideal f\u00fcr alle Mahlzeiten, einschlie\u00dflich Fr\u00fchst\u00fcck, Mittagessen, Abendessen und nahrhafte Snacks. Das Geschirr-Set f\u00fcr Kleinkinder schafft eine angenehme Atmosph\u00e4re, die Kinder oder Kleinkinder zu ges\u00fcnderen Essgewohnheiten motiviert.<\/p>\n","protected":false},"featured_media":46459,"template":"","meta":{"_gspb_post_css":""},"store":[],"product_brand":[1323],"product_cat":[1290],"product_tag":[],"class_list":{"0":"post-46460","1":"product","2":"type-product","3":"status-publish","4":"has-post-thumbnail","6":"product_brand-miamio","7":"product_cat-uncategorized","9":"first","10":"instock","11":"shipping-taxable","12":"purchasable","13":"product-type-simple"},"yoast_head":"<!-- This site is optimized with the Yoast SEO plugin v24.6 - https:\/\/yoast.com\/wordpress\/plugins\/seo\/ -->\n<title>3er-Set Kindergeschirr | MIAMIO | Product-Guide.org<\/title>\n<meta name=\"description\" content=\"3er-Set Kindergeschirr | MIAMIO gefunden von Product-Guide.org\" \/>\n<meta name=\"robots\" content=\"index, follow, max-snippet:-1, max-image-preview:large, max-video-preview:-1\" \/>\n<link rel=\"canonical\" href=\"https:\/\/product-guide.org\/en\/produkt\/3er-set-kindergeschirr-miamio\/\" \/>\n<meta property=\"og:locale\" content=\"en_GB\" \/>\n<meta property=\"og:type\" content=\"article\" \/>\n<meta property=\"og:title\" content=\"3er-Set Kindergeschirr | MIAMIO | Product-Guide.org\" \/>\n<meta property=\"og:description\" content=\"3er-Set Kindergeschirr | MIAMIO gefunden von Product-Guide.org\" \/>\n<meta property=\"og:url\" content=\"https:\/\/product-guide.org\/en\/produkt\/3er-set-kindergeschirr-miamio\/\" \/>\n<meta property=\"og:site_name\" content=\"Product-Guide.org\" \/>\n<meta property=\"article:modified_time\" content=\"2025-03-17T09:02:48+00:00\" \/>\n<meta name=\"twitter:card\" content=\"summary_large_image\" \/>\n<script type=\"application\/ld+json\" class=\"yoast-schema-graph\">{\"@context\":\"https:\/\/schema.org\",\"@graph\":[{\"@type\":\"WebPage\",\"@id\":\"https:\/\/product-guide.org\/produkt\/3er-set-kindergeschirr-miamio\/\",\"url\":\"https:\/\/product-guide.org\/produkt\/3er-set-kindergeschirr-miamio\/\",\"name\":\"3er-Set Kindergeschirr | MIAMIO | Product-Guide.org\",\"isPartOf\":{\"@id\":\"https:\/\/product-guide.org\/#website\"},\"primaryImageOfPage\":{\"@id\":\"https:\/\/product-guide.org\/produkt\/3er-set-kindergeschirr-miamio\/#primaryimage\"},\"image\":{\"@id\":\"https:\/\/product-guide.org\/produkt\/3er-set-kindergeschirr-miamio\/#primaryimage\"},\"thumbnailUrl\":\"https:\/\/product-guide.org\/wp-content\/uploads\/2025\/03\/children_dishware_jungle.jpg\",\"datePublished\":\"2025-03-17T09:02:47+00:00\",\"dateModified\":\"2025-03-17T09:02:48+00:00\",\"description\":\"3er-Set Kindergeschirr | MIAMIO gefunden von Product-Guide.org\",\"breadcrumb\":{\"@id\":\"https:\/\/product-guide.org\/produkt\/3er-set-kindergeschirr-miamio\/#breadcrumb\"},\"inLanguage\":\"en-GB\",\"potentialAction\":[{\"@type\":\"ReadAction\",\"target\":[\"https:\/\/product-guide.org\/produkt\/3er-set-kindergeschirr-miamio\/\"]}]},{\"@type\":\"ImageObject\",\"inLanguage\":\"en-GB\",\"@id\":\"https:\/\/product-guide.org\/produkt\/3er-set-kindergeschirr-miamio\/#primaryimage\",\"url\":\"https:\/\/product-guide.org\/wp-content\/uploads\/2025\/03\/children_dishware_jungle.jpg\",\"contentUrl\":\"https:\/\/product-guide.org\/wp-content\/uploads\/2025\/03\/children_dishware_jungle.jpg\",\"width\":1080,\"height\":1350},{\"@type\":\"BreadcrumbList\",\"@id\":\"https:\/\/product-guide.org\/produkt\/3er-set-kindergeschirr-miamio\/#breadcrumb\",\"itemListElement\":[{\"@type\":\"ListItem\",\"position\":1,\"name\":\"Home\",\"item\":\"https:\/\/product-guide.org\/\"},{\"@type\":\"ListItem\",\"position\":2,\"name\":\"Ergebnisse\",\"item\":\"https:\/\/product-guide.org\/de\/ergebnisse\/\"},{\"@type\":\"ListItem\",\"position\":3,\"name\":\"3er-Set Kindergeschirr | MIAMIO\"}]},{\"@type\":\"WebSite\",\"@id\":\"https:\/\/product-guide.org\/#website\",\"url\":\"https:\/\/product-guide.org\/\",\"name\":\"Product-Guide.org\",\"description\":\"What Product are you looking for?\",\"publisher\":{\"@id\":\"https:\/\/product-guide.org\/#organization\"},\"potentialAction\":[{\"@type\":\"SearchAction\",\"target\":{\"@type\":\"EntryPoint\",\"urlTemplate\":\"https:\/\/product-guide.org\/?s={search_term_string}\"},\"query-input\":{\"@type\":\"PropertyValueSpecification\",\"valueRequired\":true,\"valueName\":\"search_term_string\"}}],\"inLanguage\":\"en-GB\"},{\"@type\":\"Organization\",\"@id\":\"https:\/\/product-guide.org\/#organization\",\"name\":\"Product-Guide.org\",\"url\":\"https:\/\/product-guide.org\/\",\"logo\":{\"@type\":\"ImageObject\",\"inLanguage\":\"en-GB\",\"@id\":\"https:\/\/product-guide.org\/#\/schema\/logo\/image\/\",\"url\":\"https:\/\/product-guide.org\/wp-content\/uploads\/2022\/07\/logo_transparent_background.png\",\"contentUrl\":\"https:\/\/product-guide.org\/wp-content\/uploads\/2022\/07\/logo_transparent_background.png\",\"width\":3400,\"height\":1132,\"caption\":\"Product-Guide.org\"},\"image\":{\"@id\":\"https:\/\/product-guide.org\/#\/schema\/logo\/image\/\"}}]}<\/script>\n<!-- \/ Yoast SEO plugin. -->","yoast_head_json":{"title":"3er-Set Kindergeschirr | MIAMIO | Product-Guide.org","description":"3er-Set Kindergeschirr | MIAMIO gefunden von Product-Guide.org","robots":{"index":"index","follow":"follow","max-snippet":"max-snippet:-1","max-image-preview":"max-image-preview:large","max-video-preview":"max-video-preview:-1"},"canonical":"https:\/\/product-guide.org\/en\/produkt\/3er-set-kindergeschirr-miamio\/","og_locale":"en_GB","og_type":"article","og_title":"3er-Set Kindergeschirr | MIAMIO | Product-Guide.org","og_description":"3er-Set Kindergeschirr | MIAMIO gefunden von Product-Guide.org","og_url":"https:\/\/product-guide.org\/en\/produkt\/3er-set-kindergeschirr-miamio\/","og_site_name":"Product-Guide.org","article_modified_time":"2025-03-17T09:02:48+00:00","twitter_card":"summary_large_image","schema":{"@context":"https:\/\/schema.org","@graph":[{"@type":"WebPage","@id":"https:\/\/product-guide.org\/produkt\/3er-set-kindergeschirr-miamio\/","url":"https:\/\/product-guide.org\/produkt\/3er-set-kindergeschirr-miamio\/","name":"3er-Set Kindergeschirr | MIAMIO | Product-Guide.org","isPartOf":{"@id":"https:\/\/product-guide.org\/#website"},"primaryImageOfPage":{"@id":"https:\/\/product-guide.org\/produkt\/3er-set-kindergeschirr-miamio\/#primaryimage"},"image":{"@id":"https:\/\/product-guide.org\/produkt\/3er-set-kindergeschirr-miamio\/#primaryimage"},"thumbnailUrl":"https:\/\/product-guide.org\/wp-content\/uploads\/2025\/03\/children_dishware_jungle.jpg","datePublished":"2025-03-17T09:02:47+00:00","dateModified":"2025-03-17T09:02:48+00:00","description":"3er-Set Kindergeschirr | MIAMIO gefunden von Product-Guide.org","breadcrumb":{"@id":"https:\/\/product-guide.org\/produkt\/3er-set-kindergeschirr-miamio\/#breadcrumb"},"inLanguage":"en-GB","potentialAction":[{"@type":"ReadAction","target":["https:\/\/product-guide.org\/produkt\/3er-set-kindergeschirr-miamio\/"]}]},{"@type":"ImageObject","inLanguage":"en-GB","@id":"https:\/\/product-guide.org\/produkt\/3er-set-kindergeschirr-miamio\/#primaryimage","url":"https:\/\/product-guide.org\/wp-content\/uploads\/2025\/03\/children_dishware_jungle.jpg","contentUrl":"https:\/\/product-guide.org\/wp-content\/uploads\/2025\/03\/children_dishware_jungle.jpg","width":1080,"height":1350},{"@type":"BreadcrumbList","@id":"https:\/\/product-guide.org\/produkt\/3er-set-kindergeschirr-miamio\/#breadcrumb","itemListElement":[{"@type":"ListItem","position":1,"name":"Home","item":"https:\/\/product-guide.org\/"},{"@type":"ListItem","position":2,"name":"Ergebnisse","item":"https:\/\/product-guide.org\/de\/ergebnisse\/"},{"@type":"ListItem","position":3,"name":"3er-Set Kindergeschirr | MIAMIO"}]},{"@type":"WebSite","@id":"https:\/\/product-guide.org\/#website","url":"https:\/\/product-guide.org\/","name":"Product-Guide.org","description":"What Product are you looking for?","publisher":{"@id":"https:\/\/product-guide.org\/#organization"},"potentialAction":[{"@type":"SearchAction","target":{"@type":"EntryPoint","urlTemplate":"https:\/\/product-guide.org\/?s={search_term_string}"},"query-input":{"@type":"PropertyValueSpecification","valueRequired":true,"valueName":"search_term_string"}}],"inLanguage":"en-GB"},{"@type":"Organization","@id":"https:\/\/product-guide.org\/#organization","name":"Product-Guide.org","url":"https:\/\/product-guide.org\/","logo":{"@type":"ImageObject","inLanguage":"en-GB","@id":"https:\/\/product-guide.org\/#\/schema\/logo\/image\/","url":"https:\/\/product-guide.org\/wp-content\/uploads\/2022\/07\/logo_transparent_background.png","contentUrl":"https:\/\/product-guide.org\/wp-content\/uploads\/2022\/07\/logo_transparent_background.png","width":3400,"height":1132,"caption":"Product-Guide.org"},"image":{"@id":"https:\/\/product-guide.org\/#\/schema\/logo\/image\/"}}]}},"_links":{"self":[{"href":"https:\/\/product-guide.org\/en\/wp-json\/wp\/v2\/product\/46460","targetHints":{"allow":["GET"]}}],"collection":[{"href":"https:\/\/product-guide.org\/en\/wp-json\/wp\/v2\/product"}],"about":[{"href":"https:\/\/product-guide.org\/en\/wp-json\/wp\/v2\/types\/product"}],"wp:featuredmedia":[{"embeddable":true,"href":"https:\/\/product-guide.org\/en\/wp-json\/wp\/v2\/media\/46459"}],"wp:attachment":[{"href":"https:\/\/product-guide.org\/en\/wp-json\/wp\/v2\/media?parent=46460"}],"wp:term":[{"taxonomy":"store","embeddable":true,"href":"https:\/\/product-guide.org\/en\/wp-json\/wp\/v2\/store?post=46460"},{"taxonomy":"product_brand","embeddable":true,"href":"https:\/\/product-guide.org\/en\/wp-json\/wp\/v2\/product_brand?post=46460"},{"taxonomy":"product_cat","embeddable":true,"href":"https:\/\/product-guide.org\/en\/wp-json\/wp\/v2\/product_cat?post=46460"},{"taxonomy":"product_tag","embeddable":true,"href":"https:\/\/product-guide.org\/en\/wp-json\/wp\/v2\/product_tag?post=46460"}],"curies":[{"name":"wp","href":"https:\/\/api.w.org\/{rel}","templated":true}]}}