{"id":46512,"date":"2025-03-17T10:03:56","date_gmt":"2025-03-17T09:03:56","guid":{"rendered":"https:\/\/product-guide.org\/produkt\/3d-katzen-tassen-2er-set-350-ml-miamio\/"},"modified":"2025-03-17T10:03:56","modified_gmt":"2025-03-17T09:03:56","slug":"3d-katzen-tassen-2er-set-350-ml-miamio","status":"publish","type":"product","link":"https:\/\/product-guide.org\/en\/produkt\/3d-katzen-tassen-2er-set-350-ml-miamio\/","title":{"rendered":"3D Katzen Tassen 2er Set 350 ml | MIAMIO"},"content":{"rendered":"<p>Die Geschenkidee f\u00fcr Katzenliebhaber\/innen: Unsere Katzen Tassen sind das optimale Geschenk f\u00fcr verschiedene Anl\u00e4sse wie Weihnachten, Geburtstage, Ostern und Hochzeiten. Mit einer F\u00fcllmenge von 350 ml eignen sie sich perfekt f\u00fcr Hei\u00df- oder Kaltgetr\u00e4nke wie Kaffee oder Tee. Das Set besteht aus 2 unterschiedlichen, dreidimensional gestalteten Tassen. Sie sind leicht zu reinigen, mikrowellen- und sp\u00fclmaschinenfest. Hergestellt aus Keramik sind sie nicht nur als Becher zum Fr\u00fchst\u00fcck geeignet, sondern auch als Deko. Die robusten und langlebigen Tassen werden sicher und umweltgerecht verpackt geliefert und sind somit auch als Geschenk ideal.<\/p>\n","protected":false},"excerpt":{"rendered":"<p>Die Geschenkidee f\u00fcr Katzenliebhaber\/innen: Unsere Katzen Tassen sind das optimale Geschenk f\u00fcr verschiedene Anl\u00e4sse wie Weihnachten, Geburtstage, Ostern und Hochzeiten. Mit einer F\u00fcllmenge von 350 ml eignen sie sich perfekt f\u00fcr Hei\u00df- oder Kaltgetr\u00e4nke wie Kaffee oder Tee. Das Set besteht aus 2 unterschiedlichen, dreidimensional gestalteten Tassen. Sie sind leicht zu reinigen, mikrowellen- und sp\u00fclmaschinenfest. [&hellip;]<\/p>\n","protected":false},"featured_media":46511,"template":"","meta":{"_gspb_post_css":""},"store":[],"product_brand":[1323],"product_cat":[1290],"product_tag":[],"class_list":{"0":"post-46512","1":"product","2":"type-product","3":"status-publish","4":"has-post-thumbnail","6":"product_brand-miamio","7":"product_cat-uncategorized","9":"first","10":"instock","11":"shipping-taxable","12":"purchasable","13":"product-type-simple"},"yoast_head":"<!-- This site is optimized with the Yoast SEO plugin v24.6 - https:\/\/yoast.com\/wordpress\/plugins\/seo\/ -->\n<title>3D Katzen Tassen 2er Set 350 ml | MIAMIO | Product-Guide.org<\/title>\n<meta name=\"description\" content=\"3D Katzen Tassen 2er Set 350 ml | MIAMIO gefunden von Product-Guide.org\" \/>\n<meta name=\"robots\" content=\"index, follow, max-snippet:-1, max-image-preview:large, max-video-preview:-1\" \/>\n<link rel=\"canonical\" href=\"https:\/\/product-guide.org\/en\/produkt\/3d-katzen-tassen-2er-set-350-ml-miamio\/\" \/>\n<meta property=\"og:locale\" content=\"en_GB\" \/>\n<meta property=\"og:type\" content=\"article\" \/>\n<meta property=\"og:title\" content=\"3D Katzen Tassen 2er Set 350 ml | MIAMIO | Product-Guide.org\" \/>\n<meta property=\"og:description\" content=\"3D Katzen Tassen 2er Set 350 ml | MIAMIO gefunden von Product-Guide.org\" \/>\n<meta property=\"og:url\" content=\"https:\/\/product-guide.org\/en\/produkt\/3d-katzen-tassen-2er-set-350-ml-miamio\/\" \/>\n<meta property=\"og:site_name\" content=\"Product-Guide.org\" \/>\n<meta name=\"twitter:card\" content=\"summary_large_image\" \/>\n<script type=\"application\/ld+json\" class=\"yoast-schema-graph\">{\"@context\":\"https:\/\/schema.org\",\"@graph\":[{\"@type\":\"WebPage\",\"@id\":\"https:\/\/product-guide.org\/produkt\/3d-katzen-tassen-2er-set-350-ml-miamio\/\",\"url\":\"https:\/\/product-guide.org\/produkt\/3d-katzen-tassen-2er-set-350-ml-miamio\/\",\"name\":\"3D Katzen Tassen 2er Set 350 ml | MIAMIO | Product-Guide.org\",\"isPartOf\":{\"@id\":\"https:\/\/product-guide.org\/#website\"},\"primaryImageOfPage\":{\"@id\":\"https:\/\/product-guide.org\/produkt\/3d-katzen-tassen-2er-set-350-ml-miamio\/#primaryimage\"},\"image\":{\"@id\":\"https:\/\/product-guide.org\/produkt\/3d-katzen-tassen-2er-set-350-ml-miamio\/#primaryimage\"},\"thumbnailUrl\":\"https:\/\/product-guide.org\/wp-content\/uploads\/2025\/03\/Kissing_cats_2.jpg\",\"datePublished\":\"2025-03-17T09:03:56+00:00\",\"description\":\"3D Katzen Tassen 2er Set 350 ml | MIAMIO gefunden von Product-Guide.org\",\"breadcrumb\":{\"@id\":\"https:\/\/product-guide.org\/produkt\/3d-katzen-tassen-2er-set-350-ml-miamio\/#breadcrumb\"},\"inLanguage\":\"en-GB\",\"potentialAction\":[{\"@type\":\"ReadAction\",\"target\":[\"https:\/\/product-guide.org\/produkt\/3d-katzen-tassen-2er-set-350-ml-miamio\/\"]}]},{\"@type\":\"ImageObject\",\"inLanguage\":\"en-GB\",\"@id\":\"https:\/\/product-guide.org\/produkt\/3d-katzen-tassen-2er-set-350-ml-miamio\/#primaryimage\",\"url\":\"https:\/\/product-guide.org\/wp-content\/uploads\/2025\/03\/Kissing_cats_2.jpg\",\"contentUrl\":\"https:\/\/product-guide.org\/wp-content\/uploads\/2025\/03\/Kissing_cats_2.jpg\",\"width\":1080,\"height\":1350},{\"@type\":\"BreadcrumbList\",\"@id\":\"https:\/\/product-guide.org\/produkt\/3d-katzen-tassen-2er-set-350-ml-miamio\/#breadcrumb\",\"itemListElement\":[{\"@type\":\"ListItem\",\"position\":1,\"name\":\"Home\",\"item\":\"https:\/\/product-guide.org\/\"},{\"@type\":\"ListItem\",\"position\":2,\"name\":\"Ergebnisse\",\"item\":\"https:\/\/product-guide.org\/de\/ergebnisse\/\"},{\"@type\":\"ListItem\",\"position\":3,\"name\":\"3D Katzen Tassen 2er Set 350 ml | MIAMIO\"}]},{\"@type\":\"WebSite\",\"@id\":\"https:\/\/product-guide.org\/#website\",\"url\":\"https:\/\/product-guide.org\/\",\"name\":\"Product-Guide.org\",\"description\":\"What Product are you looking for?\",\"publisher\":{\"@id\":\"https:\/\/product-guide.org\/#organization\"},\"potentialAction\":[{\"@type\":\"SearchAction\",\"target\":{\"@type\":\"EntryPoint\",\"urlTemplate\":\"https:\/\/product-guide.org\/?s={search_term_string}\"},\"query-input\":{\"@type\":\"PropertyValueSpecification\",\"valueRequired\":true,\"valueName\":\"search_term_string\"}}],\"inLanguage\":\"en-GB\"},{\"@type\":\"Organization\",\"@id\":\"https:\/\/product-guide.org\/#organization\",\"name\":\"Product-Guide.org\",\"url\":\"https:\/\/product-guide.org\/\",\"logo\":{\"@type\":\"ImageObject\",\"inLanguage\":\"en-GB\",\"@id\":\"https:\/\/product-guide.org\/#\/schema\/logo\/image\/\",\"url\":\"https:\/\/product-guide.org\/wp-content\/uploads\/2022\/07\/logo_transparent_background.png\",\"contentUrl\":\"https:\/\/product-guide.org\/wp-content\/uploads\/2022\/07\/logo_transparent_background.png\",\"width\":3400,\"height\":1132,\"caption\":\"Product-Guide.org\"},\"image\":{\"@id\":\"https:\/\/product-guide.org\/#\/schema\/logo\/image\/\"}}]}<\/script>\n<!-- \/ Yoast SEO plugin. -->","yoast_head_json":{"title":"3D Katzen Tassen 2er Set 350 ml | MIAMIO | Product-Guide.org","description":"3D Katzen Tassen 2er Set 350 ml | MIAMIO gefunden von Product-Guide.org","robots":{"index":"index","follow":"follow","max-snippet":"max-snippet:-1","max-image-preview":"max-image-preview:large","max-video-preview":"max-video-preview:-1"},"canonical":"https:\/\/product-guide.org\/en\/produkt\/3d-katzen-tassen-2er-set-350-ml-miamio\/","og_locale":"en_GB","og_type":"article","og_title":"3D Katzen Tassen 2er Set 350 ml | MIAMIO | Product-Guide.org","og_description":"3D Katzen Tassen 2er Set 350 ml | MIAMIO gefunden von Product-Guide.org","og_url":"https:\/\/product-guide.org\/en\/produkt\/3d-katzen-tassen-2er-set-350-ml-miamio\/","og_site_name":"Product-Guide.org","twitter_card":"summary_large_image","schema":{"@context":"https:\/\/schema.org","@graph":[{"@type":"WebPage","@id":"https:\/\/product-guide.org\/produkt\/3d-katzen-tassen-2er-set-350-ml-miamio\/","url":"https:\/\/product-guide.org\/produkt\/3d-katzen-tassen-2er-set-350-ml-miamio\/","name":"3D Katzen Tassen 2er Set 350 ml | MIAMIO | Product-Guide.org","isPartOf":{"@id":"https:\/\/product-guide.org\/#website"},"primaryImageOfPage":{"@id":"https:\/\/product-guide.org\/produkt\/3d-katzen-tassen-2er-set-350-ml-miamio\/#primaryimage"},"image":{"@id":"https:\/\/product-guide.org\/produkt\/3d-katzen-tassen-2er-set-350-ml-miamio\/#primaryimage"},"thumbnailUrl":"https:\/\/product-guide.org\/wp-content\/uploads\/2025\/03\/Kissing_cats_2.jpg","datePublished":"2025-03-17T09:03:56+00:00","description":"3D Katzen Tassen 2er Set 350 ml | MIAMIO gefunden von Product-Guide.org","breadcrumb":{"@id":"https:\/\/product-guide.org\/produkt\/3d-katzen-tassen-2er-set-350-ml-miamio\/#breadcrumb"},"inLanguage":"en-GB","potentialAction":[{"@type":"ReadAction","target":["https:\/\/product-guide.org\/produkt\/3d-katzen-tassen-2er-set-350-ml-miamio\/"]}]},{"@type":"ImageObject","inLanguage":"en-GB","@id":"https:\/\/product-guide.org\/produkt\/3d-katzen-tassen-2er-set-350-ml-miamio\/#primaryimage","url":"https:\/\/product-guide.org\/wp-content\/uploads\/2025\/03\/Kissing_cats_2.jpg","contentUrl":"https:\/\/product-guide.org\/wp-content\/uploads\/2025\/03\/Kissing_cats_2.jpg","width":1080,"height":1350},{"@type":"BreadcrumbList","@id":"https:\/\/product-guide.org\/produkt\/3d-katzen-tassen-2er-set-350-ml-miamio\/#breadcrumb","itemListElement":[{"@type":"ListItem","position":1,"name":"Home","item":"https:\/\/product-guide.org\/"},{"@type":"ListItem","position":2,"name":"Ergebnisse","item":"https:\/\/product-guide.org\/de\/ergebnisse\/"},{"@type":"ListItem","position":3,"name":"3D Katzen Tassen 2er Set 350 ml | MIAMIO"}]},{"@type":"WebSite","@id":"https:\/\/product-guide.org\/#website","url":"https:\/\/product-guide.org\/","name":"Product-Guide.org","description":"What Product are you looking for?","publisher":{"@id":"https:\/\/product-guide.org\/#organization"},"potentialAction":[{"@type":"SearchAction","target":{"@type":"EntryPoint","urlTemplate":"https:\/\/product-guide.org\/?s={search_term_string}"},"query-input":{"@type":"PropertyValueSpecification","valueRequired":true,"valueName":"search_term_string"}}],"inLanguage":"en-GB"},{"@type":"Organization","@id":"https:\/\/product-guide.org\/#organization","name":"Product-Guide.org","url":"https:\/\/product-guide.org\/","logo":{"@type":"ImageObject","inLanguage":"en-GB","@id":"https:\/\/product-guide.org\/#\/schema\/logo\/image\/","url":"https:\/\/product-guide.org\/wp-content\/uploads\/2022\/07\/logo_transparent_background.png","contentUrl":"https:\/\/product-guide.org\/wp-content\/uploads\/2022\/07\/logo_transparent_background.png","width":3400,"height":1132,"caption":"Product-Guide.org"},"image":{"@id":"https:\/\/product-guide.org\/#\/schema\/logo\/image\/"}}]}},"_links":{"self":[{"href":"https:\/\/product-guide.org\/en\/wp-json\/wp\/v2\/product\/46512","targetHints":{"allow":["GET"]}}],"collection":[{"href":"https:\/\/product-guide.org\/en\/wp-json\/wp\/v2\/product"}],"about":[{"href":"https:\/\/product-guide.org\/en\/wp-json\/wp\/v2\/types\/product"}],"wp:featuredmedia":[{"embeddable":true,"href":"https:\/\/product-guide.org\/en\/wp-json\/wp\/v2\/media\/46511"}],"wp:attachment":[{"href":"https:\/\/product-guide.org\/en\/wp-json\/wp\/v2\/media?parent=46512"}],"wp:term":[{"taxonomy":"store","embeddable":true,"href":"https:\/\/product-guide.org\/en\/wp-json\/wp\/v2\/store?post=46512"},{"taxonomy":"product_brand","embeddable":true,"href":"https:\/\/product-guide.org\/en\/wp-json\/wp\/v2\/product_brand?post=46512"},{"taxonomy":"product_cat","embeddable":true,"href":"https:\/\/product-guide.org\/en\/wp-json\/wp\/v2\/product_cat?post=46512"},{"taxonomy":"product_tag","embeddable":true,"href":"https:\/\/product-guide.org\/en\/wp-json\/wp\/v2\/product_tag?post=46512"}],"curies":[{"name":"wp","href":"https:\/\/api.w.org\/{rel}","templated":true}]}}