{"id":46585,"date":"2025-03-17T10:05:03","date_gmt":"2025-03-17T09:05:03","guid":{"rendered":"https:\/\/product-guide.org\/produkt\/widerstand-adapter-fur-touch-lichtschalter-w1-livolo-luxus-time\/"},"modified":"2025-03-17T10:05:03","modified_gmt":"2025-03-17T09:05:03","slug":"widerstand-adapter-fur-touch-lichtschalter-w1-livolo-luxus-time","status":"publish","type":"product","link":"https:\/\/product-guide.org\/en\/produkt\/widerstand-adapter-fur-touch-lichtschalter-w1-livolo-luxus-time\/","title":{"rendered":"Widerstand-Adapter f\u00fcr Touch Lichtschalter W1 LIVOLO | Luxus-Time"},"content":{"rendered":"<p>Livolo LEDWiderstandsAdapter W1 Dies ist ein Livolo WiderstandsAdapter f\u00fcr Leuchten unter 20 Watt. Wenn mehrere Leuchten an einem Schalter angeschlossen werden dann z\u00e4hlt die GesamtWattzahl der Leuchten. Bitte beachten Sie dass Sie f\u00fcr folgende Livolo Schalter keinen WiderstandAdapter verwenden d\u00fcrfen VLC701D VLC701DR VLFC1SD12G VLFC1SD2R2G VLFC2D2Z2G VLFC1D2Z2G VLFC1SD2Z2G VLC701SDZ11 VLC701SDZ12 VLC701SDZ13 VLC701SDZ15 Der Adapter k\u00f6nnte \u00fcberlastet werden da beim Herunterdimmen die WattLeis&#8230;<\/p>\n","protected":false},"excerpt":{"rendered":"<p>Livolo LEDWiderstandsAdapter W1 Dies ist ein Livolo WiderstandsAdapter f\u00fcr Leuchten unter 20 Watt. Wenn mehrere Leuchten an einem Schalter angeschlossen werden dann z\u00e4hlt die GesamtWattzahl der Leuchten. Bitte beachten Sie dass Sie f\u00fcr folgende Livolo Schalter keinen WiderstandAdapter verwenden d\u00fcrfen VLC701D VLC701DR VLFC1SD12G VLFC1SD2R2G VLFC2D2Z2G VLFC1D2Z2G VLFC1SD2Z2G VLC701SDZ11 VLC701SDZ12 VLC701SDZ13 VLC701SDZ15 Der Adapter k\u00f6nnte \u00fcberlastet [&hellip;]<\/p>\n","protected":false},"featured_media":46584,"template":"","meta":{"_gspb_post_css":""},"store":[],"product_brand":[1324],"product_cat":[1290],"product_tag":[],"class_list":{"0":"post-46585","1":"product","2":"type-product","3":"status-publish","4":"has-post-thumbnail","6":"product_brand-luxus-time","7":"product_cat-uncategorized","9":"first","10":"instock","11":"shipping-taxable","12":"purchasable","13":"product-type-simple"},"yoast_head":"<!-- This site is optimized with the Yoast SEO plugin v24.6 - https:\/\/yoast.com\/wordpress\/plugins\/seo\/ -->\n<title>Widerstand-Adapter f\u00fcr Touch Lichtschalter W1 LIVOLO | Luxus-Time | Product-Guide.org<\/title>\n<meta name=\"description\" content=\"Widerstand-Adapter f\u00fcr Touch Lichtschalter W1 LIVOLO | Luxus-Time gefunden von Product-Guide.org\" \/>\n<meta name=\"robots\" content=\"index, follow, max-snippet:-1, max-image-preview:large, max-video-preview:-1\" \/>\n<link rel=\"canonical\" href=\"https:\/\/product-guide.org\/en\/produkt\/widerstand-adapter-fur-touch-lichtschalter-w1-livolo-luxus-time\/\" \/>\n<meta property=\"og:locale\" content=\"en_GB\" \/>\n<meta property=\"og:type\" content=\"article\" \/>\n<meta property=\"og:title\" content=\"Widerstand-Adapter f\u00fcr Touch Lichtschalter W1 LIVOLO | Luxus-Time | Product-Guide.org\" \/>\n<meta property=\"og:description\" content=\"Widerstand-Adapter f\u00fcr Touch Lichtschalter W1 LIVOLO | Luxus-Time gefunden von Product-Guide.org\" \/>\n<meta property=\"og:url\" content=\"https:\/\/product-guide.org\/en\/produkt\/widerstand-adapter-fur-touch-lichtschalter-w1-livolo-luxus-time\/\" \/>\n<meta property=\"og:site_name\" content=\"Product-Guide.org\" \/>\n<meta name=\"twitter:card\" content=\"summary_large_image\" \/>\n<script type=\"application\/ld+json\" class=\"yoast-schema-graph\">{\"@context\":\"https:\/\/schema.org\",\"@graph\":[{\"@type\":\"WebPage\",\"@id\":\"https:\/\/product-guide.org\/produkt\/widerstand-adapter-fur-touch-lichtschalter-w1-livolo-luxus-time\/\",\"url\":\"https:\/\/product-guide.org\/produkt\/widerstand-adapter-fur-touch-lichtschalter-w1-livolo-luxus-time\/\",\"name\":\"Widerstand-Adapter f\u00fcr Touch Lichtschalter W1 LIVOLO | Luxus-Time | Product-Guide.org\",\"isPartOf\":{\"@id\":\"https:\/\/product-guide.org\/#website\"},\"primaryImageOfPage\":{\"@id\":\"https:\/\/product-guide.org\/produkt\/widerstand-adapter-fur-touch-lichtschalter-w1-livolo-luxus-time\/#primaryimage\"},\"image\":{\"@id\":\"https:\/\/product-guide.org\/produkt\/widerstand-adapter-fur-touch-lichtschalter-w1-livolo-luxus-time\/#primaryimage\"},\"thumbnailUrl\":\"https:\/\/product-guide.org\/wp-content\/uploads\/2025\/03\/ID_17615_orig_600x600.jpg\",\"datePublished\":\"2025-03-17T09:05:03+00:00\",\"description\":\"Widerstand-Adapter f\u00fcr Touch Lichtschalter W1 LIVOLO | Luxus-Time gefunden von Product-Guide.org\",\"breadcrumb\":{\"@id\":\"https:\/\/product-guide.org\/produkt\/widerstand-adapter-fur-touch-lichtschalter-w1-livolo-luxus-time\/#breadcrumb\"},\"inLanguage\":\"en-GB\",\"potentialAction\":[{\"@type\":\"ReadAction\",\"target\":[\"https:\/\/product-guide.org\/produkt\/widerstand-adapter-fur-touch-lichtschalter-w1-livolo-luxus-time\/\"]}]},{\"@type\":\"ImageObject\",\"inLanguage\":\"en-GB\",\"@id\":\"https:\/\/product-guide.org\/produkt\/widerstand-adapter-fur-touch-lichtschalter-w1-livolo-luxus-time\/#primaryimage\",\"url\":\"https:\/\/product-guide.org\/wp-content\/uploads\/2025\/03\/ID_17615_orig_600x600.jpg\",\"contentUrl\":\"https:\/\/product-guide.org\/wp-content\/uploads\/2025\/03\/ID_17615_orig_600x600.jpg\",\"width\":400,\"height\":349},{\"@type\":\"BreadcrumbList\",\"@id\":\"https:\/\/product-guide.org\/produkt\/widerstand-adapter-fur-touch-lichtschalter-w1-livolo-luxus-time\/#breadcrumb\",\"itemListElement\":[{\"@type\":\"ListItem\",\"position\":1,\"name\":\"Home\",\"item\":\"https:\/\/product-guide.org\/\"},{\"@type\":\"ListItem\",\"position\":2,\"name\":\"Ergebnisse\",\"item\":\"https:\/\/product-guide.org\/de\/ergebnisse\/\"},{\"@type\":\"ListItem\",\"position\":3,\"name\":\"Widerstand-Adapter f\u00fcr Touch Lichtschalter W1 LIVOLO | Luxus-Time\"}]},{\"@type\":\"WebSite\",\"@id\":\"https:\/\/product-guide.org\/#website\",\"url\":\"https:\/\/product-guide.org\/\",\"name\":\"Product-Guide.org\",\"description\":\"What Product are you looking for?\",\"publisher\":{\"@id\":\"https:\/\/product-guide.org\/#organization\"},\"potentialAction\":[{\"@type\":\"SearchAction\",\"target\":{\"@type\":\"EntryPoint\",\"urlTemplate\":\"https:\/\/product-guide.org\/?s={search_term_string}\"},\"query-input\":{\"@type\":\"PropertyValueSpecification\",\"valueRequired\":true,\"valueName\":\"search_term_string\"}}],\"inLanguage\":\"en-GB\"},{\"@type\":\"Organization\",\"@id\":\"https:\/\/product-guide.org\/#organization\",\"name\":\"Product-Guide.org\",\"url\":\"https:\/\/product-guide.org\/\",\"logo\":{\"@type\":\"ImageObject\",\"inLanguage\":\"en-GB\",\"@id\":\"https:\/\/product-guide.org\/#\/schema\/logo\/image\/\",\"url\":\"https:\/\/product-guide.org\/wp-content\/uploads\/2022\/07\/logo_transparent_background.png\",\"contentUrl\":\"https:\/\/product-guide.org\/wp-content\/uploads\/2022\/07\/logo_transparent_background.png\",\"width\":3400,\"height\":1132,\"caption\":\"Product-Guide.org\"},\"image\":{\"@id\":\"https:\/\/product-guide.org\/#\/schema\/logo\/image\/\"}}]}<\/script>\n<!-- \/ Yoast SEO plugin. -->","yoast_head_json":{"title":"Widerstand-Adapter f\u00fcr Touch Lichtschalter W1 LIVOLO | Luxus-Time | Product-Guide.org","description":"Widerstand-Adapter f\u00fcr Touch Lichtschalter W1 LIVOLO | Luxus-Time gefunden von Product-Guide.org","robots":{"index":"index","follow":"follow","max-snippet":"max-snippet:-1","max-image-preview":"max-image-preview:large","max-video-preview":"max-video-preview:-1"},"canonical":"https:\/\/product-guide.org\/en\/produkt\/widerstand-adapter-fur-touch-lichtschalter-w1-livolo-luxus-time\/","og_locale":"en_GB","og_type":"article","og_title":"Widerstand-Adapter f\u00fcr Touch Lichtschalter W1 LIVOLO | Luxus-Time | Product-Guide.org","og_description":"Widerstand-Adapter f\u00fcr Touch Lichtschalter W1 LIVOLO | Luxus-Time gefunden von Product-Guide.org","og_url":"https:\/\/product-guide.org\/en\/produkt\/widerstand-adapter-fur-touch-lichtschalter-w1-livolo-luxus-time\/","og_site_name":"Product-Guide.org","twitter_card":"summary_large_image","schema":{"@context":"https:\/\/schema.org","@graph":[{"@type":"WebPage","@id":"https:\/\/product-guide.org\/produkt\/widerstand-adapter-fur-touch-lichtschalter-w1-livolo-luxus-time\/","url":"https:\/\/product-guide.org\/produkt\/widerstand-adapter-fur-touch-lichtschalter-w1-livolo-luxus-time\/","name":"Widerstand-Adapter f\u00fcr Touch Lichtschalter W1 LIVOLO | Luxus-Time | Product-Guide.org","isPartOf":{"@id":"https:\/\/product-guide.org\/#website"},"primaryImageOfPage":{"@id":"https:\/\/product-guide.org\/produkt\/widerstand-adapter-fur-touch-lichtschalter-w1-livolo-luxus-time\/#primaryimage"},"image":{"@id":"https:\/\/product-guide.org\/produkt\/widerstand-adapter-fur-touch-lichtschalter-w1-livolo-luxus-time\/#primaryimage"},"thumbnailUrl":"https:\/\/product-guide.org\/wp-content\/uploads\/2025\/03\/ID_17615_orig_600x600.jpg","datePublished":"2025-03-17T09:05:03+00:00","description":"Widerstand-Adapter f\u00fcr Touch Lichtschalter W1 LIVOLO | Luxus-Time gefunden von Product-Guide.org","breadcrumb":{"@id":"https:\/\/product-guide.org\/produkt\/widerstand-adapter-fur-touch-lichtschalter-w1-livolo-luxus-time\/#breadcrumb"},"inLanguage":"en-GB","potentialAction":[{"@type":"ReadAction","target":["https:\/\/product-guide.org\/produkt\/widerstand-adapter-fur-touch-lichtschalter-w1-livolo-luxus-time\/"]}]},{"@type":"ImageObject","inLanguage":"en-GB","@id":"https:\/\/product-guide.org\/produkt\/widerstand-adapter-fur-touch-lichtschalter-w1-livolo-luxus-time\/#primaryimage","url":"https:\/\/product-guide.org\/wp-content\/uploads\/2025\/03\/ID_17615_orig_600x600.jpg","contentUrl":"https:\/\/product-guide.org\/wp-content\/uploads\/2025\/03\/ID_17615_orig_600x600.jpg","width":400,"height":349},{"@type":"BreadcrumbList","@id":"https:\/\/product-guide.org\/produkt\/widerstand-adapter-fur-touch-lichtschalter-w1-livolo-luxus-time\/#breadcrumb","itemListElement":[{"@type":"ListItem","position":1,"name":"Home","item":"https:\/\/product-guide.org\/"},{"@type":"ListItem","position":2,"name":"Ergebnisse","item":"https:\/\/product-guide.org\/de\/ergebnisse\/"},{"@type":"ListItem","position":3,"name":"Widerstand-Adapter f\u00fcr Touch Lichtschalter W1 LIVOLO | Luxus-Time"}]},{"@type":"WebSite","@id":"https:\/\/product-guide.org\/#website","url":"https:\/\/product-guide.org\/","name":"Product-Guide.org","description":"What Product are you looking for?","publisher":{"@id":"https:\/\/product-guide.org\/#organization"},"potentialAction":[{"@type":"SearchAction","target":{"@type":"EntryPoint","urlTemplate":"https:\/\/product-guide.org\/?s={search_term_string}"},"query-input":{"@type":"PropertyValueSpecification","valueRequired":true,"valueName":"search_term_string"}}],"inLanguage":"en-GB"},{"@type":"Organization","@id":"https:\/\/product-guide.org\/#organization","name":"Product-Guide.org","url":"https:\/\/product-guide.org\/","logo":{"@type":"ImageObject","inLanguage":"en-GB","@id":"https:\/\/product-guide.org\/#\/schema\/logo\/image\/","url":"https:\/\/product-guide.org\/wp-content\/uploads\/2022\/07\/logo_transparent_background.png","contentUrl":"https:\/\/product-guide.org\/wp-content\/uploads\/2022\/07\/logo_transparent_background.png","width":3400,"height":1132,"caption":"Product-Guide.org"},"image":{"@id":"https:\/\/product-guide.org\/#\/schema\/logo\/image\/"}}]}},"_links":{"self":[{"href":"https:\/\/product-guide.org\/en\/wp-json\/wp\/v2\/product\/46585","targetHints":{"allow":["GET"]}}],"collection":[{"href":"https:\/\/product-guide.org\/en\/wp-json\/wp\/v2\/product"}],"about":[{"href":"https:\/\/product-guide.org\/en\/wp-json\/wp\/v2\/types\/product"}],"wp:featuredmedia":[{"embeddable":true,"href":"https:\/\/product-guide.org\/en\/wp-json\/wp\/v2\/media\/46584"}],"wp:attachment":[{"href":"https:\/\/product-guide.org\/en\/wp-json\/wp\/v2\/media?parent=46585"}],"wp:term":[{"taxonomy":"store","embeddable":true,"href":"https:\/\/product-guide.org\/en\/wp-json\/wp\/v2\/store?post=46585"},{"taxonomy":"product_brand","embeddable":true,"href":"https:\/\/product-guide.org\/en\/wp-json\/wp\/v2\/product_brand?post=46585"},{"taxonomy":"product_cat","embeddable":true,"href":"https:\/\/product-guide.org\/en\/wp-json\/wp\/v2\/product_cat?post=46585"},{"taxonomy":"product_tag","embeddable":true,"href":"https:\/\/product-guide.org\/en\/wp-json\/wp\/v2\/product_tag?post=46585"}],"curies":[{"name":"wp","href":"https:\/\/api.w.org\/{rel}","templated":true}]}}