{"id":46616,"date":"2025-03-17T10:05:20","date_gmt":"2025-03-17T09:05:20","guid":{"rendered":"https:\/\/product-guide.org\/produkt\/usb-c-schnellladegerat-65w-vl-usb-ac-65-11-metall-weis-livolo-luxus-time\/"},"modified":"2025-03-17T10:05:20","modified_gmt":"2025-03-17T09:05:20","slug":"usb-c-schnellladegerat-65w-vl-usb-ac-65-11-metall-weis-livolo-luxus-time","status":"publish","type":"product","link":"https:\/\/product-guide.org\/en\/produkt\/usb-c-schnellladegerat-65w-vl-usb-ac-65-11-metall-weis-livolo-luxus-time\/","title":{"rendered":"USB-C Schnellladeger\u00e4t 65W VL-USB-AC-65-11-Metall Wei\u00df LIVOLO | Luxus-Time"},"content":{"rendered":"<p>Livolo SchnellLade USBModul 65W mit USBC und USBA Bitte beachten Sie dass es sich bei diesem Angebot nur um ein Modul OHNE Glasblende handelt. Dies ist ein einfaches Livolo USBModul mit 65W in Wei\u00df mit einem USBC und einem USBA Anschluss. So k\u00f6nnen Sie zwei Ger\u00e4te gleichzeitig aufladen z. B. Ihr Smartphone und Ihren Laptop . Der USBA Anschluss unterst\u00fctzt QC3.0 mit dem die meisten Smartphones schnell geladen werden k\u00f6nnen. \u00dcber den USBC Anschluss k\u00f6nnen Laptops mit dem PD Protokoll geladen we&#8230;<\/p>\n","protected":false},"excerpt":{"rendered":"<p>Livolo SchnellLade USBModul 65W mit USBC und USBA Bitte beachten Sie dass es sich bei diesem Angebot nur um ein Modul OHNE Glasblende handelt. Dies ist ein einfaches Livolo USBModul mit 65W in Wei\u00df mit einem USBC und einem USBA Anschluss. So k\u00f6nnen Sie zwei Ger\u00e4te gleichzeitig aufladen z. B. Ihr Smartphone und Ihren Laptop [&hellip;]<\/p>\n","protected":false},"featured_media":46615,"template":"","meta":{"_gspb_post_css":""},"store":[],"product_brand":[1324],"product_cat":[1290],"product_tag":[],"class_list":{"0":"post-46616","1":"product","2":"type-product","3":"status-publish","4":"has-post-thumbnail","6":"product_brand-luxus-time","7":"product_cat-uncategorized","9":"first","10":"instock","11":"shipping-taxable","12":"purchasable","13":"product-type-simple"},"yoast_head":"<!-- This site is optimized with the Yoast SEO plugin v24.6 - https:\/\/yoast.com\/wordpress\/plugins\/seo\/ -->\n<title>USB-C Schnellladeger\u00e4t 65W VL-USB-AC-65-11-Metall Wei\u00df LIVOLO | Luxus-Time | Product-Guide.org<\/title>\n<meta name=\"description\" content=\"USB-C Schnellladeger\u00e4t 65W VL-USB-AC-65-11-Metall Wei\u00df LIVOLO | Luxus-Time gefunden von Product-Guide.org\" \/>\n<meta name=\"robots\" content=\"index, follow, max-snippet:-1, max-image-preview:large, max-video-preview:-1\" \/>\n<link rel=\"canonical\" href=\"https:\/\/product-guide.org\/en\/produkt\/usb-c-schnellladegerat-65w-vl-usb-ac-65-11-metall-weis-livolo-luxus-time\/\" \/>\n<meta property=\"og:locale\" content=\"en_GB\" \/>\n<meta property=\"og:type\" content=\"article\" \/>\n<meta property=\"og:title\" content=\"USB-C Schnellladeger\u00e4t 65W VL-USB-AC-65-11-Metall Wei\u00df LIVOLO | Luxus-Time | Product-Guide.org\" \/>\n<meta property=\"og:description\" content=\"USB-C Schnellladeger\u00e4t 65W VL-USB-AC-65-11-Metall Wei\u00df LIVOLO | Luxus-Time gefunden von Product-Guide.org\" \/>\n<meta property=\"og:url\" content=\"https:\/\/product-guide.org\/en\/produkt\/usb-c-schnellladegerat-65w-vl-usb-ac-65-11-metall-weis-livolo-luxus-time\/\" \/>\n<meta property=\"og:site_name\" content=\"Product-Guide.org\" \/>\n<meta name=\"twitter:card\" content=\"summary_large_image\" \/>\n<script type=\"application\/ld+json\" class=\"yoast-schema-graph\">{\"@context\":\"https:\/\/schema.org\",\"@graph\":[{\"@type\":\"WebPage\",\"@id\":\"https:\/\/product-guide.org\/produkt\/usb-c-schnellladegerat-65w-vl-usb-ac-65-11-metall-weis-livolo-luxus-time\/\",\"url\":\"https:\/\/product-guide.org\/produkt\/usb-c-schnellladegerat-65w-vl-usb-ac-65-11-metall-weis-livolo-luxus-time\/\",\"name\":\"USB-C Schnellladeger\u00e4t 65W VL-USB-AC-65-11-Metall Wei\u00df LIVOLO | Luxus-Time | Product-Guide.org\",\"isPartOf\":{\"@id\":\"https:\/\/product-guide.org\/#website\"},\"primaryImageOfPage\":{\"@id\":\"https:\/\/product-guide.org\/produkt\/usb-c-schnellladegerat-65w-vl-usb-ac-65-11-metall-weis-livolo-luxus-time\/#primaryimage\"},\"image\":{\"@id\":\"https:\/\/product-guide.org\/produkt\/usb-c-schnellladegerat-65w-vl-usb-ac-65-11-metall-weis-livolo-luxus-time\/#primaryimage\"},\"thumbnailUrl\":\"https:\/\/product-guide.org\/wp-content\/uploads\/2025\/03\/ID_39818_orig_600x600.jpg\",\"datePublished\":\"2025-03-17T09:05:20+00:00\",\"description\":\"USB-C Schnellladeger\u00e4t 65W VL-USB-AC-65-11-Metall Wei\u00df LIVOLO | Luxus-Time gefunden von Product-Guide.org\",\"breadcrumb\":{\"@id\":\"https:\/\/product-guide.org\/produkt\/usb-c-schnellladegerat-65w-vl-usb-ac-65-11-metall-weis-livolo-luxus-time\/#breadcrumb\"},\"inLanguage\":\"en-GB\",\"potentialAction\":[{\"@type\":\"ReadAction\",\"target\":[\"https:\/\/product-guide.org\/produkt\/usb-c-schnellladegerat-65w-vl-usb-ac-65-11-metall-weis-livolo-luxus-time\/\"]}]},{\"@type\":\"ImageObject\",\"inLanguage\":\"en-GB\",\"@id\":\"https:\/\/product-guide.org\/produkt\/usb-c-schnellladegerat-65w-vl-usb-ac-65-11-metall-weis-livolo-luxus-time\/#primaryimage\",\"url\":\"https:\/\/product-guide.org\/wp-content\/uploads\/2025\/03\/ID_39818_orig_600x600.jpg\",\"contentUrl\":\"https:\/\/product-guide.org\/wp-content\/uploads\/2025\/03\/ID_39818_orig_600x600.jpg\",\"width\":600,\"height\":600},{\"@type\":\"BreadcrumbList\",\"@id\":\"https:\/\/product-guide.org\/produkt\/usb-c-schnellladegerat-65w-vl-usb-ac-65-11-metall-weis-livolo-luxus-time\/#breadcrumb\",\"itemListElement\":[{\"@type\":\"ListItem\",\"position\":1,\"name\":\"Home\",\"item\":\"https:\/\/product-guide.org\/\"},{\"@type\":\"ListItem\",\"position\":2,\"name\":\"Ergebnisse\",\"item\":\"https:\/\/product-guide.org\/de\/ergebnisse\/\"},{\"@type\":\"ListItem\",\"position\":3,\"name\":\"USB-C Schnellladeger\u00e4t 65W VL-USB-AC-65-11-Metall Wei\u00df LIVOLO | Luxus-Time\"}]},{\"@type\":\"WebSite\",\"@id\":\"https:\/\/product-guide.org\/#website\",\"url\":\"https:\/\/product-guide.org\/\",\"name\":\"Product-Guide.org\",\"description\":\"What Product are you looking for?\",\"publisher\":{\"@id\":\"https:\/\/product-guide.org\/#organization\"},\"potentialAction\":[{\"@type\":\"SearchAction\",\"target\":{\"@type\":\"EntryPoint\",\"urlTemplate\":\"https:\/\/product-guide.org\/?s={search_term_string}\"},\"query-input\":{\"@type\":\"PropertyValueSpecification\",\"valueRequired\":true,\"valueName\":\"search_term_string\"}}],\"inLanguage\":\"en-GB\"},{\"@type\":\"Organization\",\"@id\":\"https:\/\/product-guide.org\/#organization\",\"name\":\"Product-Guide.org\",\"url\":\"https:\/\/product-guide.org\/\",\"logo\":{\"@type\":\"ImageObject\",\"inLanguage\":\"en-GB\",\"@id\":\"https:\/\/product-guide.org\/#\/schema\/logo\/image\/\",\"url\":\"https:\/\/product-guide.org\/wp-content\/uploads\/2022\/07\/logo_transparent_background.png\",\"contentUrl\":\"https:\/\/product-guide.org\/wp-content\/uploads\/2022\/07\/logo_transparent_background.png\",\"width\":3400,\"height\":1132,\"caption\":\"Product-Guide.org\"},\"image\":{\"@id\":\"https:\/\/product-guide.org\/#\/schema\/logo\/image\/\"}}]}<\/script>\n<!-- \/ Yoast SEO plugin. -->","yoast_head_json":{"title":"USB-C Schnellladeger\u00e4t 65W VL-USB-AC-65-11-Metall Wei\u00df LIVOLO | Luxus-Time | Product-Guide.org","description":"USB-C Schnellladeger\u00e4t 65W VL-USB-AC-65-11-Metall Wei\u00df LIVOLO | Luxus-Time gefunden von Product-Guide.org","robots":{"index":"index","follow":"follow","max-snippet":"max-snippet:-1","max-image-preview":"max-image-preview:large","max-video-preview":"max-video-preview:-1"},"canonical":"https:\/\/product-guide.org\/en\/produkt\/usb-c-schnellladegerat-65w-vl-usb-ac-65-11-metall-weis-livolo-luxus-time\/","og_locale":"en_GB","og_type":"article","og_title":"USB-C Schnellladeger\u00e4t 65W VL-USB-AC-65-11-Metall Wei\u00df LIVOLO | Luxus-Time | Product-Guide.org","og_description":"USB-C Schnellladeger\u00e4t 65W VL-USB-AC-65-11-Metall Wei\u00df LIVOLO | Luxus-Time gefunden von Product-Guide.org","og_url":"https:\/\/product-guide.org\/en\/produkt\/usb-c-schnellladegerat-65w-vl-usb-ac-65-11-metall-weis-livolo-luxus-time\/","og_site_name":"Product-Guide.org","twitter_card":"summary_large_image","schema":{"@context":"https:\/\/schema.org","@graph":[{"@type":"WebPage","@id":"https:\/\/product-guide.org\/produkt\/usb-c-schnellladegerat-65w-vl-usb-ac-65-11-metall-weis-livolo-luxus-time\/","url":"https:\/\/product-guide.org\/produkt\/usb-c-schnellladegerat-65w-vl-usb-ac-65-11-metall-weis-livolo-luxus-time\/","name":"USB-C Schnellladeger\u00e4t 65W VL-USB-AC-65-11-Metall Wei\u00df LIVOLO | Luxus-Time | Product-Guide.org","isPartOf":{"@id":"https:\/\/product-guide.org\/#website"},"primaryImageOfPage":{"@id":"https:\/\/product-guide.org\/produkt\/usb-c-schnellladegerat-65w-vl-usb-ac-65-11-metall-weis-livolo-luxus-time\/#primaryimage"},"image":{"@id":"https:\/\/product-guide.org\/produkt\/usb-c-schnellladegerat-65w-vl-usb-ac-65-11-metall-weis-livolo-luxus-time\/#primaryimage"},"thumbnailUrl":"https:\/\/product-guide.org\/wp-content\/uploads\/2025\/03\/ID_39818_orig_600x600.jpg","datePublished":"2025-03-17T09:05:20+00:00","description":"USB-C Schnellladeger\u00e4t 65W VL-USB-AC-65-11-Metall Wei\u00df LIVOLO | Luxus-Time gefunden von Product-Guide.org","breadcrumb":{"@id":"https:\/\/product-guide.org\/produkt\/usb-c-schnellladegerat-65w-vl-usb-ac-65-11-metall-weis-livolo-luxus-time\/#breadcrumb"},"inLanguage":"en-GB","potentialAction":[{"@type":"ReadAction","target":["https:\/\/product-guide.org\/produkt\/usb-c-schnellladegerat-65w-vl-usb-ac-65-11-metall-weis-livolo-luxus-time\/"]}]},{"@type":"ImageObject","inLanguage":"en-GB","@id":"https:\/\/product-guide.org\/produkt\/usb-c-schnellladegerat-65w-vl-usb-ac-65-11-metall-weis-livolo-luxus-time\/#primaryimage","url":"https:\/\/product-guide.org\/wp-content\/uploads\/2025\/03\/ID_39818_orig_600x600.jpg","contentUrl":"https:\/\/product-guide.org\/wp-content\/uploads\/2025\/03\/ID_39818_orig_600x600.jpg","width":600,"height":600},{"@type":"BreadcrumbList","@id":"https:\/\/product-guide.org\/produkt\/usb-c-schnellladegerat-65w-vl-usb-ac-65-11-metall-weis-livolo-luxus-time\/#breadcrumb","itemListElement":[{"@type":"ListItem","position":1,"name":"Home","item":"https:\/\/product-guide.org\/"},{"@type":"ListItem","position":2,"name":"Ergebnisse","item":"https:\/\/product-guide.org\/de\/ergebnisse\/"},{"@type":"ListItem","position":3,"name":"USB-C Schnellladeger\u00e4t 65W VL-USB-AC-65-11-Metall Wei\u00df LIVOLO | Luxus-Time"}]},{"@type":"WebSite","@id":"https:\/\/product-guide.org\/#website","url":"https:\/\/product-guide.org\/","name":"Product-Guide.org","description":"What Product are you looking for?","publisher":{"@id":"https:\/\/product-guide.org\/#organization"},"potentialAction":[{"@type":"SearchAction","target":{"@type":"EntryPoint","urlTemplate":"https:\/\/product-guide.org\/?s={search_term_string}"},"query-input":{"@type":"PropertyValueSpecification","valueRequired":true,"valueName":"search_term_string"}}],"inLanguage":"en-GB"},{"@type":"Organization","@id":"https:\/\/product-guide.org\/#organization","name":"Product-Guide.org","url":"https:\/\/product-guide.org\/","logo":{"@type":"ImageObject","inLanguage":"en-GB","@id":"https:\/\/product-guide.org\/#\/schema\/logo\/image\/","url":"https:\/\/product-guide.org\/wp-content\/uploads\/2022\/07\/logo_transparent_background.png","contentUrl":"https:\/\/product-guide.org\/wp-content\/uploads\/2022\/07\/logo_transparent_background.png","width":3400,"height":1132,"caption":"Product-Guide.org"},"image":{"@id":"https:\/\/product-guide.org\/#\/schema\/logo\/image\/"}}]}},"_links":{"self":[{"href":"https:\/\/product-guide.org\/en\/wp-json\/wp\/v2\/product\/46616","targetHints":{"allow":["GET"]}}],"collection":[{"href":"https:\/\/product-guide.org\/en\/wp-json\/wp\/v2\/product"}],"about":[{"href":"https:\/\/product-guide.org\/en\/wp-json\/wp\/v2\/types\/product"}],"wp:featuredmedia":[{"embeddable":true,"href":"https:\/\/product-guide.org\/en\/wp-json\/wp\/v2\/media\/46615"}],"wp:attachment":[{"href":"https:\/\/product-guide.org\/en\/wp-json\/wp\/v2\/media?parent=46616"}],"wp:term":[{"taxonomy":"store","embeddable":true,"href":"https:\/\/product-guide.org\/en\/wp-json\/wp\/v2\/store?post=46616"},{"taxonomy":"product_brand","embeddable":true,"href":"https:\/\/product-guide.org\/en\/wp-json\/wp\/v2\/product_brand?post=46616"},{"taxonomy":"product_cat","embeddable":true,"href":"https:\/\/product-guide.org\/en\/wp-json\/wp\/v2\/product_cat?post=46616"},{"taxonomy":"product_tag","embeddable":true,"href":"https:\/\/product-guide.org\/en\/wp-json\/wp\/v2\/product_tag?post=46616"}],"curies":[{"name":"wp","href":"https:\/\/api.w.org\/{rel}","templated":true}]}}