{"id":46640,"date":"2025-03-17T10:05:34","date_gmt":"2025-03-17T09:05:34","guid":{"rendered":"https:\/\/product-guide.org\/produkt\/usb-a-usb-c-modul-grau-weis-vl-usb-ac-sr-15-livolo-luxus-time\/"},"modified":"2025-03-17T10:05:34","modified_gmt":"2025-03-17T09:05:34","slug":"usb-a-usb-c-modul-grau-weis-vl-usb-ac-sr-15-livolo-luxus-time","status":"publish","type":"product","link":"https:\/\/product-guide.org\/en\/produkt\/usb-a-usb-c-modul-grau-weis-vl-usb-ac-sr-15-livolo-luxus-time\/","title":{"rendered":"USB-A &#038; USB-C Modul Grau\/Wei\u00df VL-USB-AC\/SR-15 LIVOLO | Luxus-Time"},"content":{"rendered":"<p>Livolo einfaches wei\u00dfes USBModul inkl. USBC und USBA mit Glasblende in grau Dies ist ein einfaches Livolo USBModul in wei\u00df inkl. einem USBC und einem USBA Anschluss mit Glasblende in grau. So k\u00f6nnen Sie zwei Ger\u00e4te gleichzeitig aufladen z. B. Ihr Smartphone und Ihr Tablet. Durch die Glasblende wird dieses Modul zu einem echten Hingucker. Einfache und schnelle Montage sowohl vertikal als auch horizontal . Im unseren Shop finden Sie auch Spreizkrallen (LG01) im 2er Pack f\u00fcr Unterputzdosen ohne &#8230;<\/p>\n","protected":false},"excerpt":{"rendered":"<p>Livolo einfaches wei\u00dfes USBModul inkl. USBC und USBA mit Glasblende in grau Dies ist ein einfaches Livolo USBModul in wei\u00df inkl. einem USBC und einem USBA Anschluss mit Glasblende in grau. So k\u00f6nnen Sie zwei Ger\u00e4te gleichzeitig aufladen z. B. Ihr Smartphone und Ihr Tablet. Durch die Glasblende wird dieses Modul zu einem echten Hingucker. [&hellip;]<\/p>\n","protected":false},"featured_media":46639,"template":"","meta":{"_gspb_post_css":""},"store":[],"product_brand":[1324],"product_cat":[1290],"product_tag":[],"class_list":{"0":"post-46640","1":"product","2":"type-product","3":"status-publish","4":"has-post-thumbnail","6":"product_brand-luxus-time","7":"product_cat-uncategorized","9":"first","10":"instock","11":"shipping-taxable","12":"purchasable","13":"product-type-simple"},"yoast_head":"<!-- This site is optimized with the Yoast SEO plugin v24.6 - https:\/\/yoast.com\/wordpress\/plugins\/seo\/ -->\n<title>USB-A &amp; USB-C Modul Grau\/Wei\u00df VL-USB-AC\/SR-15 LIVOLO | Luxus-Time | Product-Guide.org<\/title>\n<meta name=\"description\" content=\"USB-A &amp; USB-C Modul Grau\/Wei\u00df VL-USB-AC\/SR-15 LIVOLO | Luxus-Time gefunden von Product-Guide.org\" \/>\n<meta name=\"robots\" content=\"index, follow, max-snippet:-1, max-image-preview:large, max-video-preview:-1\" \/>\n<link rel=\"canonical\" href=\"https:\/\/product-guide.org\/en\/produkt\/usb-a-usb-c-modul-grau-weis-vl-usb-ac-sr-15-livolo-luxus-time\/\" \/>\n<meta property=\"og:locale\" content=\"en_GB\" \/>\n<meta property=\"og:type\" content=\"article\" \/>\n<meta property=\"og:title\" content=\"USB-A &amp; USB-C Modul Grau\/Wei\u00df VL-USB-AC\/SR-15 LIVOLO | Luxus-Time | Product-Guide.org\" \/>\n<meta property=\"og:description\" content=\"USB-A &amp; USB-C Modul Grau\/Wei\u00df VL-USB-AC\/SR-15 LIVOLO | Luxus-Time gefunden von Product-Guide.org\" \/>\n<meta property=\"og:url\" content=\"https:\/\/product-guide.org\/en\/produkt\/usb-a-usb-c-modul-grau-weis-vl-usb-ac-sr-15-livolo-luxus-time\/\" \/>\n<meta property=\"og:site_name\" content=\"Product-Guide.org\" \/>\n<meta name=\"twitter:card\" content=\"summary_large_image\" \/>\n<script type=\"application\/ld+json\" class=\"yoast-schema-graph\">{\"@context\":\"https:\/\/schema.org\",\"@graph\":[{\"@type\":\"WebPage\",\"@id\":\"https:\/\/product-guide.org\/produkt\/usb-a-usb-c-modul-grau-weis-vl-usb-ac-sr-15-livolo-luxus-time\/\",\"url\":\"https:\/\/product-guide.org\/produkt\/usb-a-usb-c-modul-grau-weis-vl-usb-ac-sr-15-livolo-luxus-time\/\",\"name\":\"USB-A & USB-C Modul Grau\/Wei\u00df VL-USB-AC\/SR-15 LIVOLO | Luxus-Time | Product-Guide.org\",\"isPartOf\":{\"@id\":\"https:\/\/product-guide.org\/#website\"},\"primaryImageOfPage\":{\"@id\":\"https:\/\/product-guide.org\/produkt\/usb-a-usb-c-modul-grau-weis-vl-usb-ac-sr-15-livolo-luxus-time\/#primaryimage\"},\"image\":{\"@id\":\"https:\/\/product-guide.org\/produkt\/usb-a-usb-c-modul-grau-weis-vl-usb-ac-sr-15-livolo-luxus-time\/#primaryimage\"},\"thumbnailUrl\":\"https:\/\/product-guide.org\/wp-content\/uploads\/2025\/03\/ID_38037_orig_600x600.jpg\",\"datePublished\":\"2025-03-17T09:05:34+00:00\",\"description\":\"USB-A & USB-C Modul Grau\/Wei\u00df VL-USB-AC\/SR-15 LIVOLO | Luxus-Time gefunden von Product-Guide.org\",\"breadcrumb\":{\"@id\":\"https:\/\/product-guide.org\/produkt\/usb-a-usb-c-modul-grau-weis-vl-usb-ac-sr-15-livolo-luxus-time\/#breadcrumb\"},\"inLanguage\":\"en-GB\",\"potentialAction\":[{\"@type\":\"ReadAction\",\"target\":[\"https:\/\/product-guide.org\/produkt\/usb-a-usb-c-modul-grau-weis-vl-usb-ac-sr-15-livolo-luxus-time\/\"]}]},{\"@type\":\"ImageObject\",\"inLanguage\":\"en-GB\",\"@id\":\"https:\/\/product-guide.org\/produkt\/usb-a-usb-c-modul-grau-weis-vl-usb-ac-sr-15-livolo-luxus-time\/#primaryimage\",\"url\":\"https:\/\/product-guide.org\/wp-content\/uploads\/2025\/03\/ID_38037_orig_600x600.jpg\",\"contentUrl\":\"https:\/\/product-guide.org\/wp-content\/uploads\/2025\/03\/ID_38037_orig_600x600.jpg\",\"width\":600,\"height\":600},{\"@type\":\"BreadcrumbList\",\"@id\":\"https:\/\/product-guide.org\/produkt\/usb-a-usb-c-modul-grau-weis-vl-usb-ac-sr-15-livolo-luxus-time\/#breadcrumb\",\"itemListElement\":[{\"@type\":\"ListItem\",\"position\":1,\"name\":\"Home\",\"item\":\"https:\/\/product-guide.org\/\"},{\"@type\":\"ListItem\",\"position\":2,\"name\":\"Ergebnisse\",\"item\":\"https:\/\/product-guide.org\/de\/ergebnisse\/\"},{\"@type\":\"ListItem\",\"position\":3,\"name\":\"USB-A &#038; USB-C Modul Grau\/Wei\u00df VL-USB-AC\/SR-15 LIVOLO | Luxus-Time\"}]},{\"@type\":\"WebSite\",\"@id\":\"https:\/\/product-guide.org\/#website\",\"url\":\"https:\/\/product-guide.org\/\",\"name\":\"Product-Guide.org\",\"description\":\"What Product are you looking for?\",\"publisher\":{\"@id\":\"https:\/\/product-guide.org\/#organization\"},\"potentialAction\":[{\"@type\":\"SearchAction\",\"target\":{\"@type\":\"EntryPoint\",\"urlTemplate\":\"https:\/\/product-guide.org\/?s={search_term_string}\"},\"query-input\":{\"@type\":\"PropertyValueSpecification\",\"valueRequired\":true,\"valueName\":\"search_term_string\"}}],\"inLanguage\":\"en-GB\"},{\"@type\":\"Organization\",\"@id\":\"https:\/\/product-guide.org\/#organization\",\"name\":\"Product-Guide.org\",\"url\":\"https:\/\/product-guide.org\/\",\"logo\":{\"@type\":\"ImageObject\",\"inLanguage\":\"en-GB\",\"@id\":\"https:\/\/product-guide.org\/#\/schema\/logo\/image\/\",\"url\":\"https:\/\/product-guide.org\/wp-content\/uploads\/2022\/07\/logo_transparent_background.png\",\"contentUrl\":\"https:\/\/product-guide.org\/wp-content\/uploads\/2022\/07\/logo_transparent_background.png\",\"width\":3400,\"height\":1132,\"caption\":\"Product-Guide.org\"},\"image\":{\"@id\":\"https:\/\/product-guide.org\/#\/schema\/logo\/image\/\"}}]}<\/script>\n<!-- \/ Yoast SEO plugin. -->","yoast_head_json":{"title":"USB-A & USB-C Modul Grau\/Wei\u00df VL-USB-AC\/SR-15 LIVOLO | Luxus-Time | Product-Guide.org","description":"USB-A & USB-C Modul Grau\/Wei\u00df VL-USB-AC\/SR-15 LIVOLO | Luxus-Time gefunden von Product-Guide.org","robots":{"index":"index","follow":"follow","max-snippet":"max-snippet:-1","max-image-preview":"max-image-preview:large","max-video-preview":"max-video-preview:-1"},"canonical":"https:\/\/product-guide.org\/en\/produkt\/usb-a-usb-c-modul-grau-weis-vl-usb-ac-sr-15-livolo-luxus-time\/","og_locale":"en_GB","og_type":"article","og_title":"USB-A & USB-C Modul Grau\/Wei\u00df VL-USB-AC\/SR-15 LIVOLO | Luxus-Time | Product-Guide.org","og_description":"USB-A & USB-C Modul Grau\/Wei\u00df VL-USB-AC\/SR-15 LIVOLO | Luxus-Time gefunden von Product-Guide.org","og_url":"https:\/\/product-guide.org\/en\/produkt\/usb-a-usb-c-modul-grau-weis-vl-usb-ac-sr-15-livolo-luxus-time\/","og_site_name":"Product-Guide.org","twitter_card":"summary_large_image","schema":{"@context":"https:\/\/schema.org","@graph":[{"@type":"WebPage","@id":"https:\/\/product-guide.org\/produkt\/usb-a-usb-c-modul-grau-weis-vl-usb-ac-sr-15-livolo-luxus-time\/","url":"https:\/\/product-guide.org\/produkt\/usb-a-usb-c-modul-grau-weis-vl-usb-ac-sr-15-livolo-luxus-time\/","name":"USB-A & USB-C Modul Grau\/Wei\u00df VL-USB-AC\/SR-15 LIVOLO | Luxus-Time | Product-Guide.org","isPartOf":{"@id":"https:\/\/product-guide.org\/#website"},"primaryImageOfPage":{"@id":"https:\/\/product-guide.org\/produkt\/usb-a-usb-c-modul-grau-weis-vl-usb-ac-sr-15-livolo-luxus-time\/#primaryimage"},"image":{"@id":"https:\/\/product-guide.org\/produkt\/usb-a-usb-c-modul-grau-weis-vl-usb-ac-sr-15-livolo-luxus-time\/#primaryimage"},"thumbnailUrl":"https:\/\/product-guide.org\/wp-content\/uploads\/2025\/03\/ID_38037_orig_600x600.jpg","datePublished":"2025-03-17T09:05:34+00:00","description":"USB-A & USB-C Modul Grau\/Wei\u00df VL-USB-AC\/SR-15 LIVOLO | Luxus-Time gefunden von Product-Guide.org","breadcrumb":{"@id":"https:\/\/product-guide.org\/produkt\/usb-a-usb-c-modul-grau-weis-vl-usb-ac-sr-15-livolo-luxus-time\/#breadcrumb"},"inLanguage":"en-GB","potentialAction":[{"@type":"ReadAction","target":["https:\/\/product-guide.org\/produkt\/usb-a-usb-c-modul-grau-weis-vl-usb-ac-sr-15-livolo-luxus-time\/"]}]},{"@type":"ImageObject","inLanguage":"en-GB","@id":"https:\/\/product-guide.org\/produkt\/usb-a-usb-c-modul-grau-weis-vl-usb-ac-sr-15-livolo-luxus-time\/#primaryimage","url":"https:\/\/product-guide.org\/wp-content\/uploads\/2025\/03\/ID_38037_orig_600x600.jpg","contentUrl":"https:\/\/product-guide.org\/wp-content\/uploads\/2025\/03\/ID_38037_orig_600x600.jpg","width":600,"height":600},{"@type":"BreadcrumbList","@id":"https:\/\/product-guide.org\/produkt\/usb-a-usb-c-modul-grau-weis-vl-usb-ac-sr-15-livolo-luxus-time\/#breadcrumb","itemListElement":[{"@type":"ListItem","position":1,"name":"Home","item":"https:\/\/product-guide.org\/"},{"@type":"ListItem","position":2,"name":"Ergebnisse","item":"https:\/\/product-guide.org\/de\/ergebnisse\/"},{"@type":"ListItem","position":3,"name":"USB-A &#038; USB-C Modul Grau\/Wei\u00df VL-USB-AC\/SR-15 LIVOLO | Luxus-Time"}]},{"@type":"WebSite","@id":"https:\/\/product-guide.org\/#website","url":"https:\/\/product-guide.org\/","name":"Product-Guide.org","description":"What Product are you looking for?","publisher":{"@id":"https:\/\/product-guide.org\/#organization"},"potentialAction":[{"@type":"SearchAction","target":{"@type":"EntryPoint","urlTemplate":"https:\/\/product-guide.org\/?s={search_term_string}"},"query-input":{"@type":"PropertyValueSpecification","valueRequired":true,"valueName":"search_term_string"}}],"inLanguage":"en-GB"},{"@type":"Organization","@id":"https:\/\/product-guide.org\/#organization","name":"Product-Guide.org","url":"https:\/\/product-guide.org\/","logo":{"@type":"ImageObject","inLanguage":"en-GB","@id":"https:\/\/product-guide.org\/#\/schema\/logo\/image\/","url":"https:\/\/product-guide.org\/wp-content\/uploads\/2022\/07\/logo_transparent_background.png","contentUrl":"https:\/\/product-guide.org\/wp-content\/uploads\/2022\/07\/logo_transparent_background.png","width":3400,"height":1132,"caption":"Product-Guide.org"},"image":{"@id":"https:\/\/product-guide.org\/#\/schema\/logo\/image\/"}}]}},"_links":{"self":[{"href":"https:\/\/product-guide.org\/en\/wp-json\/wp\/v2\/product\/46640","targetHints":{"allow":["GET"]}}],"collection":[{"href":"https:\/\/product-guide.org\/en\/wp-json\/wp\/v2\/product"}],"about":[{"href":"https:\/\/product-guide.org\/en\/wp-json\/wp\/v2\/types\/product"}],"wp:featuredmedia":[{"embeddable":true,"href":"https:\/\/product-guide.org\/en\/wp-json\/wp\/v2\/media\/46639"}],"wp:attachment":[{"href":"https:\/\/product-guide.org\/en\/wp-json\/wp\/v2\/media?parent=46640"}],"wp:term":[{"taxonomy":"store","embeddable":true,"href":"https:\/\/product-guide.org\/en\/wp-json\/wp\/v2\/store?post=46640"},{"taxonomy":"product_brand","embeddable":true,"href":"https:\/\/product-guide.org\/en\/wp-json\/wp\/v2\/product_brand?post=46640"},{"taxonomy":"product_cat","embeddable":true,"href":"https:\/\/product-guide.org\/en\/wp-json\/wp\/v2\/product_cat?post=46640"},{"taxonomy":"product_tag","embeddable":true,"href":"https:\/\/product-guide.org\/en\/wp-json\/wp\/v2\/product_tag?post=46640"}],"curies":[{"name":"wp","href":"https:\/\/api.w.org\/{rel}","templated":true}]}}