{"id":46678,"date":"2025-03-17T10:05:56","date_gmt":"2025-03-17T09:05:56","guid":{"rendered":"https:\/\/product-guide.org\/produkt\/treppenbeleuchtung-weis-m-unterputzdose-vl-w291jd-11-a-eu-80-wsmb-livolo-luxus-time-2\/"},"modified":"2025-03-17T10:05:56","modified_gmt":"2025-03-17T09:05:56","slug":"treppenbeleuchtung-weis-m-unterputzdose-vl-w291jd-11-a-eu-80-wsmb-livolo-luxus-time-2","status":"publish","type":"product","link":"https:\/\/product-guide.org\/en\/produkt\/treppenbeleuchtung-weis-m-unterputzdose-vl-w291jd-11-a-eu-80-wsmb-livolo-luxus-time-2\/","title":{"rendered":"Treppenbeleuchtung wei\u00df m. Unterputzdose VL-W291JD-11-A-EU-80-WSMB LIVOLO | Luxus-Time"},"content":{"rendered":"<p>Livolo Treppenbeleuchtung mit D\u00e4mmerungssensor in wei\u00df mit passender Unterputzdose Diese Treppenbeleuchtung von Livolo in wei\u00df k\u00f6nnen Sie sowohl als Flur als auch als Wandbeleuchtung verwenden. Der D\u00e4mmerungssensor schaltet die Treppenbeleuchtung automatisch ein wenn diese nicht an einen Bewegungsmelder bzw. Schalter angeschlossen ist. Die dezente Optik r\u00fcckt das Licht in den Vordergrund und ist eine ideale Erg\u00e4nzung zu unseren weiteren Livolo Produkten. Der Austausch zu Ihrer alten Treppenbe&#8230;<\/p>\n","protected":false},"excerpt":{"rendered":"<p>Livolo Treppenbeleuchtung mit D\u00e4mmerungssensor in wei\u00df mit passender Unterputzdose Diese Treppenbeleuchtung von Livolo in wei\u00df k\u00f6nnen Sie sowohl als Flur als auch als Wandbeleuchtung verwenden. Der D\u00e4mmerungssensor schaltet die Treppenbeleuchtung automatisch ein wenn diese nicht an einen Bewegungsmelder bzw. Schalter angeschlossen ist. Die dezente Optik r\u00fcckt das Licht in den Vordergrund und ist eine ideale [&hellip;]<\/p>\n","protected":false},"featured_media":46676,"template":"","meta":{"_gspb_post_css":""},"store":[],"product_brand":[1324],"product_cat":[1290],"product_tag":[],"class_list":{"0":"post-46678","1":"product","2":"type-product","3":"status-publish","4":"has-post-thumbnail","6":"product_brand-luxus-time","7":"product_cat-uncategorized","9":"first","10":"instock","11":"shipping-taxable","12":"purchasable","13":"product-type-simple"},"yoast_head":"<!-- This site is optimized with the Yoast SEO plugin v24.6 - https:\/\/yoast.com\/wordpress\/plugins\/seo\/ -->\n<title>Treppenbeleuchtung wei\u00df m. Unterputzdose VL-W291JD-11-A-EU-80-WSMB LIVOLO | Luxus-Time | Product-Guide.org<\/title>\n<meta name=\"description\" content=\"Treppenbeleuchtung wei\u00df m. Unterputzdose VL-W291JD-11-A-EU-80-WSMB LIVOLO | Luxus-Time gefunden von Product-Guide.org\" \/>\n<meta name=\"robots\" content=\"index, follow, max-snippet:-1, max-image-preview:large, max-video-preview:-1\" \/>\n<link rel=\"canonical\" href=\"https:\/\/product-guide.org\/en\/produkt\/treppenbeleuchtung-weis-m-unterputzdose-vl-w291jd-11-a-eu-80-wsmb-livolo-luxus-time-2\/\" \/>\n<meta property=\"og:locale\" content=\"en_GB\" \/>\n<meta property=\"og:type\" content=\"article\" \/>\n<meta property=\"og:title\" content=\"Treppenbeleuchtung wei\u00df m. Unterputzdose VL-W291JD-11-A-EU-80-WSMB LIVOLO | Luxus-Time | Product-Guide.org\" \/>\n<meta property=\"og:description\" content=\"Treppenbeleuchtung wei\u00df m. Unterputzdose VL-W291JD-11-A-EU-80-WSMB LIVOLO | Luxus-Time gefunden von Product-Guide.org\" \/>\n<meta property=\"og:url\" content=\"https:\/\/product-guide.org\/en\/produkt\/treppenbeleuchtung-weis-m-unterputzdose-vl-w291jd-11-a-eu-80-wsmb-livolo-luxus-time-2\/\" \/>\n<meta property=\"og:site_name\" content=\"Product-Guide.org\" \/>\n<meta name=\"twitter:card\" content=\"summary_large_image\" \/>\n<script type=\"application\/ld+json\" class=\"yoast-schema-graph\">{\"@context\":\"https:\/\/schema.org\",\"@graph\":[{\"@type\":\"WebPage\",\"@id\":\"https:\/\/product-guide.org\/produkt\/treppenbeleuchtung-weis-m-unterputzdose-vl-w291jd-11-a-eu-80-wsmb-livolo-luxus-time-2\/\",\"url\":\"https:\/\/product-guide.org\/produkt\/treppenbeleuchtung-weis-m-unterputzdose-vl-w291jd-11-a-eu-80-wsmb-livolo-luxus-time-2\/\",\"name\":\"Treppenbeleuchtung wei\u00df m. Unterputzdose VL-W291JD-11-A-EU-80-WSMB LIVOLO | Luxus-Time | Product-Guide.org\",\"isPartOf\":{\"@id\":\"https:\/\/product-guide.org\/#website\"},\"primaryImageOfPage\":{\"@id\":\"https:\/\/product-guide.org\/produkt\/treppenbeleuchtung-weis-m-unterputzdose-vl-w291jd-11-a-eu-80-wsmb-livolo-luxus-time-2\/#primaryimage\"},\"image\":{\"@id\":\"https:\/\/product-guide.org\/produkt\/treppenbeleuchtung-weis-m-unterputzdose-vl-w291jd-11-a-eu-80-wsmb-livolo-luxus-time-2\/#primaryimage\"},\"thumbnailUrl\":\"https:\/\/product-guide.org\/wp-content\/uploads\/2025\/03\/ID_15886_orig1kJxgKyNgROqF_600x600.jpg\",\"datePublished\":\"2025-03-17T09:05:56+00:00\",\"description\":\"Treppenbeleuchtung wei\u00df m. Unterputzdose VL-W291JD-11-A-EU-80-WSMB LIVOLO | Luxus-Time gefunden von Product-Guide.org\",\"breadcrumb\":{\"@id\":\"https:\/\/product-guide.org\/produkt\/treppenbeleuchtung-weis-m-unterputzdose-vl-w291jd-11-a-eu-80-wsmb-livolo-luxus-time-2\/#breadcrumb\"},\"inLanguage\":\"en-GB\",\"potentialAction\":[{\"@type\":\"ReadAction\",\"target\":[\"https:\/\/product-guide.org\/produkt\/treppenbeleuchtung-weis-m-unterputzdose-vl-w291jd-11-a-eu-80-wsmb-livolo-luxus-time-2\/\"]}]},{\"@type\":\"ImageObject\",\"inLanguage\":\"en-GB\",\"@id\":\"https:\/\/product-guide.org\/produkt\/treppenbeleuchtung-weis-m-unterputzdose-vl-w291jd-11-a-eu-80-wsmb-livolo-luxus-time-2\/#primaryimage\",\"url\":\"https:\/\/product-guide.org\/wp-content\/uploads\/2025\/03\/ID_15886_orig1kJxgKyNgROqF_600x600.jpg\",\"contentUrl\":\"https:\/\/product-guide.org\/wp-content\/uploads\/2025\/03\/ID_15886_orig1kJxgKyNgROqF_600x600.jpg\",\"width\":600,\"height\":471},{\"@type\":\"BreadcrumbList\",\"@id\":\"https:\/\/product-guide.org\/produkt\/treppenbeleuchtung-weis-m-unterputzdose-vl-w291jd-11-a-eu-80-wsmb-livolo-luxus-time-2\/#breadcrumb\",\"itemListElement\":[{\"@type\":\"ListItem\",\"position\":1,\"name\":\"Home\",\"item\":\"https:\/\/product-guide.org\/\"},{\"@type\":\"ListItem\",\"position\":2,\"name\":\"Ergebnisse\",\"item\":\"https:\/\/product-guide.org\/de\/ergebnisse\/\"},{\"@type\":\"ListItem\",\"position\":3,\"name\":\"Treppenbeleuchtung wei\u00df m. Unterputzdose VL-W291JD-11-A-EU-80-WSMB LIVOLO | Luxus-Time\"}]},{\"@type\":\"WebSite\",\"@id\":\"https:\/\/product-guide.org\/#website\",\"url\":\"https:\/\/product-guide.org\/\",\"name\":\"Product-Guide.org\",\"description\":\"What Product are you looking for?\",\"publisher\":{\"@id\":\"https:\/\/product-guide.org\/#organization\"},\"potentialAction\":[{\"@type\":\"SearchAction\",\"target\":{\"@type\":\"EntryPoint\",\"urlTemplate\":\"https:\/\/product-guide.org\/?s={search_term_string}\"},\"query-input\":{\"@type\":\"PropertyValueSpecification\",\"valueRequired\":true,\"valueName\":\"search_term_string\"}}],\"inLanguage\":\"en-GB\"},{\"@type\":\"Organization\",\"@id\":\"https:\/\/product-guide.org\/#organization\",\"name\":\"Product-Guide.org\",\"url\":\"https:\/\/product-guide.org\/\",\"logo\":{\"@type\":\"ImageObject\",\"inLanguage\":\"en-GB\",\"@id\":\"https:\/\/product-guide.org\/#\/schema\/logo\/image\/\",\"url\":\"https:\/\/product-guide.org\/wp-content\/uploads\/2022\/07\/logo_transparent_background.png\",\"contentUrl\":\"https:\/\/product-guide.org\/wp-content\/uploads\/2022\/07\/logo_transparent_background.png\",\"width\":3400,\"height\":1132,\"caption\":\"Product-Guide.org\"},\"image\":{\"@id\":\"https:\/\/product-guide.org\/#\/schema\/logo\/image\/\"}}]}<\/script>\n<!-- \/ Yoast SEO plugin. -->","yoast_head_json":{"title":"Treppenbeleuchtung wei\u00df m. Unterputzdose VL-W291JD-11-A-EU-80-WSMB LIVOLO | Luxus-Time | Product-Guide.org","description":"Treppenbeleuchtung wei\u00df m. Unterputzdose VL-W291JD-11-A-EU-80-WSMB LIVOLO | Luxus-Time gefunden von Product-Guide.org","robots":{"index":"index","follow":"follow","max-snippet":"max-snippet:-1","max-image-preview":"max-image-preview:large","max-video-preview":"max-video-preview:-1"},"canonical":"https:\/\/product-guide.org\/en\/produkt\/treppenbeleuchtung-weis-m-unterputzdose-vl-w291jd-11-a-eu-80-wsmb-livolo-luxus-time-2\/","og_locale":"en_GB","og_type":"article","og_title":"Treppenbeleuchtung wei\u00df m. Unterputzdose VL-W291JD-11-A-EU-80-WSMB LIVOLO | Luxus-Time | Product-Guide.org","og_description":"Treppenbeleuchtung wei\u00df m. Unterputzdose VL-W291JD-11-A-EU-80-WSMB LIVOLO | Luxus-Time gefunden von Product-Guide.org","og_url":"https:\/\/product-guide.org\/en\/produkt\/treppenbeleuchtung-weis-m-unterputzdose-vl-w291jd-11-a-eu-80-wsmb-livolo-luxus-time-2\/","og_site_name":"Product-Guide.org","twitter_card":"summary_large_image","schema":{"@context":"https:\/\/schema.org","@graph":[{"@type":"WebPage","@id":"https:\/\/product-guide.org\/produkt\/treppenbeleuchtung-weis-m-unterputzdose-vl-w291jd-11-a-eu-80-wsmb-livolo-luxus-time-2\/","url":"https:\/\/product-guide.org\/produkt\/treppenbeleuchtung-weis-m-unterputzdose-vl-w291jd-11-a-eu-80-wsmb-livolo-luxus-time-2\/","name":"Treppenbeleuchtung wei\u00df m. Unterputzdose VL-W291JD-11-A-EU-80-WSMB LIVOLO | Luxus-Time | Product-Guide.org","isPartOf":{"@id":"https:\/\/product-guide.org\/#website"},"primaryImageOfPage":{"@id":"https:\/\/product-guide.org\/produkt\/treppenbeleuchtung-weis-m-unterputzdose-vl-w291jd-11-a-eu-80-wsmb-livolo-luxus-time-2\/#primaryimage"},"image":{"@id":"https:\/\/product-guide.org\/produkt\/treppenbeleuchtung-weis-m-unterputzdose-vl-w291jd-11-a-eu-80-wsmb-livolo-luxus-time-2\/#primaryimage"},"thumbnailUrl":"https:\/\/product-guide.org\/wp-content\/uploads\/2025\/03\/ID_15886_orig1kJxgKyNgROqF_600x600.jpg","datePublished":"2025-03-17T09:05:56+00:00","description":"Treppenbeleuchtung wei\u00df m. Unterputzdose VL-W291JD-11-A-EU-80-WSMB LIVOLO | Luxus-Time gefunden von Product-Guide.org","breadcrumb":{"@id":"https:\/\/product-guide.org\/produkt\/treppenbeleuchtung-weis-m-unterputzdose-vl-w291jd-11-a-eu-80-wsmb-livolo-luxus-time-2\/#breadcrumb"},"inLanguage":"en-GB","potentialAction":[{"@type":"ReadAction","target":["https:\/\/product-guide.org\/produkt\/treppenbeleuchtung-weis-m-unterputzdose-vl-w291jd-11-a-eu-80-wsmb-livolo-luxus-time-2\/"]}]},{"@type":"ImageObject","inLanguage":"en-GB","@id":"https:\/\/product-guide.org\/produkt\/treppenbeleuchtung-weis-m-unterputzdose-vl-w291jd-11-a-eu-80-wsmb-livolo-luxus-time-2\/#primaryimage","url":"https:\/\/product-guide.org\/wp-content\/uploads\/2025\/03\/ID_15886_orig1kJxgKyNgROqF_600x600.jpg","contentUrl":"https:\/\/product-guide.org\/wp-content\/uploads\/2025\/03\/ID_15886_orig1kJxgKyNgROqF_600x600.jpg","width":600,"height":471},{"@type":"BreadcrumbList","@id":"https:\/\/product-guide.org\/produkt\/treppenbeleuchtung-weis-m-unterputzdose-vl-w291jd-11-a-eu-80-wsmb-livolo-luxus-time-2\/#breadcrumb","itemListElement":[{"@type":"ListItem","position":1,"name":"Home","item":"https:\/\/product-guide.org\/"},{"@type":"ListItem","position":2,"name":"Ergebnisse","item":"https:\/\/product-guide.org\/de\/ergebnisse\/"},{"@type":"ListItem","position":3,"name":"Treppenbeleuchtung wei\u00df m. Unterputzdose VL-W291JD-11-A-EU-80-WSMB LIVOLO | Luxus-Time"}]},{"@type":"WebSite","@id":"https:\/\/product-guide.org\/#website","url":"https:\/\/product-guide.org\/","name":"Product-Guide.org","description":"What Product are you looking for?","publisher":{"@id":"https:\/\/product-guide.org\/#organization"},"potentialAction":[{"@type":"SearchAction","target":{"@type":"EntryPoint","urlTemplate":"https:\/\/product-guide.org\/?s={search_term_string}"},"query-input":{"@type":"PropertyValueSpecification","valueRequired":true,"valueName":"search_term_string"}}],"inLanguage":"en-GB"},{"@type":"Organization","@id":"https:\/\/product-guide.org\/#organization","name":"Product-Guide.org","url":"https:\/\/product-guide.org\/","logo":{"@type":"ImageObject","inLanguage":"en-GB","@id":"https:\/\/product-guide.org\/#\/schema\/logo\/image\/","url":"https:\/\/product-guide.org\/wp-content\/uploads\/2022\/07\/logo_transparent_background.png","contentUrl":"https:\/\/product-guide.org\/wp-content\/uploads\/2022\/07\/logo_transparent_background.png","width":3400,"height":1132,"caption":"Product-Guide.org"},"image":{"@id":"https:\/\/product-guide.org\/#\/schema\/logo\/image\/"}}]}},"_links":{"self":[{"href":"https:\/\/product-guide.org\/en\/wp-json\/wp\/v2\/product\/46678","targetHints":{"allow":["GET"]}}],"collection":[{"href":"https:\/\/product-guide.org\/en\/wp-json\/wp\/v2\/product"}],"about":[{"href":"https:\/\/product-guide.org\/en\/wp-json\/wp\/v2\/types\/product"}],"wp:featuredmedia":[{"embeddable":true,"href":"https:\/\/product-guide.org\/en\/wp-json\/wp\/v2\/media\/46676"}],"wp:attachment":[{"href":"https:\/\/product-guide.org\/en\/wp-json\/wp\/v2\/media?parent=46678"}],"wp:term":[{"taxonomy":"store","embeddable":true,"href":"https:\/\/product-guide.org\/en\/wp-json\/wp\/v2\/store?post=46678"},{"taxonomy":"product_brand","embeddable":true,"href":"https:\/\/product-guide.org\/en\/wp-json\/wp\/v2\/product_brand?post=46678"},{"taxonomy":"product_cat","embeddable":true,"href":"https:\/\/product-guide.org\/en\/wp-json\/wp\/v2\/product_cat?post=46678"},{"taxonomy":"product_tag","embeddable":true,"href":"https:\/\/product-guide.org\/en\/wp-json\/wp\/v2\/product_tag?post=46678"}],"curies":[{"name":"wp","href":"https:\/\/api.w.org\/{rel}","templated":true}]}}