{"id":46898,"date":"2025-03-17T10:09:14","date_gmt":"2025-03-17T09:09:14","guid":{"rendered":"https:\/\/product-guide.org\/produkt\/schildkrot-bermuda-schnorchelset-l-xl-33-38-eu-und-kuhlbeutel-ts-hobby\/"},"modified":"2025-03-17T10:09:14","modified_gmt":"2025-03-17T09:09:14","slug":"schildkrot-bermuda-schnorchelset-l-xl-33-38-eu-und-kuhlbeutel-ts-hobby","status":"publish","type":"product","link":"https:\/\/product-guide.org\/en\/produkt\/schildkrot-bermuda-schnorchelset-l-xl-33-38-eu-und-kuhlbeutel-ts-hobby\/","title":{"rendered":"Schildkr\u00f6t Bermuda Schnorchelset L\/XL (33-38 EU) und K\u00fchlbeutel | TS-Hobby"},"content":{"rendered":"<p>Das Bermuda Schnorchel-Set von Schildkr\u00f6t (Gr\u00f6\u00dfe L\/XL) besteht aus einem Schnorchel, einer Tauchmaske und Taucherflossen, welche in ihrer Form ideal f\u00fcr Kinder geeignet sind. So bietet das Schnorchel-Set die perfekte Tauch-Grundausr\u00fcstung f\u00fcr Kinder. Die Tauchermaske sch\u00fctzt die Augen vor Wasser und Chlor und sorgt zudem f\u00fcr eine klare Sicht unter der Wasseroberfl\u00e4che. Der Schnorchel erm\u00f6glicht das Atmen mit dem Kopf unter Wasser, er verf\u00fcgt \u00fcber einen Spritzwasserschutz und einen verstellbaren Easy-Clip-Schnorchelhalter. Die Flossen lassen sich dank ergonomisch geformtem Fu\u00dfteil angenehm tragen und durch das verstellbare Schnallensystem in der Gr\u00f6\u00dfe anpassen. Produktinfos Schnorchel-Set (Gr\u00f6\u00dfe L\/XL): 3er Set bestehend aus Schnorchel, Maske und Flossen (33-38 EU) Schnorchel mit Spritzwassersc&#8230;<\/p>\n","protected":false},"excerpt":{"rendered":"<p>Das Bermuda Schnorchel-Set von Schildkr\u00f6t (Gr\u00f6\u00dfe L\/XL) besteht aus einem Schnorchel, einer Tauchmaske und Taucherflossen, welche in ihrer Form ideal f\u00fcr Kinder geeignet sind. So bietet das Schnorchel-Set die perfekte Tauch-Grundausr\u00fcstung f\u00fcr Kinder. Die Tauchermaske sch\u00fctzt die Augen vor Wasser und Chlor und sorgt zudem f\u00fcr eine klare Sicht unter der Wasseroberfl\u00e4che. Der Schnorchel erm\u00f6glicht [&hellip;]<\/p>\n","protected":false},"featured_media":46897,"template":"","meta":{"_gspb_post_css":""},"store":[],"product_brand":[1328],"product_cat":[1290],"product_tag":[],"class_list":{"0":"post-46898","1":"product","2":"type-product","3":"status-publish","4":"has-post-thumbnail","6":"product_brand-ts-hobby","7":"product_cat-uncategorized","9":"first","10":"instock","11":"shipping-taxable","12":"purchasable","13":"product-type-simple"},"yoast_head":"<!-- This site is optimized with the Yoast SEO plugin v24.6 - https:\/\/yoast.com\/wordpress\/plugins\/seo\/ -->\n<title>Schildkr\u00f6t Bermuda Schnorchelset L\/XL (33-38 EU) und K\u00fchlbeutel | TS-Hobby | Product-Guide.org<\/title>\n<meta name=\"description\" content=\"Schildkr\u00f6t Bermuda Schnorchelset L\/XL (33-38 EU) und K\u00fchlbeutel | TS-Hobby gefunden von Product-Guide.org\" \/>\n<meta name=\"robots\" content=\"index, follow, max-snippet:-1, max-image-preview:large, max-video-preview:-1\" \/>\n<link rel=\"canonical\" href=\"https:\/\/product-guide.org\/en\/produkt\/schildkrot-bermuda-schnorchelset-l-xl-33-38-eu-und-kuhlbeutel-ts-hobby\/\" \/>\n<meta property=\"og:locale\" content=\"en_GB\" \/>\n<meta property=\"og:type\" content=\"article\" \/>\n<meta property=\"og:title\" content=\"Schildkr\u00f6t Bermuda Schnorchelset L\/XL (33-38 EU) und K\u00fchlbeutel | TS-Hobby | Product-Guide.org\" \/>\n<meta property=\"og:description\" content=\"Schildkr\u00f6t Bermuda Schnorchelset L\/XL (33-38 EU) und K\u00fchlbeutel | TS-Hobby gefunden von Product-Guide.org\" \/>\n<meta property=\"og:url\" content=\"https:\/\/product-guide.org\/en\/produkt\/schildkrot-bermuda-schnorchelset-l-xl-33-38-eu-und-kuhlbeutel-ts-hobby\/\" \/>\n<meta property=\"og:site_name\" content=\"Product-Guide.org\" \/>\n<meta name=\"twitter:card\" content=\"summary_large_image\" \/>\n<script type=\"application\/ld+json\" class=\"yoast-schema-graph\">{\"@context\":\"https:\/\/schema.org\",\"@graph\":[{\"@type\":\"WebPage\",\"@id\":\"https:\/\/product-guide.org\/produkt\/schildkrot-bermuda-schnorchelset-l-xl-33-38-eu-und-kuhlbeutel-ts-hobby\/\",\"url\":\"https:\/\/product-guide.org\/produkt\/schildkrot-bermuda-schnorchelset-l-xl-33-38-eu-und-kuhlbeutel-ts-hobby\/\",\"name\":\"Schildkr\u00f6t Bermuda Schnorchelset L\/XL (33-38 EU) und K\u00fchlbeutel | TS-Hobby | Product-Guide.org\",\"isPartOf\":{\"@id\":\"https:\/\/product-guide.org\/#website\"},\"primaryImageOfPage\":{\"@id\":\"https:\/\/product-guide.org\/produkt\/schildkrot-bermuda-schnorchelset-l-xl-33-38-eu-und-kuhlbeutel-ts-hobby\/#primaryimage\"},\"image\":{\"@id\":\"https:\/\/product-guide.org\/produkt\/schildkrot-bermuda-schnorchelset-l-xl-33-38-eu-und-kuhlbeutel-ts-hobby\/#primaryimage\"},\"thumbnailUrl\":\"https:\/\/product-guide.org\/wp-content\/uploads\/2025\/03\/PB1026_1-jpg-1FM5_1280x1280.jpg\",\"datePublished\":\"2025-03-17T09:09:14+00:00\",\"description\":\"Schildkr\u00f6t Bermuda Schnorchelset L\/XL (33-38 EU) und K\u00fchlbeutel | TS-Hobby gefunden von Product-Guide.org\",\"breadcrumb\":{\"@id\":\"https:\/\/product-guide.org\/produkt\/schildkrot-bermuda-schnorchelset-l-xl-33-38-eu-und-kuhlbeutel-ts-hobby\/#breadcrumb\"},\"inLanguage\":\"en-GB\",\"potentialAction\":[{\"@type\":\"ReadAction\",\"target\":[\"https:\/\/product-guide.org\/produkt\/schildkrot-bermuda-schnorchelset-l-xl-33-38-eu-und-kuhlbeutel-ts-hobby\/\"]}]},{\"@type\":\"ImageObject\",\"inLanguage\":\"en-GB\",\"@id\":\"https:\/\/product-guide.org\/produkt\/schildkrot-bermuda-schnorchelset-l-xl-33-38-eu-und-kuhlbeutel-ts-hobby\/#primaryimage\",\"url\":\"https:\/\/product-guide.org\/wp-content\/uploads\/2025\/03\/PB1026_1-jpg-1FM5_1280x1280.jpg\",\"contentUrl\":\"https:\/\/product-guide.org\/wp-content\/uploads\/2025\/03\/PB1026_1-jpg-1FM5_1280x1280.jpg\",\"width\":1280,\"height\":1280},{\"@type\":\"BreadcrumbList\",\"@id\":\"https:\/\/product-guide.org\/produkt\/schildkrot-bermuda-schnorchelset-l-xl-33-38-eu-und-kuhlbeutel-ts-hobby\/#breadcrumb\",\"itemListElement\":[{\"@type\":\"ListItem\",\"position\":1,\"name\":\"Home\",\"item\":\"https:\/\/product-guide.org\/\"},{\"@type\":\"ListItem\",\"position\":2,\"name\":\"Ergebnisse\",\"item\":\"https:\/\/product-guide.org\/de\/ergebnisse\/\"},{\"@type\":\"ListItem\",\"position\":3,\"name\":\"Schildkr\u00f6t Bermuda Schnorchelset L\/XL (33-38 EU) und K\u00fchlbeutel | TS-Hobby\"}]},{\"@type\":\"WebSite\",\"@id\":\"https:\/\/product-guide.org\/#website\",\"url\":\"https:\/\/product-guide.org\/\",\"name\":\"Product-Guide.org\",\"description\":\"What Product are you looking for?\",\"publisher\":{\"@id\":\"https:\/\/product-guide.org\/#organization\"},\"potentialAction\":[{\"@type\":\"SearchAction\",\"target\":{\"@type\":\"EntryPoint\",\"urlTemplate\":\"https:\/\/product-guide.org\/?s={search_term_string}\"},\"query-input\":{\"@type\":\"PropertyValueSpecification\",\"valueRequired\":true,\"valueName\":\"search_term_string\"}}],\"inLanguage\":\"en-GB\"},{\"@type\":\"Organization\",\"@id\":\"https:\/\/product-guide.org\/#organization\",\"name\":\"Product-Guide.org\",\"url\":\"https:\/\/product-guide.org\/\",\"logo\":{\"@type\":\"ImageObject\",\"inLanguage\":\"en-GB\",\"@id\":\"https:\/\/product-guide.org\/#\/schema\/logo\/image\/\",\"url\":\"https:\/\/product-guide.org\/wp-content\/uploads\/2022\/07\/logo_transparent_background.png\",\"contentUrl\":\"https:\/\/product-guide.org\/wp-content\/uploads\/2022\/07\/logo_transparent_background.png\",\"width\":3400,\"height\":1132,\"caption\":\"Product-Guide.org\"},\"image\":{\"@id\":\"https:\/\/product-guide.org\/#\/schema\/logo\/image\/\"}}]}<\/script>\n<!-- \/ Yoast SEO plugin. -->","yoast_head_json":{"title":"Schildkr\u00f6t Bermuda Schnorchelset L\/XL (33-38 EU) und K\u00fchlbeutel | TS-Hobby | Product-Guide.org","description":"Schildkr\u00f6t Bermuda Schnorchelset L\/XL (33-38 EU) und K\u00fchlbeutel | TS-Hobby gefunden von Product-Guide.org","robots":{"index":"index","follow":"follow","max-snippet":"max-snippet:-1","max-image-preview":"max-image-preview:large","max-video-preview":"max-video-preview:-1"},"canonical":"https:\/\/product-guide.org\/en\/produkt\/schildkrot-bermuda-schnorchelset-l-xl-33-38-eu-und-kuhlbeutel-ts-hobby\/","og_locale":"en_GB","og_type":"article","og_title":"Schildkr\u00f6t Bermuda Schnorchelset L\/XL (33-38 EU) und K\u00fchlbeutel | TS-Hobby | Product-Guide.org","og_description":"Schildkr\u00f6t Bermuda Schnorchelset L\/XL (33-38 EU) und K\u00fchlbeutel | TS-Hobby gefunden von Product-Guide.org","og_url":"https:\/\/product-guide.org\/en\/produkt\/schildkrot-bermuda-schnorchelset-l-xl-33-38-eu-und-kuhlbeutel-ts-hobby\/","og_site_name":"Product-Guide.org","twitter_card":"summary_large_image","schema":{"@context":"https:\/\/schema.org","@graph":[{"@type":"WebPage","@id":"https:\/\/product-guide.org\/produkt\/schildkrot-bermuda-schnorchelset-l-xl-33-38-eu-und-kuhlbeutel-ts-hobby\/","url":"https:\/\/product-guide.org\/produkt\/schildkrot-bermuda-schnorchelset-l-xl-33-38-eu-und-kuhlbeutel-ts-hobby\/","name":"Schildkr\u00f6t Bermuda Schnorchelset L\/XL (33-38 EU) und K\u00fchlbeutel | TS-Hobby | Product-Guide.org","isPartOf":{"@id":"https:\/\/product-guide.org\/#website"},"primaryImageOfPage":{"@id":"https:\/\/product-guide.org\/produkt\/schildkrot-bermuda-schnorchelset-l-xl-33-38-eu-und-kuhlbeutel-ts-hobby\/#primaryimage"},"image":{"@id":"https:\/\/product-guide.org\/produkt\/schildkrot-bermuda-schnorchelset-l-xl-33-38-eu-und-kuhlbeutel-ts-hobby\/#primaryimage"},"thumbnailUrl":"https:\/\/product-guide.org\/wp-content\/uploads\/2025\/03\/PB1026_1-jpg-1FM5_1280x1280.jpg","datePublished":"2025-03-17T09:09:14+00:00","description":"Schildkr\u00f6t Bermuda Schnorchelset L\/XL (33-38 EU) und K\u00fchlbeutel | TS-Hobby gefunden von Product-Guide.org","breadcrumb":{"@id":"https:\/\/product-guide.org\/produkt\/schildkrot-bermuda-schnorchelset-l-xl-33-38-eu-und-kuhlbeutel-ts-hobby\/#breadcrumb"},"inLanguage":"en-GB","potentialAction":[{"@type":"ReadAction","target":["https:\/\/product-guide.org\/produkt\/schildkrot-bermuda-schnorchelset-l-xl-33-38-eu-und-kuhlbeutel-ts-hobby\/"]}]},{"@type":"ImageObject","inLanguage":"en-GB","@id":"https:\/\/product-guide.org\/produkt\/schildkrot-bermuda-schnorchelset-l-xl-33-38-eu-und-kuhlbeutel-ts-hobby\/#primaryimage","url":"https:\/\/product-guide.org\/wp-content\/uploads\/2025\/03\/PB1026_1-jpg-1FM5_1280x1280.jpg","contentUrl":"https:\/\/product-guide.org\/wp-content\/uploads\/2025\/03\/PB1026_1-jpg-1FM5_1280x1280.jpg","width":1280,"height":1280},{"@type":"BreadcrumbList","@id":"https:\/\/product-guide.org\/produkt\/schildkrot-bermuda-schnorchelset-l-xl-33-38-eu-und-kuhlbeutel-ts-hobby\/#breadcrumb","itemListElement":[{"@type":"ListItem","position":1,"name":"Home","item":"https:\/\/product-guide.org\/"},{"@type":"ListItem","position":2,"name":"Ergebnisse","item":"https:\/\/product-guide.org\/de\/ergebnisse\/"},{"@type":"ListItem","position":3,"name":"Schildkr\u00f6t Bermuda Schnorchelset L\/XL (33-38 EU) und K\u00fchlbeutel | TS-Hobby"}]},{"@type":"WebSite","@id":"https:\/\/product-guide.org\/#website","url":"https:\/\/product-guide.org\/","name":"Product-Guide.org","description":"What Product are you looking for?","publisher":{"@id":"https:\/\/product-guide.org\/#organization"},"potentialAction":[{"@type":"SearchAction","target":{"@type":"EntryPoint","urlTemplate":"https:\/\/product-guide.org\/?s={search_term_string}"},"query-input":{"@type":"PropertyValueSpecification","valueRequired":true,"valueName":"search_term_string"}}],"inLanguage":"en-GB"},{"@type":"Organization","@id":"https:\/\/product-guide.org\/#organization","name":"Product-Guide.org","url":"https:\/\/product-guide.org\/","logo":{"@type":"ImageObject","inLanguage":"en-GB","@id":"https:\/\/product-guide.org\/#\/schema\/logo\/image\/","url":"https:\/\/product-guide.org\/wp-content\/uploads\/2022\/07\/logo_transparent_background.png","contentUrl":"https:\/\/product-guide.org\/wp-content\/uploads\/2022\/07\/logo_transparent_background.png","width":3400,"height":1132,"caption":"Product-Guide.org"},"image":{"@id":"https:\/\/product-guide.org\/#\/schema\/logo\/image\/"}}]}},"_links":{"self":[{"href":"https:\/\/product-guide.org\/en\/wp-json\/wp\/v2\/product\/46898","targetHints":{"allow":["GET"]}}],"collection":[{"href":"https:\/\/product-guide.org\/en\/wp-json\/wp\/v2\/product"}],"about":[{"href":"https:\/\/product-guide.org\/en\/wp-json\/wp\/v2\/types\/product"}],"wp:featuredmedia":[{"embeddable":true,"href":"https:\/\/product-guide.org\/en\/wp-json\/wp\/v2\/media\/46897"}],"wp:attachment":[{"href":"https:\/\/product-guide.org\/en\/wp-json\/wp\/v2\/media?parent=46898"}],"wp:term":[{"taxonomy":"store","embeddable":true,"href":"https:\/\/product-guide.org\/en\/wp-json\/wp\/v2\/store?post=46898"},{"taxonomy":"product_brand","embeddable":true,"href":"https:\/\/product-guide.org\/en\/wp-json\/wp\/v2\/product_brand?post=46898"},{"taxonomy":"product_cat","embeddable":true,"href":"https:\/\/product-guide.org\/en\/wp-json\/wp\/v2\/product_cat?post=46898"},{"taxonomy":"product_tag","embeddable":true,"href":"https:\/\/product-guide.org\/en\/wp-json\/wp\/v2\/product_tag?post=46898"}],"curies":[{"name":"wp","href":"https:\/\/api.w.org\/{rel}","templated":true}]}}